{"id":94132,"date":"2025-06-03T18:37:20","date_gmt":"2025-06-03T15:37:20","guid":{"rendered":"https:\/\/gohike.lv\/?post_type=product&#038;p=94132"},"modified":"2025-12-30T17:09:50","modified_gmt":"2025-12-30T14:09:50","slug":"cocoon-insect-shield-kokvilna-iekspalags","status":"publish","type":"product","link":"https:\/\/gohike.lv\/ru\/produkts\/cocoon-insect-shield-kokvilna-iekspalags\/","title":{"rendered":"Cocoon &#8212; Insect Shield kokvilna iek\u0161palags"},"content":{"rendered":"<p>Cocoon Travelsheet Insect Shield 100% kokvilna ir viegla un elpojo\u0161a gu\u013cammaisa ieliktnis, kas apstr\u0101d\u0101ts ar Insect Shield\u00ae tehnolo\u0123iju, nodro\u0161inot aizsardz\u012bbu pret odiem, \u0113rc\u0113m, blus\u0101m un citiem kod\u012bgiem kukai\u0146iem. Tas ir ide\u0101li piem\u0113rots ce\u013cot\u0101jiem, mugursomniekiem un kempinga entuziastiem, \u012bpa\u0161i apgabalos, kur kukai\u0146i var p\u0101rn\u0113s\u0101t slim\u012bbas, piem\u0113ram, mal\u0101riju vai Laimas slim\u012bbu.<br \/>\nIzgatavots no 100% kokvilnas, \u0161is ieliktnis ir m\u012bksts un pat\u012bkams piesk\u0101rienam, nodro\u0161inot komfortu pat silt\u0101 klimat\u0101. Insect Shield\u00ae apstr\u0101de ir bezkr\u0101saina un bez smar\u017eas, efekt\u012bva l\u012bdz pat 70 mazg\u0101\u0161anas reiz\u0113m, pied\u0101v\u0101jot ilgsto\u0161u aizsardz\u012bbu bez nepiecie\u0161am\u012bbas uzkl\u0101t \u0137\u012bmiskas vielas tie\u0161i uz \u0101das.<br \/>\nGalven\u0101s \u012bpa\u0161\u012bbas:<br \/>\nIzm\u0113rs: 210 x 82 cm<br \/>\nSvars: 410 g<br \/>\nIepakojuma izm\u0113rs: 19 x 10 cm<br \/>\nPapildu siltums gu\u013cammaisam: l\u012bdz +2,9 \u00b0C<br \/>\nS\u0101nu atv\u0113rums ar Velcro\u00ae aizdari \u0113rtai iek\u013c\u016b\u0161anai un izk\u013c\u016b\u0161anai<br \/>\nIek\u0161\u0113j\u0101 kabata spilvenam papildu komfortam<br \/>\nDivk\u0101r\u0161i \u0161\u016btas, pastiprin\u0101tas \u0161uves ilgm\u016b\u017e\u012bbai<br \/>\nMazg\u0101\u0161ana: ma\u0161\u012bn\u0101 (40\u00b0C), iesp\u0113jama \u017e\u0101v\u0113\u0161ana un gludin\u0101\u0161ana<br \/>\nfreshairjunkie.co.uk<br \/>\n\u0160is ieliktnis ir kompakts un viegls, padarot to par ide\u0101lu izv\u0113li ce\u013cot\u0101jiem, kas v\u0113las ce\u013cot ar minim\u0101lu bag\u0101\u017eu. Tas nodro\u0161ina higi\u0113nisku papildu sl\u0101ni gu\u013cammaisos vai gult\u0101s hoste\u013cos, viesn\u012bc\u0101s vai br\u012bv\u0101 dab\u0101.<\/p>\n","protected":false},"excerpt":{"rendered":"<p>Viegls un elpojo\u0161s gu\u013cammaisa ieliktnis ar Insect Shield\u00ae tehnolo\u0123iju, kas nodro\u0161ina ilgsto\u0161u aizsardz\u012bbu pret kukai\u0146iem. Izgatavots no 100% kokvilnas, ide\u0101li piem\u0113rots ce\u013cot\u0101jiem un kempinga entuziastiem.<\/p>\n","protected":false},"featured_media":94133,"template":"","meta":[],"product_brand":[15062],"product_cat":[1888],"product_tag":[],"class_list":{"0":"post-94132","1":"product","2":"type-product","3":"status-publish","4":"has-post-thumbnail","6":"product_brand-cooon","7":"product_cat-gulammaisi","8":"pa_izmeriscm-13181","9":"pa_materiali-100-kokvilna","10":"pa_produkta-tips-iekspalagi","11":"pa_saliktas-preces-izmerscm-13180","13":"first","14":"instock","15":"taxable","16":"shipping-taxable","17":"purchasable","18":"product-type-simple"},"raw_content":{"name":"Cocoon - Insect Shield kokvilna iek\u0161palags","description":"Cocoon Travelsheet Insect Shield 100% kokvilna ir viegla un elpojo\u0161a gu\u013cammaisa ieliktnis, kas apstr\u0101d\u0101ts ar Insect Shield\u00ae tehnolo\u0123iju, nodro\u0161inot aizsardz\u012bbu pret odiem, \u0113rc\u0113m, blus\u0101m un citiem kod\u012bgiem kukai\u0146iem. Tas ir ide\u0101li piem\u0113rots ce\u013cot\u0101jiem, mugursomniekiem un kempinga entuziastiem, \u012bpa\u0161i apgabalos, kur kukai\u0146i var p\u0101rn\u0113s\u0101t slim\u012bbas, piem\u0113ram, mal\u0101riju vai Laimas slim\u012bbu.\nIzgatavots no 100% kokvilnas, \u0161is ieliktnis ir m\u012bksts un pat\u012bkams piesk\u0101rienam, nodro\u0161inot komfortu pat silt\u0101 klimat\u0101. Insect Shield\u00ae apstr\u0101de ir bezkr\u0101saina un bez smar\u017eas, efekt\u012bva l\u012bdz pat 70 mazg\u0101\u0161anas reiz\u0113m, pied\u0101v\u0101jot ilgsto\u0161u aizsardz\u012bbu bez nepiecie\u0161am\u012bbas uzkl\u0101t \u0137\u012bmiskas vielas tie\u0161i uz \u0101das.\nGalven\u0101s \u012bpa\u0161\u012bbas:\nIzm\u0113rs: 210 x 82 cm\nSvars: 410 g\nIepakojuma izm\u0113rs: 19 x 10 cm\nPapildu siltums gu\u013cammaisam: l\u012bdz +2,9 \u00b0C\nS\u0101nu atv\u0113rums ar Velcro\u00ae aizdari \u0113rtai iek\u013c\u016b\u0161anai un izk\u013c\u016b\u0161anai\nIek\u0161\u0113j\u0101 kabata spilvenam papildu komfortam\nDivk\u0101r\u0161i \u0161\u016btas, pastiprin\u0101tas \u0161uves ilgm\u016b\u017e\u012bbai\nMazg\u0101\u0161ana: ma\u0161\u012bn\u0101 (40\u00b0C), iesp\u0113jama \u017e\u0101v\u0113\u0161ana un gludin\u0101\u0161ana\nfreshairjunkie.co.uk\n\u0160is ieliktnis ir kompakts un viegls, padarot to par ide\u0101lu izv\u0113li ce\u013cot\u0101jiem, kas v\u0113las ce\u013cot ar minim\u0101lu bag\u0101\u017eu. Tas nodro\u0161ina higi\u0113nisku papildu sl\u0101ni gu\u013cammaisos vai gult\u0101s hoste\u013cos, viesn\u012bc\u0101s vai br\u012bv\u0101 dab\u0101.","short_description":"Viegls un elpojo\u0161s gu\u013cammaisa ieliktnis ar Insect Shield\u00ae tehnolo\u0123iju, kas nodro\u0161ina ilgsto\u0161u aizsardz\u012bbu pret kukai\u0146iem. Izgatavots no 100% kokvilnas, ide\u0101li piem\u0113rots ce\u013cot\u0101jiem un kempinga entuziastiem.","status":"publish","sku":"799696115937","original":94132},"wpml":{"translation_type":1,"has_translations":true,"original":94132,"duplicates":[],"translations":{"lv":94132,"en":94152,"ru":null}},"supplier_id":null,"supplier_sku":"","barcode":null,"atum_controlled":true,"out_stock_date":null,"out_stock_threshold":null,"inheritable":false,"inbound_stock":0,"stock_on_hold":0,"sold_today":0,"sales_last_days":0,"reserved_stock":0,"customer_returns":0,"warehouse_damage":0,"lost_in_post":0,"other_logs":0,"out_stock_days":0,"lost_sales":0,"has_location":false,"update_date":"2025-12-30T14:13:25","atum_locations":[],"atum_stock_status":"instock","restock_status":false,"low_stock_amount":"","sales_update_date":"2025-11-13T14:08:12","calc_backorders":null,"yoast_head":"<!-- This site is optimized with the Yoast SEO plugin v27.3 - https:\/\/yoast.com\/product\/yoast-seo-wordpress\/ -->\n<title>Cocoon - Insect Shield kokvilna iek\u0161palags - GoHike<\/title>\n<meta name=\"description\" content=\"Viegls un elpojo\u0161s gu\u013cammaisa ieliktnis ar Insect Shield\u00ae tehnolo\u0123iju, kas nodro\u0161ina ilgsto\u0161u aizsardz\u012bbu pret kukai\u0146iem. Izgatavots no 100% kokvilnas, ide\u0101li piem\u0113rots ce\u013cot\u0101jiem un kempinga entuziastiem.\" \/>\n<meta name=\"robots\" content=\"index, follow, max-snippet:-1, max-image-preview:large, max-video-preview:-1\" \/>\n<link rel=\"canonical\" href=\"https:\/\/gohike.lv\/ru\/produkts\/cocoon-insect-shield-kokvilna-iekspalags\/\" \/>\n<meta property=\"og:locale\" content=\"ru_RU\" \/>\n<meta property=\"og:type\" content=\"article\" \/>\n<meta property=\"og:title\" content=\"Cocoon - Insect Shield kokvilna iek\u0161palags - GoHike\" \/>\n<meta property=\"og:description\" content=\"Viegls un elpojo\u0161s gu\u013cammaisa ieliktnis ar Insect Shield\u00ae tehnolo\u0123iju, kas nodro\u0161ina ilgsto\u0161u aizsardz\u012bbu pret kukai\u0146iem. Izgatavots no 100% kokvilnas, ide\u0101li piem\u0113rots ce\u013cot\u0101jiem un kempinga entuziastiem.\" \/>\n<meta property=\"og:url\" content=\"https:\/\/gohike.lv\/ru\/produkts\/cocoon-insect-shield-kokvilna-iekspalags\/\" \/>\n<meta property=\"og:site_name\" content=\"GoHike\" \/>\n<meta property=\"article:publisher\" content=\"https:\/\/www.facebook.com\/gohike.shop\/\" \/>\n<meta property=\"article:modified_time\" content=\"2025-12-30T14:09:50+00:00\" \/>\n<meta property=\"og:image\" content=\"https:\/\/gohike.lv\/wp-content\/uploads\/2025\/06\/Cocoon-Insect-Shield-Cotton-Travel-Sheet-Safari-Grey-ICT90-2x800-1.webp\" \/>\n\t<meta property=\"og:image:width\" content=\"800\" \/>\n\t<meta property=\"og:image:height\" content=\"800\" \/>\n\t<meta property=\"og:image:type\" content=\"image\/webp\" \/>\n<meta name=\"twitter:card\" content=\"summary_large_image\" \/>\n<meta name=\"twitter:label1\" content=\"\u041f\u0440\u0438\u043c\u0435\u0440\u043d\u043e\u0435 \u0432\u0440\u0435\u043c\u044f \u0434\u043b\u044f \u0447\u0442\u0435\u043d\u0438\u044f\" \/>\n\t<meta name=\"twitter:data1\" content=\"2 \u043c\u0438\u043d\u0443\u0442\u0430\" \/>\n<script type=\"application\/ld+json\" class=\"yoast-schema-graph\">{\"@context\":\"https:\\\/\\\/schema.org\",\"@graph\":[{\"@type\":[\"WebPage\",\"ItemPage\"],\"@id\":\"https:\\\/\\\/gohike.lv\\\/ru\\\/produkts\\\/cocoon-insect-shield-kokvilna-iekspalags\\\/\",\"url\":\"https:\\\/\\\/gohike.lv\\\/ru\\\/produkts\\\/cocoon-insect-shield-kokvilna-iekspalags\\\/\",\"name\":\"Cocoon - Insect Shield kokvilna iek\u0161palags - GoHike\",\"isPartOf\":{\"@id\":\"https:\\\/\\\/gohike.lv\\\/ru\\\/#website\"},\"primaryImageOfPage\":{\"@id\":\"https:\\\/\\\/gohike.lv\\\/ru\\\/produkts\\\/cocoon-insect-shield-kokvilna-iekspalags\\\/#primaryimage\"},\"image\":{\"@id\":\"https:\\\/\\\/gohike.lv\\\/ru\\\/produkts\\\/cocoon-insect-shield-kokvilna-iekspalags\\\/#primaryimage\"},\"thumbnailUrl\":\"https:\\\/\\\/gohike.lv\\\/wp-content\\\/uploads\\\/2025\\\/06\\\/Cocoon-Insect-Shield-Cotton-Travel-Sheet-Safari-Grey-ICT90-2x800-1.webp\",\"datePublished\":\"2025-06-03T15:37:20+00:00\",\"dateModified\":\"2025-12-30T14:09:50+00:00\",\"description\":\"Viegls un elpojo\u0161s gu\u013cammaisa ieliktnis ar Insect Shield\u00ae tehnolo\u0123iju, kas nodro\u0161ina ilgsto\u0161u aizsardz\u012bbu pret kukai\u0146iem. Izgatavots no 100% kokvilnas, ide\u0101li piem\u0113rots ce\u013cot\u0101jiem un kempinga entuziastiem.\",\"breadcrumb\":{\"@id\":\"https:\\\/\\\/gohike.lv\\\/ru\\\/produkts\\\/cocoon-insect-shield-kokvilna-iekspalags\\\/#breadcrumb\"},\"inLanguage\":\"ru-RU\",\"potentialAction\":[{\"@type\":\"ReadAction\",\"target\":[\"https:\\\/\\\/gohike.lv\\\/ru\\\/produkts\\\/cocoon-insect-shield-kokvilna-iekspalags\\\/\"]}]},{\"@type\":\"ImageObject\",\"inLanguage\":\"ru-RU\",\"@id\":\"https:\\\/\\\/gohike.lv\\\/ru\\\/produkts\\\/cocoon-insect-shield-kokvilna-iekspalags\\\/#primaryimage\",\"url\":\"https:\\\/\\\/gohike.lv\\\/wp-content\\\/uploads\\\/2025\\\/06\\\/Cocoon-Insect-Shield-Cotton-Travel-Sheet-Safari-Grey-ICT90-2x800-1.webp\",\"contentUrl\":\"https:\\\/\\\/gohike.lv\\\/wp-content\\\/uploads\\\/2025\\\/06\\\/Cocoon-Insect-Shield-Cotton-Travel-Sheet-Safari-Grey-ICT90-2x800-1.webp\",\"width\":800,\"height\":800},{\"@type\":\"BreadcrumbList\",\"@id\":\"https:\\\/\\\/gohike.lv\\\/ru\\\/produkts\\\/cocoon-insect-shield-kokvilna-iekspalags\\\/#breadcrumb\",\"itemListElement\":[{\"@type\":\"ListItem\",\"position\":1,\"name\":\"\u0413\u043b\u0430\u0432\u043d\u0430\u044f\",\"item\":\"https:\\\/\\\/gohike.lv\\\/ru\\\/\"},{\"@type\":\"ListItem\",\"position\":2,\"name\":\"\u041a\u0430\u0442\u0435\u0433\u043e\u0440\u0438\u0438 \u0442\u043e\u0432\u0430\u0440\u043e\u0432\",\"item\":\"https:\\\/\\\/gohike.lv\\\/%d0%ba%d0%b0%d1%82%d0%b5%d0%b3%d0%be%d1%80%d0%b8%d0%b8-%d1%82%d0%be%d0%b2%d0%b0%d1%80%d0%be%d0%b2\\\/\"},{\"@type\":\"ListItem\",\"position\":3,\"name\":\"Cocoon &#8211; Insect Shield kokvilna iek\u0161palags\"}]},{\"@type\":\"WebSite\",\"@id\":\"https:\\\/\\\/gohike.lv\\\/ru\\\/#website\",\"url\":\"https:\\\/\\\/gohike.lv\\\/ru\\\/\",\"name\":\"GoHike\",\"description\":\"\",\"publisher\":{\"@id\":\"https:\\\/\\\/gohike.lv\\\/ru\\\/#organization\"},\"potentialAction\":[{\"@type\":\"SearchAction\",\"target\":{\"@type\":\"EntryPoint\",\"urlTemplate\":\"https:\\\/\\\/gohike.lv\\\/ru\\\/?s={search_term_string}\"},\"query-input\":{\"@type\":\"PropertyValueSpecification\",\"valueRequired\":true,\"valueName\":\"search_term_string\"}}],\"inLanguage\":\"ru-RU\"},{\"@type\":\"Organization\",\"@id\":\"https:\\\/\\\/gohike.lv\\\/ru\\\/#organization\",\"name\":\"GoHike\",\"url\":\"https:\\\/\\\/gohike.lv\\\/ru\\\/\",\"logo\":{\"@type\":\"ImageObject\",\"inLanguage\":\"ru-RU\",\"@id\":\"https:\\\/\\\/gohike.lv\\\/ru\\\/#\\\/schema\\\/logo\\\/image\\\/\",\"url\":\"https:\\\/\\\/gohike.lv\\\/wp-content\\\/uploads\\\/2023\\\/08\\\/Logo_GoHike.webp\",\"contentUrl\":\"https:\\\/\\\/gohike.lv\\\/wp-content\\\/uploads\\\/2023\\\/08\\\/Logo_GoHike.webp\",\"width\":512,\"height\":512,\"caption\":\"GoHike\"},\"image\":{\"@id\":\"https:\\\/\\\/gohike.lv\\\/ru\\\/#\\\/schema\\\/logo\\\/image\\\/\"},\"sameAs\":[\"https:\\\/\\\/www.facebook.com\\\/gohike.shop\\\/\",\"https:\\\/\\\/www.instagram.com\\\/gohike.shop\\\/\"]}]}<\/script>\n<!-- \/ Yoast SEO plugin. -->","yoast_head_json":{"title":"Cocoon - Insect Shield kokvilna iek\u0161palags - GoHike","description":"Viegls un elpojo\u0161s gu\u013cammaisa ieliktnis ar Insect Shield\u00ae tehnolo\u0123iju, kas nodro\u0161ina ilgsto\u0161u aizsardz\u012bbu pret kukai\u0146iem. Izgatavots no 100% kokvilnas, ide\u0101li piem\u0113rots ce\u013cot\u0101jiem un kempinga entuziastiem.","robots":{"index":"index","follow":"follow","max-snippet":"max-snippet:-1","max-image-preview":"max-image-preview:large","max-video-preview":"max-video-preview:-1"},"canonical":"https:\/\/gohike.lv\/ru\/produkts\/cocoon-insect-shield-kokvilna-iekspalags\/","og_locale":"ru_RU","og_type":"article","og_title":"Cocoon - Insect Shield kokvilna iek\u0161palags - GoHike","og_description":"Viegls un elpojo\u0161s gu\u013cammaisa ieliktnis ar Insect Shield\u00ae tehnolo\u0123iju, kas nodro\u0161ina ilgsto\u0161u aizsardz\u012bbu pret kukai\u0146iem. Izgatavots no 100% kokvilnas, ide\u0101li piem\u0113rots ce\u013cot\u0101jiem un kempinga entuziastiem.","og_url":"https:\/\/gohike.lv\/ru\/produkts\/cocoon-insect-shield-kokvilna-iekspalags\/","og_site_name":"GoHike","article_publisher":"https:\/\/www.facebook.com\/gohike.shop\/","article_modified_time":"2025-12-30T14:09:50+00:00","og_image":[{"width":800,"height":800,"url":"https:\/\/gohike.lv\/wp-content\/uploads\/2025\/06\/Cocoon-Insect-Shield-Cotton-Travel-Sheet-Safari-Grey-ICT90-2x800-1.webp","type":"image\/webp"}],"twitter_card":"summary_large_image","twitter_misc":{"\u041f\u0440\u0438\u043c\u0435\u0440\u043d\u043e\u0435 \u0432\u0440\u0435\u043c\u044f \u0434\u043b\u044f \u0447\u0442\u0435\u043d\u0438\u044f":"2 \u043c\u0438\u043d\u0443\u0442\u0430"},"schema":{"@context":"https:\/\/schema.org","@graph":[{"@type":["WebPage","ItemPage"],"@id":"https:\/\/gohike.lv\/ru\/produkts\/cocoon-insect-shield-kokvilna-iekspalags\/","url":"https:\/\/gohike.lv\/ru\/produkts\/cocoon-insect-shield-kokvilna-iekspalags\/","name":"Cocoon - Insect Shield kokvilna iek\u0161palags - GoHike","isPartOf":{"@id":"https:\/\/gohike.lv\/ru\/#website"},"primaryImageOfPage":{"@id":"https:\/\/gohike.lv\/ru\/produkts\/cocoon-insect-shield-kokvilna-iekspalags\/#primaryimage"},"image":{"@id":"https:\/\/gohike.lv\/ru\/produkts\/cocoon-insect-shield-kokvilna-iekspalags\/#primaryimage"},"thumbnailUrl":"https:\/\/gohike.lv\/wp-content\/uploads\/2025\/06\/Cocoon-Insect-Shield-Cotton-Travel-Sheet-Safari-Grey-ICT90-2x800-1.webp","datePublished":"2025-06-03T15:37:20+00:00","dateModified":"2025-12-30T14:09:50+00:00","description":"Viegls un elpojo\u0161s gu\u013cammaisa ieliktnis ar Insect Shield\u00ae tehnolo\u0123iju, kas nodro\u0161ina ilgsto\u0161u aizsardz\u012bbu pret kukai\u0146iem. Izgatavots no 100% kokvilnas, ide\u0101li piem\u0113rots ce\u013cot\u0101jiem un kempinga entuziastiem.","breadcrumb":{"@id":"https:\/\/gohike.lv\/ru\/produkts\/cocoon-insect-shield-kokvilna-iekspalags\/#breadcrumb"},"inLanguage":"ru-RU","potentialAction":[{"@type":"ReadAction","target":["https:\/\/gohike.lv\/ru\/produkts\/cocoon-insect-shield-kokvilna-iekspalags\/"]}]},{"@type":"ImageObject","inLanguage":"ru-RU","@id":"https:\/\/gohike.lv\/ru\/produkts\/cocoon-insect-shield-kokvilna-iekspalags\/#primaryimage","url":"https:\/\/gohike.lv\/wp-content\/uploads\/2025\/06\/Cocoon-Insect-Shield-Cotton-Travel-Sheet-Safari-Grey-ICT90-2x800-1.webp","contentUrl":"https:\/\/gohike.lv\/wp-content\/uploads\/2025\/06\/Cocoon-Insect-Shield-Cotton-Travel-Sheet-Safari-Grey-ICT90-2x800-1.webp","width":800,"height":800},{"@type":"BreadcrumbList","@id":"https:\/\/gohike.lv\/ru\/produkts\/cocoon-insect-shield-kokvilna-iekspalags\/#breadcrumb","itemListElement":[{"@type":"ListItem","position":1,"name":"\u0413\u043b\u0430\u0432\u043d\u0430\u044f","item":"https:\/\/gohike.lv\/ru\/"},{"@type":"ListItem","position":2,"name":"\u041a\u0430\u0442\u0435\u0433\u043e\u0440\u0438\u0438 \u0442\u043e\u0432\u0430\u0440\u043e\u0432","item":"https:\/\/gohike.lv\/%d0%ba%d0%b0%d1%82%d0%b5%d0%b3%d0%be%d1%80%d0%b8%d0%b8-%d1%82%d0%be%d0%b2%d0%b0%d1%80%d0%be%d0%b2\/"},{"@type":"ListItem","position":3,"name":"Cocoon &#8211; Insect Shield kokvilna iek\u0161palags"}]},{"@type":"WebSite","@id":"https:\/\/gohike.lv\/ru\/#website","url":"https:\/\/gohike.lv\/ru\/","name":"GoHike","description":"","publisher":{"@id":"https:\/\/gohike.lv\/ru\/#organization"},"potentialAction":[{"@type":"SearchAction","target":{"@type":"EntryPoint","urlTemplate":"https:\/\/gohike.lv\/ru\/?s={search_term_string}"},"query-input":{"@type":"PropertyValueSpecification","valueRequired":true,"valueName":"search_term_string"}}],"inLanguage":"ru-RU"},{"@type":"Organization","@id":"https:\/\/gohike.lv\/ru\/#organization","name":"GoHike","url":"https:\/\/gohike.lv\/ru\/","logo":{"@type":"ImageObject","inLanguage":"ru-RU","@id":"https:\/\/gohike.lv\/ru\/#\/schema\/logo\/image\/","url":"https:\/\/gohike.lv\/wp-content\/uploads\/2023\/08\/Logo_GoHike.webp","contentUrl":"https:\/\/gohike.lv\/wp-content\/uploads\/2023\/08\/Logo_GoHike.webp","width":512,"height":512,"caption":"GoHike"},"image":{"@id":"https:\/\/gohike.lv\/ru\/#\/schema\/logo\/image\/"},"sameAs":["https:\/\/www.facebook.com\/gohike.shop\/","https:\/\/www.instagram.com\/gohike.shop\/"]}]}},"jetpack_sharing_enabled":true,"_links":{"self":[{"href":"https:\/\/gohike.lv\/ru\/wp-json\/wp\/v2\/product\/94132","targetHints":{"allow":["GET"]}}],"collection":[{"href":"https:\/\/gohike.lv\/ru\/wp-json\/wp\/v2\/product"}],"about":[{"href":"https:\/\/gohike.lv\/ru\/wp-json\/wp\/v2\/types\/product"}],"version-history":[{"count":0,"href":"https:\/\/gohike.lv\/ru\/wp-json\/wp\/v2\/product\/94132\/revisions"}],"wp:featuredmedia":[{"embeddable":true,"href":"https:\/\/gohike.lv\/ru\/wp-json\/wp\/v2\/media\/94133"}],"wp:attachment":[{"href":"https:\/\/gohike.lv\/ru\/wp-json\/wp\/v2\/media?parent=94132"}],"wp:term":[{"taxonomy":"product_brand","embeddable":true,"href":"https:\/\/gohike.lv\/ru\/wp-json\/wp\/v2\/product_brand?post=94132"},{"taxonomy":"product_cat","embeddable":true,"href":"https:\/\/gohike.lv\/ru\/wp-json\/wp\/v2\/product_cat?post=94132"},{"taxonomy":"product_tag","embeddable":true,"href":"https:\/\/gohike.lv\/ru\/wp-json\/wp\/v2\/product_tag?post=94132"}],"curies":[{"name":"wp","href":"https:\/\/api.w.org\/{rel}","templated":true}]}}