{"id":92788,"date":"2025-05-13T12:51:20","date_gmt":"2025-05-13T09:51:20","guid":{"rendered":"https:\/\/gohike.lv\/?post_type=product&#038;p=92788"},"modified":"2026-03-21T20:07:08","modified_gmt":"2026-03-21T17:07:08","slug":"harchifood-kartupeli","status":"publish","type":"product","link":"https:\/\/gohike.lv\/ru\/produkts\/harchifood-kartupeli\/","title":{"rendered":"HARCHIFOOD &#8212; Kartupe\u013ci ar c\u016bkga\u013cu un d\u0101rze\u0146iem. Dehidr\u0113ta."},"content":{"rendered":"<p>Uzturv\u0113rt\u012bba 85g:<br \/>\nKalorijas (kKal): 325<br \/>\nKalorijas (kJ): 1359,8<br \/>\nTauki (g): 7<br \/>\nPies\u0101tin\u0101tie tauki (g): 3<br \/>\nTranstauki (g): 0<br \/>\nOg\u013chidr\u0101ti (g): 58<br \/>\nDi\u0113tisk\u0101s \u0161\u0137iedras (g): 5<br \/>\nCukuri (g): 7<br \/>\nOlbaltumvielas (g): 9<br \/>\nS\u0101ls (g): 1,39<br \/>\nUzturv\u0113rt\u012bba 100g:<br \/>\nKalorijas (kKal): 382<br \/>\nKalorijas (kJ): 1598,29<br \/>\nTauki (g): 8<br \/>\nPies\u0101tin\u0101tie tauki (g): 3<br \/>\nTranstauki (g): 0<br \/>\nOg\u013chidr\u0101ti (g): 68<br \/>\nDi\u0113tisk\u0101s \u0161\u0137iedras (g): 5<br \/>\nCukuri (g): 9<br \/>\nOlbaltumvielas (g): 11<br \/>\nS\u0101ls (g): 1,64<br \/>\nUzglab\u0101t v\u0113s\u0101, saus\u0101 viet\u0101 1 (vienu) gadu \u2013 bez sk\u0101bek\u013ca absorb\u0113t\u0101ja, 3 (tr\u012bs) gadus \u2013 ar sk\u0101bek\u013ca absorb\u0113t\u0101ju.<br \/>\nPagatavo\u0161ana: maisi\u0146\u0101 pievienot 250 ml verdo\u0161a \u016bdens, samais\u012bt un aizv\u0113rt iepakojumu. Gatavs \u0113\u0161anai p\u0113c 10 min\u016bt\u0113m.<\/p>\n","protected":false},"excerpt":{"rendered":"<p>Sast\u0101vda\u013cas: kartupe\u013cu p\u0101rslas (70%), kalt\u0113tas: v\u0101r\u012bta c\u016bkga\u013ca (12%), piens, s\u012bpoli, di\u013c\u013ci, gar\u0161vielas, s\u0101ls. Izcelsmes valsts: Ukraina<\/p>\n","protected":false},"featured_media":92791,"template":"","meta":[],"product_brand":[615],"product_cat":[896],"product_tag":[],"class_list":{"0":"post-92788","1":"product","2":"type-product","3":"status-publish","4":"has-post-thumbnail","6":"product_brand-harchifood-lv","7":"product_cat-turistu-partika-un-dzerieni","8":"pa_izmeriscm-10424","9":"pa_neto-svars-85g","10":"pa_produkta-tips-pamatedieni","11":"pa_produkta-veids-dehidreta-partika","13":"first","14":"instock","15":"taxable","16":"shipping-taxable","17":"purchasable","18":"product-type-simple"},"raw_content":{"name":"HARCHIFOOD - Kartupe\u013ci ar c\u016bkga\u013cu un d\u0101rze\u0146iem. Dehidr\u0113ta.","description":"Uzturv\u0113rt\u012bba 85g:\nKalorijas (kKal): 325\nKalorijas (kJ): 1359,8\nTauki (g): 7\nPies\u0101tin\u0101tie tauki (g): 3\nTranstauki (g): 0\nOg\u013chidr\u0101ti (g): 58\nDi\u0113tisk\u0101s \u0161\u0137iedras (g): 5\nCukuri (g): 7\nOlbaltumvielas (g): 9\nS\u0101ls (g): 1,39\nUzturv\u0113rt\u012bba 100g:\nKalorijas (kKal): 382\nKalorijas (kJ): 1598,29\nTauki (g): 8\nPies\u0101tin\u0101tie tauki (g): 3\nTranstauki (g): 0\nOg\u013chidr\u0101ti (g): 68\nDi\u0113tisk\u0101s \u0161\u0137iedras (g): 5\nCukuri (g): 9\nOlbaltumvielas (g): 11\nS\u0101ls (g): 1,64\nUzglab\u0101t v\u0113s\u0101, saus\u0101 viet\u0101 1 (vienu) gadu \u2013 bez sk\u0101bek\u013ca absorb\u0113t\u0101ja, 3 (tr\u012bs) gadus \u2013 ar sk\u0101bek\u013ca absorb\u0113t\u0101ju.\nPagatavo\u0161ana: maisi\u0146\u0101 pievienot 250 ml verdo\u0161a \u016bdens, samais\u012bt un aizv\u0113rt iepakojumu. Gatavs \u0113\u0161anai p\u0113c 10 min\u016bt\u0113m.","short_description":"Sast\u0101vda\u013cas: kartupe\u013cu p\u0101rslas (70%), kalt\u0113tas: v\u0101r\u012bta c\u016bkga\u013ca (12%), piens, s\u012bpoli, di\u013c\u013ci, gar\u0161vielas, s\u0101ls. Izcelsmes valsts: Ukraina","status":"publish","sku":"4820445722178","original":92788},"wpml":{"translation_type":0,"has_translations":false,"original":92788,"duplicates":[],"translations":{"lv":92788,"en":null,"ru":null}},"supplier_id":null,"supplier_sku":"","barcode":null,"atum_controlled":true,"out_stock_date":null,"out_stock_threshold":null,"inheritable":false,"inbound_stock":0,"stock_on_hold":0,"sold_today":0,"sales_last_days":2,"reserved_stock":0,"customer_returns":0,"warehouse_damage":0,"lost_in_post":0,"other_logs":0,"out_stock_days":0,"lost_sales":0,"has_location":false,"update_date":"2026-03-24T13:49:37","atum_locations":[],"atum_stock_status":"instock","restock_status":false,"low_stock_amount":"","sales_update_date":"2026-03-24T13:49:37","calc_backorders":null,"yoast_head":"<!-- This site is optimized with the Yoast SEO plugin v27.3 - https:\/\/yoast.com\/product\/yoast-seo-wordpress\/ -->\n<title>HARCHIFOOD - Kartupe\u013ci ar c\u016bkga\u013cu un d\u0101rze\u0146iem. Dehidr\u0113ta. - GoHike<\/title>\n<meta name=\"description\" content=\"Sast\u0101vda\u013cas: kartupe\u013cu p\u0101rslas (70%), kalt\u0113tas: v\u0101r\u012bta c\u016bkga\u013ca (12%), piens, s\u012bpoli, di\u013c\u013ci, gar\u0161vielas, s\u0101ls.\" \/>\n<meta name=\"robots\" content=\"index, follow, max-snippet:-1, max-image-preview:large, max-video-preview:-1\" \/>\n<link rel=\"canonical\" href=\"https:\/\/gohike.lv\/ru\/produkts\/harchifood-kartupeli\/\" \/>\n<meta property=\"og:locale\" content=\"ru_RU\" \/>\n<meta property=\"og:type\" content=\"article\" \/>\n<meta property=\"og:title\" content=\"HARCHIFOOD - Kartupe\u013ci ar c\u016bkga\u013cu un d\u0101rze\u0146iem. Dehidr\u0113ta. - GoHike\" \/>\n<meta property=\"og:description\" content=\"Sast\u0101vda\u013cas: kartupe\u013cu p\u0101rslas (70%), kalt\u0113tas: v\u0101r\u012bta c\u016bkga\u013ca (12%), piens, s\u012bpoli, di\u013c\u013ci, gar\u0161vielas, s\u0101ls.\" \/>\n<meta property=\"og:url\" content=\"https:\/\/gohike.lv\/ru\/produkts\/harchifood-kartupeli\/\" \/>\n<meta property=\"og:site_name\" content=\"GoHike\" \/>\n<meta property=\"article:publisher\" content=\"https:\/\/www.facebook.com\/gohike.shop\/\" \/>\n<meta property=\"article:modified_time\" content=\"2026-03-21T17:07:08+00:00\" \/>\n<meta property=\"og:image\" content=\"https:\/\/gohike.lv\/wp-content\/uploads\/2025\/05\/kartoplya_.png\" \/>\n\t<meta property=\"og:image:width\" content=\"1000\" \/>\n\t<meta property=\"og:image:height\" content=\"1000\" \/>\n\t<meta property=\"og:image:type\" content=\"image\/png\" \/>\n<meta name=\"twitter:card\" content=\"summary_large_image\" \/>\n<meta name=\"twitter:label1\" content=\"\u041f\u0440\u0438\u043c\u0435\u0440\u043d\u043e\u0435 \u0432\u0440\u0435\u043c\u044f \u0434\u043b\u044f \u0447\u0442\u0435\u043d\u0438\u044f\" \/>\n\t<meta name=\"twitter:data1\" content=\"1 \u043c\u0438\u043d\u0443\u0442\u0430\" \/>\n<script type=\"application\/ld+json\" class=\"yoast-schema-graph\">{\"@context\":\"https:\\\/\\\/schema.org\",\"@graph\":[{\"@type\":[\"WebPage\",\"ItemPage\"],\"@id\":\"https:\\\/\\\/gohike.lv\\\/ru\\\/produkts\\\/harchifood-kartupeli\\\/\",\"url\":\"https:\\\/\\\/gohike.lv\\\/ru\\\/produkts\\\/harchifood-kartupeli\\\/\",\"name\":\"HARCHIFOOD - Kartupe\u013ci ar c\u016bkga\u013cu un d\u0101rze\u0146iem. Dehidr\u0113ta. - GoHike\",\"isPartOf\":{\"@id\":\"https:\\\/\\\/gohike.lv\\\/ru\\\/#website\"},\"primaryImageOfPage\":{\"@id\":\"https:\\\/\\\/gohike.lv\\\/ru\\\/produkts\\\/harchifood-kartupeli\\\/#primaryimage\"},\"image\":{\"@id\":\"https:\\\/\\\/gohike.lv\\\/ru\\\/produkts\\\/harchifood-kartupeli\\\/#primaryimage\"},\"thumbnailUrl\":\"https:\\\/\\\/gohike.lv\\\/wp-content\\\/uploads\\\/2025\\\/05\\\/kartoplya_.png\",\"datePublished\":\"2025-05-13T09:51:20+00:00\",\"dateModified\":\"2026-03-21T17:07:08+00:00\",\"description\":\"Sast\u0101vda\u013cas: kartupe\u013cu p\u0101rslas (70%), kalt\u0113tas: v\u0101r\u012bta c\u016bkga\u013ca (12%), piens, s\u012bpoli, di\u013c\u013ci, gar\u0161vielas, s\u0101ls.\",\"breadcrumb\":{\"@id\":\"https:\\\/\\\/gohike.lv\\\/ru\\\/produkts\\\/harchifood-kartupeli\\\/#breadcrumb\"},\"inLanguage\":\"ru-RU\",\"potentialAction\":[{\"@type\":\"ReadAction\",\"target\":[\"https:\\\/\\\/gohike.lv\\\/ru\\\/produkts\\\/harchifood-kartupeli\\\/\"]}]},{\"@type\":\"ImageObject\",\"inLanguage\":\"ru-RU\",\"@id\":\"https:\\\/\\\/gohike.lv\\\/ru\\\/produkts\\\/harchifood-kartupeli\\\/#primaryimage\",\"url\":\"https:\\\/\\\/gohike.lv\\\/wp-content\\\/uploads\\\/2025\\\/05\\\/kartoplya_.png\",\"contentUrl\":\"https:\\\/\\\/gohike.lv\\\/wp-content\\\/uploads\\\/2025\\\/05\\\/kartoplya_.png\",\"width\":1000,\"height\":1000},{\"@type\":\"BreadcrumbList\",\"@id\":\"https:\\\/\\\/gohike.lv\\\/ru\\\/produkts\\\/harchifood-kartupeli\\\/#breadcrumb\",\"itemListElement\":[{\"@type\":\"ListItem\",\"position\":1,\"name\":\"\u0413\u043b\u0430\u0432\u043d\u0430\u044f\",\"item\":\"https:\\\/\\\/gohike.lv\\\/ru\\\/\"},{\"@type\":\"ListItem\",\"position\":2,\"name\":\"\u041a\u0430\u0442\u0435\u0433\u043e\u0440\u0438\u0438 \u0442\u043e\u0432\u0430\u0440\u043e\u0432\",\"item\":\"https:\\\/\\\/gohike.lv\\\/%d0%ba%d0%b0%d1%82%d0%b5%d0%b3%d0%be%d1%80%d0%b8%d0%b8-%d1%82%d0%be%d0%b2%d0%b0%d1%80%d0%be%d0%b2\\\/\"},{\"@type\":\"ListItem\",\"position\":3,\"name\":\"HARCHIFOOD &#8211; Kartupe\u013ci ar c\u016bkga\u013cu un d\u0101rze\u0146iem. Dehidr\u0113ta.\"}]},{\"@type\":\"WebSite\",\"@id\":\"https:\\\/\\\/gohike.lv\\\/ru\\\/#website\",\"url\":\"https:\\\/\\\/gohike.lv\\\/ru\\\/\",\"name\":\"GoHike\",\"description\":\"\",\"publisher\":{\"@id\":\"https:\\\/\\\/gohike.lv\\\/ru\\\/#organization\"},\"potentialAction\":[{\"@type\":\"SearchAction\",\"target\":{\"@type\":\"EntryPoint\",\"urlTemplate\":\"https:\\\/\\\/gohike.lv\\\/ru\\\/?s={search_term_string}\"},\"query-input\":{\"@type\":\"PropertyValueSpecification\",\"valueRequired\":true,\"valueName\":\"search_term_string\"}}],\"inLanguage\":\"ru-RU\"},{\"@type\":\"Organization\",\"@id\":\"https:\\\/\\\/gohike.lv\\\/ru\\\/#organization\",\"name\":\"GoHike\",\"url\":\"https:\\\/\\\/gohike.lv\\\/ru\\\/\",\"logo\":{\"@type\":\"ImageObject\",\"inLanguage\":\"ru-RU\",\"@id\":\"https:\\\/\\\/gohike.lv\\\/ru\\\/#\\\/schema\\\/logo\\\/image\\\/\",\"url\":\"https:\\\/\\\/gohike.lv\\\/wp-content\\\/uploads\\\/2023\\\/08\\\/Logo_GoHike.webp\",\"contentUrl\":\"https:\\\/\\\/gohike.lv\\\/wp-content\\\/uploads\\\/2023\\\/08\\\/Logo_GoHike.webp\",\"width\":512,\"height\":512,\"caption\":\"GoHike\"},\"image\":{\"@id\":\"https:\\\/\\\/gohike.lv\\\/ru\\\/#\\\/schema\\\/logo\\\/image\\\/\"},\"sameAs\":[\"https:\\\/\\\/www.facebook.com\\\/gohike.shop\\\/\",\"https:\\\/\\\/www.instagram.com\\\/gohike.shop\\\/\"]}]}<\/script>\n<!-- \/ Yoast SEO plugin. -->","yoast_head_json":{"title":"HARCHIFOOD - Kartupe\u013ci ar c\u016bkga\u013cu un d\u0101rze\u0146iem. Dehidr\u0113ta. - GoHike","description":"Sast\u0101vda\u013cas: kartupe\u013cu p\u0101rslas (70%), kalt\u0113tas: v\u0101r\u012bta c\u016bkga\u013ca (12%), piens, s\u012bpoli, di\u013c\u013ci, gar\u0161vielas, s\u0101ls.","robots":{"index":"index","follow":"follow","max-snippet":"max-snippet:-1","max-image-preview":"max-image-preview:large","max-video-preview":"max-video-preview:-1"},"canonical":"https:\/\/gohike.lv\/ru\/produkts\/harchifood-kartupeli\/","og_locale":"ru_RU","og_type":"article","og_title":"HARCHIFOOD - Kartupe\u013ci ar c\u016bkga\u013cu un d\u0101rze\u0146iem. Dehidr\u0113ta. - GoHike","og_description":"Sast\u0101vda\u013cas: kartupe\u013cu p\u0101rslas (70%), kalt\u0113tas: v\u0101r\u012bta c\u016bkga\u013ca (12%), piens, s\u012bpoli, di\u013c\u013ci, gar\u0161vielas, s\u0101ls.","og_url":"https:\/\/gohike.lv\/ru\/produkts\/harchifood-kartupeli\/","og_site_name":"GoHike","article_publisher":"https:\/\/www.facebook.com\/gohike.shop\/","article_modified_time":"2026-03-21T17:07:08+00:00","og_image":[{"width":1000,"height":1000,"url":"https:\/\/gohike.lv\/wp-content\/uploads\/2025\/05\/kartoplya_.png","type":"image\/png"}],"twitter_card":"summary_large_image","twitter_misc":{"\u041f\u0440\u0438\u043c\u0435\u0440\u043d\u043e\u0435 \u0432\u0440\u0435\u043c\u044f \u0434\u043b\u044f \u0447\u0442\u0435\u043d\u0438\u044f":"1 \u043c\u0438\u043d\u0443\u0442\u0430"},"schema":{"@context":"https:\/\/schema.org","@graph":[{"@type":["WebPage","ItemPage"],"@id":"https:\/\/gohike.lv\/ru\/produkts\/harchifood-kartupeli\/","url":"https:\/\/gohike.lv\/ru\/produkts\/harchifood-kartupeli\/","name":"HARCHIFOOD - Kartupe\u013ci ar c\u016bkga\u013cu un d\u0101rze\u0146iem. Dehidr\u0113ta. - GoHike","isPartOf":{"@id":"https:\/\/gohike.lv\/ru\/#website"},"primaryImageOfPage":{"@id":"https:\/\/gohike.lv\/ru\/produkts\/harchifood-kartupeli\/#primaryimage"},"image":{"@id":"https:\/\/gohike.lv\/ru\/produkts\/harchifood-kartupeli\/#primaryimage"},"thumbnailUrl":"https:\/\/gohike.lv\/wp-content\/uploads\/2025\/05\/kartoplya_.png","datePublished":"2025-05-13T09:51:20+00:00","dateModified":"2026-03-21T17:07:08+00:00","description":"Sast\u0101vda\u013cas: kartupe\u013cu p\u0101rslas (70%), kalt\u0113tas: v\u0101r\u012bta c\u016bkga\u013ca (12%), piens, s\u012bpoli, di\u013c\u013ci, gar\u0161vielas, s\u0101ls.","breadcrumb":{"@id":"https:\/\/gohike.lv\/ru\/produkts\/harchifood-kartupeli\/#breadcrumb"},"inLanguage":"ru-RU","potentialAction":[{"@type":"ReadAction","target":["https:\/\/gohike.lv\/ru\/produkts\/harchifood-kartupeli\/"]}]},{"@type":"ImageObject","inLanguage":"ru-RU","@id":"https:\/\/gohike.lv\/ru\/produkts\/harchifood-kartupeli\/#primaryimage","url":"https:\/\/gohike.lv\/wp-content\/uploads\/2025\/05\/kartoplya_.png","contentUrl":"https:\/\/gohike.lv\/wp-content\/uploads\/2025\/05\/kartoplya_.png","width":1000,"height":1000},{"@type":"BreadcrumbList","@id":"https:\/\/gohike.lv\/ru\/produkts\/harchifood-kartupeli\/#breadcrumb","itemListElement":[{"@type":"ListItem","position":1,"name":"\u0413\u043b\u0430\u0432\u043d\u0430\u044f","item":"https:\/\/gohike.lv\/ru\/"},{"@type":"ListItem","position":2,"name":"\u041a\u0430\u0442\u0435\u0433\u043e\u0440\u0438\u0438 \u0442\u043e\u0432\u0430\u0440\u043e\u0432","item":"https:\/\/gohike.lv\/%d0%ba%d0%b0%d1%82%d0%b5%d0%b3%d0%be%d1%80%d0%b8%d0%b8-%d1%82%d0%be%d0%b2%d0%b0%d1%80%d0%be%d0%b2\/"},{"@type":"ListItem","position":3,"name":"HARCHIFOOD &#8211; Kartupe\u013ci ar c\u016bkga\u013cu un d\u0101rze\u0146iem. Dehidr\u0113ta."}]},{"@type":"WebSite","@id":"https:\/\/gohike.lv\/ru\/#website","url":"https:\/\/gohike.lv\/ru\/","name":"GoHike","description":"","publisher":{"@id":"https:\/\/gohike.lv\/ru\/#organization"},"potentialAction":[{"@type":"SearchAction","target":{"@type":"EntryPoint","urlTemplate":"https:\/\/gohike.lv\/ru\/?s={search_term_string}"},"query-input":{"@type":"PropertyValueSpecification","valueRequired":true,"valueName":"search_term_string"}}],"inLanguage":"ru-RU"},{"@type":"Organization","@id":"https:\/\/gohike.lv\/ru\/#organization","name":"GoHike","url":"https:\/\/gohike.lv\/ru\/","logo":{"@type":"ImageObject","inLanguage":"ru-RU","@id":"https:\/\/gohike.lv\/ru\/#\/schema\/logo\/image\/","url":"https:\/\/gohike.lv\/wp-content\/uploads\/2023\/08\/Logo_GoHike.webp","contentUrl":"https:\/\/gohike.lv\/wp-content\/uploads\/2023\/08\/Logo_GoHike.webp","width":512,"height":512,"caption":"GoHike"},"image":{"@id":"https:\/\/gohike.lv\/ru\/#\/schema\/logo\/image\/"},"sameAs":["https:\/\/www.facebook.com\/gohike.shop\/","https:\/\/www.instagram.com\/gohike.shop\/"]}]}},"jetpack_sharing_enabled":true,"_links":{"self":[{"href":"https:\/\/gohike.lv\/ru\/wp-json\/wp\/v2\/product\/92788","targetHints":{"allow":["GET"]}}],"collection":[{"href":"https:\/\/gohike.lv\/ru\/wp-json\/wp\/v2\/product"}],"about":[{"href":"https:\/\/gohike.lv\/ru\/wp-json\/wp\/v2\/types\/product"}],"version-history":[{"count":2,"href":"https:\/\/gohike.lv\/ru\/wp-json\/wp\/v2\/product\/92788\/revisions"}],"predecessor-version":[{"id":119623,"href":"https:\/\/gohike.lv\/ru\/wp-json\/wp\/v2\/product\/92788\/revisions\/119623"}],"wp:featuredmedia":[{"embeddable":true,"href":"https:\/\/gohike.lv\/ru\/wp-json\/wp\/v2\/media\/92791"}],"wp:attachment":[{"href":"https:\/\/gohike.lv\/ru\/wp-json\/wp\/v2\/media?parent=92788"}],"wp:term":[{"taxonomy":"product_brand","embeddable":true,"href":"https:\/\/gohike.lv\/ru\/wp-json\/wp\/v2\/product_brand?post=92788"},{"taxonomy":"product_cat","embeddable":true,"href":"https:\/\/gohike.lv\/ru\/wp-json\/wp\/v2\/product_cat?post=92788"},{"taxonomy":"product_tag","embeddable":true,"href":"https:\/\/gohike.lv\/ru\/wp-json\/wp\/v2\/product_tag?post=92788"}],"curies":[{"name":"wp","href":"https:\/\/api.w.org\/{rel}","templated":true}]}}