{"id":89096,"date":"2025-04-16T14:24:27","date_gmt":"2025-04-16T11:24:27","guid":{"rendered":"https:\/\/gohike.lv\/?post_type=product&#038;p=89096"},"modified":"2025-10-15T23:13:51","modified_gmt":"2025-10-15T20:13:51","slug":"primus-ultraviegls-pargajienu-galda-piederumu-komplekts-nazis-daksina-karote","status":"publish","type":"product","link":"https:\/\/gohike.lv\/ru\/produkts\/primus-ultraviegls-pargajienu-galda-piederumu-komplekts-nazis-daksina-karote\/","title":{"rendered":"Primus &#8212; Ultraviegls p\u0101rg\u0101jienu galda piederumu komplekts (nazis, dak\u0161i\u0146a, karote)"},"content":{"rendered":"<p>\u0160is ultravieglais piederumu komplekts ir ide\u0101ls risin\u0101jums t\u016bristiem un piedz\u012bvojumu mekl\u0113t\u0101jiem, kam svar\u012bgs ir katrs grams. Komplekt\u0101 ietilpst pilnv\u0113rt\u012bgs nazis, dak\u0161i\u0146a un karote, kas kop\u0101 sver tikai 23 gramus.<br \/>\nPiederumi izgatavoti no augstas kvalit\u0101tes Tritan plastmasas \u2013 nesatur BPA, kas nodro\u0161ina:<br \/>\n\u2022\tIztur\u012bbu pret augst\u0101m temperat\u016br\u0101m;<br \/>\n\u2022\tVieglu svaru;<br \/>\n\u2022\tDro\u0161u lieto\u0161anu ar p\u0101rtiku;<br \/>\n\u2022\tIztur\u012bbu pret skr\u0101p\u0113jumiem.<br \/>\nKomplekts ir \u012bpa\u0161i kompakts &#8212; visi piederumi viegli savietojas kop\u0101 un tiek nostiprin\u0101ti ar praktisku aukli\u0146u, nodro\u0161inot \u0113rtu transport\u0113\u0161anu un uzglab\u0101\u0161anu.<br \/>\nTehniskie parametri:<br \/>\n\u2022\tSvars: 23 g;<br \/>\n\u2022\tIzm\u0113ri: 177 \u00d7 41 \u00d7 21 mm;<br \/>\n\u2022\tMateri\u0101ls: Tritan\u00ae plastmasa (BPA free);<br \/>\n\u2022\tKr\u0101sa: vair\u0101ki kr\u0101su varianti;<br \/>\n\u2022\tT\u012br\u012b\u0161ana: dro\u0161s mazg\u0101\u0161anai trauku ma\u0161\u012bn\u0101.<br \/>\nPriek\u0161roc\u012bbas:<br \/>\n\u2714 Pilns \u0113din\u0101\u0161anas piederumu komplekts tikai 23 gramos;<br \/>\n\u2714 Izgatavots no augstas kvalit\u0101tes BPA br\u012bva materi\u0101la;<br \/>\n\u2714 Kompakts un viegli p\u0101rvietojams dizains;<br \/>\n\u2714 Iztur\u012bgs un ilgtsp\u0113j\u012bgs.<br \/>\nArtikula kods (SKU): P740580.<br \/>\n\u0160is komplekts ir b\u016btisks jebkura t\u016brista, kempingot\u0101ja vai akt\u012bva atp\u016btnieka apr\u012bkojum\u0101, kas v\u0113rt\u0113 augstu funkcionalit\u0101ti kombin\u0101cij\u0101 ar minim\u0101lu svaru.<\/p>\n","protected":false},"excerpt":{"rendered":"<p>Ultraviegls (23 gramu) komplekts &#8212; nazis, dak\u0161i\u0146a un karote, izgatavots no dro\u0161as Tritan plastmasas \u2013 nesatur BPA.<\/p>\n","protected":false},"featured_media":89103,"template":"","meta":[],"product_brand":[15379],"product_cat":[9447,12743],"product_tag":[],"class_list":{"0":"post-89096","1":"product","2":"type-product","3":"status-publish","4":"has-post-thumbnail","6":"product_brand-primus-ru","7":"product_cat-izpardosana","8":"product_cat-12743","9":"pa_izmeriscm-17-74-12-1","10":"pa_krasa-13429","11":"pa_krasa-13271","12":"pa_materiali-tritans","13":"pa_produkta-tips-12746","15":"first","16":"instock","17":"sale","18":"taxable","19":"shipping-taxable","20":"purchasable","21":"product-type-variable"},"raw_content":{"name":"Primus - Ultraviegls p\u0101rg\u0101jienu galda piederumu komplekts (nazis, dak\u0161i\u0146a, karote)","description":"\u0160is ultravieglais piederumu komplekts ir ide\u0101ls risin\u0101jums t\u016bristiem un piedz\u012bvojumu mekl\u0113t\u0101jiem, kam svar\u012bgs ir katrs grams. Komplekt\u0101 ietilpst pilnv\u0113rt\u012bgs nazis, dak\u0161i\u0146a un karote, kas kop\u0101 sver tikai 23 gramus.\r\nPiederumi izgatavoti no augstas kvalit\u0101tes Tritan plastmasas \u2013 nesatur BPA, kas nodro\u0161ina:\r\n\u2022\tIztur\u012bbu pret augst\u0101m temperat\u016br\u0101m;\r\n\u2022\tVieglu svaru;\r\n\u2022\tDro\u0161u lieto\u0161anu ar p\u0101rtiku;\r\n\u2022\tIztur\u012bbu pret skr\u0101p\u0113jumiem.\r\nKomplekts ir \u012bpa\u0161i kompakts - visi piederumi viegli savietojas kop\u0101 un tiek nostiprin\u0101ti ar praktisku aukli\u0146u, nodro\u0161inot \u0113rtu transport\u0113\u0161anu un uzglab\u0101\u0161anu.\r\nTehniskie parametri:\r\n\u2022\tSvars: 23 g;\r\n\u2022\tIzm\u0113ri: 177 \u00d7 41 \u00d7 21 mm;\r\n\u2022\tMateri\u0101ls: Tritan\u00ae plastmasa (BPA free);\r\n\u2022\tKr\u0101sa: vair\u0101ki kr\u0101su varianti;\r\n\u2022\tT\u012br\u012b\u0161ana: dro\u0161s mazg\u0101\u0161anai trauku ma\u0161\u012bn\u0101.\r\nPriek\u0161roc\u012bbas:\r\n\u2714 Pilns \u0113din\u0101\u0161anas piederumu komplekts tikai 23 gramos;\r\n\u2714 Izgatavots no augstas kvalit\u0101tes BPA br\u012bva materi\u0101la;\r\n\u2714 Kompakts un viegli p\u0101rvietojams dizains;\r\n\u2714 Iztur\u012bgs un ilgtsp\u0113j\u012bgs.\r\nArtikula kods (SKU): P740580.\r\n\u0160is komplekts ir b\u016btisks jebkura t\u016brista, kempingot\u0101ja vai akt\u012bva atp\u016btnieka apr\u012bkojum\u0101, kas v\u0113rt\u0113 augstu funkcionalit\u0101ti kombin\u0101cij\u0101 ar minim\u0101lu svaru.","short_description":"Ultraviegls (23 gramu) komplekts - nazis, dak\u0161i\u0146a un karote, izgatavots no dro\u0161as Tritan plastmasas \u2013 nesatur BPA.","status":"publish","sku":"2BA2-824FDE","original":89096},"wpml":{"translation_type":1,"has_translations":true,"original":89096,"duplicates":[],"translations":{"lv":89096,"en":92546,"ru":null}},"supplier_id":null,"supplier_sku":"","barcode":null,"atum_controlled":true,"out_stock_date":null,"out_stock_threshold":null,"inheritable":true,"inbound_stock":0,"stock_on_hold":0,"sold_today":0,"sales_last_days":0,"reserved_stock":0,"customer_returns":0,"warehouse_damage":0,"lost_in_post":0,"other_logs":0,"out_stock_days":0,"lost_sales":0,"has_location":false,"update_date":"2025-11-13T14:07:21","atum_locations":[],"atum_stock_status":"instock","restock_status":false,"low_stock_amount":"","sales_update_date":"2025-11-13T14:07:21","calc_backorders":null,"yoast_head":"<!-- This site is optimized with the Yoast SEO plugin v27.3 - https:\/\/yoast.com\/product\/yoast-seo-wordpress\/ -->\n<title>Primus - Ultraviegls p\u0101rg\u0101jienu galda piederumu komplekts (nazis, dak\u0161i\u0146a, karote)<\/title>\n<meta name=\"description\" content=\"Ultraviegls (23 gramu) komplekts - nazis, dak\u0161i\u0146a un karote, izgatavots no dro\u0161as Tritan plastmasas \u2013 nesatur BPA.\" \/>\n<meta name=\"robots\" content=\"index, follow, max-snippet:-1, max-image-preview:large, max-video-preview:-1\" \/>\n<link rel=\"canonical\" href=\"https:\/\/gohike.lv\/ru\/produkts\/primus-ultraviegls-pargajienu-galda-piederumu-komplekts-nazis-daksina-karote\/\" \/>\n<meta property=\"og:locale\" content=\"ru_RU\" \/>\n<meta property=\"og:type\" content=\"article\" \/>\n<meta property=\"og:title\" content=\"Primus - Ultraviegls p\u0101rg\u0101jienu galda piederumu komplekts (nazis, dak\u0161i\u0146a, karote)\" \/>\n<meta property=\"og:description\" content=\"Ultraviegls (23 gramu) komplekts - nazis, dak\u0161i\u0146a un karote, izgatavots no dro\u0161as Tritan plastmasas \u2013 nesatur BPA.\" \/>\n<meta property=\"og:url\" content=\"https:\/\/gohike.lv\/ru\/produkts\/primus-ultraviegls-pargajienu-galda-piederumu-komplekts-nazis-daksina-karote\/\" \/>\n<meta property=\"og:site_name\" content=\"GoHike\" \/>\n<meta property=\"article:publisher\" content=\"https:\/\/www.facebook.com\/gohike.shop\/\" \/>\n<meta property=\"article:modified_time\" content=\"2025-10-15T20:13:51+00:00\" \/>\n<meta property=\"og:image\" content=\"https:\/\/gohike.lv\/wp-content\/uploads\/2025\/04\/Cutelerry_black.webp\" \/>\n\t<meta property=\"og:image:width\" content=\"800\" \/>\n\t<meta property=\"og:image:height\" content=\"800\" \/>\n\t<meta property=\"og:image:type\" content=\"image\/webp\" \/>\n<meta name=\"twitter:card\" content=\"summary_large_image\" \/>\n<meta name=\"twitter:label1\" content=\"\u041f\u0440\u0438\u043c\u0435\u0440\u043d\u043e\u0435 \u0432\u0440\u0435\u043c\u044f \u0434\u043b\u044f \u0447\u0442\u0435\u043d\u0438\u044f\" \/>\n\t<meta name=\"twitter:data1\" content=\"2 \u043c\u0438\u043d\u0443\u0442\u0430\" \/>\n<script type=\"application\/ld+json\" class=\"yoast-schema-graph\">{\"@context\":\"https:\\\/\\\/schema.org\",\"@graph\":[{\"@type\":[\"WebPage\",\"ItemPage\"],\"@id\":\"https:\\\/\\\/gohike.lv\\\/ru\\\/produkts\\\/primus-ultraviegls-pargajienu-galda-piederumu-komplekts-nazis-daksina-karote\\\/\",\"url\":\"https:\\\/\\\/gohike.lv\\\/ru\\\/produkts\\\/primus-ultraviegls-pargajienu-galda-piederumu-komplekts-nazis-daksina-karote\\\/\",\"name\":\"Primus - Ultraviegls p\u0101rg\u0101jienu galda piederumu komplekts (nazis, dak\u0161i\u0146a, karote)\",\"isPartOf\":{\"@id\":\"https:\\\/\\\/gohike.lv\\\/ru\\\/#website\"},\"primaryImageOfPage\":{\"@id\":\"https:\\\/\\\/gohike.lv\\\/ru\\\/produkts\\\/primus-ultraviegls-pargajienu-galda-piederumu-komplekts-nazis-daksina-karote\\\/#primaryimage\"},\"image\":{\"@id\":\"https:\\\/\\\/gohike.lv\\\/ru\\\/produkts\\\/primus-ultraviegls-pargajienu-galda-piederumu-komplekts-nazis-daksina-karote\\\/#primaryimage\"},\"thumbnailUrl\":\"https:\\\/\\\/gohike.lv\\\/wp-content\\\/uploads\\\/2025\\\/04\\\/Cutelerry_black.webp\",\"datePublished\":\"2025-04-16T11:24:27+00:00\",\"dateModified\":\"2025-10-15T20:13:51+00:00\",\"description\":\"Ultraviegls (23 gramu) komplekts - nazis, dak\u0161i\u0146a un karote, izgatavots no dro\u0161as Tritan plastmasas \u2013 nesatur BPA.\",\"breadcrumb\":{\"@id\":\"https:\\\/\\\/gohike.lv\\\/ru\\\/produkts\\\/primus-ultraviegls-pargajienu-galda-piederumu-komplekts-nazis-daksina-karote\\\/#breadcrumb\"},\"inLanguage\":\"ru-RU\",\"potentialAction\":[{\"@type\":\"ReadAction\",\"target\":[\"https:\\\/\\\/gohike.lv\\\/ru\\\/produkts\\\/primus-ultraviegls-pargajienu-galda-piederumu-komplekts-nazis-daksina-karote\\\/\"]}]},{\"@type\":\"ImageObject\",\"inLanguage\":\"ru-RU\",\"@id\":\"https:\\\/\\\/gohike.lv\\\/ru\\\/produkts\\\/primus-ultraviegls-pargajienu-galda-piederumu-komplekts-nazis-daksina-karote\\\/#primaryimage\",\"url\":\"https:\\\/\\\/gohike.lv\\\/wp-content\\\/uploads\\\/2025\\\/04\\\/Cutelerry_black.webp\",\"contentUrl\":\"https:\\\/\\\/gohike.lv\\\/wp-content\\\/uploads\\\/2025\\\/04\\\/Cutelerry_black.webp\",\"width\":800,\"height\":800},{\"@type\":\"BreadcrumbList\",\"@id\":\"https:\\\/\\\/gohike.lv\\\/ru\\\/produkts\\\/primus-ultraviegls-pargajienu-galda-piederumu-komplekts-nazis-daksina-karote\\\/#breadcrumb\",\"itemListElement\":[{\"@type\":\"ListItem\",\"position\":1,\"name\":\"\u0413\u043b\u0430\u0432\u043d\u0430\u044f\",\"item\":\"https:\\\/\\\/gohike.lv\\\/ru\\\/\"},{\"@type\":\"ListItem\",\"position\":2,\"name\":\"\u041a\u0430\u0442\u0435\u0433\u043e\u0440\u0438\u0438 \u0442\u043e\u0432\u0430\u0440\u043e\u0432\",\"item\":\"https:\\\/\\\/gohike.lv\\\/%d0%ba%d0%b0%d1%82%d0%b5%d0%b3%d0%be%d1%80%d0%b8%d0%b8-%d1%82%d0%be%d0%b2%d0%b0%d1%80%d0%be%d0%b2\\\/\"},{\"@type\":\"ListItem\",\"position\":3,\"name\":\"Primus &#8211; Ultraviegls p\u0101rg\u0101jienu galda piederumu komplekts (nazis, dak\u0161i\u0146a, karote)\"}]},{\"@type\":\"WebSite\",\"@id\":\"https:\\\/\\\/gohike.lv\\\/ru\\\/#website\",\"url\":\"https:\\\/\\\/gohike.lv\\\/ru\\\/\",\"name\":\"GoHike\",\"description\":\"\",\"publisher\":{\"@id\":\"https:\\\/\\\/gohike.lv\\\/ru\\\/#organization\"},\"potentialAction\":[{\"@type\":\"SearchAction\",\"target\":{\"@type\":\"EntryPoint\",\"urlTemplate\":\"https:\\\/\\\/gohike.lv\\\/ru\\\/?s={search_term_string}\"},\"query-input\":{\"@type\":\"PropertyValueSpecification\",\"valueRequired\":true,\"valueName\":\"search_term_string\"}}],\"inLanguage\":\"ru-RU\"},{\"@type\":\"Organization\",\"@id\":\"https:\\\/\\\/gohike.lv\\\/ru\\\/#organization\",\"name\":\"GoHike\",\"url\":\"https:\\\/\\\/gohike.lv\\\/ru\\\/\",\"logo\":{\"@type\":\"ImageObject\",\"inLanguage\":\"ru-RU\",\"@id\":\"https:\\\/\\\/gohike.lv\\\/ru\\\/#\\\/schema\\\/logo\\\/image\\\/\",\"url\":\"https:\\\/\\\/gohike.lv\\\/wp-content\\\/uploads\\\/2023\\\/08\\\/Logo_GoHike.webp\",\"contentUrl\":\"https:\\\/\\\/gohike.lv\\\/wp-content\\\/uploads\\\/2023\\\/08\\\/Logo_GoHike.webp\",\"width\":512,\"height\":512,\"caption\":\"GoHike\"},\"image\":{\"@id\":\"https:\\\/\\\/gohike.lv\\\/ru\\\/#\\\/schema\\\/logo\\\/image\\\/\"},\"sameAs\":[\"https:\\\/\\\/www.facebook.com\\\/gohike.shop\\\/\",\"https:\\\/\\\/www.instagram.com\\\/gohike.shop\\\/\"]}]}<\/script>\n<!-- \/ Yoast SEO plugin. -->","yoast_head_json":{"title":"Primus - Ultraviegls p\u0101rg\u0101jienu galda piederumu komplekts (nazis, dak\u0161i\u0146a, karote)","description":"Ultraviegls (23 gramu) komplekts - nazis, dak\u0161i\u0146a un karote, izgatavots no dro\u0161as Tritan plastmasas \u2013 nesatur BPA.","robots":{"index":"index","follow":"follow","max-snippet":"max-snippet:-1","max-image-preview":"max-image-preview:large","max-video-preview":"max-video-preview:-1"},"canonical":"https:\/\/gohike.lv\/ru\/produkts\/primus-ultraviegls-pargajienu-galda-piederumu-komplekts-nazis-daksina-karote\/","og_locale":"ru_RU","og_type":"article","og_title":"Primus - Ultraviegls p\u0101rg\u0101jienu galda piederumu komplekts (nazis, dak\u0161i\u0146a, karote)","og_description":"Ultraviegls (23 gramu) komplekts - nazis, dak\u0161i\u0146a un karote, izgatavots no dro\u0161as Tritan plastmasas \u2013 nesatur BPA.","og_url":"https:\/\/gohike.lv\/ru\/produkts\/primus-ultraviegls-pargajienu-galda-piederumu-komplekts-nazis-daksina-karote\/","og_site_name":"GoHike","article_publisher":"https:\/\/www.facebook.com\/gohike.shop\/","article_modified_time":"2025-10-15T20:13:51+00:00","og_image":[{"width":800,"height":800,"url":"https:\/\/gohike.lv\/wp-content\/uploads\/2025\/04\/Cutelerry_black.webp","type":"image\/webp"}],"twitter_card":"summary_large_image","twitter_misc":{"\u041f\u0440\u0438\u043c\u0435\u0440\u043d\u043e\u0435 \u0432\u0440\u0435\u043c\u044f \u0434\u043b\u044f \u0447\u0442\u0435\u043d\u0438\u044f":"2 \u043c\u0438\u043d\u0443\u0442\u0430"},"schema":{"@context":"https:\/\/schema.org","@graph":[{"@type":["WebPage","ItemPage"],"@id":"https:\/\/gohike.lv\/ru\/produkts\/primus-ultraviegls-pargajienu-galda-piederumu-komplekts-nazis-daksina-karote\/","url":"https:\/\/gohike.lv\/ru\/produkts\/primus-ultraviegls-pargajienu-galda-piederumu-komplekts-nazis-daksina-karote\/","name":"Primus - Ultraviegls p\u0101rg\u0101jienu galda piederumu komplekts (nazis, dak\u0161i\u0146a, karote)","isPartOf":{"@id":"https:\/\/gohike.lv\/ru\/#website"},"primaryImageOfPage":{"@id":"https:\/\/gohike.lv\/ru\/produkts\/primus-ultraviegls-pargajienu-galda-piederumu-komplekts-nazis-daksina-karote\/#primaryimage"},"image":{"@id":"https:\/\/gohike.lv\/ru\/produkts\/primus-ultraviegls-pargajienu-galda-piederumu-komplekts-nazis-daksina-karote\/#primaryimage"},"thumbnailUrl":"https:\/\/gohike.lv\/wp-content\/uploads\/2025\/04\/Cutelerry_black.webp","datePublished":"2025-04-16T11:24:27+00:00","dateModified":"2025-10-15T20:13:51+00:00","description":"Ultraviegls (23 gramu) komplekts - nazis, dak\u0161i\u0146a un karote, izgatavots no dro\u0161as Tritan plastmasas \u2013 nesatur BPA.","breadcrumb":{"@id":"https:\/\/gohike.lv\/ru\/produkts\/primus-ultraviegls-pargajienu-galda-piederumu-komplekts-nazis-daksina-karote\/#breadcrumb"},"inLanguage":"ru-RU","potentialAction":[{"@type":"ReadAction","target":["https:\/\/gohike.lv\/ru\/produkts\/primus-ultraviegls-pargajienu-galda-piederumu-komplekts-nazis-daksina-karote\/"]}]},{"@type":"ImageObject","inLanguage":"ru-RU","@id":"https:\/\/gohike.lv\/ru\/produkts\/primus-ultraviegls-pargajienu-galda-piederumu-komplekts-nazis-daksina-karote\/#primaryimage","url":"https:\/\/gohike.lv\/wp-content\/uploads\/2025\/04\/Cutelerry_black.webp","contentUrl":"https:\/\/gohike.lv\/wp-content\/uploads\/2025\/04\/Cutelerry_black.webp","width":800,"height":800},{"@type":"BreadcrumbList","@id":"https:\/\/gohike.lv\/ru\/produkts\/primus-ultraviegls-pargajienu-galda-piederumu-komplekts-nazis-daksina-karote\/#breadcrumb","itemListElement":[{"@type":"ListItem","position":1,"name":"\u0413\u043b\u0430\u0432\u043d\u0430\u044f","item":"https:\/\/gohike.lv\/ru\/"},{"@type":"ListItem","position":2,"name":"\u041a\u0430\u0442\u0435\u0433\u043e\u0440\u0438\u0438 \u0442\u043e\u0432\u0430\u0440\u043e\u0432","item":"https:\/\/gohike.lv\/%d0%ba%d0%b0%d1%82%d0%b5%d0%b3%d0%be%d1%80%d0%b8%d0%b8-%d1%82%d0%be%d0%b2%d0%b0%d1%80%d0%be%d0%b2\/"},{"@type":"ListItem","position":3,"name":"Primus &#8211; Ultraviegls p\u0101rg\u0101jienu galda piederumu komplekts (nazis, dak\u0161i\u0146a, karote)"}]},{"@type":"WebSite","@id":"https:\/\/gohike.lv\/ru\/#website","url":"https:\/\/gohike.lv\/ru\/","name":"GoHike","description":"","publisher":{"@id":"https:\/\/gohike.lv\/ru\/#organization"},"potentialAction":[{"@type":"SearchAction","target":{"@type":"EntryPoint","urlTemplate":"https:\/\/gohike.lv\/ru\/?s={search_term_string}"},"query-input":{"@type":"PropertyValueSpecification","valueRequired":true,"valueName":"search_term_string"}}],"inLanguage":"ru-RU"},{"@type":"Organization","@id":"https:\/\/gohike.lv\/ru\/#organization","name":"GoHike","url":"https:\/\/gohike.lv\/ru\/","logo":{"@type":"ImageObject","inLanguage":"ru-RU","@id":"https:\/\/gohike.lv\/ru\/#\/schema\/logo\/image\/","url":"https:\/\/gohike.lv\/wp-content\/uploads\/2023\/08\/Logo_GoHike.webp","contentUrl":"https:\/\/gohike.lv\/wp-content\/uploads\/2023\/08\/Logo_GoHike.webp","width":512,"height":512,"caption":"GoHike"},"image":{"@id":"https:\/\/gohike.lv\/ru\/#\/schema\/logo\/image\/"},"sameAs":["https:\/\/www.facebook.com\/gohike.shop\/","https:\/\/www.instagram.com\/gohike.shop\/"]}]}},"jetpack_sharing_enabled":true,"_links":{"self":[{"href":"https:\/\/gohike.lv\/ru\/wp-json\/wp\/v2\/product\/89096","targetHints":{"allow":["GET"]}}],"collection":[{"href":"https:\/\/gohike.lv\/ru\/wp-json\/wp\/v2\/product"}],"about":[{"href":"https:\/\/gohike.lv\/ru\/wp-json\/wp\/v2\/types\/product"}],"version-history":[{"count":0,"href":"https:\/\/gohike.lv\/ru\/wp-json\/wp\/v2\/product\/89096\/revisions"}],"wp:featuredmedia":[{"embeddable":true,"href":"https:\/\/gohike.lv\/ru\/wp-json\/wp\/v2\/media\/89103"}],"wp:attachment":[{"href":"https:\/\/gohike.lv\/ru\/wp-json\/wp\/v2\/media?parent=89096"}],"wp:term":[{"taxonomy":"product_brand","embeddable":true,"href":"https:\/\/gohike.lv\/ru\/wp-json\/wp\/v2\/product_brand?post=89096"},{"taxonomy":"product_cat","embeddable":true,"href":"https:\/\/gohike.lv\/ru\/wp-json\/wp\/v2\/product_cat?post=89096"},{"taxonomy":"product_tag","embeddable":true,"href":"https:\/\/gohike.lv\/ru\/wp-json\/wp\/v2\/product_tag?post=89096"}],"curies":[{"name":"wp","href":"https:\/\/api.w.org\/{rel}","templated":true}]}}