{"id":89083,"date":"2025-04-16T14:04:35","date_gmt":"2025-04-16T11:04:35","guid":{"rendered":"https:\/\/gohike.lv\/?post_type=product&#038;p=89083"},"modified":"2026-01-01T19:10:15","modified_gmt":"2026-01-01T16:10:15","slug":"primus-saliekams-spork-edamriks","status":"publish","type":"product","link":"https:\/\/gohike.lv\/ru\/produkts\/primus-saliekams-spork-edamriks\/","title":{"rendered":"Primus &#8212; Saliekams spork \u0113damr\u012bks"},"content":{"rendered":"<p>Ja svars un vietas ietaup\u012b\u0161ana ir svar\u012bga, \u0161is saliekamais komplekts ir izcila izv\u0113le, kas nodro\u0161ina gan \u0113rt\u012bbas, gan funkcionalit\u0101ti.<br \/>\nIzgatavots no PC plastmasas, kas ir iztur\u012bga pret augst\u0101m temperat\u016br\u0101m un neskr\u0101p\u0113 pretpiedeguma virsmas. P\u0113c lieto\u0161anas to var viegli nomazg\u0101t trauku mazg\u0101jamaj\u0101 ma\u0161\u012bn\u0101.<br \/>\n\u012apa\u0161\u012bbas:<br \/>\nVien\u0101 pus\u0113 karote, otr\u0101 \u2013 dak\u0161a;<br \/>\nSaliekams uz pusi, lai ietaup\u012btu vietu;<br \/>\nMazg\u0101jams trauku ma\u0161\u012bn\u0101;<br \/>\nPieejams vair\u0101kos kr\u0101su variantos.<br \/>\nTehniskie parametri:<br \/>\nIzm\u0113ri (cm): 10,5 (garums) \u00d7 2,3 (platums) \u00d7 4 (augstums);<br \/>\nSvars (g): 10;<br \/>\nMateri\u0101ls: PC plastmasa;<br \/>\nArtikula kods (SKU): P740640.<\/p>\n","protected":false},"excerpt":{"rendered":"<p>Viegli un kompakti saliekams komplekts &#8212; karote un dak\u0161a, ide\u0101ls risin\u0101jums kempingam un p\u0101rg\u0101jieniem.<\/p>\n","protected":false},"featured_media":89089,"template":"","meta":[],"product_brand":[15379],"product_cat":[12743],"product_tag":[],"class_list":{"0":"post-89083","1":"product","2":"type-product","3":"status-publish","4":"has-post-thumbnail","6":"product_brand-primus-ru","7":"product_cat-12743","8":"pa_izmeriscm-10-52-34","9":"pa_materiali-pc","10":"pa_produkta-tips-12746","11":"pa_spalva-13311","12":"pa_spalva-sarkans","14":"first","15":"instock","16":"taxable","17":"shipping-taxable","18":"purchasable","19":"product-type-variable"},"raw_content":{"name":"Primus - Saliekams spork \u0113damr\u012bks","description":"Ja svars un vietas ietaup\u012b\u0161ana ir svar\u012bga, \u0161is saliekamais komplekts ir izcila izv\u0113le, kas nodro\u0161ina gan \u0113rt\u012bbas, gan funkcionalit\u0101ti.\nIzgatavots no PC plastmasas, kas ir iztur\u012bga pret augst\u0101m temperat\u016br\u0101m un neskr\u0101p\u0113 pretpiedeguma virsmas. P\u0113c lieto\u0161anas to var viegli nomazg\u0101t trauku mazg\u0101jamaj\u0101 ma\u0161\u012bn\u0101.\n\u012apa\u0161\u012bbas:\nVien\u0101 pus\u0113 karote, otr\u0101 \u2013 dak\u0161a;\nSaliekams uz pusi, lai ietaup\u012btu vietu;\nMazg\u0101jams trauku ma\u0161\u012bn\u0101;\nPieejams vair\u0101kos kr\u0101su variantos.\nTehniskie parametri:\nIzm\u0113ri (cm): 10,5 (garums) \u00d7 2,3 (platums) \u00d7 4 (augstums);\nSvars (g): 10;\nMateri\u0101ls: PC plastmasa;\nArtikula kods (SKU): P740640.","short_description":"Viegli un kompakti saliekams komplekts - karote un dak\u0161a, ide\u0101ls risin\u0101jums kempingam un p\u0101rg\u0101jieniem.","status":"publish","sku":"0ED1-2DC9FF","original":89083},"wpml":{"translation_type":1,"has_translations":true,"original":89083,"duplicates":[],"translations":{"lv":89083,"en":92542,"ru":null}},"supplier_id":null,"supplier_sku":"","barcode":null,"atum_controlled":true,"out_stock_date":null,"out_stock_threshold":null,"inheritable":true,"inbound_stock":0,"stock_on_hold":0,"sold_today":0,"sales_last_days":1,"reserved_stock":0,"customer_returns":0,"warehouse_damage":0,"lost_in_post":0,"other_logs":0,"out_stock_days":0,"lost_sales":0,"has_location":false,"update_date":"2025-12-30T14:30:28","atum_locations":[],"atum_stock_status":"instock","restock_status":false,"low_stock_amount":"","sales_update_date":"2025-11-13T14:07:35","calc_backorders":null,"yoast_head":"<!-- This site is optimized with the Yoast SEO plugin v27.3 - https:\/\/yoast.com\/product\/yoast-seo-wordpress\/ -->\n<title>Primus - Saliekams spork \u0113damr\u012bks<\/title>\n<meta name=\"description\" content=\"Viegli un kompakti saliekams komplekts - karote un dak\u0161a, ide\u0101ls risin\u0101jums kempingam un p\u0101rg\u0101jieniem.\" \/>\n<meta name=\"robots\" content=\"index, follow, max-snippet:-1, max-image-preview:large, max-video-preview:-1\" \/>\n<link rel=\"canonical\" href=\"https:\/\/gohike.lv\/ru\/produkts\/primus-saliekams-spork-edamriks\/\" \/>\n<meta property=\"og:locale\" content=\"ru_RU\" \/>\n<meta property=\"og:type\" content=\"article\" \/>\n<meta property=\"og:title\" content=\"Primus - Saliekams spork \u0113damr\u012bks\" \/>\n<meta property=\"og:description\" content=\"Viegli un kompakti saliekams komplekts - karote un dak\u0161a, ide\u0101ls risin\u0101jums kempingam un p\u0101rg\u0101jieniem.\" \/>\n<meta property=\"og:url\" content=\"https:\/\/gohike.lv\/ru\/produkts\/primus-saliekams-spork-edamriks\/\" \/>\n<meta property=\"og:site_name\" content=\"GoHike\" \/>\n<meta property=\"article:publisher\" content=\"https:\/\/www.facebook.com\/gohike.shop\/\" \/>\n<meta property=\"article:modified_time\" content=\"2026-01-01T16:10:15+00:00\" \/>\n<meta property=\"og:image\" content=\"https:\/\/gohike.lv\/wp-content\/uploads\/2025\/04\/Spork_red.webp\" \/>\n\t<meta property=\"og:image:width\" content=\"800\" \/>\n\t<meta property=\"og:image:height\" content=\"800\" \/>\n\t<meta property=\"og:image:type\" content=\"image\/webp\" \/>\n<meta name=\"twitter:card\" content=\"summary_large_image\" \/>\n<meta name=\"twitter:label1\" content=\"\u041f\u0440\u0438\u043c\u0435\u0440\u043d\u043e\u0435 \u0432\u0440\u0435\u043c\u044f \u0434\u043b\u044f \u0447\u0442\u0435\u043d\u0438\u044f\" \/>\n\t<meta name=\"twitter:data1\" content=\"1 \u043c\u0438\u043d\u0443\u0442\u0430\" \/>\n<script type=\"application\/ld+json\" class=\"yoast-schema-graph\">{\"@context\":\"https:\\\/\\\/schema.org\",\"@graph\":[{\"@type\":[\"WebPage\",\"ItemPage\"],\"@id\":\"https:\\\/\\\/gohike.lv\\\/ru\\\/produkts\\\/primus-saliekams-spork-edamriks\\\/\",\"url\":\"https:\\\/\\\/gohike.lv\\\/ru\\\/produkts\\\/primus-saliekams-spork-edamriks\\\/\",\"name\":\"Primus - Saliekams spork \u0113damr\u012bks\",\"isPartOf\":{\"@id\":\"https:\\\/\\\/gohike.lv\\\/ru\\\/#website\"},\"primaryImageOfPage\":{\"@id\":\"https:\\\/\\\/gohike.lv\\\/ru\\\/produkts\\\/primus-saliekams-spork-edamriks\\\/#primaryimage\"},\"image\":{\"@id\":\"https:\\\/\\\/gohike.lv\\\/ru\\\/produkts\\\/primus-saliekams-spork-edamriks\\\/#primaryimage\"},\"thumbnailUrl\":\"https:\\\/\\\/gohike.lv\\\/wp-content\\\/uploads\\\/2025\\\/04\\\/Spork_red.webp\",\"datePublished\":\"2025-04-16T11:04:35+00:00\",\"dateModified\":\"2026-01-01T16:10:15+00:00\",\"description\":\"Viegli un kompakti saliekams komplekts - karote un dak\u0161a, ide\u0101ls risin\u0101jums kempingam un p\u0101rg\u0101jieniem.\",\"breadcrumb\":{\"@id\":\"https:\\\/\\\/gohike.lv\\\/ru\\\/produkts\\\/primus-saliekams-spork-edamriks\\\/#breadcrumb\"},\"inLanguage\":\"ru-RU\",\"potentialAction\":[{\"@type\":\"ReadAction\",\"target\":[\"https:\\\/\\\/gohike.lv\\\/ru\\\/produkts\\\/primus-saliekams-spork-edamriks\\\/\"]}]},{\"@type\":\"ImageObject\",\"inLanguage\":\"ru-RU\",\"@id\":\"https:\\\/\\\/gohike.lv\\\/ru\\\/produkts\\\/primus-saliekams-spork-edamriks\\\/#primaryimage\",\"url\":\"https:\\\/\\\/gohike.lv\\\/wp-content\\\/uploads\\\/2025\\\/04\\\/Spork_red.webp\",\"contentUrl\":\"https:\\\/\\\/gohike.lv\\\/wp-content\\\/uploads\\\/2025\\\/04\\\/Spork_red.webp\",\"width\":800,\"height\":800},{\"@type\":\"BreadcrumbList\",\"@id\":\"https:\\\/\\\/gohike.lv\\\/ru\\\/produkts\\\/primus-saliekams-spork-edamriks\\\/#breadcrumb\",\"itemListElement\":[{\"@type\":\"ListItem\",\"position\":1,\"name\":\"\u0413\u043b\u0430\u0432\u043d\u0430\u044f\",\"item\":\"https:\\\/\\\/gohike.lv\\\/ru\\\/\"},{\"@type\":\"ListItem\",\"position\":2,\"name\":\"\u041a\u0430\u0442\u0435\u0433\u043e\u0440\u0438\u0438 \u0442\u043e\u0432\u0430\u0440\u043e\u0432\",\"item\":\"https:\\\/\\\/gohike.lv\\\/%d0%ba%d0%b0%d1%82%d0%b5%d0%b3%d0%be%d1%80%d0%b8%d0%b8-%d1%82%d0%be%d0%b2%d0%b0%d1%80%d0%be%d0%b2\\\/\"},{\"@type\":\"ListItem\",\"position\":3,\"name\":\"Primus &#8211; Saliekams spork \u0113damr\u012bks\"}]},{\"@type\":\"WebSite\",\"@id\":\"https:\\\/\\\/gohike.lv\\\/ru\\\/#website\",\"url\":\"https:\\\/\\\/gohike.lv\\\/ru\\\/\",\"name\":\"GoHike\",\"description\":\"\",\"publisher\":{\"@id\":\"https:\\\/\\\/gohike.lv\\\/ru\\\/#organization\"},\"potentialAction\":[{\"@type\":\"SearchAction\",\"target\":{\"@type\":\"EntryPoint\",\"urlTemplate\":\"https:\\\/\\\/gohike.lv\\\/ru\\\/?s={search_term_string}\"},\"query-input\":{\"@type\":\"PropertyValueSpecification\",\"valueRequired\":true,\"valueName\":\"search_term_string\"}}],\"inLanguage\":\"ru-RU\"},{\"@type\":\"Organization\",\"@id\":\"https:\\\/\\\/gohike.lv\\\/ru\\\/#organization\",\"name\":\"GoHike\",\"url\":\"https:\\\/\\\/gohike.lv\\\/ru\\\/\",\"logo\":{\"@type\":\"ImageObject\",\"inLanguage\":\"ru-RU\",\"@id\":\"https:\\\/\\\/gohike.lv\\\/ru\\\/#\\\/schema\\\/logo\\\/image\\\/\",\"url\":\"https:\\\/\\\/gohike.lv\\\/wp-content\\\/uploads\\\/2023\\\/08\\\/Logo_GoHike.webp\",\"contentUrl\":\"https:\\\/\\\/gohike.lv\\\/wp-content\\\/uploads\\\/2023\\\/08\\\/Logo_GoHike.webp\",\"width\":512,\"height\":512,\"caption\":\"GoHike\"},\"image\":{\"@id\":\"https:\\\/\\\/gohike.lv\\\/ru\\\/#\\\/schema\\\/logo\\\/image\\\/\"},\"sameAs\":[\"https:\\\/\\\/www.facebook.com\\\/gohike.shop\\\/\",\"https:\\\/\\\/www.instagram.com\\\/gohike.shop\\\/\"]}]}<\/script>\n<!-- \/ Yoast SEO plugin. -->","yoast_head_json":{"title":"Primus - Saliekams spork \u0113damr\u012bks","description":"Viegli un kompakti saliekams komplekts - karote un dak\u0161a, ide\u0101ls risin\u0101jums kempingam un p\u0101rg\u0101jieniem.","robots":{"index":"index","follow":"follow","max-snippet":"max-snippet:-1","max-image-preview":"max-image-preview:large","max-video-preview":"max-video-preview:-1"},"canonical":"https:\/\/gohike.lv\/ru\/produkts\/primus-saliekams-spork-edamriks\/","og_locale":"ru_RU","og_type":"article","og_title":"Primus - Saliekams spork \u0113damr\u012bks","og_description":"Viegli un kompakti saliekams komplekts - karote un dak\u0161a, ide\u0101ls risin\u0101jums kempingam un p\u0101rg\u0101jieniem.","og_url":"https:\/\/gohike.lv\/ru\/produkts\/primus-saliekams-spork-edamriks\/","og_site_name":"GoHike","article_publisher":"https:\/\/www.facebook.com\/gohike.shop\/","article_modified_time":"2026-01-01T16:10:15+00:00","og_image":[{"width":800,"height":800,"url":"https:\/\/gohike.lv\/wp-content\/uploads\/2025\/04\/Spork_red.webp","type":"image\/webp"}],"twitter_card":"summary_large_image","twitter_misc":{"\u041f\u0440\u0438\u043c\u0435\u0440\u043d\u043e\u0435 \u0432\u0440\u0435\u043c\u044f \u0434\u043b\u044f \u0447\u0442\u0435\u043d\u0438\u044f":"1 \u043c\u0438\u043d\u0443\u0442\u0430"},"schema":{"@context":"https:\/\/schema.org","@graph":[{"@type":["WebPage","ItemPage"],"@id":"https:\/\/gohike.lv\/ru\/produkts\/primus-saliekams-spork-edamriks\/","url":"https:\/\/gohike.lv\/ru\/produkts\/primus-saliekams-spork-edamriks\/","name":"Primus - Saliekams spork \u0113damr\u012bks","isPartOf":{"@id":"https:\/\/gohike.lv\/ru\/#website"},"primaryImageOfPage":{"@id":"https:\/\/gohike.lv\/ru\/produkts\/primus-saliekams-spork-edamriks\/#primaryimage"},"image":{"@id":"https:\/\/gohike.lv\/ru\/produkts\/primus-saliekams-spork-edamriks\/#primaryimage"},"thumbnailUrl":"https:\/\/gohike.lv\/wp-content\/uploads\/2025\/04\/Spork_red.webp","datePublished":"2025-04-16T11:04:35+00:00","dateModified":"2026-01-01T16:10:15+00:00","description":"Viegli un kompakti saliekams komplekts - karote un dak\u0161a, ide\u0101ls risin\u0101jums kempingam un p\u0101rg\u0101jieniem.","breadcrumb":{"@id":"https:\/\/gohike.lv\/ru\/produkts\/primus-saliekams-spork-edamriks\/#breadcrumb"},"inLanguage":"ru-RU","potentialAction":[{"@type":"ReadAction","target":["https:\/\/gohike.lv\/ru\/produkts\/primus-saliekams-spork-edamriks\/"]}]},{"@type":"ImageObject","inLanguage":"ru-RU","@id":"https:\/\/gohike.lv\/ru\/produkts\/primus-saliekams-spork-edamriks\/#primaryimage","url":"https:\/\/gohike.lv\/wp-content\/uploads\/2025\/04\/Spork_red.webp","contentUrl":"https:\/\/gohike.lv\/wp-content\/uploads\/2025\/04\/Spork_red.webp","width":800,"height":800},{"@type":"BreadcrumbList","@id":"https:\/\/gohike.lv\/ru\/produkts\/primus-saliekams-spork-edamriks\/#breadcrumb","itemListElement":[{"@type":"ListItem","position":1,"name":"\u0413\u043b\u0430\u0432\u043d\u0430\u044f","item":"https:\/\/gohike.lv\/ru\/"},{"@type":"ListItem","position":2,"name":"\u041a\u0430\u0442\u0435\u0433\u043e\u0440\u0438\u0438 \u0442\u043e\u0432\u0430\u0440\u043e\u0432","item":"https:\/\/gohike.lv\/%d0%ba%d0%b0%d1%82%d0%b5%d0%b3%d0%be%d1%80%d0%b8%d0%b8-%d1%82%d0%be%d0%b2%d0%b0%d1%80%d0%be%d0%b2\/"},{"@type":"ListItem","position":3,"name":"Primus &#8211; Saliekams spork \u0113damr\u012bks"}]},{"@type":"WebSite","@id":"https:\/\/gohike.lv\/ru\/#website","url":"https:\/\/gohike.lv\/ru\/","name":"GoHike","description":"","publisher":{"@id":"https:\/\/gohike.lv\/ru\/#organization"},"potentialAction":[{"@type":"SearchAction","target":{"@type":"EntryPoint","urlTemplate":"https:\/\/gohike.lv\/ru\/?s={search_term_string}"},"query-input":{"@type":"PropertyValueSpecification","valueRequired":true,"valueName":"search_term_string"}}],"inLanguage":"ru-RU"},{"@type":"Organization","@id":"https:\/\/gohike.lv\/ru\/#organization","name":"GoHike","url":"https:\/\/gohike.lv\/ru\/","logo":{"@type":"ImageObject","inLanguage":"ru-RU","@id":"https:\/\/gohike.lv\/ru\/#\/schema\/logo\/image\/","url":"https:\/\/gohike.lv\/wp-content\/uploads\/2023\/08\/Logo_GoHike.webp","contentUrl":"https:\/\/gohike.lv\/wp-content\/uploads\/2023\/08\/Logo_GoHike.webp","width":512,"height":512,"caption":"GoHike"},"image":{"@id":"https:\/\/gohike.lv\/ru\/#\/schema\/logo\/image\/"},"sameAs":["https:\/\/www.facebook.com\/gohike.shop\/","https:\/\/www.instagram.com\/gohike.shop\/"]}]}},"jetpack_sharing_enabled":true,"_links":{"self":[{"href":"https:\/\/gohike.lv\/ru\/wp-json\/wp\/v2\/product\/89083","targetHints":{"allow":["GET"]}}],"collection":[{"href":"https:\/\/gohike.lv\/ru\/wp-json\/wp\/v2\/product"}],"about":[{"href":"https:\/\/gohike.lv\/ru\/wp-json\/wp\/v2\/types\/product"}],"version-history":[{"count":0,"href":"https:\/\/gohike.lv\/ru\/wp-json\/wp\/v2\/product\/89083\/revisions"}],"wp:featuredmedia":[{"embeddable":true,"href":"https:\/\/gohike.lv\/ru\/wp-json\/wp\/v2\/media\/89089"}],"wp:attachment":[{"href":"https:\/\/gohike.lv\/ru\/wp-json\/wp\/v2\/media?parent=89083"}],"wp:term":[{"taxonomy":"product_brand","embeddable":true,"href":"https:\/\/gohike.lv\/ru\/wp-json\/wp\/v2\/product_brand?post=89083"},{"taxonomy":"product_cat","embeddable":true,"href":"https:\/\/gohike.lv\/ru\/wp-json\/wp\/v2\/product_cat?post=89083"},{"taxonomy":"product_tag","embeddable":true,"href":"https:\/\/gohike.lv\/ru\/wp-json\/wp\/v2\/product_tag?post=89083"}],"curies":[{"name":"wp","href":"https:\/\/api.w.org\/{rel}","templated":true}]}}