{"id":78210,"date":"2025-04-13T12:08:24","date_gmt":"2025-04-13T09:08:24","guid":{"rendered":"https:\/\/gohike.lv\/produkts\/julbo-shield-m-spectron-saulesbrilles\/"},"modified":"2025-12-30T17:24:22","modified_gmt":"2025-12-30T14:24:22","slug":"julbo-shield-m-spectron-saulesbrilles","status":"publish","type":"product","link":"https:\/\/gohike.lv\/ru\/produkts\/julbo-shield-m-spectron-saulesbrilles\/","title":{"rendered":"Julbo &#8212; Shield M Spectron saulesbrilles"},"content":{"rendered":"<p>Galven\u0101s \u012bpa\u0161\u012bbas:<br \/>\n\u2714 Spectron 4 l\u0113ca (Cat.4) &#8212; maksim\u0101la aizsardz\u012bba sp\u0113c\u012bg\u0101 saules starojum\u0101;<br \/>\n\u2714 Anti-refleks p\u0101rkl\u0101jums &#8212; samazina nev\u0113lamus atsp\u012bdumus;<br \/>\n\u2714 Air Flow ventil\u0101cijas sist\u0113ma &#8212; nov\u0113r\u0161 kondens\u0101ta veido\u0161anos;<br \/>\n\u2714 No\u0146emami Spandex s\u0101nu aizsargi &#8212; iztur\u012bgi pret \u016bdeni un ekstr\u0113m\u0101m temperat\u016br\u0101m;<br \/>\n\u2714 Grip Tech k\u0101ji\u0146as &#8212; komforts un notur\u012bba kust\u012bb\u0101.<br \/>\nTehniskie parametri:<br \/>\nL\u0113cu tips: Spectron 4 polikarbon\u0101ts;<br \/>\nGaismas caurlaid\u012bba: 5%;<br \/>\nUV aizsardz\u012bba: 100% UV400;<br \/>\nSvars: 30 g;<br \/>\nIzm\u0113rs: M.<br \/>\nIzm\u0113ri:<br \/>\nL\u0113cas augstums: 17 mm;<br \/>\nDeguna balsta platums: 43 mm;<br \/>\nL\u0113cas platums: 54 mm;<br \/>\nK\u0101ji\u0146u garums: 120 mm.<br \/>\nUnik\u0101l\u0101s tehnolo\u0123ijas:<br \/>\n\u2705 Nose Grip \u2013 elast\u012bgs, triecienus absorb\u0113jo\u0161s deguna balsts;<br \/>\n\u2705 Grip Tech Temple &#8212; nesl\u012bdo\u0161i, matiem draudz\u012bgi k\u0101ji\u0146u uzga\u013ci;<br \/>\n\u2705 Cord Attachment &#8212; iesp\u0113ja piestiprin\u0101t aukli\u0146u;<br \/>\n\u2705 Spandex s\u0101nu aizsargi &#8212; m\u012bksta un iztur\u012bga s\u0101nu aizsardz\u012bba.<br \/>\nL\u0113cas \u012bpa\u0161\u012bbas:<br \/>\n\u2022 4 kategorijas maksim\u0101l\u0101 aizsardz\u012bba;<br \/>\n\u2022 Spogu\u013cp\u0101rkl\u0101jums &#8212; uzlabota gaismas filtr\u0101cija;<br \/>\n\u2022 Anti-refleks p\u0101rkl\u0101jums &#8212; uzlabots vizu\u0101lais komforts;<br \/>\n\u2022 \u012apa\u0161i piem\u0113rotas b\u0113rniem un sp\u0113c\u012bga saules starojuma apst\u0101k\u013cos.<br \/>\nKomplekt\u0101cija:<br \/>\nNo\u0146emami Spandex s\u0101nu aizsargi;<br \/>\nJulbo storage pouch &#8212; mikro\u0161\u0137iedras uzglab\u0101\u0161anas maisi\u0146\u0161.<br \/>\nIeteicamie lietojumi:<br \/>\n\u2022 Augstkalnu alp\u012bnisms un eksped\u012bcijas;<br \/>\n\u2022 Led\u0101ju p\u0101rg\u0101jieni;<br \/>\n\u2022 Tuksne\u0161a sporta veidi;<br \/>\n\u2022 Ekstr\u0113mas vasaras aktivit\u0101tes;<br \/>\n\u2022 Aizsardz\u012bba b\u0113rniem sp\u0113c\u012bg\u0101 saul\u0113.<br \/>\nPiez\u012bme: SHIELD M Spectron 4 pied\u0101v\u0101 vado\u0161\u0101s aizsardz\u012bbas tehnolo\u0123ijas kompakt\u0101 vid\u0113ja izm\u0113ra form\u0101t\u0101, kas \u012bpa\u0161i piem\u0113rots intens\u012bv\u0101m aktivit\u0101t\u0113m ekstr\u0113mos apst\u0101k\u013cos.<br \/>\n<iframe title=\"How to clean the lenses of your goggles, glasses and helmet&#039;s visor?\" width=\"1200\" height=\"675\" src=\"https:\/\/www.youtube.com\/embed\/ZJZKDECR4cU?feature=oembed\" frameborder=\"0\" allow=\"accelerometer; autoplay; clipboard-write; encrypted-media; gyroscope; picture-in-picture; web-share\" referrerpolicy=\"strict-origin-when-cross-origin\" allowfullscreen><\/iframe><\/p>\n","protected":false},"excerpt":{"rendered":"<p>Vid\u0113ja izm\u0113ra (M) saulesbrilles ar Spectron 4 l\u0113c\u0101m (5% gaismas caurlaid\u012bba), Air Flow ventil\u0101ciju un no\u0146emamiem Spandex s\u0101nu aizsargiem. Maksim\u0101la aizsardz\u012bba sp\u0113c\u012bg\u0101 saules starojum\u0101.<\/p>\n","protected":false},"featured_media":78379,"template":"","meta":[],"product_brand":[12860],"product_cat":[6942],"product_tag":[],"class_list":{"0":"post-78210","1":"product","2":"type-product","3":"status-publish","4":"has-post-thumbnail","6":"product_brand-julbo","7":"product_cat-saulesbrilles","8":"pa_produkta-tips-saulesbrilles","10":"first","11":"instock","12":"taxable","13":"shipping-taxable","14":"purchasable","15":"product-type-simple"},"raw_content":{"name":"Julbo - Shield M Spectron saulesbrilles","description":"Galven\u0101s \u012bpa\u0161\u012bbas:\n\u2714 Spectron 4 l\u0113ca (Cat.4) - maksim\u0101la aizsardz\u012bba sp\u0113c\u012bg\u0101 saules starojum\u0101;\n\u2714 Anti-refleks p\u0101rkl\u0101jums - samazina nev\u0113lamus atsp\u012bdumus;\n\u2714 Air Flow ventil\u0101cijas sist\u0113ma - nov\u0113r\u0161 kondens\u0101ta veido\u0161anos;\n\u2714 No\u0146emami Spandex s\u0101nu aizsargi - iztur\u012bgi pret \u016bdeni un ekstr\u0113m\u0101m temperat\u016br\u0101m;\n\u2714 Grip Tech k\u0101ji\u0146as - komforts un notur\u012bba kust\u012bb\u0101.\nTehniskie parametri:\nL\u0113cu tips: Spectron 4 polikarbon\u0101ts;\nGaismas caurlaid\u012bba: 5%;\nUV aizsardz\u012bba: 100% UV400;\nSvars: 30 g;\nIzm\u0113rs: M.\nIzm\u0113ri:\nL\u0113cas augstums: 17 mm;\nDeguna balsta platums: 43 mm;\nL\u0113cas platums: 54 mm;\nK\u0101ji\u0146u garums: 120 mm.\nUnik\u0101l\u0101s tehnolo\u0123ijas:\n\u2705 Nose Grip \u2013 elast\u012bgs, triecienus absorb\u0113jo\u0161s deguna balsts;\n\u2705 Grip Tech Temple - nesl\u012bdo\u0161i, matiem draudz\u012bgi k\u0101ji\u0146u uzga\u013ci;\n\u2705 Cord Attachment - iesp\u0113ja piestiprin\u0101t aukli\u0146u;\n\u2705 Spandex s\u0101nu aizsargi - m\u012bksta un iztur\u012bga s\u0101nu aizsardz\u012bba.\nL\u0113cas \u012bpa\u0161\u012bbas:\n\u2022 4 kategorijas maksim\u0101l\u0101 aizsardz\u012bba;\n\u2022 Spogu\u013cp\u0101rkl\u0101jums - uzlabota gaismas filtr\u0101cija;\n\u2022 Anti-refleks p\u0101rkl\u0101jums - uzlabots vizu\u0101lais komforts;\n\u2022 \u012apa\u0161i piem\u0113rotas b\u0113rniem un sp\u0113c\u012bga saules starojuma apst\u0101k\u013cos.\nKomplekt\u0101cija:\nNo\u0146emami Spandex s\u0101nu aizsargi;\nJulbo storage pouch - mikro\u0161\u0137iedras uzglab\u0101\u0161anas maisi\u0146\u0161.\nIeteicamie lietojumi:\n\u2022 Augstkalnu alp\u012bnisms un eksped\u012bcijas;\n\u2022 Led\u0101ju p\u0101rg\u0101jieni;\n\u2022 Tuksne\u0161a sporta veidi;\n\u2022 Ekstr\u0113mas vasaras aktivit\u0101tes;\n\u2022 Aizsardz\u012bba b\u0113rniem sp\u0113c\u012bg\u0101 saul\u0113.\nPiez\u012bme: SHIELD M Spectron 4 pied\u0101v\u0101 vado\u0161\u0101s aizsardz\u012bbas tehnolo\u0123ijas kompakt\u0101 vid\u0113ja izm\u0113ra form\u0101t\u0101, kas \u012bpa\u0161i piem\u0113rots intens\u012bv\u0101m aktivit\u0101t\u0113m ekstr\u0113mos apst\u0101k\u013cos.\nhttps:\/\/www.youtube.com\/watch?v=ZJZKDECR4cU","short_description":"Vid\u0113ja izm\u0113ra (M) saulesbrilles ar Spectron 4 l\u0113c\u0101m (5% gaismas caurlaid\u012bba), Air Flow ventil\u0101ciju un no\u0146emamiem Spandex s\u0101nu aizsargiem. Maksim\u0101la aizsardz\u012bba sp\u0113c\u012bg\u0101 saules starojum\u0101.","status":"publish","sku":"J5441222","original":78210},"wpml":{"translation_type":0,"has_translations":false,"original":78210,"duplicates":[],"translations":{"lv":78210,"en":null,"ru":null}},"supplier_id":null,"supplier_sku":"","barcode":null,"atum_controlled":true,"out_stock_date":null,"out_stock_threshold":null,"inheritable":false,"inbound_stock":0,"stock_on_hold":0,"sold_today":0,"sales_last_days":0,"reserved_stock":0,"customer_returns":0,"warehouse_damage":0,"lost_in_post":0,"other_logs":0,"out_stock_days":0,"lost_sales":0,"has_location":false,"update_date":"2025-12-30T14:25:12","atum_locations":[],"atum_stock_status":"instock","restock_status":false,"low_stock_amount":"","sales_update_date":"2025-11-13T14:09:03","calc_backorders":null,"yoast_head":"<!-- This site is optimized with the Yoast SEO plugin v27.3 - https:\/\/yoast.com\/product\/yoast-seo-wordpress\/ -->\n<title>Julbo Shield M Spectron saulesbrilles<\/title>\n<meta name=\"description\" content=\"Vid\u0113ja izm\u0113ra (M) saulesbrilles ar Spectron 4 l\u0113c\u0101m (5% gaismas caurlaid\u012bba), Air Flow ventil\u0101ciju un no\u0146emamiem Spandex s\u0101nu aizsargiem. Maksim\u0101la aizsardz\u012bba sp\u0113c\u012bg\u0101 saules starojum\u0101.\" \/>\n<meta name=\"robots\" content=\"index, follow, max-snippet:-1, max-image-preview:large, max-video-preview:-1\" \/>\n<link rel=\"canonical\" href=\"https:\/\/gohike.lv\/ru\/produkts\/julbo-shield-m-spectron-saulesbrilles\/\" \/>\n<meta property=\"og:locale\" content=\"ru_RU\" \/>\n<meta property=\"og:type\" content=\"article\" \/>\n<meta property=\"og:title\" content=\"Julbo Shield M Spectron saulesbrilles\" \/>\n<meta property=\"og:description\" content=\"Vid\u0113ja izm\u0113ra (M) saulesbrilles ar Spectron 4 l\u0113c\u0101m (5% gaismas caurlaid\u012bba), Air Flow ventil\u0101ciju un no\u0146emamiem Spandex s\u0101nu aizsargiem. Maksim\u0101la aizsardz\u012bba sp\u0113c\u012bg\u0101 saules starojum\u0101.\" \/>\n<meta property=\"og:url\" content=\"https:\/\/gohike.lv\/ru\/produkts\/julbo-shield-m-spectron-saulesbrilles\/\" \/>\n<meta property=\"og:site_name\" content=\"GoHike\" \/>\n<meta property=\"article:publisher\" content=\"https:\/\/www.facebook.com\/gohike.shop\/\" \/>\n<meta property=\"article:modified_time\" content=\"2025-12-30T14:24:22+00:00\" \/>\n<meta property=\"og:image\" content=\"https:\/\/gohike.lv\/wp-content\/uploads\/2025\/04\/ShieldMspectron_.webp\" \/>\n\t<meta property=\"og:image:width\" content=\"823\" \/>\n\t<meta property=\"og:image:height\" content=\"823\" \/>\n\t<meta property=\"og:image:type\" content=\"image\/webp\" \/>\n<meta name=\"twitter:card\" content=\"summary_large_image\" \/>\n<meta name=\"twitter:title\" content=\"Julbo Shield M Spectron saulesbrilles\" \/>\n<meta name=\"twitter:label1\" content=\"\u041f\u0440\u0438\u043c\u0435\u0440\u043d\u043e\u0435 \u0432\u0440\u0435\u043c\u044f \u0434\u043b\u044f \u0447\u0442\u0435\u043d\u0438\u044f\" \/>\n\t<meta name=\"twitter:data1\" content=\"2 \u043c\u0438\u043d\u0443\u0442\u0430\" \/>\n<script type=\"application\/ld+json\" class=\"yoast-schema-graph\">{\"@context\":\"https:\\\/\\\/schema.org\",\"@graph\":[{\"@type\":[\"WebPage\",\"ItemPage\"],\"@id\":\"https:\\\/\\\/gohike.lv\\\/ru\\\/produkts\\\/julbo-shield-m-spectron-saulesbrilles\\\/\",\"url\":\"https:\\\/\\\/gohike.lv\\\/ru\\\/produkts\\\/julbo-shield-m-spectron-saulesbrilles\\\/\",\"name\":\"Julbo Shield M Spectron saulesbrilles\",\"isPartOf\":{\"@id\":\"https:\\\/\\\/gohike.lv\\\/ru\\\/#website\"},\"primaryImageOfPage\":{\"@id\":\"https:\\\/\\\/gohike.lv\\\/ru\\\/produkts\\\/julbo-shield-m-spectron-saulesbrilles\\\/#primaryimage\"},\"image\":{\"@id\":\"https:\\\/\\\/gohike.lv\\\/ru\\\/produkts\\\/julbo-shield-m-spectron-saulesbrilles\\\/#primaryimage\"},\"thumbnailUrl\":\"https:\\\/\\\/gohike.lv\\\/wp-content\\\/uploads\\\/2025\\\/04\\\/ShieldMspectron_.webp\",\"datePublished\":\"2025-04-13T09:08:24+00:00\",\"dateModified\":\"2025-12-30T14:24:22+00:00\",\"description\":\"Vid\u0113ja izm\u0113ra (M) saulesbrilles ar Spectron 4 l\u0113c\u0101m (5% gaismas caurlaid\u012bba), Air Flow ventil\u0101ciju un no\u0146emamiem Spandex s\u0101nu aizsargiem. Maksim\u0101la aizsardz\u012bba sp\u0113c\u012bg\u0101 saules starojum\u0101.\",\"breadcrumb\":{\"@id\":\"https:\\\/\\\/gohike.lv\\\/ru\\\/produkts\\\/julbo-shield-m-spectron-saulesbrilles\\\/#breadcrumb\"},\"inLanguage\":\"ru-RU\",\"potentialAction\":[{\"@type\":\"ReadAction\",\"target\":[\"https:\\\/\\\/gohike.lv\\\/ru\\\/produkts\\\/julbo-shield-m-spectron-saulesbrilles\\\/\"]}]},{\"@type\":\"ImageObject\",\"inLanguage\":\"ru-RU\",\"@id\":\"https:\\\/\\\/gohike.lv\\\/ru\\\/produkts\\\/julbo-shield-m-spectron-saulesbrilles\\\/#primaryimage\",\"url\":\"https:\\\/\\\/gohike.lv\\\/wp-content\\\/uploads\\\/2025\\\/04\\\/ShieldMspectron_.webp\",\"contentUrl\":\"https:\\\/\\\/gohike.lv\\\/wp-content\\\/uploads\\\/2025\\\/04\\\/ShieldMspectron_.webp\",\"width\":823,\"height\":823},{\"@type\":\"BreadcrumbList\",\"@id\":\"https:\\\/\\\/gohike.lv\\\/ru\\\/produkts\\\/julbo-shield-m-spectron-saulesbrilles\\\/#breadcrumb\",\"itemListElement\":[{\"@type\":\"ListItem\",\"position\":1,\"name\":\"\u0413\u043b\u0430\u0432\u043d\u0430\u044f\",\"item\":\"https:\\\/\\\/gohike.lv\\\/ru\\\/\"},{\"@type\":\"ListItem\",\"position\":2,\"name\":\"\u041a\u0430\u0442\u0435\u0433\u043e\u0440\u0438\u0438 \u0442\u043e\u0432\u0430\u0440\u043e\u0432\",\"item\":\"https:\\\/\\\/gohike.lv\\\/%d0%ba%d0%b0%d1%82%d0%b5%d0%b3%d0%be%d1%80%d0%b8%d0%b8-%d1%82%d0%be%d0%b2%d0%b0%d1%80%d0%be%d0%b2\\\/\"},{\"@type\":\"ListItem\",\"position\":3,\"name\":\"Julbo &#8211; Shield M Spectron saulesbrilles\"}]},{\"@type\":\"WebSite\",\"@id\":\"https:\\\/\\\/gohike.lv\\\/ru\\\/#website\",\"url\":\"https:\\\/\\\/gohike.lv\\\/ru\\\/\",\"name\":\"GoHike\",\"description\":\"\",\"publisher\":{\"@id\":\"https:\\\/\\\/gohike.lv\\\/ru\\\/#organization\"},\"potentialAction\":[{\"@type\":\"SearchAction\",\"target\":{\"@type\":\"EntryPoint\",\"urlTemplate\":\"https:\\\/\\\/gohike.lv\\\/ru\\\/?s={search_term_string}\"},\"query-input\":{\"@type\":\"PropertyValueSpecification\",\"valueRequired\":true,\"valueName\":\"search_term_string\"}}],\"inLanguage\":\"ru-RU\"},{\"@type\":\"Organization\",\"@id\":\"https:\\\/\\\/gohike.lv\\\/ru\\\/#organization\",\"name\":\"GoHike\",\"url\":\"https:\\\/\\\/gohike.lv\\\/ru\\\/\",\"logo\":{\"@type\":\"ImageObject\",\"inLanguage\":\"ru-RU\",\"@id\":\"https:\\\/\\\/gohike.lv\\\/ru\\\/#\\\/schema\\\/logo\\\/image\\\/\",\"url\":\"https:\\\/\\\/gohike.lv\\\/wp-content\\\/uploads\\\/2023\\\/08\\\/Logo_GoHike.webp\",\"contentUrl\":\"https:\\\/\\\/gohike.lv\\\/wp-content\\\/uploads\\\/2023\\\/08\\\/Logo_GoHike.webp\",\"width\":512,\"height\":512,\"caption\":\"GoHike\"},\"image\":{\"@id\":\"https:\\\/\\\/gohike.lv\\\/ru\\\/#\\\/schema\\\/logo\\\/image\\\/\"},\"sameAs\":[\"https:\\\/\\\/www.facebook.com\\\/gohike.shop\\\/\",\"https:\\\/\\\/www.instagram.com\\\/gohike.shop\\\/\"]}]}<\/script>\n<!-- \/ Yoast SEO plugin. -->","yoast_head_json":{"title":"Julbo Shield M Spectron saulesbrilles","description":"Vid\u0113ja izm\u0113ra (M) saulesbrilles ar Spectron 4 l\u0113c\u0101m (5% gaismas caurlaid\u012bba), Air Flow ventil\u0101ciju un no\u0146emamiem Spandex s\u0101nu aizsargiem. Maksim\u0101la aizsardz\u012bba sp\u0113c\u012bg\u0101 saules starojum\u0101.","robots":{"index":"index","follow":"follow","max-snippet":"max-snippet:-1","max-image-preview":"max-image-preview:large","max-video-preview":"max-video-preview:-1"},"canonical":"https:\/\/gohike.lv\/ru\/produkts\/julbo-shield-m-spectron-saulesbrilles\/","og_locale":"ru_RU","og_type":"article","og_title":"Julbo Shield M Spectron saulesbrilles","og_description":"Vid\u0113ja izm\u0113ra (M) saulesbrilles ar Spectron 4 l\u0113c\u0101m (5% gaismas caurlaid\u012bba), Air Flow ventil\u0101ciju un no\u0146emamiem Spandex s\u0101nu aizsargiem. Maksim\u0101la aizsardz\u012bba sp\u0113c\u012bg\u0101 saules starojum\u0101.","og_url":"https:\/\/gohike.lv\/ru\/produkts\/julbo-shield-m-spectron-saulesbrilles\/","og_site_name":"GoHike","article_publisher":"https:\/\/www.facebook.com\/gohike.shop\/","article_modified_time":"2025-12-30T14:24:22+00:00","og_image":[{"width":823,"height":823,"url":"https:\/\/gohike.lv\/wp-content\/uploads\/2025\/04\/ShieldMspectron_.webp","type":"image\/webp"}],"twitter_card":"summary_large_image","twitter_title":"Julbo Shield M Spectron saulesbrilles","twitter_misc":{"\u041f\u0440\u0438\u043c\u0435\u0440\u043d\u043e\u0435 \u0432\u0440\u0435\u043c\u044f \u0434\u043b\u044f \u0447\u0442\u0435\u043d\u0438\u044f":"2 \u043c\u0438\u043d\u0443\u0442\u0430"},"schema":{"@context":"https:\/\/schema.org","@graph":[{"@type":["WebPage","ItemPage"],"@id":"https:\/\/gohike.lv\/ru\/produkts\/julbo-shield-m-spectron-saulesbrilles\/","url":"https:\/\/gohike.lv\/ru\/produkts\/julbo-shield-m-spectron-saulesbrilles\/","name":"Julbo Shield M Spectron saulesbrilles","isPartOf":{"@id":"https:\/\/gohike.lv\/ru\/#website"},"primaryImageOfPage":{"@id":"https:\/\/gohike.lv\/ru\/produkts\/julbo-shield-m-spectron-saulesbrilles\/#primaryimage"},"image":{"@id":"https:\/\/gohike.lv\/ru\/produkts\/julbo-shield-m-spectron-saulesbrilles\/#primaryimage"},"thumbnailUrl":"https:\/\/gohike.lv\/wp-content\/uploads\/2025\/04\/ShieldMspectron_.webp","datePublished":"2025-04-13T09:08:24+00:00","dateModified":"2025-12-30T14:24:22+00:00","description":"Vid\u0113ja izm\u0113ra (M) saulesbrilles ar Spectron 4 l\u0113c\u0101m (5% gaismas caurlaid\u012bba), Air Flow ventil\u0101ciju un no\u0146emamiem Spandex s\u0101nu aizsargiem. Maksim\u0101la aizsardz\u012bba sp\u0113c\u012bg\u0101 saules starojum\u0101.","breadcrumb":{"@id":"https:\/\/gohike.lv\/ru\/produkts\/julbo-shield-m-spectron-saulesbrilles\/#breadcrumb"},"inLanguage":"ru-RU","potentialAction":[{"@type":"ReadAction","target":["https:\/\/gohike.lv\/ru\/produkts\/julbo-shield-m-spectron-saulesbrilles\/"]}]},{"@type":"ImageObject","inLanguage":"ru-RU","@id":"https:\/\/gohike.lv\/ru\/produkts\/julbo-shield-m-spectron-saulesbrilles\/#primaryimage","url":"https:\/\/gohike.lv\/wp-content\/uploads\/2025\/04\/ShieldMspectron_.webp","contentUrl":"https:\/\/gohike.lv\/wp-content\/uploads\/2025\/04\/ShieldMspectron_.webp","width":823,"height":823},{"@type":"BreadcrumbList","@id":"https:\/\/gohike.lv\/ru\/produkts\/julbo-shield-m-spectron-saulesbrilles\/#breadcrumb","itemListElement":[{"@type":"ListItem","position":1,"name":"\u0413\u043b\u0430\u0432\u043d\u0430\u044f","item":"https:\/\/gohike.lv\/ru\/"},{"@type":"ListItem","position":2,"name":"\u041a\u0430\u0442\u0435\u0433\u043e\u0440\u0438\u0438 \u0442\u043e\u0432\u0430\u0440\u043e\u0432","item":"https:\/\/gohike.lv\/%d0%ba%d0%b0%d1%82%d0%b5%d0%b3%d0%be%d1%80%d0%b8%d0%b8-%d1%82%d0%be%d0%b2%d0%b0%d1%80%d0%be%d0%b2\/"},{"@type":"ListItem","position":3,"name":"Julbo &#8211; Shield M Spectron saulesbrilles"}]},{"@type":"WebSite","@id":"https:\/\/gohike.lv\/ru\/#website","url":"https:\/\/gohike.lv\/ru\/","name":"GoHike","description":"","publisher":{"@id":"https:\/\/gohike.lv\/ru\/#organization"},"potentialAction":[{"@type":"SearchAction","target":{"@type":"EntryPoint","urlTemplate":"https:\/\/gohike.lv\/ru\/?s={search_term_string}"},"query-input":{"@type":"PropertyValueSpecification","valueRequired":true,"valueName":"search_term_string"}}],"inLanguage":"ru-RU"},{"@type":"Organization","@id":"https:\/\/gohike.lv\/ru\/#organization","name":"GoHike","url":"https:\/\/gohike.lv\/ru\/","logo":{"@type":"ImageObject","inLanguage":"ru-RU","@id":"https:\/\/gohike.lv\/ru\/#\/schema\/logo\/image\/","url":"https:\/\/gohike.lv\/wp-content\/uploads\/2023\/08\/Logo_GoHike.webp","contentUrl":"https:\/\/gohike.lv\/wp-content\/uploads\/2023\/08\/Logo_GoHike.webp","width":512,"height":512,"caption":"GoHike"},"image":{"@id":"https:\/\/gohike.lv\/ru\/#\/schema\/logo\/image\/"},"sameAs":["https:\/\/www.facebook.com\/gohike.shop\/","https:\/\/www.instagram.com\/gohike.shop\/"]}]}},"jetpack_sharing_enabled":true,"_links":{"self":[{"href":"https:\/\/gohike.lv\/ru\/wp-json\/wp\/v2\/product\/78210","targetHints":{"allow":["GET"]}}],"collection":[{"href":"https:\/\/gohike.lv\/ru\/wp-json\/wp\/v2\/product"}],"about":[{"href":"https:\/\/gohike.lv\/ru\/wp-json\/wp\/v2\/types\/product"}],"version-history":[{"count":1,"href":"https:\/\/gohike.lv\/ru\/wp-json\/wp\/v2\/product\/78210\/revisions"}],"predecessor-version":[{"id":118820,"href":"https:\/\/gohike.lv\/ru\/wp-json\/wp\/v2\/product\/78210\/revisions\/118820"}],"wp:featuredmedia":[{"embeddable":true,"href":"https:\/\/gohike.lv\/ru\/wp-json\/wp\/v2\/media\/78379"}],"wp:attachment":[{"href":"https:\/\/gohike.lv\/ru\/wp-json\/wp\/v2\/media?parent=78210"}],"wp:term":[{"taxonomy":"product_brand","embeddable":true,"href":"https:\/\/gohike.lv\/ru\/wp-json\/wp\/v2\/product_brand?post=78210"},{"taxonomy":"product_cat","embeddable":true,"href":"https:\/\/gohike.lv\/ru\/wp-json\/wp\/v2\/product_cat?post=78210"},{"taxonomy":"product_tag","embeddable":true,"href":"https:\/\/gohike.lv\/ru\/wp-json\/wp\/v2\/product_tag?post=78210"}],"curies":[{"name":"wp","href":"https:\/\/api.w.org\/{rel}","templated":true}]}}