{"id":78191,"date":"2025-04-13T12:08:00","date_gmt":"2025-04-13T09:08:00","guid":{"rendered":"https:\/\/gohike.lv\/produkts\/julbo-renegade-reactiv-saulesbrilles\/"},"modified":"2026-01-05T19:52:31","modified_gmt":"2026-01-05T16:52:31","slug":"julbo-renegade-reactiv-saulesbrilles","status":"publish","type":"product","link":"https:\/\/gohike.lv\/ru\/produkts\/julbo-renegade-reactiv-saulesbrilles\/","title":{"rendered":"Julbo &#8212; Renegade Reactiv saulesbrilles"},"content":{"rendered":"<p>Galven\u0101s \u012bpa\u0161\u012bbas:<br \/>\n\u2714 Reactiv fotohrom\u0101tisk\u0101s l\u0113cas \u2013 autom\u0101tiski piel\u0101gojas no 0. l\u012bdz 3. kategorijai (15-87% gaismas caurlaid\u012bba);<br \/>\n\u2714 High Contrast tehnolo\u0123ija \u2013 uzlabota reljefa redzam\u012bba m\u0101ko\u0146ain\u0101 laik\u0101;<br \/>\n\u2714 Grip Tech tehnolo\u0123ija \u2013 nesl\u012bdo\u0161i, matiem draudz\u012bgi k\u0101ji\u0146u uzga\u013ci;<br \/>\n\u2714 Forma, kas piel\u0101gojas sejai \u2013 stabilit\u0101te ar\u012b intens\u012bvu aktivit\u0101\u0161u laik\u0101;<br \/>\n\u2714 Piel\u0101gojas jebkuriem apgaismojuma apst\u0101k\u013ciem \u2013 no miglas l\u012bdz spilgtai saulei.<br \/>\nTehniskie parametri:<br \/>\nL\u0113cu tips: Reactiv 0-3 High Contrast;<br \/>\nGaismas caurlaid\u012bba: 15-87%;<br \/>\nUV aizsardz\u012bba: 100% UV400;<br \/>\nSvars: 28 g;<br \/>\nIzm\u0113rs: L.<br \/>\nIzm\u0113ri:<br \/>\nL\u0113cas augstums: 1,7 cm;<br \/>\nL\u0113cas platums: 6,1 cm;<br \/>\nK\u0101ji\u0146u garums: 13,5 cm;<br \/>\nDeguna balsta platums: 4,4 cm.<br \/>\nPriek\u0161roc\u012bbas:<br \/>\n\u2705 Dinamiska gaismas filtr\u0113\u0161ana \u2013 piem\u0113rotas no bl\u0101v\u0101s gaismas l\u012bdz sp\u0113c\u012bgai saulei;<br \/>\n\u2705 Kontrasta uzlabo\u0161ana \u2013 lab\u0101ka reljefa redzam\u012bba snieg\u0101 un migl\u0101;<br \/>\n\u2705  Ergonomiska forma \u2013 komforts un notur\u012bba kust\u012bb\u0101.<br \/>\n<iframe title=\"How to clean the lenses of your goggles, glasses and helmet&#039;s visor?\" width=\"1200\" height=\"675\" src=\"https:\/\/www.youtube.com\/embed\/ZJZKDECR4cU?feature=oembed\" frameborder=\"0\" allow=\"accelerometer; autoplay; clipboard-write; encrypted-media; gyroscope; picture-in-picture; web-share\" referrerpolicy=\"strict-origin-when-cross-origin\" allowfullscreen><\/iframe><\/p>\n","protected":false},"excerpt":{"rendered":"<p>Saulesbrilles ar Reactiv 0-3 High Contrast fotohrom\u0101tiskaj\u0101m l\u0113c\u0101m, kas autom\u0101tiski piel\u0101gojas main\u012bgam apgaismojumam (15-87% gaismas caurlaid\u012bba). Ide\u0101las kalnu sl\u0113po\u0161anai, rite\u0146brauk\u0161anai un ikdienas lieto\u0161anai.<\/p>\n","protected":false},"featured_media":78270,"template":"","meta":[],"product_brand":[12860],"product_cat":[6942],"product_tag":[],"class_list":{"0":"post-78191","1":"product","2":"type-product","3":"status-publish","4":"has-post-thumbnail","6":"product_brand-julbo","7":"product_cat-saulesbrilles","8":"pa_produkta-tips-saulesbrilles","10":"first","11":"outofstock","12":"taxable","13":"shipping-taxable","14":"purchasable","15":"product-type-simple"},"raw_content":{"name":"Julbo - Renegade Reactiv saulesbrilles","description":"Galven\u0101s \u012bpa\u0161\u012bbas:\n\u2714 Reactiv fotohrom\u0101tisk\u0101s l\u0113cas \u2013 autom\u0101tiski piel\u0101gojas no 0. l\u012bdz 3. kategorijai (15-87% gaismas caurlaid\u012bba);\n\u2714 High Contrast tehnolo\u0123ija \u2013 uzlabota reljefa redzam\u012bba m\u0101ko\u0146ain\u0101 laik\u0101;\n\u2714 Grip Tech tehnolo\u0123ija \u2013 nesl\u012bdo\u0161i, matiem draudz\u012bgi k\u0101ji\u0146u uzga\u013ci;\n\u2714 Forma, kas piel\u0101gojas sejai \u2013 stabilit\u0101te ar\u012b intens\u012bvu aktivit\u0101\u0161u laik\u0101;\n\u2714 Piel\u0101gojas jebkuriem apgaismojuma apst\u0101k\u013ciem \u2013 no miglas l\u012bdz spilgtai saulei.\nTehniskie parametri:\nL\u0113cu tips: Reactiv 0-3 High Contrast;\nGaismas caurlaid\u012bba: 15-87%;\nUV aizsardz\u012bba: 100% UV400;\nSvars: 28 g;\nIzm\u0113rs: L.\nIzm\u0113ri:\nL\u0113cas augstums: 1,7 cm;\nL\u0113cas platums: 6,1 cm;\nK\u0101ji\u0146u garums: 13,5 cm;\nDeguna balsta platums: 4,4 cm.\nPriek\u0161roc\u012bbas:\n\u2705 Dinamiska gaismas filtr\u0113\u0161ana \u2013 piem\u0113rotas no bl\u0101v\u0101s gaismas l\u012bdz sp\u0113c\u012bgai saulei;\n\u2705 Kontrasta uzlabo\u0161ana \u2013 lab\u0101ka reljefa redzam\u012bba snieg\u0101 un migl\u0101;\n\u2705  Ergonomiska forma \u2013 komforts un notur\u012bba kust\u012bb\u0101.\nhttps:\/\/www.youtube.com\/watch?v=ZJZKDECR4cU","short_description":"Saulesbrilles ar Reactiv 0-3 High Contrast fotohrom\u0101tiskaj\u0101m l\u0113c\u0101m, kas autom\u0101tiski piel\u0101gojas main\u012bgam apgaismojumam (15-87% gaismas caurlaid\u012bba). Ide\u0101las kalnu sl\u0113po\u0161anai, rite\u0146brauk\u0161anai un ikdienas lieto\u0161anai.","status":"publish","sku":"J4994414","original":78191},"wpml":{"translation_type":0,"has_translations":false,"original":78191,"duplicates":[],"translations":{"lv":78191,"en":null,"ru":null}},"supplier_id":null,"supplier_sku":"","barcode":null,"atum_controlled":true,"out_stock_date":"2026-01-05 14:09:49","out_stock_threshold":null,"inheritable":false,"inbound_stock":0,"stock_on_hold":0,"sold_today":0,"sales_last_days":0,"reserved_stock":0,"customer_returns":0,"warehouse_damage":0,"lost_in_post":0,"other_logs":0,"out_stock_days":0,"lost_sales":0,"has_location":false,"update_date":"2026-01-05T16:52:32","atum_locations":[],"atum_stock_status":"outofstock","restock_status":false,"low_stock_amount":"","sales_update_date":"2025-11-13T14:09:03","calc_backorders":null,"yoast_head":"<!-- This site is optimized with the Yoast SEO plugin v27.3 - https:\/\/yoast.com\/product\/yoast-seo-wordpress\/ -->\n<title>Julbo Renegade Reactiv saulesbrilles<\/title>\n<meta name=\"description\" content=\"Saulesbrilles ar Reactiv 0-3 High Contrast fotohrom\u0101tiskaj\u0101m l\u0113c\u0101m, kas autom\u0101tiski piel\u0101gojas main\u012bgam apgaismojumam (15-87% gaismas caurlaid\u012bba). Ide\u0101las kalnu sl\u0113po\u0161anai, rite\u0146brauk\u0161anai un ikdienas lieto\u0161anai.\" \/>\n<meta name=\"robots\" content=\"index, follow, max-snippet:-1, max-image-preview:large, max-video-preview:-1\" \/>\n<link rel=\"canonical\" href=\"https:\/\/gohike.lv\/ru\/produkts\/julbo-renegade-reactiv-saulesbrilles\/\" \/>\n<meta property=\"og:locale\" content=\"ru_RU\" \/>\n<meta property=\"og:type\" content=\"article\" \/>\n<meta property=\"og:title\" content=\"Julbo Renegade Reactiv saulesbrilles\" \/>\n<meta property=\"og:description\" content=\"Saulesbrilles ar Reactiv 0-3 High Contrast fotohrom\u0101tiskaj\u0101m l\u0113c\u0101m, kas autom\u0101tiski piel\u0101gojas main\u012bgam apgaismojumam (15-87% gaismas caurlaid\u012bba). Ide\u0101las kalnu sl\u0113po\u0161anai, rite\u0146brauk\u0161anai un ikdienas lieto\u0161anai.\" \/>\n<meta property=\"og:url\" content=\"https:\/\/gohike.lv\/ru\/produkts\/julbo-renegade-reactiv-saulesbrilles\/\" \/>\n<meta property=\"og:site_name\" content=\"GoHike\" \/>\n<meta property=\"article:publisher\" content=\"https:\/\/www.facebook.com\/gohike.shop\/\" \/>\n<meta property=\"article:modified_time\" content=\"2026-01-05T16:52:31+00:00\" \/>\n<meta property=\"og:image\" content=\"https:\/\/gohike.lv\/wp-content\/uploads\/2025\/04\/RenagadeReaktiv_.webp\" \/>\n\t<meta property=\"og:image:width\" content=\"823\" \/>\n\t<meta property=\"og:image:height\" content=\"823\" \/>\n\t<meta property=\"og:image:type\" content=\"image\/webp\" \/>\n<meta name=\"twitter:card\" content=\"summary_large_image\" \/>\n<meta name=\"twitter:title\" content=\"Julbo Renegade Reactiv saulesbrilles\" \/>\n<meta name=\"twitter:label1\" content=\"\u041f\u0440\u0438\u043c\u0435\u0440\u043d\u043e\u0435 \u0432\u0440\u0435\u043c\u044f \u0434\u043b\u044f \u0447\u0442\u0435\u043d\u0438\u044f\" \/>\n\t<meta name=\"twitter:data1\" content=\"1 \u043c\u0438\u043d\u0443\u0442\u0430\" \/>\n<script type=\"application\/ld+json\" class=\"yoast-schema-graph\">{\"@context\":\"https:\\\/\\\/schema.org\",\"@graph\":[{\"@type\":[\"WebPage\",\"ItemPage\"],\"@id\":\"https:\\\/\\\/gohike.lv\\\/ru\\\/produkts\\\/julbo-renegade-reactiv-saulesbrilles\\\/\",\"url\":\"https:\\\/\\\/gohike.lv\\\/ru\\\/produkts\\\/julbo-renegade-reactiv-saulesbrilles\\\/\",\"name\":\"Julbo Renegade Reactiv saulesbrilles\",\"isPartOf\":{\"@id\":\"https:\\\/\\\/gohike.lv\\\/ru\\\/#website\"},\"primaryImageOfPage\":{\"@id\":\"https:\\\/\\\/gohike.lv\\\/ru\\\/produkts\\\/julbo-renegade-reactiv-saulesbrilles\\\/#primaryimage\"},\"image\":{\"@id\":\"https:\\\/\\\/gohike.lv\\\/ru\\\/produkts\\\/julbo-renegade-reactiv-saulesbrilles\\\/#primaryimage\"},\"thumbnailUrl\":\"https:\\\/\\\/gohike.lv\\\/wp-content\\\/uploads\\\/2025\\\/04\\\/RenagadeReaktiv_.webp\",\"datePublished\":\"2025-04-13T09:08:00+00:00\",\"dateModified\":\"2026-01-05T16:52:31+00:00\",\"description\":\"Saulesbrilles ar Reactiv 0-3 High Contrast fotohrom\u0101tiskaj\u0101m l\u0113c\u0101m, kas autom\u0101tiski piel\u0101gojas main\u012bgam apgaismojumam (15-87% gaismas caurlaid\u012bba). Ide\u0101las kalnu sl\u0113po\u0161anai, rite\u0146brauk\u0161anai un ikdienas lieto\u0161anai.\",\"breadcrumb\":{\"@id\":\"https:\\\/\\\/gohike.lv\\\/ru\\\/produkts\\\/julbo-renegade-reactiv-saulesbrilles\\\/#breadcrumb\"},\"inLanguage\":\"ru-RU\",\"potentialAction\":[{\"@type\":\"ReadAction\",\"target\":[\"https:\\\/\\\/gohike.lv\\\/ru\\\/produkts\\\/julbo-renegade-reactiv-saulesbrilles\\\/\"]}]},{\"@type\":\"ImageObject\",\"inLanguage\":\"ru-RU\",\"@id\":\"https:\\\/\\\/gohike.lv\\\/ru\\\/produkts\\\/julbo-renegade-reactiv-saulesbrilles\\\/#primaryimage\",\"url\":\"https:\\\/\\\/gohike.lv\\\/wp-content\\\/uploads\\\/2025\\\/04\\\/RenagadeReaktiv_.webp\",\"contentUrl\":\"https:\\\/\\\/gohike.lv\\\/wp-content\\\/uploads\\\/2025\\\/04\\\/RenagadeReaktiv_.webp\",\"width\":823,\"height\":823},{\"@type\":\"BreadcrumbList\",\"@id\":\"https:\\\/\\\/gohike.lv\\\/ru\\\/produkts\\\/julbo-renegade-reactiv-saulesbrilles\\\/#breadcrumb\",\"itemListElement\":[{\"@type\":\"ListItem\",\"position\":1,\"name\":\"\u0413\u043b\u0430\u0432\u043d\u0430\u044f\",\"item\":\"https:\\\/\\\/gohike.lv\\\/ru\\\/\"},{\"@type\":\"ListItem\",\"position\":2,\"name\":\"\u041a\u0430\u0442\u0435\u0433\u043e\u0440\u0438\u0438 \u0442\u043e\u0432\u0430\u0440\u043e\u0432\",\"item\":\"https:\\\/\\\/gohike.lv\\\/%d0%ba%d0%b0%d1%82%d0%b5%d0%b3%d0%be%d1%80%d0%b8%d0%b8-%d1%82%d0%be%d0%b2%d0%b0%d1%80%d0%be%d0%b2\\\/\"},{\"@type\":\"ListItem\",\"position\":3,\"name\":\"Julbo &#8211; Renegade Reactiv saulesbrilles\"}]},{\"@type\":\"WebSite\",\"@id\":\"https:\\\/\\\/gohike.lv\\\/ru\\\/#website\",\"url\":\"https:\\\/\\\/gohike.lv\\\/ru\\\/\",\"name\":\"GoHike\",\"description\":\"\",\"publisher\":{\"@id\":\"https:\\\/\\\/gohike.lv\\\/ru\\\/#organization\"},\"potentialAction\":[{\"@type\":\"SearchAction\",\"target\":{\"@type\":\"EntryPoint\",\"urlTemplate\":\"https:\\\/\\\/gohike.lv\\\/ru\\\/?s={search_term_string}\"},\"query-input\":{\"@type\":\"PropertyValueSpecification\",\"valueRequired\":true,\"valueName\":\"search_term_string\"}}],\"inLanguage\":\"ru-RU\"},{\"@type\":\"Organization\",\"@id\":\"https:\\\/\\\/gohike.lv\\\/ru\\\/#organization\",\"name\":\"GoHike\",\"url\":\"https:\\\/\\\/gohike.lv\\\/ru\\\/\",\"logo\":{\"@type\":\"ImageObject\",\"inLanguage\":\"ru-RU\",\"@id\":\"https:\\\/\\\/gohike.lv\\\/ru\\\/#\\\/schema\\\/logo\\\/image\\\/\",\"url\":\"https:\\\/\\\/gohike.lv\\\/wp-content\\\/uploads\\\/2023\\\/08\\\/Logo_GoHike.webp\",\"contentUrl\":\"https:\\\/\\\/gohike.lv\\\/wp-content\\\/uploads\\\/2023\\\/08\\\/Logo_GoHike.webp\",\"width\":512,\"height\":512,\"caption\":\"GoHike\"},\"image\":{\"@id\":\"https:\\\/\\\/gohike.lv\\\/ru\\\/#\\\/schema\\\/logo\\\/image\\\/\"},\"sameAs\":[\"https:\\\/\\\/www.facebook.com\\\/gohike.shop\\\/\",\"https:\\\/\\\/www.instagram.com\\\/gohike.shop\\\/\"]}]}<\/script>\n<!-- \/ Yoast SEO plugin. -->","yoast_head_json":{"title":"Julbo Renegade Reactiv saulesbrilles","description":"Saulesbrilles ar Reactiv 0-3 High Contrast fotohrom\u0101tiskaj\u0101m l\u0113c\u0101m, kas autom\u0101tiski piel\u0101gojas main\u012bgam apgaismojumam (15-87% gaismas caurlaid\u012bba). Ide\u0101las kalnu sl\u0113po\u0161anai, rite\u0146brauk\u0161anai un ikdienas lieto\u0161anai.","robots":{"index":"index","follow":"follow","max-snippet":"max-snippet:-1","max-image-preview":"max-image-preview:large","max-video-preview":"max-video-preview:-1"},"canonical":"https:\/\/gohike.lv\/ru\/produkts\/julbo-renegade-reactiv-saulesbrilles\/","og_locale":"ru_RU","og_type":"article","og_title":"Julbo Renegade Reactiv saulesbrilles","og_description":"Saulesbrilles ar Reactiv 0-3 High Contrast fotohrom\u0101tiskaj\u0101m l\u0113c\u0101m, kas autom\u0101tiski piel\u0101gojas main\u012bgam apgaismojumam (15-87% gaismas caurlaid\u012bba). Ide\u0101las kalnu sl\u0113po\u0161anai, rite\u0146brauk\u0161anai un ikdienas lieto\u0161anai.","og_url":"https:\/\/gohike.lv\/ru\/produkts\/julbo-renegade-reactiv-saulesbrilles\/","og_site_name":"GoHike","article_publisher":"https:\/\/www.facebook.com\/gohike.shop\/","article_modified_time":"2026-01-05T16:52:31+00:00","og_image":[{"width":823,"height":823,"url":"https:\/\/gohike.lv\/wp-content\/uploads\/2025\/04\/RenagadeReaktiv_.webp","type":"image\/webp"}],"twitter_card":"summary_large_image","twitter_title":"Julbo Renegade Reactiv saulesbrilles","twitter_misc":{"\u041f\u0440\u0438\u043c\u0435\u0440\u043d\u043e\u0435 \u0432\u0440\u0435\u043c\u044f \u0434\u043b\u044f \u0447\u0442\u0435\u043d\u0438\u044f":"1 \u043c\u0438\u043d\u0443\u0442\u0430"},"schema":{"@context":"https:\/\/schema.org","@graph":[{"@type":["WebPage","ItemPage"],"@id":"https:\/\/gohike.lv\/ru\/produkts\/julbo-renegade-reactiv-saulesbrilles\/","url":"https:\/\/gohike.lv\/ru\/produkts\/julbo-renegade-reactiv-saulesbrilles\/","name":"Julbo Renegade Reactiv saulesbrilles","isPartOf":{"@id":"https:\/\/gohike.lv\/ru\/#website"},"primaryImageOfPage":{"@id":"https:\/\/gohike.lv\/ru\/produkts\/julbo-renegade-reactiv-saulesbrilles\/#primaryimage"},"image":{"@id":"https:\/\/gohike.lv\/ru\/produkts\/julbo-renegade-reactiv-saulesbrilles\/#primaryimage"},"thumbnailUrl":"https:\/\/gohike.lv\/wp-content\/uploads\/2025\/04\/RenagadeReaktiv_.webp","datePublished":"2025-04-13T09:08:00+00:00","dateModified":"2026-01-05T16:52:31+00:00","description":"Saulesbrilles ar Reactiv 0-3 High Contrast fotohrom\u0101tiskaj\u0101m l\u0113c\u0101m, kas autom\u0101tiski piel\u0101gojas main\u012bgam apgaismojumam (15-87% gaismas caurlaid\u012bba). Ide\u0101las kalnu sl\u0113po\u0161anai, rite\u0146brauk\u0161anai un ikdienas lieto\u0161anai.","breadcrumb":{"@id":"https:\/\/gohike.lv\/ru\/produkts\/julbo-renegade-reactiv-saulesbrilles\/#breadcrumb"},"inLanguage":"ru-RU","potentialAction":[{"@type":"ReadAction","target":["https:\/\/gohike.lv\/ru\/produkts\/julbo-renegade-reactiv-saulesbrilles\/"]}]},{"@type":"ImageObject","inLanguage":"ru-RU","@id":"https:\/\/gohike.lv\/ru\/produkts\/julbo-renegade-reactiv-saulesbrilles\/#primaryimage","url":"https:\/\/gohike.lv\/wp-content\/uploads\/2025\/04\/RenagadeReaktiv_.webp","contentUrl":"https:\/\/gohike.lv\/wp-content\/uploads\/2025\/04\/RenagadeReaktiv_.webp","width":823,"height":823},{"@type":"BreadcrumbList","@id":"https:\/\/gohike.lv\/ru\/produkts\/julbo-renegade-reactiv-saulesbrilles\/#breadcrumb","itemListElement":[{"@type":"ListItem","position":1,"name":"\u0413\u043b\u0430\u0432\u043d\u0430\u044f","item":"https:\/\/gohike.lv\/ru\/"},{"@type":"ListItem","position":2,"name":"\u041a\u0430\u0442\u0435\u0433\u043e\u0440\u0438\u0438 \u0442\u043e\u0432\u0430\u0440\u043e\u0432","item":"https:\/\/gohike.lv\/%d0%ba%d0%b0%d1%82%d0%b5%d0%b3%d0%be%d1%80%d0%b8%d0%b8-%d1%82%d0%be%d0%b2%d0%b0%d1%80%d0%be%d0%b2\/"},{"@type":"ListItem","position":3,"name":"Julbo &#8211; Renegade Reactiv saulesbrilles"}]},{"@type":"WebSite","@id":"https:\/\/gohike.lv\/ru\/#website","url":"https:\/\/gohike.lv\/ru\/","name":"GoHike","description":"","publisher":{"@id":"https:\/\/gohike.lv\/ru\/#organization"},"potentialAction":[{"@type":"SearchAction","target":{"@type":"EntryPoint","urlTemplate":"https:\/\/gohike.lv\/ru\/?s={search_term_string}"},"query-input":{"@type":"PropertyValueSpecification","valueRequired":true,"valueName":"search_term_string"}}],"inLanguage":"ru-RU"},{"@type":"Organization","@id":"https:\/\/gohike.lv\/ru\/#organization","name":"GoHike","url":"https:\/\/gohike.lv\/ru\/","logo":{"@type":"ImageObject","inLanguage":"ru-RU","@id":"https:\/\/gohike.lv\/ru\/#\/schema\/logo\/image\/","url":"https:\/\/gohike.lv\/wp-content\/uploads\/2023\/08\/Logo_GoHike.webp","contentUrl":"https:\/\/gohike.lv\/wp-content\/uploads\/2023\/08\/Logo_GoHike.webp","width":512,"height":512,"caption":"GoHike"},"image":{"@id":"https:\/\/gohike.lv\/ru\/#\/schema\/logo\/image\/"},"sameAs":["https:\/\/www.facebook.com\/gohike.shop\/","https:\/\/www.instagram.com\/gohike.shop\/"]}]}},"jetpack_sharing_enabled":true,"_links":{"self":[{"href":"https:\/\/gohike.lv\/ru\/wp-json\/wp\/v2\/product\/78191","targetHints":{"allow":["GET"]}}],"collection":[{"href":"https:\/\/gohike.lv\/ru\/wp-json\/wp\/v2\/product"}],"about":[{"href":"https:\/\/gohike.lv\/ru\/wp-json\/wp\/v2\/types\/product"}],"version-history":[{"count":1,"href":"https:\/\/gohike.lv\/ru\/wp-json\/wp\/v2\/product\/78191\/revisions"}],"predecessor-version":[{"id":118805,"href":"https:\/\/gohike.lv\/ru\/wp-json\/wp\/v2\/product\/78191\/revisions\/118805"}],"wp:featuredmedia":[{"embeddable":true,"href":"https:\/\/gohike.lv\/ru\/wp-json\/wp\/v2\/media\/78270"}],"wp:attachment":[{"href":"https:\/\/gohike.lv\/ru\/wp-json\/wp\/v2\/media?parent=78191"}],"wp:term":[{"taxonomy":"product_brand","embeddable":true,"href":"https:\/\/gohike.lv\/ru\/wp-json\/wp\/v2\/product_brand?post=78191"},{"taxonomy":"product_cat","embeddable":true,"href":"https:\/\/gohike.lv\/ru\/wp-json\/wp\/v2\/product_cat?post=78191"},{"taxonomy":"product_tag","embeddable":true,"href":"https:\/\/gohike.lv\/ru\/wp-json\/wp\/v2\/product_tag?post=78191"}],"curies":[{"name":"wp","href":"https:\/\/api.w.org\/{rel}","templated":true}]}}