{"id":77994,"date":"2025-04-04T16:58:51","date_gmt":"2025-04-04T13:58:51","guid":{"rendered":"https:\/\/gohike.lv\/produkts\/gear-aid-aquasure-fd-remonta-lime\/"},"modified":"2026-01-28T19:59:30","modified_gmt":"2026-01-28T16:59:30","slug":"gear-aid-aquasure-fd-remonta-lime","status":"publish","type":"product","link":"https:\/\/gohike.lv\/ru\/produkts\/gear-aid-aquasure-fd-remonta-lime\/","title":{"rendered":"GEAR AID &#8212; Aquasure FD remonta l\u012bme"},"content":{"rendered":"<p>Aquasure FD ir augstas kvalit\u0101tes \u016bdensiztur\u012bga l\u012bme, kas veido elast\u012bgu un notur\u012bgu savienojumu, nezaud\u0113 savas \u012bpa\u0161\u012bbas pat ekstrem\u0101los apst\u0101k\u013cos. T\u0101 ir \u012bpa\u0161i piem\u0113rota neopr\u0113na, gumijas, nailona un citu materi\u0101lu remontam, nodro\u0161inot ilgtsp\u0113j\u012bgu un \u016bdensnecaurlaid\u012bgu savienojumu.<br \/>\nGalven\u0101s \u012bpa\u0161\u012bbas:<br \/>\n\u2714 Veido elast\u012bgu un notur\u012bgu savienojumu;<br \/>\n\u2714 Piln\u012bb\u0101 \u016bdensnecaurlaid\u012bga p\u0113c saciet\u0113\u0161anas;<br \/>\n\u2714 Notur\u012bga pret nodilumu un meh\u0101niskiem boj\u0101jumiem;<br \/>\n\u2714 P\u0113c saciet\u0113\u0161anas paliek caursp\u012bd\u012bga;<br \/>\n\u2714 Piem\u0113rota da\u017e\u0101diem materi\u0101liem: neopr\u0113nam, gumijai, nailonam, vinilam.<br \/>\nTehniskie parametri:<br \/>\nSast\u0101vs: poliuret\u0101na l\u012bme;<br \/>\nKr\u0101sa: caursp\u012bd\u012bga p\u0113c saciet\u0113\u0161anas;<br \/>\nIepakojums: 28g;<br \/>\nSaciet\u0113\u0161anas laiks: ~24h;<br \/>\nElast\u012bba: saglab\u0101 elast\u012bbu p\u0113c saciet\u0113\u0161anas;<br \/>\nNotur\u012bba: pret \u016bdeni, nodilumu un temperat\u016bras izmai\u0146\u0101m;<br \/>\nIzmanto\u0161anas instrukcija:<br \/>\nAtt\u012briet remont\u0113jamo virsmu;<br \/>\nUzkl\u0101jiet pl\u0101nu l\u012bmes k\u0101rtu;<br \/>\nSaspiediet virsmas kop\u0101 uz 5-10 min\u016bt\u0113m;<br \/>\nAtst\u0101jiet saciet\u0113t uz 24 stund\u0101m.<br \/>\nIzmanto\u0161anas iesp\u0113jas:<br \/>\n\u2022 Zvejas un nir\u0161anas t\u0113rpu remonts;<br \/>\n\u2022 Kempinga apr\u012bkojuma labo\u0161ana;<br \/>\n\u2022 \u016adensiztur\u012bgu apavu remonts;<br \/>\n\u2022 Telts un nojumes remonts;<br \/>\n\u2022 Laivu un \u016bdenssporta invent\u0101ra labo\u0161ana.<br \/>\nBr\u012bdin\u0101jums:<br \/>\nLieto\u0161anas laik\u0101 nodro\u0161iniet labu v\u0113din\u0101\u0161anu. Glab\u0101jiet b\u0113rniem nepieejam\u0101 viet\u0101.<\/p>\n","protected":false},"excerpt":{"rendered":"<p>\u016adensiztur\u012bga, elast\u012bga poliuret\u0101na l\u012bme, kas ir ide\u0101li piem\u0113rota visu veidu \u0101ra apr\u012bkojuma, \u012bpa\u0161i neopr\u0113na un \u016bdensiztur\u012bgu t\u0113rpu, remontam.<\/p>\n","protected":false},"featured_media":77996,"template":"","meta":[],"product_brand":[13248],"product_cat":[13256],"product_tag":[],"class_list":{"0":"post-77994","1":"product","2":"type-product","3":"status-publish","4":"has-post-thumbnail","6":"product_brand-gear-aid-ru","7":"product_cat-13256","8":"pa_izmers-28g","9":"pa_izmers-7g","10":"pa_produkta-tips-instrumenti","12":"first","13":"instock","14":"taxable","15":"shipping-taxable","16":"purchasable","17":"product-type-variable","18":"has-default-attributes"},"raw_content":{"name":"GEAR AID - Aquasure FD remonta l\u012bme","description":"Aquasure FD ir augstas kvalit\u0101tes \u016bdensiztur\u012bga l\u012bme, kas veido elast\u012bgu un notur\u012bgu savienojumu, nezaud\u0113 savas \u012bpa\u0161\u012bbas pat ekstrem\u0101los apst\u0101k\u013cos. T\u0101 ir \u012bpa\u0161i piem\u0113rota neopr\u0113na, gumijas, nailona un citu materi\u0101lu remontam, nodro\u0161inot ilgtsp\u0113j\u012bgu un \u016bdensnecaurlaid\u012bgu savienojumu.\nGalven\u0101s \u012bpa\u0161\u012bbas:\n\u2714 Veido elast\u012bgu un notur\u012bgu savienojumu;\n\u2714 Piln\u012bb\u0101 \u016bdensnecaurlaid\u012bga p\u0113c saciet\u0113\u0161anas;\n\u2714 Notur\u012bga pret nodilumu un meh\u0101niskiem boj\u0101jumiem;\n\u2714 P\u0113c saciet\u0113\u0161anas paliek caursp\u012bd\u012bga;\n\u2714 Piem\u0113rota da\u017e\u0101diem materi\u0101liem: neopr\u0113nam, gumijai, nailonam, vinilam.\nTehniskie parametri:\nSast\u0101vs: poliuret\u0101na l\u012bme;\nKr\u0101sa: caursp\u012bd\u012bga p\u0113c saciet\u0113\u0161anas;\nIepakojums: 28g;\nSaciet\u0113\u0161anas laiks: ~24h;\nElast\u012bba: saglab\u0101 elast\u012bbu p\u0113c saciet\u0113\u0161anas;\nNotur\u012bba: pret \u016bdeni, nodilumu un temperat\u016bras izmai\u0146\u0101m;\nIzmanto\u0161anas instrukcija:\nAtt\u012briet remont\u0113jamo virsmu;\nUzkl\u0101jiet pl\u0101nu l\u012bmes k\u0101rtu;\nSaspiediet virsmas kop\u0101 uz 5-10 min\u016bt\u0113m;\nAtst\u0101jiet saciet\u0113t uz 24 stund\u0101m.\nIzmanto\u0161anas iesp\u0113jas:\n\u2022 Zvejas un nir\u0161anas t\u0113rpu remonts;\n\u2022 Kempinga apr\u012bkojuma labo\u0161ana;\n\u2022 \u016adensiztur\u012bgu apavu remonts;\n\u2022 Telts un nojumes remonts;\n\u2022 Laivu un \u016bdenssporta invent\u0101ra labo\u0161ana.\nBr\u012bdin\u0101jums:\nLieto\u0161anas laik\u0101 nodro\u0161iniet labu v\u0113din\u0101\u0161anu. Glab\u0101jiet b\u0113rniem nepieejam\u0101 viet\u0101.","short_description":"\u016adensiztur\u012bga, elast\u012bga poliuret\u0101na l\u012bme, kas ir ide\u0101li piem\u0113rota visu veidu \u0101ra apr\u012bkojuma, \u012bpa\u0161i neopr\u0113na un \u016bdensiztur\u012bgu t\u0113rpu, remontam.","status":"publish","sku":"graid0004","original":77994},"wpml":{"translation_type":0,"has_translations":false,"original":77994,"duplicates":[],"translations":{"lv":77994,"en":null,"ru":null}},"supplier_id":null,"supplier_sku":"","barcode":null,"atum_controlled":true,"out_stock_date":null,"out_stock_threshold":null,"inheritable":true,"inbound_stock":0,"stock_on_hold":0,"sold_today":0,"sales_last_days":0,"reserved_stock":0,"customer_returns":0,"warehouse_damage":0,"lost_in_post":0,"other_logs":0,"out_stock_days":0,"lost_sales":0,"has_location":false,"update_date":"2025-12-30T14:25:12","atum_locations":[],"atum_stock_status":"instock","restock_status":false,"low_stock_amount":"","sales_update_date":"2025-11-13T14:07:39","calc_backorders":null,"yoast_head":"<!-- This site is optimized with the Yoast SEO plugin v27.3 - https:\/\/yoast.com\/product\/yoast-seo-wordpress\/ -->\n<title>GEAR AID Aquasure FD remonta l\u012bme<\/title>\n<meta name=\"description\" content=\"\u016adensiztur\u012bga, elast\u012bga poliuret\u0101na l\u012bme, kas ir ide\u0101li piem\u0113rota visu veidu \u0101ra apr\u012bkojuma, \u012bpa\u0161i neopr\u0113na un \u016bdensiztur\u012bgu t\u0113rpu, remontam.\" \/>\n<meta name=\"robots\" content=\"index, follow, max-snippet:-1, max-image-preview:large, max-video-preview:-1\" \/>\n<link rel=\"canonical\" href=\"https:\/\/gohike.lv\/ru\/produkts\/gear-aid-aquasure-fd-remonta-lime\/\" \/>\n<meta property=\"og:locale\" content=\"ru_RU\" \/>\n<meta property=\"og:type\" content=\"article\" \/>\n<meta property=\"og:title\" content=\"GEAR AID Aquasure FD remonta l\u012bme\" \/>\n<meta property=\"og:description\" content=\"\u016adensiztur\u012bga, elast\u012bga poliuret\u0101na l\u012bme, kas ir ide\u0101li piem\u0113rota visu veidu \u0101ra apr\u012bkojuma, \u012bpa\u0161i neopr\u0113na un \u016bdensiztur\u012bgu t\u0113rpu, remontam.\" \/>\n<meta property=\"og:url\" content=\"https:\/\/gohike.lv\/ru\/produkts\/gear-aid-aquasure-fd-remonta-lime\/\" \/>\n<meta property=\"og:site_name\" content=\"GoHike\" \/>\n<meta property=\"article:publisher\" content=\"https:\/\/www.facebook.com\/gohike.shop\/\" \/>\n<meta property=\"article:modified_time\" content=\"2026-01-28T16:59:30+00:00\" \/>\n<meta property=\"og:image\" content=\"https:\/\/gohike.lv\/wp-content\/uploads\/2025\/04\/AquasureFD_28g_.webp\" \/>\n\t<meta property=\"og:image:width\" content=\"1200\" \/>\n\t<meta property=\"og:image:height\" content=\"1200\" \/>\n\t<meta property=\"og:image:type\" content=\"image\/webp\" \/>\n<meta name=\"twitter:card\" content=\"summary_large_image\" \/>\n<meta name=\"twitter:title\" content=\"GEAR AID Aquasure FD remonta l\u012bme\" \/>\n<meta name=\"twitter:label1\" content=\"\u041f\u0440\u0438\u043c\u0435\u0440\u043d\u043e\u0435 \u0432\u0440\u0435\u043c\u044f \u0434\u043b\u044f \u0447\u0442\u0435\u043d\u0438\u044f\" \/>\n\t<meta name=\"twitter:data1\" content=\"2 \u043c\u0438\u043d\u0443\u0442\u0430\" \/>\n<script type=\"application\/ld+json\" class=\"yoast-schema-graph\">{\"@context\":\"https:\\\/\\\/schema.org\",\"@graph\":[{\"@type\":[\"WebPage\",\"ItemPage\"],\"@id\":\"https:\\\/\\\/gohike.lv\\\/ru\\\/produkts\\\/gear-aid-aquasure-fd-remonta-lime\\\/\",\"url\":\"https:\\\/\\\/gohike.lv\\\/ru\\\/produkts\\\/gear-aid-aquasure-fd-remonta-lime\\\/\",\"name\":\"GEAR AID Aquasure FD remonta l\u012bme\",\"isPartOf\":{\"@id\":\"https:\\\/\\\/gohike.lv\\\/ru\\\/#website\"},\"primaryImageOfPage\":{\"@id\":\"https:\\\/\\\/gohike.lv\\\/ru\\\/produkts\\\/gear-aid-aquasure-fd-remonta-lime\\\/#primaryimage\"},\"image\":{\"@id\":\"https:\\\/\\\/gohike.lv\\\/ru\\\/produkts\\\/gear-aid-aquasure-fd-remonta-lime\\\/#primaryimage\"},\"thumbnailUrl\":\"https:\\\/\\\/gohike.lv\\\/wp-content\\\/uploads\\\/2025\\\/04\\\/AquasureFD_28g_.webp\",\"datePublished\":\"2025-04-04T13:58:51+00:00\",\"dateModified\":\"2026-01-28T16:59:30+00:00\",\"description\":\"\u016adensiztur\u012bga, elast\u012bga poliuret\u0101na l\u012bme, kas ir ide\u0101li piem\u0113rota visu veidu \u0101ra apr\u012bkojuma, \u012bpa\u0161i neopr\u0113na un \u016bdensiztur\u012bgu t\u0113rpu, remontam.\",\"breadcrumb\":{\"@id\":\"https:\\\/\\\/gohike.lv\\\/ru\\\/produkts\\\/gear-aid-aquasure-fd-remonta-lime\\\/#breadcrumb\"},\"inLanguage\":\"ru-RU\",\"potentialAction\":[{\"@type\":\"ReadAction\",\"target\":[\"https:\\\/\\\/gohike.lv\\\/ru\\\/produkts\\\/gear-aid-aquasure-fd-remonta-lime\\\/\"]}]},{\"@type\":\"ImageObject\",\"inLanguage\":\"ru-RU\",\"@id\":\"https:\\\/\\\/gohike.lv\\\/ru\\\/produkts\\\/gear-aid-aquasure-fd-remonta-lime\\\/#primaryimage\",\"url\":\"https:\\\/\\\/gohike.lv\\\/wp-content\\\/uploads\\\/2025\\\/04\\\/AquasureFD_28g_.webp\",\"contentUrl\":\"https:\\\/\\\/gohike.lv\\\/wp-content\\\/uploads\\\/2025\\\/04\\\/AquasureFD_28g_.webp\",\"width\":1200,\"height\":1200},{\"@type\":\"BreadcrumbList\",\"@id\":\"https:\\\/\\\/gohike.lv\\\/ru\\\/produkts\\\/gear-aid-aquasure-fd-remonta-lime\\\/#breadcrumb\",\"itemListElement\":[{\"@type\":\"ListItem\",\"position\":1,\"name\":\"\u0413\u043b\u0430\u0432\u043d\u0430\u044f\",\"item\":\"https:\\\/\\\/gohike.lv\\\/ru\\\/\"},{\"@type\":\"ListItem\",\"position\":2,\"name\":\"\u041a\u0430\u0442\u0435\u0433\u043e\u0440\u0438\u0438 \u0442\u043e\u0432\u0430\u0440\u043e\u0432\",\"item\":\"https:\\\/\\\/gohike.lv\\\/%d0%ba%d0%b0%d1%82%d0%b5%d0%b3%d0%be%d1%80%d0%b8%d0%b8-%d1%82%d0%be%d0%b2%d0%b0%d1%80%d0%be%d0%b2\\\/\"},{\"@type\":\"ListItem\",\"position\":3,\"name\":\"GEAR AID &#8211; Aquasure FD remonta l\u012bme\"}]},{\"@type\":\"WebSite\",\"@id\":\"https:\\\/\\\/gohike.lv\\\/ru\\\/#website\",\"url\":\"https:\\\/\\\/gohike.lv\\\/ru\\\/\",\"name\":\"GoHike\",\"description\":\"\",\"publisher\":{\"@id\":\"https:\\\/\\\/gohike.lv\\\/ru\\\/#organization\"},\"potentialAction\":[{\"@type\":\"SearchAction\",\"target\":{\"@type\":\"EntryPoint\",\"urlTemplate\":\"https:\\\/\\\/gohike.lv\\\/ru\\\/?s={search_term_string}\"},\"query-input\":{\"@type\":\"PropertyValueSpecification\",\"valueRequired\":true,\"valueName\":\"search_term_string\"}}],\"inLanguage\":\"ru-RU\"},{\"@type\":\"Organization\",\"@id\":\"https:\\\/\\\/gohike.lv\\\/ru\\\/#organization\",\"name\":\"GoHike\",\"url\":\"https:\\\/\\\/gohike.lv\\\/ru\\\/\",\"logo\":{\"@type\":\"ImageObject\",\"inLanguage\":\"ru-RU\",\"@id\":\"https:\\\/\\\/gohike.lv\\\/ru\\\/#\\\/schema\\\/logo\\\/image\\\/\",\"url\":\"https:\\\/\\\/gohike.lv\\\/wp-content\\\/uploads\\\/2023\\\/08\\\/Logo_GoHike.webp\",\"contentUrl\":\"https:\\\/\\\/gohike.lv\\\/wp-content\\\/uploads\\\/2023\\\/08\\\/Logo_GoHike.webp\",\"width\":512,\"height\":512,\"caption\":\"GoHike\"},\"image\":{\"@id\":\"https:\\\/\\\/gohike.lv\\\/ru\\\/#\\\/schema\\\/logo\\\/image\\\/\"},\"sameAs\":[\"https:\\\/\\\/www.facebook.com\\\/gohike.shop\\\/\",\"https:\\\/\\\/www.instagram.com\\\/gohike.shop\\\/\"]}]}<\/script>\n<!-- \/ Yoast SEO plugin. -->","yoast_head_json":{"title":"GEAR AID Aquasure FD remonta l\u012bme","description":"\u016adensiztur\u012bga, elast\u012bga poliuret\u0101na l\u012bme, kas ir ide\u0101li piem\u0113rota visu veidu \u0101ra apr\u012bkojuma, \u012bpa\u0161i neopr\u0113na un \u016bdensiztur\u012bgu t\u0113rpu, remontam.","robots":{"index":"index","follow":"follow","max-snippet":"max-snippet:-1","max-image-preview":"max-image-preview:large","max-video-preview":"max-video-preview:-1"},"canonical":"https:\/\/gohike.lv\/ru\/produkts\/gear-aid-aquasure-fd-remonta-lime\/","og_locale":"ru_RU","og_type":"article","og_title":"GEAR AID Aquasure FD remonta l\u012bme","og_description":"\u016adensiztur\u012bga, elast\u012bga poliuret\u0101na l\u012bme, kas ir ide\u0101li piem\u0113rota visu veidu \u0101ra apr\u012bkojuma, \u012bpa\u0161i neopr\u0113na un \u016bdensiztur\u012bgu t\u0113rpu, remontam.","og_url":"https:\/\/gohike.lv\/ru\/produkts\/gear-aid-aquasure-fd-remonta-lime\/","og_site_name":"GoHike","article_publisher":"https:\/\/www.facebook.com\/gohike.shop\/","article_modified_time":"2026-01-28T16:59:30+00:00","og_image":[{"width":1200,"height":1200,"url":"https:\/\/gohike.lv\/wp-content\/uploads\/2025\/04\/AquasureFD_28g_.webp","type":"image\/webp"}],"twitter_card":"summary_large_image","twitter_title":"GEAR AID Aquasure FD remonta l\u012bme","twitter_misc":{"\u041f\u0440\u0438\u043c\u0435\u0440\u043d\u043e\u0435 \u0432\u0440\u0435\u043c\u044f \u0434\u043b\u044f \u0447\u0442\u0435\u043d\u0438\u044f":"2 \u043c\u0438\u043d\u0443\u0442\u0430"},"schema":{"@context":"https:\/\/schema.org","@graph":[{"@type":["WebPage","ItemPage"],"@id":"https:\/\/gohike.lv\/ru\/produkts\/gear-aid-aquasure-fd-remonta-lime\/","url":"https:\/\/gohike.lv\/ru\/produkts\/gear-aid-aquasure-fd-remonta-lime\/","name":"GEAR AID Aquasure FD remonta l\u012bme","isPartOf":{"@id":"https:\/\/gohike.lv\/ru\/#website"},"primaryImageOfPage":{"@id":"https:\/\/gohike.lv\/ru\/produkts\/gear-aid-aquasure-fd-remonta-lime\/#primaryimage"},"image":{"@id":"https:\/\/gohike.lv\/ru\/produkts\/gear-aid-aquasure-fd-remonta-lime\/#primaryimage"},"thumbnailUrl":"https:\/\/gohike.lv\/wp-content\/uploads\/2025\/04\/AquasureFD_28g_.webp","datePublished":"2025-04-04T13:58:51+00:00","dateModified":"2026-01-28T16:59:30+00:00","description":"\u016adensiztur\u012bga, elast\u012bga poliuret\u0101na l\u012bme, kas ir ide\u0101li piem\u0113rota visu veidu \u0101ra apr\u012bkojuma, \u012bpa\u0161i neopr\u0113na un \u016bdensiztur\u012bgu t\u0113rpu, remontam.","breadcrumb":{"@id":"https:\/\/gohike.lv\/ru\/produkts\/gear-aid-aquasure-fd-remonta-lime\/#breadcrumb"},"inLanguage":"ru-RU","potentialAction":[{"@type":"ReadAction","target":["https:\/\/gohike.lv\/ru\/produkts\/gear-aid-aquasure-fd-remonta-lime\/"]}]},{"@type":"ImageObject","inLanguage":"ru-RU","@id":"https:\/\/gohike.lv\/ru\/produkts\/gear-aid-aquasure-fd-remonta-lime\/#primaryimage","url":"https:\/\/gohike.lv\/wp-content\/uploads\/2025\/04\/AquasureFD_28g_.webp","contentUrl":"https:\/\/gohike.lv\/wp-content\/uploads\/2025\/04\/AquasureFD_28g_.webp","width":1200,"height":1200},{"@type":"BreadcrumbList","@id":"https:\/\/gohike.lv\/ru\/produkts\/gear-aid-aquasure-fd-remonta-lime\/#breadcrumb","itemListElement":[{"@type":"ListItem","position":1,"name":"\u0413\u043b\u0430\u0432\u043d\u0430\u044f","item":"https:\/\/gohike.lv\/ru\/"},{"@type":"ListItem","position":2,"name":"\u041a\u0430\u0442\u0435\u0433\u043e\u0440\u0438\u0438 \u0442\u043e\u0432\u0430\u0440\u043e\u0432","item":"https:\/\/gohike.lv\/%d0%ba%d0%b0%d1%82%d0%b5%d0%b3%d0%be%d1%80%d0%b8%d0%b8-%d1%82%d0%be%d0%b2%d0%b0%d1%80%d0%be%d0%b2\/"},{"@type":"ListItem","position":3,"name":"GEAR AID &#8211; Aquasure FD remonta l\u012bme"}]},{"@type":"WebSite","@id":"https:\/\/gohike.lv\/ru\/#website","url":"https:\/\/gohike.lv\/ru\/","name":"GoHike","description":"","publisher":{"@id":"https:\/\/gohike.lv\/ru\/#organization"},"potentialAction":[{"@type":"SearchAction","target":{"@type":"EntryPoint","urlTemplate":"https:\/\/gohike.lv\/ru\/?s={search_term_string}"},"query-input":{"@type":"PropertyValueSpecification","valueRequired":true,"valueName":"search_term_string"}}],"inLanguage":"ru-RU"},{"@type":"Organization","@id":"https:\/\/gohike.lv\/ru\/#organization","name":"GoHike","url":"https:\/\/gohike.lv\/ru\/","logo":{"@type":"ImageObject","inLanguage":"ru-RU","@id":"https:\/\/gohike.lv\/ru\/#\/schema\/logo\/image\/","url":"https:\/\/gohike.lv\/wp-content\/uploads\/2023\/08\/Logo_GoHike.webp","contentUrl":"https:\/\/gohike.lv\/wp-content\/uploads\/2023\/08\/Logo_GoHike.webp","width":512,"height":512,"caption":"GoHike"},"image":{"@id":"https:\/\/gohike.lv\/ru\/#\/schema\/logo\/image\/"},"sameAs":["https:\/\/www.facebook.com\/gohike.shop\/","https:\/\/www.instagram.com\/gohike.shop\/"]}]}},"jetpack_sharing_enabled":true,"_links":{"self":[{"href":"https:\/\/gohike.lv\/ru\/wp-json\/wp\/v2\/product\/77994","targetHints":{"allow":["GET"]}}],"collection":[{"href":"https:\/\/gohike.lv\/ru\/wp-json\/wp\/v2\/product"}],"about":[{"href":"https:\/\/gohike.lv\/ru\/wp-json\/wp\/v2\/types\/product"}],"version-history":[{"count":0,"href":"https:\/\/gohike.lv\/ru\/wp-json\/wp\/v2\/product\/77994\/revisions"}],"wp:featuredmedia":[{"embeddable":true,"href":"https:\/\/gohike.lv\/ru\/wp-json\/wp\/v2\/media\/77996"}],"wp:attachment":[{"href":"https:\/\/gohike.lv\/ru\/wp-json\/wp\/v2\/media?parent=77994"}],"wp:term":[{"taxonomy":"product_brand","embeddable":true,"href":"https:\/\/gohike.lv\/ru\/wp-json\/wp\/v2\/product_brand?post=77994"},{"taxonomy":"product_cat","embeddable":true,"href":"https:\/\/gohike.lv\/ru\/wp-json\/wp\/v2\/product_cat?post=77994"},{"taxonomy":"product_tag","embeddable":true,"href":"https:\/\/gohike.lv\/ru\/wp-json\/wp\/v2\/product_tag?post=77994"}],"curies":[{"name":"wp","href":"https:\/\/api.w.org\/{rel}","templated":true}]}}