{"id":77907,"date":"2025-04-04T16:57:58","date_gmt":"2025-04-04T13:57:58","guid":{"rendered":"https:\/\/gohike.lv\/produkts\/gear-aid-heroclip-mini\/"},"modified":"2026-01-02T07:51:53","modified_gmt":"2026-01-02T04:51:53","slug":"gear-aid-heroclip-mini","status":"publish","type":"product","link":"https:\/\/gohike.lv\/ru\/produkts\/gear-aid-heroclip-mini\/","title":{"rendered":"GEAR AID &#8212; Heroclip Mini"},"content":{"rendered":"<p>Ar savu unik\u0101lo 360\u00b0 rot\u0113jo\u0161o \u0101\u0137i, \u013cauj piek\u0101rt un uzk\u0101rt nelielus priek\u0161metus, piem\u0113ram, gaismek\u013cus pie telts vai koka zara, somas un tualetes piederumu komplektus pie dvie\u013cu tur\u0113t\u0101jiem<br \/>\nGalven\u0101s \u012bpa\u0161\u012bbas:<br \/>\n\u2714 360\u00b0 rot\u0113jo\u0161s \u0101\u0137is ar pretizsl\u012bd\u0113\u0161anas gumijas galu;<br \/>\n\u2714 Pla\u0161\u0101ks aizb\u012bd\u0146a meh\u0101nisms nek\u0101 parastaj\u0101m karab\u012bn\u0113m;<br \/>\n\u2714 Var sasaloc\u012bt kompakt\u0101 form\u0101;<br \/>\n\u2714 Pivota savienojumi \u013cauj piek\u0101rt priek\u0161metus pat \u0161aur\u0101s viet\u0101s.<br \/>\nTehniskie parametri:<br \/>\nMaksim\u0101l\u0101 slodze: 18 kg;<br \/>\nMateri\u0101li: met\u0101la konstrukcija ar gumijas galu;<br \/>\nIzmanto\u0161anas iesp\u0113jas:<br \/>\n\u2022 Kemping\u0101 un p\u0101rg\u0101jienos;<br \/>\n\u2022 Priek\u0161metu organiz\u0113\u0161anai m\u0101j\u0101s;<br \/>\n\u2022 Ce\u013cojumos;<br \/>\n\u2022 Sporta aktivit\u0101t\u0113s.<\/p>\n","protected":false},"excerpt":{"rendered":"<p>Kompakta un iztur\u012bga Heroclip Mini karab\u012bne \u013cauj piekarin\u0101t un organiz\u0113t nelielus priek\u0161metus, maksim\u0101l\u0101 slodze: 18 kg.<\/p>\n","protected":false},"featured_media":77909,"template":"","meta":[],"product_brand":[13248],"product_cat":[13256,13265],"product_tag":[],"class_list":{"0":"post-77907","1":"product","2":"type-product","3":"status-publish","4":"has-post-thumbnail","6":"product_brand-gear-aid-ru","7":"product_cat-13256","8":"product_cat-13265","9":"pa_izmerscm-10-74-5","10":"pa_materiali-metala-konstrukcija-ar-gumijas-galu","11":"pa_produkta-tips-13263","12":"pa_saliktas-preces-izmerscm-5-74-5","13":"pa_spalva-sarkans","14":"pa_spalva-zils","16":"first","17":"instock","18":"taxable","19":"shipping-taxable","20":"purchasable","21":"product-type-variable","22":"has-default-attributes"},"raw_content":{"name":"GEAR AID - Heroclip Mini","description":"Ar savu unik\u0101lo 360\u00b0 rot\u0113jo\u0161o \u0101\u0137i, \u013cauj piek\u0101rt un uzk\u0101rt nelielus priek\u0161metus, piem\u0113ram, gaismek\u013cus pie telts vai koka zara, somas un tualetes piederumu komplektus pie dvie\u013cu tur\u0113t\u0101jiem\nGalven\u0101s \u012bpa\u0161\u012bbas:\n\u2714 360\u00b0 rot\u0113jo\u0161s \u0101\u0137is ar pretizsl\u012bd\u0113\u0161anas gumijas galu;\n\u2714 Pla\u0161\u0101ks aizb\u012bd\u0146a meh\u0101nisms nek\u0101 parastaj\u0101m karab\u012bn\u0113m;\n\u2714 Var sasaloc\u012bt kompakt\u0101 form\u0101;\n\u2714 Pivota savienojumi \u013cauj piek\u0101rt priek\u0161metus pat \u0161aur\u0101s viet\u0101s.\nTehniskie parametri:\nMaksim\u0101l\u0101 slodze: 18 kg;\nMateri\u0101li: met\u0101la konstrukcija ar gumijas galu;\nIzmanto\u0161anas iesp\u0113jas:\n\u2022 Kemping\u0101 un p\u0101rg\u0101jienos;\n\u2022 Priek\u0161metu organiz\u0113\u0161anai m\u0101j\u0101s;\n\u2022 Ce\u013cojumos;\n\u2022 Sporta aktivit\u0101t\u0113s.","short_description":"Kompakta un iztur\u012bga Heroclip Mini karab\u012bne \u013cauj piekarin\u0101t un organiz\u0113t nelielus priek\u0161metus, maksim\u0101l\u0101 slodze: 18 kg.","status":"publish","sku":"graid0001","original":77907},"wpml":{"translation_type":0,"has_translations":false,"original":77907,"duplicates":[],"translations":{"lv":77907,"en":null,"ru":null}},"supplier_id":null,"supplier_sku":"","barcode":null,"atum_controlled":true,"out_stock_date":null,"out_stock_threshold":null,"inheritable":true,"inbound_stock":0,"stock_on_hold":0,"sold_today":0,"sales_last_days":0,"reserved_stock":0,"customer_returns":0,"warehouse_damage":0,"lost_in_post":0,"other_logs":0,"out_stock_days":0,"lost_sales":0,"has_location":false,"update_date":"2025-12-30T14:25:12","atum_locations":[],"atum_stock_status":"instock","restock_status":false,"low_stock_amount":"","sales_update_date":"2025-11-13T14:07:39","calc_backorders":null,"yoast_head":"<!-- This site is optimized with the Yoast SEO plugin v27.3 - https:\/\/yoast.com\/product\/yoast-seo-wordpress\/ -->\n<title>GEAR AID Heroclip Mini<\/title>\n<meta name=\"description\" content=\"Kompakta un iztur\u012bga Heroclip Mini karab\u012bne \u013cauj piekarin\u0101t un organiz\u0113t nelielus priek\u0161metus, maksim\u0101l\u0101 slodze: 18 kg.\" \/>\n<meta name=\"robots\" content=\"index, follow, max-snippet:-1, max-image-preview:large, max-video-preview:-1\" \/>\n<link rel=\"canonical\" href=\"https:\/\/gohike.lv\/ru\/produkts\/gear-aid-heroclip-mini\/\" \/>\n<meta property=\"og:locale\" content=\"ru_RU\" \/>\n<meta property=\"og:type\" content=\"article\" \/>\n<meta property=\"og:title\" content=\"GEAR AID Heroclip Mini\" \/>\n<meta property=\"og:description\" content=\"Kompakta un iztur\u012bga Heroclip Mini karab\u012bne \u013cauj piekarin\u0101t un organiz\u0113t nelielus priek\u0161metus, maksim\u0101l\u0101 slodze: 18 kg.\" \/>\n<meta property=\"og:url\" content=\"https:\/\/gohike.lv\/ru\/produkts\/gear-aid-heroclip-mini\/\" \/>\n<meta property=\"og:site_name\" content=\"GoHike\" \/>\n<meta property=\"article:publisher\" content=\"https:\/\/www.facebook.com\/gohike.shop\/\" \/>\n<meta property=\"article:modified_time\" content=\"2026-01-02T04:51:53+00:00\" \/>\n<meta property=\"og:image\" content=\"https:\/\/gohike.lv\/wp-content\/uploads\/2025\/04\/Heroclip_red.webp\" \/>\n\t<meta property=\"og:image:width\" content=\"1000\" \/>\n\t<meta property=\"og:image:height\" content=\"1000\" \/>\n\t<meta property=\"og:image:type\" content=\"image\/webp\" \/>\n<meta name=\"twitter:card\" content=\"summary_large_image\" \/>\n<meta name=\"twitter:title\" content=\"GEAR AID Heroclip Mini\" \/>\n<meta name=\"twitter:label1\" content=\"\u041f\u0440\u0438\u043c\u0435\u0440\u043d\u043e\u0435 \u0432\u0440\u0435\u043c\u044f \u0434\u043b\u044f \u0447\u0442\u0435\u043d\u0438\u044f\" \/>\n\t<meta name=\"twitter:data1\" content=\"1 \u043c\u0438\u043d\u0443\u0442\u0430\" \/>\n<script type=\"application\/ld+json\" class=\"yoast-schema-graph\">{\"@context\":\"https:\\\/\\\/schema.org\",\"@graph\":[{\"@type\":[\"WebPage\",\"ItemPage\"],\"@id\":\"https:\\\/\\\/gohike.lv\\\/ru\\\/produkts\\\/gear-aid-heroclip-mini\\\/\",\"url\":\"https:\\\/\\\/gohike.lv\\\/ru\\\/produkts\\\/gear-aid-heroclip-mini\\\/\",\"name\":\"GEAR AID Heroclip Mini\",\"isPartOf\":{\"@id\":\"https:\\\/\\\/gohike.lv\\\/ru\\\/#website\"},\"primaryImageOfPage\":{\"@id\":\"https:\\\/\\\/gohike.lv\\\/ru\\\/produkts\\\/gear-aid-heroclip-mini\\\/#primaryimage\"},\"image\":{\"@id\":\"https:\\\/\\\/gohike.lv\\\/ru\\\/produkts\\\/gear-aid-heroclip-mini\\\/#primaryimage\"},\"thumbnailUrl\":\"https:\\\/\\\/gohike.lv\\\/wp-content\\\/uploads\\\/2025\\\/04\\\/Heroclip_red.webp\",\"datePublished\":\"2025-04-04T13:57:58+00:00\",\"dateModified\":\"2026-01-02T04:51:53+00:00\",\"description\":\"Kompakta un iztur\u012bga Heroclip Mini karab\u012bne \u013cauj piekarin\u0101t un organiz\u0113t nelielus priek\u0161metus, maksim\u0101l\u0101 slodze: 18 kg.\",\"breadcrumb\":{\"@id\":\"https:\\\/\\\/gohike.lv\\\/ru\\\/produkts\\\/gear-aid-heroclip-mini\\\/#breadcrumb\"},\"inLanguage\":\"ru-RU\",\"potentialAction\":[{\"@type\":\"ReadAction\",\"target\":[\"https:\\\/\\\/gohike.lv\\\/ru\\\/produkts\\\/gear-aid-heroclip-mini\\\/\"]}]},{\"@type\":\"ImageObject\",\"inLanguage\":\"ru-RU\",\"@id\":\"https:\\\/\\\/gohike.lv\\\/ru\\\/produkts\\\/gear-aid-heroclip-mini\\\/#primaryimage\",\"url\":\"https:\\\/\\\/gohike.lv\\\/wp-content\\\/uploads\\\/2025\\\/04\\\/Heroclip_red.webp\",\"contentUrl\":\"https:\\\/\\\/gohike.lv\\\/wp-content\\\/uploads\\\/2025\\\/04\\\/Heroclip_red.webp\",\"width\":1000,\"height\":1000},{\"@type\":\"BreadcrumbList\",\"@id\":\"https:\\\/\\\/gohike.lv\\\/ru\\\/produkts\\\/gear-aid-heroclip-mini\\\/#breadcrumb\",\"itemListElement\":[{\"@type\":\"ListItem\",\"position\":1,\"name\":\"\u0413\u043b\u0430\u0432\u043d\u0430\u044f\",\"item\":\"https:\\\/\\\/gohike.lv\\\/ru\\\/\"},{\"@type\":\"ListItem\",\"position\":2,\"name\":\"\u041a\u0430\u0442\u0435\u0433\u043e\u0440\u0438\u0438 \u0442\u043e\u0432\u0430\u0440\u043e\u0432\",\"item\":\"https:\\\/\\\/gohike.lv\\\/%d0%ba%d0%b0%d1%82%d0%b5%d0%b3%d0%be%d1%80%d0%b8%d0%b8-%d1%82%d0%be%d0%b2%d0%b0%d1%80%d0%be%d0%b2\\\/\"},{\"@type\":\"ListItem\",\"position\":3,\"name\":\"GEAR AID &#8211; Heroclip Mini\"}]},{\"@type\":\"WebSite\",\"@id\":\"https:\\\/\\\/gohike.lv\\\/ru\\\/#website\",\"url\":\"https:\\\/\\\/gohike.lv\\\/ru\\\/\",\"name\":\"GoHike\",\"description\":\"\",\"publisher\":{\"@id\":\"https:\\\/\\\/gohike.lv\\\/ru\\\/#organization\"},\"potentialAction\":[{\"@type\":\"SearchAction\",\"target\":{\"@type\":\"EntryPoint\",\"urlTemplate\":\"https:\\\/\\\/gohike.lv\\\/ru\\\/?s={search_term_string}\"},\"query-input\":{\"@type\":\"PropertyValueSpecification\",\"valueRequired\":true,\"valueName\":\"search_term_string\"}}],\"inLanguage\":\"ru-RU\"},{\"@type\":\"Organization\",\"@id\":\"https:\\\/\\\/gohike.lv\\\/ru\\\/#organization\",\"name\":\"GoHike\",\"url\":\"https:\\\/\\\/gohike.lv\\\/ru\\\/\",\"logo\":{\"@type\":\"ImageObject\",\"inLanguage\":\"ru-RU\",\"@id\":\"https:\\\/\\\/gohike.lv\\\/ru\\\/#\\\/schema\\\/logo\\\/image\\\/\",\"url\":\"https:\\\/\\\/gohike.lv\\\/wp-content\\\/uploads\\\/2023\\\/08\\\/Logo_GoHike.webp\",\"contentUrl\":\"https:\\\/\\\/gohike.lv\\\/wp-content\\\/uploads\\\/2023\\\/08\\\/Logo_GoHike.webp\",\"width\":512,\"height\":512,\"caption\":\"GoHike\"},\"image\":{\"@id\":\"https:\\\/\\\/gohike.lv\\\/ru\\\/#\\\/schema\\\/logo\\\/image\\\/\"},\"sameAs\":[\"https:\\\/\\\/www.facebook.com\\\/gohike.shop\\\/\",\"https:\\\/\\\/www.instagram.com\\\/gohike.shop\\\/\"]}]}<\/script>\n<!-- \/ Yoast SEO plugin. -->","yoast_head_json":{"title":"GEAR AID Heroclip Mini","description":"Kompakta un iztur\u012bga Heroclip Mini karab\u012bne \u013cauj piekarin\u0101t un organiz\u0113t nelielus priek\u0161metus, maksim\u0101l\u0101 slodze: 18 kg.","robots":{"index":"index","follow":"follow","max-snippet":"max-snippet:-1","max-image-preview":"max-image-preview:large","max-video-preview":"max-video-preview:-1"},"canonical":"https:\/\/gohike.lv\/ru\/produkts\/gear-aid-heroclip-mini\/","og_locale":"ru_RU","og_type":"article","og_title":"GEAR AID Heroclip Mini","og_description":"Kompakta un iztur\u012bga Heroclip Mini karab\u012bne \u013cauj piekarin\u0101t un organiz\u0113t nelielus priek\u0161metus, maksim\u0101l\u0101 slodze: 18 kg.","og_url":"https:\/\/gohike.lv\/ru\/produkts\/gear-aid-heroclip-mini\/","og_site_name":"GoHike","article_publisher":"https:\/\/www.facebook.com\/gohike.shop\/","article_modified_time":"2026-01-02T04:51:53+00:00","og_image":[{"width":1000,"height":1000,"url":"https:\/\/gohike.lv\/wp-content\/uploads\/2025\/04\/Heroclip_red.webp","type":"image\/webp"}],"twitter_card":"summary_large_image","twitter_title":"GEAR AID Heroclip Mini","twitter_misc":{"\u041f\u0440\u0438\u043c\u0435\u0440\u043d\u043e\u0435 \u0432\u0440\u0435\u043c\u044f \u0434\u043b\u044f \u0447\u0442\u0435\u043d\u0438\u044f":"1 \u043c\u0438\u043d\u0443\u0442\u0430"},"schema":{"@context":"https:\/\/schema.org","@graph":[{"@type":["WebPage","ItemPage"],"@id":"https:\/\/gohike.lv\/ru\/produkts\/gear-aid-heroclip-mini\/","url":"https:\/\/gohike.lv\/ru\/produkts\/gear-aid-heroclip-mini\/","name":"GEAR AID Heroclip Mini","isPartOf":{"@id":"https:\/\/gohike.lv\/ru\/#website"},"primaryImageOfPage":{"@id":"https:\/\/gohike.lv\/ru\/produkts\/gear-aid-heroclip-mini\/#primaryimage"},"image":{"@id":"https:\/\/gohike.lv\/ru\/produkts\/gear-aid-heroclip-mini\/#primaryimage"},"thumbnailUrl":"https:\/\/gohike.lv\/wp-content\/uploads\/2025\/04\/Heroclip_red.webp","datePublished":"2025-04-04T13:57:58+00:00","dateModified":"2026-01-02T04:51:53+00:00","description":"Kompakta un iztur\u012bga Heroclip Mini karab\u012bne \u013cauj piekarin\u0101t un organiz\u0113t nelielus priek\u0161metus, maksim\u0101l\u0101 slodze: 18 kg.","breadcrumb":{"@id":"https:\/\/gohike.lv\/ru\/produkts\/gear-aid-heroclip-mini\/#breadcrumb"},"inLanguage":"ru-RU","potentialAction":[{"@type":"ReadAction","target":["https:\/\/gohike.lv\/ru\/produkts\/gear-aid-heroclip-mini\/"]}]},{"@type":"ImageObject","inLanguage":"ru-RU","@id":"https:\/\/gohike.lv\/ru\/produkts\/gear-aid-heroclip-mini\/#primaryimage","url":"https:\/\/gohike.lv\/wp-content\/uploads\/2025\/04\/Heroclip_red.webp","contentUrl":"https:\/\/gohike.lv\/wp-content\/uploads\/2025\/04\/Heroclip_red.webp","width":1000,"height":1000},{"@type":"BreadcrumbList","@id":"https:\/\/gohike.lv\/ru\/produkts\/gear-aid-heroclip-mini\/#breadcrumb","itemListElement":[{"@type":"ListItem","position":1,"name":"\u0413\u043b\u0430\u0432\u043d\u0430\u044f","item":"https:\/\/gohike.lv\/ru\/"},{"@type":"ListItem","position":2,"name":"\u041a\u0430\u0442\u0435\u0433\u043e\u0440\u0438\u0438 \u0442\u043e\u0432\u0430\u0440\u043e\u0432","item":"https:\/\/gohike.lv\/%d0%ba%d0%b0%d1%82%d0%b5%d0%b3%d0%be%d1%80%d0%b8%d0%b8-%d1%82%d0%be%d0%b2%d0%b0%d1%80%d0%be%d0%b2\/"},{"@type":"ListItem","position":3,"name":"GEAR AID &#8211; Heroclip Mini"}]},{"@type":"WebSite","@id":"https:\/\/gohike.lv\/ru\/#website","url":"https:\/\/gohike.lv\/ru\/","name":"GoHike","description":"","publisher":{"@id":"https:\/\/gohike.lv\/ru\/#organization"},"potentialAction":[{"@type":"SearchAction","target":{"@type":"EntryPoint","urlTemplate":"https:\/\/gohike.lv\/ru\/?s={search_term_string}"},"query-input":{"@type":"PropertyValueSpecification","valueRequired":true,"valueName":"search_term_string"}}],"inLanguage":"ru-RU"},{"@type":"Organization","@id":"https:\/\/gohike.lv\/ru\/#organization","name":"GoHike","url":"https:\/\/gohike.lv\/ru\/","logo":{"@type":"ImageObject","inLanguage":"ru-RU","@id":"https:\/\/gohike.lv\/ru\/#\/schema\/logo\/image\/","url":"https:\/\/gohike.lv\/wp-content\/uploads\/2023\/08\/Logo_GoHike.webp","contentUrl":"https:\/\/gohike.lv\/wp-content\/uploads\/2023\/08\/Logo_GoHike.webp","width":512,"height":512,"caption":"GoHike"},"image":{"@id":"https:\/\/gohike.lv\/ru\/#\/schema\/logo\/image\/"},"sameAs":["https:\/\/www.facebook.com\/gohike.shop\/","https:\/\/www.instagram.com\/gohike.shop\/"]}]}},"jetpack_sharing_enabled":true,"_links":{"self":[{"href":"https:\/\/gohike.lv\/ru\/wp-json\/wp\/v2\/product\/77907","targetHints":{"allow":["GET"]}}],"collection":[{"href":"https:\/\/gohike.lv\/ru\/wp-json\/wp\/v2\/product"}],"about":[{"href":"https:\/\/gohike.lv\/ru\/wp-json\/wp\/v2\/types\/product"}],"version-history":[{"count":0,"href":"https:\/\/gohike.lv\/ru\/wp-json\/wp\/v2\/product\/77907\/revisions"}],"wp:featuredmedia":[{"embeddable":true,"href":"https:\/\/gohike.lv\/ru\/wp-json\/wp\/v2\/media\/77909"}],"wp:attachment":[{"href":"https:\/\/gohike.lv\/ru\/wp-json\/wp\/v2\/media?parent=77907"}],"wp:term":[{"taxonomy":"product_brand","embeddable":true,"href":"https:\/\/gohike.lv\/ru\/wp-json\/wp\/v2\/product_brand?post=77907"},{"taxonomy":"product_cat","embeddable":true,"href":"https:\/\/gohike.lv\/ru\/wp-json\/wp\/v2\/product_cat?post=77907"},{"taxonomy":"product_tag","embeddable":true,"href":"https:\/\/gohike.lv\/ru\/wp-json\/wp\/v2\/product_tag?post=77907"}],"curies":[{"name":"wp","href":"https:\/\/api.w.org\/{rel}","templated":true}]}}