{"id":77828,"date":"2025-04-04T16:24:18","date_gmt":"2025-04-04T13:24:18","guid":{"rendered":"https:\/\/gohike.lv\/produkts\/lightmyfire-swedish-fireknife-nazis-krams\/"},"modified":"2025-12-30T17:24:23","modified_gmt":"2025-12-30T14:24:23","slug":"lightmyfire-swedish-fireknife-nazis-krams","status":"publish","type":"product","link":"https:\/\/gohike.lv\/ru\/produkts\/lightmyfire-swedish-fireknife-nazis-krams\/","title":{"rendered":"LightMyFire &#8212; Swedish FireKnife nazis\/krams"},"content":{"rendered":"<p>Galven\u0101s \u012bpa\u0161\u012bbas:<br \/>\n\u2714 Nazis + uguns iedzin\u0101t\u0101js \u2013 divi vien\u0101;<br \/>\n\u2714 Asmens: 8,9 cm, 12C27 klases ner\u016bs\u0113jo\u0161ais t\u0113rauds (80% p\u0101rstr\u0101d\u0101ts);<br \/>\n\u2714 Uguns iedzin\u0101t\u0101js: t\u0101 resurss sv\u0101rst\u0101s l\u012bdz 3000 dzirkste\u013cu k\u016b\u013ciem (dzirksteles l\u012bdz 2980\u00b0C);<br \/>\n\u2714 90\u00b0 asmens mugura \u2013 optim\u0101la dzirkste\u013cu rad\u012b\u0161anai;<br \/>\n\u2714 Biolo\u0123iski no\u0101rd\u0101ms rokturis un futl\u0101ris \u2013 kokosrieksta \u0161\u0137iedras un bioplastmasas mais\u012bjums.<br \/>\nTehniskie parametri:<br \/>\nAsmens garums: 8,9 cm;<br \/>\nKop\u0113jais garums: 22 cm;<br \/>\nSvars: 119 g;<br \/>\nDzirkste\u013cu temperat\u016bra: 2980\u00b0C.<br \/>\nIzmanto\u0161anas iesp\u0113jas:<br \/>\n\u2022 Koksnes skald\u012b\u0161ana ugunskura veido\u0161anai;<br \/>\n\u2022 Dzirkste\u013cu rad\u012b\u0161ana jebkuros laikapst\u0101k\u013cos;<br \/>\n\u2022 P\u0101rtikas sagatavo\u0161ana un citu uzdevumu veik\u0161ana;<br \/>\n\u2022 Izgl\u012btojo\u0161s r\u012bks b\u0113rniem (ar pieaugu\u0161o uzraudz\u012bbu).<br \/>\nRa\u017eots Zviedrij\u0101 no ilgtsp\u0113j\u012bgiem materi\u0101liem.<\/p>\n","protected":false},"excerpt":{"rendered":"<p>Kompakts nazis ar ieb\u016bv\u0113tu uguns iedzin\u0101t\u0101ju (3000 iedarbin\u0101jumu) no 80% p\u0101rstr\u0101d\u0101ta ner\u016bs\u0113jo\u0161\u0101 t\u0113rauda. Iztur\u012bgs, ar biolo\u0123iski no\u0101rd\u0101mu rokturi un futl\u0101ri.<\/p>\n","protected":false},"featured_media":77830,"template":"","meta":[],"product_brand":[12815],"product_cat":[1056],"product_tag":[],"class_list":{"0":"post-77828","1":"product","2":"type-product","3":"status-publish","4":"has-post-thumbnail","6":"product_brand-lightmyfire","7":"product_cat-nazi-un-zagi","8":"pa_izmerscm-224-53-5","9":"pa_produkta-tips-krami","10":"pa_produkta-tips-nazi","12":"first","13":"instock","14":"taxable","15":"shipping-taxable","16":"purchasable","17":"product-type-simple"},"raw_content":{"name":"LightMyFire - Swedish FireKnife nazis\/krams","description":"Galven\u0101s \u012bpa\u0161\u012bbas:\n\u2714 Nazis + uguns iedzin\u0101t\u0101js \u2013 divi vien\u0101;\n\u2714 Asmens: 8,9 cm, 12C27 klases ner\u016bs\u0113jo\u0161ais t\u0113rauds (80% p\u0101rstr\u0101d\u0101ts);\n\u2714 Uguns iedzin\u0101t\u0101js: t\u0101 resurss sv\u0101rst\u0101s l\u012bdz 3000 dzirkste\u013cu k\u016b\u013ciem (dzirksteles l\u012bdz 2980\u00b0C);\n\u2714 90\u00b0 asmens mugura \u2013 optim\u0101la dzirkste\u013cu rad\u012b\u0161anai;\n\u2714 Biolo\u0123iski no\u0101rd\u0101ms rokturis un futl\u0101ris \u2013 kokosrieksta \u0161\u0137iedras un bioplastmasas mais\u012bjums.\nTehniskie parametri:\nAsmens garums: 8,9 cm;\nKop\u0113jais garums: 22 cm;\nSvars: 119 g;\nDzirkste\u013cu temperat\u016bra: 2980\u00b0C.\nIzmanto\u0161anas iesp\u0113jas:\n\u2022 Koksnes skald\u012b\u0161ana ugunskura veido\u0161anai;\n\u2022 Dzirkste\u013cu rad\u012b\u0161ana jebkuros laikapst\u0101k\u013cos;\n\u2022 P\u0101rtikas sagatavo\u0161ana un citu uzdevumu veik\u0161ana;\n\u2022 Izgl\u012btojo\u0161s r\u012bks b\u0113rniem (ar pieaugu\u0161o uzraudz\u012bbu).\nRa\u017eots Zviedrij\u0101 no ilgtsp\u0113j\u012bgiem materi\u0101liem.","short_description":"Kompakts nazis ar ieb\u016bv\u0113tu uguns iedzin\u0101t\u0101ju (3000 iedarbin\u0101jumu) no 80% p\u0101rstr\u0101d\u0101ta ner\u016bs\u0113jo\u0161\u0101 t\u0113rauda. Iztur\u012bgs, ar biolo\u0123iski no\u0101rd\u0101mu rokturi un futl\u0101ri.","status":"publish","sku":"2121101210","original":77828},"wpml":{"translation_type":0,"has_translations":false,"original":77828,"duplicates":[],"translations":{"lv":77828,"en":null,"ru":null}},"supplier_id":null,"supplier_sku":"","barcode":null,"atum_controlled":true,"out_stock_date":null,"out_stock_threshold":null,"inheritable":false,"inbound_stock":0,"stock_on_hold":0,"sold_today":0,"sales_last_days":0,"reserved_stock":0,"customer_returns":0,"warehouse_damage":0,"lost_in_post":0,"other_logs":0,"out_stock_days":0,"lost_sales":0,"has_location":false,"update_date":"2025-12-30T14:25:12","atum_locations":[],"atum_stock_status":"instock","restock_status":false,"low_stock_amount":"","sales_update_date":"2025-11-13T14:09:01","calc_backorders":null,"yoast_head":"<!-- This site is optimized with the Yoast SEO plugin v27.3 - https:\/\/yoast.com\/product\/yoast-seo-wordpress\/ -->\n<title>LightMyFire Swedish FireKnife nazis\/krams<\/title>\n<meta name=\"description\" content=\"Kompakts nazis ar ieb\u016bv\u0113tu uguns iedzin\u0101t\u0101ju (3000 iedarbin\u0101jumu) no 80% p\u0101rstr\u0101d\u0101ta ner\u016bs\u0113jo\u0161\u0101 t\u0113rauda. Iztur\u012bgs, ar biolo\u0123iski no\u0101rd\u0101mu rokturi un futl\u0101ri.\" \/>\n<meta name=\"robots\" content=\"index, follow, max-snippet:-1, max-image-preview:large, max-video-preview:-1\" \/>\n<link rel=\"canonical\" href=\"https:\/\/gohike.lv\/ru\/produkts\/lightmyfire-swedish-fireknife-nazis-krams\/\" \/>\n<meta property=\"og:locale\" content=\"ru_RU\" \/>\n<meta property=\"og:type\" content=\"article\" \/>\n<meta property=\"og:title\" content=\"LightMyFire Swedish FireKnife nazis\/krams\" \/>\n<meta property=\"og:description\" content=\"Kompakts nazis ar ieb\u016bv\u0113tu uguns iedzin\u0101t\u0101ju (3000 iedarbin\u0101jumu) no 80% p\u0101rstr\u0101d\u0101ta ner\u016bs\u0113jo\u0161\u0101 t\u0113rauda. Iztur\u012bgs, ar biolo\u0123iski no\u0101rd\u0101mu rokturi un futl\u0101ri.\" \/>\n<meta property=\"og:url\" content=\"https:\/\/gohike.lv\/ru\/produkts\/lightmyfire-swedish-fireknife-nazis-krams\/\" \/>\n<meta property=\"og:site_name\" content=\"GoHike\" \/>\n<meta property=\"article:publisher\" content=\"https:\/\/www.facebook.com\/gohike.shop\/\" \/>\n<meta property=\"article:modified_time\" content=\"2025-12-30T14:24:23+00:00\" \/>\n<meta property=\"og:image\" content=\"https:\/\/gohike.lv\/wp-content\/uploads\/2025\/04\/FireKnife_-4.jpg\" \/>\n\t<meta property=\"og:image:width\" content=\"1000\" \/>\n\t<meta property=\"og:image:height\" content=\"1000\" \/>\n\t<meta property=\"og:image:type\" content=\"image\/jpeg\" \/>\n<meta name=\"twitter:card\" content=\"summary_large_image\" \/>\n<meta name=\"twitter:title\" content=\"LightMyFire Swedish FireKnife nazis\/krams\" \/>\n<meta name=\"twitter:label1\" content=\"\u041f\u0440\u0438\u043c\u0435\u0440\u043d\u043e\u0435 \u0432\u0440\u0435\u043c\u044f \u0434\u043b\u044f \u0447\u0442\u0435\u043d\u0438\u044f\" \/>\n\t<meta name=\"twitter:data1\" content=\"1 \u043c\u0438\u043d\u0443\u0442\u0430\" \/>\n<script type=\"application\/ld+json\" class=\"yoast-schema-graph\">{\"@context\":\"https:\\\/\\\/schema.org\",\"@graph\":[{\"@type\":[\"WebPage\",\"ItemPage\"],\"@id\":\"https:\\\/\\\/gohike.lv\\\/ru\\\/produkts\\\/lightmyfire-swedish-fireknife-nazis-krams\\\/\",\"url\":\"https:\\\/\\\/gohike.lv\\\/ru\\\/produkts\\\/lightmyfire-swedish-fireknife-nazis-krams\\\/\",\"name\":\"LightMyFire Swedish FireKnife nazis\\\/krams\",\"isPartOf\":{\"@id\":\"https:\\\/\\\/gohike.lv\\\/ru\\\/#website\"},\"primaryImageOfPage\":{\"@id\":\"https:\\\/\\\/gohike.lv\\\/ru\\\/produkts\\\/lightmyfire-swedish-fireknife-nazis-krams\\\/#primaryimage\"},\"image\":{\"@id\":\"https:\\\/\\\/gohike.lv\\\/ru\\\/produkts\\\/lightmyfire-swedish-fireknife-nazis-krams\\\/#primaryimage\"},\"thumbnailUrl\":\"https:\\\/\\\/gohike.lv\\\/wp-content\\\/uploads\\\/2025\\\/04\\\/FireKnife_-4.jpg\",\"datePublished\":\"2025-04-04T13:24:18+00:00\",\"dateModified\":\"2025-12-30T14:24:23+00:00\",\"description\":\"Kompakts nazis ar ieb\u016bv\u0113tu uguns iedzin\u0101t\u0101ju (3000 iedarbin\u0101jumu) no 80% p\u0101rstr\u0101d\u0101ta ner\u016bs\u0113jo\u0161\u0101 t\u0113rauda. Iztur\u012bgs, ar biolo\u0123iski no\u0101rd\u0101mu rokturi un futl\u0101ri.\",\"breadcrumb\":{\"@id\":\"https:\\\/\\\/gohike.lv\\\/ru\\\/produkts\\\/lightmyfire-swedish-fireknife-nazis-krams\\\/#breadcrumb\"},\"inLanguage\":\"ru-RU\",\"potentialAction\":[{\"@type\":\"ReadAction\",\"target\":[\"https:\\\/\\\/gohike.lv\\\/ru\\\/produkts\\\/lightmyfire-swedish-fireknife-nazis-krams\\\/\"]}]},{\"@type\":\"ImageObject\",\"inLanguage\":\"ru-RU\",\"@id\":\"https:\\\/\\\/gohike.lv\\\/ru\\\/produkts\\\/lightmyfire-swedish-fireknife-nazis-krams\\\/#primaryimage\",\"url\":\"https:\\\/\\\/gohike.lv\\\/wp-content\\\/uploads\\\/2025\\\/04\\\/FireKnife_-4.jpg\",\"contentUrl\":\"https:\\\/\\\/gohike.lv\\\/wp-content\\\/uploads\\\/2025\\\/04\\\/FireKnife_-4.jpg\",\"width\":1000,\"height\":1000},{\"@type\":\"BreadcrumbList\",\"@id\":\"https:\\\/\\\/gohike.lv\\\/ru\\\/produkts\\\/lightmyfire-swedish-fireknife-nazis-krams\\\/#breadcrumb\",\"itemListElement\":[{\"@type\":\"ListItem\",\"position\":1,\"name\":\"\u0413\u043b\u0430\u0432\u043d\u0430\u044f\",\"item\":\"https:\\\/\\\/gohike.lv\\\/ru\\\/\"},{\"@type\":\"ListItem\",\"position\":2,\"name\":\"\u041a\u0430\u0442\u0435\u0433\u043e\u0440\u0438\u0438 \u0442\u043e\u0432\u0430\u0440\u043e\u0432\",\"item\":\"https:\\\/\\\/gohike.lv\\\/%d0%ba%d0%b0%d1%82%d0%b5%d0%b3%d0%be%d1%80%d0%b8%d0%b8-%d1%82%d0%be%d0%b2%d0%b0%d1%80%d0%be%d0%b2\\\/\"},{\"@type\":\"ListItem\",\"position\":3,\"name\":\"LightMyFire &#8211; Swedish FireKnife nazis\\\/krams\"}]},{\"@type\":\"WebSite\",\"@id\":\"https:\\\/\\\/gohike.lv\\\/ru\\\/#website\",\"url\":\"https:\\\/\\\/gohike.lv\\\/ru\\\/\",\"name\":\"GoHike\",\"description\":\"\",\"publisher\":{\"@id\":\"https:\\\/\\\/gohike.lv\\\/ru\\\/#organization\"},\"potentialAction\":[{\"@type\":\"SearchAction\",\"target\":{\"@type\":\"EntryPoint\",\"urlTemplate\":\"https:\\\/\\\/gohike.lv\\\/ru\\\/?s={search_term_string}\"},\"query-input\":{\"@type\":\"PropertyValueSpecification\",\"valueRequired\":true,\"valueName\":\"search_term_string\"}}],\"inLanguage\":\"ru-RU\"},{\"@type\":\"Organization\",\"@id\":\"https:\\\/\\\/gohike.lv\\\/ru\\\/#organization\",\"name\":\"GoHike\",\"url\":\"https:\\\/\\\/gohike.lv\\\/ru\\\/\",\"logo\":{\"@type\":\"ImageObject\",\"inLanguage\":\"ru-RU\",\"@id\":\"https:\\\/\\\/gohike.lv\\\/ru\\\/#\\\/schema\\\/logo\\\/image\\\/\",\"url\":\"https:\\\/\\\/gohike.lv\\\/wp-content\\\/uploads\\\/2023\\\/08\\\/Logo_GoHike.webp\",\"contentUrl\":\"https:\\\/\\\/gohike.lv\\\/wp-content\\\/uploads\\\/2023\\\/08\\\/Logo_GoHike.webp\",\"width\":512,\"height\":512,\"caption\":\"GoHike\"},\"image\":{\"@id\":\"https:\\\/\\\/gohike.lv\\\/ru\\\/#\\\/schema\\\/logo\\\/image\\\/\"},\"sameAs\":[\"https:\\\/\\\/www.facebook.com\\\/gohike.shop\\\/\",\"https:\\\/\\\/www.instagram.com\\\/gohike.shop\\\/\"]}]}<\/script>\n<!-- \/ Yoast SEO plugin. -->","yoast_head_json":{"title":"LightMyFire Swedish FireKnife nazis\/krams","description":"Kompakts nazis ar ieb\u016bv\u0113tu uguns iedzin\u0101t\u0101ju (3000 iedarbin\u0101jumu) no 80% p\u0101rstr\u0101d\u0101ta ner\u016bs\u0113jo\u0161\u0101 t\u0113rauda. Iztur\u012bgs, ar biolo\u0123iski no\u0101rd\u0101mu rokturi un futl\u0101ri.","robots":{"index":"index","follow":"follow","max-snippet":"max-snippet:-1","max-image-preview":"max-image-preview:large","max-video-preview":"max-video-preview:-1"},"canonical":"https:\/\/gohike.lv\/ru\/produkts\/lightmyfire-swedish-fireknife-nazis-krams\/","og_locale":"ru_RU","og_type":"article","og_title":"LightMyFire Swedish FireKnife nazis\/krams","og_description":"Kompakts nazis ar ieb\u016bv\u0113tu uguns iedzin\u0101t\u0101ju (3000 iedarbin\u0101jumu) no 80% p\u0101rstr\u0101d\u0101ta ner\u016bs\u0113jo\u0161\u0101 t\u0113rauda. Iztur\u012bgs, ar biolo\u0123iski no\u0101rd\u0101mu rokturi un futl\u0101ri.","og_url":"https:\/\/gohike.lv\/ru\/produkts\/lightmyfire-swedish-fireknife-nazis-krams\/","og_site_name":"GoHike","article_publisher":"https:\/\/www.facebook.com\/gohike.shop\/","article_modified_time":"2025-12-30T14:24:23+00:00","og_image":[{"width":1000,"height":1000,"url":"https:\/\/gohike.lv\/wp-content\/uploads\/2025\/04\/FireKnife_-4.jpg","type":"image\/jpeg"}],"twitter_card":"summary_large_image","twitter_title":"LightMyFire Swedish FireKnife nazis\/krams","twitter_misc":{"\u041f\u0440\u0438\u043c\u0435\u0440\u043d\u043e\u0435 \u0432\u0440\u0435\u043c\u044f \u0434\u043b\u044f \u0447\u0442\u0435\u043d\u0438\u044f":"1 \u043c\u0438\u043d\u0443\u0442\u0430"},"schema":{"@context":"https:\/\/schema.org","@graph":[{"@type":["WebPage","ItemPage"],"@id":"https:\/\/gohike.lv\/ru\/produkts\/lightmyfire-swedish-fireknife-nazis-krams\/","url":"https:\/\/gohike.lv\/ru\/produkts\/lightmyfire-swedish-fireknife-nazis-krams\/","name":"LightMyFire Swedish FireKnife nazis\/krams","isPartOf":{"@id":"https:\/\/gohike.lv\/ru\/#website"},"primaryImageOfPage":{"@id":"https:\/\/gohike.lv\/ru\/produkts\/lightmyfire-swedish-fireknife-nazis-krams\/#primaryimage"},"image":{"@id":"https:\/\/gohike.lv\/ru\/produkts\/lightmyfire-swedish-fireknife-nazis-krams\/#primaryimage"},"thumbnailUrl":"https:\/\/gohike.lv\/wp-content\/uploads\/2025\/04\/FireKnife_-4.jpg","datePublished":"2025-04-04T13:24:18+00:00","dateModified":"2025-12-30T14:24:23+00:00","description":"Kompakts nazis ar ieb\u016bv\u0113tu uguns iedzin\u0101t\u0101ju (3000 iedarbin\u0101jumu) no 80% p\u0101rstr\u0101d\u0101ta ner\u016bs\u0113jo\u0161\u0101 t\u0113rauda. Iztur\u012bgs, ar biolo\u0123iski no\u0101rd\u0101mu rokturi un futl\u0101ri.","breadcrumb":{"@id":"https:\/\/gohike.lv\/ru\/produkts\/lightmyfire-swedish-fireknife-nazis-krams\/#breadcrumb"},"inLanguage":"ru-RU","potentialAction":[{"@type":"ReadAction","target":["https:\/\/gohike.lv\/ru\/produkts\/lightmyfire-swedish-fireknife-nazis-krams\/"]}]},{"@type":"ImageObject","inLanguage":"ru-RU","@id":"https:\/\/gohike.lv\/ru\/produkts\/lightmyfire-swedish-fireknife-nazis-krams\/#primaryimage","url":"https:\/\/gohike.lv\/wp-content\/uploads\/2025\/04\/FireKnife_-4.jpg","contentUrl":"https:\/\/gohike.lv\/wp-content\/uploads\/2025\/04\/FireKnife_-4.jpg","width":1000,"height":1000},{"@type":"BreadcrumbList","@id":"https:\/\/gohike.lv\/ru\/produkts\/lightmyfire-swedish-fireknife-nazis-krams\/#breadcrumb","itemListElement":[{"@type":"ListItem","position":1,"name":"\u0413\u043b\u0430\u0432\u043d\u0430\u044f","item":"https:\/\/gohike.lv\/ru\/"},{"@type":"ListItem","position":2,"name":"\u041a\u0430\u0442\u0435\u0433\u043e\u0440\u0438\u0438 \u0442\u043e\u0432\u0430\u0440\u043e\u0432","item":"https:\/\/gohike.lv\/%d0%ba%d0%b0%d1%82%d0%b5%d0%b3%d0%be%d1%80%d0%b8%d0%b8-%d1%82%d0%be%d0%b2%d0%b0%d1%80%d0%be%d0%b2\/"},{"@type":"ListItem","position":3,"name":"LightMyFire &#8211; Swedish FireKnife nazis\/krams"}]},{"@type":"WebSite","@id":"https:\/\/gohike.lv\/ru\/#website","url":"https:\/\/gohike.lv\/ru\/","name":"GoHike","description":"","publisher":{"@id":"https:\/\/gohike.lv\/ru\/#organization"},"potentialAction":[{"@type":"SearchAction","target":{"@type":"EntryPoint","urlTemplate":"https:\/\/gohike.lv\/ru\/?s={search_term_string}"},"query-input":{"@type":"PropertyValueSpecification","valueRequired":true,"valueName":"search_term_string"}}],"inLanguage":"ru-RU"},{"@type":"Organization","@id":"https:\/\/gohike.lv\/ru\/#organization","name":"GoHike","url":"https:\/\/gohike.lv\/ru\/","logo":{"@type":"ImageObject","inLanguage":"ru-RU","@id":"https:\/\/gohike.lv\/ru\/#\/schema\/logo\/image\/","url":"https:\/\/gohike.lv\/wp-content\/uploads\/2023\/08\/Logo_GoHike.webp","contentUrl":"https:\/\/gohike.lv\/wp-content\/uploads\/2023\/08\/Logo_GoHike.webp","width":512,"height":512,"caption":"GoHike"},"image":{"@id":"https:\/\/gohike.lv\/ru\/#\/schema\/logo\/image\/"},"sameAs":["https:\/\/www.facebook.com\/gohike.shop\/","https:\/\/www.instagram.com\/gohike.shop\/"]}]}},"jetpack_sharing_enabled":true,"_links":{"self":[{"href":"https:\/\/gohike.lv\/ru\/wp-json\/wp\/v2\/product\/77828","targetHints":{"allow":["GET"]}}],"collection":[{"href":"https:\/\/gohike.lv\/ru\/wp-json\/wp\/v2\/product"}],"about":[{"href":"https:\/\/gohike.lv\/ru\/wp-json\/wp\/v2\/types\/product"}],"version-history":[{"count":1,"href":"https:\/\/gohike.lv\/ru\/wp-json\/wp\/v2\/product\/77828\/revisions"}],"predecessor-version":[{"id":118866,"href":"https:\/\/gohike.lv\/ru\/wp-json\/wp\/v2\/product\/77828\/revisions\/118866"}],"wp:featuredmedia":[{"embeddable":true,"href":"https:\/\/gohike.lv\/ru\/wp-json\/wp\/v2\/media\/77830"}],"wp:attachment":[{"href":"https:\/\/gohike.lv\/ru\/wp-json\/wp\/v2\/media?parent=77828"}],"wp:term":[{"taxonomy":"product_brand","embeddable":true,"href":"https:\/\/gohike.lv\/ru\/wp-json\/wp\/v2\/product_brand?post=77828"},{"taxonomy":"product_cat","embeddable":true,"href":"https:\/\/gohike.lv\/ru\/wp-json\/wp\/v2\/product_cat?post=77828"},{"taxonomy":"product_tag","embeddable":true,"href":"https:\/\/gohike.lv\/ru\/wp-json\/wp\/v2\/product_tag?post=77828"}],"curies":[{"name":"wp","href":"https:\/\/api.w.org\/{rel}","templated":true}]}}