{"id":77768,"date":"2025-04-04T16:24:18","date_gmt":"2025-04-04T13:24:18","guid":{"rendered":"https:\/\/gohike.lv\/produkts\/lightmyfire-swedish-spork-nerusejosa-terauda-edamriks\/"},"modified":"2026-02-06T19:49:04","modified_gmt":"2026-02-06T16:49:04","slug":"lightmyfire-swedish-spork-nerusejosa-terauda-edamriks","status":"publish","type":"product","link":"https:\/\/gohike.lv\/ru\/produkts\/lightmyfire-swedish-spork-nerusejosa-terauda-edamriks\/","title":{"rendered":"LightMyFire &#8212; Swedish Spork ner\u016bs\u0113jo\u0161\u0101 t\u0113rauda \u0113damr\u012bks"},"content":{"rendered":"<p>Galven\u0101s \u012bpa\u0161\u012bbas:<br \/>\n\u2714 Tr\u012bs-vien\u0101: karote, dak\u0161a un nazis;<br \/>\n\u2714 Iztur\u012bgs materi\u0101ls \u2013 18\/8 klases ner\u016bs\u0113jo\u0161ais t\u0113rauds (61% p\u0101rstr\u0101d\u0101ts);<br \/>\n\u2714 Ilgm\u016b\u017e\u012bgs \u2013 kalpos vair\u0101kas paaudzes.<br \/>\nTehniskie parametri:<br \/>\nMateri\u0101ls: 18\/8 ner\u016bs\u0113jo\u0161ais t\u0113rauds (61% p\u0101rstr\u0101d\u0101ts);<br \/>\nIzm\u0113ri: 17 cm \u00d7 4 cm \u00d7 0,1 cm;<br \/>\nSvars: 33 g;<br \/>\nRa\u017eots Zviedrij\u0101;<br \/>\nApbalvojumi: Svensk Form dizaina balva &#171;Lieti\u0161\u0137\u0101 m\u0101ksla&#187; kategorij\u0101.<br \/>\nPriek\u0161roc\u012bbas:<br \/>\n\u2705 Ekolo\u0123isks \u2013 samazina plastmasas izmanto\u0161anu;<br \/>\n\u2705 Kompakts \u2013 ide\u0101li ietilpst jebkur\u0101 mugursom\u0101 vai ce\u013cojumu ekip\u0113jum\u0101;<br \/>\n\u2705 Viegli t\u012br\u0101ms \u2013 mazg\u0101jams trauku mazg\u0101jamaj\u0101 ma\u0161\u012bn\u0101;<br \/>\n\u2705 Dro\u0161s gatavo\u0161anai \u2013 iztur netie\u0161u sild\u012b\u0161anu (piem., uz ogl\u0113m).<\/p>\n","protected":false},"excerpt":{"rendered":"<p>Daudzfunkcion\u0101ls r\u012bks no 61% p\u0101rstr\u0101d\u0101ta ner\u016bs\u0113jo\u0161\u0101 t\u0113rauda. Ekolo\u0123isks un iztur\u012bgs risin\u0101jums ce\u013cojumiem, kempingam un ikdienas izmanto\u0161anai.<\/p>\n","protected":false},"featured_media":77770,"template":"","meta":[],"product_brand":[12815],"product_cat":[1012],"product_tag":[],"class_list":{"0":"post-77768","1":"product","2":"type-product","3":"status-publish","4":"has-post-thumbnail","6":"product_brand-lightmyfire","7":"product_cat-virtuves-piederumi","8":"pa_izmerscm-12834","9":"pa_izmerscm-17-4-0","10":"pa_materiali-8-8-nerusejosais-terauds-61-parstradats","11":"pa_produkta-tips-galda-piederumi","13":"first","14":"instock","15":"taxable","16":"shipping-taxable","17":"purchasable","18":"product-type-simple"},"raw_content":{"name":"LightMyFire - Swedish Spork ner\u016bs\u0113jo\u0161\u0101 t\u0113rauda \u0113damr\u012bks","description":"Galven\u0101s \u012bpa\u0161\u012bbas:\n\u2714 Tr\u012bs-vien\u0101: karote, dak\u0161a un nazis;\n\u2714 Iztur\u012bgs materi\u0101ls \u2013 18\/8 klases ner\u016bs\u0113jo\u0161ais t\u0113rauds (61% p\u0101rstr\u0101d\u0101ts);\n\u2714 Ilgm\u016b\u017e\u012bgs \u2013 kalpos vair\u0101kas paaudzes.\nTehniskie parametri:\nMateri\u0101ls: 18\/8 ner\u016bs\u0113jo\u0161ais t\u0113rauds (61% p\u0101rstr\u0101d\u0101ts);\nIzm\u0113ri: 17 cm \u00d7 4 cm \u00d7 0,1 cm;\nSvars: 33 g;\nRa\u017eots Zviedrij\u0101;\nApbalvojumi: Svensk Form dizaina balva \"Lieti\u0161\u0137\u0101 m\u0101ksla\" kategorij\u0101.\nPriek\u0161roc\u012bbas:\n\u2705 Ekolo\u0123isks \u2013 samazina plastmasas izmanto\u0161anu;\n\u2705 Kompakts \u2013 ide\u0101li ietilpst jebkur\u0101 mugursom\u0101 vai ce\u013cojumu ekip\u0113jum\u0101;\n\u2705 Viegli t\u012br\u0101ms \u2013 mazg\u0101jams trauku mazg\u0101jamaj\u0101 ma\u0161\u012bn\u0101;\n\u2705 Dro\u0161s gatavo\u0161anai \u2013 iztur netie\u0161u sild\u012b\u0161anu (piem., uz ogl\u0113m).","short_description":"Daudzfunkcion\u0101ls r\u012bks no 61% p\u0101rstr\u0101d\u0101ta ner\u016bs\u0113jo\u0161\u0101 t\u0113rauda. Ekolo\u0123isks un iztur\u012bgs risin\u0101jums ce\u013cojumiem, kempingam un ikdienas izmanto\u0161anai.","status":"publish","sku":"4222414610","original":77768},"wpml":{"translation_type":0,"has_translations":false,"original":77768,"duplicates":[],"translations":{"lv":77768,"en":null,"ru":null}},"supplier_id":null,"supplier_sku":"","barcode":null,"atum_controlled":true,"out_stock_date":null,"out_stock_threshold":null,"inheritable":false,"inbound_stock":0,"stock_on_hold":0,"sold_today":0,"sales_last_days":1,"reserved_stock":0,"customer_returns":0,"warehouse_damage":0,"lost_in_post":0,"other_logs":0,"out_stock_days":0,"lost_sales":0,"has_location":false,"update_date":"2026-02-09T19:21:10","atum_locations":[],"atum_stock_status":"instock","restock_status":false,"low_stock_amount":"","sales_update_date":"2026-02-09T19:21:10","calc_backorders":null,"yoast_head":"<!-- This site is optimized with the Yoast SEO plugin v27.3 - https:\/\/yoast.com\/product\/yoast-seo-wordpress\/ -->\n<title>LightMyFire Swedish Spork ner\u016bs\u0113jo\u0161\u0101 t\u0113rauda \u0113damr\u012bks<\/title>\n<meta name=\"description\" content=\"Daudzfunkcion\u0101ls r\u012bks no 61% p\u0101rstr\u0101d\u0101ta ner\u016bs\u0113jo\u0161\u0101 t\u0113rauda. Ekolo\u0123isks un iztur\u012bgs risin\u0101jums ce\u013cojumiem, kempingam un ikdienas izmanto\u0161anai.\" \/>\n<meta name=\"robots\" content=\"index, follow, max-snippet:-1, max-image-preview:large, max-video-preview:-1\" \/>\n<link rel=\"canonical\" href=\"https:\/\/gohike.lv\/ru\/produkts\/lightmyfire-swedish-spork-nerusejosa-terauda-edamriks\/\" \/>\n<meta property=\"og:locale\" content=\"ru_RU\" \/>\n<meta property=\"og:type\" content=\"article\" \/>\n<meta property=\"og:title\" content=\"LightMyFire Swedish Spork ner\u016bs\u0113jo\u0161\u0101 t\u0113rauda \u0113damr\u012bks\" \/>\n<meta property=\"og:description\" content=\"Daudzfunkcion\u0101ls r\u012bks no 61% p\u0101rstr\u0101d\u0101ta ner\u016bs\u0113jo\u0161\u0101 t\u0113rauda. Ekolo\u0123isks un iztur\u012bgs risin\u0101jums ce\u013cojumiem, kempingam un ikdienas izmanto\u0161anai.\" \/>\n<meta property=\"og:url\" content=\"https:\/\/gohike.lv\/ru\/produkts\/lightmyfire-swedish-spork-nerusejosa-terauda-edamriks\/\" \/>\n<meta property=\"og:site_name\" content=\"GoHike\" \/>\n<meta property=\"article:publisher\" content=\"https:\/\/www.facebook.com\/gohike.shop\/\" \/>\n<meta property=\"article:modified_time\" content=\"2026-02-06T16:49:04+00:00\" \/>\n<meta property=\"og:image\" content=\"https:\/\/gohike.lv\/wp-content\/uploads\/2025\/04\/StainlessSpork_-4.jpg\" \/>\n\t<meta property=\"og:image:width\" content=\"1000\" \/>\n\t<meta property=\"og:image:height\" content=\"1000\" \/>\n\t<meta property=\"og:image:type\" content=\"image\/jpeg\" \/>\n<meta name=\"twitter:card\" content=\"summary_large_image\" \/>\n<meta name=\"twitter:title\" content=\"LightMyFire Swedish Spork ner\u016bs\u0113jo\u0161\u0101 t\u0113rauda \u0113damr\u012bks\" \/>\n<meta name=\"twitter:label1\" content=\"\u041f\u0440\u0438\u043c\u0435\u0440\u043d\u043e\u0435 \u0432\u0440\u0435\u043c\u044f \u0434\u043b\u044f \u0447\u0442\u0435\u043d\u0438\u044f\" \/>\n\t<meta name=\"twitter:data1\" content=\"1 \u043c\u0438\u043d\u0443\u0442\u0430\" \/>\n<script type=\"application\/ld+json\" class=\"yoast-schema-graph\">{\"@context\":\"https:\\\/\\\/schema.org\",\"@graph\":[{\"@type\":[\"WebPage\",\"ItemPage\"],\"@id\":\"https:\\\/\\\/gohike.lv\\\/ru\\\/produkts\\\/lightmyfire-swedish-spork-nerusejosa-terauda-edamriks\\\/\",\"url\":\"https:\\\/\\\/gohike.lv\\\/ru\\\/produkts\\\/lightmyfire-swedish-spork-nerusejosa-terauda-edamriks\\\/\",\"name\":\"LightMyFire Swedish Spork ner\u016bs\u0113jo\u0161\u0101 t\u0113rauda \u0113damr\u012bks\",\"isPartOf\":{\"@id\":\"https:\\\/\\\/gohike.lv\\\/ru\\\/#website\"},\"primaryImageOfPage\":{\"@id\":\"https:\\\/\\\/gohike.lv\\\/ru\\\/produkts\\\/lightmyfire-swedish-spork-nerusejosa-terauda-edamriks\\\/#primaryimage\"},\"image\":{\"@id\":\"https:\\\/\\\/gohike.lv\\\/ru\\\/produkts\\\/lightmyfire-swedish-spork-nerusejosa-terauda-edamriks\\\/#primaryimage\"},\"thumbnailUrl\":\"https:\\\/\\\/gohike.lv\\\/wp-content\\\/uploads\\\/2025\\\/04\\\/StainlessSpork_-4.jpg\",\"datePublished\":\"2025-04-04T13:24:18+00:00\",\"dateModified\":\"2026-02-06T16:49:04+00:00\",\"description\":\"Daudzfunkcion\u0101ls r\u012bks no 61% p\u0101rstr\u0101d\u0101ta ner\u016bs\u0113jo\u0161\u0101 t\u0113rauda. Ekolo\u0123isks un iztur\u012bgs risin\u0101jums ce\u013cojumiem, kempingam un ikdienas izmanto\u0161anai.\",\"breadcrumb\":{\"@id\":\"https:\\\/\\\/gohike.lv\\\/ru\\\/produkts\\\/lightmyfire-swedish-spork-nerusejosa-terauda-edamriks\\\/#breadcrumb\"},\"inLanguage\":\"ru-RU\",\"potentialAction\":[{\"@type\":\"ReadAction\",\"target\":[\"https:\\\/\\\/gohike.lv\\\/ru\\\/produkts\\\/lightmyfire-swedish-spork-nerusejosa-terauda-edamriks\\\/\"]}]},{\"@type\":\"ImageObject\",\"inLanguage\":\"ru-RU\",\"@id\":\"https:\\\/\\\/gohike.lv\\\/ru\\\/produkts\\\/lightmyfire-swedish-spork-nerusejosa-terauda-edamriks\\\/#primaryimage\",\"url\":\"https:\\\/\\\/gohike.lv\\\/wp-content\\\/uploads\\\/2025\\\/04\\\/StainlessSpork_-4.jpg\",\"contentUrl\":\"https:\\\/\\\/gohike.lv\\\/wp-content\\\/uploads\\\/2025\\\/04\\\/StainlessSpork_-4.jpg\",\"width\":1000,\"height\":1000},{\"@type\":\"BreadcrumbList\",\"@id\":\"https:\\\/\\\/gohike.lv\\\/ru\\\/produkts\\\/lightmyfire-swedish-spork-nerusejosa-terauda-edamriks\\\/#breadcrumb\",\"itemListElement\":[{\"@type\":\"ListItem\",\"position\":1,\"name\":\"\u0413\u043b\u0430\u0432\u043d\u0430\u044f\",\"item\":\"https:\\\/\\\/gohike.lv\\\/ru\\\/\"},{\"@type\":\"ListItem\",\"position\":2,\"name\":\"\u041a\u0430\u0442\u0435\u0433\u043e\u0440\u0438\u0438 \u0442\u043e\u0432\u0430\u0440\u043e\u0432\",\"item\":\"https:\\\/\\\/gohike.lv\\\/%d0%ba%d0%b0%d1%82%d0%b5%d0%b3%d0%be%d1%80%d0%b8%d0%b8-%d1%82%d0%be%d0%b2%d0%b0%d1%80%d0%be%d0%b2\\\/\"},{\"@type\":\"ListItem\",\"position\":3,\"name\":\"LightMyFire &#8211; Swedish Spork ner\u016bs\u0113jo\u0161\u0101 t\u0113rauda \u0113damr\u012bks\"}]},{\"@type\":\"WebSite\",\"@id\":\"https:\\\/\\\/gohike.lv\\\/ru\\\/#website\",\"url\":\"https:\\\/\\\/gohike.lv\\\/ru\\\/\",\"name\":\"GoHike\",\"description\":\"\",\"publisher\":{\"@id\":\"https:\\\/\\\/gohike.lv\\\/ru\\\/#organization\"},\"potentialAction\":[{\"@type\":\"SearchAction\",\"target\":{\"@type\":\"EntryPoint\",\"urlTemplate\":\"https:\\\/\\\/gohike.lv\\\/ru\\\/?s={search_term_string}\"},\"query-input\":{\"@type\":\"PropertyValueSpecification\",\"valueRequired\":true,\"valueName\":\"search_term_string\"}}],\"inLanguage\":\"ru-RU\"},{\"@type\":\"Organization\",\"@id\":\"https:\\\/\\\/gohike.lv\\\/ru\\\/#organization\",\"name\":\"GoHike\",\"url\":\"https:\\\/\\\/gohike.lv\\\/ru\\\/\",\"logo\":{\"@type\":\"ImageObject\",\"inLanguage\":\"ru-RU\",\"@id\":\"https:\\\/\\\/gohike.lv\\\/ru\\\/#\\\/schema\\\/logo\\\/image\\\/\",\"url\":\"https:\\\/\\\/gohike.lv\\\/wp-content\\\/uploads\\\/2023\\\/08\\\/Logo_GoHike.webp\",\"contentUrl\":\"https:\\\/\\\/gohike.lv\\\/wp-content\\\/uploads\\\/2023\\\/08\\\/Logo_GoHike.webp\",\"width\":512,\"height\":512,\"caption\":\"GoHike\"},\"image\":{\"@id\":\"https:\\\/\\\/gohike.lv\\\/ru\\\/#\\\/schema\\\/logo\\\/image\\\/\"},\"sameAs\":[\"https:\\\/\\\/www.facebook.com\\\/gohike.shop\\\/\",\"https:\\\/\\\/www.instagram.com\\\/gohike.shop\\\/\"]}]}<\/script>\n<!-- \/ Yoast SEO plugin. -->","yoast_head_json":{"title":"LightMyFire Swedish Spork ner\u016bs\u0113jo\u0161\u0101 t\u0113rauda \u0113damr\u012bks","description":"Daudzfunkcion\u0101ls r\u012bks no 61% p\u0101rstr\u0101d\u0101ta ner\u016bs\u0113jo\u0161\u0101 t\u0113rauda. Ekolo\u0123isks un iztur\u012bgs risin\u0101jums ce\u013cojumiem, kempingam un ikdienas izmanto\u0161anai.","robots":{"index":"index","follow":"follow","max-snippet":"max-snippet:-1","max-image-preview":"max-image-preview:large","max-video-preview":"max-video-preview:-1"},"canonical":"https:\/\/gohike.lv\/ru\/produkts\/lightmyfire-swedish-spork-nerusejosa-terauda-edamriks\/","og_locale":"ru_RU","og_type":"article","og_title":"LightMyFire Swedish Spork ner\u016bs\u0113jo\u0161\u0101 t\u0113rauda \u0113damr\u012bks","og_description":"Daudzfunkcion\u0101ls r\u012bks no 61% p\u0101rstr\u0101d\u0101ta ner\u016bs\u0113jo\u0161\u0101 t\u0113rauda. Ekolo\u0123isks un iztur\u012bgs risin\u0101jums ce\u013cojumiem, kempingam un ikdienas izmanto\u0161anai.","og_url":"https:\/\/gohike.lv\/ru\/produkts\/lightmyfire-swedish-spork-nerusejosa-terauda-edamriks\/","og_site_name":"GoHike","article_publisher":"https:\/\/www.facebook.com\/gohike.shop\/","article_modified_time":"2026-02-06T16:49:04+00:00","og_image":[{"width":1000,"height":1000,"url":"https:\/\/gohike.lv\/wp-content\/uploads\/2025\/04\/StainlessSpork_-4.jpg","type":"image\/jpeg"}],"twitter_card":"summary_large_image","twitter_title":"LightMyFire Swedish Spork ner\u016bs\u0113jo\u0161\u0101 t\u0113rauda \u0113damr\u012bks","twitter_misc":{"\u041f\u0440\u0438\u043c\u0435\u0440\u043d\u043e\u0435 \u0432\u0440\u0435\u043c\u044f \u0434\u043b\u044f \u0447\u0442\u0435\u043d\u0438\u044f":"1 \u043c\u0438\u043d\u0443\u0442\u0430"},"schema":{"@context":"https:\/\/schema.org","@graph":[{"@type":["WebPage","ItemPage"],"@id":"https:\/\/gohike.lv\/ru\/produkts\/lightmyfire-swedish-spork-nerusejosa-terauda-edamriks\/","url":"https:\/\/gohike.lv\/ru\/produkts\/lightmyfire-swedish-spork-nerusejosa-terauda-edamriks\/","name":"LightMyFire Swedish Spork ner\u016bs\u0113jo\u0161\u0101 t\u0113rauda \u0113damr\u012bks","isPartOf":{"@id":"https:\/\/gohike.lv\/ru\/#website"},"primaryImageOfPage":{"@id":"https:\/\/gohike.lv\/ru\/produkts\/lightmyfire-swedish-spork-nerusejosa-terauda-edamriks\/#primaryimage"},"image":{"@id":"https:\/\/gohike.lv\/ru\/produkts\/lightmyfire-swedish-spork-nerusejosa-terauda-edamriks\/#primaryimage"},"thumbnailUrl":"https:\/\/gohike.lv\/wp-content\/uploads\/2025\/04\/StainlessSpork_-4.jpg","datePublished":"2025-04-04T13:24:18+00:00","dateModified":"2026-02-06T16:49:04+00:00","description":"Daudzfunkcion\u0101ls r\u012bks no 61% p\u0101rstr\u0101d\u0101ta ner\u016bs\u0113jo\u0161\u0101 t\u0113rauda. Ekolo\u0123isks un iztur\u012bgs risin\u0101jums ce\u013cojumiem, kempingam un ikdienas izmanto\u0161anai.","breadcrumb":{"@id":"https:\/\/gohike.lv\/ru\/produkts\/lightmyfire-swedish-spork-nerusejosa-terauda-edamriks\/#breadcrumb"},"inLanguage":"ru-RU","potentialAction":[{"@type":"ReadAction","target":["https:\/\/gohike.lv\/ru\/produkts\/lightmyfire-swedish-spork-nerusejosa-terauda-edamriks\/"]}]},{"@type":"ImageObject","inLanguage":"ru-RU","@id":"https:\/\/gohike.lv\/ru\/produkts\/lightmyfire-swedish-spork-nerusejosa-terauda-edamriks\/#primaryimage","url":"https:\/\/gohike.lv\/wp-content\/uploads\/2025\/04\/StainlessSpork_-4.jpg","contentUrl":"https:\/\/gohike.lv\/wp-content\/uploads\/2025\/04\/StainlessSpork_-4.jpg","width":1000,"height":1000},{"@type":"BreadcrumbList","@id":"https:\/\/gohike.lv\/ru\/produkts\/lightmyfire-swedish-spork-nerusejosa-terauda-edamriks\/#breadcrumb","itemListElement":[{"@type":"ListItem","position":1,"name":"\u0413\u043b\u0430\u0432\u043d\u0430\u044f","item":"https:\/\/gohike.lv\/ru\/"},{"@type":"ListItem","position":2,"name":"\u041a\u0430\u0442\u0435\u0433\u043e\u0440\u0438\u0438 \u0442\u043e\u0432\u0430\u0440\u043e\u0432","item":"https:\/\/gohike.lv\/%d0%ba%d0%b0%d1%82%d0%b5%d0%b3%d0%be%d1%80%d0%b8%d0%b8-%d1%82%d0%be%d0%b2%d0%b0%d1%80%d0%be%d0%b2\/"},{"@type":"ListItem","position":3,"name":"LightMyFire &#8211; Swedish Spork ner\u016bs\u0113jo\u0161\u0101 t\u0113rauda \u0113damr\u012bks"}]},{"@type":"WebSite","@id":"https:\/\/gohike.lv\/ru\/#website","url":"https:\/\/gohike.lv\/ru\/","name":"GoHike","description":"","publisher":{"@id":"https:\/\/gohike.lv\/ru\/#organization"},"potentialAction":[{"@type":"SearchAction","target":{"@type":"EntryPoint","urlTemplate":"https:\/\/gohike.lv\/ru\/?s={search_term_string}"},"query-input":{"@type":"PropertyValueSpecification","valueRequired":true,"valueName":"search_term_string"}}],"inLanguage":"ru-RU"},{"@type":"Organization","@id":"https:\/\/gohike.lv\/ru\/#organization","name":"GoHike","url":"https:\/\/gohike.lv\/ru\/","logo":{"@type":"ImageObject","inLanguage":"ru-RU","@id":"https:\/\/gohike.lv\/ru\/#\/schema\/logo\/image\/","url":"https:\/\/gohike.lv\/wp-content\/uploads\/2023\/08\/Logo_GoHike.webp","contentUrl":"https:\/\/gohike.lv\/wp-content\/uploads\/2023\/08\/Logo_GoHike.webp","width":512,"height":512,"caption":"GoHike"},"image":{"@id":"https:\/\/gohike.lv\/ru\/#\/schema\/logo\/image\/"},"sameAs":["https:\/\/www.facebook.com\/gohike.shop\/","https:\/\/www.instagram.com\/gohike.shop\/"]}]}},"jetpack_sharing_enabled":true,"_links":{"self":[{"href":"https:\/\/gohike.lv\/ru\/wp-json\/wp\/v2\/product\/77768","targetHints":{"allow":["GET"]}}],"collection":[{"href":"https:\/\/gohike.lv\/ru\/wp-json\/wp\/v2\/product"}],"about":[{"href":"https:\/\/gohike.lv\/ru\/wp-json\/wp\/v2\/types\/product"}],"version-history":[{"count":1,"href":"https:\/\/gohike.lv\/ru\/wp-json\/wp\/v2\/product\/77768\/revisions"}],"predecessor-version":[{"id":118961,"href":"https:\/\/gohike.lv\/ru\/wp-json\/wp\/v2\/product\/77768\/revisions\/118961"}],"wp:featuredmedia":[{"embeddable":true,"href":"https:\/\/gohike.lv\/ru\/wp-json\/wp\/v2\/media\/77770"}],"wp:attachment":[{"href":"https:\/\/gohike.lv\/ru\/wp-json\/wp\/v2\/media?parent=77768"}],"wp:term":[{"taxonomy":"product_brand","embeddable":true,"href":"https:\/\/gohike.lv\/ru\/wp-json\/wp\/v2\/product_brand?post=77768"},{"taxonomy":"product_cat","embeddable":true,"href":"https:\/\/gohike.lv\/ru\/wp-json\/wp\/v2\/product_cat?post=77768"},{"taxonomy":"product_tag","embeddable":true,"href":"https:\/\/gohike.lv\/ru\/wp-json\/wp\/v2\/product_tag?post=77768"}],"curies":[{"name":"wp","href":"https:\/\/api.w.org\/{rel}","templated":true}]}}