{"id":77257,"date":"2025-04-04T16:00:50","date_gmt":"2025-04-04T13:00:50","guid":{"rendered":"https:\/\/gohike.lv\/produkts\/gear-aid-tenacious-tape-silnylon-patches-ielaps\/"},"modified":"2026-01-13T19:51:28","modified_gmt":"2026-01-13T16:51:28","slug":"gear-aid-tenacious-tape-silnylon-patches-ielaps","status":"publish","type":"product","link":"https:\/\/gohike.lv\/ru\/produkts\/gear-aid-tenacious-tape-silnylon-patches-ielaps\/","title":{"rendered":"GEAR AID &#8212; Tenacious Tape Silnylon Patches iel\u0101ps"},"content":{"rendered":"<p>Tenacious Tape Silnylon iel\u0101pi ir \u012bpa\u0161i izstr\u0101d\u0101ti, lai \u0101tri un efekt\u012bvi salabotu boj\u0101tus silnylon un silpoly audumus. Iel\u0101pu iztur\u012bgais ripstop neilona materi\u0101ls ar silikona l\u012bmi nodro\u0161ina ilgtsp\u0113j\u012bgu remontu bez \u0161\u016b\u0161anas vai \u012bpa\u0161\u0101m iema\u0146\u0101m. Ide\u0101li piem\u0113roti telt\u012bm, tarp\u0101m, mugursom\u0101m un citam ultravieglajam apr\u012bkojumam.<br \/>\nKomplekta saturs:<br \/>\n\u2714 2 ripstop neilona iel\u0101pi (7,6 x 12,7 cm);<br \/>\n\u2714 Silikona l\u012bmes pamatne.<br \/>\nGalven\u0101s \u012bpa\u0161\u012bbas:<br \/>\n\u2714 Pa\u0161l\u012bm\u0113jo\u0161a tehnolo\u0123ija &#8212; nav nepiecie\u0161ama \u0161\u016b\u0161ana;<br \/>\n\u2714 Piln\u012bb\u0101 \u016bdensiztur\u012bgs un mazg\u0101jams;<br \/>\n\u2714 Piem\u0113rots silnylon, silpoly un vinila audumiem;<br \/>\n\u2714 Pl\u0101ns un elast\u012bgs &#8212; neredzami integr\u0113jas audum\u0101;<br \/>\n\u2714 Notur\u012bgs pret ekstrem\u0101liem laikapst\u0101k\u013ciem.<br \/>\nLieto\u0161anas instrukcija:<br \/>\nNot\u012briet boj\u0101to laukumu;<br \/>\nNogrieziet nepiecie\u0161amo iel\u0101pa daudzumu;<br \/>\nNo\u0146emiet aizsargpl\u0113vi;<br \/>\nUzkl\u0101jiet iel\u0101pu uz boj\u0101t\u0101 laukuma;<br \/>\nNospiediet uz 30 sekund\u0113m.<br \/>\nTehniskie parametri:<br \/>\nMateri\u0101ls: Ripstop neilons ar silikona l\u012bmi;<br \/>\nIel\u0101pu izm\u0113rs: 7,6 x 12,7 cm;<br \/>\nNotur\u012bba: \u016bdensiztur\u012bgs, UV notur\u012bgs;<br \/>\nDarba temperat\u016bra: -40\u00b0C l\u012bdz +90\u00b0C<br \/>\nMazg\u0101\u0161ana: var mazg\u0101t ve\u013cas mazg\u0101jamaj\u0101 ma\u0161\u012bn\u0101.<br \/>\nIzmanto\u0161anas iesp\u0113jas:<br \/>\n\u2022 Tel\u0161u un nojumju remonts;<br \/>\n\u2022 Mugursomu un citu somu labo\u0161ana;<br \/>\n\u2022 Gu\u013cammaisu un matra\u010du remonts;<br \/>\n\u2022 Jebkuru silikona apstr\u0101d\u0101tu audumu labo\u0161ana.<br \/>\nIeteicamie papildu produkti:<br \/>\n\u2022 Gear Aid Seam Grip &#8212; \u0161uvju hermetiz\u0113t\u0101js;<br \/>\n\u2022 McNett SilNet &#8212; silikona \u0161uvju hermetiz\u0113t\u0101js;<br \/>\n\u2022 Tenacious Tape Original &#8212; univers\u0101lie remonta pl\u0101ksteri.<br \/>\nPriek\u0161roc\u012bbas:<br \/>\n\u2611 \u0100trs remonts jebkur\u0101 viet\u0101;<br \/>\n\u2611 Nav nepiecie\u0161amas speci\u0101las iema\u0146as;<br \/>\n\u2611 Saglab\u0101 apr\u012bkojuma \u016bdensiztur\u012bbu.<br \/>\nBr\u012bdin\u0101jumi:<br \/>\n\u2022 Lieto\u0161anas laik\u0101 virsma j\u0101b\u016bt sausai un t\u012brai;<br \/>\n\u2022 Glab\u0101t b\u0113rniem nepieejam\u0101 viet\u0101.<br \/>\nNe\u013caujiet nelieliem boj\u0101jumiem p\u0101rtraukt J\u016bsu piedz\u012bvojumu &#8212; Tenacious Tape Silnylon iel\u0101pi nodro\u0161in\u0101s uzticamu remontu da\u017eu min\u016b\u0161u laik\u0101!<br \/>\n<iframe title=\"Tenacious Tape Ultra-Strong Repair Tape by GEAR AID\" width=\"1200\" height=\"675\" src=\"https:\/\/www.youtube.com\/embed\/yyRCcLi086w?feature=oembed\" frameborder=\"0\" allow=\"accelerometer; autoplay; clipboard-write; encrypted-media; gyroscope; picture-in-picture; web-share\" referrerpolicy=\"strict-origin-when-cross-origin\" allowfullscreen><\/iframe><\/p>\n","protected":false},"excerpt":{"rendered":"<p>Pa\u0161l\u012bm\u0113jo\u0161i silikona iel\u0101pi silnylon un silpoly audumiem, ide\u0101li \u0101tram un efekt\u012bvam \u0101ra apr\u012bkojuma remontam.<\/p>\n","protected":false},"featured_media":77259,"template":"","meta":[],"product_brand":[12836],"product_cat":[1617,4140],"product_tag":[],"class_list":{"0":"post-77257","1":"product","2":"type-product","3":"status-publish","4":"has-post-thumbnail","6":"product_brand-gear-aid","7":"product_cat-instrumenti-un-kopsana","8":"product_cat-noderigas-lietas","9":"pa_izmerscm-7-612-7","10":"pa_produkta-tips-noderigas-lietas","12":"first","13":"instock","14":"taxable","15":"shipping-taxable","16":"purchasable","17":"product-type-simple"},"raw_content":{"name":"GEAR AID - Tenacious Tape Silnylon Patches iel\u0101ps","description":"Tenacious Tape Silnylon iel\u0101pi ir \u012bpa\u0161i izstr\u0101d\u0101ti, lai \u0101tri un efekt\u012bvi salabotu boj\u0101tus silnylon un silpoly audumus. Iel\u0101pu iztur\u012bgais ripstop neilona materi\u0101ls ar silikona l\u012bmi nodro\u0161ina ilgtsp\u0113j\u012bgu remontu bez \u0161\u016b\u0161anas vai \u012bpa\u0161\u0101m iema\u0146\u0101m. Ide\u0101li piem\u0113roti telt\u012bm, tarp\u0101m, mugursom\u0101m un citam ultravieglajam apr\u012bkojumam.\nKomplekta saturs:\n\u2714 2 ripstop neilona iel\u0101pi (7,6 x 12,7 cm);\n\u2714 Silikona l\u012bmes pamatne.\nGalven\u0101s \u012bpa\u0161\u012bbas:\n\u2714 Pa\u0161l\u012bm\u0113jo\u0161a tehnolo\u0123ija - nav nepiecie\u0161ama \u0161\u016b\u0161ana;\n\u2714 Piln\u012bb\u0101 \u016bdensiztur\u012bgs un mazg\u0101jams;\n\u2714 Piem\u0113rots silnylon, silpoly un vinila audumiem;\n\u2714 Pl\u0101ns un elast\u012bgs - neredzami integr\u0113jas audum\u0101;\n\u2714 Notur\u012bgs pret ekstrem\u0101liem laikapst\u0101k\u013ciem.\nLieto\u0161anas instrukcija:\nNot\u012briet boj\u0101to laukumu;\nNogrieziet nepiecie\u0161amo iel\u0101pa daudzumu;\nNo\u0146emiet aizsargpl\u0113vi;\nUzkl\u0101jiet iel\u0101pu uz boj\u0101t\u0101 laukuma;\nNospiediet uz 30 sekund\u0113m.\nTehniskie parametri:\nMateri\u0101ls: Ripstop neilons ar silikona l\u012bmi;\nIel\u0101pu izm\u0113rs: 7,6 x 12,7 cm;\nNotur\u012bba: \u016bdensiztur\u012bgs, UV notur\u012bgs;\nDarba temperat\u016bra: -40\u00b0C l\u012bdz +90\u00b0C\nMazg\u0101\u0161ana: var mazg\u0101t ve\u013cas mazg\u0101jamaj\u0101 ma\u0161\u012bn\u0101.\nIzmanto\u0161anas iesp\u0113jas:\n\u2022 Tel\u0161u un nojumju remonts;\n\u2022 Mugursomu un citu somu labo\u0161ana;\n\u2022 Gu\u013cammaisu un matra\u010du remonts;\n\u2022 Jebkuru silikona apstr\u0101d\u0101tu audumu labo\u0161ana.\nIeteicamie papildu produkti:\n\u2022 Gear Aid Seam Grip - \u0161uvju hermetiz\u0113t\u0101js;\n\u2022 McNett SilNet - silikona \u0161uvju hermetiz\u0113t\u0101js;\n\u2022 Tenacious Tape Original - univers\u0101lie remonta pl\u0101ksteri.\nPriek\u0161roc\u012bbas:\n\u2611 \u0100trs remonts jebkur\u0101 viet\u0101;\n\u2611 Nav nepiecie\u0161amas speci\u0101las iema\u0146as;\n\u2611 Saglab\u0101 apr\u012bkojuma \u016bdensiztur\u012bbu.\nBr\u012bdin\u0101jumi:\n\u2022 Lieto\u0161anas laik\u0101 virsma j\u0101b\u016bt sausai un t\u012brai;\n\u2022 Glab\u0101t b\u0113rniem nepieejam\u0101 viet\u0101.\nNe\u013caujiet nelieliem boj\u0101jumiem p\u0101rtraukt J\u016bsu piedz\u012bvojumu - Tenacious Tape Silnylon iel\u0101pi nodro\u0161in\u0101s uzticamu remontu da\u017eu min\u016b\u0161u laik\u0101!\nhttps:\/\/www.youtube.com\/watch?v=yyRCcLi086w","short_description":"Pa\u0161l\u012bm\u0113jo\u0161i silikona iel\u0101pi silnylon un silpoly audumiem, ide\u0101li \u0101tram un efekt\u012bvam \u0101ra apr\u012bkojuma remontam.","status":"publish","sku":"21563106701","original":77257},"wpml":{"translation_type":0,"has_translations":false,"original":77257,"duplicates":[],"translations":{"lv":77257,"en":null,"ru":null}},"supplier_id":null,"supplier_sku":"","barcode":null,"atum_controlled":true,"out_stock_date":null,"out_stock_threshold":null,"inheritable":false,"inbound_stock":0,"stock_on_hold":0,"sold_today":0,"sales_last_days":0,"reserved_stock":0,"customer_returns":0,"warehouse_damage":0,"lost_in_post":0,"other_logs":0,"out_stock_days":0,"lost_sales":0,"has_location":false,"update_date":"2026-01-13T16:51:29","atum_locations":[],"atum_stock_status":"instock","restock_status":false,"low_stock_amount":"","sales_update_date":"2025-11-13T14:08:59","calc_backorders":null,"yoast_head":"<!-- This site is optimized with the Yoast SEO plugin v27.3 - https:\/\/yoast.com\/product\/yoast-seo-wordpress\/ -->\n<title>GEAR AID Tenacious Tape Silnylon Patches iel\u0101ps<\/title>\n<meta name=\"description\" content=\"Pa\u0161l\u012bm\u0113jo\u0161i silikona iel\u0101pi silnylon un silpoly audumiem, ide\u0101li \u0101tram un efekt\u012bvam \u0101ra apr\u012bkojuma remontam.\" \/>\n<meta name=\"robots\" content=\"index, follow, max-snippet:-1, max-image-preview:large, max-video-preview:-1\" \/>\n<link rel=\"canonical\" href=\"https:\/\/gohike.lv\/ru\/produkts\/gear-aid-tenacious-tape-silnylon-patches-ielaps\/\" \/>\n<meta property=\"og:locale\" content=\"ru_RU\" \/>\n<meta property=\"og:type\" content=\"article\" \/>\n<meta property=\"og:title\" content=\"GEAR AID Tenacious Tape Silnylon Patches iel\u0101ps\" \/>\n<meta property=\"og:description\" content=\"Pa\u0161l\u012bm\u0113jo\u0161i silikona iel\u0101pi silnylon un silpoly audumiem, ide\u0101li \u0101tram un efekt\u012bvam \u0101ra apr\u012bkojuma remontam.\" \/>\n<meta property=\"og:url\" content=\"https:\/\/gohike.lv\/ru\/produkts\/gear-aid-tenacious-tape-silnylon-patches-ielaps\/\" \/>\n<meta property=\"og:site_name\" content=\"GoHike\" \/>\n<meta property=\"article:publisher\" content=\"https:\/\/www.facebook.com\/gohike.shop\/\" \/>\n<meta property=\"article:modified_time\" content=\"2026-01-13T16:51:28+00:00\" \/>\n<meta property=\"og:image\" content=\"https:\/\/gohike.lv\/wp-content\/uploads\/2025\/04\/SylnylonPatches_.webp\" \/>\n\t<meta property=\"og:image:width\" content=\"1200\" \/>\n\t<meta property=\"og:image:height\" content=\"1200\" \/>\n\t<meta property=\"og:image:type\" content=\"image\/webp\" \/>\n<meta name=\"twitter:card\" content=\"summary_large_image\" \/>\n<meta name=\"twitter:title\" content=\"GEAR AID Tenacious Tape Silnylon Patches iel\u0101ps\" \/>\n<meta name=\"twitter:label1\" content=\"\u041f\u0440\u0438\u043c\u0435\u0440\u043d\u043e\u0435 \u0432\u0440\u0435\u043c\u044f \u0434\u043b\u044f \u0447\u0442\u0435\u043d\u0438\u044f\" \/>\n\t<meta name=\"twitter:data1\" content=\"2 \u043c\u0438\u043d\u0443\u0442\u0430\" \/>\n<script type=\"application\/ld+json\" class=\"yoast-schema-graph\">{\"@context\":\"https:\\\/\\\/schema.org\",\"@graph\":[{\"@type\":[\"WebPage\",\"ItemPage\"],\"@id\":\"https:\\\/\\\/gohike.lv\\\/ru\\\/produkts\\\/gear-aid-tenacious-tape-silnylon-patches-ielaps\\\/\",\"url\":\"https:\\\/\\\/gohike.lv\\\/ru\\\/produkts\\\/gear-aid-tenacious-tape-silnylon-patches-ielaps\\\/\",\"name\":\"GEAR AID Tenacious Tape Silnylon Patches iel\u0101ps\",\"isPartOf\":{\"@id\":\"https:\\\/\\\/gohike.lv\\\/ru\\\/#website\"},\"primaryImageOfPage\":{\"@id\":\"https:\\\/\\\/gohike.lv\\\/ru\\\/produkts\\\/gear-aid-tenacious-tape-silnylon-patches-ielaps\\\/#primaryimage\"},\"image\":{\"@id\":\"https:\\\/\\\/gohike.lv\\\/ru\\\/produkts\\\/gear-aid-tenacious-tape-silnylon-patches-ielaps\\\/#primaryimage\"},\"thumbnailUrl\":\"https:\\\/\\\/gohike.lv\\\/wp-content\\\/uploads\\\/2025\\\/04\\\/SylnylonPatches_.webp\",\"datePublished\":\"2025-04-04T13:00:50+00:00\",\"dateModified\":\"2026-01-13T16:51:28+00:00\",\"description\":\"Pa\u0161l\u012bm\u0113jo\u0161i silikona iel\u0101pi silnylon un silpoly audumiem, ide\u0101li \u0101tram un efekt\u012bvam \u0101ra apr\u012bkojuma remontam.\",\"breadcrumb\":{\"@id\":\"https:\\\/\\\/gohike.lv\\\/ru\\\/produkts\\\/gear-aid-tenacious-tape-silnylon-patches-ielaps\\\/#breadcrumb\"},\"inLanguage\":\"ru-RU\",\"potentialAction\":[{\"@type\":\"ReadAction\",\"target\":[\"https:\\\/\\\/gohike.lv\\\/ru\\\/produkts\\\/gear-aid-tenacious-tape-silnylon-patches-ielaps\\\/\"]}]},{\"@type\":\"ImageObject\",\"inLanguage\":\"ru-RU\",\"@id\":\"https:\\\/\\\/gohike.lv\\\/ru\\\/produkts\\\/gear-aid-tenacious-tape-silnylon-patches-ielaps\\\/#primaryimage\",\"url\":\"https:\\\/\\\/gohike.lv\\\/wp-content\\\/uploads\\\/2025\\\/04\\\/SylnylonPatches_.webp\",\"contentUrl\":\"https:\\\/\\\/gohike.lv\\\/wp-content\\\/uploads\\\/2025\\\/04\\\/SylnylonPatches_.webp\",\"width\":1200,\"height\":1200},{\"@type\":\"BreadcrumbList\",\"@id\":\"https:\\\/\\\/gohike.lv\\\/ru\\\/produkts\\\/gear-aid-tenacious-tape-silnylon-patches-ielaps\\\/#breadcrumb\",\"itemListElement\":[{\"@type\":\"ListItem\",\"position\":1,\"name\":\"\u0413\u043b\u0430\u0432\u043d\u0430\u044f\",\"item\":\"https:\\\/\\\/gohike.lv\\\/ru\\\/\"},{\"@type\":\"ListItem\",\"position\":2,\"name\":\"\u041a\u0430\u0442\u0435\u0433\u043e\u0440\u0438\u0438 \u0442\u043e\u0432\u0430\u0440\u043e\u0432\",\"item\":\"https:\\\/\\\/gohike.lv\\\/%d0%ba%d0%b0%d1%82%d0%b5%d0%b3%d0%be%d1%80%d0%b8%d0%b8-%d1%82%d0%be%d0%b2%d0%b0%d1%80%d0%be%d0%b2\\\/\"},{\"@type\":\"ListItem\",\"position\":3,\"name\":\"GEAR AID &#8211; Tenacious Tape Silnylon Patches iel\u0101ps\"}]},{\"@type\":\"WebSite\",\"@id\":\"https:\\\/\\\/gohike.lv\\\/ru\\\/#website\",\"url\":\"https:\\\/\\\/gohike.lv\\\/ru\\\/\",\"name\":\"GoHike\",\"description\":\"\",\"publisher\":{\"@id\":\"https:\\\/\\\/gohike.lv\\\/ru\\\/#organization\"},\"potentialAction\":[{\"@type\":\"SearchAction\",\"target\":{\"@type\":\"EntryPoint\",\"urlTemplate\":\"https:\\\/\\\/gohike.lv\\\/ru\\\/?s={search_term_string}\"},\"query-input\":{\"@type\":\"PropertyValueSpecification\",\"valueRequired\":true,\"valueName\":\"search_term_string\"}}],\"inLanguage\":\"ru-RU\"},{\"@type\":\"Organization\",\"@id\":\"https:\\\/\\\/gohike.lv\\\/ru\\\/#organization\",\"name\":\"GoHike\",\"url\":\"https:\\\/\\\/gohike.lv\\\/ru\\\/\",\"logo\":{\"@type\":\"ImageObject\",\"inLanguage\":\"ru-RU\",\"@id\":\"https:\\\/\\\/gohike.lv\\\/ru\\\/#\\\/schema\\\/logo\\\/image\\\/\",\"url\":\"https:\\\/\\\/gohike.lv\\\/wp-content\\\/uploads\\\/2023\\\/08\\\/Logo_GoHike.webp\",\"contentUrl\":\"https:\\\/\\\/gohike.lv\\\/wp-content\\\/uploads\\\/2023\\\/08\\\/Logo_GoHike.webp\",\"width\":512,\"height\":512,\"caption\":\"GoHike\"},\"image\":{\"@id\":\"https:\\\/\\\/gohike.lv\\\/ru\\\/#\\\/schema\\\/logo\\\/image\\\/\"},\"sameAs\":[\"https:\\\/\\\/www.facebook.com\\\/gohike.shop\\\/\",\"https:\\\/\\\/www.instagram.com\\\/gohike.shop\\\/\"]}]}<\/script>\n<!-- \/ Yoast SEO plugin. -->","yoast_head_json":{"title":"GEAR AID Tenacious Tape Silnylon Patches iel\u0101ps","description":"Pa\u0161l\u012bm\u0113jo\u0161i silikona iel\u0101pi silnylon un silpoly audumiem, ide\u0101li \u0101tram un efekt\u012bvam \u0101ra apr\u012bkojuma remontam.","robots":{"index":"index","follow":"follow","max-snippet":"max-snippet:-1","max-image-preview":"max-image-preview:large","max-video-preview":"max-video-preview:-1"},"canonical":"https:\/\/gohike.lv\/ru\/produkts\/gear-aid-tenacious-tape-silnylon-patches-ielaps\/","og_locale":"ru_RU","og_type":"article","og_title":"GEAR AID Tenacious Tape Silnylon Patches iel\u0101ps","og_description":"Pa\u0161l\u012bm\u0113jo\u0161i silikona iel\u0101pi silnylon un silpoly audumiem, ide\u0101li \u0101tram un efekt\u012bvam \u0101ra apr\u012bkojuma remontam.","og_url":"https:\/\/gohike.lv\/ru\/produkts\/gear-aid-tenacious-tape-silnylon-patches-ielaps\/","og_site_name":"GoHike","article_publisher":"https:\/\/www.facebook.com\/gohike.shop\/","article_modified_time":"2026-01-13T16:51:28+00:00","og_image":[{"width":1200,"height":1200,"url":"https:\/\/gohike.lv\/wp-content\/uploads\/2025\/04\/SylnylonPatches_.webp","type":"image\/webp"}],"twitter_card":"summary_large_image","twitter_title":"GEAR AID Tenacious Tape Silnylon Patches iel\u0101ps","twitter_misc":{"\u041f\u0440\u0438\u043c\u0435\u0440\u043d\u043e\u0435 \u0432\u0440\u0435\u043c\u044f \u0434\u043b\u044f \u0447\u0442\u0435\u043d\u0438\u044f":"2 \u043c\u0438\u043d\u0443\u0442\u0430"},"schema":{"@context":"https:\/\/schema.org","@graph":[{"@type":["WebPage","ItemPage"],"@id":"https:\/\/gohike.lv\/ru\/produkts\/gear-aid-tenacious-tape-silnylon-patches-ielaps\/","url":"https:\/\/gohike.lv\/ru\/produkts\/gear-aid-tenacious-tape-silnylon-patches-ielaps\/","name":"GEAR AID Tenacious Tape Silnylon Patches iel\u0101ps","isPartOf":{"@id":"https:\/\/gohike.lv\/ru\/#website"},"primaryImageOfPage":{"@id":"https:\/\/gohike.lv\/ru\/produkts\/gear-aid-tenacious-tape-silnylon-patches-ielaps\/#primaryimage"},"image":{"@id":"https:\/\/gohike.lv\/ru\/produkts\/gear-aid-tenacious-tape-silnylon-patches-ielaps\/#primaryimage"},"thumbnailUrl":"https:\/\/gohike.lv\/wp-content\/uploads\/2025\/04\/SylnylonPatches_.webp","datePublished":"2025-04-04T13:00:50+00:00","dateModified":"2026-01-13T16:51:28+00:00","description":"Pa\u0161l\u012bm\u0113jo\u0161i silikona iel\u0101pi silnylon un silpoly audumiem, ide\u0101li \u0101tram un efekt\u012bvam \u0101ra apr\u012bkojuma remontam.","breadcrumb":{"@id":"https:\/\/gohike.lv\/ru\/produkts\/gear-aid-tenacious-tape-silnylon-patches-ielaps\/#breadcrumb"},"inLanguage":"ru-RU","potentialAction":[{"@type":"ReadAction","target":["https:\/\/gohike.lv\/ru\/produkts\/gear-aid-tenacious-tape-silnylon-patches-ielaps\/"]}]},{"@type":"ImageObject","inLanguage":"ru-RU","@id":"https:\/\/gohike.lv\/ru\/produkts\/gear-aid-tenacious-tape-silnylon-patches-ielaps\/#primaryimage","url":"https:\/\/gohike.lv\/wp-content\/uploads\/2025\/04\/SylnylonPatches_.webp","contentUrl":"https:\/\/gohike.lv\/wp-content\/uploads\/2025\/04\/SylnylonPatches_.webp","width":1200,"height":1200},{"@type":"BreadcrumbList","@id":"https:\/\/gohike.lv\/ru\/produkts\/gear-aid-tenacious-tape-silnylon-patches-ielaps\/#breadcrumb","itemListElement":[{"@type":"ListItem","position":1,"name":"\u0413\u043b\u0430\u0432\u043d\u0430\u044f","item":"https:\/\/gohike.lv\/ru\/"},{"@type":"ListItem","position":2,"name":"\u041a\u0430\u0442\u0435\u0433\u043e\u0440\u0438\u0438 \u0442\u043e\u0432\u0430\u0440\u043e\u0432","item":"https:\/\/gohike.lv\/%d0%ba%d0%b0%d1%82%d0%b5%d0%b3%d0%be%d1%80%d0%b8%d0%b8-%d1%82%d0%be%d0%b2%d0%b0%d1%80%d0%be%d0%b2\/"},{"@type":"ListItem","position":3,"name":"GEAR AID &#8211; Tenacious Tape Silnylon Patches iel\u0101ps"}]},{"@type":"WebSite","@id":"https:\/\/gohike.lv\/ru\/#website","url":"https:\/\/gohike.lv\/ru\/","name":"GoHike","description":"","publisher":{"@id":"https:\/\/gohike.lv\/ru\/#organization"},"potentialAction":[{"@type":"SearchAction","target":{"@type":"EntryPoint","urlTemplate":"https:\/\/gohike.lv\/ru\/?s={search_term_string}"},"query-input":{"@type":"PropertyValueSpecification","valueRequired":true,"valueName":"search_term_string"}}],"inLanguage":"ru-RU"},{"@type":"Organization","@id":"https:\/\/gohike.lv\/ru\/#organization","name":"GoHike","url":"https:\/\/gohike.lv\/ru\/","logo":{"@type":"ImageObject","inLanguage":"ru-RU","@id":"https:\/\/gohike.lv\/ru\/#\/schema\/logo\/image\/","url":"https:\/\/gohike.lv\/wp-content\/uploads\/2023\/08\/Logo_GoHike.webp","contentUrl":"https:\/\/gohike.lv\/wp-content\/uploads\/2023\/08\/Logo_GoHike.webp","width":512,"height":512,"caption":"GoHike"},"image":{"@id":"https:\/\/gohike.lv\/ru\/#\/schema\/logo\/image\/"},"sameAs":["https:\/\/www.facebook.com\/gohike.shop\/","https:\/\/www.instagram.com\/gohike.shop\/"]}]}},"jetpack_sharing_enabled":true,"_links":{"self":[{"href":"https:\/\/gohike.lv\/ru\/wp-json\/wp\/v2\/product\/77257","targetHints":{"allow":["GET"]}}],"collection":[{"href":"https:\/\/gohike.lv\/ru\/wp-json\/wp\/v2\/product"}],"about":[{"href":"https:\/\/gohike.lv\/ru\/wp-json\/wp\/v2\/types\/product"}],"version-history":[{"count":1,"href":"https:\/\/gohike.lv\/ru\/wp-json\/wp\/v2\/product\/77257\/revisions"}],"predecessor-version":[{"id":118957,"href":"https:\/\/gohike.lv\/ru\/wp-json\/wp\/v2\/product\/77257\/revisions\/118957"}],"wp:featuredmedia":[{"embeddable":true,"href":"https:\/\/gohike.lv\/ru\/wp-json\/wp\/v2\/media\/77259"}],"wp:attachment":[{"href":"https:\/\/gohike.lv\/ru\/wp-json\/wp\/v2\/media?parent=77257"}],"wp:term":[{"taxonomy":"product_brand","embeddable":true,"href":"https:\/\/gohike.lv\/ru\/wp-json\/wp\/v2\/product_brand?post=77257"},{"taxonomy":"product_cat","embeddable":true,"href":"https:\/\/gohike.lv\/ru\/wp-json\/wp\/v2\/product_cat?post=77257"},{"taxonomy":"product_tag","embeddable":true,"href":"https:\/\/gohike.lv\/ru\/wp-json\/wp\/v2\/product_tag?post=77257"}],"curies":[{"name":"wp","href":"https:\/\/api.w.org\/{rel}","templated":true}]}}