{"id":77237,"date":"2025-04-04T15:59:56","date_gmt":"2025-04-04T12:59:56","guid":{"rendered":"https:\/\/gohike.lv\/produkts\/gear-aid-seam-grip-wp-field-remonta-komplekts\/"},"modified":"2025-12-30T17:24:23","modified_gmt":"2025-12-30T14:24:23","slug":"gear-aid-seam-grip-wp-field-remonta-komplekts","status":"publish","type":"product","link":"https:\/\/gohike.lv\/ru\/produkts\/gear-aid-seam-grip-wp-field-remonta-komplekts\/","title":{"rendered":"GEAR AID &#8212; Seam Grip WP Field remonta komplekts"},"content":{"rendered":"<p>Seam Grip WP komplekts pied\u0101v\u0101 visu nepiecie\u0161amo, lai \u0101tri un efekt\u012bvi salabotu boj\u0101tu apr\u012bkojumu. Komplekt\u0101 ietilpst iztur\u012bgs poliuret\u0101na l\u012bmes \u0161uvju herm\u0113tiz\u0113t\u0101js (7 g) un divi pa\u0161l\u012bm\u0113jo\u0161ie pl\u0101ksteri (7,6 cm), kas nodro\u0161ina ilgtsp\u0113j\u012bgus remontdarbus jebkuros apst\u0101k\u013cos.<br \/>\nKomplekta saturs:<br \/>\n\u2714 Seam Grip WP \u016bdensiztur\u012bga l\u012bme (7 g);<br \/>\n\u2714 2 pa\u0161l\u012bm\u0113jo\u0161ie pl\u0101ksteri (7,6 cm):<br \/>\n1 caursp\u012bd\u012bgs nailona pl\u0101ksteris;<br \/>\n1 melns nailona pl\u0101ksteris;<br \/>\n\u2714 Oti\u0146a.<br \/>\nGalven\u0101s \u012bpa\u0161\u012bbas:<br \/>\n\u2714 Piln\u012bb\u0101 \u016bdensnecaurlaid\u012bgs p\u0113c saciet\u0113\u0161anas;<br \/>\n\u2714 Notur\u012bgs pret nodilumu un meh\u0101niskiem boj\u0101jumiem;<br \/>\n\u2714 Veido elast\u012bgu savienojumu, kas nezaud\u0113 \u012bpa\u0161\u012bbas aukstum\u0101;<br \/>\n\u2714 Piem\u0113rots da\u017e\u0101diem materi\u0101liem: nailonam, poliesteram, vinilam, \u0101dai;<br \/>\n\u2714 Kompakts izm\u0113rs &#8212; ide\u0101li iek\u013caujas jebkur\u0101 mugursom\u0101.<br \/>\nLieto\u0161anas instrukcija:<br \/>\nAtt\u012briet remont\u0113jamo virsmu;<br \/>\nUzkl\u0101jiet pl\u0101nu l\u012bmes k\u0101rtu vai izmantojiet pl\u0101ksteri;<br \/>\nSaspiediet virsmas kop\u0101 uz 5-10 min\u016bt\u0113m;<br \/>\nPiln\u012bga saciet\u0113\u0161ana notiek 24 stundu laik\u0101.<br \/>\nIzmanto\u0161anas iesp\u0113jas:<br \/>\n\u2022 Telt\u012b\u0161u un pl\u0113ves \u0161uvju herm\u0113tiz\u0113\u0161ana;<br \/>\n\u2022 Matra\u010du un pakl\u0101ji\u0146u remonts;<br \/>\n\u2022 \u016adensiztur\u012bgu ap\u0123\u0113rbu labo\u0161ana;<br \/>\n\u2022 Mugursomu un z\u0101baku remonts;<br \/>\n\u2022 Laivu un \u016bdenssporta invent\u0101ra remonts.<br \/>\nTehniskie parametri:<br \/>\nL\u012bmes tips: poliuret\u0101na b\u0101ze;<br \/>\nPl\u0101ksteru izm\u0113rs: 7,6 cm diametr\u0101;<br \/>\nSaciet\u0113\u0161anas laiks: ~24 h (pilna iztur\u012bba);<br \/>\nElast\u012bba: saglab\u0101 elast\u012bbu p\u0113c saciet\u0113\u0161anas;<br \/>\nNotur\u012bba: pret \u016bdeni, temperat\u016bras izmai\u0146\u0101m (-40\u00b0C l\u012bdz +90\u00b0C).<br \/>\nIeteicamie papildu produkti:<br \/>\n\u2022 Aquasure FD &#8212; neopr\u0113na remonta l\u012bme;<br \/>\n\u2022 Tenacious Tape &#8212; papildu remonta pl\u0101ksteri;<br \/>\n\u2022 Gear Aid Revivex &#8212; \u016bdensiztur\u012bbas atjauno\u0161anas l\u012bdzeklis.<br \/>\nBr\u012bdin\u0101jumi:<br \/>\n\u2022 Lieto\u0161anas laik\u0101 nodro\u0161iniet labu v\u0113din\u0101\u0161anu;<br \/>\n\u2022 Glab\u0101jiet b\u0113rniem nepieejam\u0101 viet\u0101;<br \/>\n\u2022 P\u0101rbaudiet uz neliela virsmas laukuma pirms lieto\u0161anas.<br \/>\n<iframe title=\"Seam Grip WP Field Repair Kit by GEAR AID\" width=\"1200\" height=\"675\" src=\"https:\/\/www.youtube.com\/embed\/Ay4bGqDvun0?feature=oembed\" frameborder=\"0\" allow=\"accelerometer; autoplay; clipboard-write; encrypted-media; gyroscope; picture-in-picture; web-share\" referrerpolicy=\"strict-origin-when-cross-origin\" allowfullscreen><\/iframe><\/p>\n","protected":false},"excerpt":{"rendered":"<p>Kompakts remonta komplekts ar \u016bdensnecaurlaid\u012bgu l\u012bmi un pl\u0101ksteriem, ide\u0101ls telt\u012bm, gaisa matra\u010diem un \u0101ra apr\u012bkojuma \u0101trai labo\u0161anai.<\/p>\n","protected":false},"featured_media":77239,"template":"","meta":[],"product_brand":[12836],"product_cat":[1617,4140],"product_tag":[],"class_list":{"0":"post-77237","1":"product","2":"type-product","3":"status-publish","4":"has-post-thumbnail","6":"product_brand-gear-aid","7":"product_cat-instrumenti-un-kopsana","8":"product_cat-noderigas-lietas","9":"pa_produkta-tips-noderigas-lietas","11":"first","12":"instock","13":"taxable","14":"shipping-taxable","15":"purchasable","16":"product-type-simple"},"raw_content":{"name":"GEAR AID - Seam Grip WP Field remonta komplekts","description":"Seam Grip WP komplekts pied\u0101v\u0101 visu nepiecie\u0161amo, lai \u0101tri un efekt\u012bvi salabotu boj\u0101tu apr\u012bkojumu. Komplekt\u0101 ietilpst iztur\u012bgs poliuret\u0101na l\u012bmes \u0161uvju herm\u0113tiz\u0113t\u0101js (7 g) un divi pa\u0161l\u012bm\u0113jo\u0161ie pl\u0101ksteri (7,6 cm), kas nodro\u0161ina ilgtsp\u0113j\u012bgus remontdarbus jebkuros apst\u0101k\u013cos.\nKomplekta saturs:\n\u2714 Seam Grip WP \u016bdensiztur\u012bga l\u012bme (7 g);\n\u2714 2 pa\u0161l\u012bm\u0113jo\u0161ie pl\u0101ksteri (7,6 cm):\n1 caursp\u012bd\u012bgs nailona pl\u0101ksteris;\n1 melns nailona pl\u0101ksteris;\n\u2714 Oti\u0146a.\nGalven\u0101s \u012bpa\u0161\u012bbas:\n\u2714 Piln\u012bb\u0101 \u016bdensnecaurlaid\u012bgs p\u0113c saciet\u0113\u0161anas;\n\u2714 Notur\u012bgs pret nodilumu un meh\u0101niskiem boj\u0101jumiem;\n\u2714 Veido elast\u012bgu savienojumu, kas nezaud\u0113 \u012bpa\u0161\u012bbas aukstum\u0101;\n\u2714 Piem\u0113rots da\u017e\u0101diem materi\u0101liem: nailonam, poliesteram, vinilam, \u0101dai;\n\u2714 Kompakts izm\u0113rs - ide\u0101li iek\u013caujas jebkur\u0101 mugursom\u0101.\nLieto\u0161anas instrukcija:\nAtt\u012briet remont\u0113jamo virsmu;\nUzkl\u0101jiet pl\u0101nu l\u012bmes k\u0101rtu vai izmantojiet pl\u0101ksteri;\nSaspiediet virsmas kop\u0101 uz 5-10 min\u016bt\u0113m;\nPiln\u012bga saciet\u0113\u0161ana notiek 24 stundu laik\u0101.\nIzmanto\u0161anas iesp\u0113jas:\n\u2022 Telt\u012b\u0161u un pl\u0113ves \u0161uvju herm\u0113tiz\u0113\u0161ana;\n\u2022 Matra\u010du un pakl\u0101ji\u0146u remonts;\n\u2022 \u016adensiztur\u012bgu ap\u0123\u0113rbu labo\u0161ana;\n\u2022 Mugursomu un z\u0101baku remonts;\n\u2022 Laivu un \u016bdenssporta invent\u0101ra remonts.\nTehniskie parametri:\nL\u012bmes tips: poliuret\u0101na b\u0101ze;\nPl\u0101ksteru izm\u0113rs: 7,6 cm diametr\u0101;\nSaciet\u0113\u0161anas laiks: ~24 h (pilna iztur\u012bba);\nElast\u012bba: saglab\u0101 elast\u012bbu p\u0113c saciet\u0113\u0161anas;\nNotur\u012bba: pret \u016bdeni, temperat\u016bras izmai\u0146\u0101m (-40\u00b0C l\u012bdz +90\u00b0C).\nIeteicamie papildu produkti:\n\u2022 Aquasure FD - neopr\u0113na remonta l\u012bme;\n\u2022 Tenacious Tape - papildu remonta pl\u0101ksteri;\n\u2022 Gear Aid Revivex - \u016bdensiztur\u012bbas atjauno\u0161anas l\u012bdzeklis.\nBr\u012bdin\u0101jumi:\n\u2022 Lieto\u0161anas laik\u0101 nodro\u0161iniet labu v\u0113din\u0101\u0161anu;\n\u2022 Glab\u0101jiet b\u0113rniem nepieejam\u0101 viet\u0101;\n\u2022 P\u0101rbaudiet uz neliela virsmas laukuma pirms lieto\u0161anas.\nhttps:\/\/www.youtube.com\/watch?v=Ay4bGqDvun0","short_description":"Kompakts remonta komplekts ar \u016bdensnecaurlaid\u012bgu l\u012bmi un pl\u0101ksteriem, ide\u0101ls telt\u012bm, gaisa matra\u010diem un \u0101ra apr\u012bkojuma \u0101trai labo\u0161anai.","status":"publish","sku":"21563105926","original":77237},"wpml":{"translation_type":0,"has_translations":false,"original":77237,"duplicates":[],"translations":{"lv":77237,"en":null,"ru":null}},"supplier_id":null,"supplier_sku":"","barcode":null,"atum_controlled":true,"out_stock_date":null,"out_stock_threshold":null,"inheritable":false,"inbound_stock":0,"stock_on_hold":0,"sold_today":0,"sales_last_days":0,"reserved_stock":0,"customer_returns":0,"warehouse_damage":0,"lost_in_post":0,"other_logs":0,"out_stock_days":0,"lost_sales":0,"has_location":false,"update_date":"2025-12-30T14:25:12","atum_locations":[],"atum_stock_status":"instock","restock_status":false,"low_stock_amount":"","sales_update_date":"2025-11-13T14:09:06","calc_backorders":null,"yoast_head":"<!-- This site is optimized with the Yoast SEO plugin v27.3 - https:\/\/yoast.com\/product\/yoast-seo-wordpress\/ -->\n<title>GEAR AID Seam Grip WP Field remonta komplekts<\/title>\n<meta name=\"description\" content=\"Kompakts remonta komplekts ar \u016bdensnecaurlaid\u012bgu l\u012bmi un pl\u0101ksteriem, ide\u0101ls telt\u012bm, gaisa matra\u010diem un \u0101ra apr\u012bkojuma \u0101trai labo\u0161anai.\" \/>\n<meta name=\"robots\" content=\"index, follow, max-snippet:-1, max-image-preview:large, max-video-preview:-1\" \/>\n<link rel=\"canonical\" href=\"https:\/\/gohike.lv\/ru\/produkts\/gear-aid-seam-grip-wp-field-remonta-komplekts\/\" \/>\n<meta property=\"og:locale\" content=\"ru_RU\" \/>\n<meta property=\"og:type\" content=\"article\" \/>\n<meta property=\"og:title\" content=\"GEAR AID Seam Grip WP Field remonta komplekts\" \/>\n<meta property=\"og:description\" content=\"Kompakts remonta komplekts ar \u016bdensnecaurlaid\u012bgu l\u012bmi un pl\u0101ksteriem, ide\u0101ls telt\u012bm, gaisa matra\u010diem un \u0101ra apr\u012bkojuma \u0101trai labo\u0161anai.\" \/>\n<meta property=\"og:url\" content=\"https:\/\/gohike.lv\/ru\/produkts\/gear-aid-seam-grip-wp-field-remonta-komplekts\/\" \/>\n<meta property=\"og:site_name\" content=\"GoHike\" \/>\n<meta property=\"article:publisher\" content=\"https:\/\/www.facebook.com\/gohike.shop\/\" \/>\n<meta property=\"article:modified_time\" content=\"2025-12-30T14:24:23+00:00\" \/>\n<meta property=\"og:image\" content=\"https:\/\/gohike.lv\/wp-content\/uploads\/2025\/04\/SeamGripKit_.webp\" \/>\n\t<meta property=\"og:image:width\" content=\"1200\" \/>\n\t<meta property=\"og:image:height\" content=\"1200\" \/>\n\t<meta property=\"og:image:type\" content=\"image\/webp\" \/>\n<meta name=\"twitter:card\" content=\"summary_large_image\" \/>\n<meta name=\"twitter:title\" content=\"GEAR AID Seam Grip WP Field remonta komplekts\" \/>\n<meta name=\"twitter:label1\" content=\"\u041f\u0440\u0438\u043c\u0435\u0440\u043d\u043e\u0435 \u0432\u0440\u0435\u043c\u044f \u0434\u043b\u044f \u0447\u0442\u0435\u043d\u0438\u044f\" \/>\n\t<meta name=\"twitter:data1\" content=\"2 \u043c\u0438\u043d\u0443\u0442\u0430\" \/>\n<script type=\"application\/ld+json\" class=\"yoast-schema-graph\">{\"@context\":\"https:\\\/\\\/schema.org\",\"@graph\":[{\"@type\":[\"WebPage\",\"ItemPage\"],\"@id\":\"https:\\\/\\\/gohike.lv\\\/ru\\\/produkts\\\/gear-aid-seam-grip-wp-field-remonta-komplekts\\\/\",\"url\":\"https:\\\/\\\/gohike.lv\\\/ru\\\/produkts\\\/gear-aid-seam-grip-wp-field-remonta-komplekts\\\/\",\"name\":\"GEAR AID Seam Grip WP Field remonta komplekts\",\"isPartOf\":{\"@id\":\"https:\\\/\\\/gohike.lv\\\/ru\\\/#website\"},\"primaryImageOfPage\":{\"@id\":\"https:\\\/\\\/gohike.lv\\\/ru\\\/produkts\\\/gear-aid-seam-grip-wp-field-remonta-komplekts\\\/#primaryimage\"},\"image\":{\"@id\":\"https:\\\/\\\/gohike.lv\\\/ru\\\/produkts\\\/gear-aid-seam-grip-wp-field-remonta-komplekts\\\/#primaryimage\"},\"thumbnailUrl\":\"https:\\\/\\\/gohike.lv\\\/wp-content\\\/uploads\\\/2025\\\/04\\\/SeamGripKit_.webp\",\"datePublished\":\"2025-04-04T12:59:56+00:00\",\"dateModified\":\"2025-12-30T14:24:23+00:00\",\"description\":\"Kompakts remonta komplekts ar \u016bdensnecaurlaid\u012bgu l\u012bmi un pl\u0101ksteriem, ide\u0101ls telt\u012bm, gaisa matra\u010diem un \u0101ra apr\u012bkojuma \u0101trai labo\u0161anai.\",\"breadcrumb\":{\"@id\":\"https:\\\/\\\/gohike.lv\\\/ru\\\/produkts\\\/gear-aid-seam-grip-wp-field-remonta-komplekts\\\/#breadcrumb\"},\"inLanguage\":\"ru-RU\",\"potentialAction\":[{\"@type\":\"ReadAction\",\"target\":[\"https:\\\/\\\/gohike.lv\\\/ru\\\/produkts\\\/gear-aid-seam-grip-wp-field-remonta-komplekts\\\/\"]}]},{\"@type\":\"ImageObject\",\"inLanguage\":\"ru-RU\",\"@id\":\"https:\\\/\\\/gohike.lv\\\/ru\\\/produkts\\\/gear-aid-seam-grip-wp-field-remonta-komplekts\\\/#primaryimage\",\"url\":\"https:\\\/\\\/gohike.lv\\\/wp-content\\\/uploads\\\/2025\\\/04\\\/SeamGripKit_.webp\",\"contentUrl\":\"https:\\\/\\\/gohike.lv\\\/wp-content\\\/uploads\\\/2025\\\/04\\\/SeamGripKit_.webp\",\"width\":1200,\"height\":1200},{\"@type\":\"BreadcrumbList\",\"@id\":\"https:\\\/\\\/gohike.lv\\\/ru\\\/produkts\\\/gear-aid-seam-grip-wp-field-remonta-komplekts\\\/#breadcrumb\",\"itemListElement\":[{\"@type\":\"ListItem\",\"position\":1,\"name\":\"\u0413\u043b\u0430\u0432\u043d\u0430\u044f\",\"item\":\"https:\\\/\\\/gohike.lv\\\/ru\\\/\"},{\"@type\":\"ListItem\",\"position\":2,\"name\":\"\u041a\u0430\u0442\u0435\u0433\u043e\u0440\u0438\u0438 \u0442\u043e\u0432\u0430\u0440\u043e\u0432\",\"item\":\"https:\\\/\\\/gohike.lv\\\/%d0%ba%d0%b0%d1%82%d0%b5%d0%b3%d0%be%d1%80%d0%b8%d0%b8-%d1%82%d0%be%d0%b2%d0%b0%d1%80%d0%be%d0%b2\\\/\"},{\"@type\":\"ListItem\",\"position\":3,\"name\":\"GEAR AID &#8211; Seam Grip WP Field remonta komplekts\"}]},{\"@type\":\"WebSite\",\"@id\":\"https:\\\/\\\/gohike.lv\\\/ru\\\/#website\",\"url\":\"https:\\\/\\\/gohike.lv\\\/ru\\\/\",\"name\":\"GoHike\",\"description\":\"\",\"publisher\":{\"@id\":\"https:\\\/\\\/gohike.lv\\\/ru\\\/#organization\"},\"potentialAction\":[{\"@type\":\"SearchAction\",\"target\":{\"@type\":\"EntryPoint\",\"urlTemplate\":\"https:\\\/\\\/gohike.lv\\\/ru\\\/?s={search_term_string}\"},\"query-input\":{\"@type\":\"PropertyValueSpecification\",\"valueRequired\":true,\"valueName\":\"search_term_string\"}}],\"inLanguage\":\"ru-RU\"},{\"@type\":\"Organization\",\"@id\":\"https:\\\/\\\/gohike.lv\\\/ru\\\/#organization\",\"name\":\"GoHike\",\"url\":\"https:\\\/\\\/gohike.lv\\\/ru\\\/\",\"logo\":{\"@type\":\"ImageObject\",\"inLanguage\":\"ru-RU\",\"@id\":\"https:\\\/\\\/gohike.lv\\\/ru\\\/#\\\/schema\\\/logo\\\/image\\\/\",\"url\":\"https:\\\/\\\/gohike.lv\\\/wp-content\\\/uploads\\\/2023\\\/08\\\/Logo_GoHike.webp\",\"contentUrl\":\"https:\\\/\\\/gohike.lv\\\/wp-content\\\/uploads\\\/2023\\\/08\\\/Logo_GoHike.webp\",\"width\":512,\"height\":512,\"caption\":\"GoHike\"},\"image\":{\"@id\":\"https:\\\/\\\/gohike.lv\\\/ru\\\/#\\\/schema\\\/logo\\\/image\\\/\"},\"sameAs\":[\"https:\\\/\\\/www.facebook.com\\\/gohike.shop\\\/\",\"https:\\\/\\\/www.instagram.com\\\/gohike.shop\\\/\"]}]}<\/script>\n<!-- \/ Yoast SEO plugin. -->","yoast_head_json":{"title":"GEAR AID Seam Grip WP Field remonta komplekts","description":"Kompakts remonta komplekts ar \u016bdensnecaurlaid\u012bgu l\u012bmi un pl\u0101ksteriem, ide\u0101ls telt\u012bm, gaisa matra\u010diem un \u0101ra apr\u012bkojuma \u0101trai labo\u0161anai.","robots":{"index":"index","follow":"follow","max-snippet":"max-snippet:-1","max-image-preview":"max-image-preview:large","max-video-preview":"max-video-preview:-1"},"canonical":"https:\/\/gohike.lv\/ru\/produkts\/gear-aid-seam-grip-wp-field-remonta-komplekts\/","og_locale":"ru_RU","og_type":"article","og_title":"GEAR AID Seam Grip WP Field remonta komplekts","og_description":"Kompakts remonta komplekts ar \u016bdensnecaurlaid\u012bgu l\u012bmi un pl\u0101ksteriem, ide\u0101ls telt\u012bm, gaisa matra\u010diem un \u0101ra apr\u012bkojuma \u0101trai labo\u0161anai.","og_url":"https:\/\/gohike.lv\/ru\/produkts\/gear-aid-seam-grip-wp-field-remonta-komplekts\/","og_site_name":"GoHike","article_publisher":"https:\/\/www.facebook.com\/gohike.shop\/","article_modified_time":"2025-12-30T14:24:23+00:00","og_image":[{"width":1200,"height":1200,"url":"https:\/\/gohike.lv\/wp-content\/uploads\/2025\/04\/SeamGripKit_.webp","type":"image\/webp"}],"twitter_card":"summary_large_image","twitter_title":"GEAR AID Seam Grip WP Field remonta komplekts","twitter_misc":{"\u041f\u0440\u0438\u043c\u0435\u0440\u043d\u043e\u0435 \u0432\u0440\u0435\u043c\u044f \u0434\u043b\u044f \u0447\u0442\u0435\u043d\u0438\u044f":"2 \u043c\u0438\u043d\u0443\u0442\u0430"},"schema":{"@context":"https:\/\/schema.org","@graph":[{"@type":["WebPage","ItemPage"],"@id":"https:\/\/gohike.lv\/ru\/produkts\/gear-aid-seam-grip-wp-field-remonta-komplekts\/","url":"https:\/\/gohike.lv\/ru\/produkts\/gear-aid-seam-grip-wp-field-remonta-komplekts\/","name":"GEAR AID Seam Grip WP Field remonta komplekts","isPartOf":{"@id":"https:\/\/gohike.lv\/ru\/#website"},"primaryImageOfPage":{"@id":"https:\/\/gohike.lv\/ru\/produkts\/gear-aid-seam-grip-wp-field-remonta-komplekts\/#primaryimage"},"image":{"@id":"https:\/\/gohike.lv\/ru\/produkts\/gear-aid-seam-grip-wp-field-remonta-komplekts\/#primaryimage"},"thumbnailUrl":"https:\/\/gohike.lv\/wp-content\/uploads\/2025\/04\/SeamGripKit_.webp","datePublished":"2025-04-04T12:59:56+00:00","dateModified":"2025-12-30T14:24:23+00:00","description":"Kompakts remonta komplekts ar \u016bdensnecaurlaid\u012bgu l\u012bmi un pl\u0101ksteriem, ide\u0101ls telt\u012bm, gaisa matra\u010diem un \u0101ra apr\u012bkojuma \u0101trai labo\u0161anai.","breadcrumb":{"@id":"https:\/\/gohike.lv\/ru\/produkts\/gear-aid-seam-grip-wp-field-remonta-komplekts\/#breadcrumb"},"inLanguage":"ru-RU","potentialAction":[{"@type":"ReadAction","target":["https:\/\/gohike.lv\/ru\/produkts\/gear-aid-seam-grip-wp-field-remonta-komplekts\/"]}]},{"@type":"ImageObject","inLanguage":"ru-RU","@id":"https:\/\/gohike.lv\/ru\/produkts\/gear-aid-seam-grip-wp-field-remonta-komplekts\/#primaryimage","url":"https:\/\/gohike.lv\/wp-content\/uploads\/2025\/04\/SeamGripKit_.webp","contentUrl":"https:\/\/gohike.lv\/wp-content\/uploads\/2025\/04\/SeamGripKit_.webp","width":1200,"height":1200},{"@type":"BreadcrumbList","@id":"https:\/\/gohike.lv\/ru\/produkts\/gear-aid-seam-grip-wp-field-remonta-komplekts\/#breadcrumb","itemListElement":[{"@type":"ListItem","position":1,"name":"\u0413\u043b\u0430\u0432\u043d\u0430\u044f","item":"https:\/\/gohike.lv\/ru\/"},{"@type":"ListItem","position":2,"name":"\u041a\u0430\u0442\u0435\u0433\u043e\u0440\u0438\u0438 \u0442\u043e\u0432\u0430\u0440\u043e\u0432","item":"https:\/\/gohike.lv\/%d0%ba%d0%b0%d1%82%d0%b5%d0%b3%d0%be%d1%80%d0%b8%d0%b8-%d1%82%d0%be%d0%b2%d0%b0%d1%80%d0%be%d0%b2\/"},{"@type":"ListItem","position":3,"name":"GEAR AID &#8211; Seam Grip WP Field remonta komplekts"}]},{"@type":"WebSite","@id":"https:\/\/gohike.lv\/ru\/#website","url":"https:\/\/gohike.lv\/ru\/","name":"GoHike","description":"","publisher":{"@id":"https:\/\/gohike.lv\/ru\/#organization"},"potentialAction":[{"@type":"SearchAction","target":{"@type":"EntryPoint","urlTemplate":"https:\/\/gohike.lv\/ru\/?s={search_term_string}"},"query-input":{"@type":"PropertyValueSpecification","valueRequired":true,"valueName":"search_term_string"}}],"inLanguage":"ru-RU"},{"@type":"Organization","@id":"https:\/\/gohike.lv\/ru\/#organization","name":"GoHike","url":"https:\/\/gohike.lv\/ru\/","logo":{"@type":"ImageObject","inLanguage":"ru-RU","@id":"https:\/\/gohike.lv\/ru\/#\/schema\/logo\/image\/","url":"https:\/\/gohike.lv\/wp-content\/uploads\/2023\/08\/Logo_GoHike.webp","contentUrl":"https:\/\/gohike.lv\/wp-content\/uploads\/2023\/08\/Logo_GoHike.webp","width":512,"height":512,"caption":"GoHike"},"image":{"@id":"https:\/\/gohike.lv\/ru\/#\/schema\/logo\/image\/"},"sameAs":["https:\/\/www.facebook.com\/gohike.shop\/","https:\/\/www.instagram.com\/gohike.shop\/"]}]}},"jetpack_sharing_enabled":true,"_links":{"self":[{"href":"https:\/\/gohike.lv\/ru\/wp-json\/wp\/v2\/product\/77237","targetHints":{"allow":["GET"]}}],"collection":[{"href":"https:\/\/gohike.lv\/ru\/wp-json\/wp\/v2\/product"}],"about":[{"href":"https:\/\/gohike.lv\/ru\/wp-json\/wp\/v2\/types\/product"}],"version-history":[{"count":1,"href":"https:\/\/gohike.lv\/ru\/wp-json\/wp\/v2\/product\/77237\/revisions"}],"predecessor-version":[{"id":118964,"href":"https:\/\/gohike.lv\/ru\/wp-json\/wp\/v2\/product\/77237\/revisions\/118964"}],"wp:featuredmedia":[{"embeddable":true,"href":"https:\/\/gohike.lv\/ru\/wp-json\/wp\/v2\/media\/77239"}],"wp:attachment":[{"href":"https:\/\/gohike.lv\/ru\/wp-json\/wp\/v2\/media?parent=77237"}],"wp:term":[{"taxonomy":"product_brand","embeddable":true,"href":"https:\/\/gohike.lv\/ru\/wp-json\/wp\/v2\/product_brand?post=77237"},{"taxonomy":"product_cat","embeddable":true,"href":"https:\/\/gohike.lv\/ru\/wp-json\/wp\/v2\/product_cat?post=77237"},{"taxonomy":"product_tag","embeddable":true,"href":"https:\/\/gohike.lv\/ru\/wp-json\/wp\/v2\/product_tag?post=77237"}],"curies":[{"name":"wp","href":"https:\/\/api.w.org\/{rel}","templated":true}]}}