{"id":77214,"date":"2025-04-04T15:59:56","date_gmt":"2025-04-04T12:59:56","guid":{"rendered":"https:\/\/gohike.lv\/produkts\/gear-aid-aquasure-fd-repair-remonta-komplekts\/"},"modified":"2025-12-30T17:24:23","modified_gmt":"2025-12-30T14:24:23","slug":"gear-aid-aquasure-fd-repair-remonta-komplekts","status":"publish","type":"product","link":"https:\/\/gohike.lv\/ru\/produkts\/gear-aid-aquasure-fd-repair-remonta-komplekts\/","title":{"rendered":"GEAR AID &#8212; Aquasure FD Repair remonta komplekts"},"content":{"rendered":"<p>Aquasure FD Remonta komplekts nodro\u0161ina uzticamu un ilgtsp\u0113j\u012bgu boj\u0101jumu labo\u0161anu \u016bdensiztur\u012bgiem materi\u0101liem, piem\u0113ram, nir\u0161anas t\u0113rpiem, zvejas ap\u0123\u0113rbiem, piep\u016b\u0161amajiem izstr\u0101d\u0101jumiem un elpojo\u0161iem audumiem.<br \/>\nGalven\u0101s iez\u012bmes:<br \/>\n\u2714 Poliuret\u0101na l\u012bme ar izcilu sa\u0137eri un elast\u012bbu;<br \/>\n\u2714 2 apa\u013ci pa\u0161l\u012bm\u0113jo\u0161ie pl\u0101ksteri (7.6 cm);<br \/>\n\u2714 Notur\u012bgs pret \u016bdeni, UV starojumu un nodilumu;<br \/>\n\u2714 Piem\u0113rots neopr\u0113nam, GORE-TEX\u00ae, nailonam, vinilam;<br \/>\n\u2714 \u0112rts lieto\u0161anai gan m\u0101j\u0101s, gan \u0101ra apst\u0101k\u013cos.<br \/>\nKomplekts ir ide\u0101ls risin\u0101jums, lai \u0101tri un efekt\u012bvi salabotu uzpl\u0113sumus un caurumus, pagarinot apr\u012bkojuma kalpo\u0161anas laiku. L\u012bme p\u0113c saciet\u0113\u0161anas k\u013c\u016bst par elast\u012bgu un \u016bdensnecaurlaid\u012bgu, saglab\u0101jot materi\u0101la ori\u0123in\u0101l\u0101s \u012bpa\u0161\u012bbas.<br \/>\n<iframe title=\"Aquaseal FD Repair Kit by GEAR AID\" width=\"1200\" height=\"675\" src=\"https:\/\/www.youtube.com\/embed\/2skPk3JjwKE?feature=oembed\" frameborder=\"0\" allow=\"accelerometer; autoplay; clipboard-write; encrypted-media; gyroscope; picture-in-picture; web-share\" referrerpolicy=\"strict-origin-when-cross-origin\" allowfullscreen><\/iframe><\/p>\n","protected":false},"excerpt":{"rendered":"<p>Aquasure FD Remonta komplekts \u2013 profesion\u0101ls risin\u0101jums \u016bdensiztur\u012bgu materi\u0101lu (neopr\u0113na, GORE-TEX\u00ae, vinila) remontam. Ietver iztur\u012bgu l\u012bmi un pl\u0101ksterus.<\/p>\n","protected":false},"featured_media":77216,"template":"","meta":[],"product_brand":[12836],"product_cat":[1617,4140],"product_tag":[],"class_list":{"0":"post-77214","1":"product","2":"type-product","3":"status-publish","4":"has-post-thumbnail","6":"product_brand-gear-aid","7":"product_cat-instrumenti-un-kopsana","8":"product_cat-noderigas-lietas","9":"pa_produkta-tips-noderigas-lietas","11":"first","12":"instock","13":"taxable","14":"shipping-taxable","15":"purchasable","16":"product-type-simple"},"raw_content":{"name":"GEAR AID - Aquasure FD Repair remonta komplekts","description":"Aquasure FD Remonta komplekts nodro\u0161ina uzticamu un ilgtsp\u0113j\u012bgu boj\u0101jumu labo\u0161anu \u016bdensiztur\u012bgiem materi\u0101liem, piem\u0113ram, nir\u0161anas t\u0113rpiem, zvejas ap\u0123\u0113rbiem, piep\u016b\u0161amajiem izstr\u0101d\u0101jumiem un elpojo\u0161iem audumiem.\nGalven\u0101s iez\u012bmes:\n\u2714 Poliuret\u0101na l\u012bme ar izcilu sa\u0137eri un elast\u012bbu;\n\u2714 2 apa\u013ci pa\u0161l\u012bm\u0113jo\u0161ie pl\u0101ksteri (7.6 cm);\n\u2714 Notur\u012bgs pret \u016bdeni, UV starojumu un nodilumu;\n\u2714 Piem\u0113rots neopr\u0113nam, GORE-TEX\u00ae, nailonam, vinilam;\n\u2714 \u0112rts lieto\u0161anai gan m\u0101j\u0101s, gan \u0101ra apst\u0101k\u013cos.\nKomplekts ir ide\u0101ls risin\u0101jums, lai \u0101tri un efekt\u012bvi salabotu uzpl\u0113sumus un caurumus, pagarinot apr\u012bkojuma kalpo\u0161anas laiku. L\u012bme p\u0113c saciet\u0113\u0161anas k\u013c\u016bst par elast\u012bgu un \u016bdensnecaurlaid\u012bgu, saglab\u0101jot materi\u0101la ori\u0123in\u0101l\u0101s \u012bpa\u0161\u012bbas.\nhttps:\/\/www.youtube.com\/watch?v=2skPk3JjwKE&amp;feature=youtu.be","short_description":"Aquasure FD Remonta komplekts \u2013 profesion\u0101ls risin\u0101jums \u016bdensiztur\u012bgu materi\u0101lu (neopr\u0113na, GORE-TEX\u00ae, vinila) remontam. Ietver iztur\u012bgu l\u012bmi un pl\u0101ksterus.","status":"publish","sku":"21563101843","original":77214},"wpml":{"translation_type":0,"has_translations":false,"original":77214,"duplicates":[],"translations":{"lv":77214,"en":null,"ru":null}},"supplier_id":null,"supplier_sku":"","barcode":null,"atum_controlled":true,"out_stock_date":null,"out_stock_threshold":null,"inheritable":false,"inbound_stock":0,"stock_on_hold":0,"sold_today":0,"sales_last_days":0,"reserved_stock":0,"customer_returns":0,"warehouse_damage":0,"lost_in_post":0,"other_logs":0,"out_stock_days":0,"lost_sales":0,"has_location":false,"update_date":"2025-12-30T14:25:12","atum_locations":[],"atum_stock_status":"instock","restock_status":false,"low_stock_amount":"","sales_update_date":"2025-11-13T14:07:39","calc_backorders":null,"yoast_head":"<!-- This site is optimized with the Yoast SEO plugin v27.3 - https:\/\/yoast.com\/product\/yoast-seo-wordpress\/ -->\n<title>GEAR AID Aquasure FD Repair remonta komplekts<\/title>\n<meta name=\"description\" content=\"Aquasure FD Remonta komplekts \u2013 profesion\u0101ls risin\u0101jums \u016bdensiztur\u012bgu materi\u0101lu (neopr\u0113na, GORE-TEX\u00ae, vinila) remontam. Ietver iztur\u012bgu l\u012bmi un pl\u0101ksterus.\" \/>\n<meta name=\"robots\" content=\"index, follow, max-snippet:-1, max-image-preview:large, max-video-preview:-1\" \/>\n<link rel=\"canonical\" href=\"https:\/\/gohike.lv\/ru\/produkts\/gear-aid-aquasure-fd-repair-remonta-komplekts\/\" \/>\n<meta property=\"og:locale\" content=\"ru_RU\" \/>\n<meta property=\"og:type\" content=\"article\" \/>\n<meta property=\"og:title\" content=\"GEAR AID Aquasure FD Repair remonta komplekts\" \/>\n<meta property=\"og:description\" content=\"Aquasure FD Remonta komplekts \u2013 profesion\u0101ls risin\u0101jums \u016bdensiztur\u012bgu materi\u0101lu (neopr\u0113na, GORE-TEX\u00ae, vinila) remontam. Ietver iztur\u012bgu l\u012bmi un pl\u0101ksterus.\" \/>\n<meta property=\"og:url\" content=\"https:\/\/gohike.lv\/ru\/produkts\/gear-aid-aquasure-fd-repair-remonta-komplekts\/\" \/>\n<meta property=\"og:site_name\" content=\"GoHike\" \/>\n<meta property=\"article:publisher\" content=\"https:\/\/www.facebook.com\/gohike.shop\/\" \/>\n<meta property=\"article:modified_time\" content=\"2025-12-30T14:24:23+00:00\" \/>\n<meta property=\"og:image\" content=\"https:\/\/gohike.lv\/wp-content\/uploads\/2025\/04\/RepairKit_.webp\" \/>\n\t<meta property=\"og:image:width\" content=\"1200\" \/>\n\t<meta property=\"og:image:height\" content=\"1200\" \/>\n\t<meta property=\"og:image:type\" content=\"image\/webp\" \/>\n<meta name=\"twitter:card\" content=\"summary_large_image\" \/>\n<meta name=\"twitter:title\" content=\"GEAR AID Aquasure FD Repair remonta komplekts\" \/>\n<meta name=\"twitter:label1\" content=\"\u041f\u0440\u0438\u043c\u0435\u0440\u043d\u043e\u0435 \u0432\u0440\u0435\u043c\u044f \u0434\u043b\u044f \u0447\u0442\u0435\u043d\u0438\u044f\" \/>\n\t<meta name=\"twitter:data1\" content=\"1 \u043c\u0438\u043d\u0443\u0442\u0430\" \/>\n<script type=\"application\/ld+json\" class=\"yoast-schema-graph\">{\"@context\":\"https:\\\/\\\/schema.org\",\"@graph\":[{\"@type\":[\"WebPage\",\"ItemPage\"],\"@id\":\"https:\\\/\\\/gohike.lv\\\/ru\\\/produkts\\\/gear-aid-aquasure-fd-repair-remonta-komplekts\\\/\",\"url\":\"https:\\\/\\\/gohike.lv\\\/ru\\\/produkts\\\/gear-aid-aquasure-fd-repair-remonta-komplekts\\\/\",\"name\":\"GEAR AID Aquasure FD Repair remonta komplekts\",\"isPartOf\":{\"@id\":\"https:\\\/\\\/gohike.lv\\\/ru\\\/#website\"},\"primaryImageOfPage\":{\"@id\":\"https:\\\/\\\/gohike.lv\\\/ru\\\/produkts\\\/gear-aid-aquasure-fd-repair-remonta-komplekts\\\/#primaryimage\"},\"image\":{\"@id\":\"https:\\\/\\\/gohike.lv\\\/ru\\\/produkts\\\/gear-aid-aquasure-fd-repair-remonta-komplekts\\\/#primaryimage\"},\"thumbnailUrl\":\"https:\\\/\\\/gohike.lv\\\/wp-content\\\/uploads\\\/2025\\\/04\\\/RepairKit_.webp\",\"datePublished\":\"2025-04-04T12:59:56+00:00\",\"dateModified\":\"2025-12-30T14:24:23+00:00\",\"description\":\"Aquasure FD Remonta komplekts \u2013 profesion\u0101ls risin\u0101jums \u016bdensiztur\u012bgu materi\u0101lu (neopr\u0113na, GORE-TEX\u00ae, vinila) remontam. Ietver iztur\u012bgu l\u012bmi un pl\u0101ksterus.\",\"breadcrumb\":{\"@id\":\"https:\\\/\\\/gohike.lv\\\/ru\\\/produkts\\\/gear-aid-aquasure-fd-repair-remonta-komplekts\\\/#breadcrumb\"},\"inLanguage\":\"ru-RU\",\"potentialAction\":[{\"@type\":\"ReadAction\",\"target\":[\"https:\\\/\\\/gohike.lv\\\/ru\\\/produkts\\\/gear-aid-aquasure-fd-repair-remonta-komplekts\\\/\"]}]},{\"@type\":\"ImageObject\",\"inLanguage\":\"ru-RU\",\"@id\":\"https:\\\/\\\/gohike.lv\\\/ru\\\/produkts\\\/gear-aid-aquasure-fd-repair-remonta-komplekts\\\/#primaryimage\",\"url\":\"https:\\\/\\\/gohike.lv\\\/wp-content\\\/uploads\\\/2025\\\/04\\\/RepairKit_.webp\",\"contentUrl\":\"https:\\\/\\\/gohike.lv\\\/wp-content\\\/uploads\\\/2025\\\/04\\\/RepairKit_.webp\",\"width\":1200,\"height\":1200},{\"@type\":\"BreadcrumbList\",\"@id\":\"https:\\\/\\\/gohike.lv\\\/ru\\\/produkts\\\/gear-aid-aquasure-fd-repair-remonta-komplekts\\\/#breadcrumb\",\"itemListElement\":[{\"@type\":\"ListItem\",\"position\":1,\"name\":\"\u0413\u043b\u0430\u0432\u043d\u0430\u044f\",\"item\":\"https:\\\/\\\/gohike.lv\\\/ru\\\/\"},{\"@type\":\"ListItem\",\"position\":2,\"name\":\"\u041a\u0430\u0442\u0435\u0433\u043e\u0440\u0438\u0438 \u0442\u043e\u0432\u0430\u0440\u043e\u0432\",\"item\":\"https:\\\/\\\/gohike.lv\\\/%d0%ba%d0%b0%d1%82%d0%b5%d0%b3%d0%be%d1%80%d0%b8%d0%b8-%d1%82%d0%be%d0%b2%d0%b0%d1%80%d0%be%d0%b2\\\/\"},{\"@type\":\"ListItem\",\"position\":3,\"name\":\"GEAR AID &#8211; Aquasure FD Repair remonta komplekts\"}]},{\"@type\":\"WebSite\",\"@id\":\"https:\\\/\\\/gohike.lv\\\/ru\\\/#website\",\"url\":\"https:\\\/\\\/gohike.lv\\\/ru\\\/\",\"name\":\"GoHike\",\"description\":\"\",\"publisher\":{\"@id\":\"https:\\\/\\\/gohike.lv\\\/ru\\\/#organization\"},\"potentialAction\":[{\"@type\":\"SearchAction\",\"target\":{\"@type\":\"EntryPoint\",\"urlTemplate\":\"https:\\\/\\\/gohike.lv\\\/ru\\\/?s={search_term_string}\"},\"query-input\":{\"@type\":\"PropertyValueSpecification\",\"valueRequired\":true,\"valueName\":\"search_term_string\"}}],\"inLanguage\":\"ru-RU\"},{\"@type\":\"Organization\",\"@id\":\"https:\\\/\\\/gohike.lv\\\/ru\\\/#organization\",\"name\":\"GoHike\",\"url\":\"https:\\\/\\\/gohike.lv\\\/ru\\\/\",\"logo\":{\"@type\":\"ImageObject\",\"inLanguage\":\"ru-RU\",\"@id\":\"https:\\\/\\\/gohike.lv\\\/ru\\\/#\\\/schema\\\/logo\\\/image\\\/\",\"url\":\"https:\\\/\\\/gohike.lv\\\/wp-content\\\/uploads\\\/2023\\\/08\\\/Logo_GoHike.webp\",\"contentUrl\":\"https:\\\/\\\/gohike.lv\\\/wp-content\\\/uploads\\\/2023\\\/08\\\/Logo_GoHike.webp\",\"width\":512,\"height\":512,\"caption\":\"GoHike\"},\"image\":{\"@id\":\"https:\\\/\\\/gohike.lv\\\/ru\\\/#\\\/schema\\\/logo\\\/image\\\/\"},\"sameAs\":[\"https:\\\/\\\/www.facebook.com\\\/gohike.shop\\\/\",\"https:\\\/\\\/www.instagram.com\\\/gohike.shop\\\/\"]}]}<\/script>\n<!-- \/ Yoast SEO plugin. -->","yoast_head_json":{"title":"GEAR AID Aquasure FD Repair remonta komplekts","description":"Aquasure FD Remonta komplekts \u2013 profesion\u0101ls risin\u0101jums \u016bdensiztur\u012bgu materi\u0101lu (neopr\u0113na, GORE-TEX\u00ae, vinila) remontam. Ietver iztur\u012bgu l\u012bmi un pl\u0101ksterus.","robots":{"index":"index","follow":"follow","max-snippet":"max-snippet:-1","max-image-preview":"max-image-preview:large","max-video-preview":"max-video-preview:-1"},"canonical":"https:\/\/gohike.lv\/ru\/produkts\/gear-aid-aquasure-fd-repair-remonta-komplekts\/","og_locale":"ru_RU","og_type":"article","og_title":"GEAR AID Aquasure FD Repair remonta komplekts","og_description":"Aquasure FD Remonta komplekts \u2013 profesion\u0101ls risin\u0101jums \u016bdensiztur\u012bgu materi\u0101lu (neopr\u0113na, GORE-TEX\u00ae, vinila) remontam. Ietver iztur\u012bgu l\u012bmi un pl\u0101ksterus.","og_url":"https:\/\/gohike.lv\/ru\/produkts\/gear-aid-aquasure-fd-repair-remonta-komplekts\/","og_site_name":"GoHike","article_publisher":"https:\/\/www.facebook.com\/gohike.shop\/","article_modified_time":"2025-12-30T14:24:23+00:00","og_image":[{"width":1200,"height":1200,"url":"https:\/\/gohike.lv\/wp-content\/uploads\/2025\/04\/RepairKit_.webp","type":"image\/webp"}],"twitter_card":"summary_large_image","twitter_title":"GEAR AID Aquasure FD Repair remonta komplekts","twitter_misc":{"\u041f\u0440\u0438\u043c\u0435\u0440\u043d\u043e\u0435 \u0432\u0440\u0435\u043c\u044f \u0434\u043b\u044f \u0447\u0442\u0435\u043d\u0438\u044f":"1 \u043c\u0438\u043d\u0443\u0442\u0430"},"schema":{"@context":"https:\/\/schema.org","@graph":[{"@type":["WebPage","ItemPage"],"@id":"https:\/\/gohike.lv\/ru\/produkts\/gear-aid-aquasure-fd-repair-remonta-komplekts\/","url":"https:\/\/gohike.lv\/ru\/produkts\/gear-aid-aquasure-fd-repair-remonta-komplekts\/","name":"GEAR AID Aquasure FD Repair remonta komplekts","isPartOf":{"@id":"https:\/\/gohike.lv\/ru\/#website"},"primaryImageOfPage":{"@id":"https:\/\/gohike.lv\/ru\/produkts\/gear-aid-aquasure-fd-repair-remonta-komplekts\/#primaryimage"},"image":{"@id":"https:\/\/gohike.lv\/ru\/produkts\/gear-aid-aquasure-fd-repair-remonta-komplekts\/#primaryimage"},"thumbnailUrl":"https:\/\/gohike.lv\/wp-content\/uploads\/2025\/04\/RepairKit_.webp","datePublished":"2025-04-04T12:59:56+00:00","dateModified":"2025-12-30T14:24:23+00:00","description":"Aquasure FD Remonta komplekts \u2013 profesion\u0101ls risin\u0101jums \u016bdensiztur\u012bgu materi\u0101lu (neopr\u0113na, GORE-TEX\u00ae, vinila) remontam. Ietver iztur\u012bgu l\u012bmi un pl\u0101ksterus.","breadcrumb":{"@id":"https:\/\/gohike.lv\/ru\/produkts\/gear-aid-aquasure-fd-repair-remonta-komplekts\/#breadcrumb"},"inLanguage":"ru-RU","potentialAction":[{"@type":"ReadAction","target":["https:\/\/gohike.lv\/ru\/produkts\/gear-aid-aquasure-fd-repair-remonta-komplekts\/"]}]},{"@type":"ImageObject","inLanguage":"ru-RU","@id":"https:\/\/gohike.lv\/ru\/produkts\/gear-aid-aquasure-fd-repair-remonta-komplekts\/#primaryimage","url":"https:\/\/gohike.lv\/wp-content\/uploads\/2025\/04\/RepairKit_.webp","contentUrl":"https:\/\/gohike.lv\/wp-content\/uploads\/2025\/04\/RepairKit_.webp","width":1200,"height":1200},{"@type":"BreadcrumbList","@id":"https:\/\/gohike.lv\/ru\/produkts\/gear-aid-aquasure-fd-repair-remonta-komplekts\/#breadcrumb","itemListElement":[{"@type":"ListItem","position":1,"name":"\u0413\u043b\u0430\u0432\u043d\u0430\u044f","item":"https:\/\/gohike.lv\/ru\/"},{"@type":"ListItem","position":2,"name":"\u041a\u0430\u0442\u0435\u0433\u043e\u0440\u0438\u0438 \u0442\u043e\u0432\u0430\u0440\u043e\u0432","item":"https:\/\/gohike.lv\/%d0%ba%d0%b0%d1%82%d0%b5%d0%b3%d0%be%d1%80%d0%b8%d0%b8-%d1%82%d0%be%d0%b2%d0%b0%d1%80%d0%be%d0%b2\/"},{"@type":"ListItem","position":3,"name":"GEAR AID &#8211; Aquasure FD Repair remonta komplekts"}]},{"@type":"WebSite","@id":"https:\/\/gohike.lv\/ru\/#website","url":"https:\/\/gohike.lv\/ru\/","name":"GoHike","description":"","publisher":{"@id":"https:\/\/gohike.lv\/ru\/#organization"},"potentialAction":[{"@type":"SearchAction","target":{"@type":"EntryPoint","urlTemplate":"https:\/\/gohike.lv\/ru\/?s={search_term_string}"},"query-input":{"@type":"PropertyValueSpecification","valueRequired":true,"valueName":"search_term_string"}}],"inLanguage":"ru-RU"},{"@type":"Organization","@id":"https:\/\/gohike.lv\/ru\/#organization","name":"GoHike","url":"https:\/\/gohike.lv\/ru\/","logo":{"@type":"ImageObject","inLanguage":"ru-RU","@id":"https:\/\/gohike.lv\/ru\/#\/schema\/logo\/image\/","url":"https:\/\/gohike.lv\/wp-content\/uploads\/2023\/08\/Logo_GoHike.webp","contentUrl":"https:\/\/gohike.lv\/wp-content\/uploads\/2023\/08\/Logo_GoHike.webp","width":512,"height":512,"caption":"GoHike"},"image":{"@id":"https:\/\/gohike.lv\/ru\/#\/schema\/logo\/image\/"},"sameAs":["https:\/\/www.facebook.com\/gohike.shop\/","https:\/\/www.instagram.com\/gohike.shop\/"]}]}},"jetpack_sharing_enabled":true,"_links":{"self":[{"href":"https:\/\/gohike.lv\/ru\/wp-json\/wp\/v2\/product\/77214","targetHints":{"allow":["GET"]}}],"collection":[{"href":"https:\/\/gohike.lv\/ru\/wp-json\/wp\/v2\/product"}],"about":[{"href":"https:\/\/gohike.lv\/ru\/wp-json\/wp\/v2\/types\/product"}],"version-history":[{"count":0,"href":"https:\/\/gohike.lv\/ru\/wp-json\/wp\/v2\/product\/77214\/revisions"}],"wp:featuredmedia":[{"embeddable":true,"href":"https:\/\/gohike.lv\/ru\/wp-json\/wp\/v2\/media\/77216"}],"wp:attachment":[{"href":"https:\/\/gohike.lv\/ru\/wp-json\/wp\/v2\/media?parent=77214"}],"wp:term":[{"taxonomy":"product_brand","embeddable":true,"href":"https:\/\/gohike.lv\/ru\/wp-json\/wp\/v2\/product_brand?post=77214"},{"taxonomy":"product_cat","embeddable":true,"href":"https:\/\/gohike.lv\/ru\/wp-json\/wp\/v2\/product_cat?post=77214"},{"taxonomy":"product_tag","embeddable":true,"href":"https:\/\/gohike.lv\/ru\/wp-json\/wp\/v2\/product_tag?post=77214"}],"curies":[{"name":"wp","href":"https:\/\/api.w.org\/{rel}","templated":true}]}}