{"id":77209,"date":"2025-04-04T15:59:56","date_gmt":"2025-04-04T12:59:56","guid":{"rendered":"https:\/\/gohike.lv\/produkts\/gear-aid-neo-slix-neoprena-terpu-kopsanas-lidzeklis\/"},"modified":"2025-12-30T17:24:23","modified_gmt":"2025-12-30T14:24:23","slug":"gear-aid-neo-slix-neoprena-terpu-kopsanas-lidzeklis","status":"publish","type":"product","link":"https:\/\/gohike.lv\/ru\/produkts\/gear-aid-neo-slix-neoprena-terpu-kopsanas-lidzeklis\/","title":{"rendered":"GEAR AID &#8212; Neo Slix &#8212; neopr\u0113na t\u0113rpu kop\u0161anas l\u012bdzek\u013cis"},"content":{"rendered":"<p>Neo Slix ir inovat\u012bvs l\u012bdzeklis, kas iev\u0113rojami atvieglo neopr\u0113na t\u0113rpu un sausu dr\u0113bju valk\u0101\u0161anu\/novilk\u0161anu. Tas samazina p\u0101rvilk\u0161an\u0101s laiku l\u012bdz pat 60%, vienlaikus aizsarg\u0101jot jut\u012bgu \u0101du no berzes rad\u012btiem kairin\u0101jumiem. Formul\u0101 ir hipoalerg\u0113niska un bez smar\u017eviel\u0101m, kas padara to dro\u0161u regul\u0101rai lieto\u0161anai.<br \/>\nGalven\u0101s \u012bpa\u0161\u012bbas:<br \/>\n\u2714 Samazina t\u0113rpu uzvilk\u0161anas\/novilk\u0161anas laiku l\u012bdz 60%;<br \/>\n\u2714 Nov\u0113r\u0161 berzes rad\u012btus \u0101das kairin\u0101jumus un niezi;<br \/>\n\u2714 Pagarina t\u0113rpa kalpo\u0161anas laiku, samazinot slodzi \u0161uv\u0113m un r\u0101v\u0113jsl\u0113dzeniem;<br \/>\n\u2714 Piem\u0113rots visiem neopr\u0113na materi\u0101liem un bl\u012bv\u0113jumiem;<br \/>\n\u2714 Viegli lietojama 250 ml spreja pudele.<br \/>\nLieto\u0161anas instrukcija:<br \/>\nUzkl\u0101jiet vienm\u0113r\u012bgu k\u0101rtu uz \u0101das vai t\u0113rpa iek\u0161puses;<br \/>\n\u013baujiet 1-2 min\u016btes ies\u016bkties;<br \/>\nUzvelciet t\u0113rpu k\u0101 parasti;<br \/>\nP\u0113c lieto\u0161anas nomazg\u0101jiet ar \u016bdeni.<br \/>\nTehniskie parametri:<br \/>\nTilpums: 250 ml;<br \/>\nSast\u0101vs: hipoalerg\u0113nisks, bez smar\u017eviel\u0101m;<br \/>\nDer\u012bgs lieto\u0161anai ar: neopr\u0113nu, lateksu, silikonu, gumiju;<br \/>\nNotur\u012bba: viena apstr\u0101de pietiek vair\u0101k\u0101m stund\u0101m.<br \/>\nIzmanto\u0161anas iesp\u0113jas:<br \/>\n\u2022 Nir\u0161anas t\u0113rpu un sausu dr\u0113bju valk\u0101\u0161ana;<br \/>\n\u2022 Serfo\u0161anas un triatlona sacens\u012bb\u0101s;<br \/>\n\u2022 Visu veidu \u016bdenssporta t\u0113rpu lieto\u0161ana;<br \/>\n\u2022 Bl\u012bv\u0113jumu un r\u0101v\u0113jsl\u0113d\u017eu apstr\u0101de.<br \/>\nIeteicamie produkti l\u012bdz\u012bgam pielietojumam:<br \/>\n\u2022 McNett Zip Tech &#8212; r\u0101v\u0113jsl\u0113d\u017eu e\u013c\u013ca;<br \/>\n\u2022 Surf Organic Wax &#8212; dab\u012bga vaska alternat\u012bva;<br \/>\n\u2022 Body Glide &#8212; berzes mazin\u0101\u0161anas sticks.<br \/>\nBr\u012bdin\u0101jumi:<br \/>\n\u2022 Lietojiet tikai labi v\u0113din\u0101m\u0101 viet\u0101;<br \/>\n\u2022 Izvairieties no kontakta ar ac\u012bm;<br \/>\n\u2022 Glab\u0101t b\u0113rniem nepieejam\u0101 viet\u0101;<br \/>\n\u2022 P\u0101rbaudiet uz neliela \u0101das apgabala pirmo reizi.<br \/>\nPadariet savu \u016bdenssporta pieredzi komfortabl\u0101ku un efekt\u012bv\u0101ku ar Neo Slix spreju!<\/p>\n","protected":false},"excerpt":{"rendered":"<p>\u012apa\u0161s sprejs ap\u0123\u0113rbiem, kas atvieglo valk\u0101\u0161anu un nov\u0113r\u0161 berzes rad\u012btus kairin\u0101jumus, ide\u0101ls nir\u0113jiem, serferiem un triatlonistiem.<\/p>\n","protected":false},"featured_media":77211,"template":"","meta":[],"product_brand":[13248],"product_cat":[13256,13265],"product_tag":[],"class_list":{"0":"post-77209","1":"product","2":"type-product","3":"status-publish","4":"has-post-thumbnail","6":"product_brand-gear-aid-ru","7":"product_cat-13256","8":"product_cat-13265","9":"pa_produkta-tips-noderigas-lietas","10":"pa_tilpums-250ml","12":"first","13":"instock","14":"taxable","15":"shipping-taxable","16":"purchasable","17":"product-type-simple"},"raw_content":{"name":"GEAR AID - Neo Slix - neopr\u0113na t\u0113rpu kop\u0161anas l\u012bdzek\u013cis","description":"Neo Slix ir inovat\u012bvs l\u012bdzeklis, kas iev\u0113rojami atvieglo neopr\u0113na t\u0113rpu un sausu dr\u0113bju valk\u0101\u0161anu\/novilk\u0161anu. Tas samazina p\u0101rvilk\u0161an\u0101s laiku l\u012bdz pat 60%, vienlaikus aizsarg\u0101jot jut\u012bgu \u0101du no berzes rad\u012btiem kairin\u0101jumiem. Formul\u0101 ir hipoalerg\u0113niska un bez smar\u017eviel\u0101m, kas padara to dro\u0161u regul\u0101rai lieto\u0161anai.\nGalven\u0101s \u012bpa\u0161\u012bbas:\n\u2714 Samazina t\u0113rpu uzvilk\u0161anas\/novilk\u0161anas laiku l\u012bdz 60%;\n\u2714 Nov\u0113r\u0161 berzes rad\u012btus \u0101das kairin\u0101jumus un niezi;\n\u2714 Pagarina t\u0113rpa kalpo\u0161anas laiku, samazinot slodzi \u0161uv\u0113m un r\u0101v\u0113jsl\u0113dzeniem;\n\u2714 Piem\u0113rots visiem neopr\u0113na materi\u0101liem un bl\u012bv\u0113jumiem;\n\u2714 Viegli lietojama 250 ml spreja pudele.\nLieto\u0161anas instrukcija:\nUzkl\u0101jiet vienm\u0113r\u012bgu k\u0101rtu uz \u0101das vai t\u0113rpa iek\u0161puses;\n\u013baujiet 1-2 min\u016btes ies\u016bkties;\nUzvelciet t\u0113rpu k\u0101 parasti;\nP\u0113c lieto\u0161anas nomazg\u0101jiet ar \u016bdeni.\nTehniskie parametri:\nTilpums: 250 ml;\nSast\u0101vs: hipoalerg\u0113nisks, bez smar\u017eviel\u0101m;\nDer\u012bgs lieto\u0161anai ar: neopr\u0113nu, lateksu, silikonu, gumiju;\nNotur\u012bba: viena apstr\u0101de pietiek vair\u0101k\u0101m stund\u0101m.\nIzmanto\u0161anas iesp\u0113jas:\n\u2022 Nir\u0161anas t\u0113rpu un sausu dr\u0113bju valk\u0101\u0161ana;\n\u2022 Serfo\u0161anas un triatlona sacens\u012bb\u0101s;\n\u2022 Visu veidu \u016bdenssporta t\u0113rpu lieto\u0161ana;\n\u2022 Bl\u012bv\u0113jumu un r\u0101v\u0113jsl\u0113d\u017eu apstr\u0101de.\nIeteicamie produkti l\u012bdz\u012bgam pielietojumam:\n\u2022 McNett Zip Tech - r\u0101v\u0113jsl\u0113d\u017eu e\u013c\u013ca;\n\u2022 Surf Organic Wax - dab\u012bga vaska alternat\u012bva;\n\u2022 Body Glide - berzes mazin\u0101\u0161anas sticks.\nBr\u012bdin\u0101jumi:\n\u2022 Lietojiet tikai labi v\u0113din\u0101m\u0101 viet\u0101;\n\u2022 Izvairieties no kontakta ar ac\u012bm;\n\u2022 Glab\u0101t b\u0113rniem nepieejam\u0101 viet\u0101;\n\u2022 P\u0101rbaudiet uz neliela \u0101das apgabala pirmo reizi.\nPadariet savu \u016bdenssporta pieredzi komfortabl\u0101ku un efekt\u012bv\u0101ku ar Neo Slix spreju!","short_description":"\u012apa\u0161s sprejs ap\u0123\u0113rbiem, kas atvieglo valk\u0101\u0161anu un nov\u0113r\u0161 berzes rad\u012btus kairin\u0101jumus, ide\u0101ls nir\u0113jiem, serferiem un triatlonistiem.","status":"publish","sku":"21563200003","original":77209},"wpml":{"translation_type":0,"has_translations":false,"original":77209,"duplicates":[],"translations":{"lv":77209,"en":null,"ru":null}},"supplier_id":null,"supplier_sku":"","barcode":null,"atum_controlled":true,"out_stock_date":null,"out_stock_threshold":null,"inheritable":false,"inbound_stock":0,"stock_on_hold":0,"sold_today":0,"sales_last_days":0,"reserved_stock":0,"customer_returns":0,"warehouse_damage":0,"lost_in_post":0,"other_logs":0,"out_stock_days":0,"lost_sales":0,"has_location":false,"update_date":"2025-12-30T14:25:12","atum_locations":[],"atum_stock_status":"instock","restock_status":false,"low_stock_amount":"","sales_update_date":"2025-11-13T14:08:58","calc_backorders":null,"yoast_head":"<!-- This site is optimized with the Yoast SEO plugin v27.3 - https:\/\/yoast.com\/product\/yoast-seo-wordpress\/ -->\n<title>GEAR AID Neo Slix - Neopr\u0113na t\u0113rpu kop\u0161anas l\u012bdzek\u013cis<\/title>\n<meta name=\"description\" content=\"\u012apa\u0161s sprejs ap\u0123\u0113rbiem, kas atvieglo valk\u0101\u0161anu un nov\u0113r\u0161 berzes rad\u012btus kairin\u0101jumus, ide\u0101ls nir\u0113jiem, serferiem un triatlonistiem.\" \/>\n<meta name=\"robots\" content=\"index, follow, max-snippet:-1, max-image-preview:large, max-video-preview:-1\" \/>\n<link rel=\"canonical\" href=\"https:\/\/gohike.lv\/ru\/produkts\/gear-aid-neo-slix-neoprena-terpu-kopsanas-lidzeklis\/\" \/>\n<meta property=\"og:locale\" content=\"ru_RU\" \/>\n<meta property=\"og:type\" content=\"article\" \/>\n<meta property=\"og:title\" content=\"GEAR AID Neo Slix - Neopr\u0113na t\u0113rpu kop\u0161anas l\u012bdzek\u013cis\" \/>\n<meta property=\"og:description\" content=\"\u012apa\u0161s sprejs ap\u0123\u0113rbiem, kas atvieglo valk\u0101\u0161anu un nov\u0113r\u0161 berzes rad\u012btus kairin\u0101jumus, ide\u0101ls nir\u0113jiem, serferiem un triatlonistiem.\" \/>\n<meta property=\"og:url\" content=\"https:\/\/gohike.lv\/ru\/produkts\/gear-aid-neo-slix-neoprena-terpu-kopsanas-lidzeklis\/\" \/>\n<meta property=\"og:site_name\" content=\"GoHike\" \/>\n<meta property=\"article:publisher\" content=\"https:\/\/www.facebook.com\/gohike.shop\/\" \/>\n<meta property=\"article:modified_time\" content=\"2025-12-30T14:24:23+00:00\" \/>\n<meta property=\"og:image\" content=\"https:\/\/gohike.lv\/wp-content\/uploads\/2025\/04\/NeoSlix_.webp\" \/>\n\t<meta property=\"og:image:width\" content=\"1200\" \/>\n\t<meta property=\"og:image:height\" content=\"1200\" \/>\n\t<meta property=\"og:image:type\" content=\"image\/webp\" \/>\n<meta name=\"twitter:card\" content=\"summary_large_image\" \/>\n<meta name=\"twitter:title\" content=\"GEAR AID Neo Slix - Neopr\u0113na t\u0113rpu kop\u0161anas l\u012bdzek\u013cis\" \/>\n<meta name=\"twitter:label1\" content=\"\u041f\u0440\u0438\u043c\u0435\u0440\u043d\u043e\u0435 \u0432\u0440\u0435\u043c\u044f \u0434\u043b\u044f \u0447\u0442\u0435\u043d\u0438\u044f\" \/>\n\t<meta name=\"twitter:data1\" content=\"2 \u043c\u0438\u043d\u0443\u0442\u0430\" \/>\n<script type=\"application\/ld+json\" class=\"yoast-schema-graph\">{\"@context\":\"https:\\\/\\\/schema.org\",\"@graph\":[{\"@type\":[\"WebPage\",\"ItemPage\"],\"@id\":\"https:\\\/\\\/gohike.lv\\\/ru\\\/produkts\\\/gear-aid-neo-slix-neoprena-terpu-kopsanas-lidzeklis\\\/\",\"url\":\"https:\\\/\\\/gohike.lv\\\/ru\\\/produkts\\\/gear-aid-neo-slix-neoprena-terpu-kopsanas-lidzeklis\\\/\",\"name\":\"GEAR AID Neo Slix - Neopr\u0113na t\u0113rpu kop\u0161anas l\u012bdzek\u013cis\",\"isPartOf\":{\"@id\":\"https:\\\/\\\/gohike.lv\\\/ru\\\/#website\"},\"primaryImageOfPage\":{\"@id\":\"https:\\\/\\\/gohike.lv\\\/ru\\\/produkts\\\/gear-aid-neo-slix-neoprena-terpu-kopsanas-lidzeklis\\\/#primaryimage\"},\"image\":{\"@id\":\"https:\\\/\\\/gohike.lv\\\/ru\\\/produkts\\\/gear-aid-neo-slix-neoprena-terpu-kopsanas-lidzeklis\\\/#primaryimage\"},\"thumbnailUrl\":\"https:\\\/\\\/gohike.lv\\\/wp-content\\\/uploads\\\/2025\\\/04\\\/NeoSlix_.webp\",\"datePublished\":\"2025-04-04T12:59:56+00:00\",\"dateModified\":\"2025-12-30T14:24:23+00:00\",\"description\":\"\u012apa\u0161s sprejs ap\u0123\u0113rbiem, kas atvieglo valk\u0101\u0161anu un nov\u0113r\u0161 berzes rad\u012btus kairin\u0101jumus, ide\u0101ls nir\u0113jiem, serferiem un triatlonistiem.\",\"breadcrumb\":{\"@id\":\"https:\\\/\\\/gohike.lv\\\/ru\\\/produkts\\\/gear-aid-neo-slix-neoprena-terpu-kopsanas-lidzeklis\\\/#breadcrumb\"},\"inLanguage\":\"ru-RU\",\"potentialAction\":[{\"@type\":\"ReadAction\",\"target\":[\"https:\\\/\\\/gohike.lv\\\/ru\\\/produkts\\\/gear-aid-neo-slix-neoprena-terpu-kopsanas-lidzeklis\\\/\"]}]},{\"@type\":\"ImageObject\",\"inLanguage\":\"ru-RU\",\"@id\":\"https:\\\/\\\/gohike.lv\\\/ru\\\/produkts\\\/gear-aid-neo-slix-neoprena-terpu-kopsanas-lidzeklis\\\/#primaryimage\",\"url\":\"https:\\\/\\\/gohike.lv\\\/wp-content\\\/uploads\\\/2025\\\/04\\\/NeoSlix_.webp\",\"contentUrl\":\"https:\\\/\\\/gohike.lv\\\/wp-content\\\/uploads\\\/2025\\\/04\\\/NeoSlix_.webp\",\"width\":1200,\"height\":1200},{\"@type\":\"BreadcrumbList\",\"@id\":\"https:\\\/\\\/gohike.lv\\\/ru\\\/produkts\\\/gear-aid-neo-slix-neoprena-terpu-kopsanas-lidzeklis\\\/#breadcrumb\",\"itemListElement\":[{\"@type\":\"ListItem\",\"position\":1,\"name\":\"\u0413\u043b\u0430\u0432\u043d\u0430\u044f\",\"item\":\"https:\\\/\\\/gohike.lv\\\/ru\\\/\"},{\"@type\":\"ListItem\",\"position\":2,\"name\":\"\u041a\u0430\u0442\u0435\u0433\u043e\u0440\u0438\u0438 \u0442\u043e\u0432\u0430\u0440\u043e\u0432\",\"item\":\"https:\\\/\\\/gohike.lv\\\/%d0%ba%d0%b0%d1%82%d0%b5%d0%b3%d0%be%d1%80%d0%b8%d0%b8-%d1%82%d0%be%d0%b2%d0%b0%d1%80%d0%be%d0%b2\\\/\"},{\"@type\":\"ListItem\",\"position\":3,\"name\":\"GEAR AID &#8211; Neo Slix &#8211; neopr\u0113na t\u0113rpu kop\u0161anas l\u012bdzek\u013cis\"}]},{\"@type\":\"WebSite\",\"@id\":\"https:\\\/\\\/gohike.lv\\\/ru\\\/#website\",\"url\":\"https:\\\/\\\/gohike.lv\\\/ru\\\/\",\"name\":\"GoHike\",\"description\":\"\",\"publisher\":{\"@id\":\"https:\\\/\\\/gohike.lv\\\/ru\\\/#organization\"},\"potentialAction\":[{\"@type\":\"SearchAction\",\"target\":{\"@type\":\"EntryPoint\",\"urlTemplate\":\"https:\\\/\\\/gohike.lv\\\/ru\\\/?s={search_term_string}\"},\"query-input\":{\"@type\":\"PropertyValueSpecification\",\"valueRequired\":true,\"valueName\":\"search_term_string\"}}],\"inLanguage\":\"ru-RU\"},{\"@type\":\"Organization\",\"@id\":\"https:\\\/\\\/gohike.lv\\\/ru\\\/#organization\",\"name\":\"GoHike\",\"url\":\"https:\\\/\\\/gohike.lv\\\/ru\\\/\",\"logo\":{\"@type\":\"ImageObject\",\"inLanguage\":\"ru-RU\",\"@id\":\"https:\\\/\\\/gohike.lv\\\/ru\\\/#\\\/schema\\\/logo\\\/image\\\/\",\"url\":\"https:\\\/\\\/gohike.lv\\\/wp-content\\\/uploads\\\/2023\\\/08\\\/Logo_GoHike.webp\",\"contentUrl\":\"https:\\\/\\\/gohike.lv\\\/wp-content\\\/uploads\\\/2023\\\/08\\\/Logo_GoHike.webp\",\"width\":512,\"height\":512,\"caption\":\"GoHike\"},\"image\":{\"@id\":\"https:\\\/\\\/gohike.lv\\\/ru\\\/#\\\/schema\\\/logo\\\/image\\\/\"},\"sameAs\":[\"https:\\\/\\\/www.facebook.com\\\/gohike.shop\\\/\",\"https:\\\/\\\/www.instagram.com\\\/gohike.shop\\\/\"]}]}<\/script>\n<!-- \/ Yoast SEO plugin. -->","yoast_head_json":{"title":"GEAR AID Neo Slix - Neopr\u0113na t\u0113rpu kop\u0161anas l\u012bdzek\u013cis","description":"\u012apa\u0161s sprejs ap\u0123\u0113rbiem, kas atvieglo valk\u0101\u0161anu un nov\u0113r\u0161 berzes rad\u012btus kairin\u0101jumus, ide\u0101ls nir\u0113jiem, serferiem un triatlonistiem.","robots":{"index":"index","follow":"follow","max-snippet":"max-snippet:-1","max-image-preview":"max-image-preview:large","max-video-preview":"max-video-preview:-1"},"canonical":"https:\/\/gohike.lv\/ru\/produkts\/gear-aid-neo-slix-neoprena-terpu-kopsanas-lidzeklis\/","og_locale":"ru_RU","og_type":"article","og_title":"GEAR AID Neo Slix - Neopr\u0113na t\u0113rpu kop\u0161anas l\u012bdzek\u013cis","og_description":"\u012apa\u0161s sprejs ap\u0123\u0113rbiem, kas atvieglo valk\u0101\u0161anu un nov\u0113r\u0161 berzes rad\u012btus kairin\u0101jumus, ide\u0101ls nir\u0113jiem, serferiem un triatlonistiem.","og_url":"https:\/\/gohike.lv\/ru\/produkts\/gear-aid-neo-slix-neoprena-terpu-kopsanas-lidzeklis\/","og_site_name":"GoHike","article_publisher":"https:\/\/www.facebook.com\/gohike.shop\/","article_modified_time":"2025-12-30T14:24:23+00:00","og_image":[{"width":1200,"height":1200,"url":"https:\/\/gohike.lv\/wp-content\/uploads\/2025\/04\/NeoSlix_.webp","type":"image\/webp"}],"twitter_card":"summary_large_image","twitter_title":"GEAR AID Neo Slix - Neopr\u0113na t\u0113rpu kop\u0161anas l\u012bdzek\u013cis","twitter_misc":{"\u041f\u0440\u0438\u043c\u0435\u0440\u043d\u043e\u0435 \u0432\u0440\u0435\u043c\u044f \u0434\u043b\u044f \u0447\u0442\u0435\u043d\u0438\u044f":"2 \u043c\u0438\u043d\u0443\u0442\u0430"},"schema":{"@context":"https:\/\/schema.org","@graph":[{"@type":["WebPage","ItemPage"],"@id":"https:\/\/gohike.lv\/ru\/produkts\/gear-aid-neo-slix-neoprena-terpu-kopsanas-lidzeklis\/","url":"https:\/\/gohike.lv\/ru\/produkts\/gear-aid-neo-slix-neoprena-terpu-kopsanas-lidzeklis\/","name":"GEAR AID Neo Slix - Neopr\u0113na t\u0113rpu kop\u0161anas l\u012bdzek\u013cis","isPartOf":{"@id":"https:\/\/gohike.lv\/ru\/#website"},"primaryImageOfPage":{"@id":"https:\/\/gohike.lv\/ru\/produkts\/gear-aid-neo-slix-neoprena-terpu-kopsanas-lidzeklis\/#primaryimage"},"image":{"@id":"https:\/\/gohike.lv\/ru\/produkts\/gear-aid-neo-slix-neoprena-terpu-kopsanas-lidzeklis\/#primaryimage"},"thumbnailUrl":"https:\/\/gohike.lv\/wp-content\/uploads\/2025\/04\/NeoSlix_.webp","datePublished":"2025-04-04T12:59:56+00:00","dateModified":"2025-12-30T14:24:23+00:00","description":"\u012apa\u0161s sprejs ap\u0123\u0113rbiem, kas atvieglo valk\u0101\u0161anu un nov\u0113r\u0161 berzes rad\u012btus kairin\u0101jumus, ide\u0101ls nir\u0113jiem, serferiem un triatlonistiem.","breadcrumb":{"@id":"https:\/\/gohike.lv\/ru\/produkts\/gear-aid-neo-slix-neoprena-terpu-kopsanas-lidzeklis\/#breadcrumb"},"inLanguage":"ru-RU","potentialAction":[{"@type":"ReadAction","target":["https:\/\/gohike.lv\/ru\/produkts\/gear-aid-neo-slix-neoprena-terpu-kopsanas-lidzeklis\/"]}]},{"@type":"ImageObject","inLanguage":"ru-RU","@id":"https:\/\/gohike.lv\/ru\/produkts\/gear-aid-neo-slix-neoprena-terpu-kopsanas-lidzeklis\/#primaryimage","url":"https:\/\/gohike.lv\/wp-content\/uploads\/2025\/04\/NeoSlix_.webp","contentUrl":"https:\/\/gohike.lv\/wp-content\/uploads\/2025\/04\/NeoSlix_.webp","width":1200,"height":1200},{"@type":"BreadcrumbList","@id":"https:\/\/gohike.lv\/ru\/produkts\/gear-aid-neo-slix-neoprena-terpu-kopsanas-lidzeklis\/#breadcrumb","itemListElement":[{"@type":"ListItem","position":1,"name":"\u0413\u043b\u0430\u0432\u043d\u0430\u044f","item":"https:\/\/gohike.lv\/ru\/"},{"@type":"ListItem","position":2,"name":"\u041a\u0430\u0442\u0435\u0433\u043e\u0440\u0438\u0438 \u0442\u043e\u0432\u0430\u0440\u043e\u0432","item":"https:\/\/gohike.lv\/%d0%ba%d0%b0%d1%82%d0%b5%d0%b3%d0%be%d1%80%d0%b8%d0%b8-%d1%82%d0%be%d0%b2%d0%b0%d1%80%d0%be%d0%b2\/"},{"@type":"ListItem","position":3,"name":"GEAR AID &#8211; Neo Slix &#8211; neopr\u0113na t\u0113rpu kop\u0161anas l\u012bdzek\u013cis"}]},{"@type":"WebSite","@id":"https:\/\/gohike.lv\/ru\/#website","url":"https:\/\/gohike.lv\/ru\/","name":"GoHike","description":"","publisher":{"@id":"https:\/\/gohike.lv\/ru\/#organization"},"potentialAction":[{"@type":"SearchAction","target":{"@type":"EntryPoint","urlTemplate":"https:\/\/gohike.lv\/ru\/?s={search_term_string}"},"query-input":{"@type":"PropertyValueSpecification","valueRequired":true,"valueName":"search_term_string"}}],"inLanguage":"ru-RU"},{"@type":"Organization","@id":"https:\/\/gohike.lv\/ru\/#organization","name":"GoHike","url":"https:\/\/gohike.lv\/ru\/","logo":{"@type":"ImageObject","inLanguage":"ru-RU","@id":"https:\/\/gohike.lv\/ru\/#\/schema\/logo\/image\/","url":"https:\/\/gohike.lv\/wp-content\/uploads\/2023\/08\/Logo_GoHike.webp","contentUrl":"https:\/\/gohike.lv\/wp-content\/uploads\/2023\/08\/Logo_GoHike.webp","width":512,"height":512,"caption":"GoHike"},"image":{"@id":"https:\/\/gohike.lv\/ru\/#\/schema\/logo\/image\/"},"sameAs":["https:\/\/www.facebook.com\/gohike.shop\/","https:\/\/www.instagram.com\/gohike.shop\/"]}]}},"jetpack_sharing_enabled":true,"_links":{"self":[{"href":"https:\/\/gohike.lv\/ru\/wp-json\/wp\/v2\/product\/77209","targetHints":{"allow":["GET"]}}],"collection":[{"href":"https:\/\/gohike.lv\/ru\/wp-json\/wp\/v2\/product"}],"about":[{"href":"https:\/\/gohike.lv\/ru\/wp-json\/wp\/v2\/types\/product"}],"version-history":[{"count":1,"href":"https:\/\/gohike.lv\/ru\/wp-json\/wp\/v2\/product\/77209\/revisions"}],"predecessor-version":[{"id":118976,"href":"https:\/\/gohike.lv\/ru\/wp-json\/wp\/v2\/product\/77209\/revisions\/118976"}],"wp:featuredmedia":[{"embeddable":true,"href":"https:\/\/gohike.lv\/ru\/wp-json\/wp\/v2\/media\/77211"}],"wp:attachment":[{"href":"https:\/\/gohike.lv\/ru\/wp-json\/wp\/v2\/media?parent=77209"}],"wp:term":[{"taxonomy":"product_brand","embeddable":true,"href":"https:\/\/gohike.lv\/ru\/wp-json\/wp\/v2\/product_brand?post=77209"},{"taxonomy":"product_cat","embeddable":true,"href":"https:\/\/gohike.lv\/ru\/wp-json\/wp\/v2\/product_cat?post=77209"},{"taxonomy":"product_tag","embeddable":true,"href":"https:\/\/gohike.lv\/ru\/wp-json\/wp\/v2\/product_tag?post=77209"}],"curies":[{"name":"wp","href":"https:\/\/api.w.org\/{rel}","templated":true}]}}