{"id":77178,"date":"2025-04-04T15:59:56","date_gmt":"2025-04-04T12:59:56","guid":{"rendered":"https:\/\/gohike.lv\/produkts\/gear-aid-revivex-udensizturibas-parklajuma-atjaunosanas-sprejs\/"},"modified":"2025-12-30T17:24:23","modified_gmt":"2025-12-30T14:24:23","slug":"gear-aid-revivex-udensizturibas-parklajuma-atjaunosanas-sprejs","status":"publish","type":"product","link":"https:\/\/gohike.lv\/ru\/produkts\/gear-aid-revivex-udensizturibas-parklajuma-atjaunosanas-sprejs\/","title":{"rendered":"GEAR AID &#8212; Revivex \u016bdensiztur\u012bbas p\u0101rkl\u0101juma atjauno\u0161anas sprejs"},"content":{"rendered":"<p>Revivex \u016bdensiztur\u012bbas impregn\u0101cijas sprejs ir profesion\u0101ls risin\u0101jums, lai atjaunotu nolietotu DWR (ilgsto\u0161o \u016bdens atgr\u016b\u0161anas) p\u0101rkl\u0101jumu uz J\u016bsu \u0101ra ap\u0123\u0113rbiem. Tas efekt\u012bvi atjauno \u016bdens atgr\u016b\u0161anas \u012bpa\u0161\u012bbas, \u013caujot GORE-TEX\u00ae, eVent vai citu elpojo\u0161o audumu ap\u0123\u0113rbus atkal lietot liet\u016b un snieg\u0101.<br \/>\nGalven\u0101s \u012bpa\u0161\u012bbas:<br \/>\n\u2714 Atjauno DWR p\u0101rkl\u0101jumu uz \u016bdensiztur\u012bgiem elpojo\u0161iem audumiem;<br \/>\n\u2714 Uztur ap\u0123\u0113rbu saus\u0101ku un t\u012br\u0101ku, atgr\u016b\u017eot \u016bdeni, e\u013c\u013cas un traipus;<br \/>\n\u2714 Uzlabo elpojam\u012bbu, samazinot auduma nori;<br \/>\n\u2714 Notur\u012bgs pret mazg\u0101\u0161anu &#8212; saglab\u0101 efektivit\u0101ti vair\u0101kus mazg\u0101\u0161anas ciklus;<br \/>\n\u2714 Dro\u0161s lieto\u0161anai ar GORE-TEX\u00ae, eVent, NeoShell un citiem tehniskiem audumiem.<br \/>\nLieto\u0161anas instrukcija:<br \/>\nIepriek\u0161 izmazg\u0101jiet ap\u0123\u0113rbu ar Revivex Pro Cleaner;<br \/>\nUzkl\u0101jiet vienm\u0113r\u012bgu spreja k\u0101rtu no 15-20 cm att\u0101luma;<br \/>\n\u013baujiet piln\u012bb\u0101 iz\u017e\u016bt dabisk\u0101 veid\u0101;<br \/>\nIeteicams termiski fiks\u0113t ar gludekli (zem\u0101 temperat\u016br\u0101).<br \/>\nIeteicamie produkti l\u012bdz\u012bgam pielietojumam:<br \/>\n\u2022 Revivex Pro Cleaner &#8212; profesion\u0101ls tehnisk\u0101 ap\u0123\u0113rba mazg\u0101\u0161anas l\u012bdzeklis;<br \/>\n\u2022 Nikwax TX.Direct &#8212; alternat\u012bvs DWR apstr\u0101des produkts;<br \/>\n\u2022 Grangers Performance Repel &#8212; \u016bdens atgr\u016b\u0161anas impregn\u0101cija.<br \/>\nTehniskie parametri:<br \/>\nSast\u0101vs: PFOA un PFOS br\u012bvs;<br \/>\nNotur\u012bba: vair\u0101kas mazg\u0101\u0161anas reizes.<br \/>\nDer\u012bgs lieto\u0161anai ar: GORE-TEX\u00ae, eVent, NeoShell, Pertex, visp\u0101r\u0113ji \u016bdensiztur\u012bgiem audumiem.<br \/>\nBr\u012bdin\u0101jumi:<br \/>\n\u2022 Lietojiet tikai labi v\u0113din\u0101m\u0101 viet\u0101;<br \/>\n\u2022 Izvairieties no tie\u0161as ieelpo\u0161anas;<br \/>\n\u2022 Glab\u0101t b\u0113rniem nepieejam\u0101 viet\u0101;<br \/>\n\u2022 Nedr\u012bkst lietot uz jau slapja ap\u0123\u0113rba.<br \/>\n<iframe title=\"Revivex Durable Water Repellent by GEAR AID\" width=\"1200\" height=\"675\" src=\"https:\/\/www.youtube.com\/embed\/Qao9NWcz-6A?feature=oembed\" frameborder=\"0\" allow=\"accelerometer; autoplay; clipboard-write; encrypted-media; gyroscope; picture-in-picture; web-share\" referrerpolicy=\"strict-origin-when-cross-origin\" allowfullscreen><\/iframe><\/p>\n","protected":false},"excerpt":{"rendered":"<p>Augstas kvalit\u0101tes DWR p\u0101rkl\u0101juma atjauno\u0161anas sprejs GORE-TEX\u00ae un citu elpojo\u0161o \u016bdensiztur\u012bgo audumu apstr\u0101dei, lai atjaunotu \u016bdens atgr\u016b\u0161anas \u012bpa\u0161\u012bbas.<\/p>\n","protected":false},"featured_media":77180,"template":"","meta":[],"product_brand":[12836],"product_cat":[1617,4140],"product_tag":[],"class_list":{"0":"post-77178","1":"product","2":"type-product","3":"status-publish","4":"has-post-thumbnail","6":"product_brand-gear-aid","7":"product_cat-instrumenti-un-kopsana","8":"product_cat-noderigas-lietas","9":"pa_produkta-tips-noderigas-lietas","10":"pa_tilpums-500ml","12":"first","13":"outofstock","14":"taxable","15":"shipping-taxable","16":"purchasable","17":"product-type-simple"},"raw_content":{"name":"GEAR AID - Revivex \u016bdensiztur\u012bbas p\u0101rkl\u0101juma atjauno\u0161anas sprejs","description":"Revivex \u016bdensiztur\u012bbas impregn\u0101cijas sprejs ir profesion\u0101ls risin\u0101jums, lai atjaunotu nolietotu DWR (ilgsto\u0161o \u016bdens atgr\u016b\u0161anas) p\u0101rkl\u0101jumu uz J\u016bsu \u0101ra ap\u0123\u0113rbiem. Tas efekt\u012bvi atjauno \u016bdens atgr\u016b\u0161anas \u012bpa\u0161\u012bbas, \u013caujot GORE-TEX\u00ae, eVent vai citu elpojo\u0161o audumu ap\u0123\u0113rbus atkal lietot liet\u016b un snieg\u0101.\nGalven\u0101s \u012bpa\u0161\u012bbas:\n\u2714 Atjauno DWR p\u0101rkl\u0101jumu uz \u016bdensiztur\u012bgiem elpojo\u0161iem audumiem;\n\u2714 Uztur ap\u0123\u0113rbu saus\u0101ku un t\u012br\u0101ku, atgr\u016b\u017eot \u016bdeni, e\u013c\u013cas un traipus;\n\u2714 Uzlabo elpojam\u012bbu, samazinot auduma nori;\n\u2714 Notur\u012bgs pret mazg\u0101\u0161anu - saglab\u0101 efektivit\u0101ti vair\u0101kus mazg\u0101\u0161anas ciklus;\n\u2714 Dro\u0161s lieto\u0161anai ar GORE-TEX\u00ae, eVent, NeoShell un citiem tehniskiem audumiem.\nLieto\u0161anas instrukcija:\nIepriek\u0161 izmazg\u0101jiet ap\u0123\u0113rbu ar Revivex Pro Cleaner;\nUzkl\u0101jiet vienm\u0113r\u012bgu spreja k\u0101rtu no 15-20 cm att\u0101luma;\n\u013baujiet piln\u012bb\u0101 iz\u017e\u016bt dabisk\u0101 veid\u0101;\nIeteicams termiski fiks\u0113t ar gludekli (zem\u0101 temperat\u016br\u0101).\nIeteicamie produkti l\u012bdz\u012bgam pielietojumam:\n\u2022 Revivex Pro Cleaner - profesion\u0101ls tehnisk\u0101 ap\u0123\u0113rba mazg\u0101\u0161anas l\u012bdzeklis;\n\u2022 Nikwax TX.Direct - alternat\u012bvs DWR apstr\u0101des produkts;\n\u2022 Grangers Performance Repel - \u016bdens atgr\u016b\u0161anas impregn\u0101cija.\nTehniskie parametri:\nSast\u0101vs: PFOA un PFOS br\u012bvs;\nNotur\u012bba: vair\u0101kas mazg\u0101\u0161anas reizes.\nDer\u012bgs lieto\u0161anai ar: GORE-TEX\u00ae, eVent, NeoShell, Pertex, visp\u0101r\u0113ji \u016bdensiztur\u012bgiem audumiem.\nBr\u012bdin\u0101jumi:\n\u2022 Lietojiet tikai labi v\u0113din\u0101m\u0101 viet\u0101;\n\u2022 Izvairieties no tie\u0161as ieelpo\u0161anas;\n\u2022 Glab\u0101t b\u0113rniem nepieejam\u0101 viet\u0101;\n\u2022 Nedr\u012bkst lietot uz jau slapja ap\u0123\u0113rba.\nhttps:\/\/www.youtube.com\/watch?v=Qao9NWcz-6A&amp;feature=youtu.be","short_description":"Augstas kvalit\u0101tes DWR p\u0101rkl\u0101juma atjauno\u0161anas sprejs GORE-TEX\u00ae un citu elpojo\u0161o \u016bdensiztur\u012bgo audumu apstr\u0101dei, lai atjaunotu \u016bdens atgr\u016b\u0161anas \u012bpa\u0161\u012bbas.","status":"publish","sku":"21563362251","original":77178},"wpml":{"translation_type":0,"has_translations":false,"original":77178,"duplicates":[],"translations":{"lv":77178,"en":null,"ru":null}},"supplier_id":null,"supplier_sku":"","barcode":null,"atum_controlled":true,"out_stock_date":"2025-11-12 16:22:33","out_stock_threshold":null,"inheritable":false,"inbound_stock":0,"stock_on_hold":0,"sold_today":0,"sales_last_days":0,"reserved_stock":0,"customer_returns":0,"warehouse_damage":0,"lost_in_post":0,"other_logs":0,"out_stock_days":0,"lost_sales":0,"has_location":false,"update_date":"2025-12-30T14:25:12","atum_locations":[],"atum_stock_status":"outofstock","restock_status":false,"low_stock_amount":"","sales_update_date":"2025-11-13T14:09:10","calc_backorders":null,"yoast_head":"<!-- This site is optimized with the Yoast SEO plugin v27.3 - https:\/\/yoast.com\/product\/yoast-seo-wordpress\/ -->\n<title>GEAR AID Revivex \u016bdensiztur\u012bbas p\u0101rkl\u0101juma atjauno\u0161anas sprejs<\/title>\n<meta name=\"description\" content=\"Augstas kvalit\u0101tes DWR p\u0101rkl\u0101juma atjauno\u0161anas sprejs GORE-TEX\u00ae un citu elpojo\u0161o \u016bdensiztur\u012bgo audumu apstr\u0101dei, lai atjaunotu \u016bdens atgr\u016b\u0161anas \u012bpa\u0161\u012bbas.\" \/>\n<meta name=\"robots\" content=\"index, follow, max-snippet:-1, max-image-preview:large, max-video-preview:-1\" \/>\n<link rel=\"canonical\" href=\"https:\/\/gohike.lv\/ru\/produkts\/gear-aid-revivex-udensizturibas-parklajuma-atjaunosanas-sprejs\/\" \/>\n<meta property=\"og:locale\" content=\"ru_RU\" \/>\n<meta property=\"og:type\" content=\"article\" \/>\n<meta property=\"og:title\" content=\"GEAR AID Revivex \u016bdensiztur\u012bbas p\u0101rkl\u0101juma atjauno\u0161anas sprejs\" \/>\n<meta property=\"og:description\" content=\"Augstas kvalit\u0101tes DWR p\u0101rkl\u0101juma atjauno\u0161anas sprejs GORE-TEX\u00ae un citu elpojo\u0161o \u016bdensiztur\u012bgo audumu apstr\u0101dei, lai atjaunotu \u016bdens atgr\u016b\u0161anas \u012bpa\u0161\u012bbas.\" \/>\n<meta property=\"og:url\" content=\"https:\/\/gohike.lv\/ru\/produkts\/gear-aid-revivex-udensizturibas-parklajuma-atjaunosanas-sprejs\/\" \/>\n<meta property=\"og:site_name\" content=\"GoHike\" \/>\n<meta property=\"article:publisher\" content=\"https:\/\/www.facebook.com\/gohike.shop\/\" \/>\n<meta property=\"article:modified_time\" content=\"2025-12-30T14:24:23+00:00\" \/>\n<meta property=\"og:image\" content=\"https:\/\/gohike.lv\/wp-content\/uploads\/2025\/04\/WaterRepellent_.webp\" \/>\n\t<meta property=\"og:image:width\" content=\"1000\" \/>\n\t<meta property=\"og:image:height\" content=\"1000\" \/>\n\t<meta property=\"og:image:type\" content=\"image\/webp\" \/>\n<meta name=\"twitter:card\" content=\"summary_large_image\" \/>\n<meta name=\"twitter:title\" content=\"GEAR AID Revivex \u016bdensiztur\u012bbas p\u0101rkl\u0101juma atjauno\u0161anas sprejs\" \/>\n<meta name=\"twitter:label1\" content=\"\u041f\u0440\u0438\u043c\u0435\u0440\u043d\u043e\u0435 \u0432\u0440\u0435\u043c\u044f \u0434\u043b\u044f \u0447\u0442\u0435\u043d\u0438\u044f\" \/>\n\t<meta name=\"twitter:data1\" content=\"2 \u043c\u0438\u043d\u0443\u0442\u0430\" \/>\n<script type=\"application\/ld+json\" class=\"yoast-schema-graph\">{\"@context\":\"https:\\\/\\\/schema.org\",\"@graph\":[{\"@type\":[\"WebPage\",\"ItemPage\"],\"@id\":\"https:\\\/\\\/gohike.lv\\\/ru\\\/produkts\\\/gear-aid-revivex-udensizturibas-parklajuma-atjaunosanas-sprejs\\\/\",\"url\":\"https:\\\/\\\/gohike.lv\\\/ru\\\/produkts\\\/gear-aid-revivex-udensizturibas-parklajuma-atjaunosanas-sprejs\\\/\",\"name\":\"GEAR AID Revivex \u016bdensiztur\u012bbas p\u0101rkl\u0101juma atjauno\u0161anas sprejs\",\"isPartOf\":{\"@id\":\"https:\\\/\\\/gohike.lv\\\/ru\\\/#website\"},\"primaryImageOfPage\":{\"@id\":\"https:\\\/\\\/gohike.lv\\\/ru\\\/produkts\\\/gear-aid-revivex-udensizturibas-parklajuma-atjaunosanas-sprejs\\\/#primaryimage\"},\"image\":{\"@id\":\"https:\\\/\\\/gohike.lv\\\/ru\\\/produkts\\\/gear-aid-revivex-udensizturibas-parklajuma-atjaunosanas-sprejs\\\/#primaryimage\"},\"thumbnailUrl\":\"https:\\\/\\\/gohike.lv\\\/wp-content\\\/uploads\\\/2025\\\/04\\\/WaterRepellent_.webp\",\"datePublished\":\"2025-04-04T12:59:56+00:00\",\"dateModified\":\"2025-12-30T14:24:23+00:00\",\"description\":\"Augstas kvalit\u0101tes DWR p\u0101rkl\u0101juma atjauno\u0161anas sprejs GORE-TEX\u00ae un citu elpojo\u0161o \u016bdensiztur\u012bgo audumu apstr\u0101dei, lai atjaunotu \u016bdens atgr\u016b\u0161anas \u012bpa\u0161\u012bbas.\",\"breadcrumb\":{\"@id\":\"https:\\\/\\\/gohike.lv\\\/ru\\\/produkts\\\/gear-aid-revivex-udensizturibas-parklajuma-atjaunosanas-sprejs\\\/#breadcrumb\"},\"inLanguage\":\"ru-RU\",\"potentialAction\":[{\"@type\":\"ReadAction\",\"target\":[\"https:\\\/\\\/gohike.lv\\\/ru\\\/produkts\\\/gear-aid-revivex-udensizturibas-parklajuma-atjaunosanas-sprejs\\\/\"]}]},{\"@type\":\"ImageObject\",\"inLanguage\":\"ru-RU\",\"@id\":\"https:\\\/\\\/gohike.lv\\\/ru\\\/produkts\\\/gear-aid-revivex-udensizturibas-parklajuma-atjaunosanas-sprejs\\\/#primaryimage\",\"url\":\"https:\\\/\\\/gohike.lv\\\/wp-content\\\/uploads\\\/2025\\\/04\\\/WaterRepellent_.webp\",\"contentUrl\":\"https:\\\/\\\/gohike.lv\\\/wp-content\\\/uploads\\\/2025\\\/04\\\/WaterRepellent_.webp\",\"width\":1000,\"height\":1000},{\"@type\":\"BreadcrumbList\",\"@id\":\"https:\\\/\\\/gohike.lv\\\/ru\\\/produkts\\\/gear-aid-revivex-udensizturibas-parklajuma-atjaunosanas-sprejs\\\/#breadcrumb\",\"itemListElement\":[{\"@type\":\"ListItem\",\"position\":1,\"name\":\"\u0413\u043b\u0430\u0432\u043d\u0430\u044f\",\"item\":\"https:\\\/\\\/gohike.lv\\\/ru\\\/\"},{\"@type\":\"ListItem\",\"position\":2,\"name\":\"\u041a\u0430\u0442\u0435\u0433\u043e\u0440\u0438\u0438 \u0442\u043e\u0432\u0430\u0440\u043e\u0432\",\"item\":\"https:\\\/\\\/gohike.lv\\\/%d0%ba%d0%b0%d1%82%d0%b5%d0%b3%d0%be%d1%80%d0%b8%d0%b8-%d1%82%d0%be%d0%b2%d0%b0%d1%80%d0%be%d0%b2\\\/\"},{\"@type\":\"ListItem\",\"position\":3,\"name\":\"GEAR AID &#8211; Revivex \u016bdensiztur\u012bbas p\u0101rkl\u0101juma atjauno\u0161anas sprejs\"}]},{\"@type\":\"WebSite\",\"@id\":\"https:\\\/\\\/gohike.lv\\\/ru\\\/#website\",\"url\":\"https:\\\/\\\/gohike.lv\\\/ru\\\/\",\"name\":\"GoHike\",\"description\":\"\",\"publisher\":{\"@id\":\"https:\\\/\\\/gohike.lv\\\/ru\\\/#organization\"},\"potentialAction\":[{\"@type\":\"SearchAction\",\"target\":{\"@type\":\"EntryPoint\",\"urlTemplate\":\"https:\\\/\\\/gohike.lv\\\/ru\\\/?s={search_term_string}\"},\"query-input\":{\"@type\":\"PropertyValueSpecification\",\"valueRequired\":true,\"valueName\":\"search_term_string\"}}],\"inLanguage\":\"ru-RU\"},{\"@type\":\"Organization\",\"@id\":\"https:\\\/\\\/gohike.lv\\\/ru\\\/#organization\",\"name\":\"GoHike\",\"url\":\"https:\\\/\\\/gohike.lv\\\/ru\\\/\",\"logo\":{\"@type\":\"ImageObject\",\"inLanguage\":\"ru-RU\",\"@id\":\"https:\\\/\\\/gohike.lv\\\/ru\\\/#\\\/schema\\\/logo\\\/image\\\/\",\"url\":\"https:\\\/\\\/gohike.lv\\\/wp-content\\\/uploads\\\/2023\\\/08\\\/Logo_GoHike.webp\",\"contentUrl\":\"https:\\\/\\\/gohike.lv\\\/wp-content\\\/uploads\\\/2023\\\/08\\\/Logo_GoHike.webp\",\"width\":512,\"height\":512,\"caption\":\"GoHike\"},\"image\":{\"@id\":\"https:\\\/\\\/gohike.lv\\\/ru\\\/#\\\/schema\\\/logo\\\/image\\\/\"},\"sameAs\":[\"https:\\\/\\\/www.facebook.com\\\/gohike.shop\\\/\",\"https:\\\/\\\/www.instagram.com\\\/gohike.shop\\\/\"]}]}<\/script>\n<!-- \/ Yoast SEO plugin. -->","yoast_head_json":{"title":"GEAR AID Revivex \u016bdensiztur\u012bbas p\u0101rkl\u0101juma atjauno\u0161anas sprejs","description":"Augstas kvalit\u0101tes DWR p\u0101rkl\u0101juma atjauno\u0161anas sprejs GORE-TEX\u00ae un citu elpojo\u0161o \u016bdensiztur\u012bgo audumu apstr\u0101dei, lai atjaunotu \u016bdens atgr\u016b\u0161anas \u012bpa\u0161\u012bbas.","robots":{"index":"index","follow":"follow","max-snippet":"max-snippet:-1","max-image-preview":"max-image-preview:large","max-video-preview":"max-video-preview:-1"},"canonical":"https:\/\/gohike.lv\/ru\/produkts\/gear-aid-revivex-udensizturibas-parklajuma-atjaunosanas-sprejs\/","og_locale":"ru_RU","og_type":"article","og_title":"GEAR AID Revivex \u016bdensiztur\u012bbas p\u0101rkl\u0101juma atjauno\u0161anas sprejs","og_description":"Augstas kvalit\u0101tes DWR p\u0101rkl\u0101juma atjauno\u0161anas sprejs GORE-TEX\u00ae un citu elpojo\u0161o \u016bdensiztur\u012bgo audumu apstr\u0101dei, lai atjaunotu \u016bdens atgr\u016b\u0161anas \u012bpa\u0161\u012bbas.","og_url":"https:\/\/gohike.lv\/ru\/produkts\/gear-aid-revivex-udensizturibas-parklajuma-atjaunosanas-sprejs\/","og_site_name":"GoHike","article_publisher":"https:\/\/www.facebook.com\/gohike.shop\/","article_modified_time":"2025-12-30T14:24:23+00:00","og_image":[{"width":1000,"height":1000,"url":"https:\/\/gohike.lv\/wp-content\/uploads\/2025\/04\/WaterRepellent_.webp","type":"image\/webp"}],"twitter_card":"summary_large_image","twitter_title":"GEAR AID Revivex \u016bdensiztur\u012bbas p\u0101rkl\u0101juma atjauno\u0161anas sprejs","twitter_misc":{"\u041f\u0440\u0438\u043c\u0435\u0440\u043d\u043e\u0435 \u0432\u0440\u0435\u043c\u044f \u0434\u043b\u044f \u0447\u0442\u0435\u043d\u0438\u044f":"2 \u043c\u0438\u043d\u0443\u0442\u0430"},"schema":{"@context":"https:\/\/schema.org","@graph":[{"@type":["WebPage","ItemPage"],"@id":"https:\/\/gohike.lv\/ru\/produkts\/gear-aid-revivex-udensizturibas-parklajuma-atjaunosanas-sprejs\/","url":"https:\/\/gohike.lv\/ru\/produkts\/gear-aid-revivex-udensizturibas-parklajuma-atjaunosanas-sprejs\/","name":"GEAR AID Revivex \u016bdensiztur\u012bbas p\u0101rkl\u0101juma atjauno\u0161anas sprejs","isPartOf":{"@id":"https:\/\/gohike.lv\/ru\/#website"},"primaryImageOfPage":{"@id":"https:\/\/gohike.lv\/ru\/produkts\/gear-aid-revivex-udensizturibas-parklajuma-atjaunosanas-sprejs\/#primaryimage"},"image":{"@id":"https:\/\/gohike.lv\/ru\/produkts\/gear-aid-revivex-udensizturibas-parklajuma-atjaunosanas-sprejs\/#primaryimage"},"thumbnailUrl":"https:\/\/gohike.lv\/wp-content\/uploads\/2025\/04\/WaterRepellent_.webp","datePublished":"2025-04-04T12:59:56+00:00","dateModified":"2025-12-30T14:24:23+00:00","description":"Augstas kvalit\u0101tes DWR p\u0101rkl\u0101juma atjauno\u0161anas sprejs GORE-TEX\u00ae un citu elpojo\u0161o \u016bdensiztur\u012bgo audumu apstr\u0101dei, lai atjaunotu \u016bdens atgr\u016b\u0161anas \u012bpa\u0161\u012bbas.","breadcrumb":{"@id":"https:\/\/gohike.lv\/ru\/produkts\/gear-aid-revivex-udensizturibas-parklajuma-atjaunosanas-sprejs\/#breadcrumb"},"inLanguage":"ru-RU","potentialAction":[{"@type":"ReadAction","target":["https:\/\/gohike.lv\/ru\/produkts\/gear-aid-revivex-udensizturibas-parklajuma-atjaunosanas-sprejs\/"]}]},{"@type":"ImageObject","inLanguage":"ru-RU","@id":"https:\/\/gohike.lv\/ru\/produkts\/gear-aid-revivex-udensizturibas-parklajuma-atjaunosanas-sprejs\/#primaryimage","url":"https:\/\/gohike.lv\/wp-content\/uploads\/2025\/04\/WaterRepellent_.webp","contentUrl":"https:\/\/gohike.lv\/wp-content\/uploads\/2025\/04\/WaterRepellent_.webp","width":1000,"height":1000},{"@type":"BreadcrumbList","@id":"https:\/\/gohike.lv\/ru\/produkts\/gear-aid-revivex-udensizturibas-parklajuma-atjaunosanas-sprejs\/#breadcrumb","itemListElement":[{"@type":"ListItem","position":1,"name":"\u0413\u043b\u0430\u0432\u043d\u0430\u044f","item":"https:\/\/gohike.lv\/ru\/"},{"@type":"ListItem","position":2,"name":"\u041a\u0430\u0442\u0435\u0433\u043e\u0440\u0438\u0438 \u0442\u043e\u0432\u0430\u0440\u043e\u0432","item":"https:\/\/gohike.lv\/%d0%ba%d0%b0%d1%82%d0%b5%d0%b3%d0%be%d1%80%d0%b8%d0%b8-%d1%82%d0%be%d0%b2%d0%b0%d1%80%d0%be%d0%b2\/"},{"@type":"ListItem","position":3,"name":"GEAR AID &#8211; Revivex \u016bdensiztur\u012bbas p\u0101rkl\u0101juma atjauno\u0161anas sprejs"}]},{"@type":"WebSite","@id":"https:\/\/gohike.lv\/ru\/#website","url":"https:\/\/gohike.lv\/ru\/","name":"GoHike","description":"","publisher":{"@id":"https:\/\/gohike.lv\/ru\/#organization"},"potentialAction":[{"@type":"SearchAction","target":{"@type":"EntryPoint","urlTemplate":"https:\/\/gohike.lv\/ru\/?s={search_term_string}"},"query-input":{"@type":"PropertyValueSpecification","valueRequired":true,"valueName":"search_term_string"}}],"inLanguage":"ru-RU"},{"@type":"Organization","@id":"https:\/\/gohike.lv\/ru\/#organization","name":"GoHike","url":"https:\/\/gohike.lv\/ru\/","logo":{"@type":"ImageObject","inLanguage":"ru-RU","@id":"https:\/\/gohike.lv\/ru\/#\/schema\/logo\/image\/","url":"https:\/\/gohike.lv\/wp-content\/uploads\/2023\/08\/Logo_GoHike.webp","contentUrl":"https:\/\/gohike.lv\/wp-content\/uploads\/2023\/08\/Logo_GoHike.webp","width":512,"height":512,"caption":"GoHike"},"image":{"@id":"https:\/\/gohike.lv\/ru\/#\/schema\/logo\/image\/"},"sameAs":["https:\/\/www.facebook.com\/gohike.shop\/","https:\/\/www.instagram.com\/gohike.shop\/"]}]}},"jetpack_sharing_enabled":true,"_links":{"self":[{"href":"https:\/\/gohike.lv\/ru\/wp-json\/wp\/v2\/product\/77178","targetHints":{"allow":["GET"]}}],"collection":[{"href":"https:\/\/gohike.lv\/ru\/wp-json\/wp\/v2\/product"}],"about":[{"href":"https:\/\/gohike.lv\/ru\/wp-json\/wp\/v2\/types\/product"}],"version-history":[{"count":1,"href":"https:\/\/gohike.lv\/ru\/wp-json\/wp\/v2\/product\/77178\/revisions"}],"predecessor-version":[{"id":118938,"href":"https:\/\/gohike.lv\/ru\/wp-json\/wp\/v2\/product\/77178\/revisions\/118938"}],"wp:featuredmedia":[{"embeddable":true,"href":"https:\/\/gohike.lv\/ru\/wp-json\/wp\/v2\/media\/77180"}],"wp:attachment":[{"href":"https:\/\/gohike.lv\/ru\/wp-json\/wp\/v2\/media?parent=77178"}],"wp:term":[{"taxonomy":"product_brand","embeddable":true,"href":"https:\/\/gohike.lv\/ru\/wp-json\/wp\/v2\/product_brand?post=77178"},{"taxonomy":"product_cat","embeddable":true,"href":"https:\/\/gohike.lv\/ru\/wp-json\/wp\/v2\/product_cat?post=77178"},{"taxonomy":"product_tag","embeddable":true,"href":"https:\/\/gohike.lv\/ru\/wp-json\/wp\/v2\/product_tag?post=77178"}],"curies":[{"name":"wp","href":"https:\/\/api.w.org\/{rel}","templated":true}]}}