{"id":77161,"date":"2025-04-04T15:59:56","date_gmt":"2025-04-04T12:59:56","guid":{"rendered":"https:\/\/gohike.lv\/produkts\/gear-aid-cure-accelerator-x-limes-sacietesanas-paatrinatajs\/"},"modified":"2025-12-30T17:24:23","modified_gmt":"2025-12-30T14:24:23","slug":"gear-aid-cure-accelerator-x-limes-sacietesanas-paatrinatajs","status":"publish","type":"product","link":"https:\/\/gohike.lv\/ru\/produkts\/gear-aid-cure-accelerator-x-limes-sacietesanas-paatrinatajs\/","title":{"rendered":"GEAR AID &#8212; Cure Accelerator X l\u012bmes saciet\u0113\u0161anas pa\u0101trin\u0101t\u0101js"},"content":{"rendered":"<p>Cure Accelerator X (iepriek\u0161 paz\u012bstams k\u0101 Cotol-240) ir \u012bpa\u0161s \u0161\u0137idrums, kas iev\u0113rojami pa\u0101trina Aquasure FD, SR un Seam Grip WP l\u012bmju saciet\u0113\u0161anas procesu. Tas sa\u012bsina s\u0101kotn\u0113jo l\u012bmes saciet\u0113\u0161anas laiku l\u012bdz 15 min\u016bt\u0113m un nodro\u0161ina piln\u012bgu saciet\u0113\u0161anu jau p\u0113c 4 stund\u0101m. Ide\u0101ls risin\u0101jums, kad nepiecie\u0161ams \u0101tri salabot nir\u0161anas t\u0113rpus, zvejas ap\u0123\u0113rbus vai citu \u0101ra apr\u012bkojumu.<br \/>\nGalven\u0101s \u012bpa\u0161\u012bbas:<br \/>\n\u2714 Samazina l\u012bmes saciet\u0113\u0161anas laiku l\u012bdz 15 min\u016bt\u0113m;<br \/>\n\u2714 \u013bauj l\u012bmei piln\u012bb\u0101 saciet\u0113t 4 stundu laik\u0101;<br \/>\n\u2714 Sader\u012bgs kop\u0101 ar Aquasure FD, SR un Seam Grip WP l\u012bm\u0113m;<br \/>\n\u2714 Saglab\u0101 l\u012bmju elast\u012bbu un \u016bdensiztur\u012bbu;<br \/>\n\u2714 Piem\u0113rots da\u017e\u0101diem materi\u0101liem: neopr\u0113nam, gumijai, nailonam.<br \/>\nTehniskie parametri:<br \/>\nTilpums: 30 ml;<br \/>\nLieto\u0161ana: 2-3 piliens uz 1 cm\u00b2 l\u012bm\u0113jam\u0101s virsmas;<br \/>\nDarb\u012bbas princips: pa\u0101trina poliuret\u0101na l\u012bmju saciet\u0113\u0161anu;<br \/>\nSader\u012bba: Aquasure FD, SR; Seam Grip WP;<br \/>\nUzglab\u0101\u0161ana: sl\u0113gt\u0101 trauk\u0101, aizsarg\u0101jot no tie\u0161as saules gaismas.<br \/>\nLieto\u0161anas instrukcija:<br \/>\nUzkl\u0101jiet l\u012bmi uz remont\u0113jam\u0101s virsmas;<br \/>\nUzsmidziniet 2-3 pilienus Cure Accelerator X;<br \/>\nSavienojiet virsmas un nospiediet uz 15 min\u016bt\u0113m;<br \/>\nPiln\u012bga saciet\u0113\u0161ana notiek 4 stundu laik\u0101.<br \/>\nIeteicamie produkti l\u012bdz\u012bgam pielietojumam:<br \/>\n\u2022 Aquasure FD\/SR l\u012bme;<br \/>\n\u2022 Seam Grip WP \u0161uvju hermetiz\u0113t\u0101js;<br \/>\n\u2022 McNett neopr\u0113na remonta komplekts.<br \/>\nBr\u012bdin\u0101jumi:<br \/>\n\u2022 Lietojiet tikai labi v\u0113din\u0101m\u0101 viet\u0101;<br \/>\n\u2022 Izvairieties no kontakta ar ac\u012bm un \u0101du;<br \/>\n\u2022 Glab\u0101t b\u0113rniem nepieejam\u0101 viet\u0101;<br \/>\n\u2022 Uzglab\u0101t temperat\u016br\u0101 no +5\u00b0C l\u012bdz +25\u00b0C.<\/p>\n","protected":false},"excerpt":{"rendered":"<p>\u0100trdarb\u012bgs saciet\u0113\u0161anas pa\u0101trin\u0101t\u0101js, kas iev\u0113rojami samazina Aquasure un Seam Grip l\u012bmju saciet\u0113\u0161anas laiku, \u013caujot \u0101tri salabot boj\u0101tu apr\u012bkojumu.<\/p>\n","protected":false},"featured_media":77163,"template":"","meta":[],"product_brand":[12836],"product_cat":[1617,4140],"product_tag":[],"class_list":{"0":"post-77161","1":"product","2":"type-product","3":"status-publish","4":"has-post-thumbnail","6":"product_brand-gear-aid","7":"product_cat-instrumenti-un-kopsana","8":"product_cat-noderigas-lietas","9":"pa_produkta-tips-noderigas-lietas","10":"pa_tilpums-30ml","12":"first","13":"instock","14":"taxable","15":"shipping-taxable","16":"purchasable","17":"product-type-simple"},"raw_content":{"name":"GEAR AID - Cure Accelerator X l\u012bmes saciet\u0113\u0161anas pa\u0101trin\u0101t\u0101js","description":"Cure Accelerator X (iepriek\u0161 paz\u012bstams k\u0101 Cotol-240) ir \u012bpa\u0161s \u0161\u0137idrums, kas iev\u0113rojami pa\u0101trina Aquasure FD, SR un Seam Grip WP l\u012bmju saciet\u0113\u0161anas procesu. Tas sa\u012bsina s\u0101kotn\u0113jo l\u012bmes saciet\u0113\u0161anas laiku l\u012bdz 15 min\u016bt\u0113m un nodro\u0161ina piln\u012bgu saciet\u0113\u0161anu jau p\u0113c 4 stund\u0101m. Ide\u0101ls risin\u0101jums, kad nepiecie\u0161ams \u0101tri salabot nir\u0161anas t\u0113rpus, zvejas ap\u0123\u0113rbus vai citu \u0101ra apr\u012bkojumu.\nGalven\u0101s \u012bpa\u0161\u012bbas:\n\u2714 Samazina l\u012bmes saciet\u0113\u0161anas laiku l\u012bdz 15 min\u016bt\u0113m;\n\u2714 \u013bauj l\u012bmei piln\u012bb\u0101 saciet\u0113t 4 stundu laik\u0101;\n\u2714 Sader\u012bgs kop\u0101 ar Aquasure FD, SR un Seam Grip WP l\u012bm\u0113m;\n\u2714 Saglab\u0101 l\u012bmju elast\u012bbu un \u016bdensiztur\u012bbu;\n\u2714 Piem\u0113rots da\u017e\u0101diem materi\u0101liem: neopr\u0113nam, gumijai, nailonam.\nTehniskie parametri:\nTilpums: 30 ml;\nLieto\u0161ana: 2-3 piliens uz 1 cm\u00b2 l\u012bm\u0113jam\u0101s virsmas;\nDarb\u012bbas princips: pa\u0101trina poliuret\u0101na l\u012bmju saciet\u0113\u0161anu;\nSader\u012bba: Aquasure FD, SR; Seam Grip WP;\nUzglab\u0101\u0161ana: sl\u0113gt\u0101 trauk\u0101, aizsarg\u0101jot no tie\u0161as saules gaismas.\nLieto\u0161anas instrukcija:\nUzkl\u0101jiet l\u012bmi uz remont\u0113jam\u0101s virsmas;\nUzsmidziniet 2-3 pilienus Cure Accelerator X;\nSavienojiet virsmas un nospiediet uz 15 min\u016bt\u0113m;\nPiln\u012bga saciet\u0113\u0161ana notiek 4 stundu laik\u0101.\nIeteicamie produkti l\u012bdz\u012bgam pielietojumam:\n\u2022 Aquasure FD\/SR l\u012bme;\n\u2022 Seam Grip WP \u0161uvju hermetiz\u0113t\u0101js;\n\u2022 McNett neopr\u0113na remonta komplekts.\nBr\u012bdin\u0101jumi:\n\u2022 Lietojiet tikai labi v\u0113din\u0101m\u0101 viet\u0101;\n\u2022 Izvairieties no kontakta ar ac\u012bm un \u0101du;\n\u2022 Glab\u0101t b\u0113rniem nepieejam\u0101 viet\u0101;\n\u2022 Uzglab\u0101t temperat\u016br\u0101 no +5\u00b0C l\u012bdz +25\u00b0C.","short_description":"\u0100trdarb\u012bgs saciet\u0113\u0161anas pa\u0101trin\u0101t\u0101js, kas iev\u0113rojami samazina Aquasure un Seam Grip l\u012bmju saciet\u0113\u0161anas laiku, \u013caujot \u0101tri salabot boj\u0101tu apr\u012bkojumu.","status":"publish","sku":"21563120165","original":77161},"wpml":{"translation_type":0,"has_translations":false,"original":77161,"duplicates":[],"translations":{"lv":77161,"en":null,"ru":null}},"supplier_id":null,"supplier_sku":"","barcode":null,"atum_controlled":true,"out_stock_date":null,"out_stock_threshold":null,"inheritable":false,"inbound_stock":0,"stock_on_hold":0,"sold_today":0,"sales_last_days":0,"reserved_stock":0,"customer_returns":0,"warehouse_damage":0,"lost_in_post":0,"other_logs":0,"out_stock_days":0,"lost_sales":0,"has_location":false,"update_date":"2025-12-30T14:25:12","atum_locations":[],"atum_stock_status":"instock","restock_status":false,"low_stock_amount":"","sales_update_date":"2025-11-13T14:08:59","calc_backorders":null,"yoast_head":"<!-- This site is optimized with the Yoast SEO plugin v27.3 - https:\/\/yoast.com\/product\/yoast-seo-wordpress\/ -->\n<title>GEAR AID Cure Accelerator X l\u012bmes saciet\u0113\u0161anas pa\u0101trin\u0101t\u0101js<\/title>\n<meta name=\"description\" content=\"\u0100trdarb\u012bgs saciet\u0113\u0161anas pa\u0101trin\u0101t\u0101js, kas iev\u0113rojami samazina Aquasure un Seam Grip l\u012bmju saciet\u0113\u0161anas laiku, \u013caujot \u0101tri salabot boj\u0101tu apr\u012bkojumu.\" \/>\n<meta name=\"robots\" content=\"index, follow, max-snippet:-1, max-image-preview:large, max-video-preview:-1\" \/>\n<link rel=\"canonical\" href=\"https:\/\/gohike.lv\/ru\/produkts\/gear-aid-cure-accelerator-x-limes-sacietesanas-paatrinatajs\/\" \/>\n<meta property=\"og:locale\" content=\"ru_RU\" \/>\n<meta property=\"og:type\" content=\"article\" \/>\n<meta property=\"og:title\" content=\"GEAR AID Cure Accelerator X l\u012bmes saciet\u0113\u0161anas pa\u0101trin\u0101t\u0101js\" \/>\n<meta property=\"og:description\" content=\"\u0100trdarb\u012bgs saciet\u0113\u0161anas pa\u0101trin\u0101t\u0101js, kas iev\u0113rojami samazina Aquasure un Seam Grip l\u012bmju saciet\u0113\u0161anas laiku, \u013caujot \u0101tri salabot boj\u0101tu apr\u012bkojumu.\" \/>\n<meta property=\"og:url\" content=\"https:\/\/gohike.lv\/ru\/produkts\/gear-aid-cure-accelerator-x-limes-sacietesanas-paatrinatajs\/\" \/>\n<meta property=\"og:site_name\" content=\"GoHike\" \/>\n<meta property=\"article:publisher\" content=\"https:\/\/www.facebook.com\/gohike.shop\/\" \/>\n<meta property=\"article:modified_time\" content=\"2025-12-30T14:24:23+00:00\" \/>\n<meta property=\"og:image\" content=\"https:\/\/gohike.lv\/wp-content\/uploads\/2025\/04\/CureX_.webp\" \/>\n\t<meta property=\"og:image:width\" content=\"1000\" \/>\n\t<meta property=\"og:image:height\" content=\"1000\" \/>\n\t<meta property=\"og:image:type\" content=\"image\/webp\" \/>\n<meta name=\"twitter:card\" content=\"summary_large_image\" \/>\n<meta name=\"twitter:title\" content=\"GEAR AID Cure Accelerator X l\u012bmes saciet\u0113\u0161anas pa\u0101trin\u0101t\u0101js\" \/>\n<meta name=\"twitter:label1\" content=\"\u041f\u0440\u0438\u043c\u0435\u0440\u043d\u043e\u0435 \u0432\u0440\u0435\u043c\u044f \u0434\u043b\u044f \u0447\u0442\u0435\u043d\u0438\u044f\" \/>\n\t<meta name=\"twitter:data1\" content=\"2 \u043c\u0438\u043d\u0443\u0442\u0430\" \/>\n<script type=\"application\/ld+json\" class=\"yoast-schema-graph\">{\"@context\":\"https:\\\/\\\/schema.org\",\"@graph\":[{\"@type\":[\"WebPage\",\"ItemPage\"],\"@id\":\"https:\\\/\\\/gohike.lv\\\/ru\\\/produkts\\\/gear-aid-cure-accelerator-x-limes-sacietesanas-paatrinatajs\\\/\",\"url\":\"https:\\\/\\\/gohike.lv\\\/ru\\\/produkts\\\/gear-aid-cure-accelerator-x-limes-sacietesanas-paatrinatajs\\\/\",\"name\":\"GEAR AID Cure Accelerator X l\u012bmes saciet\u0113\u0161anas pa\u0101trin\u0101t\u0101js\",\"isPartOf\":{\"@id\":\"https:\\\/\\\/gohike.lv\\\/ru\\\/#website\"},\"primaryImageOfPage\":{\"@id\":\"https:\\\/\\\/gohike.lv\\\/ru\\\/produkts\\\/gear-aid-cure-accelerator-x-limes-sacietesanas-paatrinatajs\\\/#primaryimage\"},\"image\":{\"@id\":\"https:\\\/\\\/gohike.lv\\\/ru\\\/produkts\\\/gear-aid-cure-accelerator-x-limes-sacietesanas-paatrinatajs\\\/#primaryimage\"},\"thumbnailUrl\":\"https:\\\/\\\/gohike.lv\\\/wp-content\\\/uploads\\\/2025\\\/04\\\/CureX_.webp\",\"datePublished\":\"2025-04-04T12:59:56+00:00\",\"dateModified\":\"2025-12-30T14:24:23+00:00\",\"description\":\"\u0100trdarb\u012bgs saciet\u0113\u0161anas pa\u0101trin\u0101t\u0101js, kas iev\u0113rojami samazina Aquasure un Seam Grip l\u012bmju saciet\u0113\u0161anas laiku, \u013caujot \u0101tri salabot boj\u0101tu apr\u012bkojumu.\",\"breadcrumb\":{\"@id\":\"https:\\\/\\\/gohike.lv\\\/ru\\\/produkts\\\/gear-aid-cure-accelerator-x-limes-sacietesanas-paatrinatajs\\\/#breadcrumb\"},\"inLanguage\":\"ru-RU\",\"potentialAction\":[{\"@type\":\"ReadAction\",\"target\":[\"https:\\\/\\\/gohike.lv\\\/ru\\\/produkts\\\/gear-aid-cure-accelerator-x-limes-sacietesanas-paatrinatajs\\\/\"]}]},{\"@type\":\"ImageObject\",\"inLanguage\":\"ru-RU\",\"@id\":\"https:\\\/\\\/gohike.lv\\\/ru\\\/produkts\\\/gear-aid-cure-accelerator-x-limes-sacietesanas-paatrinatajs\\\/#primaryimage\",\"url\":\"https:\\\/\\\/gohike.lv\\\/wp-content\\\/uploads\\\/2025\\\/04\\\/CureX_.webp\",\"contentUrl\":\"https:\\\/\\\/gohike.lv\\\/wp-content\\\/uploads\\\/2025\\\/04\\\/CureX_.webp\",\"width\":1000,\"height\":1000},{\"@type\":\"BreadcrumbList\",\"@id\":\"https:\\\/\\\/gohike.lv\\\/ru\\\/produkts\\\/gear-aid-cure-accelerator-x-limes-sacietesanas-paatrinatajs\\\/#breadcrumb\",\"itemListElement\":[{\"@type\":\"ListItem\",\"position\":1,\"name\":\"\u0413\u043b\u0430\u0432\u043d\u0430\u044f\",\"item\":\"https:\\\/\\\/gohike.lv\\\/ru\\\/\"},{\"@type\":\"ListItem\",\"position\":2,\"name\":\"\u041a\u0430\u0442\u0435\u0433\u043e\u0440\u0438\u0438 \u0442\u043e\u0432\u0430\u0440\u043e\u0432\",\"item\":\"https:\\\/\\\/gohike.lv\\\/%d0%ba%d0%b0%d1%82%d0%b5%d0%b3%d0%be%d1%80%d0%b8%d0%b8-%d1%82%d0%be%d0%b2%d0%b0%d1%80%d0%be%d0%b2\\\/\"},{\"@type\":\"ListItem\",\"position\":3,\"name\":\"GEAR AID &#8211; Cure Accelerator X l\u012bmes saciet\u0113\u0161anas pa\u0101trin\u0101t\u0101js\"}]},{\"@type\":\"WebSite\",\"@id\":\"https:\\\/\\\/gohike.lv\\\/ru\\\/#website\",\"url\":\"https:\\\/\\\/gohike.lv\\\/ru\\\/\",\"name\":\"GoHike\",\"description\":\"\",\"publisher\":{\"@id\":\"https:\\\/\\\/gohike.lv\\\/ru\\\/#organization\"},\"potentialAction\":[{\"@type\":\"SearchAction\",\"target\":{\"@type\":\"EntryPoint\",\"urlTemplate\":\"https:\\\/\\\/gohike.lv\\\/ru\\\/?s={search_term_string}\"},\"query-input\":{\"@type\":\"PropertyValueSpecification\",\"valueRequired\":true,\"valueName\":\"search_term_string\"}}],\"inLanguage\":\"ru-RU\"},{\"@type\":\"Organization\",\"@id\":\"https:\\\/\\\/gohike.lv\\\/ru\\\/#organization\",\"name\":\"GoHike\",\"url\":\"https:\\\/\\\/gohike.lv\\\/ru\\\/\",\"logo\":{\"@type\":\"ImageObject\",\"inLanguage\":\"ru-RU\",\"@id\":\"https:\\\/\\\/gohike.lv\\\/ru\\\/#\\\/schema\\\/logo\\\/image\\\/\",\"url\":\"https:\\\/\\\/gohike.lv\\\/wp-content\\\/uploads\\\/2023\\\/08\\\/Logo_GoHike.webp\",\"contentUrl\":\"https:\\\/\\\/gohike.lv\\\/wp-content\\\/uploads\\\/2023\\\/08\\\/Logo_GoHike.webp\",\"width\":512,\"height\":512,\"caption\":\"GoHike\"},\"image\":{\"@id\":\"https:\\\/\\\/gohike.lv\\\/ru\\\/#\\\/schema\\\/logo\\\/image\\\/\"},\"sameAs\":[\"https:\\\/\\\/www.facebook.com\\\/gohike.shop\\\/\",\"https:\\\/\\\/www.instagram.com\\\/gohike.shop\\\/\"]}]}<\/script>\n<!-- \/ Yoast SEO plugin. -->","yoast_head_json":{"title":"GEAR AID Cure Accelerator X l\u012bmes saciet\u0113\u0161anas pa\u0101trin\u0101t\u0101js","description":"\u0100trdarb\u012bgs saciet\u0113\u0161anas pa\u0101trin\u0101t\u0101js, kas iev\u0113rojami samazina Aquasure un Seam Grip l\u012bmju saciet\u0113\u0161anas laiku, \u013caujot \u0101tri salabot boj\u0101tu apr\u012bkojumu.","robots":{"index":"index","follow":"follow","max-snippet":"max-snippet:-1","max-image-preview":"max-image-preview:large","max-video-preview":"max-video-preview:-1"},"canonical":"https:\/\/gohike.lv\/ru\/produkts\/gear-aid-cure-accelerator-x-limes-sacietesanas-paatrinatajs\/","og_locale":"ru_RU","og_type":"article","og_title":"GEAR AID Cure Accelerator X l\u012bmes saciet\u0113\u0161anas pa\u0101trin\u0101t\u0101js","og_description":"\u0100trdarb\u012bgs saciet\u0113\u0161anas pa\u0101trin\u0101t\u0101js, kas iev\u0113rojami samazina Aquasure un Seam Grip l\u012bmju saciet\u0113\u0161anas laiku, \u013caujot \u0101tri salabot boj\u0101tu apr\u012bkojumu.","og_url":"https:\/\/gohike.lv\/ru\/produkts\/gear-aid-cure-accelerator-x-limes-sacietesanas-paatrinatajs\/","og_site_name":"GoHike","article_publisher":"https:\/\/www.facebook.com\/gohike.shop\/","article_modified_time":"2025-12-30T14:24:23+00:00","og_image":[{"width":1000,"height":1000,"url":"https:\/\/gohike.lv\/wp-content\/uploads\/2025\/04\/CureX_.webp","type":"image\/webp"}],"twitter_card":"summary_large_image","twitter_title":"GEAR AID Cure Accelerator X l\u012bmes saciet\u0113\u0161anas pa\u0101trin\u0101t\u0101js","twitter_misc":{"\u041f\u0440\u0438\u043c\u0435\u0440\u043d\u043e\u0435 \u0432\u0440\u0435\u043c\u044f \u0434\u043b\u044f \u0447\u0442\u0435\u043d\u0438\u044f":"2 \u043c\u0438\u043d\u0443\u0442\u0430"},"schema":{"@context":"https:\/\/schema.org","@graph":[{"@type":["WebPage","ItemPage"],"@id":"https:\/\/gohike.lv\/ru\/produkts\/gear-aid-cure-accelerator-x-limes-sacietesanas-paatrinatajs\/","url":"https:\/\/gohike.lv\/ru\/produkts\/gear-aid-cure-accelerator-x-limes-sacietesanas-paatrinatajs\/","name":"GEAR AID Cure Accelerator X l\u012bmes saciet\u0113\u0161anas pa\u0101trin\u0101t\u0101js","isPartOf":{"@id":"https:\/\/gohike.lv\/ru\/#website"},"primaryImageOfPage":{"@id":"https:\/\/gohike.lv\/ru\/produkts\/gear-aid-cure-accelerator-x-limes-sacietesanas-paatrinatajs\/#primaryimage"},"image":{"@id":"https:\/\/gohike.lv\/ru\/produkts\/gear-aid-cure-accelerator-x-limes-sacietesanas-paatrinatajs\/#primaryimage"},"thumbnailUrl":"https:\/\/gohike.lv\/wp-content\/uploads\/2025\/04\/CureX_.webp","datePublished":"2025-04-04T12:59:56+00:00","dateModified":"2025-12-30T14:24:23+00:00","description":"\u0100trdarb\u012bgs saciet\u0113\u0161anas pa\u0101trin\u0101t\u0101js, kas iev\u0113rojami samazina Aquasure un Seam Grip l\u012bmju saciet\u0113\u0161anas laiku, \u013caujot \u0101tri salabot boj\u0101tu apr\u012bkojumu.","breadcrumb":{"@id":"https:\/\/gohike.lv\/ru\/produkts\/gear-aid-cure-accelerator-x-limes-sacietesanas-paatrinatajs\/#breadcrumb"},"inLanguage":"ru-RU","potentialAction":[{"@type":"ReadAction","target":["https:\/\/gohike.lv\/ru\/produkts\/gear-aid-cure-accelerator-x-limes-sacietesanas-paatrinatajs\/"]}]},{"@type":"ImageObject","inLanguage":"ru-RU","@id":"https:\/\/gohike.lv\/ru\/produkts\/gear-aid-cure-accelerator-x-limes-sacietesanas-paatrinatajs\/#primaryimage","url":"https:\/\/gohike.lv\/wp-content\/uploads\/2025\/04\/CureX_.webp","contentUrl":"https:\/\/gohike.lv\/wp-content\/uploads\/2025\/04\/CureX_.webp","width":1000,"height":1000},{"@type":"BreadcrumbList","@id":"https:\/\/gohike.lv\/ru\/produkts\/gear-aid-cure-accelerator-x-limes-sacietesanas-paatrinatajs\/#breadcrumb","itemListElement":[{"@type":"ListItem","position":1,"name":"\u0413\u043b\u0430\u0432\u043d\u0430\u044f","item":"https:\/\/gohike.lv\/ru\/"},{"@type":"ListItem","position":2,"name":"\u041a\u0430\u0442\u0435\u0433\u043e\u0440\u0438\u0438 \u0442\u043e\u0432\u0430\u0440\u043e\u0432","item":"https:\/\/gohike.lv\/%d0%ba%d0%b0%d1%82%d0%b5%d0%b3%d0%be%d1%80%d0%b8%d0%b8-%d1%82%d0%be%d0%b2%d0%b0%d1%80%d0%be%d0%b2\/"},{"@type":"ListItem","position":3,"name":"GEAR AID &#8211; Cure Accelerator X l\u012bmes saciet\u0113\u0161anas pa\u0101trin\u0101t\u0101js"}]},{"@type":"WebSite","@id":"https:\/\/gohike.lv\/ru\/#website","url":"https:\/\/gohike.lv\/ru\/","name":"GoHike","description":"","publisher":{"@id":"https:\/\/gohike.lv\/ru\/#organization"},"potentialAction":[{"@type":"SearchAction","target":{"@type":"EntryPoint","urlTemplate":"https:\/\/gohike.lv\/ru\/?s={search_term_string}"},"query-input":{"@type":"PropertyValueSpecification","valueRequired":true,"valueName":"search_term_string"}}],"inLanguage":"ru-RU"},{"@type":"Organization","@id":"https:\/\/gohike.lv\/ru\/#organization","name":"GoHike","url":"https:\/\/gohike.lv\/ru\/","logo":{"@type":"ImageObject","inLanguage":"ru-RU","@id":"https:\/\/gohike.lv\/ru\/#\/schema\/logo\/image\/","url":"https:\/\/gohike.lv\/wp-content\/uploads\/2023\/08\/Logo_GoHike.webp","contentUrl":"https:\/\/gohike.lv\/wp-content\/uploads\/2023\/08\/Logo_GoHike.webp","width":512,"height":512,"caption":"GoHike"},"image":{"@id":"https:\/\/gohike.lv\/ru\/#\/schema\/logo\/image\/"},"sameAs":["https:\/\/www.facebook.com\/gohike.shop\/","https:\/\/www.instagram.com\/gohike.shop\/"]}]}},"jetpack_sharing_enabled":true,"_links":{"self":[{"href":"https:\/\/gohike.lv\/ru\/wp-json\/wp\/v2\/product\/77161","targetHints":{"allow":["GET"]}}],"collection":[{"href":"https:\/\/gohike.lv\/ru\/wp-json\/wp\/v2\/product"}],"about":[{"href":"https:\/\/gohike.lv\/ru\/wp-json\/wp\/v2\/types\/product"}],"version-history":[{"count":1,"href":"https:\/\/gohike.lv\/ru\/wp-json\/wp\/v2\/product\/77161\/revisions"}],"predecessor-version":[{"id":118966,"href":"https:\/\/gohike.lv\/ru\/wp-json\/wp\/v2\/product\/77161\/revisions\/118966"}],"wp:featuredmedia":[{"embeddable":true,"href":"https:\/\/gohike.lv\/ru\/wp-json\/wp\/v2\/media\/77163"}],"wp:attachment":[{"href":"https:\/\/gohike.lv\/ru\/wp-json\/wp\/v2\/media?parent=77161"}],"wp:term":[{"taxonomy":"product_brand","embeddable":true,"href":"https:\/\/gohike.lv\/ru\/wp-json\/wp\/v2\/product_brand?post=77161"},{"taxonomy":"product_cat","embeddable":true,"href":"https:\/\/gohike.lv\/ru\/wp-json\/wp\/v2\/product_cat?post=77161"},{"taxonomy":"product_tag","embeddable":true,"href":"https:\/\/gohike.lv\/ru\/wp-json\/wp\/v2\/product_tag?post=77161"}],"curies":[{"name":"wp","href":"https:\/\/api.w.org\/{rel}","templated":true}]}}