{"id":77114,"date":"2025-04-04T15:59:56","date_gmt":"2025-04-04T12:59:56","guid":{"rendered":"https:\/\/gohike.lv\/produkts\/gear-aid-tanu-dive-nazis\/"},"modified":"2025-12-30T17:24:23","modified_gmt":"2025-12-30T14:24:23","slug":"gear-aid-tanu-dive-nazis","status":"publish","type":"product","link":"https:\/\/gohike.lv\/ru\/produkts\/gear-aid-tanu-dive-nazis\/","title":{"rendered":"GEAR AID &#8212; Tanu Dive nazis"},"content":{"rendered":"<p>Tanu nir\u0161anas nazis ir izstr\u0101d\u0101ts, nodro\u0161inot iztur\u012bbu un daudzpus\u012bbu. Korozijiztur\u012bgs, ar neasu galu 304 ner\u016bs\u0113jo\u0161\u0101 t\u0113rauda asmens ir piem\u0113rots lieto\u0161anai gan \u016bden\u012b, gan uz sauszemes. Ergonomiskais gum\u0113tais rokturis ar pirkstu atbalstu nodro\u0161ina dro\u0161u satv\u0113rienu, savuk\u0101rt noapa\u013coto galu var izmantot, lai piesitot signaliz\u0113tu zem\u016bdens vid\u0113.<br \/>\nGalven\u0101s \u012bpa\u0161\u012bbas:<br \/>\n\u2714 Korozijiztur\u012bgs 304 ner\u016bs\u0113jo\u0161ais t\u0113rauds;<br \/>\n\u2714 Apa\u013c\u0161 asmens gals (nep\u0101rdur peldp\u016b\u0161\u013cus);<br \/>\n\u2714 Vienlaic\u012bgi gluda un zobaina asmens mala;<br \/>\n\u2714 Ieb\u016bv\u0113ts auklas griez\u0113js;<br \/>\n\u2714 \u0112rti lietojams rokturis ar pirkstu atbalstu;<br \/>\n\u2714 \u012apa\u0161\u0161 futl\u0101ris ar \u0101tr\u0101s piek\u013cuves meh\u0101nismu.<br \/>\nTehniskie parametri:<br \/>\nAsmens garums: 7.6 cm;<br \/>\nAsmens biezums: 0.3 cm;<br \/>\nKop\u0113jais garums: 21.6 cm;<br \/>\nNa\u017ea svars: 131 g;<br \/>\nKop\u0113jais svars (nazis + apvalks): 187 g;<br \/>\nRokturis: termoplastisk\u0101 gumija un acet\u0101la materi\u0101ls;<br \/>\nKr\u0101sas: pel\u0113ks vai j\u016bras za\u013c\u0161.<br \/>\nKomplekt\u0101cija:<br \/>\n\u2022 Nazis ar futl\u0101ri;<br \/>\n\u2022 No\u0146emams jostas klipsis;<br \/>\n\u2022 Iesp\u0113jams ieg\u0101d\u0101ties papildus B.C.D. stiprin\u0101juma pl\u0101ksni.<br \/>\nIzmanto\u0161anas iesp\u0113jas:<br \/>\n\u2022 Profesion\u0101la un amatieru nir\u0161ana;<br \/>\n\u2022 Zvejas aktivit\u0101tes;<br \/>\n\u2022 Izbraucieni ar laivu;<br \/>\n\u2022 Gl\u0101b\u0161anas oper\u0101cijas.<\/p>\n","protected":false},"excerpt":{"rendered":"<p>Iztur\u012bgs un daudzfunkcion\u0101ls nir\u0161anas nazis ar korozijiztur\u012bgu asmeni un dro\u0161u rokturi, piem\u0113rots lieto\u0161anai gan \u016bden\u012b, gan uz sauszemes.<\/p>\n","protected":false},"featured_media":77116,"template":"","meta":[],"product_brand":[12836],"product_cat":[1056],"product_tag":[],"class_list":{"0":"post-77114","1":"product","2":"type-product","3":"status-publish","4":"has-post-thumbnail","6":"product_brand-gear-aid","7":"product_cat-nazi-un-zagi","8":"pa_materiali-korozijizturigs-304-nerusejosais-terauds","9":"pa_produkta-tips-nazi","11":"first","12":"instock","13":"taxable","14":"shipping-taxable","15":"purchasable","16":"product-type-simple"},"raw_content":{"name":"GEAR AID - Tanu Dive nazis","description":"Tanu nir\u0161anas nazis ir izstr\u0101d\u0101ts, nodro\u0161inot iztur\u012bbu un daudzpus\u012bbu. Korozijiztur\u012bgs, ar neasu galu 304 ner\u016bs\u0113jo\u0161\u0101 t\u0113rauda asmens ir piem\u0113rots lieto\u0161anai gan \u016bden\u012b, gan uz sauszemes. Ergonomiskais gum\u0113tais rokturis ar pirkstu atbalstu nodro\u0161ina dro\u0161u satv\u0113rienu, savuk\u0101rt noapa\u013coto galu var izmantot, lai piesitot signaliz\u0113tu zem\u016bdens vid\u0113.\nGalven\u0101s \u012bpa\u0161\u012bbas:\n\u2714 Korozijiztur\u012bgs 304 ner\u016bs\u0113jo\u0161ais t\u0113rauds;\n\u2714 Apa\u013c\u0161 asmens gals (nep\u0101rdur peldp\u016b\u0161\u013cus);\n\u2714 Vienlaic\u012bgi gluda un zobaina asmens mala;\n\u2714 Ieb\u016bv\u0113ts auklas griez\u0113js;\n\u2714 \u0112rti lietojams rokturis ar pirkstu atbalstu;\n\u2714 \u012apa\u0161\u0161 futl\u0101ris ar \u0101tr\u0101s piek\u013cuves meh\u0101nismu.\nTehniskie parametri:\nAsmens garums: 7.6 cm;\nAsmens biezums: 0.3 cm;\nKop\u0113jais garums: 21.6 cm;\nNa\u017ea svars: 131 g;\nKop\u0113jais svars (nazis + apvalks): 187 g;\nRokturis: termoplastisk\u0101 gumija un acet\u0101la materi\u0101ls;\nKr\u0101sas: pel\u0113ks vai j\u016bras za\u013c\u0161.\nKomplekt\u0101cija:\n\u2022 Nazis ar futl\u0101ri;\n\u2022 No\u0146emams jostas klipsis;\n\u2022 Iesp\u0113jams ieg\u0101d\u0101ties papildus B.C.D. stiprin\u0101juma pl\u0101ksni.\nIzmanto\u0161anas iesp\u0113jas:\n\u2022 Profesion\u0101la un amatieru nir\u0161ana;\n\u2022 Zvejas aktivit\u0101tes;\n\u2022 Izbraucieni ar laivu;\n\u2022 Gl\u0101b\u0161anas oper\u0101cijas.","short_description":"Iztur\u012bgs un daudzfunkcion\u0101ls nir\u0161anas nazis ar korozijiztur\u012bgu asmeni un dro\u0161u rokturi, piem\u0113rots lieto\u0161anai gan \u016bden\u012b, gan uz sauszemes.","status":"publish","sku":"21563620719","original":77114},"wpml":{"translation_type":0,"has_translations":false,"original":77114,"duplicates":[],"translations":{"lv":77114,"en":null,"ru":null}},"supplier_id":null,"supplier_sku":"","barcode":null,"atum_controlled":true,"out_stock_date":null,"out_stock_threshold":null,"inheritable":false,"inbound_stock":0,"stock_on_hold":0,"sold_today":0,"sales_last_days":0,"reserved_stock":0,"customer_returns":0,"warehouse_damage":0,"lost_in_post":0,"other_logs":0,"out_stock_days":0,"lost_sales":0,"has_location":false,"update_date":"2025-12-30T14:25:12","atum_locations":[],"atum_stock_status":"instock","restock_status":false,"low_stock_amount":"","sales_update_date":"2025-11-13T14:08:48","calc_backorders":null,"yoast_head":"<!-- This site is optimized with the Yoast SEO plugin v27.3 - https:\/\/yoast.com\/product\/yoast-seo-wordpress\/ -->\n<title>GEAR AID Tanu Dive nazis<\/title>\n<meta name=\"description\" content=\"Iztur\u012bgs un daudzfunkcion\u0101ls nir\u0161anas nazis ar korozijiztur\u012bgu asmeni un dro\u0161u rokturi, piem\u0113rots lieto\u0161anai gan \u016bden\u012b, gan uz sauszemes.\" \/>\n<meta name=\"robots\" content=\"index, follow, max-snippet:-1, max-image-preview:large, max-video-preview:-1\" \/>\n<link rel=\"canonical\" href=\"https:\/\/gohike.lv\/ru\/produkts\/gear-aid-tanu-dive-nazis\/\" \/>\n<meta property=\"og:locale\" content=\"ru_RU\" \/>\n<meta property=\"og:type\" content=\"article\" \/>\n<meta property=\"og:title\" content=\"GEAR AID Tanu Dive nazis\" \/>\n<meta property=\"og:description\" content=\"Iztur\u012bgs un daudzfunkcion\u0101ls nir\u0161anas nazis ar korozijiztur\u012bgu asmeni un dro\u0161u rokturi, piem\u0113rots lieto\u0161anai gan \u016bden\u012b, gan uz sauszemes.\" \/>\n<meta property=\"og:url\" content=\"https:\/\/gohike.lv\/ru\/produkts\/gear-aid-tanu-dive-nazis\/\" \/>\n<meta property=\"og:site_name\" content=\"GoHike\" \/>\n<meta property=\"article:publisher\" content=\"https:\/\/www.facebook.com\/gohike.shop\/\" \/>\n<meta property=\"article:modified_time\" content=\"2025-12-30T14:24:23+00:00\" \/>\n<meta property=\"og:image\" content=\"https:\/\/gohike.lv\/wp-content\/uploads\/2025\/04\/TanuKnife-scaled.webp\" \/>\n\t<meta property=\"og:image:width\" content=\"2560\" \/>\n\t<meta property=\"og:image:height\" content=\"2560\" \/>\n\t<meta property=\"og:image:type\" content=\"image\/webp\" \/>\n<meta name=\"twitter:card\" content=\"summary_large_image\" \/>\n<meta name=\"twitter:title\" content=\"GEAR AID Tanu Dive nazis\" \/>\n<meta name=\"twitter:label1\" content=\"\u041f\u0440\u0438\u043c\u0435\u0440\u043d\u043e\u0435 \u0432\u0440\u0435\u043c\u044f \u0434\u043b\u044f \u0447\u0442\u0435\u043d\u0438\u044f\" \/>\n\t<meta name=\"twitter:data1\" content=\"2 \u043c\u0438\u043d\u0443\u0442\u0430\" \/>\n<script type=\"application\/ld+json\" class=\"yoast-schema-graph\">{\"@context\":\"https:\\\/\\\/schema.org\",\"@graph\":[{\"@type\":[\"WebPage\",\"ItemPage\"],\"@id\":\"https:\\\/\\\/gohike.lv\\\/ru\\\/produkts\\\/gear-aid-tanu-dive-nazis\\\/\",\"url\":\"https:\\\/\\\/gohike.lv\\\/ru\\\/produkts\\\/gear-aid-tanu-dive-nazis\\\/\",\"name\":\"GEAR AID Tanu Dive nazis\",\"isPartOf\":{\"@id\":\"https:\\\/\\\/gohike.lv\\\/ru\\\/#website\"},\"primaryImageOfPage\":{\"@id\":\"https:\\\/\\\/gohike.lv\\\/ru\\\/produkts\\\/gear-aid-tanu-dive-nazis\\\/#primaryimage\"},\"image\":{\"@id\":\"https:\\\/\\\/gohike.lv\\\/ru\\\/produkts\\\/gear-aid-tanu-dive-nazis\\\/#primaryimage\"},\"thumbnailUrl\":\"https:\\\/\\\/gohike.lv\\\/wp-content\\\/uploads\\\/2025\\\/04\\\/TanuKnife-scaled.webp\",\"datePublished\":\"2025-04-04T12:59:56+00:00\",\"dateModified\":\"2025-12-30T14:24:23+00:00\",\"description\":\"Iztur\u012bgs un daudzfunkcion\u0101ls nir\u0161anas nazis ar korozijiztur\u012bgu asmeni un dro\u0161u rokturi, piem\u0113rots lieto\u0161anai gan \u016bden\u012b, gan uz sauszemes.\",\"breadcrumb\":{\"@id\":\"https:\\\/\\\/gohike.lv\\\/ru\\\/produkts\\\/gear-aid-tanu-dive-nazis\\\/#breadcrumb\"},\"inLanguage\":\"ru-RU\",\"potentialAction\":[{\"@type\":\"ReadAction\",\"target\":[\"https:\\\/\\\/gohike.lv\\\/ru\\\/produkts\\\/gear-aid-tanu-dive-nazis\\\/\"]}]},{\"@type\":\"ImageObject\",\"inLanguage\":\"ru-RU\",\"@id\":\"https:\\\/\\\/gohike.lv\\\/ru\\\/produkts\\\/gear-aid-tanu-dive-nazis\\\/#primaryimage\",\"url\":\"https:\\\/\\\/gohike.lv\\\/wp-content\\\/uploads\\\/2025\\\/04\\\/TanuKnife-scaled.webp\",\"contentUrl\":\"https:\\\/\\\/gohike.lv\\\/wp-content\\\/uploads\\\/2025\\\/04\\\/TanuKnife-scaled.webp\",\"width\":2560,\"height\":2560},{\"@type\":\"BreadcrumbList\",\"@id\":\"https:\\\/\\\/gohike.lv\\\/ru\\\/produkts\\\/gear-aid-tanu-dive-nazis\\\/#breadcrumb\",\"itemListElement\":[{\"@type\":\"ListItem\",\"position\":1,\"name\":\"\u0413\u043b\u0430\u0432\u043d\u0430\u044f\",\"item\":\"https:\\\/\\\/gohike.lv\\\/ru\\\/\"},{\"@type\":\"ListItem\",\"position\":2,\"name\":\"\u041a\u0430\u0442\u0435\u0433\u043e\u0440\u0438\u0438 \u0442\u043e\u0432\u0430\u0440\u043e\u0432\",\"item\":\"https:\\\/\\\/gohike.lv\\\/%d0%ba%d0%b0%d1%82%d0%b5%d0%b3%d0%be%d1%80%d0%b8%d0%b8-%d1%82%d0%be%d0%b2%d0%b0%d1%80%d0%be%d0%b2\\\/\"},{\"@type\":\"ListItem\",\"position\":3,\"name\":\"GEAR AID &#8211; Tanu Dive nazis\"}]},{\"@type\":\"WebSite\",\"@id\":\"https:\\\/\\\/gohike.lv\\\/ru\\\/#website\",\"url\":\"https:\\\/\\\/gohike.lv\\\/ru\\\/\",\"name\":\"GoHike\",\"description\":\"\",\"publisher\":{\"@id\":\"https:\\\/\\\/gohike.lv\\\/ru\\\/#organization\"},\"potentialAction\":[{\"@type\":\"SearchAction\",\"target\":{\"@type\":\"EntryPoint\",\"urlTemplate\":\"https:\\\/\\\/gohike.lv\\\/ru\\\/?s={search_term_string}\"},\"query-input\":{\"@type\":\"PropertyValueSpecification\",\"valueRequired\":true,\"valueName\":\"search_term_string\"}}],\"inLanguage\":\"ru-RU\"},{\"@type\":\"Organization\",\"@id\":\"https:\\\/\\\/gohike.lv\\\/ru\\\/#organization\",\"name\":\"GoHike\",\"url\":\"https:\\\/\\\/gohike.lv\\\/ru\\\/\",\"logo\":{\"@type\":\"ImageObject\",\"inLanguage\":\"ru-RU\",\"@id\":\"https:\\\/\\\/gohike.lv\\\/ru\\\/#\\\/schema\\\/logo\\\/image\\\/\",\"url\":\"https:\\\/\\\/gohike.lv\\\/wp-content\\\/uploads\\\/2023\\\/08\\\/Logo_GoHike.webp\",\"contentUrl\":\"https:\\\/\\\/gohike.lv\\\/wp-content\\\/uploads\\\/2023\\\/08\\\/Logo_GoHike.webp\",\"width\":512,\"height\":512,\"caption\":\"GoHike\"},\"image\":{\"@id\":\"https:\\\/\\\/gohike.lv\\\/ru\\\/#\\\/schema\\\/logo\\\/image\\\/\"},\"sameAs\":[\"https:\\\/\\\/www.facebook.com\\\/gohike.shop\\\/\",\"https:\\\/\\\/www.instagram.com\\\/gohike.shop\\\/\"]}]}<\/script>\n<!-- \/ Yoast SEO plugin. -->","yoast_head_json":{"title":"GEAR AID Tanu Dive nazis","description":"Iztur\u012bgs un daudzfunkcion\u0101ls nir\u0161anas nazis ar korozijiztur\u012bgu asmeni un dro\u0161u rokturi, piem\u0113rots lieto\u0161anai gan \u016bden\u012b, gan uz sauszemes.","robots":{"index":"index","follow":"follow","max-snippet":"max-snippet:-1","max-image-preview":"max-image-preview:large","max-video-preview":"max-video-preview:-1"},"canonical":"https:\/\/gohike.lv\/ru\/produkts\/gear-aid-tanu-dive-nazis\/","og_locale":"ru_RU","og_type":"article","og_title":"GEAR AID Tanu Dive nazis","og_description":"Iztur\u012bgs un daudzfunkcion\u0101ls nir\u0161anas nazis ar korozijiztur\u012bgu asmeni un dro\u0161u rokturi, piem\u0113rots lieto\u0161anai gan \u016bden\u012b, gan uz sauszemes.","og_url":"https:\/\/gohike.lv\/ru\/produkts\/gear-aid-tanu-dive-nazis\/","og_site_name":"GoHike","article_publisher":"https:\/\/www.facebook.com\/gohike.shop\/","article_modified_time":"2025-12-30T14:24:23+00:00","og_image":[{"width":2560,"height":2560,"url":"https:\/\/gohike.lv\/wp-content\/uploads\/2025\/04\/TanuKnife-scaled.webp","type":"image\/webp"}],"twitter_card":"summary_large_image","twitter_title":"GEAR AID Tanu Dive nazis","twitter_misc":{"\u041f\u0440\u0438\u043c\u0435\u0440\u043d\u043e\u0435 \u0432\u0440\u0435\u043c\u044f \u0434\u043b\u044f \u0447\u0442\u0435\u043d\u0438\u044f":"2 \u043c\u0438\u043d\u0443\u0442\u0430"},"schema":{"@context":"https:\/\/schema.org","@graph":[{"@type":["WebPage","ItemPage"],"@id":"https:\/\/gohike.lv\/ru\/produkts\/gear-aid-tanu-dive-nazis\/","url":"https:\/\/gohike.lv\/ru\/produkts\/gear-aid-tanu-dive-nazis\/","name":"GEAR AID Tanu Dive nazis","isPartOf":{"@id":"https:\/\/gohike.lv\/ru\/#website"},"primaryImageOfPage":{"@id":"https:\/\/gohike.lv\/ru\/produkts\/gear-aid-tanu-dive-nazis\/#primaryimage"},"image":{"@id":"https:\/\/gohike.lv\/ru\/produkts\/gear-aid-tanu-dive-nazis\/#primaryimage"},"thumbnailUrl":"https:\/\/gohike.lv\/wp-content\/uploads\/2025\/04\/TanuKnife-scaled.webp","datePublished":"2025-04-04T12:59:56+00:00","dateModified":"2025-12-30T14:24:23+00:00","description":"Iztur\u012bgs un daudzfunkcion\u0101ls nir\u0161anas nazis ar korozijiztur\u012bgu asmeni un dro\u0161u rokturi, piem\u0113rots lieto\u0161anai gan \u016bden\u012b, gan uz sauszemes.","breadcrumb":{"@id":"https:\/\/gohike.lv\/ru\/produkts\/gear-aid-tanu-dive-nazis\/#breadcrumb"},"inLanguage":"ru-RU","potentialAction":[{"@type":"ReadAction","target":["https:\/\/gohike.lv\/ru\/produkts\/gear-aid-tanu-dive-nazis\/"]}]},{"@type":"ImageObject","inLanguage":"ru-RU","@id":"https:\/\/gohike.lv\/ru\/produkts\/gear-aid-tanu-dive-nazis\/#primaryimage","url":"https:\/\/gohike.lv\/wp-content\/uploads\/2025\/04\/TanuKnife-scaled.webp","contentUrl":"https:\/\/gohike.lv\/wp-content\/uploads\/2025\/04\/TanuKnife-scaled.webp","width":2560,"height":2560},{"@type":"BreadcrumbList","@id":"https:\/\/gohike.lv\/ru\/produkts\/gear-aid-tanu-dive-nazis\/#breadcrumb","itemListElement":[{"@type":"ListItem","position":1,"name":"\u0413\u043b\u0430\u0432\u043d\u0430\u044f","item":"https:\/\/gohike.lv\/ru\/"},{"@type":"ListItem","position":2,"name":"\u041a\u0430\u0442\u0435\u0433\u043e\u0440\u0438\u0438 \u0442\u043e\u0432\u0430\u0440\u043e\u0432","item":"https:\/\/gohike.lv\/%d0%ba%d0%b0%d1%82%d0%b5%d0%b3%d0%be%d1%80%d0%b8%d0%b8-%d1%82%d0%be%d0%b2%d0%b0%d1%80%d0%be%d0%b2\/"},{"@type":"ListItem","position":3,"name":"GEAR AID &#8211; Tanu Dive nazis"}]},{"@type":"WebSite","@id":"https:\/\/gohike.lv\/ru\/#website","url":"https:\/\/gohike.lv\/ru\/","name":"GoHike","description":"","publisher":{"@id":"https:\/\/gohike.lv\/ru\/#organization"},"potentialAction":[{"@type":"SearchAction","target":{"@type":"EntryPoint","urlTemplate":"https:\/\/gohike.lv\/ru\/?s={search_term_string}"},"query-input":{"@type":"PropertyValueSpecification","valueRequired":true,"valueName":"search_term_string"}}],"inLanguage":"ru-RU"},{"@type":"Organization","@id":"https:\/\/gohike.lv\/ru\/#organization","name":"GoHike","url":"https:\/\/gohike.lv\/ru\/","logo":{"@type":"ImageObject","inLanguage":"ru-RU","@id":"https:\/\/gohike.lv\/ru\/#\/schema\/logo\/image\/","url":"https:\/\/gohike.lv\/wp-content\/uploads\/2023\/08\/Logo_GoHike.webp","contentUrl":"https:\/\/gohike.lv\/wp-content\/uploads\/2023\/08\/Logo_GoHike.webp","width":512,"height":512,"caption":"GoHike"},"image":{"@id":"https:\/\/gohike.lv\/ru\/#\/schema\/logo\/image\/"},"sameAs":["https:\/\/www.facebook.com\/gohike.shop\/","https:\/\/www.instagram.com\/gohike.shop\/"]}]}},"jetpack_sharing_enabled":true,"_links":{"self":[{"href":"https:\/\/gohike.lv\/ru\/wp-json\/wp\/v2\/product\/77114","targetHints":{"allow":["GET"]}}],"collection":[{"href":"https:\/\/gohike.lv\/ru\/wp-json\/wp\/v2\/product"}],"about":[{"href":"https:\/\/gohike.lv\/ru\/wp-json\/wp\/v2\/types\/product"}],"version-history":[{"count":0,"href":"https:\/\/gohike.lv\/ru\/wp-json\/wp\/v2\/product\/77114\/revisions"}],"wp:featuredmedia":[{"embeddable":true,"href":"https:\/\/gohike.lv\/ru\/wp-json\/wp\/v2\/media\/77116"}],"wp:attachment":[{"href":"https:\/\/gohike.lv\/ru\/wp-json\/wp\/v2\/media?parent=77114"}],"wp:term":[{"taxonomy":"product_brand","embeddable":true,"href":"https:\/\/gohike.lv\/ru\/wp-json\/wp\/v2\/product_brand?post=77114"},{"taxonomy":"product_cat","embeddable":true,"href":"https:\/\/gohike.lv\/ru\/wp-json\/wp\/v2\/product_cat?post=77114"},{"taxonomy":"product_tag","embeddable":true,"href":"https:\/\/gohike.lv\/ru\/wp-json\/wp\/v2\/product_tag?post=77114"}],"curies":[{"name":"wp","href":"https:\/\/api.w.org\/{rel}","templated":true}]}}