{"id":76744,"date":"2025-04-04T15:24:24","date_gmt":"2025-04-04T12:24:24","guid":{"rendered":"https:\/\/gohike.lv\/produkts\/primus-lite-plus-gazes-degla-sistema-melna\/"},"modified":"2025-12-30T17:09:50","modified_gmt":"2025-12-30T14:09:50","slug":"primus-lite-plus-gazes-degla-sistema-melna","status":"publish","type":"product","link":"https:\/\/gohike.lv\/ru\/produkts\/primus-lite-plus-gazes-degla-sistema-melna\/","title":{"rendered":"Primus &#8212; Lite Plus G\u0101zes deg\u013ca sist\u0113ma, melna"},"content":{"rendered":"<p>Galven\u0101s \u012bpa\u0161\u012bbas:<br \/>\n\u2714 Viss-vien\u0101 komplekts \u2013 pl\u012bts, katli\u0146\u0161, kr\u016bze un termoaizsargs;<br \/>\n\u2714 Lamin\u0101r\u0101s liesmas tehnolo\u0123ija \u2013 1500W efekt\u012bva deg\u0161ana;<br \/>\n\u2714 Piezo aizdedze \u2013 liesma ar vienu piesk\u0101rienu;<br \/>\n\u2714 Biologiski no\u0101rd\u0101ms v\u0101ks \u2013 40% augu pamatnes materi\u0101ls;<br \/>\n\u2714 Kor\u0137a termoaizsargs \u2013 notur siltumu + nodro\u0161ina roku aizsardz\u012bbu.<br \/>\nTehniskie parametri:<br \/>\nMateri\u0101li:<br \/>\nKatli\u0146\u0161: cietanod\u0113ts alum\u012bnijs (ar siltuma starot\u0101ju);<br \/>\nV\u0101ks: bioplastmasa;<br \/>\nPl\u012bts: ner\u016bs\u0113jo\u0161ais t\u0113rauds;<br \/>\nApvalks: alum\u012bnija sakaus\u0113jums.<br \/>\nIzm\u0113ri (salikts): 10\u00d710.2\u00d715.1 cm;<br \/>\nSvars: 402 g (bez g\u0101zes);<br \/>\nJauda: 1500 W (4500 BTU);<br \/>\nTilpums: 0.5L katls + 0.25L kr\u016bze (v\u0101ks);<br \/>\nUzv\u0101r\u012b\u0161anas laiks: 0.5L \u016bdens: 2:45 min.<br \/>\nKomplekt\u0101cija:<br \/>\n\u25b8 G\u0101zes pl\u012bts ar Piezo aizdedzi;<br \/>\n\u25b8 0.5L katls;<br \/>\n\u25b8 2in1 v\u0101ks\/kr\u016bze;<br \/>\n\u25b8 Kor\u0137a-apvalks ar kabati\u0146u;<br \/>\n\u25b8 Neilona uzglab\u0101\u0161anas soma.<br \/>\nPiez\u012bme: g\u0101zes balons  nav iek\u013cauts (ieteicams Primus Power Gas 100g)<br \/>\nDarb\u012bbas priek\u0161roc\u012bbas:<br \/>\n\u2192 \u0112rta mont\u0101\u017ea \u2013 uzst\u0101d\u012b\u0161ana<\/p>\n","protected":false},"excerpt":{"rendered":"<p>Ultrakompakts g\u0101zes pl\u012bts komplekts (402g) ar 0.5L katli\u0146u, termoizol\u0113jo\u0161u apvalku un kr\u016bzi. Degvielas taup\u012b\u0161anas tehnolo\u0123ija \u2013 uzv\u0101ra 0.5L \u016bdens 2:45 min. Ide\u0101ls risin\u0101jums p\u0101rg\u0101jieniem un alp\u012bnismam!<\/p>\n","protected":false},"featured_media":76746,"template":"","meta":[],"product_brand":[1753],"product_cat":[951],"product_tag":[],"class_list":{"0":"post-76744","1":"product","2":"type-product","3":"status-publish","4":"has-post-thumbnail","6":"product_brand-primus-lv","7":"product_cat-degli-un-degviela","8":"pa_izmerscm-o1020","9":"pa_jauda-1500-w-4500-btu","10":"pa_materiali-katlins-cietanodets-aluminijs-ar-siltuma-starotaju-vaks-bioplastmasa-plits-nerusejosais-terauds-atbalsts-aluminija-sakausejums","11":"pa_produkta-tips-degli","12":"pa_saliktas-preces-izmerscm-o1013","13":"pa_tilpums-500ml","15":"first","16":"instock","17":"taxable","18":"shipping-taxable","19":"purchasable","20":"product-type-simple"},"raw_content":{"name":"Primus - Lite Plus G\u0101zes deg\u013ca sist\u0113ma, melna","description":"Galven\u0101s \u012bpa\u0161\u012bbas:\n\u2714 Viss-vien\u0101 komplekts \u2013 pl\u012bts, katli\u0146\u0161, kr\u016bze un termoaizsargs;\n\u2714 Lamin\u0101r\u0101s liesmas tehnolo\u0123ija \u2013 1500W efekt\u012bva deg\u0161ana;\n\u2714 Piezo aizdedze \u2013 liesma ar vienu piesk\u0101rienu;\n\u2714 Biologiski no\u0101rd\u0101ms v\u0101ks \u2013 40% augu pamatnes materi\u0101ls;\n\u2714 Kor\u0137a termoaizsargs \u2013 notur siltumu + nodro\u0161ina roku aizsardz\u012bbu.\nTehniskie parametri:\nMateri\u0101li:\nKatli\u0146\u0161: cietanod\u0113ts alum\u012bnijs (ar siltuma starot\u0101ju);\nV\u0101ks: bioplastmasa;\nPl\u012bts: ner\u016bs\u0113jo\u0161ais t\u0113rauds;\nApvalks: alum\u012bnija sakaus\u0113jums.\nIzm\u0113ri (salikts): 10\u00d710.2\u00d715.1 cm;\nSvars: 402 g (bez g\u0101zes);\nJauda: 1500 W (4500 BTU);\nTilpums: 0.5L katls + 0.25L kr\u016bze (v\u0101ks);\nUzv\u0101r\u012b\u0161anas laiks: 0.5L \u016bdens: 2:45 min.\nKomplekt\u0101cija:\n\u25b8 G\u0101zes pl\u012bts ar Piezo aizdedzi;\n\u25b8 0.5L katls;\n\u25b8 2in1 v\u0101ks\/kr\u016bze;\n\u25b8 Kor\u0137a-apvalks ar kabati\u0146u;\n\u25b8 Neilona uzglab\u0101\u0161anas soma.\nPiez\u012bme: g\u0101zes balons  nav iek\u013cauts (ieteicams Primus Power Gas 100g)\nDarb\u012bbas priek\u0161roc\u012bbas:\n\u2192 \u0112rta mont\u0101\u017ea \u2013 uzst\u0101d\u012b\u0161ana","short_description":"Ultrakompakts g\u0101zes pl\u012bts komplekts (402g) ar 0.5L katli\u0146u, termoizol\u0113jo\u0161u apvalku un kr\u016bzi. Degvielas taup\u012b\u0161anas tehnolo\u0123ija \u2013 uzv\u0101ra 0.5L \u016bdens 2:45 min. Ide\u0101ls risin\u0101jums p\u0101rg\u0101jieniem un alp\u012bnismam!","status":"publish","sku":"7330033910537","original":76744},"wpml":{"translation_type":0,"has_translations":false,"original":76744,"duplicates":[],"translations":{"lv":76744,"en":null,"ru":null}},"supplier_id":null,"supplier_sku":"","barcode":null,"atum_controlled":true,"out_stock_date":null,"out_stock_threshold":null,"inheritable":false,"inbound_stock":0,"stock_on_hold":0,"sold_today":0,"sales_last_days":0,"reserved_stock":0,"customer_returns":0,"warehouse_damage":0,"lost_in_post":0,"other_logs":0,"out_stock_days":0,"lost_sales":0,"has_location":false,"update_date":"2025-12-30T14:10:24","atum_locations":[],"atum_stock_status":"instock","restock_status":false,"low_stock_amount":"","sales_update_date":"2025-11-13T14:07:44","calc_backorders":null,"yoast_head":"<!-- This site is optimized with the Yoast SEO plugin v27.3 - https:\/\/yoast.com\/product\/yoast-seo-wordpress\/ -->\n<title>Primus Lite Plus G\u0101zes deg\u013ca sist\u0113ma, melna<\/title>\n<meta name=\"description\" content=\"Ultrakompakts g\u0101zes pl\u012bts komplekts (402g) ar 0.5L katli\u0146u, termoizol\u0113jo\u0161u apvalku un kr\u016bzi. Degvielas taup\u012b\u0161anas tehnolo\u0123ija \u2013 uzv\u0101ra 0.5L \u016bdens 2:45 min. Ide\u0101ls risin\u0101jums p\u0101rg\u0101jieniem un alp\u012bnismam!\" \/>\n<meta name=\"robots\" content=\"index, follow, max-snippet:-1, max-image-preview:large, max-video-preview:-1\" \/>\n<link rel=\"canonical\" href=\"https:\/\/gohike.lv\/ru\/produkts\/primus-lite-plus-gazes-degla-sistema-melna\/\" \/>\n<meta property=\"og:locale\" content=\"ru_RU\" \/>\n<meta property=\"og:type\" content=\"article\" \/>\n<meta property=\"og:title\" content=\"Primus Lite Plus G\u0101zes deg\u013ca sist\u0113ma, melna\" \/>\n<meta property=\"og:description\" content=\"Ultrakompakts g\u0101zes pl\u012bts komplekts (402g) ar 0.5L katli\u0146u, termoizol\u0113jo\u0161u apvalku un kr\u016bzi. Degvielas taup\u012b\u0161anas tehnolo\u0123ija \u2013 uzv\u0101ra 0.5L \u016bdens 2:45 min. Ide\u0101ls risin\u0101jums p\u0101rg\u0101jieniem un alp\u012bnismam!\" \/>\n<meta property=\"og:url\" content=\"https:\/\/gohike.lv\/ru\/produkts\/primus-lite-plus-gazes-degla-sistema-melna\/\" \/>\n<meta property=\"og:site_name\" content=\"GoHike\" \/>\n<meta property=\"article:publisher\" content=\"https:\/\/www.facebook.com\/gohike.shop\/\" \/>\n<meta property=\"article:modified_time\" content=\"2025-12-30T14:09:50+00:00\" \/>\n<meta property=\"og:image\" content=\"https:\/\/gohike.lv\/wp-content\/uploads\/2025\/04\/LitePlusBlack_.webp\" \/>\n\t<meta property=\"og:image:width\" content=\"800\" \/>\n\t<meta property=\"og:image:height\" content=\"800\" \/>\n\t<meta property=\"og:image:type\" content=\"image\/webp\" \/>\n<meta name=\"twitter:card\" content=\"summary_large_image\" \/>\n<meta name=\"twitter:title\" content=\"Primus Lite Plus G\u0101zes deg\u013ca sist\u0113ma, melna\" \/>\n<meta name=\"twitter:label1\" content=\"\u041f\u0440\u0438\u043c\u0435\u0440\u043d\u043e\u0435 \u0432\u0440\u0435\u043c\u044f \u0434\u043b\u044f \u0447\u0442\u0435\u043d\u0438\u044f\" \/>\n\t<meta name=\"twitter:data1\" content=\"1 \u043c\u0438\u043d\u0443\u0442\u0430\" \/>\n<script type=\"application\/ld+json\" class=\"yoast-schema-graph\">{\"@context\":\"https:\\\/\\\/schema.org\",\"@graph\":[{\"@type\":[\"WebPage\",\"ItemPage\"],\"@id\":\"https:\\\/\\\/gohike.lv\\\/ru\\\/produkts\\\/primus-lite-plus-gazes-degla-sistema-melna\\\/\",\"url\":\"https:\\\/\\\/gohike.lv\\\/ru\\\/produkts\\\/primus-lite-plus-gazes-degla-sistema-melna\\\/\",\"name\":\"Primus Lite Plus G\u0101zes deg\u013ca sist\u0113ma, melna\",\"isPartOf\":{\"@id\":\"https:\\\/\\\/gohike.lv\\\/ru\\\/#website\"},\"primaryImageOfPage\":{\"@id\":\"https:\\\/\\\/gohike.lv\\\/ru\\\/produkts\\\/primus-lite-plus-gazes-degla-sistema-melna\\\/#primaryimage\"},\"image\":{\"@id\":\"https:\\\/\\\/gohike.lv\\\/ru\\\/produkts\\\/primus-lite-plus-gazes-degla-sistema-melna\\\/#primaryimage\"},\"thumbnailUrl\":\"https:\\\/\\\/gohike.lv\\\/wp-content\\\/uploads\\\/2025\\\/04\\\/LitePlusBlack_.webp\",\"datePublished\":\"2025-04-04T12:24:24+00:00\",\"dateModified\":\"2025-12-30T14:09:50+00:00\",\"description\":\"Ultrakompakts g\u0101zes pl\u012bts komplekts (402g) ar 0.5L katli\u0146u, termoizol\u0113jo\u0161u apvalku un kr\u016bzi. Degvielas taup\u012b\u0161anas tehnolo\u0123ija \u2013 uzv\u0101ra 0.5L \u016bdens 2:45 min. Ide\u0101ls risin\u0101jums p\u0101rg\u0101jieniem un alp\u012bnismam!\",\"breadcrumb\":{\"@id\":\"https:\\\/\\\/gohike.lv\\\/ru\\\/produkts\\\/primus-lite-plus-gazes-degla-sistema-melna\\\/#breadcrumb\"},\"inLanguage\":\"ru-RU\",\"potentialAction\":[{\"@type\":\"ReadAction\",\"target\":[\"https:\\\/\\\/gohike.lv\\\/ru\\\/produkts\\\/primus-lite-plus-gazes-degla-sistema-melna\\\/\"]}]},{\"@type\":\"ImageObject\",\"inLanguage\":\"ru-RU\",\"@id\":\"https:\\\/\\\/gohike.lv\\\/ru\\\/produkts\\\/primus-lite-plus-gazes-degla-sistema-melna\\\/#primaryimage\",\"url\":\"https:\\\/\\\/gohike.lv\\\/wp-content\\\/uploads\\\/2025\\\/04\\\/LitePlusBlack_.webp\",\"contentUrl\":\"https:\\\/\\\/gohike.lv\\\/wp-content\\\/uploads\\\/2025\\\/04\\\/LitePlusBlack_.webp\",\"width\":800,\"height\":800},{\"@type\":\"BreadcrumbList\",\"@id\":\"https:\\\/\\\/gohike.lv\\\/ru\\\/produkts\\\/primus-lite-plus-gazes-degla-sistema-melna\\\/#breadcrumb\",\"itemListElement\":[{\"@type\":\"ListItem\",\"position\":1,\"name\":\"\u0413\u043b\u0430\u0432\u043d\u0430\u044f\",\"item\":\"https:\\\/\\\/gohike.lv\\\/ru\\\/\"},{\"@type\":\"ListItem\",\"position\":2,\"name\":\"\u041a\u0430\u0442\u0435\u0433\u043e\u0440\u0438\u0438 \u0442\u043e\u0432\u0430\u0440\u043e\u0432\",\"item\":\"https:\\\/\\\/gohike.lv\\\/%d0%ba%d0%b0%d1%82%d0%b5%d0%b3%d0%be%d1%80%d0%b8%d0%b8-%d1%82%d0%be%d0%b2%d0%b0%d1%80%d0%be%d0%b2\\\/\"},{\"@type\":\"ListItem\",\"position\":3,\"name\":\"Primus &#8211; Lite Plus G\u0101zes deg\u013ca sist\u0113ma, melna\"}]},{\"@type\":\"WebSite\",\"@id\":\"https:\\\/\\\/gohike.lv\\\/ru\\\/#website\",\"url\":\"https:\\\/\\\/gohike.lv\\\/ru\\\/\",\"name\":\"GoHike\",\"description\":\"\",\"publisher\":{\"@id\":\"https:\\\/\\\/gohike.lv\\\/ru\\\/#organization\"},\"potentialAction\":[{\"@type\":\"SearchAction\",\"target\":{\"@type\":\"EntryPoint\",\"urlTemplate\":\"https:\\\/\\\/gohike.lv\\\/ru\\\/?s={search_term_string}\"},\"query-input\":{\"@type\":\"PropertyValueSpecification\",\"valueRequired\":true,\"valueName\":\"search_term_string\"}}],\"inLanguage\":\"ru-RU\"},{\"@type\":\"Organization\",\"@id\":\"https:\\\/\\\/gohike.lv\\\/ru\\\/#organization\",\"name\":\"GoHike\",\"url\":\"https:\\\/\\\/gohike.lv\\\/ru\\\/\",\"logo\":{\"@type\":\"ImageObject\",\"inLanguage\":\"ru-RU\",\"@id\":\"https:\\\/\\\/gohike.lv\\\/ru\\\/#\\\/schema\\\/logo\\\/image\\\/\",\"url\":\"https:\\\/\\\/gohike.lv\\\/wp-content\\\/uploads\\\/2023\\\/08\\\/Logo_GoHike.webp\",\"contentUrl\":\"https:\\\/\\\/gohike.lv\\\/wp-content\\\/uploads\\\/2023\\\/08\\\/Logo_GoHike.webp\",\"width\":512,\"height\":512,\"caption\":\"GoHike\"},\"image\":{\"@id\":\"https:\\\/\\\/gohike.lv\\\/ru\\\/#\\\/schema\\\/logo\\\/image\\\/\"},\"sameAs\":[\"https:\\\/\\\/www.facebook.com\\\/gohike.shop\\\/\",\"https:\\\/\\\/www.instagram.com\\\/gohike.shop\\\/\"]}]}<\/script>\n<!-- \/ Yoast SEO plugin. -->","yoast_head_json":{"title":"Primus Lite Plus G\u0101zes deg\u013ca sist\u0113ma, melna","description":"Ultrakompakts g\u0101zes pl\u012bts komplekts (402g) ar 0.5L katli\u0146u, termoizol\u0113jo\u0161u apvalku un kr\u016bzi. Degvielas taup\u012b\u0161anas tehnolo\u0123ija \u2013 uzv\u0101ra 0.5L \u016bdens 2:45 min. Ide\u0101ls risin\u0101jums p\u0101rg\u0101jieniem un alp\u012bnismam!","robots":{"index":"index","follow":"follow","max-snippet":"max-snippet:-1","max-image-preview":"max-image-preview:large","max-video-preview":"max-video-preview:-1"},"canonical":"https:\/\/gohike.lv\/ru\/produkts\/primus-lite-plus-gazes-degla-sistema-melna\/","og_locale":"ru_RU","og_type":"article","og_title":"Primus Lite Plus G\u0101zes deg\u013ca sist\u0113ma, melna","og_description":"Ultrakompakts g\u0101zes pl\u012bts komplekts (402g) ar 0.5L katli\u0146u, termoizol\u0113jo\u0161u apvalku un kr\u016bzi. Degvielas taup\u012b\u0161anas tehnolo\u0123ija \u2013 uzv\u0101ra 0.5L \u016bdens 2:45 min. Ide\u0101ls risin\u0101jums p\u0101rg\u0101jieniem un alp\u012bnismam!","og_url":"https:\/\/gohike.lv\/ru\/produkts\/primus-lite-plus-gazes-degla-sistema-melna\/","og_site_name":"GoHike","article_publisher":"https:\/\/www.facebook.com\/gohike.shop\/","article_modified_time":"2025-12-30T14:09:50+00:00","og_image":[{"width":800,"height":800,"url":"https:\/\/gohike.lv\/wp-content\/uploads\/2025\/04\/LitePlusBlack_.webp","type":"image\/webp"}],"twitter_card":"summary_large_image","twitter_title":"Primus Lite Plus G\u0101zes deg\u013ca sist\u0113ma, melna","twitter_misc":{"\u041f\u0440\u0438\u043c\u0435\u0440\u043d\u043e\u0435 \u0432\u0440\u0435\u043c\u044f \u0434\u043b\u044f \u0447\u0442\u0435\u043d\u0438\u044f":"1 \u043c\u0438\u043d\u0443\u0442\u0430"},"schema":{"@context":"https:\/\/schema.org","@graph":[{"@type":["WebPage","ItemPage"],"@id":"https:\/\/gohike.lv\/ru\/produkts\/primus-lite-plus-gazes-degla-sistema-melna\/","url":"https:\/\/gohike.lv\/ru\/produkts\/primus-lite-plus-gazes-degla-sistema-melna\/","name":"Primus Lite Plus G\u0101zes deg\u013ca sist\u0113ma, melna","isPartOf":{"@id":"https:\/\/gohike.lv\/ru\/#website"},"primaryImageOfPage":{"@id":"https:\/\/gohike.lv\/ru\/produkts\/primus-lite-plus-gazes-degla-sistema-melna\/#primaryimage"},"image":{"@id":"https:\/\/gohike.lv\/ru\/produkts\/primus-lite-plus-gazes-degla-sistema-melna\/#primaryimage"},"thumbnailUrl":"https:\/\/gohike.lv\/wp-content\/uploads\/2025\/04\/LitePlusBlack_.webp","datePublished":"2025-04-04T12:24:24+00:00","dateModified":"2025-12-30T14:09:50+00:00","description":"Ultrakompakts g\u0101zes pl\u012bts komplekts (402g) ar 0.5L katli\u0146u, termoizol\u0113jo\u0161u apvalku un kr\u016bzi. Degvielas taup\u012b\u0161anas tehnolo\u0123ija \u2013 uzv\u0101ra 0.5L \u016bdens 2:45 min. Ide\u0101ls risin\u0101jums p\u0101rg\u0101jieniem un alp\u012bnismam!","breadcrumb":{"@id":"https:\/\/gohike.lv\/ru\/produkts\/primus-lite-plus-gazes-degla-sistema-melna\/#breadcrumb"},"inLanguage":"ru-RU","potentialAction":[{"@type":"ReadAction","target":["https:\/\/gohike.lv\/ru\/produkts\/primus-lite-plus-gazes-degla-sistema-melna\/"]}]},{"@type":"ImageObject","inLanguage":"ru-RU","@id":"https:\/\/gohike.lv\/ru\/produkts\/primus-lite-plus-gazes-degla-sistema-melna\/#primaryimage","url":"https:\/\/gohike.lv\/wp-content\/uploads\/2025\/04\/LitePlusBlack_.webp","contentUrl":"https:\/\/gohike.lv\/wp-content\/uploads\/2025\/04\/LitePlusBlack_.webp","width":800,"height":800},{"@type":"BreadcrumbList","@id":"https:\/\/gohike.lv\/ru\/produkts\/primus-lite-plus-gazes-degla-sistema-melna\/#breadcrumb","itemListElement":[{"@type":"ListItem","position":1,"name":"\u0413\u043b\u0430\u0432\u043d\u0430\u044f","item":"https:\/\/gohike.lv\/ru\/"},{"@type":"ListItem","position":2,"name":"\u041a\u0430\u0442\u0435\u0433\u043e\u0440\u0438\u0438 \u0442\u043e\u0432\u0430\u0440\u043e\u0432","item":"https:\/\/gohike.lv\/%d0%ba%d0%b0%d1%82%d0%b5%d0%b3%d0%be%d1%80%d0%b8%d0%b8-%d1%82%d0%be%d0%b2%d0%b0%d1%80%d0%be%d0%b2\/"},{"@type":"ListItem","position":3,"name":"Primus &#8211; Lite Plus G\u0101zes deg\u013ca sist\u0113ma, melna"}]},{"@type":"WebSite","@id":"https:\/\/gohike.lv\/ru\/#website","url":"https:\/\/gohike.lv\/ru\/","name":"GoHike","description":"","publisher":{"@id":"https:\/\/gohike.lv\/ru\/#organization"},"potentialAction":[{"@type":"SearchAction","target":{"@type":"EntryPoint","urlTemplate":"https:\/\/gohike.lv\/ru\/?s={search_term_string}"},"query-input":{"@type":"PropertyValueSpecification","valueRequired":true,"valueName":"search_term_string"}}],"inLanguage":"ru-RU"},{"@type":"Organization","@id":"https:\/\/gohike.lv\/ru\/#organization","name":"GoHike","url":"https:\/\/gohike.lv\/ru\/","logo":{"@type":"ImageObject","inLanguage":"ru-RU","@id":"https:\/\/gohike.lv\/ru\/#\/schema\/logo\/image\/","url":"https:\/\/gohike.lv\/wp-content\/uploads\/2023\/08\/Logo_GoHike.webp","contentUrl":"https:\/\/gohike.lv\/wp-content\/uploads\/2023\/08\/Logo_GoHike.webp","width":512,"height":512,"caption":"GoHike"},"image":{"@id":"https:\/\/gohike.lv\/ru\/#\/schema\/logo\/image\/"},"sameAs":["https:\/\/www.facebook.com\/gohike.shop\/","https:\/\/www.instagram.com\/gohike.shop\/"]}]}},"jetpack_sharing_enabled":true,"_links":{"self":[{"href":"https:\/\/gohike.lv\/ru\/wp-json\/wp\/v2\/product\/76744","targetHints":{"allow":["GET"]}}],"collection":[{"href":"https:\/\/gohike.lv\/ru\/wp-json\/wp\/v2\/product"}],"about":[{"href":"https:\/\/gohike.lv\/ru\/wp-json\/wp\/v2\/types\/product"}],"version-history":[{"count":0,"href":"https:\/\/gohike.lv\/ru\/wp-json\/wp\/v2\/product\/76744\/revisions"}],"wp:featuredmedia":[{"embeddable":true,"href":"https:\/\/gohike.lv\/ru\/wp-json\/wp\/v2\/media\/76746"}],"wp:attachment":[{"href":"https:\/\/gohike.lv\/ru\/wp-json\/wp\/v2\/media?parent=76744"}],"wp:term":[{"taxonomy":"product_brand","embeddable":true,"href":"https:\/\/gohike.lv\/ru\/wp-json\/wp\/v2\/product_brand?post=76744"},{"taxonomy":"product_cat","embeddable":true,"href":"https:\/\/gohike.lv\/ru\/wp-json\/wp\/v2\/product_cat?post=76744"},{"taxonomy":"product_tag","embeddable":true,"href":"https:\/\/gohike.lv\/ru\/wp-json\/wp\/v2\/product_tag?post=76744"}],"curies":[{"name":"wp","href":"https:\/\/api.w.org\/{rel}","templated":true}]}}