{"id":76731,"date":"2025-04-04T15:24:24","date_gmt":"2025-04-04T12:24:24","guid":{"rendered":"https:\/\/gohike.lv\/produkts\/primus-essential-trail-gazes-deglis\/"},"modified":"2025-12-30T17:09:50","modified_gmt":"2025-12-30T14:09:50","slug":"primus-essential-trail-gazes-deglis","status":"publish","type":"product","link":"https:\/\/gohike.lv\/ru\/produkts\/primus-essential-trail-gazes-deglis\/","title":{"rendered":"Primus &#8212; Essential Trail G\u0101zes deg\u013cis"},"content":{"rendered":"<p>Galven\u0101s \u012bpa\u0161\u012bbas:<br \/>\n\u2714 Lamin\u0101r\u0101s liesmas tehnolo\u0123ija \u2013 v\u0113jiztur\u012bga un energoefekt\u012bva deg\u0161ana;<br \/>\n\u2714 Prec\u012bza liesmas regul\u0113\u0161ana \u2013 ide\u0101la gan v\u0101r\u012b\u0161anai, gan cep\u0161anai;<br \/>\n\u2714 Pla\u0161s trauku atbalsts \u2013 dro\u0161i notur 12-22cm diametra traukus;<br \/>\n\u2714 Zviedru dizains \u2013 ra\u017eota Eirop\u0101 (Igaunij\u0101).<br \/>\nTehniskie parametri:<br \/>\nMateri\u0101ls: ner\u016bs\u0113jo\u0161ais t\u0113rauds;<br \/>\nIzm\u0113ri:<br \/>\nIzv\u0113rsts: \u00d810.8cm \u00d7 6cm augstums;<br \/>\nSalikts: \u00d89cm \u00d7 6cm.<br \/>\nSvars: 112g (bez g\u0101zes);<br \/>\nJauda: 2500W (\u22488500 BTU\/h);<br \/>\nUzv\u0101r\u012b\u0161anas laiks: 3:30 min (1L \u016bdens, 25\u00b0C);<br \/>\nG\u0101zes tips: EN417 (izocet\u0101ns\/prop\u0101ns);<br \/>\nRa\u017eots Igaunij\u0101.<br \/>\nDarb\u012bbas priek\u0161roc\u012bbas:<br \/>\n\u2192 \u0100tra uzst\u0101d\u012b\u0161ana \u2013 gatavs lieto\u0161anai<\/p>\n","protected":false},"excerpt":{"rendered":"<p>Univers\u0101la t\u016brisma pl\u012bts (2500W) ar prec\u012bzu liesmas kontroli \u2013 viegla (112g), kompakta un stabila. Uzv\u0101ra 1L \u016bdens 3,5 min\u016bt\u0113s. Ra\u017eota Eirop\u0101.<\/p>\n","protected":false},"featured_media":76733,"template":"","meta":[],"product_brand":[1753],"product_cat":[951],"product_tag":[],"class_list":{"0":"post-76731","1":"product","2":"type-product","3":"status-publish","4":"has-post-thumbnail","6":"product_brand-primus-lv","7":"product_cat-degli-un-degviela","8":"pa_izmerscm-o10-86","9":"pa_jauda-2500w-8500-btu-h","10":"pa_materiali-nerusejosais-terauds","11":"pa_produkta-tips-degli","12":"pa_saliktas-preces-izmerscm-o96","14":"first","15":"instock","16":"taxable","17":"shipping-taxable","18":"purchasable","19":"product-type-simple"},"raw_content":{"name":"Primus - Essential Trail G\u0101zes deg\u013cis","description":"Galven\u0101s \u012bpa\u0161\u012bbas:\n\u2714 Lamin\u0101r\u0101s liesmas tehnolo\u0123ija \u2013 v\u0113jiztur\u012bga un energoefekt\u012bva deg\u0161ana;\n\u2714 Prec\u012bza liesmas regul\u0113\u0161ana \u2013 ide\u0101la gan v\u0101r\u012b\u0161anai, gan cep\u0161anai;\n\u2714 Pla\u0161s trauku atbalsts \u2013 dro\u0161i notur 12-22cm diametra traukus;\n\u2714 Zviedru dizains \u2013 ra\u017eota Eirop\u0101 (Igaunij\u0101).\nTehniskie parametri:\nMateri\u0101ls: ner\u016bs\u0113jo\u0161ais t\u0113rauds;\nIzm\u0113ri:\nIzv\u0113rsts: \u00d810.8cm \u00d7 6cm augstums;\nSalikts: \u00d89cm \u00d7 6cm.\nSvars: 112g (bez g\u0101zes);\nJauda: 2500W (\u22488500 BTU\/h);\nUzv\u0101r\u012b\u0161anas laiks: 3:30 min (1L \u016bdens, 25\u00b0C);\nG\u0101zes tips: EN417 (izocet\u0101ns\/prop\u0101ns);\nRa\u017eots Igaunij\u0101.\nDarb\u012bbas priek\u0161roc\u012bbas:\n\u2192 \u0100tra uzst\u0101d\u012b\u0161ana \u2013 gatavs lieto\u0161anai","short_description":"Univers\u0101la t\u016brisma pl\u012bts (2500W) ar prec\u012bzu liesmas kontroli \u2013 viegla (112g), kompakta un stabila. Uzv\u0101ra 1L \u016bdens 3,5 min\u016bt\u0113s. Ra\u017eota Eirop\u0101.","status":"publish","sku":"7330033909906","original":76731},"wpml":{"translation_type":0,"has_translations":false,"original":76731,"duplicates":[],"translations":{"lv":76731,"en":null,"ru":null}},"supplier_id":null,"supplier_sku":"","barcode":null,"atum_controlled":true,"out_stock_date":null,"out_stock_threshold":null,"inheritable":false,"inbound_stock":0,"stock_on_hold":0,"sold_today":0,"sales_last_days":0,"reserved_stock":0,"customer_returns":0,"warehouse_damage":0,"lost_in_post":0,"other_logs":0,"out_stock_days":0,"lost_sales":0,"has_location":false,"update_date":"2025-12-30T14:10:24","atum_locations":[],"atum_stock_status":"instock","restock_status":false,"low_stock_amount":"","sales_update_date":"2025-11-13T14:07:44","calc_backorders":null,"yoast_head":"<!-- This site is optimized with the Yoast SEO plugin v27.3 - https:\/\/yoast.com\/product\/yoast-seo-wordpress\/ -->\n<title>Primus Essential Trail g\u0101zes deglis<\/title>\n<meta name=\"description\" content=\"Univers\u0101la t\u016brisma pl\u012bts (2500W) ar prec\u012bzu liesmas kontroli \u2013 viegla (112g), kompakta un stabila. Uzv\u0101ra 1L \u016bdens 3,5 min\u016bt\u0113s. Ra\u017eota Eirop\u0101.\" \/>\n<meta name=\"robots\" content=\"index, follow, max-snippet:-1, max-image-preview:large, max-video-preview:-1\" \/>\n<link rel=\"canonical\" href=\"https:\/\/gohike.lv\/ru\/produkts\/primus-essential-trail-gazes-deglis\/\" \/>\n<meta property=\"og:locale\" content=\"ru_RU\" \/>\n<meta property=\"og:type\" content=\"article\" \/>\n<meta property=\"og:title\" content=\"Primus Essential Trail g\u0101zes deglis\" \/>\n<meta property=\"og:description\" content=\"Univers\u0101la t\u016brisma pl\u012bts (2500W) ar prec\u012bzu liesmas kontroli \u2013 viegla (112g), kompakta un stabila. Uzv\u0101ra 1L \u016bdens 3,5 min\u016bt\u0113s. Ra\u017eota Eirop\u0101.\" \/>\n<meta property=\"og:url\" content=\"https:\/\/gohike.lv\/ru\/produkts\/primus-essential-trail-gazes-deglis\/\" \/>\n<meta property=\"og:site_name\" content=\"GoHike\" \/>\n<meta property=\"article:publisher\" content=\"https:\/\/www.facebook.com\/gohike.shop\/\" \/>\n<meta property=\"article:modified_time\" content=\"2025-12-30T14:09:50+00:00\" \/>\n<meta property=\"og:image\" content=\"https:\/\/gohike.lv\/wp-content\/uploads\/2025\/04\/EssentialStove_.webp\" \/>\n\t<meta property=\"og:image:width\" content=\"800\" \/>\n\t<meta property=\"og:image:height\" content=\"800\" \/>\n\t<meta property=\"og:image:type\" content=\"image\/webp\" \/>\n<meta name=\"twitter:card\" content=\"summary_large_image\" \/>\n<meta name=\"twitter:title\" content=\"Primus Essential Trail g\u0101zes deglis\" \/>\n<meta name=\"twitter:label1\" content=\"\u041f\u0440\u0438\u043c\u0435\u0440\u043d\u043e\u0435 \u0432\u0440\u0435\u043c\u044f \u0434\u043b\u044f \u0447\u0442\u0435\u043d\u0438\u044f\" \/>\n\t<meta name=\"twitter:data1\" content=\"1 \u043c\u0438\u043d\u0443\u0442\u0430\" \/>\n<script type=\"application\/ld+json\" class=\"yoast-schema-graph\">{\"@context\":\"https:\\\/\\\/schema.org\",\"@graph\":[{\"@type\":[\"WebPage\",\"ItemPage\"],\"@id\":\"https:\\\/\\\/gohike.lv\\\/ru\\\/produkts\\\/primus-essential-trail-gazes-deglis\\\/\",\"url\":\"https:\\\/\\\/gohike.lv\\\/ru\\\/produkts\\\/primus-essential-trail-gazes-deglis\\\/\",\"name\":\"Primus Essential Trail g\u0101zes deglis\",\"isPartOf\":{\"@id\":\"https:\\\/\\\/gohike.lv\\\/ru\\\/#website\"},\"primaryImageOfPage\":{\"@id\":\"https:\\\/\\\/gohike.lv\\\/ru\\\/produkts\\\/primus-essential-trail-gazes-deglis\\\/#primaryimage\"},\"image\":{\"@id\":\"https:\\\/\\\/gohike.lv\\\/ru\\\/produkts\\\/primus-essential-trail-gazes-deglis\\\/#primaryimage\"},\"thumbnailUrl\":\"https:\\\/\\\/gohike.lv\\\/wp-content\\\/uploads\\\/2025\\\/04\\\/EssentialStove_.webp\",\"datePublished\":\"2025-04-04T12:24:24+00:00\",\"dateModified\":\"2025-12-30T14:09:50+00:00\",\"description\":\"Univers\u0101la t\u016brisma pl\u012bts (2500W) ar prec\u012bzu liesmas kontroli \u2013 viegla (112g), kompakta un stabila. Uzv\u0101ra 1L \u016bdens 3,5 min\u016bt\u0113s. Ra\u017eota Eirop\u0101.\",\"breadcrumb\":{\"@id\":\"https:\\\/\\\/gohike.lv\\\/ru\\\/produkts\\\/primus-essential-trail-gazes-deglis\\\/#breadcrumb\"},\"inLanguage\":\"ru-RU\",\"potentialAction\":[{\"@type\":\"ReadAction\",\"target\":[\"https:\\\/\\\/gohike.lv\\\/ru\\\/produkts\\\/primus-essential-trail-gazes-deglis\\\/\"]}]},{\"@type\":\"ImageObject\",\"inLanguage\":\"ru-RU\",\"@id\":\"https:\\\/\\\/gohike.lv\\\/ru\\\/produkts\\\/primus-essential-trail-gazes-deglis\\\/#primaryimage\",\"url\":\"https:\\\/\\\/gohike.lv\\\/wp-content\\\/uploads\\\/2025\\\/04\\\/EssentialStove_.webp\",\"contentUrl\":\"https:\\\/\\\/gohike.lv\\\/wp-content\\\/uploads\\\/2025\\\/04\\\/EssentialStove_.webp\",\"width\":800,\"height\":800},{\"@type\":\"BreadcrumbList\",\"@id\":\"https:\\\/\\\/gohike.lv\\\/ru\\\/produkts\\\/primus-essential-trail-gazes-deglis\\\/#breadcrumb\",\"itemListElement\":[{\"@type\":\"ListItem\",\"position\":1,\"name\":\"\u0413\u043b\u0430\u0432\u043d\u0430\u044f\",\"item\":\"https:\\\/\\\/gohike.lv\\\/ru\\\/\"},{\"@type\":\"ListItem\",\"position\":2,\"name\":\"\u041a\u0430\u0442\u0435\u0433\u043e\u0440\u0438\u0438 \u0442\u043e\u0432\u0430\u0440\u043e\u0432\",\"item\":\"https:\\\/\\\/gohike.lv\\\/%d0%ba%d0%b0%d1%82%d0%b5%d0%b3%d0%be%d1%80%d0%b8%d0%b8-%d1%82%d0%be%d0%b2%d0%b0%d1%80%d0%be%d0%b2\\\/\"},{\"@type\":\"ListItem\",\"position\":3,\"name\":\"Primus &#8211; Essential Trail G\u0101zes deg\u013cis\"}]},{\"@type\":\"WebSite\",\"@id\":\"https:\\\/\\\/gohike.lv\\\/ru\\\/#website\",\"url\":\"https:\\\/\\\/gohike.lv\\\/ru\\\/\",\"name\":\"GoHike\",\"description\":\"\",\"publisher\":{\"@id\":\"https:\\\/\\\/gohike.lv\\\/ru\\\/#organization\"},\"potentialAction\":[{\"@type\":\"SearchAction\",\"target\":{\"@type\":\"EntryPoint\",\"urlTemplate\":\"https:\\\/\\\/gohike.lv\\\/ru\\\/?s={search_term_string}\"},\"query-input\":{\"@type\":\"PropertyValueSpecification\",\"valueRequired\":true,\"valueName\":\"search_term_string\"}}],\"inLanguage\":\"ru-RU\"},{\"@type\":\"Organization\",\"@id\":\"https:\\\/\\\/gohike.lv\\\/ru\\\/#organization\",\"name\":\"GoHike\",\"url\":\"https:\\\/\\\/gohike.lv\\\/ru\\\/\",\"logo\":{\"@type\":\"ImageObject\",\"inLanguage\":\"ru-RU\",\"@id\":\"https:\\\/\\\/gohike.lv\\\/ru\\\/#\\\/schema\\\/logo\\\/image\\\/\",\"url\":\"https:\\\/\\\/gohike.lv\\\/wp-content\\\/uploads\\\/2023\\\/08\\\/Logo_GoHike.webp\",\"contentUrl\":\"https:\\\/\\\/gohike.lv\\\/wp-content\\\/uploads\\\/2023\\\/08\\\/Logo_GoHike.webp\",\"width\":512,\"height\":512,\"caption\":\"GoHike\"},\"image\":{\"@id\":\"https:\\\/\\\/gohike.lv\\\/ru\\\/#\\\/schema\\\/logo\\\/image\\\/\"},\"sameAs\":[\"https:\\\/\\\/www.facebook.com\\\/gohike.shop\\\/\",\"https:\\\/\\\/www.instagram.com\\\/gohike.shop\\\/\"]}]}<\/script>\n<!-- \/ Yoast SEO plugin. -->","yoast_head_json":{"title":"Primus Essential Trail g\u0101zes deglis","description":"Univers\u0101la t\u016brisma pl\u012bts (2500W) ar prec\u012bzu liesmas kontroli \u2013 viegla (112g), kompakta un stabila. Uzv\u0101ra 1L \u016bdens 3,5 min\u016bt\u0113s. Ra\u017eota Eirop\u0101.","robots":{"index":"index","follow":"follow","max-snippet":"max-snippet:-1","max-image-preview":"max-image-preview:large","max-video-preview":"max-video-preview:-1"},"canonical":"https:\/\/gohike.lv\/ru\/produkts\/primus-essential-trail-gazes-deglis\/","og_locale":"ru_RU","og_type":"article","og_title":"Primus Essential Trail g\u0101zes deglis","og_description":"Univers\u0101la t\u016brisma pl\u012bts (2500W) ar prec\u012bzu liesmas kontroli \u2013 viegla (112g), kompakta un stabila. Uzv\u0101ra 1L \u016bdens 3,5 min\u016bt\u0113s. Ra\u017eota Eirop\u0101.","og_url":"https:\/\/gohike.lv\/ru\/produkts\/primus-essential-trail-gazes-deglis\/","og_site_name":"GoHike","article_publisher":"https:\/\/www.facebook.com\/gohike.shop\/","article_modified_time":"2025-12-30T14:09:50+00:00","og_image":[{"width":800,"height":800,"url":"https:\/\/gohike.lv\/wp-content\/uploads\/2025\/04\/EssentialStove_.webp","type":"image\/webp"}],"twitter_card":"summary_large_image","twitter_title":"Primus Essential Trail g\u0101zes deglis","twitter_misc":{"\u041f\u0440\u0438\u043c\u0435\u0440\u043d\u043e\u0435 \u0432\u0440\u0435\u043c\u044f \u0434\u043b\u044f \u0447\u0442\u0435\u043d\u0438\u044f":"1 \u043c\u0438\u043d\u0443\u0442\u0430"},"schema":{"@context":"https:\/\/schema.org","@graph":[{"@type":["WebPage","ItemPage"],"@id":"https:\/\/gohike.lv\/ru\/produkts\/primus-essential-trail-gazes-deglis\/","url":"https:\/\/gohike.lv\/ru\/produkts\/primus-essential-trail-gazes-deglis\/","name":"Primus Essential Trail g\u0101zes deglis","isPartOf":{"@id":"https:\/\/gohike.lv\/ru\/#website"},"primaryImageOfPage":{"@id":"https:\/\/gohike.lv\/ru\/produkts\/primus-essential-trail-gazes-deglis\/#primaryimage"},"image":{"@id":"https:\/\/gohike.lv\/ru\/produkts\/primus-essential-trail-gazes-deglis\/#primaryimage"},"thumbnailUrl":"https:\/\/gohike.lv\/wp-content\/uploads\/2025\/04\/EssentialStove_.webp","datePublished":"2025-04-04T12:24:24+00:00","dateModified":"2025-12-30T14:09:50+00:00","description":"Univers\u0101la t\u016brisma pl\u012bts (2500W) ar prec\u012bzu liesmas kontroli \u2013 viegla (112g), kompakta un stabila. Uzv\u0101ra 1L \u016bdens 3,5 min\u016bt\u0113s. Ra\u017eota Eirop\u0101.","breadcrumb":{"@id":"https:\/\/gohike.lv\/ru\/produkts\/primus-essential-trail-gazes-deglis\/#breadcrumb"},"inLanguage":"ru-RU","potentialAction":[{"@type":"ReadAction","target":["https:\/\/gohike.lv\/ru\/produkts\/primus-essential-trail-gazes-deglis\/"]}]},{"@type":"ImageObject","inLanguage":"ru-RU","@id":"https:\/\/gohike.lv\/ru\/produkts\/primus-essential-trail-gazes-deglis\/#primaryimage","url":"https:\/\/gohike.lv\/wp-content\/uploads\/2025\/04\/EssentialStove_.webp","contentUrl":"https:\/\/gohike.lv\/wp-content\/uploads\/2025\/04\/EssentialStove_.webp","width":800,"height":800},{"@type":"BreadcrumbList","@id":"https:\/\/gohike.lv\/ru\/produkts\/primus-essential-trail-gazes-deglis\/#breadcrumb","itemListElement":[{"@type":"ListItem","position":1,"name":"\u0413\u043b\u0430\u0432\u043d\u0430\u044f","item":"https:\/\/gohike.lv\/ru\/"},{"@type":"ListItem","position":2,"name":"\u041a\u0430\u0442\u0435\u0433\u043e\u0440\u0438\u0438 \u0442\u043e\u0432\u0430\u0440\u043e\u0432","item":"https:\/\/gohike.lv\/%d0%ba%d0%b0%d1%82%d0%b5%d0%b3%d0%be%d1%80%d0%b8%d0%b8-%d1%82%d0%be%d0%b2%d0%b0%d1%80%d0%be%d0%b2\/"},{"@type":"ListItem","position":3,"name":"Primus &#8211; Essential Trail G\u0101zes deg\u013cis"}]},{"@type":"WebSite","@id":"https:\/\/gohike.lv\/ru\/#website","url":"https:\/\/gohike.lv\/ru\/","name":"GoHike","description":"","publisher":{"@id":"https:\/\/gohike.lv\/ru\/#organization"},"potentialAction":[{"@type":"SearchAction","target":{"@type":"EntryPoint","urlTemplate":"https:\/\/gohike.lv\/ru\/?s={search_term_string}"},"query-input":{"@type":"PropertyValueSpecification","valueRequired":true,"valueName":"search_term_string"}}],"inLanguage":"ru-RU"},{"@type":"Organization","@id":"https:\/\/gohike.lv\/ru\/#organization","name":"GoHike","url":"https:\/\/gohike.lv\/ru\/","logo":{"@type":"ImageObject","inLanguage":"ru-RU","@id":"https:\/\/gohike.lv\/ru\/#\/schema\/logo\/image\/","url":"https:\/\/gohike.lv\/wp-content\/uploads\/2023\/08\/Logo_GoHike.webp","contentUrl":"https:\/\/gohike.lv\/wp-content\/uploads\/2023\/08\/Logo_GoHike.webp","width":512,"height":512,"caption":"GoHike"},"image":{"@id":"https:\/\/gohike.lv\/ru\/#\/schema\/logo\/image\/"},"sameAs":["https:\/\/www.facebook.com\/gohike.shop\/","https:\/\/www.instagram.com\/gohike.shop\/"]}]}},"jetpack_sharing_enabled":true,"_links":{"self":[{"href":"https:\/\/gohike.lv\/ru\/wp-json\/wp\/v2\/product\/76731","targetHints":{"allow":["GET"]}}],"collection":[{"href":"https:\/\/gohike.lv\/ru\/wp-json\/wp\/v2\/product"}],"about":[{"href":"https:\/\/gohike.lv\/ru\/wp-json\/wp\/v2\/types\/product"}],"version-history":[{"count":0,"href":"https:\/\/gohike.lv\/ru\/wp-json\/wp\/v2\/product\/76731\/revisions"}],"wp:featuredmedia":[{"embeddable":true,"href":"https:\/\/gohike.lv\/ru\/wp-json\/wp\/v2\/media\/76733"}],"wp:attachment":[{"href":"https:\/\/gohike.lv\/ru\/wp-json\/wp\/v2\/media?parent=76731"}],"wp:term":[{"taxonomy":"product_brand","embeddable":true,"href":"https:\/\/gohike.lv\/ru\/wp-json\/wp\/v2\/product_brand?post=76731"},{"taxonomy":"product_cat","embeddable":true,"href":"https:\/\/gohike.lv\/ru\/wp-json\/wp\/v2\/product_cat?post=76731"},{"taxonomy":"product_tag","embeddable":true,"href":"https:\/\/gohike.lv\/ru\/wp-json\/wp\/v2\/product_tag?post=76731"}],"curies":[{"name":"wp","href":"https:\/\/api.w.org\/{rel}","templated":true}]}}