{"id":76357,"date":"2025-04-04T11:45:28","date_gmt":"2025-04-04T08:45:28","guid":{"rendered":"https:\/\/gohike.lv\/produkts\/buff-pack-sahara-cap-cepure-s-m\/"},"modified":"2025-12-30T17:09:51","modified_gmt":"2025-12-30T14:09:51","slug":"buff-pack-sahara-cap-cepure-s-m","status":"publish","type":"product","link":"https:\/\/gohike.lv\/ru\/produkts\/buff-pack-sahara-cap-cepure-s-m\/","title":{"rendered":"Buff &#8212; Pack Sahara Cap cepure S\/M"},"content":{"rendered":"<p>Galven\u0101s \u012bpa\u0161\u012bbas:<br \/>\n\u2714 No\u0146emams kakla aizsargs (UPF 50) \u2013 piln\u012bga UV aizsardz\u012bba;<br \/>\n\u2714 Gaisa caurlaid\u012bba \u2013 optim\u0101la gaisa cirkul\u0101cija;<br \/>\n\u2714 53% p\u0101rstr\u0101d\u0101ti materi\u0101li \u2013 videi draudz\u012bga izv\u0113le;<br \/>\n\u2714 Ultraviegla un kompakti saliekama \u2013 \u0113rti p\u0101rvietojama un saglab\u0101 formu;<br \/>\n\u2714 Regul\u0113jama aukla.<br \/>\nTehniskie parametri:<br \/>\nMateri\u0101ls:<br \/>\nCepures da\u013ca: 100% p\u0101rstr\u0101d\u0101ts poliesters;<br \/>\nIek\u0161\u0113j\u0101 josla: 100% poliesters;<br \/>\nNags: 100% poliuret\u0101ns.<br \/>\nKr\u0101sa: b\u0113\u0161a;<br \/>\nIzm\u0113rs: pieaugu\u0161iem;<br \/>\nUV aizsardz\u012bba: UPF 50 (sertific\u0113ts PPE);<br \/>\nRa\u017eota \u0136\u012bn\u0101.<br \/>\nDizaina priek\u0161roc\u012bbas:<br \/>\n\u2705 Saliekama bez formas zaud\u0113\u0161anas \u2013 \u0113rti p\u0101rn\u0113s\u0101jama;<br \/>\n\u2705 Ventil\u0113jo\u0161s kakla aizsargs \u2013 nov\u0113r\u0161 p\u0101rkar\u0161anu;<br \/>\n\u2705 Elast\u012bgs un \u016bdensiztur\u012bgs nags \u2013 nezaud\u0113 formu jebkuros apst\u0101k\u013cos.<br \/>\nIzmanto\u0161anas iesp\u0113jas:<br \/>\n\u2022 T\u016brisms un p\u0101rg\u0101jieni;<br \/>\n\u2022 Velosporta braucieni;<br \/>\n\u2022 Pludmales atp\u016bta;<br \/>\n\u2022 J\u016bras un kalnu aktivit\u0101tes.<br \/>\nKop\u0161anas instrukcijas:<br \/>\n\u2022 Mazg\u0101\u0161ana: 30\u00b0C (maiga programma);<br \/>\n\u2022 Nedr\u012bkst \u017e\u0101v\u0113t ve\u013cas \u017e\u0101v\u0113t\u0101j\u0101;<br \/>\n\u2022 Nedr\u012bkst gludin\u0101t.<br \/>\nBUFF\u00ae Pack Sahara Cap \u2013 kompakta saules aizsargs J\u016bsu piedz\u012bvojumiem! Vienk\u0101r\u0161s lietojums, maksim\u0101la funkcionalit\u0101te.<br \/>\nBie\u017e\u0101kie jaut\u0101jumi:<br \/>\n\u2753 Vai kakla aizsargu var no\u0146emt?<br \/>\n\u2192 J\u0101, tas ir viegli no\u0146emams, ja nav nepiecie\u0161ams.<br \/>\n\u2753 Cik ilgi saglab\u0101jas UV aizsardz\u012bba?<br \/>\n\u2192 T\u0101 var v\u0101jin\u0101ties laika gait\u0101, \u012bpa\u0161i p\u0113c bie\u017eas mazg\u0101\u0161anas.<br \/>\n\u2753 Vai cepure ir piem\u0113rota lietus laik\u0101?<br \/>\n\u2192 Materi\u0101ls \u017e\u016bst \u0101tri, bet nav \u016bdensiztur\u012bgs \u2013 lab\u0101k izmantot saulain\u0101 laik\u0101.<br \/>\nBUFF\u00ae kvalit\u0101te \u2013 uzticams pavadonis ekstr\u0113mos apst\u0101k\u013cos!<\/p>\n","protected":false},"excerpt":{"rendered":"<p>Ultraviegla un kompakta cepure ar no\u0146emamu kakla aizsarga da\u013cu, izgatavota no elpojo\u0161a auduma, izmantojot p\u0101rstr\u0101d\u0101tus materi\u0101lus. Ide\u0101li piem\u0113rota ce\u013cojumiem un akt\u012bvam dz\u012bvesveidam.<\/p>\n","protected":false},"featured_media":76359,"template":"","meta":[],"product_brand":[12758],"product_cat":[1419],"product_tag":[],"class_list":{"0":"post-76357","1":"product","2":"type-product","3":"status-publish","4":"has-post-thumbnail","6":"product_brand-buff","7":"product_cat-apgerbs","8":"pa_materiali-cepures-dala-100-parstradats-poliesters-iekseja-sviedru-josla-100-poliesters-sipaks-100-poliuretans","9":"pa_produkta-tips-cepures","11":"first","12":"instock","13":"taxable","14":"shipping-taxable","15":"purchasable","16":"product-type-simple"},"raw_content":{"name":"Buff - Pack Sahara Cap cepure S\/M","description":"Galven\u0101s \u012bpa\u0161\u012bbas:\n\u2714 No\u0146emams kakla aizsargs (UPF 50) \u2013 piln\u012bga UV aizsardz\u012bba;\n\u2714 Gaisa caurlaid\u012bba \u2013 optim\u0101la gaisa cirkul\u0101cija;\n\u2714 53% p\u0101rstr\u0101d\u0101ti materi\u0101li \u2013 videi draudz\u012bga izv\u0113le;\n\u2714 Ultraviegla un kompakti saliekama \u2013 \u0113rti p\u0101rvietojama un saglab\u0101 formu;\n\u2714 Regul\u0113jama aukla.\nTehniskie parametri:\nMateri\u0101ls:\nCepures da\u013ca: 100% p\u0101rstr\u0101d\u0101ts poliesters;\nIek\u0161\u0113j\u0101 josla: 100% poliesters;\nNags: 100% poliuret\u0101ns.\nKr\u0101sa: b\u0113\u0161a;\nIzm\u0113rs: pieaugu\u0161iem;\nUV aizsardz\u012bba: UPF 50 (sertific\u0113ts PPE);\nRa\u017eota \u0136\u012bn\u0101.\nDizaina priek\u0161roc\u012bbas:\n\u2705 Saliekama bez formas zaud\u0113\u0161anas \u2013 \u0113rti p\u0101rn\u0113s\u0101jama;\n\u2705 Ventil\u0113jo\u0161s kakla aizsargs \u2013 nov\u0113r\u0161 p\u0101rkar\u0161anu;\n\u2705 Elast\u012bgs un \u016bdensiztur\u012bgs nags \u2013 nezaud\u0113 formu jebkuros apst\u0101k\u013cos.\nIzmanto\u0161anas iesp\u0113jas:\n\u2022 T\u016brisms un p\u0101rg\u0101jieni;\n\u2022 Velosporta braucieni;\n\u2022 Pludmales atp\u016bta;\n\u2022 J\u016bras un kalnu aktivit\u0101tes.\nKop\u0161anas instrukcijas:\n\u2022 Mazg\u0101\u0161ana: 30\u00b0C (maiga programma);\n\u2022 Nedr\u012bkst \u017e\u0101v\u0113t ve\u013cas \u017e\u0101v\u0113t\u0101j\u0101;\n\u2022 Nedr\u012bkst gludin\u0101t.\nBUFF\u00ae Pack Sahara Cap \u2013 kompakta saules aizsargs J\u016bsu piedz\u012bvojumiem! Vienk\u0101r\u0161s lietojums, maksim\u0101la funkcionalit\u0101te.\nBie\u017e\u0101kie jaut\u0101jumi:\n\u2753 Vai kakla aizsargu var no\u0146emt?\n\u2192 J\u0101, tas ir viegli no\u0146emams, ja nav nepiecie\u0161ams.\n\u2753 Cik ilgi saglab\u0101jas UV aizsardz\u012bba?\n\u2192 T\u0101 var v\u0101jin\u0101ties laika gait\u0101, \u012bpa\u0161i p\u0113c bie\u017eas mazg\u0101\u0161anas.\n\u2753 Vai cepure ir piem\u0113rota lietus laik\u0101?\n\u2192 Materi\u0101ls \u017e\u016bst \u0101tri, bet nav \u016bdensiztur\u012bgs \u2013 lab\u0101k izmantot saulain\u0101 laik\u0101.\nBUFF\u00ae kvalit\u0101te \u2013 uzticams pavadonis ekstr\u0113mos apst\u0101k\u013cos!","short_description":"Ultraviegla un kompakta cepure ar no\u0146emamu kakla aizsarga da\u013cu, izgatavota no elpojo\u0161a auduma, izmantojot p\u0101rstr\u0101d\u0101tus materi\u0101lus. Ide\u0101li piem\u0113rota ce\u013cojumiem un akt\u012bvam dz\u012bvesveidam.","status":"publish","sku":"8428927437358","original":76357},"wpml":{"translation_type":0,"has_translations":false,"original":76357,"duplicates":[],"translations":{"lv":76357,"en":null,"ru":null}},"supplier_id":null,"supplier_sku":"","barcode":null,"atum_controlled":true,"out_stock_date":null,"out_stock_threshold":null,"inheritable":false,"inbound_stock":0,"stock_on_hold":0,"sold_today":0,"sales_last_days":0,"reserved_stock":0,"customer_returns":0,"warehouse_damage":0,"lost_in_post":0,"other_logs":0,"out_stock_days":0,"lost_sales":0,"has_location":false,"update_date":"2025-12-30T14:10:25","atum_locations":[],"atum_stock_status":"instock","restock_status":false,"low_stock_amount":"","sales_update_date":"2025-11-13T14:09:01","calc_backorders":null,"yoast_head":"<!-- This site is optimized with the Yoast SEO plugin v27.3 - https:\/\/yoast.com\/product\/yoast-seo-wordpress\/ -->\n<title>Buff - Pack Sahara Cap cepure S\/M<\/title>\n<meta name=\"description\" content=\"Ultraviegla un kompakta cepure ar no\u0146emamu kakla aizsarga da\u013cu, izgatavota no elpojo\u0161a auduma, izmantojot p\u0101rstr\u0101d\u0101tus materi\u0101lus. Ide\u0101li piem\u0113rota ce\u013cojumiem un akt\u012bvam dz\u012bvesveidam.\" \/>\n<meta name=\"robots\" content=\"index, follow, max-snippet:-1, max-image-preview:large, max-video-preview:-1\" \/>\n<link rel=\"canonical\" href=\"https:\/\/gohike.lv\/ru\/produkts\/buff-pack-sahara-cap-cepure-s-m\/\" \/>\n<meta property=\"og:locale\" content=\"ru_RU\" \/>\n<meta property=\"og:type\" content=\"article\" \/>\n<meta property=\"og:title\" content=\"Buff - Pack Sahara Cap cepure S\/M\" \/>\n<meta property=\"og:description\" content=\"Ultraviegla un kompakta cepure ar no\u0146emamu kakla aizsarga da\u013cu, izgatavota no elpojo\u0161a auduma, izmantojot p\u0101rstr\u0101d\u0101tus materi\u0101lus. Ide\u0101li piem\u0113rota ce\u013cojumiem un akt\u012bvam dz\u012bvesveidam.\" \/>\n<meta property=\"og:url\" content=\"https:\/\/gohike.lv\/ru\/produkts\/buff-pack-sahara-cap-cepure-s-m\/\" \/>\n<meta property=\"og:site_name\" content=\"GoHike\" \/>\n<meta property=\"article:publisher\" content=\"https:\/\/www.facebook.com\/gohike.shop\/\" \/>\n<meta property=\"article:modified_time\" content=\"2025-12-30T14:09:51+00:00\" \/>\n<meta property=\"og:image\" content=\"https:\/\/gohike.lv\/wp-content\/uploads\/2025\/04\/SaharaCap_.jpg\" \/>\n\t<meta property=\"og:image:width\" content=\"1100\" \/>\n\t<meta property=\"og:image:height\" content=\"1422\" \/>\n\t<meta property=\"og:image:type\" content=\"image\/jpeg\" \/>\n<meta name=\"twitter:card\" content=\"summary_large_image\" \/>\n<meta name=\"twitter:title\" content=\"Buff - Pack Sahara Cap cepure S\/M\" \/>\n<meta name=\"twitter:label1\" content=\"\u041f\u0440\u0438\u043c\u0435\u0440\u043d\u043e\u0435 \u0432\u0440\u0435\u043c\u044f \u0434\u043b\u044f \u0447\u0442\u0435\u043d\u0438\u044f\" \/>\n\t<meta name=\"twitter:data1\" content=\"2 \u043c\u0438\u043d\u0443\u0442\u0430\" \/>\n<script type=\"application\/ld+json\" class=\"yoast-schema-graph\">{\"@context\":\"https:\\\/\\\/schema.org\",\"@graph\":[{\"@type\":[\"WebPage\",\"ItemPage\"],\"@id\":\"https:\\\/\\\/gohike.lv\\\/ru\\\/produkts\\\/buff-pack-sahara-cap-cepure-s-m\\\/\",\"url\":\"https:\\\/\\\/gohike.lv\\\/ru\\\/produkts\\\/buff-pack-sahara-cap-cepure-s-m\\\/\",\"name\":\"Buff - Pack Sahara Cap cepure S\\\/M\",\"isPartOf\":{\"@id\":\"https:\\\/\\\/gohike.lv\\\/ru\\\/#website\"},\"primaryImageOfPage\":{\"@id\":\"https:\\\/\\\/gohike.lv\\\/ru\\\/produkts\\\/buff-pack-sahara-cap-cepure-s-m\\\/#primaryimage\"},\"image\":{\"@id\":\"https:\\\/\\\/gohike.lv\\\/ru\\\/produkts\\\/buff-pack-sahara-cap-cepure-s-m\\\/#primaryimage\"},\"thumbnailUrl\":\"https:\\\/\\\/gohike.lv\\\/wp-content\\\/uploads\\\/2025\\\/04\\\/SaharaCap_.jpg\",\"datePublished\":\"2025-04-04T08:45:28+00:00\",\"dateModified\":\"2025-12-30T14:09:51+00:00\",\"description\":\"Ultraviegla un kompakta cepure ar no\u0146emamu kakla aizsarga da\u013cu, izgatavota no elpojo\u0161a auduma, izmantojot p\u0101rstr\u0101d\u0101tus materi\u0101lus. Ide\u0101li piem\u0113rota ce\u013cojumiem un akt\u012bvam dz\u012bvesveidam.\",\"breadcrumb\":{\"@id\":\"https:\\\/\\\/gohike.lv\\\/ru\\\/produkts\\\/buff-pack-sahara-cap-cepure-s-m\\\/#breadcrumb\"},\"inLanguage\":\"ru-RU\",\"potentialAction\":[{\"@type\":\"ReadAction\",\"target\":[\"https:\\\/\\\/gohike.lv\\\/ru\\\/produkts\\\/buff-pack-sahara-cap-cepure-s-m\\\/\"]}]},{\"@type\":\"ImageObject\",\"inLanguage\":\"ru-RU\",\"@id\":\"https:\\\/\\\/gohike.lv\\\/ru\\\/produkts\\\/buff-pack-sahara-cap-cepure-s-m\\\/#primaryimage\",\"url\":\"https:\\\/\\\/gohike.lv\\\/wp-content\\\/uploads\\\/2025\\\/04\\\/SaharaCap_.jpg\",\"contentUrl\":\"https:\\\/\\\/gohike.lv\\\/wp-content\\\/uploads\\\/2025\\\/04\\\/SaharaCap_.jpg\",\"width\":1100,\"height\":1422},{\"@type\":\"BreadcrumbList\",\"@id\":\"https:\\\/\\\/gohike.lv\\\/ru\\\/produkts\\\/buff-pack-sahara-cap-cepure-s-m\\\/#breadcrumb\",\"itemListElement\":[{\"@type\":\"ListItem\",\"position\":1,\"name\":\"\u0413\u043b\u0430\u0432\u043d\u0430\u044f\",\"item\":\"https:\\\/\\\/gohike.lv\\\/ru\\\/\"},{\"@type\":\"ListItem\",\"position\":2,\"name\":\"\u041a\u0430\u0442\u0435\u0433\u043e\u0440\u0438\u0438 \u0442\u043e\u0432\u0430\u0440\u043e\u0432\",\"item\":\"https:\\\/\\\/gohike.lv\\\/%d0%ba%d0%b0%d1%82%d0%b5%d0%b3%d0%be%d1%80%d0%b8%d0%b8-%d1%82%d0%be%d0%b2%d0%b0%d1%80%d0%be%d0%b2\\\/\"},{\"@type\":\"ListItem\",\"position\":3,\"name\":\"Buff &#8211; Pack Sahara Cap cepure S\\\/M\"}]},{\"@type\":\"WebSite\",\"@id\":\"https:\\\/\\\/gohike.lv\\\/ru\\\/#website\",\"url\":\"https:\\\/\\\/gohike.lv\\\/ru\\\/\",\"name\":\"GoHike\",\"description\":\"\",\"publisher\":{\"@id\":\"https:\\\/\\\/gohike.lv\\\/ru\\\/#organization\"},\"potentialAction\":[{\"@type\":\"SearchAction\",\"target\":{\"@type\":\"EntryPoint\",\"urlTemplate\":\"https:\\\/\\\/gohike.lv\\\/ru\\\/?s={search_term_string}\"},\"query-input\":{\"@type\":\"PropertyValueSpecification\",\"valueRequired\":true,\"valueName\":\"search_term_string\"}}],\"inLanguage\":\"ru-RU\"},{\"@type\":\"Organization\",\"@id\":\"https:\\\/\\\/gohike.lv\\\/ru\\\/#organization\",\"name\":\"GoHike\",\"url\":\"https:\\\/\\\/gohike.lv\\\/ru\\\/\",\"logo\":{\"@type\":\"ImageObject\",\"inLanguage\":\"ru-RU\",\"@id\":\"https:\\\/\\\/gohike.lv\\\/ru\\\/#\\\/schema\\\/logo\\\/image\\\/\",\"url\":\"https:\\\/\\\/gohike.lv\\\/wp-content\\\/uploads\\\/2023\\\/08\\\/Logo_GoHike.webp\",\"contentUrl\":\"https:\\\/\\\/gohike.lv\\\/wp-content\\\/uploads\\\/2023\\\/08\\\/Logo_GoHike.webp\",\"width\":512,\"height\":512,\"caption\":\"GoHike\"},\"image\":{\"@id\":\"https:\\\/\\\/gohike.lv\\\/ru\\\/#\\\/schema\\\/logo\\\/image\\\/\"},\"sameAs\":[\"https:\\\/\\\/www.facebook.com\\\/gohike.shop\\\/\",\"https:\\\/\\\/www.instagram.com\\\/gohike.shop\\\/\"]}]}<\/script>\n<!-- \/ Yoast SEO plugin. -->","yoast_head_json":{"title":"Buff - Pack Sahara Cap cepure S\/M","description":"Ultraviegla un kompakta cepure ar no\u0146emamu kakla aizsarga da\u013cu, izgatavota no elpojo\u0161a auduma, izmantojot p\u0101rstr\u0101d\u0101tus materi\u0101lus. Ide\u0101li piem\u0113rota ce\u013cojumiem un akt\u012bvam dz\u012bvesveidam.","robots":{"index":"index","follow":"follow","max-snippet":"max-snippet:-1","max-image-preview":"max-image-preview:large","max-video-preview":"max-video-preview:-1"},"canonical":"https:\/\/gohike.lv\/ru\/produkts\/buff-pack-sahara-cap-cepure-s-m\/","og_locale":"ru_RU","og_type":"article","og_title":"Buff - Pack Sahara Cap cepure S\/M","og_description":"Ultraviegla un kompakta cepure ar no\u0146emamu kakla aizsarga da\u013cu, izgatavota no elpojo\u0161a auduma, izmantojot p\u0101rstr\u0101d\u0101tus materi\u0101lus. Ide\u0101li piem\u0113rota ce\u013cojumiem un akt\u012bvam dz\u012bvesveidam.","og_url":"https:\/\/gohike.lv\/ru\/produkts\/buff-pack-sahara-cap-cepure-s-m\/","og_site_name":"GoHike","article_publisher":"https:\/\/www.facebook.com\/gohike.shop\/","article_modified_time":"2025-12-30T14:09:51+00:00","og_image":[{"width":1100,"height":1422,"url":"https:\/\/gohike.lv\/wp-content\/uploads\/2025\/04\/SaharaCap_.jpg","type":"image\/jpeg"}],"twitter_card":"summary_large_image","twitter_title":"Buff - Pack Sahara Cap cepure S\/M","twitter_misc":{"\u041f\u0440\u0438\u043c\u0435\u0440\u043d\u043e\u0435 \u0432\u0440\u0435\u043c\u044f \u0434\u043b\u044f \u0447\u0442\u0435\u043d\u0438\u044f":"2 \u043c\u0438\u043d\u0443\u0442\u0430"},"schema":{"@context":"https:\/\/schema.org","@graph":[{"@type":["WebPage","ItemPage"],"@id":"https:\/\/gohike.lv\/ru\/produkts\/buff-pack-sahara-cap-cepure-s-m\/","url":"https:\/\/gohike.lv\/ru\/produkts\/buff-pack-sahara-cap-cepure-s-m\/","name":"Buff - Pack Sahara Cap cepure S\/M","isPartOf":{"@id":"https:\/\/gohike.lv\/ru\/#website"},"primaryImageOfPage":{"@id":"https:\/\/gohike.lv\/ru\/produkts\/buff-pack-sahara-cap-cepure-s-m\/#primaryimage"},"image":{"@id":"https:\/\/gohike.lv\/ru\/produkts\/buff-pack-sahara-cap-cepure-s-m\/#primaryimage"},"thumbnailUrl":"https:\/\/gohike.lv\/wp-content\/uploads\/2025\/04\/SaharaCap_.jpg","datePublished":"2025-04-04T08:45:28+00:00","dateModified":"2025-12-30T14:09:51+00:00","description":"Ultraviegla un kompakta cepure ar no\u0146emamu kakla aizsarga da\u013cu, izgatavota no elpojo\u0161a auduma, izmantojot p\u0101rstr\u0101d\u0101tus materi\u0101lus. Ide\u0101li piem\u0113rota ce\u013cojumiem un akt\u012bvam dz\u012bvesveidam.","breadcrumb":{"@id":"https:\/\/gohike.lv\/ru\/produkts\/buff-pack-sahara-cap-cepure-s-m\/#breadcrumb"},"inLanguage":"ru-RU","potentialAction":[{"@type":"ReadAction","target":["https:\/\/gohike.lv\/ru\/produkts\/buff-pack-sahara-cap-cepure-s-m\/"]}]},{"@type":"ImageObject","inLanguage":"ru-RU","@id":"https:\/\/gohike.lv\/ru\/produkts\/buff-pack-sahara-cap-cepure-s-m\/#primaryimage","url":"https:\/\/gohike.lv\/wp-content\/uploads\/2025\/04\/SaharaCap_.jpg","contentUrl":"https:\/\/gohike.lv\/wp-content\/uploads\/2025\/04\/SaharaCap_.jpg","width":1100,"height":1422},{"@type":"BreadcrumbList","@id":"https:\/\/gohike.lv\/ru\/produkts\/buff-pack-sahara-cap-cepure-s-m\/#breadcrumb","itemListElement":[{"@type":"ListItem","position":1,"name":"\u0413\u043b\u0430\u0432\u043d\u0430\u044f","item":"https:\/\/gohike.lv\/ru\/"},{"@type":"ListItem","position":2,"name":"\u041a\u0430\u0442\u0435\u0433\u043e\u0440\u0438\u0438 \u0442\u043e\u0432\u0430\u0440\u043e\u0432","item":"https:\/\/gohike.lv\/%d0%ba%d0%b0%d1%82%d0%b5%d0%b3%d0%be%d1%80%d0%b8%d0%b8-%d1%82%d0%be%d0%b2%d0%b0%d1%80%d0%be%d0%b2\/"},{"@type":"ListItem","position":3,"name":"Buff &#8211; Pack Sahara Cap cepure S\/M"}]},{"@type":"WebSite","@id":"https:\/\/gohike.lv\/ru\/#website","url":"https:\/\/gohike.lv\/ru\/","name":"GoHike","description":"","publisher":{"@id":"https:\/\/gohike.lv\/ru\/#organization"},"potentialAction":[{"@type":"SearchAction","target":{"@type":"EntryPoint","urlTemplate":"https:\/\/gohike.lv\/ru\/?s={search_term_string}"},"query-input":{"@type":"PropertyValueSpecification","valueRequired":true,"valueName":"search_term_string"}}],"inLanguage":"ru-RU"},{"@type":"Organization","@id":"https:\/\/gohike.lv\/ru\/#organization","name":"GoHike","url":"https:\/\/gohike.lv\/ru\/","logo":{"@type":"ImageObject","inLanguage":"ru-RU","@id":"https:\/\/gohike.lv\/ru\/#\/schema\/logo\/image\/","url":"https:\/\/gohike.lv\/wp-content\/uploads\/2023\/08\/Logo_GoHike.webp","contentUrl":"https:\/\/gohike.lv\/wp-content\/uploads\/2023\/08\/Logo_GoHike.webp","width":512,"height":512,"caption":"GoHike"},"image":{"@id":"https:\/\/gohike.lv\/ru\/#\/schema\/logo\/image\/"},"sameAs":["https:\/\/www.facebook.com\/gohike.shop\/","https:\/\/www.instagram.com\/gohike.shop\/"]}]}},"jetpack_sharing_enabled":true,"_links":{"self":[{"href":"https:\/\/gohike.lv\/ru\/wp-json\/wp\/v2\/product\/76357","targetHints":{"allow":["GET"]}}],"collection":[{"href":"https:\/\/gohike.lv\/ru\/wp-json\/wp\/v2\/product"}],"about":[{"href":"https:\/\/gohike.lv\/ru\/wp-json\/wp\/v2\/types\/product"}],"version-history":[{"count":1,"href":"https:\/\/gohike.lv\/ru\/wp-json\/wp\/v2\/product\/76357\/revisions"}],"predecessor-version":[{"id":118874,"href":"https:\/\/gohike.lv\/ru\/wp-json\/wp\/v2\/product\/76357\/revisions\/118874"}],"wp:featuredmedia":[{"embeddable":true,"href":"https:\/\/gohike.lv\/ru\/wp-json\/wp\/v2\/media\/76359"}],"wp:attachment":[{"href":"https:\/\/gohike.lv\/ru\/wp-json\/wp\/v2\/media?parent=76357"}],"wp:term":[{"taxonomy":"product_brand","embeddable":true,"href":"https:\/\/gohike.lv\/ru\/wp-json\/wp\/v2\/product_brand?post=76357"},{"taxonomy":"product_cat","embeddable":true,"href":"https:\/\/gohike.lv\/ru\/wp-json\/wp\/v2\/product_cat?post=76357"},{"taxonomy":"product_tag","embeddable":true,"href":"https:\/\/gohike.lv\/ru\/wp-json\/wp\/v2\/product_tag?post=76357"}],"curies":[{"name":"wp","href":"https:\/\/api.w.org\/{rel}","templated":true}]}}