{"id":76272,"date":"2025-04-04T11:44:57","date_gmt":"2025-04-04T08:44:57","guid":{"rendered":"https:\/\/gohike.lv\/produkts\/buff-polar-prints-simbo-multi-tunelsalle\/"},"modified":"2026-03-13T20:21:01","modified_gmt":"2026-03-13T17:21:01","slug":"buff-polar-prints-simbo-multi-tunelsalle","status":"publish","type":"product","link":"https:\/\/gohike.lv\/ru\/produkts\/buff-polar-prints-simbo-multi-tunelsalle\/","title":{"rendered":"Buff &#8212; Polar Prints Simbo Multi tune\u013c\u0161alle"},"content":{"rendered":"<p>Galven\u0101s \u012bpa\u0161\u012bbas:<br \/>\n\u2714 Unik\u0101ls raksts;<br \/>\n\u2714 M\u012bksts polar fl\u012bss \u2013 augsta siltumizol\u0101cija;<br \/>\n\u2714 Eco-design ra\u017eo\u0161ana \u2013 minim\u0101ls atkritumu daudzums;<br \/>\n\u2714 Vielas sast\u0101vs: 72% poliesters, 28 viskoze \u2013 optim\u0101la elast\u012bba un m\u012bkstums;<br \/>\n\u2714 Ra\u017eots Barcelon\u0101 \u2013 tradicion\u0101l\u0101 tekstila ra\u017eo\u0161anas re\u0123ion\u0101.<br \/>\nTehniskie parametri:<br \/>\nMateri\u0101ls: 72% poliesters, 28% viskoze;<br \/>\nIzm\u0113rs: pieaugu\u0161ajiem;<br \/>\nRa\u017eots Sp\u0101nij\u0101 (Barcelonas re\u0123ions);<br \/>\nSvars: ~90 g.<br \/>\nDizaina priek\u0161roc\u012bbas:<br \/>\n\u2705 Dubult\u0101 fl\u012bsa k\u0101rta \u2013 papildu siltums;<br \/>\n\u2705 Elast\u012bgi piegu\u013co\u0161a \u2013 piem\u0113rota da\u017e\u0101diem kakla izm\u0113riem.<br \/>\nIzmanto\u0161anas iesp\u0113jas:<br \/>\n\u2022 Ikdienas lieto\u0161ana;<br \/>\n\u2022 Viegls ziemas sports;<br \/>\n\u2022 Atp\u016bta\/fiziskas aktivit\u0101tes svaig\u0101 gais\u0101.<br \/>\nKop\u0161anas instrukcijas:<br \/>\n\u2022 Mazg\u0101\u0161ana: tikai ar rok\u0101m;<br \/>\n\u2022 \u017d\u0101v\u0113\u0161ana: dabiska (bez centrif\u016bgas);<br \/>\n\u2022 Gludin\u0101\u0161ana: tikai zem\u0101 temperat\u016br\u0101.<br \/>\nPolar Prints Neck Warmer \u2013 izteiksm\u012bgs stils un siltums!<br \/>\nDizains ir unik\u0101ls m\u0101kslas darbs \u2013  individu\u0101ls akcents aukstaj\u0101 sezon\u0101.<br \/>\nBie\u017e\u0101kie jaut\u0101jumi:<br \/>\n\u2753 K\u0101p\u0113c katra \u0161alle ir unik\u0101la?<br \/>\n\u2192 Drukas process rada nelielas at\u0161\u0137ir\u012bbas katr\u0101 auduma gabal\u0101, padarot katru \u0161alli par unik\u0101lu.<br \/>\n\u2753 Vai materi\u0101ls ir iztur\u012bgs?<br \/>\n\u2192 J\u0101, poliestera un viskozes kombin\u0101cija nodro\u0161ina ilgm\u016b\u017e\u012bbu.<br \/>\n\u2753 K\u0101p\u0113c nevar izmantot ve\u013cas mazg\u0101jamaj\u0101 ma\u0161\u012bn\u0101?<br \/>\n\u2192 Mazg\u0101\u0161ana ar rok\u0101m saglab\u0101 drukas kvalit\u0101ti un materi\u0101la m\u012bkstumu.<br \/>\nRa\u017eota Sp\u0101nij\u0101, apvienojot modes dizainu un ilgtsp\u0113j\u012bbu.<\/p>\n","protected":false},"excerpt":{"rendered":"<p>\u0160alle ar unik\u0101lu rakstu. M\u012bksts, siltumizol\u0113jo\u0161s materi\u0101ls un izgatavots, izmantojot eco-design ra\u017eo\u0161anas procesu.<\/p>\n","protected":false},"featured_media":76274,"template":"","meta":[],"product_brand":[12758],"product_cat":[1419],"product_tag":[],"class_list":{"0":"post-76272","1":"product","2":"type-product","3":"status-publish","4":"has-post-thumbnail","6":"product_brand-buff","7":"product_cat-apgerbs","8":"pa_materiali-28-viskoze","9":"pa_materiali-72-poliesters","10":"pa_produkta-tips-tunelsalles","12":"first","13":"instock","14":"taxable","15":"shipping-taxable","16":"purchasable","17":"product-type-simple"},"raw_content":{"name":"Buff - Polar Prints Simbo Multi tune\u013c\u0161alle","description":"Galven\u0101s \u012bpa\u0161\u012bbas:\n\u2714 Unik\u0101ls raksts;\n\u2714 M\u012bksts polar fl\u012bss \u2013 augsta siltumizol\u0101cija;\n\u2714 Eco-design ra\u017eo\u0161ana \u2013 minim\u0101ls atkritumu daudzums;\n\u2714 Vielas sast\u0101vs: 72% poliesters, 28 viskoze \u2013 optim\u0101la elast\u012bba un m\u012bkstums;\n\u2714 Ra\u017eots Barcelon\u0101 \u2013 tradicion\u0101l\u0101 tekstila ra\u017eo\u0161anas re\u0123ion\u0101.\nTehniskie parametri:\nMateri\u0101ls: 72% poliesters, 28% viskoze;\nIzm\u0113rs: pieaugu\u0161ajiem;\nRa\u017eots Sp\u0101nij\u0101 (Barcelonas re\u0123ions);\nSvars: ~90 g.\nDizaina priek\u0161roc\u012bbas:\n\u2705 Dubult\u0101 fl\u012bsa k\u0101rta \u2013 papildu siltums;\n\u2705 Elast\u012bgi piegu\u013co\u0161a \u2013 piem\u0113rota da\u017e\u0101diem kakla izm\u0113riem.\nIzmanto\u0161anas iesp\u0113jas:\n\u2022 Ikdienas lieto\u0161ana;\n\u2022 Viegls ziemas sports;\n\u2022 Atp\u016bta\/fiziskas aktivit\u0101tes svaig\u0101 gais\u0101.\nKop\u0161anas instrukcijas:\n\u2022 Mazg\u0101\u0161ana: tikai ar rok\u0101m;\n\u2022 \u017d\u0101v\u0113\u0161ana: dabiska (bez centrif\u016bgas);\n\u2022 Gludin\u0101\u0161ana: tikai zem\u0101 temperat\u016br\u0101.\nPolar Prints Neck Warmer \u2013 izteiksm\u012bgs stils un siltums!\nDizains ir unik\u0101ls m\u0101kslas darbs \u2013  individu\u0101ls akcents aukstaj\u0101 sezon\u0101.\nBie\u017e\u0101kie jaut\u0101jumi:\n\u2753 K\u0101p\u0113c katra \u0161alle ir unik\u0101la?\n\u2192 Drukas process rada nelielas at\u0161\u0137ir\u012bbas katr\u0101 auduma gabal\u0101, padarot katru \u0161alli par unik\u0101lu.\n\u2753 Vai materi\u0101ls ir iztur\u012bgs?\n\u2192 J\u0101, poliestera un viskozes kombin\u0101cija nodro\u0161ina ilgm\u016b\u017e\u012bbu.\n\u2753 K\u0101p\u0113c nevar izmantot ve\u013cas mazg\u0101jamaj\u0101 ma\u0161\u012bn\u0101?\n\u2192 Mazg\u0101\u0161ana ar rok\u0101m saglab\u0101 drukas kvalit\u0101ti un materi\u0101la m\u012bkstumu.\nRa\u017eota Sp\u0101nij\u0101, apvienojot modes dizainu un ilgtsp\u0113j\u012bbu.","short_description":"\u0160alle ar unik\u0101lu rakstu. M\u012bksts, siltumizol\u0113jo\u0161s materi\u0101ls un izgatavots, izmantojot eco-design ra\u017eo\u0161anas procesu.","status":"publish","sku":"8428927563552","original":76272},"wpml":{"translation_type":0,"has_translations":false,"original":76272,"duplicates":[],"translations":{"lv":76272,"en":null,"ru":null}},"supplier_id":null,"supplier_sku":"","barcode":null,"atum_controlled":true,"out_stock_date":null,"out_stock_threshold":null,"inheritable":false,"inbound_stock":0,"stock_on_hold":0,"sold_today":0,"sales_last_days":0,"reserved_stock":0,"customer_returns":0,"warehouse_damage":0,"lost_in_post":0,"other_logs":0,"out_stock_days":0,"lost_sales":0,"has_location":false,"update_date":"2026-03-13T17:21:03","atum_locations":[],"atum_stock_status":"instock","restock_status":false,"low_stock_amount":"","sales_update_date":"2025-11-13T14:09:00","calc_backorders":null,"yoast_head":"<!-- This site is optimized with the Yoast SEO plugin v27.3 - https:\/\/yoast.com\/product\/yoast-seo-wordpress\/ -->\n<title>Buff - Polar Prints Simbo Multi tune\u013c\u0161alle<\/title>\n<meta name=\"description\" content=\"\u0160alle ar unik\u0101lu rakstu. M\u012bksts, siltumizol\u0113jo\u0161s materi\u0101ls un izgatavots, izmantojot eco-design ra\u017eo\u0161anas procesu.\" \/>\n<meta name=\"robots\" content=\"index, follow, max-snippet:-1, max-image-preview:large, max-video-preview:-1\" \/>\n<link rel=\"canonical\" href=\"https:\/\/gohike.lv\/ru\/produkts\/buff-polar-prints-simbo-multi-tunelsalle\/\" \/>\n<meta property=\"og:locale\" content=\"ru_RU\" \/>\n<meta property=\"og:type\" content=\"article\" \/>\n<meta property=\"og:title\" content=\"Buff - Polar Prints Simbo Multi tune\u013c\u0161alle\" \/>\n<meta property=\"og:description\" content=\"\u0160alle ar unik\u0101lu rakstu. M\u012bksts, siltumizol\u0113jo\u0161s materi\u0101ls un izgatavots, izmantojot eco-design ra\u017eo\u0161anas procesu.\" \/>\n<meta property=\"og:url\" content=\"https:\/\/gohike.lv\/ru\/produkts\/buff-polar-prints-simbo-multi-tunelsalle\/\" \/>\n<meta property=\"og:site_name\" content=\"GoHike\" \/>\n<meta property=\"article:publisher\" content=\"https:\/\/www.facebook.com\/gohike.shop\/\" \/>\n<meta property=\"article:modified_time\" content=\"2026-03-13T17:21:01+00:00\" \/>\n<meta property=\"og:image\" content=\"https:\/\/gohike.lv\/wp-content\/uploads\/2025\/04\/PolarSimboMulti_.webp\" \/>\n\t<meta property=\"og:image:width\" content=\"650\" \/>\n\t<meta property=\"og:image:height\" content=\"650\" \/>\n\t<meta property=\"og:image:type\" content=\"image\/webp\" \/>\n<meta name=\"twitter:card\" content=\"summary_large_image\" \/>\n<meta name=\"twitter:title\" content=\"Buff - Polar Prints Simbo Multi tune\u013c\u0161alle\" \/>\n<meta name=\"twitter:label1\" content=\"\u041f\u0440\u0438\u043c\u0435\u0440\u043d\u043e\u0435 \u0432\u0440\u0435\u043c\u044f \u0434\u043b\u044f \u0447\u0442\u0435\u043d\u0438\u044f\" \/>\n\t<meta name=\"twitter:data1\" content=\"2 \u043c\u0438\u043d\u0443\u0442\u0430\" \/>\n<script type=\"application\/ld+json\" class=\"yoast-schema-graph\">{\"@context\":\"https:\\\/\\\/schema.org\",\"@graph\":[{\"@type\":[\"WebPage\",\"ItemPage\"],\"@id\":\"https:\\\/\\\/gohike.lv\\\/ru\\\/produkts\\\/buff-polar-prints-simbo-multi-tunelsalle\\\/\",\"url\":\"https:\\\/\\\/gohike.lv\\\/ru\\\/produkts\\\/buff-polar-prints-simbo-multi-tunelsalle\\\/\",\"name\":\"Buff - Polar Prints Simbo Multi tune\u013c\u0161alle\",\"isPartOf\":{\"@id\":\"https:\\\/\\\/gohike.lv\\\/ru\\\/#website\"},\"primaryImageOfPage\":{\"@id\":\"https:\\\/\\\/gohike.lv\\\/ru\\\/produkts\\\/buff-polar-prints-simbo-multi-tunelsalle\\\/#primaryimage\"},\"image\":{\"@id\":\"https:\\\/\\\/gohike.lv\\\/ru\\\/produkts\\\/buff-polar-prints-simbo-multi-tunelsalle\\\/#primaryimage\"},\"thumbnailUrl\":\"https:\\\/\\\/gohike.lv\\\/wp-content\\\/uploads\\\/2025\\\/04\\\/PolarSimboMulti_.webp\",\"datePublished\":\"2025-04-04T08:44:57+00:00\",\"dateModified\":\"2026-03-13T17:21:01+00:00\",\"description\":\"\u0160alle ar unik\u0101lu rakstu. M\u012bksts, siltumizol\u0113jo\u0161s materi\u0101ls un izgatavots, izmantojot eco-design ra\u017eo\u0161anas procesu.\",\"breadcrumb\":{\"@id\":\"https:\\\/\\\/gohike.lv\\\/ru\\\/produkts\\\/buff-polar-prints-simbo-multi-tunelsalle\\\/#breadcrumb\"},\"inLanguage\":\"ru-RU\",\"potentialAction\":[{\"@type\":\"ReadAction\",\"target\":[\"https:\\\/\\\/gohike.lv\\\/ru\\\/produkts\\\/buff-polar-prints-simbo-multi-tunelsalle\\\/\"]}]},{\"@type\":\"ImageObject\",\"inLanguage\":\"ru-RU\",\"@id\":\"https:\\\/\\\/gohike.lv\\\/ru\\\/produkts\\\/buff-polar-prints-simbo-multi-tunelsalle\\\/#primaryimage\",\"url\":\"https:\\\/\\\/gohike.lv\\\/wp-content\\\/uploads\\\/2025\\\/04\\\/PolarSimboMulti_.webp\",\"contentUrl\":\"https:\\\/\\\/gohike.lv\\\/wp-content\\\/uploads\\\/2025\\\/04\\\/PolarSimboMulti_.webp\",\"width\":650,\"height\":650},{\"@type\":\"BreadcrumbList\",\"@id\":\"https:\\\/\\\/gohike.lv\\\/ru\\\/produkts\\\/buff-polar-prints-simbo-multi-tunelsalle\\\/#breadcrumb\",\"itemListElement\":[{\"@type\":\"ListItem\",\"position\":1,\"name\":\"\u0413\u043b\u0430\u0432\u043d\u0430\u044f\",\"item\":\"https:\\\/\\\/gohike.lv\\\/ru\\\/\"},{\"@type\":\"ListItem\",\"position\":2,\"name\":\"\u041a\u0430\u0442\u0435\u0433\u043e\u0440\u0438\u0438 \u0442\u043e\u0432\u0430\u0440\u043e\u0432\",\"item\":\"https:\\\/\\\/gohike.lv\\\/%d0%ba%d0%b0%d1%82%d0%b5%d0%b3%d0%be%d1%80%d0%b8%d0%b8-%d1%82%d0%be%d0%b2%d0%b0%d1%80%d0%be%d0%b2\\\/\"},{\"@type\":\"ListItem\",\"position\":3,\"name\":\"Buff &#8211; Polar Prints Simbo Multi tune\u013c\u0161alle\"}]},{\"@type\":\"WebSite\",\"@id\":\"https:\\\/\\\/gohike.lv\\\/ru\\\/#website\",\"url\":\"https:\\\/\\\/gohike.lv\\\/ru\\\/\",\"name\":\"GoHike\",\"description\":\"\",\"publisher\":{\"@id\":\"https:\\\/\\\/gohike.lv\\\/ru\\\/#organization\"},\"potentialAction\":[{\"@type\":\"SearchAction\",\"target\":{\"@type\":\"EntryPoint\",\"urlTemplate\":\"https:\\\/\\\/gohike.lv\\\/ru\\\/?s={search_term_string}\"},\"query-input\":{\"@type\":\"PropertyValueSpecification\",\"valueRequired\":true,\"valueName\":\"search_term_string\"}}],\"inLanguage\":\"ru-RU\"},{\"@type\":\"Organization\",\"@id\":\"https:\\\/\\\/gohike.lv\\\/ru\\\/#organization\",\"name\":\"GoHike\",\"url\":\"https:\\\/\\\/gohike.lv\\\/ru\\\/\",\"logo\":{\"@type\":\"ImageObject\",\"inLanguage\":\"ru-RU\",\"@id\":\"https:\\\/\\\/gohike.lv\\\/ru\\\/#\\\/schema\\\/logo\\\/image\\\/\",\"url\":\"https:\\\/\\\/gohike.lv\\\/wp-content\\\/uploads\\\/2023\\\/08\\\/Logo_GoHike.webp\",\"contentUrl\":\"https:\\\/\\\/gohike.lv\\\/wp-content\\\/uploads\\\/2023\\\/08\\\/Logo_GoHike.webp\",\"width\":512,\"height\":512,\"caption\":\"GoHike\"},\"image\":{\"@id\":\"https:\\\/\\\/gohike.lv\\\/ru\\\/#\\\/schema\\\/logo\\\/image\\\/\"},\"sameAs\":[\"https:\\\/\\\/www.facebook.com\\\/gohike.shop\\\/\",\"https:\\\/\\\/www.instagram.com\\\/gohike.shop\\\/\"]}]}<\/script>\n<!-- \/ Yoast SEO plugin. -->","yoast_head_json":{"title":"Buff - Polar Prints Simbo Multi tune\u013c\u0161alle","description":"\u0160alle ar unik\u0101lu rakstu. M\u012bksts, siltumizol\u0113jo\u0161s materi\u0101ls un izgatavots, izmantojot eco-design ra\u017eo\u0161anas procesu.","robots":{"index":"index","follow":"follow","max-snippet":"max-snippet:-1","max-image-preview":"max-image-preview:large","max-video-preview":"max-video-preview:-1"},"canonical":"https:\/\/gohike.lv\/ru\/produkts\/buff-polar-prints-simbo-multi-tunelsalle\/","og_locale":"ru_RU","og_type":"article","og_title":"Buff - Polar Prints Simbo Multi tune\u013c\u0161alle","og_description":"\u0160alle ar unik\u0101lu rakstu. M\u012bksts, siltumizol\u0113jo\u0161s materi\u0101ls un izgatavots, izmantojot eco-design ra\u017eo\u0161anas procesu.","og_url":"https:\/\/gohike.lv\/ru\/produkts\/buff-polar-prints-simbo-multi-tunelsalle\/","og_site_name":"GoHike","article_publisher":"https:\/\/www.facebook.com\/gohike.shop\/","article_modified_time":"2026-03-13T17:21:01+00:00","og_image":[{"width":650,"height":650,"url":"https:\/\/gohike.lv\/wp-content\/uploads\/2025\/04\/PolarSimboMulti_.webp","type":"image\/webp"}],"twitter_card":"summary_large_image","twitter_title":"Buff - Polar Prints Simbo Multi tune\u013c\u0161alle","twitter_misc":{"\u041f\u0440\u0438\u043c\u0435\u0440\u043d\u043e\u0435 \u0432\u0440\u0435\u043c\u044f \u0434\u043b\u044f \u0447\u0442\u0435\u043d\u0438\u044f":"2 \u043c\u0438\u043d\u0443\u0442\u0430"},"schema":{"@context":"https:\/\/schema.org","@graph":[{"@type":["WebPage","ItemPage"],"@id":"https:\/\/gohike.lv\/ru\/produkts\/buff-polar-prints-simbo-multi-tunelsalle\/","url":"https:\/\/gohike.lv\/ru\/produkts\/buff-polar-prints-simbo-multi-tunelsalle\/","name":"Buff - Polar Prints Simbo Multi tune\u013c\u0161alle","isPartOf":{"@id":"https:\/\/gohike.lv\/ru\/#website"},"primaryImageOfPage":{"@id":"https:\/\/gohike.lv\/ru\/produkts\/buff-polar-prints-simbo-multi-tunelsalle\/#primaryimage"},"image":{"@id":"https:\/\/gohike.lv\/ru\/produkts\/buff-polar-prints-simbo-multi-tunelsalle\/#primaryimage"},"thumbnailUrl":"https:\/\/gohike.lv\/wp-content\/uploads\/2025\/04\/PolarSimboMulti_.webp","datePublished":"2025-04-04T08:44:57+00:00","dateModified":"2026-03-13T17:21:01+00:00","description":"\u0160alle ar unik\u0101lu rakstu. M\u012bksts, siltumizol\u0113jo\u0161s materi\u0101ls un izgatavots, izmantojot eco-design ra\u017eo\u0161anas procesu.","breadcrumb":{"@id":"https:\/\/gohike.lv\/ru\/produkts\/buff-polar-prints-simbo-multi-tunelsalle\/#breadcrumb"},"inLanguage":"ru-RU","potentialAction":[{"@type":"ReadAction","target":["https:\/\/gohike.lv\/ru\/produkts\/buff-polar-prints-simbo-multi-tunelsalle\/"]}]},{"@type":"ImageObject","inLanguage":"ru-RU","@id":"https:\/\/gohike.lv\/ru\/produkts\/buff-polar-prints-simbo-multi-tunelsalle\/#primaryimage","url":"https:\/\/gohike.lv\/wp-content\/uploads\/2025\/04\/PolarSimboMulti_.webp","contentUrl":"https:\/\/gohike.lv\/wp-content\/uploads\/2025\/04\/PolarSimboMulti_.webp","width":650,"height":650},{"@type":"BreadcrumbList","@id":"https:\/\/gohike.lv\/ru\/produkts\/buff-polar-prints-simbo-multi-tunelsalle\/#breadcrumb","itemListElement":[{"@type":"ListItem","position":1,"name":"\u0413\u043b\u0430\u0432\u043d\u0430\u044f","item":"https:\/\/gohike.lv\/ru\/"},{"@type":"ListItem","position":2,"name":"\u041a\u0430\u0442\u0435\u0433\u043e\u0440\u0438\u0438 \u0442\u043e\u0432\u0430\u0440\u043e\u0432","item":"https:\/\/gohike.lv\/%d0%ba%d0%b0%d1%82%d0%b5%d0%b3%d0%be%d1%80%d0%b8%d0%b8-%d1%82%d0%be%d0%b2%d0%b0%d1%80%d0%be%d0%b2\/"},{"@type":"ListItem","position":3,"name":"Buff &#8211; Polar Prints Simbo Multi tune\u013c\u0161alle"}]},{"@type":"WebSite","@id":"https:\/\/gohike.lv\/ru\/#website","url":"https:\/\/gohike.lv\/ru\/","name":"GoHike","description":"","publisher":{"@id":"https:\/\/gohike.lv\/ru\/#organization"},"potentialAction":[{"@type":"SearchAction","target":{"@type":"EntryPoint","urlTemplate":"https:\/\/gohike.lv\/ru\/?s={search_term_string}"},"query-input":{"@type":"PropertyValueSpecification","valueRequired":true,"valueName":"search_term_string"}}],"inLanguage":"ru-RU"},{"@type":"Organization","@id":"https:\/\/gohike.lv\/ru\/#organization","name":"GoHike","url":"https:\/\/gohike.lv\/ru\/","logo":{"@type":"ImageObject","inLanguage":"ru-RU","@id":"https:\/\/gohike.lv\/ru\/#\/schema\/logo\/image\/","url":"https:\/\/gohike.lv\/wp-content\/uploads\/2023\/08\/Logo_GoHike.webp","contentUrl":"https:\/\/gohike.lv\/wp-content\/uploads\/2023\/08\/Logo_GoHike.webp","width":512,"height":512,"caption":"GoHike"},"image":{"@id":"https:\/\/gohike.lv\/ru\/#\/schema\/logo\/image\/"},"sameAs":["https:\/\/www.facebook.com\/gohike.shop\/","https:\/\/www.instagram.com\/gohike.shop\/"]}]}},"jetpack_sharing_enabled":true,"_links":{"self":[{"href":"https:\/\/gohike.lv\/ru\/wp-json\/wp\/v2\/product\/76272","targetHints":{"allow":["GET"]}}],"collection":[{"href":"https:\/\/gohike.lv\/ru\/wp-json\/wp\/v2\/product"}],"about":[{"href":"https:\/\/gohike.lv\/ru\/wp-json\/wp\/v2\/types\/product"}],"version-history":[{"count":1,"href":"https:\/\/gohike.lv\/ru\/wp-json\/wp\/v2\/product\/76272\/revisions"}],"predecessor-version":[{"id":118924,"href":"https:\/\/gohike.lv\/ru\/wp-json\/wp\/v2\/product\/76272\/revisions\/118924"}],"wp:featuredmedia":[{"embeddable":true,"href":"https:\/\/gohike.lv\/ru\/wp-json\/wp\/v2\/media\/76274"}],"wp:attachment":[{"href":"https:\/\/gohike.lv\/ru\/wp-json\/wp\/v2\/media?parent=76272"}],"wp:term":[{"taxonomy":"product_brand","embeddable":true,"href":"https:\/\/gohike.lv\/ru\/wp-json\/wp\/v2\/product_brand?post=76272"},{"taxonomy":"product_cat","embeddable":true,"href":"https:\/\/gohike.lv\/ru\/wp-json\/wp\/v2\/product_cat?post=76272"},{"taxonomy":"product_tag","embeddable":true,"href":"https:\/\/gohike.lv\/ru\/wp-json\/wp\/v2\/product_tag?post=76272"}],"curies":[{"name":"wp","href":"https:\/\/api.w.org\/{rel}","templated":true}]}}