{"id":73141,"date":"2025-03-04T18:51:23","date_gmt":"2025-03-04T15:51:23","guid":{"rendered":"https:\/\/gohike.lv\/?post_type=product&#038;p=73141"},"modified":"2026-03-31T19:49:20","modified_gmt":"2026-03-31T16:49:20","slug":"science-in-sport-sis-go-energy-bake-ar-citronu-garsu-60g","status":"publish","type":"product","link":"https:\/\/gohike.lv\/ru\/produkts\/science-in-sport-sis-go-energy-bake-ar-citronu-garsu-60g\/","title":{"rendered":"Science In Sport &#8212; SiS Go Energy Bake ar citronu gar\u0161u 60g"},"content":{"rendered":"<p>Ilgsto\u0161as slodzes laik\u0101 ir ieteicams uz\u0146emt 60\u201390 g og\u013chidr\u0101tu stund\u0101. Lai to nodro\u0161in\u0101tu, izmanto SiS Energy Bake kop\u0101 ar citiem SiS produktiem. Unik\u0101l\u0101, m\u012bkst\u0101 cept\u0101 tekst\u016bra nodro\u0161ina vieglu \u0113\u0161anu.<br \/>\nOg\u013chidr\u0101tu rezervju izs\u012bkums fizisk\u0101s slodzes laik\u0101 ir viens no galvenajiem noguruma c\u0113lo\u0146iem. Papildu og\u013chidr\u0101tu uz\u0146em\u0161ana aktivit\u0101tes laik\u0101 uzlabo sniegumu, sacens\u012bbu laiku un aizkav\u0113 noguruma iest\u0101\u0161anos.<br \/>\nLieto\u0161ana: 1-2 Energy Bake stund\u0101 ilgsto\u0161as slodzes laik\u0101. Lieto kop\u0101 ar citiem SiS produktiem, lai izpild\u012btu stundas og\u013chidr\u0101tu pras\u012bbas slodzes laik\u0101 (60\u201390 g).<\/p>\n","protected":false},"excerpt":{"rendered":"<p>SiS Go Energy Bake ir m\u012bksta k\u016bci\u0146a ar aug\u013cu pild\u012bjumu. Nodro\u0161ina 30g og\u013chidr\u0101tu, pild\u012bjums \u2013 10g fruktozes. Izcelsmes valsts: Apvienot\u0101 Karaliste<\/p>\n","protected":false},"featured_media":73143,"template":"","meta":[],"product_brand":[214],"product_cat":[896],"product_tag":[],"class_list":{"0":"post-73141","1":"product","2":"type-product","3":"status-publish","4":"has-post-thumbnail","6":"product_brand-scienceinsport-lv","7":"product_cat-turistu-partika-un-dzerieni","8":"pa_produkta-tips-uzkodas-un-dzerieni","10":"first","11":"outofstock","12":"taxable","13":"shipping-taxable","14":"purchasable","15":"product-type-simple"},"raw_content":{"name":"Science In Sport - SiS Go Energy Bake ar citronu gar\u0161u 60g","description":"Ilgsto\u0161as slodzes laik\u0101 ir ieteicams uz\u0146emt 60\u201390 g og\u013chidr\u0101tu stund\u0101. Lai to nodro\u0161in\u0101tu, izmanto SiS Energy Bake kop\u0101 ar citiem SiS produktiem. Unik\u0101l\u0101, m\u012bkst\u0101 cept\u0101 tekst\u016bra nodro\u0161ina vieglu \u0113\u0161anu.\nOg\u013chidr\u0101tu rezervju izs\u012bkums fizisk\u0101s slodzes laik\u0101 ir viens no galvenajiem noguruma c\u0113lo\u0146iem. Papildu og\u013chidr\u0101tu uz\u0146em\u0161ana aktivit\u0101tes laik\u0101 uzlabo sniegumu, sacens\u012bbu laiku un aizkav\u0113 noguruma iest\u0101\u0161anos.\nLieto\u0161ana: 1-2 Energy Bake stund\u0101 ilgsto\u0161as slodzes laik\u0101. Lieto kop\u0101 ar citiem SiS produktiem, lai izpild\u012btu stundas og\u013chidr\u0101tu pras\u012bbas slodzes laik\u0101 (60\u201390 g).","short_description":"SiS Go Energy Bake ir m\u012bksta k\u016bci\u0146a ar aug\u013cu pild\u012bjumu. Nodro\u0161ina 30g og\u013chidr\u0101tu, pild\u012bjums \u2013 10g fruktozes. Izcelsmes valsts: Apvienot\u0101 Karaliste","status":"publish","sku":"5025324007820","original":73141},"wpml":{"translation_type":1,"has_translations":true,"original":73141,"duplicates":[],"translations":{"lv":73141,"en":73142,"ru":null}},"supplier_id":null,"supplier_sku":"","barcode":null,"atum_controlled":true,"out_stock_date":"2026-03-31 17:23:25","out_stock_threshold":null,"inheritable":false,"inbound_stock":0,"stock_on_hold":0,"sold_today":0,"sales_last_days":0,"reserved_stock":0,"customer_returns":0,"warehouse_damage":0,"lost_in_post":0,"other_logs":0,"out_stock_days":0,"lost_sales":0,"has_location":false,"update_date":"2026-03-31T16:49:27","atum_locations":[],"atum_stock_status":"outofstock","restock_status":false,"low_stock_amount":"","sales_update_date":"2025-11-13T14:08:04","calc_backorders":null,"yoast_head":"<!-- This site is optimized with the Yoast SEO plugin v27.3 - https:\/\/yoast.com\/product\/yoast-seo-wordpress\/ -->\n<title>Science In Sport - SiS Go Energy Bake ar citronu gar\u0161u 60g<\/title>\n<meta name=\"description\" content=\"SiS Go Energy Bake ir m\u012bksta k\u016bci\u0146a ar aug\u013cu pild\u012bjumu. Nodro\u0161ina 30g og\u013chidr\u0101tu, pild\u012bjums \u2013 10g fruktozes.\" \/>\n<meta name=\"robots\" content=\"index, follow, max-snippet:-1, max-image-preview:large, max-video-preview:-1\" \/>\n<link rel=\"canonical\" href=\"https:\/\/gohike.lv\/ru\/produkts\/science-in-sport-sis-go-energy-bake-ar-citronu-garsu-60g\/\" \/>\n<meta property=\"og:locale\" content=\"ru_RU\" \/>\n<meta property=\"og:type\" content=\"article\" \/>\n<meta property=\"og:title\" content=\"T\u016bristu p\u0101rtika - Science In Sport Ener\u0123ijas batoni\u0146\u0161 SiS Go Energy Banana Fudge 40g\" \/>\n<meta property=\"og:description\" content=\"SiS Go Energy Bake ir m\u012bksta k\u016bci\u0146a ar aug\u013cu pild\u012bjumu. Nodro\u0161ina 30g og\u013chidr\u0101tu, pild\u012bjums \u2013 10g fruktozes.\" \/>\n<meta property=\"og:url\" content=\"https:\/\/gohike.lv\/ru\/produkts\/science-in-sport-sis-go-energy-bake-ar-citronu-garsu-60g\/\" \/>\n<meta property=\"og:site_name\" content=\"GoHike\" \/>\n<meta property=\"article:publisher\" content=\"https:\/\/www.facebook.com\/gohike.shop\/\" \/>\n<meta property=\"article:modified_time\" content=\"2026-03-31T16:49:20+00:00\" \/>\n<meta property=\"og:image\" content=\"https:\/\/gohike.lv\/wp-content\/uploads\/2025\/03\/SiS-Energy-Bake-Lemon.jpg\" \/>\n\t<meta property=\"og:image:width\" content=\"600\" \/>\n\t<meta property=\"og:image:height\" content=\"600\" \/>\n\t<meta property=\"og:image:type\" content=\"image\/jpeg\" \/>\n<meta name=\"twitter:card\" content=\"summary_large_image\" \/>\n<meta name=\"twitter:title\" content=\"T\u016bristu p\u0101rtika - Science In Sport Ener\u0123ijas batoni\u0146\u0161 SiS Go Energy Banana Fudge 40g\" \/>\n<meta name=\"twitter:label1\" content=\"\u041f\u0440\u0438\u043c\u0435\u0440\u043d\u043e\u0435 \u0432\u0440\u0435\u043c\u044f \u0434\u043b\u044f \u0447\u0442\u0435\u043d\u0438\u044f\" \/>\n\t<meta name=\"twitter:data1\" content=\"1 \u043c\u0438\u043d\u0443\u0442\u0430\" \/>\n<script type=\"application\/ld+json\" class=\"yoast-schema-graph\">{\"@context\":\"https:\\\/\\\/schema.org\",\"@graph\":[{\"@type\":[\"WebPage\",\"ItemPage\"],\"@id\":\"https:\\\/\\\/gohike.lv\\\/ru\\\/produkts\\\/science-in-sport-sis-go-energy-bake-ar-citronu-garsu-60g\\\/\",\"url\":\"https:\\\/\\\/gohike.lv\\\/ru\\\/produkts\\\/science-in-sport-sis-go-energy-bake-ar-citronu-garsu-60g\\\/\",\"name\":\"Science In Sport - SiS Go Energy Bake ar citronu gar\u0161u 60g\",\"isPartOf\":{\"@id\":\"https:\\\/\\\/gohike.lv\\\/ru\\\/#website\"},\"primaryImageOfPage\":{\"@id\":\"https:\\\/\\\/gohike.lv\\\/ru\\\/produkts\\\/science-in-sport-sis-go-energy-bake-ar-citronu-garsu-60g\\\/#primaryimage\"},\"image\":{\"@id\":\"https:\\\/\\\/gohike.lv\\\/ru\\\/produkts\\\/science-in-sport-sis-go-energy-bake-ar-citronu-garsu-60g\\\/#primaryimage\"},\"thumbnailUrl\":\"https:\\\/\\\/gohike.lv\\\/wp-content\\\/uploads\\\/2025\\\/03\\\/SiS-Energy-Bake-Lemon.jpg\",\"datePublished\":\"2025-03-04T15:51:23+00:00\",\"dateModified\":\"2026-03-31T16:49:20+00:00\",\"description\":\"SiS Go Energy Bake ir m\u012bksta k\u016bci\u0146a ar aug\u013cu pild\u012bjumu. Nodro\u0161ina 30g og\u013chidr\u0101tu, pild\u012bjums \u2013 10g fruktozes.\",\"breadcrumb\":{\"@id\":\"https:\\\/\\\/gohike.lv\\\/ru\\\/produkts\\\/science-in-sport-sis-go-energy-bake-ar-citronu-garsu-60g\\\/#breadcrumb\"},\"inLanguage\":\"ru-RU\",\"potentialAction\":[{\"@type\":\"ReadAction\",\"target\":[\"https:\\\/\\\/gohike.lv\\\/ru\\\/produkts\\\/science-in-sport-sis-go-energy-bake-ar-citronu-garsu-60g\\\/\"]}]},{\"@type\":\"ImageObject\",\"inLanguage\":\"ru-RU\",\"@id\":\"https:\\\/\\\/gohike.lv\\\/ru\\\/produkts\\\/science-in-sport-sis-go-energy-bake-ar-citronu-garsu-60g\\\/#primaryimage\",\"url\":\"https:\\\/\\\/gohike.lv\\\/wp-content\\\/uploads\\\/2025\\\/03\\\/SiS-Energy-Bake-Lemon.jpg\",\"contentUrl\":\"https:\\\/\\\/gohike.lv\\\/wp-content\\\/uploads\\\/2025\\\/03\\\/SiS-Energy-Bake-Lemon.jpg\",\"width\":600,\"height\":600},{\"@type\":\"BreadcrumbList\",\"@id\":\"https:\\\/\\\/gohike.lv\\\/ru\\\/produkts\\\/science-in-sport-sis-go-energy-bake-ar-citronu-garsu-60g\\\/#breadcrumb\",\"itemListElement\":[{\"@type\":\"ListItem\",\"position\":1,\"name\":\"\u0413\u043b\u0430\u0432\u043d\u0430\u044f\",\"item\":\"https:\\\/\\\/gohike.lv\\\/ru\\\/\"},{\"@type\":\"ListItem\",\"position\":2,\"name\":\"\u041a\u0430\u0442\u0435\u0433\u043e\u0440\u0438\u0438 \u0442\u043e\u0432\u0430\u0440\u043e\u0432\",\"item\":\"https:\\\/\\\/gohike.lv\\\/%d0%ba%d0%b0%d1%82%d0%b5%d0%b3%d0%be%d1%80%d0%b8%d0%b8-%d1%82%d0%be%d0%b2%d0%b0%d1%80%d0%be%d0%b2\\\/\"},{\"@type\":\"ListItem\",\"position\":3,\"name\":\"Science In Sport &#8211; SiS Go Energy Bake ar citronu gar\u0161u 60g\"}]},{\"@type\":\"WebSite\",\"@id\":\"https:\\\/\\\/gohike.lv\\\/ru\\\/#website\",\"url\":\"https:\\\/\\\/gohike.lv\\\/ru\\\/\",\"name\":\"GoHike\",\"description\":\"\",\"publisher\":{\"@id\":\"https:\\\/\\\/gohike.lv\\\/ru\\\/#organization\"},\"potentialAction\":[{\"@type\":\"SearchAction\",\"target\":{\"@type\":\"EntryPoint\",\"urlTemplate\":\"https:\\\/\\\/gohike.lv\\\/ru\\\/?s={search_term_string}\"},\"query-input\":{\"@type\":\"PropertyValueSpecification\",\"valueRequired\":true,\"valueName\":\"search_term_string\"}}],\"inLanguage\":\"ru-RU\"},{\"@type\":\"Organization\",\"@id\":\"https:\\\/\\\/gohike.lv\\\/ru\\\/#organization\",\"name\":\"GoHike\",\"url\":\"https:\\\/\\\/gohike.lv\\\/ru\\\/\",\"logo\":{\"@type\":\"ImageObject\",\"inLanguage\":\"ru-RU\",\"@id\":\"https:\\\/\\\/gohike.lv\\\/ru\\\/#\\\/schema\\\/logo\\\/image\\\/\",\"url\":\"https:\\\/\\\/gohike.lv\\\/wp-content\\\/uploads\\\/2023\\\/08\\\/Logo_GoHike.webp\",\"contentUrl\":\"https:\\\/\\\/gohike.lv\\\/wp-content\\\/uploads\\\/2023\\\/08\\\/Logo_GoHike.webp\",\"width\":512,\"height\":512,\"caption\":\"GoHike\"},\"image\":{\"@id\":\"https:\\\/\\\/gohike.lv\\\/ru\\\/#\\\/schema\\\/logo\\\/image\\\/\"},\"sameAs\":[\"https:\\\/\\\/www.facebook.com\\\/gohike.shop\\\/\",\"https:\\\/\\\/www.instagram.com\\\/gohike.shop\\\/\"]}]}<\/script>\n<!-- \/ Yoast SEO plugin. -->","yoast_head_json":{"title":"Science In Sport - SiS Go Energy Bake ar citronu gar\u0161u 60g","description":"SiS Go Energy Bake ir m\u012bksta k\u016bci\u0146a ar aug\u013cu pild\u012bjumu. Nodro\u0161ina 30g og\u013chidr\u0101tu, pild\u012bjums \u2013 10g fruktozes.","robots":{"index":"index","follow":"follow","max-snippet":"max-snippet:-1","max-image-preview":"max-image-preview:large","max-video-preview":"max-video-preview:-1"},"canonical":"https:\/\/gohike.lv\/ru\/produkts\/science-in-sport-sis-go-energy-bake-ar-citronu-garsu-60g\/","og_locale":"ru_RU","og_type":"article","og_title":"T\u016bristu p\u0101rtika - Science In Sport Ener\u0123ijas batoni\u0146\u0161 SiS Go Energy Banana Fudge 40g","og_description":"SiS Go Energy Bake ir m\u012bksta k\u016bci\u0146a ar aug\u013cu pild\u012bjumu. Nodro\u0161ina 30g og\u013chidr\u0101tu, pild\u012bjums \u2013 10g fruktozes.","og_url":"https:\/\/gohike.lv\/ru\/produkts\/science-in-sport-sis-go-energy-bake-ar-citronu-garsu-60g\/","og_site_name":"GoHike","article_publisher":"https:\/\/www.facebook.com\/gohike.shop\/","article_modified_time":"2026-03-31T16:49:20+00:00","og_image":[{"width":600,"height":600,"url":"https:\/\/gohike.lv\/wp-content\/uploads\/2025\/03\/SiS-Energy-Bake-Lemon.jpg","type":"image\/jpeg"}],"twitter_card":"summary_large_image","twitter_title":"T\u016bristu p\u0101rtika - Science In Sport Ener\u0123ijas batoni\u0146\u0161 SiS Go Energy Banana Fudge 40g","twitter_misc":{"\u041f\u0440\u0438\u043c\u0435\u0440\u043d\u043e\u0435 \u0432\u0440\u0435\u043c\u044f \u0434\u043b\u044f \u0447\u0442\u0435\u043d\u0438\u044f":"1 \u043c\u0438\u043d\u0443\u0442\u0430"},"schema":{"@context":"https:\/\/schema.org","@graph":[{"@type":["WebPage","ItemPage"],"@id":"https:\/\/gohike.lv\/ru\/produkts\/science-in-sport-sis-go-energy-bake-ar-citronu-garsu-60g\/","url":"https:\/\/gohike.lv\/ru\/produkts\/science-in-sport-sis-go-energy-bake-ar-citronu-garsu-60g\/","name":"Science In Sport - SiS Go Energy Bake ar citronu gar\u0161u 60g","isPartOf":{"@id":"https:\/\/gohike.lv\/ru\/#website"},"primaryImageOfPage":{"@id":"https:\/\/gohike.lv\/ru\/produkts\/science-in-sport-sis-go-energy-bake-ar-citronu-garsu-60g\/#primaryimage"},"image":{"@id":"https:\/\/gohike.lv\/ru\/produkts\/science-in-sport-sis-go-energy-bake-ar-citronu-garsu-60g\/#primaryimage"},"thumbnailUrl":"https:\/\/gohike.lv\/wp-content\/uploads\/2025\/03\/SiS-Energy-Bake-Lemon.jpg","datePublished":"2025-03-04T15:51:23+00:00","dateModified":"2026-03-31T16:49:20+00:00","description":"SiS Go Energy Bake ir m\u012bksta k\u016bci\u0146a ar aug\u013cu pild\u012bjumu. Nodro\u0161ina 30g og\u013chidr\u0101tu, pild\u012bjums \u2013 10g fruktozes.","breadcrumb":{"@id":"https:\/\/gohike.lv\/ru\/produkts\/science-in-sport-sis-go-energy-bake-ar-citronu-garsu-60g\/#breadcrumb"},"inLanguage":"ru-RU","potentialAction":[{"@type":"ReadAction","target":["https:\/\/gohike.lv\/ru\/produkts\/science-in-sport-sis-go-energy-bake-ar-citronu-garsu-60g\/"]}]},{"@type":"ImageObject","inLanguage":"ru-RU","@id":"https:\/\/gohike.lv\/ru\/produkts\/science-in-sport-sis-go-energy-bake-ar-citronu-garsu-60g\/#primaryimage","url":"https:\/\/gohike.lv\/wp-content\/uploads\/2025\/03\/SiS-Energy-Bake-Lemon.jpg","contentUrl":"https:\/\/gohike.lv\/wp-content\/uploads\/2025\/03\/SiS-Energy-Bake-Lemon.jpg","width":600,"height":600},{"@type":"BreadcrumbList","@id":"https:\/\/gohike.lv\/ru\/produkts\/science-in-sport-sis-go-energy-bake-ar-citronu-garsu-60g\/#breadcrumb","itemListElement":[{"@type":"ListItem","position":1,"name":"\u0413\u043b\u0430\u0432\u043d\u0430\u044f","item":"https:\/\/gohike.lv\/ru\/"},{"@type":"ListItem","position":2,"name":"\u041a\u0430\u0442\u0435\u0433\u043e\u0440\u0438\u0438 \u0442\u043e\u0432\u0430\u0440\u043e\u0432","item":"https:\/\/gohike.lv\/%d0%ba%d0%b0%d1%82%d0%b5%d0%b3%d0%be%d1%80%d0%b8%d0%b8-%d1%82%d0%be%d0%b2%d0%b0%d1%80%d0%be%d0%b2\/"},{"@type":"ListItem","position":3,"name":"Science In Sport &#8211; SiS Go Energy Bake ar citronu gar\u0161u 60g"}]},{"@type":"WebSite","@id":"https:\/\/gohike.lv\/ru\/#website","url":"https:\/\/gohike.lv\/ru\/","name":"GoHike","description":"","publisher":{"@id":"https:\/\/gohike.lv\/ru\/#organization"},"potentialAction":[{"@type":"SearchAction","target":{"@type":"EntryPoint","urlTemplate":"https:\/\/gohike.lv\/ru\/?s={search_term_string}"},"query-input":{"@type":"PropertyValueSpecification","valueRequired":true,"valueName":"search_term_string"}}],"inLanguage":"ru-RU"},{"@type":"Organization","@id":"https:\/\/gohike.lv\/ru\/#organization","name":"GoHike","url":"https:\/\/gohike.lv\/ru\/","logo":{"@type":"ImageObject","inLanguage":"ru-RU","@id":"https:\/\/gohike.lv\/ru\/#\/schema\/logo\/image\/","url":"https:\/\/gohike.lv\/wp-content\/uploads\/2023\/08\/Logo_GoHike.webp","contentUrl":"https:\/\/gohike.lv\/wp-content\/uploads\/2023\/08\/Logo_GoHike.webp","width":512,"height":512,"caption":"GoHike"},"image":{"@id":"https:\/\/gohike.lv\/ru\/#\/schema\/logo\/image\/"},"sameAs":["https:\/\/www.facebook.com\/gohike.shop\/","https:\/\/www.instagram.com\/gohike.shop\/"]}]}},"jetpack_sharing_enabled":true,"_links":{"self":[{"href":"https:\/\/gohike.lv\/ru\/wp-json\/wp\/v2\/product\/73141","targetHints":{"allow":["GET"]}}],"collection":[{"href":"https:\/\/gohike.lv\/ru\/wp-json\/wp\/v2\/product"}],"about":[{"href":"https:\/\/gohike.lv\/ru\/wp-json\/wp\/v2\/types\/product"}],"version-history":[{"count":2,"href":"https:\/\/gohike.lv\/ru\/wp-json\/wp\/v2\/product\/73141\/revisions"}],"predecessor-version":[{"id":119431,"href":"https:\/\/gohike.lv\/ru\/wp-json\/wp\/v2\/product\/73141\/revisions\/119431"}],"wp:featuredmedia":[{"embeddable":true,"href":"https:\/\/gohike.lv\/ru\/wp-json\/wp\/v2\/media\/73143"}],"wp:attachment":[{"href":"https:\/\/gohike.lv\/ru\/wp-json\/wp\/v2\/media?parent=73141"}],"wp:term":[{"taxonomy":"product_brand","embeddable":true,"href":"https:\/\/gohike.lv\/ru\/wp-json\/wp\/v2\/product_brand?post=73141"},{"taxonomy":"product_cat","embeddable":true,"href":"https:\/\/gohike.lv\/ru\/wp-json\/wp\/v2\/product_cat?post=73141"},{"taxonomy":"product_tag","embeddable":true,"href":"https:\/\/gohike.lv\/ru\/wp-json\/wp\/v2\/product_tag?post=73141"}],"curies":[{"name":"wp","href":"https:\/\/api.w.org\/{rel}","templated":true}]}}