{"id":66711,"date":"2025-03-05T12:30:22","date_gmt":"2025-03-05T09:30:22","guid":{"rendered":"https:\/\/gohike.lv\/produkts\/lifeventure-dry-wash-mazgasanas-zeleja-100-ml\/"},"modified":"2025-12-30T17:09:52","modified_gmt":"2025-12-30T14:09:52","slug":"lifeventure-dry-wash-mazgasanas-zeleja-100-ml","status":"publish","type":"product","link":"https:\/\/gohike.lv\/ru\/produkts\/lifeventure-dry-wash-mazgasanas-zeleja-100-ml\/","title":{"rendered":"Lifeventure &#8212; Dry Wash mazg\u0101\u0161anas \u017eeleja, 100 ml"},"content":{"rendered":"<p>\u0100tri nomazg\u0101jiet rokas bez \u016bdens, izmantojot \u0161o maigo, bet efekt\u012bvo antibakteri\u0101lo \u017eeleju. Dry Wash ir ar l\u012bdzsvarotu pH l\u012bmeni, t\u0101p\u0113c tas nesausina \u0101du, k\u0101 ar\u012b ir piln\u012bb\u0101 biolo\u0123iski no\u0101rd\u0101ms, padarot to dro\u0161u videi.<br \/>\nFunkcijas:<br \/>\n\u2022 Mazg\u0101jiet rokas bez \u016bdens;<br \/>\n\u2022 Antibakteri\u0101la formula;<br \/>\n\u2022 Biolo\u0123iski no\u0101rd\u0101ms un ar l\u012bdzsvarotu pH l\u012bmeni;<br \/>\n\u2022 Etanola (spirta) saturs \u2014 70%.<br \/>\nTehniskie parametri:<br \/>\nSvars: 125 g;<br \/>\nTilpums: 100 ml;<br \/>\nIzm\u0113ri: 60 x 30 x 110 mm.<\/p>\n","protected":false},"excerpt":{"rendered":"<p>Dry Wash &#8212; antibakteri\u0101ls gels roku mazg\u0101\u0161anai bez \u016bdens. Maigi t\u012bra, nesausina \u0101du un ir piln\u012bb\u0101 biolo\u0123iski no\u0101rd\u0101ms.<\/p>\n","protected":false},"featured_media":66561,"template":"","meta":[],"product_brand":[1308],"product_cat":[1380],"product_tag":[],"class_list":{"0":"post-66711","1":"product","2":"type-product","3":"status-publish","4":"has-post-thumbnail","6":"product_brand-lifeventure-lv","7":"product_cat-higiena","8":"pa_izmerscm-10512","9":"pa_produkta-tips-personiga-aprupe","10":"pa_tilpums-100ml","12":"first","13":"instock","14":"taxable","15":"shipping-taxable","16":"purchasable","17":"product-type-simple"},"raw_content":{"name":"Lifeventure - Dry Wash mazg\u0101\u0161anas \u017eeleja, 100 ml","description":"\u0100tri nomazg\u0101jiet rokas bez \u016bdens, izmantojot \u0161o maigo, bet efekt\u012bvo antibakteri\u0101lo \u017eeleju. Dry Wash ir ar l\u012bdzsvarotu pH l\u012bmeni, t\u0101p\u0113c tas nesausina \u0101du, k\u0101 ar\u012b ir piln\u012bb\u0101 biolo\u0123iski no\u0101rd\u0101ms, padarot to dro\u0161u videi.\nFunkcijas:\n\u2022 Mazg\u0101jiet rokas bez \u016bdens;\n\u2022 Antibakteri\u0101la formula;\n\u2022 Biolo\u0123iski no\u0101rd\u0101ms un ar l\u012bdzsvarotu pH l\u012bmeni;\n\u2022 Etanola (spirta) saturs \u2014 70%.\nTehniskie parametri:\nSvars: 125 g;\nTilpums: 100 ml;\nIzm\u0113ri: 60 x 30 x 110 mm.","short_description":"Dry Wash - antibakteri\u0101ls gels roku mazg\u0101\u0161anai bez \u016bdens. Maigi t\u012bra, nesausina \u0101du un ir piln\u012bb\u0101 biolo\u0123iski no\u0101rd\u0101ms.","status":"publish","sku":"5031863620307","original":66711},"wpml":{"translation_type":1,"has_translations":true,"original":66711,"duplicates":[],"translations":{"lv":66711,"en":66922,"ru":null}},"supplier_id":null,"supplier_sku":"","barcode":null,"atum_controlled":true,"out_stock_date":null,"out_stock_threshold":null,"inheritable":false,"inbound_stock":0,"stock_on_hold":0,"sold_today":0,"sales_last_days":0,"reserved_stock":0,"customer_returns":0,"warehouse_damage":0,"lost_in_post":0,"other_logs":0,"out_stock_days":0,"lost_sales":0,"has_location":false,"update_date":"2025-12-30T14:13:25","atum_locations":[],"atum_stock_status":"instock","restock_status":false,"low_stock_amount":"","sales_update_date":"2025-11-13T14:07:57","calc_backorders":null,"yoast_head":"<!-- This site is optimized with the Yoast SEO plugin v27.3 - https:\/\/yoast.com\/product\/yoast-seo-wordpress\/ -->\n<title>Lifeventure - Dry Wash mazg\u0101\u0161anas \u017eeleja, 100 ml<\/title>\n<meta name=\"description\" content=\"Dry Wash - antibakteri\u0101ls gels roku mazg\u0101\u0161anai bez \u016bdens. Maigi t\u012bra, nesausina \u0101du un ir piln\u012bb\u0101 biolo\u0123iski no\u0101rd\u0101ms.\" \/>\n<meta name=\"robots\" content=\"index, follow, max-snippet:-1, max-image-preview:large, max-video-preview:-1\" \/>\n<link rel=\"canonical\" href=\"https:\/\/gohike.lv\/ru\/produkts\/lifeventure-dry-wash-mazgasanas-zeleja-100-ml\/\" \/>\n<meta property=\"og:locale\" content=\"ru_RU\" \/>\n<meta property=\"og:type\" content=\"article\" \/>\n<meta property=\"og:title\" content=\"Lifeventure - Dry Wash mazg\u0101\u0161anas \u017eeleja, 100 ml\" \/>\n<meta property=\"og:description\" content=\"Dry Wash - antibakteri\u0101ls gels roku mazg\u0101\u0161anai bez \u016bdens. Maigi t\u012bra, nesausina \u0101du un ir piln\u012bb\u0101 biolo\u0123iski no\u0101rd\u0101ms.\" \/>\n<meta property=\"og:url\" content=\"https:\/\/gohike.lv\/ru\/produkts\/lifeventure-dry-wash-mazgasanas-zeleja-100-ml\/\" \/>\n<meta property=\"og:site_name\" content=\"GoHike\" \/>\n<meta property=\"article:publisher\" content=\"https:\/\/www.facebook.com\/gohike.shop\/\" \/>\n<meta property=\"article:modified_time\" content=\"2025-12-30T14:09:52+00:00\" \/>\n<meta property=\"og:image\" content=\"https:\/\/gohike.lv\/wp-content\/uploads\/2025\/02\/DryWash_.webp\" \/>\n\t<meta property=\"og:image:width\" content=\"900\" \/>\n\t<meta property=\"og:image:height\" content=\"900\" \/>\n\t<meta property=\"og:image:type\" content=\"image\/webp\" \/>\n<meta name=\"twitter:card\" content=\"summary_large_image\" \/>\n<meta name=\"twitter:title\" content=\"Lifeventure - Dry Wash mazg\u0101\u0161anas \u017eeleja, 100 ml\" \/>\n<meta name=\"twitter:label1\" content=\"\u041f\u0440\u0438\u043c\u0435\u0440\u043d\u043e\u0435 \u0432\u0440\u0435\u043c\u044f \u0434\u043b\u044f \u0447\u0442\u0435\u043d\u0438\u044f\" \/>\n\t<meta name=\"twitter:data1\" content=\"1 \u043c\u0438\u043d\u0443\u0442\u0430\" \/>\n<script type=\"application\/ld+json\" class=\"yoast-schema-graph\">{\"@context\":\"https:\\\/\\\/schema.org\",\"@graph\":[{\"@type\":[\"WebPage\",\"ItemPage\"],\"@id\":\"https:\\\/\\\/gohike.lv\\\/ru\\\/produkts\\\/lifeventure-dry-wash-mazgasanas-zeleja-100-ml\\\/\",\"url\":\"https:\\\/\\\/gohike.lv\\\/ru\\\/produkts\\\/lifeventure-dry-wash-mazgasanas-zeleja-100-ml\\\/\",\"name\":\"Lifeventure - Dry Wash mazg\u0101\u0161anas \u017eeleja, 100 ml\",\"isPartOf\":{\"@id\":\"https:\\\/\\\/gohike.lv\\\/ru\\\/#website\"},\"primaryImageOfPage\":{\"@id\":\"https:\\\/\\\/gohike.lv\\\/ru\\\/produkts\\\/lifeventure-dry-wash-mazgasanas-zeleja-100-ml\\\/#primaryimage\"},\"image\":{\"@id\":\"https:\\\/\\\/gohike.lv\\\/ru\\\/produkts\\\/lifeventure-dry-wash-mazgasanas-zeleja-100-ml\\\/#primaryimage\"},\"thumbnailUrl\":\"https:\\\/\\\/gohike.lv\\\/wp-content\\\/uploads\\\/2025\\\/02\\\/DryWash_.webp\",\"datePublished\":\"2025-03-05T09:30:22+00:00\",\"dateModified\":\"2025-12-30T14:09:52+00:00\",\"description\":\"Dry Wash - antibakteri\u0101ls gels roku mazg\u0101\u0161anai bez \u016bdens. Maigi t\u012bra, nesausina \u0101du un ir piln\u012bb\u0101 biolo\u0123iski no\u0101rd\u0101ms.\",\"breadcrumb\":{\"@id\":\"https:\\\/\\\/gohike.lv\\\/ru\\\/produkts\\\/lifeventure-dry-wash-mazgasanas-zeleja-100-ml\\\/#breadcrumb\"},\"inLanguage\":\"ru-RU\",\"potentialAction\":[{\"@type\":\"ReadAction\",\"target\":[\"https:\\\/\\\/gohike.lv\\\/ru\\\/produkts\\\/lifeventure-dry-wash-mazgasanas-zeleja-100-ml\\\/\"]}]},{\"@type\":\"ImageObject\",\"inLanguage\":\"ru-RU\",\"@id\":\"https:\\\/\\\/gohike.lv\\\/ru\\\/produkts\\\/lifeventure-dry-wash-mazgasanas-zeleja-100-ml\\\/#primaryimage\",\"url\":\"https:\\\/\\\/gohike.lv\\\/wp-content\\\/uploads\\\/2025\\\/02\\\/DryWash_.webp\",\"contentUrl\":\"https:\\\/\\\/gohike.lv\\\/wp-content\\\/uploads\\\/2025\\\/02\\\/DryWash_.webp\",\"width\":900,\"height\":900},{\"@type\":\"BreadcrumbList\",\"@id\":\"https:\\\/\\\/gohike.lv\\\/ru\\\/produkts\\\/lifeventure-dry-wash-mazgasanas-zeleja-100-ml\\\/#breadcrumb\",\"itemListElement\":[{\"@type\":\"ListItem\",\"position\":1,\"name\":\"\u0413\u043b\u0430\u0432\u043d\u0430\u044f\",\"item\":\"https:\\\/\\\/gohike.lv\\\/ru\\\/\"},{\"@type\":\"ListItem\",\"position\":2,\"name\":\"\u041a\u0430\u0442\u0435\u0433\u043e\u0440\u0438\u0438 \u0442\u043e\u0432\u0430\u0440\u043e\u0432\",\"item\":\"https:\\\/\\\/gohike.lv\\\/%d0%ba%d0%b0%d1%82%d0%b5%d0%b3%d0%be%d1%80%d0%b8%d0%b8-%d1%82%d0%be%d0%b2%d0%b0%d1%80%d0%be%d0%b2\\\/\"},{\"@type\":\"ListItem\",\"position\":3,\"name\":\"Lifeventure &#8211; Dry Wash mazg\u0101\u0161anas \u017eeleja, 100 ml\"}]},{\"@type\":\"WebSite\",\"@id\":\"https:\\\/\\\/gohike.lv\\\/ru\\\/#website\",\"url\":\"https:\\\/\\\/gohike.lv\\\/ru\\\/\",\"name\":\"GoHike\",\"description\":\"\",\"publisher\":{\"@id\":\"https:\\\/\\\/gohike.lv\\\/ru\\\/#organization\"},\"potentialAction\":[{\"@type\":\"SearchAction\",\"target\":{\"@type\":\"EntryPoint\",\"urlTemplate\":\"https:\\\/\\\/gohike.lv\\\/ru\\\/?s={search_term_string}\"},\"query-input\":{\"@type\":\"PropertyValueSpecification\",\"valueRequired\":true,\"valueName\":\"search_term_string\"}}],\"inLanguage\":\"ru-RU\"},{\"@type\":\"Organization\",\"@id\":\"https:\\\/\\\/gohike.lv\\\/ru\\\/#organization\",\"name\":\"GoHike\",\"url\":\"https:\\\/\\\/gohike.lv\\\/ru\\\/\",\"logo\":{\"@type\":\"ImageObject\",\"inLanguage\":\"ru-RU\",\"@id\":\"https:\\\/\\\/gohike.lv\\\/ru\\\/#\\\/schema\\\/logo\\\/image\\\/\",\"url\":\"https:\\\/\\\/gohike.lv\\\/wp-content\\\/uploads\\\/2023\\\/08\\\/Logo_GoHike.webp\",\"contentUrl\":\"https:\\\/\\\/gohike.lv\\\/wp-content\\\/uploads\\\/2023\\\/08\\\/Logo_GoHike.webp\",\"width\":512,\"height\":512,\"caption\":\"GoHike\"},\"image\":{\"@id\":\"https:\\\/\\\/gohike.lv\\\/ru\\\/#\\\/schema\\\/logo\\\/image\\\/\"},\"sameAs\":[\"https:\\\/\\\/www.facebook.com\\\/gohike.shop\\\/\",\"https:\\\/\\\/www.instagram.com\\\/gohike.shop\\\/\"]}]}<\/script>\n<!-- \/ Yoast SEO plugin. -->","yoast_head_json":{"title":"Lifeventure - Dry Wash mazg\u0101\u0161anas \u017eeleja, 100 ml","description":"Dry Wash - antibakteri\u0101ls gels roku mazg\u0101\u0161anai bez \u016bdens. Maigi t\u012bra, nesausina \u0101du un ir piln\u012bb\u0101 biolo\u0123iski no\u0101rd\u0101ms.","robots":{"index":"index","follow":"follow","max-snippet":"max-snippet:-1","max-image-preview":"max-image-preview:large","max-video-preview":"max-video-preview:-1"},"canonical":"https:\/\/gohike.lv\/ru\/produkts\/lifeventure-dry-wash-mazgasanas-zeleja-100-ml\/","og_locale":"ru_RU","og_type":"article","og_title":"Lifeventure - Dry Wash mazg\u0101\u0161anas \u017eeleja, 100 ml","og_description":"Dry Wash - antibakteri\u0101ls gels roku mazg\u0101\u0161anai bez \u016bdens. Maigi t\u012bra, nesausina \u0101du un ir piln\u012bb\u0101 biolo\u0123iski no\u0101rd\u0101ms.","og_url":"https:\/\/gohike.lv\/ru\/produkts\/lifeventure-dry-wash-mazgasanas-zeleja-100-ml\/","og_site_name":"GoHike","article_publisher":"https:\/\/www.facebook.com\/gohike.shop\/","article_modified_time":"2025-12-30T14:09:52+00:00","og_image":[{"width":900,"height":900,"url":"https:\/\/gohike.lv\/wp-content\/uploads\/2025\/02\/DryWash_.webp","type":"image\/webp"}],"twitter_card":"summary_large_image","twitter_title":"Lifeventure - Dry Wash mazg\u0101\u0161anas \u017eeleja, 100 ml","twitter_misc":{"\u041f\u0440\u0438\u043c\u0435\u0440\u043d\u043e\u0435 \u0432\u0440\u0435\u043c\u044f \u0434\u043b\u044f \u0447\u0442\u0435\u043d\u0438\u044f":"1 \u043c\u0438\u043d\u0443\u0442\u0430"},"schema":{"@context":"https:\/\/schema.org","@graph":[{"@type":["WebPage","ItemPage"],"@id":"https:\/\/gohike.lv\/ru\/produkts\/lifeventure-dry-wash-mazgasanas-zeleja-100-ml\/","url":"https:\/\/gohike.lv\/ru\/produkts\/lifeventure-dry-wash-mazgasanas-zeleja-100-ml\/","name":"Lifeventure - Dry Wash mazg\u0101\u0161anas \u017eeleja, 100 ml","isPartOf":{"@id":"https:\/\/gohike.lv\/ru\/#website"},"primaryImageOfPage":{"@id":"https:\/\/gohike.lv\/ru\/produkts\/lifeventure-dry-wash-mazgasanas-zeleja-100-ml\/#primaryimage"},"image":{"@id":"https:\/\/gohike.lv\/ru\/produkts\/lifeventure-dry-wash-mazgasanas-zeleja-100-ml\/#primaryimage"},"thumbnailUrl":"https:\/\/gohike.lv\/wp-content\/uploads\/2025\/02\/DryWash_.webp","datePublished":"2025-03-05T09:30:22+00:00","dateModified":"2025-12-30T14:09:52+00:00","description":"Dry Wash - antibakteri\u0101ls gels roku mazg\u0101\u0161anai bez \u016bdens. Maigi t\u012bra, nesausina \u0101du un ir piln\u012bb\u0101 biolo\u0123iski no\u0101rd\u0101ms.","breadcrumb":{"@id":"https:\/\/gohike.lv\/ru\/produkts\/lifeventure-dry-wash-mazgasanas-zeleja-100-ml\/#breadcrumb"},"inLanguage":"ru-RU","potentialAction":[{"@type":"ReadAction","target":["https:\/\/gohike.lv\/ru\/produkts\/lifeventure-dry-wash-mazgasanas-zeleja-100-ml\/"]}]},{"@type":"ImageObject","inLanguage":"ru-RU","@id":"https:\/\/gohike.lv\/ru\/produkts\/lifeventure-dry-wash-mazgasanas-zeleja-100-ml\/#primaryimage","url":"https:\/\/gohike.lv\/wp-content\/uploads\/2025\/02\/DryWash_.webp","contentUrl":"https:\/\/gohike.lv\/wp-content\/uploads\/2025\/02\/DryWash_.webp","width":900,"height":900},{"@type":"BreadcrumbList","@id":"https:\/\/gohike.lv\/ru\/produkts\/lifeventure-dry-wash-mazgasanas-zeleja-100-ml\/#breadcrumb","itemListElement":[{"@type":"ListItem","position":1,"name":"\u0413\u043b\u0430\u0432\u043d\u0430\u044f","item":"https:\/\/gohike.lv\/ru\/"},{"@type":"ListItem","position":2,"name":"\u041a\u0430\u0442\u0435\u0433\u043e\u0440\u0438\u0438 \u0442\u043e\u0432\u0430\u0440\u043e\u0432","item":"https:\/\/gohike.lv\/%d0%ba%d0%b0%d1%82%d0%b5%d0%b3%d0%be%d1%80%d0%b8%d0%b8-%d1%82%d0%be%d0%b2%d0%b0%d1%80%d0%be%d0%b2\/"},{"@type":"ListItem","position":3,"name":"Lifeventure &#8211; Dry Wash mazg\u0101\u0161anas \u017eeleja, 100 ml"}]},{"@type":"WebSite","@id":"https:\/\/gohike.lv\/ru\/#website","url":"https:\/\/gohike.lv\/ru\/","name":"GoHike","description":"","publisher":{"@id":"https:\/\/gohike.lv\/ru\/#organization"},"potentialAction":[{"@type":"SearchAction","target":{"@type":"EntryPoint","urlTemplate":"https:\/\/gohike.lv\/ru\/?s={search_term_string}"},"query-input":{"@type":"PropertyValueSpecification","valueRequired":true,"valueName":"search_term_string"}}],"inLanguage":"ru-RU"},{"@type":"Organization","@id":"https:\/\/gohike.lv\/ru\/#organization","name":"GoHike","url":"https:\/\/gohike.lv\/ru\/","logo":{"@type":"ImageObject","inLanguage":"ru-RU","@id":"https:\/\/gohike.lv\/ru\/#\/schema\/logo\/image\/","url":"https:\/\/gohike.lv\/wp-content\/uploads\/2023\/08\/Logo_GoHike.webp","contentUrl":"https:\/\/gohike.lv\/wp-content\/uploads\/2023\/08\/Logo_GoHike.webp","width":512,"height":512,"caption":"GoHike"},"image":{"@id":"https:\/\/gohike.lv\/ru\/#\/schema\/logo\/image\/"},"sameAs":["https:\/\/www.facebook.com\/gohike.shop\/","https:\/\/www.instagram.com\/gohike.shop\/"]}]}},"jetpack_sharing_enabled":true,"_links":{"self":[{"href":"https:\/\/gohike.lv\/ru\/wp-json\/wp\/v2\/product\/66711","targetHints":{"allow":["GET"]}}],"collection":[{"href":"https:\/\/gohike.lv\/ru\/wp-json\/wp\/v2\/product"}],"about":[{"href":"https:\/\/gohike.lv\/ru\/wp-json\/wp\/v2\/types\/product"}],"version-history":[{"count":0,"href":"https:\/\/gohike.lv\/ru\/wp-json\/wp\/v2\/product\/66711\/revisions"}],"wp:featuredmedia":[{"embeddable":true,"href":"https:\/\/gohike.lv\/ru\/wp-json\/wp\/v2\/media\/66561"}],"wp:attachment":[{"href":"https:\/\/gohike.lv\/ru\/wp-json\/wp\/v2\/media?parent=66711"}],"wp:term":[{"taxonomy":"product_brand","embeddable":true,"href":"https:\/\/gohike.lv\/ru\/wp-json\/wp\/v2\/product_brand?post=66711"},{"taxonomy":"product_cat","embeddable":true,"href":"https:\/\/gohike.lv\/ru\/wp-json\/wp\/v2\/product_cat?post=66711"},{"taxonomy":"product_tag","embeddable":true,"href":"https:\/\/gohike.lv\/ru\/wp-json\/wp\/v2\/product_tag?post=66711"}],"curies":[{"name":"wp","href":"https:\/\/api.w.org\/{rel}","templated":true}]}}