{"id":66709,"date":"2025-03-05T12:30:15","date_gmt":"2025-03-05T09:30:15","guid":{"rendered":"https:\/\/gohike.lv\/produkts\/lifeventure-celojumu-velas-aukla\/"},"modified":"2025-12-30T17:24:24","modified_gmt":"2025-12-30T14:24:24","slug":"lifeventure-celojumu-velas-aukla","status":"publish","type":"product","link":"https:\/\/gohike.lv\/ru\/produkts\/lifeventure-celojumu-velas-aukla\/","title":{"rendered":"Lifeventure &#8212; Ce\u013cojumu ve\u013cas aukla"},"content":{"rendered":"<p>Ce\u013cojumu ve\u013cas aukla ir ide\u0101ls risin\u0101jums, lai iz\u017e\u0101v\u0113tu dr\u0113bes, neizmantojot ve\u013cas kna\u0123us. Aukla ir sav\u012bta, \u013caujot dr\u0113bes un dvie\u013cus nostiprin\u0101t bez kna\u0123iem. Auklai abos galos ir gan \u0101\u0137i, gan pies\u016bcek\u0146i, t\u0101p\u0113c to var piestiprin\u0101t pie balkoniem, kokiem vai jebkura cita stiprin\u0101juma. T\u0101 n\u0101k komplekt\u0101 ar kompaktu p\u0101rn\u0113s\u0101\u0161anas maisi\u0146u.<br \/>\n\u012apa\u0161\u012bbas:<br \/>\n\u2022 kompakta, elast\u012bga aukla;<br \/>\n\u2022 \u0101\u0137i un pies\u016bcek\u0146i galos;<br \/>\n\u2022 iek\u013cauts kompakts p\u0101rn\u0113s\u0101\u0161anas maisi\u0146\u0161.<br \/>\nTehniskie dati:<br \/>\nSvars: 41 g;<br \/>\nIzm\u0113ri: 122 cm (neizstiepta).<\/p>\n","protected":false},"excerpt":{"rendered":"<p>Elast\u012bga, v\u012bta ve\u013cas aukla ar \u0101\u0137iem un pies\u016bcek\u0146iem, ide\u0101la dr\u0113bju \u017e\u0101v\u0113\u0161anai ce\u013cojuma laik\u0101.<\/p>\n","protected":false},"featured_media":66557,"template":"","meta":[],"product_brand":[1308],"product_cat":[4140],"product_tag":[],"class_list":{"0":"post-66709","1":"product","2":"type-product","3":"status-publish","4":"has-post-thumbnail","6":"product_brand-lifeventure-lv","7":"product_cat-noderigas-lietas","8":"pa_izmerscm-10511","10":"first","11":"instock","12":"taxable","13":"shipping-taxable","14":"purchasable","15":"product-type-simple"},"raw_content":{"name":"Lifeventure - Ce\u013cojumu ve\u013cas aukla","description":"Ce\u013cojumu ve\u013cas aukla ir ide\u0101ls risin\u0101jums, lai iz\u017e\u0101v\u0113tu dr\u0113bes, neizmantojot ve\u013cas kna\u0123us. Aukla ir sav\u012bta, \u013caujot dr\u0113bes un dvie\u013cus nostiprin\u0101t bez kna\u0123iem. Auklai abos galos ir gan \u0101\u0137i, gan pies\u016bcek\u0146i, t\u0101p\u0113c to var piestiprin\u0101t pie balkoniem, kokiem vai jebkura cita stiprin\u0101juma. T\u0101 n\u0101k komplekt\u0101 ar kompaktu p\u0101rn\u0113s\u0101\u0161anas maisi\u0146u.\n\u012apa\u0161\u012bbas:\n\u2022 kompakta, elast\u012bga aukla;\n\u2022 \u0101\u0137i un pies\u016bcek\u0146i galos;\n\u2022 iek\u013cauts kompakts p\u0101rn\u0113s\u0101\u0161anas maisi\u0146\u0161.\nTehniskie dati:\nSvars: 41 g;\nIzm\u0113ri: 122 cm (neizstiepta).","short_description":"Elast\u012bga, v\u012bta ve\u013cas aukla ar \u0101\u0137iem un pies\u016bcek\u0146iem, ide\u0101la dr\u0113bju \u017e\u0101v\u0113\u0161anai ce\u013cojuma laik\u0101.","status":"publish","sku":"5031863641203","original":66709},"wpml":{"translation_type":1,"has_translations":true,"original":66709,"duplicates":[],"translations":{"lv":66709,"en":66916,"ru":null}},"supplier_id":null,"supplier_sku":"","barcode":null,"atum_controlled":true,"out_stock_date":null,"out_stock_threshold":null,"inheritable":false,"inbound_stock":0,"stock_on_hold":0,"sold_today":0,"sales_last_days":0,"reserved_stock":0,"customer_returns":0,"warehouse_damage":0,"lost_in_post":0,"other_logs":0,"out_stock_days":0,"lost_sales":0,"has_location":false,"update_date":"2025-12-30T14:30:29","atum_locations":[],"atum_stock_status":"instock","restock_status":false,"low_stock_amount":"","sales_update_date":"2025-11-13T14:08:24","calc_backorders":null,"yoast_head":"<!-- This site is optimized with the Yoast SEO plugin v27.3 - https:\/\/yoast.com\/product\/yoast-seo-wordpress\/ -->\n<title>Lifeventure - Ce\u013cojumu ve\u013cas aukla<\/title>\n<meta name=\"description\" content=\"Elast\u012bga, v\u012bta ve\u013cas aukla ar \u0101\u0137iem un pies\u016bcek\u0146iem, ide\u0101la dr\u0113bju \u017e\u0101v\u0113\u0161anai ce\u013cojuma laik\u0101.\" \/>\n<meta name=\"robots\" content=\"index, follow, max-snippet:-1, max-image-preview:large, max-video-preview:-1\" \/>\n<link rel=\"canonical\" href=\"https:\/\/gohike.lv\/ru\/produkts\/lifeventure-celojumu-velas-aukla\/\" \/>\n<meta property=\"og:locale\" content=\"ru_RU\" \/>\n<meta property=\"og:type\" content=\"article\" \/>\n<meta property=\"og:title\" content=\"Lifeventure - Ce\u013cojumu ve\u013cas aukla\" \/>\n<meta property=\"og:description\" content=\"Elast\u012bga, v\u012bta ve\u013cas aukla ar \u0101\u0137iem un pies\u016bcek\u0146iem, ide\u0101la dr\u0113bju \u017e\u0101v\u0113\u0161anai ce\u013cojuma laik\u0101.\" \/>\n<meta property=\"og:url\" content=\"https:\/\/gohike.lv\/ru\/produkts\/lifeventure-celojumu-velas-aukla\/\" \/>\n<meta property=\"og:site_name\" content=\"GoHike\" \/>\n<meta property=\"article:publisher\" content=\"https:\/\/www.facebook.com\/gohike.shop\/\" \/>\n<meta property=\"article:modified_time\" content=\"2025-12-30T14:24:24+00:00\" \/>\n<meta property=\"og:image\" content=\"https:\/\/gohike.lv\/wp-content\/uploads\/2025\/02\/ClothesLine_.webp\" \/>\n\t<meta property=\"og:image:width\" content=\"900\" \/>\n\t<meta property=\"og:image:height\" content=\"900\" \/>\n\t<meta property=\"og:image:type\" content=\"image\/webp\" \/>\n<meta name=\"twitter:card\" content=\"summary_large_image\" \/>\n<meta name=\"twitter:title\" content=\"Lifeventure - Ce\u013cojumu ve\u013cas aukla\" \/>\n<meta name=\"twitter:label1\" content=\"\u041f\u0440\u0438\u043c\u0435\u0440\u043d\u043e\u0435 \u0432\u0440\u0435\u043c\u044f \u0434\u043b\u044f \u0447\u0442\u0435\u043d\u0438\u044f\" \/>\n\t<meta name=\"twitter:data1\" content=\"1 \u043c\u0438\u043d\u0443\u0442\u0430\" \/>\n<script type=\"application\/ld+json\" class=\"yoast-schema-graph\">{\"@context\":\"https:\\\/\\\/schema.org\",\"@graph\":[{\"@type\":[\"WebPage\",\"ItemPage\"],\"@id\":\"https:\\\/\\\/gohike.lv\\\/ru\\\/produkts\\\/lifeventure-celojumu-velas-aukla\\\/\",\"url\":\"https:\\\/\\\/gohike.lv\\\/ru\\\/produkts\\\/lifeventure-celojumu-velas-aukla\\\/\",\"name\":\"Lifeventure - Ce\u013cojumu ve\u013cas aukla\",\"isPartOf\":{\"@id\":\"https:\\\/\\\/gohike.lv\\\/ru\\\/#website\"},\"primaryImageOfPage\":{\"@id\":\"https:\\\/\\\/gohike.lv\\\/ru\\\/produkts\\\/lifeventure-celojumu-velas-aukla\\\/#primaryimage\"},\"image\":{\"@id\":\"https:\\\/\\\/gohike.lv\\\/ru\\\/produkts\\\/lifeventure-celojumu-velas-aukla\\\/#primaryimage\"},\"thumbnailUrl\":\"https:\\\/\\\/gohike.lv\\\/wp-content\\\/uploads\\\/2025\\\/02\\\/ClothesLine_.webp\",\"datePublished\":\"2025-03-05T09:30:15+00:00\",\"dateModified\":\"2025-12-30T14:24:24+00:00\",\"description\":\"Elast\u012bga, v\u012bta ve\u013cas aukla ar \u0101\u0137iem un pies\u016bcek\u0146iem, ide\u0101la dr\u0113bju \u017e\u0101v\u0113\u0161anai ce\u013cojuma laik\u0101.\",\"breadcrumb\":{\"@id\":\"https:\\\/\\\/gohike.lv\\\/ru\\\/produkts\\\/lifeventure-celojumu-velas-aukla\\\/#breadcrumb\"},\"inLanguage\":\"ru-RU\",\"potentialAction\":[{\"@type\":\"ReadAction\",\"target\":[\"https:\\\/\\\/gohike.lv\\\/ru\\\/produkts\\\/lifeventure-celojumu-velas-aukla\\\/\"]}]},{\"@type\":\"ImageObject\",\"inLanguage\":\"ru-RU\",\"@id\":\"https:\\\/\\\/gohike.lv\\\/ru\\\/produkts\\\/lifeventure-celojumu-velas-aukla\\\/#primaryimage\",\"url\":\"https:\\\/\\\/gohike.lv\\\/wp-content\\\/uploads\\\/2025\\\/02\\\/ClothesLine_.webp\",\"contentUrl\":\"https:\\\/\\\/gohike.lv\\\/wp-content\\\/uploads\\\/2025\\\/02\\\/ClothesLine_.webp\",\"width\":900,\"height\":900},{\"@type\":\"BreadcrumbList\",\"@id\":\"https:\\\/\\\/gohike.lv\\\/ru\\\/produkts\\\/lifeventure-celojumu-velas-aukla\\\/#breadcrumb\",\"itemListElement\":[{\"@type\":\"ListItem\",\"position\":1,\"name\":\"\u0413\u043b\u0430\u0432\u043d\u0430\u044f\",\"item\":\"https:\\\/\\\/gohike.lv\\\/ru\\\/\"},{\"@type\":\"ListItem\",\"position\":2,\"name\":\"\u041a\u0430\u0442\u0435\u0433\u043e\u0440\u0438\u0438 \u0442\u043e\u0432\u0430\u0440\u043e\u0432\",\"item\":\"https:\\\/\\\/gohike.lv\\\/%d0%ba%d0%b0%d1%82%d0%b5%d0%b3%d0%be%d1%80%d0%b8%d0%b8-%d1%82%d0%be%d0%b2%d0%b0%d1%80%d0%be%d0%b2\\\/\"},{\"@type\":\"ListItem\",\"position\":3,\"name\":\"Lifeventure &#8211; Ce\u013cojumu ve\u013cas aukla\"}]},{\"@type\":\"WebSite\",\"@id\":\"https:\\\/\\\/gohike.lv\\\/ru\\\/#website\",\"url\":\"https:\\\/\\\/gohike.lv\\\/ru\\\/\",\"name\":\"GoHike\",\"description\":\"\",\"publisher\":{\"@id\":\"https:\\\/\\\/gohike.lv\\\/ru\\\/#organization\"},\"potentialAction\":[{\"@type\":\"SearchAction\",\"target\":{\"@type\":\"EntryPoint\",\"urlTemplate\":\"https:\\\/\\\/gohike.lv\\\/ru\\\/?s={search_term_string}\"},\"query-input\":{\"@type\":\"PropertyValueSpecification\",\"valueRequired\":true,\"valueName\":\"search_term_string\"}}],\"inLanguage\":\"ru-RU\"},{\"@type\":\"Organization\",\"@id\":\"https:\\\/\\\/gohike.lv\\\/ru\\\/#organization\",\"name\":\"GoHike\",\"url\":\"https:\\\/\\\/gohike.lv\\\/ru\\\/\",\"logo\":{\"@type\":\"ImageObject\",\"inLanguage\":\"ru-RU\",\"@id\":\"https:\\\/\\\/gohike.lv\\\/ru\\\/#\\\/schema\\\/logo\\\/image\\\/\",\"url\":\"https:\\\/\\\/gohike.lv\\\/wp-content\\\/uploads\\\/2023\\\/08\\\/Logo_GoHike.webp\",\"contentUrl\":\"https:\\\/\\\/gohike.lv\\\/wp-content\\\/uploads\\\/2023\\\/08\\\/Logo_GoHike.webp\",\"width\":512,\"height\":512,\"caption\":\"GoHike\"},\"image\":{\"@id\":\"https:\\\/\\\/gohike.lv\\\/ru\\\/#\\\/schema\\\/logo\\\/image\\\/\"},\"sameAs\":[\"https:\\\/\\\/www.facebook.com\\\/gohike.shop\\\/\",\"https:\\\/\\\/www.instagram.com\\\/gohike.shop\\\/\"]}]}<\/script>\n<!-- \/ Yoast SEO plugin. -->","yoast_head_json":{"title":"Lifeventure - Ce\u013cojumu ve\u013cas aukla","description":"Elast\u012bga, v\u012bta ve\u013cas aukla ar \u0101\u0137iem un pies\u016bcek\u0146iem, ide\u0101la dr\u0113bju \u017e\u0101v\u0113\u0161anai ce\u013cojuma laik\u0101.","robots":{"index":"index","follow":"follow","max-snippet":"max-snippet:-1","max-image-preview":"max-image-preview:large","max-video-preview":"max-video-preview:-1"},"canonical":"https:\/\/gohike.lv\/ru\/produkts\/lifeventure-celojumu-velas-aukla\/","og_locale":"ru_RU","og_type":"article","og_title":"Lifeventure - Ce\u013cojumu ve\u013cas aukla","og_description":"Elast\u012bga, v\u012bta ve\u013cas aukla ar \u0101\u0137iem un pies\u016bcek\u0146iem, ide\u0101la dr\u0113bju \u017e\u0101v\u0113\u0161anai ce\u013cojuma laik\u0101.","og_url":"https:\/\/gohike.lv\/ru\/produkts\/lifeventure-celojumu-velas-aukla\/","og_site_name":"GoHike","article_publisher":"https:\/\/www.facebook.com\/gohike.shop\/","article_modified_time":"2025-12-30T14:24:24+00:00","og_image":[{"width":900,"height":900,"url":"https:\/\/gohike.lv\/wp-content\/uploads\/2025\/02\/ClothesLine_.webp","type":"image\/webp"}],"twitter_card":"summary_large_image","twitter_title":"Lifeventure - Ce\u013cojumu ve\u013cas aukla","twitter_misc":{"\u041f\u0440\u0438\u043c\u0435\u0440\u043d\u043e\u0435 \u0432\u0440\u0435\u043c\u044f \u0434\u043b\u044f \u0447\u0442\u0435\u043d\u0438\u044f":"1 \u043c\u0438\u043d\u0443\u0442\u0430"},"schema":{"@context":"https:\/\/schema.org","@graph":[{"@type":["WebPage","ItemPage"],"@id":"https:\/\/gohike.lv\/ru\/produkts\/lifeventure-celojumu-velas-aukla\/","url":"https:\/\/gohike.lv\/ru\/produkts\/lifeventure-celojumu-velas-aukla\/","name":"Lifeventure - Ce\u013cojumu ve\u013cas aukla","isPartOf":{"@id":"https:\/\/gohike.lv\/ru\/#website"},"primaryImageOfPage":{"@id":"https:\/\/gohike.lv\/ru\/produkts\/lifeventure-celojumu-velas-aukla\/#primaryimage"},"image":{"@id":"https:\/\/gohike.lv\/ru\/produkts\/lifeventure-celojumu-velas-aukla\/#primaryimage"},"thumbnailUrl":"https:\/\/gohike.lv\/wp-content\/uploads\/2025\/02\/ClothesLine_.webp","datePublished":"2025-03-05T09:30:15+00:00","dateModified":"2025-12-30T14:24:24+00:00","description":"Elast\u012bga, v\u012bta ve\u013cas aukla ar \u0101\u0137iem un pies\u016bcek\u0146iem, ide\u0101la dr\u0113bju \u017e\u0101v\u0113\u0161anai ce\u013cojuma laik\u0101.","breadcrumb":{"@id":"https:\/\/gohike.lv\/ru\/produkts\/lifeventure-celojumu-velas-aukla\/#breadcrumb"},"inLanguage":"ru-RU","potentialAction":[{"@type":"ReadAction","target":["https:\/\/gohike.lv\/ru\/produkts\/lifeventure-celojumu-velas-aukla\/"]}]},{"@type":"ImageObject","inLanguage":"ru-RU","@id":"https:\/\/gohike.lv\/ru\/produkts\/lifeventure-celojumu-velas-aukla\/#primaryimage","url":"https:\/\/gohike.lv\/wp-content\/uploads\/2025\/02\/ClothesLine_.webp","contentUrl":"https:\/\/gohike.lv\/wp-content\/uploads\/2025\/02\/ClothesLine_.webp","width":900,"height":900},{"@type":"BreadcrumbList","@id":"https:\/\/gohike.lv\/ru\/produkts\/lifeventure-celojumu-velas-aukla\/#breadcrumb","itemListElement":[{"@type":"ListItem","position":1,"name":"\u0413\u043b\u0430\u0432\u043d\u0430\u044f","item":"https:\/\/gohike.lv\/ru\/"},{"@type":"ListItem","position":2,"name":"\u041a\u0430\u0442\u0435\u0433\u043e\u0440\u0438\u0438 \u0442\u043e\u0432\u0430\u0440\u043e\u0432","item":"https:\/\/gohike.lv\/%d0%ba%d0%b0%d1%82%d0%b5%d0%b3%d0%be%d1%80%d0%b8%d0%b8-%d1%82%d0%be%d0%b2%d0%b0%d1%80%d0%be%d0%b2\/"},{"@type":"ListItem","position":3,"name":"Lifeventure &#8211; Ce\u013cojumu ve\u013cas aukla"}]},{"@type":"WebSite","@id":"https:\/\/gohike.lv\/ru\/#website","url":"https:\/\/gohike.lv\/ru\/","name":"GoHike","description":"","publisher":{"@id":"https:\/\/gohike.lv\/ru\/#organization"},"potentialAction":[{"@type":"SearchAction","target":{"@type":"EntryPoint","urlTemplate":"https:\/\/gohike.lv\/ru\/?s={search_term_string}"},"query-input":{"@type":"PropertyValueSpecification","valueRequired":true,"valueName":"search_term_string"}}],"inLanguage":"ru-RU"},{"@type":"Organization","@id":"https:\/\/gohike.lv\/ru\/#organization","name":"GoHike","url":"https:\/\/gohike.lv\/ru\/","logo":{"@type":"ImageObject","inLanguage":"ru-RU","@id":"https:\/\/gohike.lv\/ru\/#\/schema\/logo\/image\/","url":"https:\/\/gohike.lv\/wp-content\/uploads\/2023\/08\/Logo_GoHike.webp","contentUrl":"https:\/\/gohike.lv\/wp-content\/uploads\/2023\/08\/Logo_GoHike.webp","width":512,"height":512,"caption":"GoHike"},"image":{"@id":"https:\/\/gohike.lv\/ru\/#\/schema\/logo\/image\/"},"sameAs":["https:\/\/www.facebook.com\/gohike.shop\/","https:\/\/www.instagram.com\/gohike.shop\/"]}]}},"jetpack_sharing_enabled":true,"_links":{"self":[{"href":"https:\/\/gohike.lv\/ru\/wp-json\/wp\/v2\/product\/66709","targetHints":{"allow":["GET"]}}],"collection":[{"href":"https:\/\/gohike.lv\/ru\/wp-json\/wp\/v2\/product"}],"about":[{"href":"https:\/\/gohike.lv\/ru\/wp-json\/wp\/v2\/types\/product"}],"version-history":[{"count":0,"href":"https:\/\/gohike.lv\/ru\/wp-json\/wp\/v2\/product\/66709\/revisions"}],"wp:featuredmedia":[{"embeddable":true,"href":"https:\/\/gohike.lv\/ru\/wp-json\/wp\/v2\/media\/66557"}],"wp:attachment":[{"href":"https:\/\/gohike.lv\/ru\/wp-json\/wp\/v2\/media?parent=66709"}],"wp:term":[{"taxonomy":"product_brand","embeddable":true,"href":"https:\/\/gohike.lv\/ru\/wp-json\/wp\/v2\/product_brand?post=66709"},{"taxonomy":"product_cat","embeddable":true,"href":"https:\/\/gohike.lv\/ru\/wp-json\/wp\/v2\/product_cat?post=66709"},{"taxonomy":"product_tag","embeddable":true,"href":"https:\/\/gohike.lv\/ru\/wp-json\/wp\/v2\/product_tag?post=66709"}],"curies":[{"name":"wp","href":"https:\/\/api.w.org\/{rel}","templated":true}]}}