{"id":66703,"date":"2025-03-05T12:30:04","date_gmt":"2025-03-05T09:30:04","guid":{"rendered":"https:\/\/gohike.lv\/produkts\/lifeventure-digitalie-bagazas-svari\/"},"modified":"2025-12-30T17:24:24","modified_gmt":"2025-12-30T14:24:24","slug":"lifeventure-digitalie-bagazas-svari","status":"publish","type":"product","link":"https:\/\/gohike.lv\/ru\/produkts\/lifeventure-digitalie-bagazas-svari\/","title":{"rendered":"Lifeventure &#8212; Digit\u0101lie bag\u0101\u017eas svari"},"content":{"rendered":"<p>\u0160ie digit\u0101lie bag\u0101\u017eas svari ir vienk\u0101r\u0161i lietojami un b\u016btiski, lai izvair\u012btos no nevajadz\u012bg\u0101m aviokomp\u0101niju papildus maks\u0101m par p\u0101r\u0101k smagu bag\u0101\u017eu. Piespraudiet digit\u0101lajiem svariem ap rokturi un paceliet uz p\u0101ris sekund\u0113m, lai ieg\u016btu prec\u012bzu svara r\u0101d\u012bjumu kilogramos vai m\u0101rci\u0146\u0101s. Mazs un viegls dizains padara \u0161os bag\u0101\u017eas svarus ide\u0101li piem\u0113rotus l\u012bdz\u0146em\u0161anai jebkura veida ce\u013cojum\u0101.<br \/>\nCe\u013cojuma padoms: apgaismotais displejs main\u0101s no zilas uz sarkanu ar gal\u012bgo r\u0101d\u012bjumu. L\u016bdzu \u0146emiet v\u0113r\u0101: maksim\u0101lais svara ierobe\u017eojums ir 50 kg.<br \/>\n\u012apa\u0161\u012bbas:<br \/>\n\u2022 ergonomisks dizains ar gumijotu apdari;<br \/>\n\u2022 apgaismots, viegli nolas\u0101ms displejs;<br \/>\n\u2022 m\u0113ra kilogramos un m\u0101rci\u0146\u0101s;<br \/>\n\u2022 2 x CR2032 baterijas iek\u013cautas komplekt\u0101.<br \/>\nTehniskie dati:<br \/>\nSvars: 85 g;<br \/>\nIzm\u0113ri: 13*4.5*3.5 cm.<br \/>\n<iframe title=\"Lifeventure Travel Luggage Scales\" width=\"1200\" height=\"900\" src=\"https:\/\/www.youtube.com\/embed\/7k0IbbZYZ28?feature=oembed\" frameborder=\"0\" allow=\"accelerometer; autoplay; clipboard-write; encrypted-media; gyroscope; picture-in-picture; web-share\" referrerpolicy=\"strict-origin-when-cross-origin\" allowfullscreen><\/iframe><\/p>\n","protected":false},"excerpt":{"rendered":"<p>Viegli lietojami digit\u0101lie bag\u0101\u017eas svari ar apgaismotu displeju un maksim\u0101lo svara ierobe\u017eojumu 50 kg, ide\u0101li piem\u0113roti ce\u013cojumiem.<\/p>\n","protected":false},"featured_media":66545,"template":"","meta":[],"product_brand":[1308],"product_cat":[4140],"product_tag":[],"class_list":{"0":"post-66703","1":"product","2":"type-product","3":"status-publish","4":"has-post-thumbnail","6":"product_brand-lifeventure-lv","7":"product_cat-noderigas-lietas","8":"pa_izmerscm-134-53-5","10":"first","11":"instock","12":"taxable","13":"shipping-taxable","14":"purchasable","15":"product-type-simple"},"raw_content":{"name":"Lifeventure - Digit\u0101lie bag\u0101\u017eas svari","description":"\u0160ie digit\u0101lie bag\u0101\u017eas svari ir vienk\u0101r\u0161i lietojami un b\u016btiski, lai izvair\u012btos no nevajadz\u012bg\u0101m aviokomp\u0101niju papildus maks\u0101m par p\u0101r\u0101k smagu bag\u0101\u017eu. Piespraudiet digit\u0101lajiem svariem ap rokturi un paceliet uz p\u0101ris sekund\u0113m, lai ieg\u016btu prec\u012bzu svara r\u0101d\u012bjumu kilogramos vai m\u0101rci\u0146\u0101s. Mazs un viegls dizains padara \u0161os bag\u0101\u017eas svarus ide\u0101li piem\u0113rotus l\u012bdz\u0146em\u0161anai jebkura veida ce\u013cojum\u0101.\nCe\u013cojuma padoms: apgaismotais displejs main\u0101s no zilas uz sarkanu ar gal\u012bgo r\u0101d\u012bjumu. L\u016bdzu \u0146emiet v\u0113r\u0101: maksim\u0101lais svara ierobe\u017eojums ir 50 kg.\n\u012apa\u0161\u012bbas:\n\u2022 ergonomisks dizains ar gumijotu apdari;\n\u2022 apgaismots, viegli nolas\u0101ms displejs;\n\u2022 m\u0113ra kilogramos un m\u0101rci\u0146\u0101s;\n\u2022 2 x CR2032 baterijas iek\u013cautas komplekt\u0101.\nTehniskie dati:\nSvars: 85 g;\nIzm\u0113ri: 13*4.5*3.5 cm.\nhttps:\/\/youtu.be\/7k0IbbZYZ28?list=TLGGV3qFYLMJyQkyMDAyMjAyNQ","short_description":"Viegli lietojami digit\u0101lie bag\u0101\u017eas svari ar apgaismotu displeju un maksim\u0101lo svara ierobe\u017eojumu 50 kg, ide\u0101li piem\u0113roti ce\u013cojumiem.","status":"publish","sku":"5031863770101","original":66703},"wpml":{"translation_type":1,"has_translations":true,"original":66703,"duplicates":[],"translations":{"lv":66703,"en":66914,"ru":null}},"supplier_id":null,"supplier_sku":"","barcode":null,"atum_controlled":true,"out_stock_date":null,"out_stock_threshold":null,"inheritable":false,"inbound_stock":0,"stock_on_hold":0,"sold_today":0,"sales_last_days":0,"reserved_stock":0,"customer_returns":0,"warehouse_damage":0,"lost_in_post":0,"other_logs":0,"out_stock_days":0,"lost_sales":0,"has_location":false,"update_date":"2025-12-30T14:30:29","atum_locations":[],"atum_stock_status":"instock","restock_status":false,"low_stock_amount":"","sales_update_date":"2025-11-13T14:08:20","calc_backorders":null,"yoast_head":"<!-- This site is optimized with the Yoast SEO plugin v27.3 - https:\/\/yoast.com\/product\/yoast-seo-wordpress\/ -->\n<title>Lifeventure - Digit\u0101lie bag\u0101\u017eas svari<\/title>\n<meta name=\"description\" content=\"Viegli lietojami digit\u0101lie bag\u0101\u017eas svari ar apgaismotu displeju un maksim\u0101lo svara ierobe\u017eojumu 50 kg, ide\u0101li piem\u0113roti ce\u013cojumiem.\" \/>\n<meta name=\"robots\" content=\"index, follow, max-snippet:-1, max-image-preview:large, max-video-preview:-1\" \/>\n<link rel=\"canonical\" href=\"https:\/\/gohike.lv\/ru\/produkts\/lifeventure-digitalie-bagazas-svari\/\" \/>\n<meta property=\"og:locale\" content=\"ru_RU\" \/>\n<meta property=\"og:type\" content=\"article\" \/>\n<meta property=\"og:title\" content=\"Lifeventure - Digit\u0101lie bag\u0101\u017eas svari\" \/>\n<meta property=\"og:description\" content=\"Viegli lietojami digit\u0101lie bag\u0101\u017eas svari ar apgaismotu displeju un maksim\u0101lo svara ierobe\u017eojumu 50 kg, ide\u0101li piem\u0113roti ce\u013cojumiem.\" \/>\n<meta property=\"og:url\" content=\"https:\/\/gohike.lv\/ru\/produkts\/lifeventure-digitalie-bagazas-svari\/\" \/>\n<meta property=\"og:site_name\" content=\"GoHike\" \/>\n<meta property=\"article:publisher\" content=\"https:\/\/www.facebook.com\/gohike.shop\/\" \/>\n<meta property=\"article:modified_time\" content=\"2025-12-30T14:24:24+00:00\" \/>\n<meta property=\"og:image\" content=\"https:\/\/gohike.lv\/wp-content\/uploads\/2025\/02\/Scales_.webp\" \/>\n\t<meta property=\"og:image:width\" content=\"900\" \/>\n\t<meta property=\"og:image:height\" content=\"900\" \/>\n\t<meta property=\"og:image:type\" content=\"image\/webp\" \/>\n<meta name=\"twitter:card\" content=\"summary_large_image\" \/>\n<meta name=\"twitter:title\" content=\"Lifeventure - Digit\u0101lie bag\u0101\u017eas svari\" \/>\n<meta name=\"twitter:label1\" content=\"\u041f\u0440\u0438\u043c\u0435\u0440\u043d\u043e\u0435 \u0432\u0440\u0435\u043c\u044f \u0434\u043b\u044f \u0447\u0442\u0435\u043d\u0438\u044f\" \/>\n\t<meta name=\"twitter:data1\" content=\"1 \u043c\u0438\u043d\u0443\u0442\u0430\" \/>\n<script type=\"application\/ld+json\" class=\"yoast-schema-graph\">{\"@context\":\"https:\\\/\\\/schema.org\",\"@graph\":[{\"@type\":[\"WebPage\",\"ItemPage\"],\"@id\":\"https:\\\/\\\/gohike.lv\\\/ru\\\/produkts\\\/lifeventure-digitalie-bagazas-svari\\\/\",\"url\":\"https:\\\/\\\/gohike.lv\\\/ru\\\/produkts\\\/lifeventure-digitalie-bagazas-svari\\\/\",\"name\":\"Lifeventure - Digit\u0101lie bag\u0101\u017eas svari\",\"isPartOf\":{\"@id\":\"https:\\\/\\\/gohike.lv\\\/ru\\\/#website\"},\"primaryImageOfPage\":{\"@id\":\"https:\\\/\\\/gohike.lv\\\/ru\\\/produkts\\\/lifeventure-digitalie-bagazas-svari\\\/#primaryimage\"},\"image\":{\"@id\":\"https:\\\/\\\/gohike.lv\\\/ru\\\/produkts\\\/lifeventure-digitalie-bagazas-svari\\\/#primaryimage\"},\"thumbnailUrl\":\"https:\\\/\\\/gohike.lv\\\/wp-content\\\/uploads\\\/2025\\\/02\\\/Scales_.webp\",\"datePublished\":\"2025-03-05T09:30:04+00:00\",\"dateModified\":\"2025-12-30T14:24:24+00:00\",\"description\":\"Viegli lietojami digit\u0101lie bag\u0101\u017eas svari ar apgaismotu displeju un maksim\u0101lo svara ierobe\u017eojumu 50 kg, ide\u0101li piem\u0113roti ce\u013cojumiem.\",\"breadcrumb\":{\"@id\":\"https:\\\/\\\/gohike.lv\\\/ru\\\/produkts\\\/lifeventure-digitalie-bagazas-svari\\\/#breadcrumb\"},\"inLanguage\":\"ru-RU\",\"potentialAction\":[{\"@type\":\"ReadAction\",\"target\":[\"https:\\\/\\\/gohike.lv\\\/ru\\\/produkts\\\/lifeventure-digitalie-bagazas-svari\\\/\"]}]},{\"@type\":\"ImageObject\",\"inLanguage\":\"ru-RU\",\"@id\":\"https:\\\/\\\/gohike.lv\\\/ru\\\/produkts\\\/lifeventure-digitalie-bagazas-svari\\\/#primaryimage\",\"url\":\"https:\\\/\\\/gohike.lv\\\/wp-content\\\/uploads\\\/2025\\\/02\\\/Scales_.webp\",\"contentUrl\":\"https:\\\/\\\/gohike.lv\\\/wp-content\\\/uploads\\\/2025\\\/02\\\/Scales_.webp\",\"width\":900,\"height\":900},{\"@type\":\"BreadcrumbList\",\"@id\":\"https:\\\/\\\/gohike.lv\\\/ru\\\/produkts\\\/lifeventure-digitalie-bagazas-svari\\\/#breadcrumb\",\"itemListElement\":[{\"@type\":\"ListItem\",\"position\":1,\"name\":\"\u0413\u043b\u0430\u0432\u043d\u0430\u044f\",\"item\":\"https:\\\/\\\/gohike.lv\\\/ru\\\/\"},{\"@type\":\"ListItem\",\"position\":2,\"name\":\"\u041a\u0430\u0442\u0435\u0433\u043e\u0440\u0438\u0438 \u0442\u043e\u0432\u0430\u0440\u043e\u0432\",\"item\":\"https:\\\/\\\/gohike.lv\\\/%d0%ba%d0%b0%d1%82%d0%b5%d0%b3%d0%be%d1%80%d0%b8%d0%b8-%d1%82%d0%be%d0%b2%d0%b0%d1%80%d0%be%d0%b2\\\/\"},{\"@type\":\"ListItem\",\"position\":3,\"name\":\"Lifeventure &#8211; Digit\u0101lie bag\u0101\u017eas svari\"}]},{\"@type\":\"WebSite\",\"@id\":\"https:\\\/\\\/gohike.lv\\\/ru\\\/#website\",\"url\":\"https:\\\/\\\/gohike.lv\\\/ru\\\/\",\"name\":\"GoHike\",\"description\":\"\",\"publisher\":{\"@id\":\"https:\\\/\\\/gohike.lv\\\/ru\\\/#organization\"},\"potentialAction\":[{\"@type\":\"SearchAction\",\"target\":{\"@type\":\"EntryPoint\",\"urlTemplate\":\"https:\\\/\\\/gohike.lv\\\/ru\\\/?s={search_term_string}\"},\"query-input\":{\"@type\":\"PropertyValueSpecification\",\"valueRequired\":true,\"valueName\":\"search_term_string\"}}],\"inLanguage\":\"ru-RU\"},{\"@type\":\"Organization\",\"@id\":\"https:\\\/\\\/gohike.lv\\\/ru\\\/#organization\",\"name\":\"GoHike\",\"url\":\"https:\\\/\\\/gohike.lv\\\/ru\\\/\",\"logo\":{\"@type\":\"ImageObject\",\"inLanguage\":\"ru-RU\",\"@id\":\"https:\\\/\\\/gohike.lv\\\/ru\\\/#\\\/schema\\\/logo\\\/image\\\/\",\"url\":\"https:\\\/\\\/gohike.lv\\\/wp-content\\\/uploads\\\/2023\\\/08\\\/Logo_GoHike.webp\",\"contentUrl\":\"https:\\\/\\\/gohike.lv\\\/wp-content\\\/uploads\\\/2023\\\/08\\\/Logo_GoHike.webp\",\"width\":512,\"height\":512,\"caption\":\"GoHike\"},\"image\":{\"@id\":\"https:\\\/\\\/gohike.lv\\\/ru\\\/#\\\/schema\\\/logo\\\/image\\\/\"},\"sameAs\":[\"https:\\\/\\\/www.facebook.com\\\/gohike.shop\\\/\",\"https:\\\/\\\/www.instagram.com\\\/gohike.shop\\\/\"]}]}<\/script>\n<!-- \/ Yoast SEO plugin. -->","yoast_head_json":{"title":"Lifeventure - Digit\u0101lie bag\u0101\u017eas svari","description":"Viegli lietojami digit\u0101lie bag\u0101\u017eas svari ar apgaismotu displeju un maksim\u0101lo svara ierobe\u017eojumu 50 kg, ide\u0101li piem\u0113roti ce\u013cojumiem.","robots":{"index":"index","follow":"follow","max-snippet":"max-snippet:-1","max-image-preview":"max-image-preview:large","max-video-preview":"max-video-preview:-1"},"canonical":"https:\/\/gohike.lv\/ru\/produkts\/lifeventure-digitalie-bagazas-svari\/","og_locale":"ru_RU","og_type":"article","og_title":"Lifeventure - Digit\u0101lie bag\u0101\u017eas svari","og_description":"Viegli lietojami digit\u0101lie bag\u0101\u017eas svari ar apgaismotu displeju un maksim\u0101lo svara ierobe\u017eojumu 50 kg, ide\u0101li piem\u0113roti ce\u013cojumiem.","og_url":"https:\/\/gohike.lv\/ru\/produkts\/lifeventure-digitalie-bagazas-svari\/","og_site_name":"GoHike","article_publisher":"https:\/\/www.facebook.com\/gohike.shop\/","article_modified_time":"2025-12-30T14:24:24+00:00","og_image":[{"width":900,"height":900,"url":"https:\/\/gohike.lv\/wp-content\/uploads\/2025\/02\/Scales_.webp","type":"image\/webp"}],"twitter_card":"summary_large_image","twitter_title":"Lifeventure - Digit\u0101lie bag\u0101\u017eas svari","twitter_misc":{"\u041f\u0440\u0438\u043c\u0435\u0440\u043d\u043e\u0435 \u0432\u0440\u0435\u043c\u044f \u0434\u043b\u044f \u0447\u0442\u0435\u043d\u0438\u044f":"1 \u043c\u0438\u043d\u0443\u0442\u0430"},"schema":{"@context":"https:\/\/schema.org","@graph":[{"@type":["WebPage","ItemPage"],"@id":"https:\/\/gohike.lv\/ru\/produkts\/lifeventure-digitalie-bagazas-svari\/","url":"https:\/\/gohike.lv\/ru\/produkts\/lifeventure-digitalie-bagazas-svari\/","name":"Lifeventure - Digit\u0101lie bag\u0101\u017eas svari","isPartOf":{"@id":"https:\/\/gohike.lv\/ru\/#website"},"primaryImageOfPage":{"@id":"https:\/\/gohike.lv\/ru\/produkts\/lifeventure-digitalie-bagazas-svari\/#primaryimage"},"image":{"@id":"https:\/\/gohike.lv\/ru\/produkts\/lifeventure-digitalie-bagazas-svari\/#primaryimage"},"thumbnailUrl":"https:\/\/gohike.lv\/wp-content\/uploads\/2025\/02\/Scales_.webp","datePublished":"2025-03-05T09:30:04+00:00","dateModified":"2025-12-30T14:24:24+00:00","description":"Viegli lietojami digit\u0101lie bag\u0101\u017eas svari ar apgaismotu displeju un maksim\u0101lo svara ierobe\u017eojumu 50 kg, ide\u0101li piem\u0113roti ce\u013cojumiem.","breadcrumb":{"@id":"https:\/\/gohike.lv\/ru\/produkts\/lifeventure-digitalie-bagazas-svari\/#breadcrumb"},"inLanguage":"ru-RU","potentialAction":[{"@type":"ReadAction","target":["https:\/\/gohike.lv\/ru\/produkts\/lifeventure-digitalie-bagazas-svari\/"]}]},{"@type":"ImageObject","inLanguage":"ru-RU","@id":"https:\/\/gohike.lv\/ru\/produkts\/lifeventure-digitalie-bagazas-svari\/#primaryimage","url":"https:\/\/gohike.lv\/wp-content\/uploads\/2025\/02\/Scales_.webp","contentUrl":"https:\/\/gohike.lv\/wp-content\/uploads\/2025\/02\/Scales_.webp","width":900,"height":900},{"@type":"BreadcrumbList","@id":"https:\/\/gohike.lv\/ru\/produkts\/lifeventure-digitalie-bagazas-svari\/#breadcrumb","itemListElement":[{"@type":"ListItem","position":1,"name":"\u0413\u043b\u0430\u0432\u043d\u0430\u044f","item":"https:\/\/gohike.lv\/ru\/"},{"@type":"ListItem","position":2,"name":"\u041a\u0430\u0442\u0435\u0433\u043e\u0440\u0438\u0438 \u0442\u043e\u0432\u0430\u0440\u043e\u0432","item":"https:\/\/gohike.lv\/%d0%ba%d0%b0%d1%82%d0%b5%d0%b3%d0%be%d1%80%d0%b8%d0%b8-%d1%82%d0%be%d0%b2%d0%b0%d1%80%d0%be%d0%b2\/"},{"@type":"ListItem","position":3,"name":"Lifeventure &#8211; Digit\u0101lie bag\u0101\u017eas svari"}]},{"@type":"WebSite","@id":"https:\/\/gohike.lv\/ru\/#website","url":"https:\/\/gohike.lv\/ru\/","name":"GoHike","description":"","publisher":{"@id":"https:\/\/gohike.lv\/ru\/#organization"},"potentialAction":[{"@type":"SearchAction","target":{"@type":"EntryPoint","urlTemplate":"https:\/\/gohike.lv\/ru\/?s={search_term_string}"},"query-input":{"@type":"PropertyValueSpecification","valueRequired":true,"valueName":"search_term_string"}}],"inLanguage":"ru-RU"},{"@type":"Organization","@id":"https:\/\/gohike.lv\/ru\/#organization","name":"GoHike","url":"https:\/\/gohike.lv\/ru\/","logo":{"@type":"ImageObject","inLanguage":"ru-RU","@id":"https:\/\/gohike.lv\/ru\/#\/schema\/logo\/image\/","url":"https:\/\/gohike.lv\/wp-content\/uploads\/2023\/08\/Logo_GoHike.webp","contentUrl":"https:\/\/gohike.lv\/wp-content\/uploads\/2023\/08\/Logo_GoHike.webp","width":512,"height":512,"caption":"GoHike"},"image":{"@id":"https:\/\/gohike.lv\/ru\/#\/schema\/logo\/image\/"},"sameAs":["https:\/\/www.facebook.com\/gohike.shop\/","https:\/\/www.instagram.com\/gohike.shop\/"]}]}},"jetpack_sharing_enabled":true,"_links":{"self":[{"href":"https:\/\/gohike.lv\/ru\/wp-json\/wp\/v2\/product\/66703","targetHints":{"allow":["GET"]}}],"collection":[{"href":"https:\/\/gohike.lv\/ru\/wp-json\/wp\/v2\/product"}],"about":[{"href":"https:\/\/gohike.lv\/ru\/wp-json\/wp\/v2\/types\/product"}],"version-history":[{"count":0,"href":"https:\/\/gohike.lv\/ru\/wp-json\/wp\/v2\/product\/66703\/revisions"}],"wp:featuredmedia":[{"embeddable":true,"href":"https:\/\/gohike.lv\/ru\/wp-json\/wp\/v2\/media\/66545"}],"wp:attachment":[{"href":"https:\/\/gohike.lv\/ru\/wp-json\/wp\/v2\/media?parent=66703"}],"wp:term":[{"taxonomy":"product_brand","embeddable":true,"href":"https:\/\/gohike.lv\/ru\/wp-json\/wp\/v2\/product_brand?post=66703"},{"taxonomy":"product_cat","embeddable":true,"href":"https:\/\/gohike.lv\/ru\/wp-json\/wp\/v2\/product_cat?post=66703"},{"taxonomy":"product_tag","embeddable":true,"href":"https:\/\/gohike.lv\/ru\/wp-json\/wp\/v2\/product_tag?post=66703"}],"curies":[{"name":"wp","href":"https:\/\/api.w.org\/{rel}","templated":true}]}}