{"id":66699,"date":"2025-03-05T12:29:55","date_gmt":"2025-03-05T09:29:55","guid":{"rendered":"https:\/\/gohike.lv\/produkts\/lifeventure-bidama-kabela-sledzene\/"},"modified":"2025-12-30T17:24:24","modified_gmt":"2025-12-30T14:24:24","slug":"lifeventure-bidama-kabela-sledzene","status":"publish","type":"product","link":"https:\/\/gohike.lv\/ru\/produkts\/lifeventure-bidama-kabela-sledzene\/","title":{"rendered":"Lifeventure &#8212; B\u012bd\u0101m\u0101 kabe\u013ca sl\u0113dzene"},"content":{"rendered":"<p>Piln\u012bb\u0101 regul\u0113jama kabe\u013cu sl\u0113dzene, kuru var cie\u0161i nostiprin\u0101t ap mant\u0101m pat ne\u0113rt\u0101s viet\u0101s.<br \/>\nCinka sakaus\u0113juma korpuss sl\u012bd pa 200 cm garu t\u0113rauda trosi ar \u010detrciparu kombin\u0101ciju.<br \/>\n\u012apa\u0161\u012bbas:<br \/>\n\u2022 cinka sakaus\u0113juma sl\u0113dzenes korpuss;<br \/>\n\u2022 200 cm p\u0101rkl\u0101ta t\u0113rauda trose;<br \/>\n\u2022 atiestat\u0101ma 4 ciparu kombin\u0101cija;<br \/>\n\u2022 ide\u0101li piem\u0113rota bag\u0101\u017eas, sl\u0113pju u.c. priek\u0161metu dro\u0161\u012bbai;<br \/>\n\u2022 svars: 230 grami.<br \/>\n<iframe title=\"Sliding Cable Lock Instructions\" width=\"1200\" height=\"675\" src=\"https:\/\/www.youtube.com\/embed\/D4-QVlaGJRA?feature=oembed\" frameborder=\"0\" allow=\"accelerometer; autoplay; clipboard-write; encrypted-media; gyroscope; picture-in-picture; web-share\" referrerpolicy=\"strict-origin-when-cross-origin\" allowfullscreen><\/iframe><\/p>\n","protected":false},"excerpt":{"rendered":"<p>Piln\u012bb\u0101 regul\u0113jama kabe\u013ca sl\u0113dzene ar 2 metru garu t\u0113rauda trosi un \u010detrciparu kombin\u0101cijas kodu, ide\u0101li piem\u0113rota person\u012bgo mantu dro\u0161\u012bbai.<\/p>\n","protected":false},"featured_media":66537,"template":"","meta":[],"product_brand":[1308],"product_cat":[4140],"product_tag":[],"class_list":{"0":"post-66699","1":"product","2":"type-product","3":"status-publish","4":"has-post-thumbnail","6":"product_brand-lifeventure-lv","7":"product_cat-noderigas-lietas","9":"first","10":"instock","11":"taxable","12":"shipping-taxable","13":"purchasable","14":"product-type-simple"},"raw_content":{"name":"Lifeventure - B\u012bd\u0101m\u0101 kabe\u013ca sl\u0113dzene","description":"Piln\u012bb\u0101 regul\u0113jama kabe\u013cu sl\u0113dzene, kuru var cie\u0161i nostiprin\u0101t ap mant\u0101m pat ne\u0113rt\u0101s viet\u0101s.\nCinka sakaus\u0113juma korpuss sl\u012bd pa 200 cm garu t\u0113rauda trosi ar \u010detrciparu kombin\u0101ciju.\n\u012apa\u0161\u012bbas:\n\u2022 cinka sakaus\u0113juma sl\u0113dzenes korpuss;\n\u2022 200 cm p\u0101rkl\u0101ta t\u0113rauda trose;\n\u2022 atiestat\u0101ma 4 ciparu kombin\u0101cija;\n\u2022 ide\u0101li piem\u0113rota bag\u0101\u017eas, sl\u0113pju u.c. priek\u0161metu dro\u0161\u012bbai;\n\u2022 svars: 230 grami.\nhttps:\/\/youtu.be\/D4-QVlaGJRA?list=TLGGh4D0dg0tRb8yMDAyMjAyNQ","short_description":"Piln\u012bb\u0101 regul\u0113jama kabe\u013ca sl\u0113dzene ar 2 metru garu t\u0113rauda trosi un \u010detrciparu kombin\u0101cijas kodu, ide\u0101li piem\u0113rota person\u012bgo mantu dro\u0161\u012bbai.","status":"publish","sku":"5031863097420","original":66699},"wpml":{"translation_type":1,"has_translations":true,"original":66699,"duplicates":[],"translations":{"lv":66699,"en":66910,"ru":null}},"supplier_id":null,"supplier_sku":"","barcode":null,"atum_controlled":true,"out_stock_date":null,"out_stock_threshold":null,"inheritable":false,"inbound_stock":0,"stock_on_hold":0,"sold_today":0,"sales_last_days":0,"reserved_stock":0,"customer_returns":0,"warehouse_damage":0,"lost_in_post":0,"other_logs":0,"out_stock_days":0,"lost_sales":0,"has_location":false,"update_date":"2025-12-30T14:30:29","atum_locations":[],"atum_stock_status":"instock","restock_status":false,"low_stock_amount":"","sales_update_date":"2025-11-13T14:07:50","calc_backorders":null,"yoast_head":"<!-- This site is optimized with the Yoast SEO plugin v27.3 - https:\/\/yoast.com\/product\/yoast-seo-wordpress\/ -->\n<title>Lifeventure - B\u012bd\u0101m\u0101 kabe\u013ca sl\u0113dzene<\/title>\n<meta name=\"description\" content=\"Piln\u012bb\u0101 regul\u0113jama kabe\u013ca sl\u0113dzene ar 2 metru garu t\u0113rauda trosi un \u010detrciparu kombin\u0101cijas kodu, ide\u0101li piem\u0113rota person\u012bgo mantu dro\u0161\u012bbai.\" \/>\n<meta name=\"robots\" content=\"index, follow, max-snippet:-1, max-image-preview:large, max-video-preview:-1\" \/>\n<link rel=\"canonical\" href=\"https:\/\/gohike.lv\/ru\/produkts\/lifeventure-bidama-kabela-sledzene\/\" \/>\n<meta property=\"og:locale\" content=\"ru_RU\" \/>\n<meta property=\"og:type\" content=\"article\" \/>\n<meta property=\"og:title\" content=\"Lifeventure - B\u012bd\u0101m\u0101 kabe\u013ca sl\u0113dzene\" \/>\n<meta property=\"og:description\" content=\"Piln\u012bb\u0101 regul\u0113jama kabe\u013ca sl\u0113dzene ar 2 metru garu t\u0113rauda trosi un \u010detrciparu kombin\u0101cijas kodu, ide\u0101li piem\u0113rota person\u012bgo mantu dro\u0161\u012bbai.\" \/>\n<meta property=\"og:url\" content=\"https:\/\/gohike.lv\/ru\/produkts\/lifeventure-bidama-kabela-sledzene\/\" \/>\n<meta property=\"og:site_name\" content=\"GoHike\" \/>\n<meta property=\"article:publisher\" content=\"https:\/\/www.facebook.com\/gohike.shop\/\" \/>\n<meta property=\"article:modified_time\" content=\"2025-12-30T14:24:24+00:00\" \/>\n<meta property=\"og:image\" content=\"https:\/\/gohike.lv\/wp-content\/uploads\/2025\/02\/UtilityCable_.webp\" \/>\n\t<meta property=\"og:image:width\" content=\"900\" \/>\n\t<meta property=\"og:image:height\" content=\"900\" \/>\n\t<meta property=\"og:image:type\" content=\"image\/webp\" \/>\n<meta name=\"twitter:card\" content=\"summary_large_image\" \/>\n<meta name=\"twitter:title\" content=\"Lifeventure - B\u012bd\u0101m\u0101 kabe\u013ca sl\u0113dzene\" \/>\n<meta name=\"twitter:label1\" content=\"\u041f\u0440\u0438\u043c\u0435\u0440\u043d\u043e\u0435 \u0432\u0440\u0435\u043c\u044f \u0434\u043b\u044f \u0447\u0442\u0435\u043d\u0438\u044f\" \/>\n\t<meta name=\"twitter:data1\" content=\"1 \u043c\u0438\u043d\u0443\u0442\u0430\" \/>\n<script type=\"application\/ld+json\" class=\"yoast-schema-graph\">{\"@context\":\"https:\\\/\\\/schema.org\",\"@graph\":[{\"@type\":[\"WebPage\",\"ItemPage\"],\"@id\":\"https:\\\/\\\/gohike.lv\\\/ru\\\/produkts\\\/lifeventure-bidama-kabela-sledzene\\\/\",\"url\":\"https:\\\/\\\/gohike.lv\\\/ru\\\/produkts\\\/lifeventure-bidama-kabela-sledzene\\\/\",\"name\":\"Lifeventure - B\u012bd\u0101m\u0101 kabe\u013ca sl\u0113dzene\",\"isPartOf\":{\"@id\":\"https:\\\/\\\/gohike.lv\\\/ru\\\/#website\"},\"primaryImageOfPage\":{\"@id\":\"https:\\\/\\\/gohike.lv\\\/ru\\\/produkts\\\/lifeventure-bidama-kabela-sledzene\\\/#primaryimage\"},\"image\":{\"@id\":\"https:\\\/\\\/gohike.lv\\\/ru\\\/produkts\\\/lifeventure-bidama-kabela-sledzene\\\/#primaryimage\"},\"thumbnailUrl\":\"https:\\\/\\\/gohike.lv\\\/wp-content\\\/uploads\\\/2025\\\/02\\\/UtilityCable_.webp\",\"datePublished\":\"2025-03-05T09:29:55+00:00\",\"dateModified\":\"2025-12-30T14:24:24+00:00\",\"description\":\"Piln\u012bb\u0101 regul\u0113jama kabe\u013ca sl\u0113dzene ar 2 metru garu t\u0113rauda trosi un \u010detrciparu kombin\u0101cijas kodu, ide\u0101li piem\u0113rota person\u012bgo mantu dro\u0161\u012bbai.\",\"breadcrumb\":{\"@id\":\"https:\\\/\\\/gohike.lv\\\/ru\\\/produkts\\\/lifeventure-bidama-kabela-sledzene\\\/#breadcrumb\"},\"inLanguage\":\"ru-RU\",\"potentialAction\":[{\"@type\":\"ReadAction\",\"target\":[\"https:\\\/\\\/gohike.lv\\\/ru\\\/produkts\\\/lifeventure-bidama-kabela-sledzene\\\/\"]}]},{\"@type\":\"ImageObject\",\"inLanguage\":\"ru-RU\",\"@id\":\"https:\\\/\\\/gohike.lv\\\/ru\\\/produkts\\\/lifeventure-bidama-kabela-sledzene\\\/#primaryimage\",\"url\":\"https:\\\/\\\/gohike.lv\\\/wp-content\\\/uploads\\\/2025\\\/02\\\/UtilityCable_.webp\",\"contentUrl\":\"https:\\\/\\\/gohike.lv\\\/wp-content\\\/uploads\\\/2025\\\/02\\\/UtilityCable_.webp\",\"width\":900,\"height\":900},{\"@type\":\"BreadcrumbList\",\"@id\":\"https:\\\/\\\/gohike.lv\\\/ru\\\/produkts\\\/lifeventure-bidama-kabela-sledzene\\\/#breadcrumb\",\"itemListElement\":[{\"@type\":\"ListItem\",\"position\":1,\"name\":\"\u0413\u043b\u0430\u0432\u043d\u0430\u044f\",\"item\":\"https:\\\/\\\/gohike.lv\\\/ru\\\/\"},{\"@type\":\"ListItem\",\"position\":2,\"name\":\"\u041a\u0430\u0442\u0435\u0433\u043e\u0440\u0438\u0438 \u0442\u043e\u0432\u0430\u0440\u043e\u0432\",\"item\":\"https:\\\/\\\/gohike.lv\\\/%d0%ba%d0%b0%d1%82%d0%b5%d0%b3%d0%be%d1%80%d0%b8%d0%b8-%d1%82%d0%be%d0%b2%d0%b0%d1%80%d0%be%d0%b2\\\/\"},{\"@type\":\"ListItem\",\"position\":3,\"name\":\"Lifeventure &#8211; B\u012bd\u0101m\u0101 kabe\u013ca sl\u0113dzene\"}]},{\"@type\":\"WebSite\",\"@id\":\"https:\\\/\\\/gohike.lv\\\/ru\\\/#website\",\"url\":\"https:\\\/\\\/gohike.lv\\\/ru\\\/\",\"name\":\"GoHike\",\"description\":\"\",\"publisher\":{\"@id\":\"https:\\\/\\\/gohike.lv\\\/ru\\\/#organization\"},\"potentialAction\":[{\"@type\":\"SearchAction\",\"target\":{\"@type\":\"EntryPoint\",\"urlTemplate\":\"https:\\\/\\\/gohike.lv\\\/ru\\\/?s={search_term_string}\"},\"query-input\":{\"@type\":\"PropertyValueSpecification\",\"valueRequired\":true,\"valueName\":\"search_term_string\"}}],\"inLanguage\":\"ru-RU\"},{\"@type\":\"Organization\",\"@id\":\"https:\\\/\\\/gohike.lv\\\/ru\\\/#organization\",\"name\":\"GoHike\",\"url\":\"https:\\\/\\\/gohike.lv\\\/ru\\\/\",\"logo\":{\"@type\":\"ImageObject\",\"inLanguage\":\"ru-RU\",\"@id\":\"https:\\\/\\\/gohike.lv\\\/ru\\\/#\\\/schema\\\/logo\\\/image\\\/\",\"url\":\"https:\\\/\\\/gohike.lv\\\/wp-content\\\/uploads\\\/2023\\\/08\\\/Logo_GoHike.webp\",\"contentUrl\":\"https:\\\/\\\/gohike.lv\\\/wp-content\\\/uploads\\\/2023\\\/08\\\/Logo_GoHike.webp\",\"width\":512,\"height\":512,\"caption\":\"GoHike\"},\"image\":{\"@id\":\"https:\\\/\\\/gohike.lv\\\/ru\\\/#\\\/schema\\\/logo\\\/image\\\/\"},\"sameAs\":[\"https:\\\/\\\/www.facebook.com\\\/gohike.shop\\\/\",\"https:\\\/\\\/www.instagram.com\\\/gohike.shop\\\/\"]}]}<\/script>\n<!-- \/ Yoast SEO plugin. -->","yoast_head_json":{"title":"Lifeventure - B\u012bd\u0101m\u0101 kabe\u013ca sl\u0113dzene","description":"Piln\u012bb\u0101 regul\u0113jama kabe\u013ca sl\u0113dzene ar 2 metru garu t\u0113rauda trosi un \u010detrciparu kombin\u0101cijas kodu, ide\u0101li piem\u0113rota person\u012bgo mantu dro\u0161\u012bbai.","robots":{"index":"index","follow":"follow","max-snippet":"max-snippet:-1","max-image-preview":"max-image-preview:large","max-video-preview":"max-video-preview:-1"},"canonical":"https:\/\/gohike.lv\/ru\/produkts\/lifeventure-bidama-kabela-sledzene\/","og_locale":"ru_RU","og_type":"article","og_title":"Lifeventure - B\u012bd\u0101m\u0101 kabe\u013ca sl\u0113dzene","og_description":"Piln\u012bb\u0101 regul\u0113jama kabe\u013ca sl\u0113dzene ar 2 metru garu t\u0113rauda trosi un \u010detrciparu kombin\u0101cijas kodu, ide\u0101li piem\u0113rota person\u012bgo mantu dro\u0161\u012bbai.","og_url":"https:\/\/gohike.lv\/ru\/produkts\/lifeventure-bidama-kabela-sledzene\/","og_site_name":"GoHike","article_publisher":"https:\/\/www.facebook.com\/gohike.shop\/","article_modified_time":"2025-12-30T14:24:24+00:00","og_image":[{"width":900,"height":900,"url":"https:\/\/gohike.lv\/wp-content\/uploads\/2025\/02\/UtilityCable_.webp","type":"image\/webp"}],"twitter_card":"summary_large_image","twitter_title":"Lifeventure - B\u012bd\u0101m\u0101 kabe\u013ca sl\u0113dzene","twitter_misc":{"\u041f\u0440\u0438\u043c\u0435\u0440\u043d\u043e\u0435 \u0432\u0440\u0435\u043c\u044f \u0434\u043b\u044f \u0447\u0442\u0435\u043d\u0438\u044f":"1 \u043c\u0438\u043d\u0443\u0442\u0430"},"schema":{"@context":"https:\/\/schema.org","@graph":[{"@type":["WebPage","ItemPage"],"@id":"https:\/\/gohike.lv\/ru\/produkts\/lifeventure-bidama-kabela-sledzene\/","url":"https:\/\/gohike.lv\/ru\/produkts\/lifeventure-bidama-kabela-sledzene\/","name":"Lifeventure - B\u012bd\u0101m\u0101 kabe\u013ca sl\u0113dzene","isPartOf":{"@id":"https:\/\/gohike.lv\/ru\/#website"},"primaryImageOfPage":{"@id":"https:\/\/gohike.lv\/ru\/produkts\/lifeventure-bidama-kabela-sledzene\/#primaryimage"},"image":{"@id":"https:\/\/gohike.lv\/ru\/produkts\/lifeventure-bidama-kabela-sledzene\/#primaryimage"},"thumbnailUrl":"https:\/\/gohike.lv\/wp-content\/uploads\/2025\/02\/UtilityCable_.webp","datePublished":"2025-03-05T09:29:55+00:00","dateModified":"2025-12-30T14:24:24+00:00","description":"Piln\u012bb\u0101 regul\u0113jama kabe\u013ca sl\u0113dzene ar 2 metru garu t\u0113rauda trosi un \u010detrciparu kombin\u0101cijas kodu, ide\u0101li piem\u0113rota person\u012bgo mantu dro\u0161\u012bbai.","breadcrumb":{"@id":"https:\/\/gohike.lv\/ru\/produkts\/lifeventure-bidama-kabela-sledzene\/#breadcrumb"},"inLanguage":"ru-RU","potentialAction":[{"@type":"ReadAction","target":["https:\/\/gohike.lv\/ru\/produkts\/lifeventure-bidama-kabela-sledzene\/"]}]},{"@type":"ImageObject","inLanguage":"ru-RU","@id":"https:\/\/gohike.lv\/ru\/produkts\/lifeventure-bidama-kabela-sledzene\/#primaryimage","url":"https:\/\/gohike.lv\/wp-content\/uploads\/2025\/02\/UtilityCable_.webp","contentUrl":"https:\/\/gohike.lv\/wp-content\/uploads\/2025\/02\/UtilityCable_.webp","width":900,"height":900},{"@type":"BreadcrumbList","@id":"https:\/\/gohike.lv\/ru\/produkts\/lifeventure-bidama-kabela-sledzene\/#breadcrumb","itemListElement":[{"@type":"ListItem","position":1,"name":"\u0413\u043b\u0430\u0432\u043d\u0430\u044f","item":"https:\/\/gohike.lv\/ru\/"},{"@type":"ListItem","position":2,"name":"\u041a\u0430\u0442\u0435\u0433\u043e\u0440\u0438\u0438 \u0442\u043e\u0432\u0430\u0440\u043e\u0432","item":"https:\/\/gohike.lv\/%d0%ba%d0%b0%d1%82%d0%b5%d0%b3%d0%be%d1%80%d0%b8%d0%b8-%d1%82%d0%be%d0%b2%d0%b0%d1%80%d0%be%d0%b2\/"},{"@type":"ListItem","position":3,"name":"Lifeventure &#8211; B\u012bd\u0101m\u0101 kabe\u013ca sl\u0113dzene"}]},{"@type":"WebSite","@id":"https:\/\/gohike.lv\/ru\/#website","url":"https:\/\/gohike.lv\/ru\/","name":"GoHike","description":"","publisher":{"@id":"https:\/\/gohike.lv\/ru\/#organization"},"potentialAction":[{"@type":"SearchAction","target":{"@type":"EntryPoint","urlTemplate":"https:\/\/gohike.lv\/ru\/?s={search_term_string}"},"query-input":{"@type":"PropertyValueSpecification","valueRequired":true,"valueName":"search_term_string"}}],"inLanguage":"ru-RU"},{"@type":"Organization","@id":"https:\/\/gohike.lv\/ru\/#organization","name":"GoHike","url":"https:\/\/gohike.lv\/ru\/","logo":{"@type":"ImageObject","inLanguage":"ru-RU","@id":"https:\/\/gohike.lv\/ru\/#\/schema\/logo\/image\/","url":"https:\/\/gohike.lv\/wp-content\/uploads\/2023\/08\/Logo_GoHike.webp","contentUrl":"https:\/\/gohike.lv\/wp-content\/uploads\/2023\/08\/Logo_GoHike.webp","width":512,"height":512,"caption":"GoHike"},"image":{"@id":"https:\/\/gohike.lv\/ru\/#\/schema\/logo\/image\/"},"sameAs":["https:\/\/www.facebook.com\/gohike.shop\/","https:\/\/www.instagram.com\/gohike.shop\/"]}]}},"jetpack_sharing_enabled":true,"_links":{"self":[{"href":"https:\/\/gohike.lv\/ru\/wp-json\/wp\/v2\/product\/66699","targetHints":{"allow":["GET"]}}],"collection":[{"href":"https:\/\/gohike.lv\/ru\/wp-json\/wp\/v2\/product"}],"about":[{"href":"https:\/\/gohike.lv\/ru\/wp-json\/wp\/v2\/types\/product"}],"version-history":[{"count":0,"href":"https:\/\/gohike.lv\/ru\/wp-json\/wp\/v2\/product\/66699\/revisions"}],"wp:featuredmedia":[{"embeddable":true,"href":"https:\/\/gohike.lv\/ru\/wp-json\/wp\/v2\/media\/66537"}],"wp:attachment":[{"href":"https:\/\/gohike.lv\/ru\/wp-json\/wp\/v2\/media?parent=66699"}],"wp:term":[{"taxonomy":"product_brand","embeddable":true,"href":"https:\/\/gohike.lv\/ru\/wp-json\/wp\/v2\/product_brand?post=66699"},{"taxonomy":"product_cat","embeddable":true,"href":"https:\/\/gohike.lv\/ru\/wp-json\/wp\/v2\/product_cat?post=66699"},{"taxonomy":"product_tag","embeddable":true,"href":"https:\/\/gohike.lv\/ru\/wp-json\/wp\/v2\/product_tag?post=66699"}],"curies":[{"name":"wp","href":"https:\/\/api.w.org\/{rel}","templated":true}]}}