{"id":66693,"date":"2025-03-05T12:29:42","date_gmt":"2025-03-05T09:29:42","guid":{"rendered":"https:\/\/gohike.lv\/produkts\/lifeventure-rfid-jostas-macins-mini\/"},"modified":"2026-01-02T07:47:22","modified_gmt":"2026-01-02T04:47:22","slug":"lifeventure-rfid-jostas-macins-mini","status":"publish","type":"product","link":"https:\/\/gohike.lv\/ru\/produkts\/lifeventure-rfid-jostas-macins-mini\/","title":{"rendered":"Lifeventure &#8212; RFiD jostas maci\u0146\u0161 &#8212; mini"},"content":{"rendered":"<p>Nodro\u0161iniet savu person\u012bgo priek\u0161metu dro\u0161\u012bbu ar RFiD mini jostas maku. Maci\u0146\u0161 ir izstr\u0101d\u0101ts, lai to valk\u0101tu zem ap\u0123\u0113rba \u2013 tas ir m\u012bksts, viegls un neman\u0101ms.<br \/>\nAudums ir mitrumu uzs\u016bco\u0161s un elpojo\u0161s, kas padara to piem\u0113rotu siltam klimatam, un tam ir m\u012bksta elast\u012bga jostas siksna, lai nodro\u0161in\u0101tu komfortu \u0101dai. Galvenais nodal\u012bjums ir izstr\u0101d\u0101ts, lai taj\u0101 ietilptu pase un dokumenti.<br \/>\nMazais jostas maci\u0146\u0161 aizsarg\u0101 saturu no radiofrekven\u010du identifik\u0101cijas (RFiD) las\u012bt\u0101jiem, blo\u0137\u0113jot inform\u0101cijas p\u0101rraidi caur ni\u0137e\u013ca un vara p\u0101rkl\u0101tu poliestera audumu.<br \/>\nFunkcijas:<br \/>\n\u2022 Viegls un m\u012bksts elast\u012bgais audums;<br \/>\n\u2022 RFiD aizsardz\u012bba;<br \/>\n\u2022 Liels nodal\u012bjums ar r\u0101v\u0113jsl\u0113dz\u0113ju;<br \/>\n\u2022 Elast\u012bga jostas siksna ar tiev\u0101m spr\u0101dz\u0113m;<br \/>\n\u2022 M\u012bksts un \u0101tri mitrumu uzs\u016bco\u0161s neilona auduma aizmugur\u0113jais audums;<br \/>\n\u2022 Piem\u0113rots jostasviet\u0101m no 66 l\u012bdz 102 cm.<br \/>\nTehniskie parametri:<br \/>\n\u2022 Svars: 50 g;<br \/>\n\u2022 Izm\u0113ri: 11 x 22 cm.<br \/>\n<iframe title=\"Lifeventure RFiD Wallets &amp; Wearables\" width=\"1200\" height=\"675\" src=\"https:\/\/www.youtube.com\/embed\/oTa52obOBL0?feature=oembed\" frameborder=\"0\" allow=\"accelerometer; autoplay; clipboard-write; encrypted-media; gyroscope; picture-in-picture; web-share\" referrerpolicy=\"strict-origin-when-cross-origin\" allowfullscreen><\/iframe><\/p>\n","protected":false},"excerpt":{"rendered":"<p>Kompakts un \u0113rts jostas maci\u0146\u0161 ar RFiD aizsardz\u012bbu, kas nodro\u0161ina dro\u0161\u012bbu v\u0113rt\u012bg\u0101m liet\u0101m un dokumentiem.<\/p>\n","protected":false},"featured_media":66524,"template":"","meta":[],"product_brand":[1308],"product_cat":[1463],"product_tag":[],"class_list":{"0":"post-66693","1":"product","2":"type-product","3":"status-publish","4":"has-post-thumbnail","6":"product_brand-lifeventure-lv","7":"product_cat-somas-un-maki","8":"pa_izmerscm-10501","9":"pa_produkta-tips-maki","11":"first","12":"outofstock","13":"taxable","14":"shipping-taxable","15":"purchasable","16":"product-type-simple"},"raw_content":{"name":"Lifeventure - RFiD jostas maci\u0146\u0161 - mini","description":"Nodro\u0161iniet savu person\u012bgo priek\u0161metu dro\u0161\u012bbu ar RFiD mini jostas maku. Maci\u0146\u0161 ir izstr\u0101d\u0101ts, lai to valk\u0101tu zem ap\u0123\u0113rba \u2013 tas ir m\u012bksts, viegls un neman\u0101ms.\nAudums ir mitrumu uzs\u016bco\u0161s un elpojo\u0161s, kas padara to piem\u0113rotu siltam klimatam, un tam ir m\u012bksta elast\u012bga jostas siksna, lai nodro\u0161in\u0101tu komfortu \u0101dai. Galvenais nodal\u012bjums ir izstr\u0101d\u0101ts, lai taj\u0101 ietilptu pase un dokumenti.\nMazais jostas maci\u0146\u0161 aizsarg\u0101 saturu no radiofrekven\u010du identifik\u0101cijas (RFiD) las\u012bt\u0101jiem, blo\u0137\u0113jot inform\u0101cijas p\u0101rraidi caur ni\u0137e\u013ca un vara p\u0101rkl\u0101tu poliestera audumu.\nFunkcijas:\n\u2022 Viegls un m\u012bksts elast\u012bgais audums;\n\u2022 RFiD aizsardz\u012bba;\n\u2022 Liels nodal\u012bjums ar r\u0101v\u0113jsl\u0113dz\u0113ju;\n\u2022 Elast\u012bga jostas siksna ar tiev\u0101m spr\u0101dz\u0113m;\n\u2022 M\u012bksts un \u0101tri mitrumu uzs\u016bco\u0161s neilona auduma aizmugur\u0113jais audums;\n\u2022 Piem\u0113rots jostasviet\u0101m no 66 l\u012bdz 102 cm.\nTehniskie parametri:\n\u2022 Svars: 50 g;\n\u2022 Izm\u0113ri: 11 x 22 cm.\nhttps:\/\/youtu.be\/oTa52obOBL0?list=TLGGWOnd1VD-y9ExOTAyMjAyNQ","short_description":"Kompakts un \u0113rts jostas maci\u0146\u0161 ar RFiD aizsardz\u012bbu, kas nodro\u0161ina dro\u0161\u012bbu v\u0113rt\u012bg\u0101m liet\u0101m un dokumentiem.","status":"publish","sku":"5031863712408","original":66693},"wpml":{"translation_type":1,"has_translations":true,"original":66693,"duplicates":[],"translations":{"lv":66693,"en":66909,"ru":null}},"supplier_id":null,"supplier_sku":"","barcode":null,"atum_controlled":true,"out_stock_date":"2025-12-29 11:45:20","out_stock_threshold":null,"inheritable":false,"inbound_stock":0,"stock_on_hold":0,"sold_today":0,"sales_last_days":1,"reserved_stock":0,"customer_returns":0,"warehouse_damage":0,"lost_in_post":0,"other_logs":0,"out_stock_days":1,"lost_sales":2,"has_location":false,"update_date":"2026-01-02T04:47:23","atum_locations":[],"atum_stock_status":"outofstock","restock_status":false,"low_stock_amount":"","sales_update_date":"2025-12-30T14:04:48","calc_backorders":null,"yoast_head":"<!-- This site is optimized with the Yoast SEO plugin v27.3 - https:\/\/yoast.com\/product\/yoast-seo-wordpress\/ -->\n<title>Lifeventure - RFiD jostas maci\u0146\u0161 - mini<\/title>\n<meta name=\"description\" content=\"Kompakts un \u0113rts jostas maci\u0146\u0161 ar RFiD aizsardz\u012bbu, kas nodro\u0161ina dro\u0161\u012bbu v\u0113rt\u012bg\u0101m liet\u0101m un dokumentiem.\" \/>\n<meta name=\"robots\" content=\"index, follow, max-snippet:-1, max-image-preview:large, max-video-preview:-1\" \/>\n<link rel=\"canonical\" href=\"https:\/\/gohike.lv\/ru\/produkts\/lifeventure-rfid-jostas-macins-mini\/\" \/>\n<meta property=\"og:locale\" content=\"ru_RU\" \/>\n<meta property=\"og:type\" content=\"article\" \/>\n<meta property=\"og:title\" content=\"Lifeventure - RFiD jostas maci\u0146\u0161 - mini\" \/>\n<meta property=\"og:description\" content=\"Kompakts un \u0113rts jostas maci\u0146\u0161 ar RFiD aizsardz\u012bbu, kas nodro\u0161ina dro\u0161\u012bbu v\u0113rt\u012bg\u0101m liet\u0101m un dokumentiem.\" \/>\n<meta property=\"og:url\" content=\"https:\/\/gohike.lv\/ru\/produkts\/lifeventure-rfid-jostas-macins-mini\/\" \/>\n<meta property=\"og:site_name\" content=\"GoHike\" \/>\n<meta property=\"article:publisher\" content=\"https:\/\/www.facebook.com\/gohike.shop\/\" \/>\n<meta property=\"article:modified_time\" content=\"2026-01-02T04:47:22+00:00\" \/>\n<meta property=\"og:image\" content=\"https:\/\/gohike.lv\/wp-content\/uploads\/2025\/02\/MiniWaistWallet_.webp\" \/>\n\t<meta property=\"og:image:width\" content=\"900\" \/>\n\t<meta property=\"og:image:height\" content=\"900\" \/>\n\t<meta property=\"og:image:type\" content=\"image\/webp\" \/>\n<meta name=\"twitter:card\" content=\"summary_large_image\" \/>\n<meta name=\"twitter:title\" content=\"Lifeventure - RFiD jostas maci\u0146\u0161 - mini\" \/>\n<meta name=\"twitter:label1\" content=\"\u041f\u0440\u0438\u043c\u0435\u0440\u043d\u043e\u0435 \u0432\u0440\u0435\u043c\u044f \u0434\u043b\u044f \u0447\u0442\u0435\u043d\u0438\u044f\" \/>\n\t<meta name=\"twitter:data1\" content=\"1 \u043c\u0438\u043d\u0443\u0442\u0430\" \/>\n<script type=\"application\/ld+json\" class=\"yoast-schema-graph\">{\"@context\":\"https:\\\/\\\/schema.org\",\"@graph\":[{\"@type\":[\"WebPage\",\"ItemPage\"],\"@id\":\"https:\\\/\\\/gohike.lv\\\/ru\\\/produkts\\\/lifeventure-rfid-jostas-macins-mini\\\/\",\"url\":\"https:\\\/\\\/gohike.lv\\\/ru\\\/produkts\\\/lifeventure-rfid-jostas-macins-mini\\\/\",\"name\":\"Lifeventure - RFiD jostas maci\u0146\u0161 - mini\",\"isPartOf\":{\"@id\":\"https:\\\/\\\/gohike.lv\\\/ru\\\/#website\"},\"primaryImageOfPage\":{\"@id\":\"https:\\\/\\\/gohike.lv\\\/ru\\\/produkts\\\/lifeventure-rfid-jostas-macins-mini\\\/#primaryimage\"},\"image\":{\"@id\":\"https:\\\/\\\/gohike.lv\\\/ru\\\/produkts\\\/lifeventure-rfid-jostas-macins-mini\\\/#primaryimage\"},\"thumbnailUrl\":\"https:\\\/\\\/gohike.lv\\\/wp-content\\\/uploads\\\/2025\\\/02\\\/MiniWaistWallet_.webp\",\"datePublished\":\"2025-03-05T09:29:42+00:00\",\"dateModified\":\"2026-01-02T04:47:22+00:00\",\"description\":\"Kompakts un \u0113rts jostas maci\u0146\u0161 ar RFiD aizsardz\u012bbu, kas nodro\u0161ina dro\u0161\u012bbu v\u0113rt\u012bg\u0101m liet\u0101m un dokumentiem.\",\"breadcrumb\":{\"@id\":\"https:\\\/\\\/gohike.lv\\\/ru\\\/produkts\\\/lifeventure-rfid-jostas-macins-mini\\\/#breadcrumb\"},\"inLanguage\":\"ru-RU\",\"potentialAction\":[{\"@type\":\"ReadAction\",\"target\":[\"https:\\\/\\\/gohike.lv\\\/ru\\\/produkts\\\/lifeventure-rfid-jostas-macins-mini\\\/\"]}]},{\"@type\":\"ImageObject\",\"inLanguage\":\"ru-RU\",\"@id\":\"https:\\\/\\\/gohike.lv\\\/ru\\\/produkts\\\/lifeventure-rfid-jostas-macins-mini\\\/#primaryimage\",\"url\":\"https:\\\/\\\/gohike.lv\\\/wp-content\\\/uploads\\\/2025\\\/02\\\/MiniWaistWallet_.webp\",\"contentUrl\":\"https:\\\/\\\/gohike.lv\\\/wp-content\\\/uploads\\\/2025\\\/02\\\/MiniWaistWallet_.webp\",\"width\":900,\"height\":900},{\"@type\":\"BreadcrumbList\",\"@id\":\"https:\\\/\\\/gohike.lv\\\/ru\\\/produkts\\\/lifeventure-rfid-jostas-macins-mini\\\/#breadcrumb\",\"itemListElement\":[{\"@type\":\"ListItem\",\"position\":1,\"name\":\"\u0413\u043b\u0430\u0432\u043d\u0430\u044f\",\"item\":\"https:\\\/\\\/gohike.lv\\\/ru\\\/\"},{\"@type\":\"ListItem\",\"position\":2,\"name\":\"\u041a\u0430\u0442\u0435\u0433\u043e\u0440\u0438\u0438 \u0442\u043e\u0432\u0430\u0440\u043e\u0432\",\"item\":\"https:\\\/\\\/gohike.lv\\\/%d0%ba%d0%b0%d1%82%d0%b5%d0%b3%d0%be%d1%80%d0%b8%d0%b8-%d1%82%d0%be%d0%b2%d0%b0%d1%80%d0%be%d0%b2\\\/\"},{\"@type\":\"ListItem\",\"position\":3,\"name\":\"Lifeventure &#8211; RFiD jostas maci\u0146\u0161 &#8211; mini\"}]},{\"@type\":\"WebSite\",\"@id\":\"https:\\\/\\\/gohike.lv\\\/ru\\\/#website\",\"url\":\"https:\\\/\\\/gohike.lv\\\/ru\\\/\",\"name\":\"GoHike\",\"description\":\"\",\"publisher\":{\"@id\":\"https:\\\/\\\/gohike.lv\\\/ru\\\/#organization\"},\"potentialAction\":[{\"@type\":\"SearchAction\",\"target\":{\"@type\":\"EntryPoint\",\"urlTemplate\":\"https:\\\/\\\/gohike.lv\\\/ru\\\/?s={search_term_string}\"},\"query-input\":{\"@type\":\"PropertyValueSpecification\",\"valueRequired\":true,\"valueName\":\"search_term_string\"}}],\"inLanguage\":\"ru-RU\"},{\"@type\":\"Organization\",\"@id\":\"https:\\\/\\\/gohike.lv\\\/ru\\\/#organization\",\"name\":\"GoHike\",\"url\":\"https:\\\/\\\/gohike.lv\\\/ru\\\/\",\"logo\":{\"@type\":\"ImageObject\",\"inLanguage\":\"ru-RU\",\"@id\":\"https:\\\/\\\/gohike.lv\\\/ru\\\/#\\\/schema\\\/logo\\\/image\\\/\",\"url\":\"https:\\\/\\\/gohike.lv\\\/wp-content\\\/uploads\\\/2023\\\/08\\\/Logo_GoHike.webp\",\"contentUrl\":\"https:\\\/\\\/gohike.lv\\\/wp-content\\\/uploads\\\/2023\\\/08\\\/Logo_GoHike.webp\",\"width\":512,\"height\":512,\"caption\":\"GoHike\"},\"image\":{\"@id\":\"https:\\\/\\\/gohike.lv\\\/ru\\\/#\\\/schema\\\/logo\\\/image\\\/\"},\"sameAs\":[\"https:\\\/\\\/www.facebook.com\\\/gohike.shop\\\/\",\"https:\\\/\\\/www.instagram.com\\\/gohike.shop\\\/\"]}]}<\/script>\n<!-- \/ Yoast SEO plugin. -->","yoast_head_json":{"title":"Lifeventure - RFiD jostas maci\u0146\u0161 - mini","description":"Kompakts un \u0113rts jostas maci\u0146\u0161 ar RFiD aizsardz\u012bbu, kas nodro\u0161ina dro\u0161\u012bbu v\u0113rt\u012bg\u0101m liet\u0101m un dokumentiem.","robots":{"index":"index","follow":"follow","max-snippet":"max-snippet:-1","max-image-preview":"max-image-preview:large","max-video-preview":"max-video-preview:-1"},"canonical":"https:\/\/gohike.lv\/ru\/produkts\/lifeventure-rfid-jostas-macins-mini\/","og_locale":"ru_RU","og_type":"article","og_title":"Lifeventure - RFiD jostas maci\u0146\u0161 - mini","og_description":"Kompakts un \u0113rts jostas maci\u0146\u0161 ar RFiD aizsardz\u012bbu, kas nodro\u0161ina dro\u0161\u012bbu v\u0113rt\u012bg\u0101m liet\u0101m un dokumentiem.","og_url":"https:\/\/gohike.lv\/ru\/produkts\/lifeventure-rfid-jostas-macins-mini\/","og_site_name":"GoHike","article_publisher":"https:\/\/www.facebook.com\/gohike.shop\/","article_modified_time":"2026-01-02T04:47:22+00:00","og_image":[{"width":900,"height":900,"url":"https:\/\/gohike.lv\/wp-content\/uploads\/2025\/02\/MiniWaistWallet_.webp","type":"image\/webp"}],"twitter_card":"summary_large_image","twitter_title":"Lifeventure - RFiD jostas maci\u0146\u0161 - mini","twitter_misc":{"\u041f\u0440\u0438\u043c\u0435\u0440\u043d\u043e\u0435 \u0432\u0440\u0435\u043c\u044f \u0434\u043b\u044f \u0447\u0442\u0435\u043d\u0438\u044f":"1 \u043c\u0438\u043d\u0443\u0442\u0430"},"schema":{"@context":"https:\/\/schema.org","@graph":[{"@type":["WebPage","ItemPage"],"@id":"https:\/\/gohike.lv\/ru\/produkts\/lifeventure-rfid-jostas-macins-mini\/","url":"https:\/\/gohike.lv\/ru\/produkts\/lifeventure-rfid-jostas-macins-mini\/","name":"Lifeventure - RFiD jostas maci\u0146\u0161 - mini","isPartOf":{"@id":"https:\/\/gohike.lv\/ru\/#website"},"primaryImageOfPage":{"@id":"https:\/\/gohike.lv\/ru\/produkts\/lifeventure-rfid-jostas-macins-mini\/#primaryimage"},"image":{"@id":"https:\/\/gohike.lv\/ru\/produkts\/lifeventure-rfid-jostas-macins-mini\/#primaryimage"},"thumbnailUrl":"https:\/\/gohike.lv\/wp-content\/uploads\/2025\/02\/MiniWaistWallet_.webp","datePublished":"2025-03-05T09:29:42+00:00","dateModified":"2026-01-02T04:47:22+00:00","description":"Kompakts un \u0113rts jostas maci\u0146\u0161 ar RFiD aizsardz\u012bbu, kas nodro\u0161ina dro\u0161\u012bbu v\u0113rt\u012bg\u0101m liet\u0101m un dokumentiem.","breadcrumb":{"@id":"https:\/\/gohike.lv\/ru\/produkts\/lifeventure-rfid-jostas-macins-mini\/#breadcrumb"},"inLanguage":"ru-RU","potentialAction":[{"@type":"ReadAction","target":["https:\/\/gohike.lv\/ru\/produkts\/lifeventure-rfid-jostas-macins-mini\/"]}]},{"@type":"ImageObject","inLanguage":"ru-RU","@id":"https:\/\/gohike.lv\/ru\/produkts\/lifeventure-rfid-jostas-macins-mini\/#primaryimage","url":"https:\/\/gohike.lv\/wp-content\/uploads\/2025\/02\/MiniWaistWallet_.webp","contentUrl":"https:\/\/gohike.lv\/wp-content\/uploads\/2025\/02\/MiniWaistWallet_.webp","width":900,"height":900},{"@type":"BreadcrumbList","@id":"https:\/\/gohike.lv\/ru\/produkts\/lifeventure-rfid-jostas-macins-mini\/#breadcrumb","itemListElement":[{"@type":"ListItem","position":1,"name":"\u0413\u043b\u0430\u0432\u043d\u0430\u044f","item":"https:\/\/gohike.lv\/ru\/"},{"@type":"ListItem","position":2,"name":"\u041a\u0430\u0442\u0435\u0433\u043e\u0440\u0438\u0438 \u0442\u043e\u0432\u0430\u0440\u043e\u0432","item":"https:\/\/gohike.lv\/%d0%ba%d0%b0%d1%82%d0%b5%d0%b3%d0%be%d1%80%d0%b8%d0%b8-%d1%82%d0%be%d0%b2%d0%b0%d1%80%d0%be%d0%b2\/"},{"@type":"ListItem","position":3,"name":"Lifeventure &#8211; RFiD jostas maci\u0146\u0161 &#8211; mini"}]},{"@type":"WebSite","@id":"https:\/\/gohike.lv\/ru\/#website","url":"https:\/\/gohike.lv\/ru\/","name":"GoHike","description":"","publisher":{"@id":"https:\/\/gohike.lv\/ru\/#organization"},"potentialAction":[{"@type":"SearchAction","target":{"@type":"EntryPoint","urlTemplate":"https:\/\/gohike.lv\/ru\/?s={search_term_string}"},"query-input":{"@type":"PropertyValueSpecification","valueRequired":true,"valueName":"search_term_string"}}],"inLanguage":"ru-RU"},{"@type":"Organization","@id":"https:\/\/gohike.lv\/ru\/#organization","name":"GoHike","url":"https:\/\/gohike.lv\/ru\/","logo":{"@type":"ImageObject","inLanguage":"ru-RU","@id":"https:\/\/gohike.lv\/ru\/#\/schema\/logo\/image\/","url":"https:\/\/gohike.lv\/wp-content\/uploads\/2023\/08\/Logo_GoHike.webp","contentUrl":"https:\/\/gohike.lv\/wp-content\/uploads\/2023\/08\/Logo_GoHike.webp","width":512,"height":512,"caption":"GoHike"},"image":{"@id":"https:\/\/gohike.lv\/ru\/#\/schema\/logo\/image\/"},"sameAs":["https:\/\/www.facebook.com\/gohike.shop\/","https:\/\/www.instagram.com\/gohike.shop\/"]}]}},"jetpack_sharing_enabled":true,"_links":{"self":[{"href":"https:\/\/gohike.lv\/ru\/wp-json\/wp\/v2\/product\/66693","targetHints":{"allow":["GET"]}}],"collection":[{"href":"https:\/\/gohike.lv\/ru\/wp-json\/wp\/v2\/product"}],"about":[{"href":"https:\/\/gohike.lv\/ru\/wp-json\/wp\/v2\/types\/product"}],"version-history":[{"count":0,"href":"https:\/\/gohike.lv\/ru\/wp-json\/wp\/v2\/product\/66693\/revisions"}],"wp:featuredmedia":[{"embeddable":true,"href":"https:\/\/gohike.lv\/ru\/wp-json\/wp\/v2\/media\/66524"}],"wp:attachment":[{"href":"https:\/\/gohike.lv\/ru\/wp-json\/wp\/v2\/media?parent=66693"}],"wp:term":[{"taxonomy":"product_brand","embeddable":true,"href":"https:\/\/gohike.lv\/ru\/wp-json\/wp\/v2\/product_brand?post=66693"},{"taxonomy":"product_cat","embeddable":true,"href":"https:\/\/gohike.lv\/ru\/wp-json\/wp\/v2\/product_cat?post=66693"},{"taxonomy":"product_tag","embeddable":true,"href":"https:\/\/gohike.lv\/ru\/wp-json\/wp\/v2\/product_tag?post=66693"}],"curies":[{"name":"wp","href":"https:\/\/api.w.org\/{rel}","templated":true}]}}