{"id":66691,"date":"2025-03-05T12:29:42","date_gmt":"2025-03-05T09:29:42","guid":{"rendered":"https:\/\/gohike.lv\/produkts\/lifeventure-ultralight-dry-bag-udensmaiss-35l\/"},"modified":"2025-12-30T17:24:24","modified_gmt":"2025-12-30T14:24:24","slug":"lifeventure-ultralight-dry-bag-udensmaiss-35l","status":"publish","type":"product","link":"https:\/\/gohike.lv\/ru\/produkts\/lifeventure-ultralight-dry-bag-udensmaiss-35l\/","title":{"rendered":"Lifeventure &#8212; Ultralight Dry Bag &#8212; \u016bdensmaiss, 35L"},"content":{"rendered":"<p>\u0160is 35 litru \u016bdensmaiss izgatavots no augstas iztur\u012bbas ripstop neilona auduma, kas padara to vieglu un iztur\u012bgu. Silikoniz\u0113ts p\u0101rkl\u0101jums \u0101rpus\u0113 un PU p\u0101rkl\u0101jums iek\u0161pus\u0113 kop\u0101 ar piln\u012bb\u0101 l\u012bm\u0113t\u0101m \u0161uv\u0113m nodro\u0161ina, ka mantas paliks piln\u012bgi sausas.<br \/>\nCaursp\u012bd\u012bga spilgta kr\u0101sa pal\u012bdz\u0113s viegli at\u0161\u0137irt un identific\u0113t J\u016bsu apr\u012bkojumu. Vienk\u0101r\u0161i sarull\u0113jiet aug\u0161da\u013cu tr\u012bs reizes un aizveriet, izmantojot Cross spr\u0101dzi.<br \/>\nFunkcijas:<br \/>\n\u2022 \u016adensnecaurlaid\u012bgs PU p\u0101rkl\u0101jums ar piln\u012bb\u0101 l\u012bm\u0113t\u0101m \u0161uv\u0113m;<br \/>\n\u2022 Rull\u0113jams aizv\u0113r\u0161anas meh\u0101nisms;<br \/>\n\u2022 Hipolona pirkstu cilpa apak\u0161\u0101, lai atvieglotu iz\u0146em\u0161anu;<br \/>\n\u2022 Eliptiska forma maksim\u0101lai vietas izmanto\u0161anai;<br \/>\n\u2022 Ripstop \u2013 ultraviegls 30D silikoniz\u0113ts ripstop audums;<br \/>\nTehniskie parametri:<br \/>\n\u2022 Svars: 70 g;<br \/>\n\u2022 Tilpums: 35 litri;<br \/>\n\u2022 Izm\u0113ri (salikts): 650 x 335 x 252 mm.<\/p>\n","protected":false},"excerpt":{"rendered":"<p>Viegls un iztur\u012bgs 35 litru \u016bdensmaiss ar piln\u012bb\u0101 \u016bdensnecaurlaid\u012bgu dizainu, piem\u0113rots akt\u012bvai atp\u016btai.<\/p>\n","protected":false},"featured_media":69231,"template":"","meta":[],"product_brand":[1308],"product_cat":[1351],"product_tag":[],"class_list":{"0":"post-66691","1":"product","2":"type-product","3":"status-publish","4":"has-post-thumbnail","6":"product_brand-lifeventure-lv","7":"product_cat-udensdrosie-iepakojumi","8":"pa_izmerscm-6533-525-2","9":"pa_produkta-tips-udensdrosie-maisi","10":"pa_tilpums-35l","12":"first","13":"instock","14":"taxable","15":"shipping-taxable","16":"purchasable","17":"product-type-simple"},"raw_content":{"name":"Lifeventure - Ultralight Dry Bag - \u016bdensmaiss, 35L","description":"\u0160is 35 litru \u016bdensmaiss izgatavots no augstas iztur\u012bbas ripstop neilona auduma, kas padara to vieglu un iztur\u012bgu. Silikoniz\u0113ts p\u0101rkl\u0101jums \u0101rpus\u0113 un PU p\u0101rkl\u0101jums iek\u0161pus\u0113 kop\u0101 ar piln\u012bb\u0101 l\u012bm\u0113t\u0101m \u0161uv\u0113m nodro\u0161ina, ka mantas paliks piln\u012bgi sausas.\nCaursp\u012bd\u012bga spilgta kr\u0101sa pal\u012bdz\u0113s viegli at\u0161\u0137irt un identific\u0113t J\u016bsu apr\u012bkojumu. Vienk\u0101r\u0161i sarull\u0113jiet aug\u0161da\u013cu tr\u012bs reizes un aizveriet, izmantojot Cross spr\u0101dzi.\nFunkcijas:\n\u2022 \u016adensnecaurlaid\u012bgs PU p\u0101rkl\u0101jums ar piln\u012bb\u0101 l\u012bm\u0113t\u0101m \u0161uv\u0113m;\n\u2022 Rull\u0113jams aizv\u0113r\u0161anas meh\u0101nisms;\n\u2022 Hipolona pirkstu cilpa apak\u0161\u0101, lai atvieglotu iz\u0146em\u0161anu;\n\u2022 Eliptiska forma maksim\u0101lai vietas izmanto\u0161anai;\n\u2022 Ripstop \u2013 ultraviegls 30D silikoniz\u0113ts ripstop audums;\nTehniskie parametri:\n\u2022 Svars: 70 g;\n\u2022 Tilpums: 35 litri;\n\u2022 Izm\u0113ri (salikts): 650 x 335 x 252 mm.","short_description":"Viegls un iztur\u012bgs 35 litru \u016bdensmaiss ar piln\u012bb\u0101 \u016bdensnecaurlaid\u012bgu dizainu, piem\u0113rots akt\u012bvai atp\u016btai.","status":"publish","sku":"5031863596602","original":66691},"wpml":{"translation_type":1,"has_translations":true,"original":66691,"duplicates":[],"translations":{"lv":66691,"en":66911,"ru":null}},"supplier_id":null,"supplier_sku":"","barcode":null,"atum_controlled":true,"out_stock_date":null,"out_stock_threshold":null,"inheritable":false,"inbound_stock":0,"stock_on_hold":0,"sold_today":0,"sales_last_days":0,"reserved_stock":0,"customer_returns":0,"warehouse_damage":0,"lost_in_post":0,"other_logs":0,"out_stock_days":0,"lost_sales":0,"has_location":false,"update_date":"2025-12-30T14:30:29","atum_locations":[],"atum_stock_status":"instock","restock_status":false,"low_stock_amount":"","sales_update_date":"2025-11-13T14:08:52","calc_backorders":null,"yoast_head":"<!-- This site is optimized with the Yoast SEO plugin v27.3 - https:\/\/yoast.com\/product\/yoast-seo-wordpress\/ -->\n<title>Lifeventure - Ultralight Dry Bag - \u016bdensmaiss, 35L<\/title>\n<meta name=\"description\" content=\"Viegls un iztur\u012bgs 35 litru \u016bdensmaiss ar piln\u012bb\u0101 \u016bdensnecaurlaid\u012bgu dizainu, piem\u0113rots akt\u012bvai atp\u016btai.\" \/>\n<meta name=\"robots\" content=\"index, follow, max-snippet:-1, max-image-preview:large, max-video-preview:-1\" \/>\n<link rel=\"canonical\" href=\"https:\/\/gohike.lv\/ru\/produkts\/lifeventure-ultralight-dry-bag-udensmaiss-35l\/\" \/>\n<meta property=\"og:locale\" content=\"ru_RU\" \/>\n<meta property=\"og:type\" content=\"article\" \/>\n<meta property=\"og:title\" content=\"Lifeventure - Ultralight Dry Bag - \u016bdensmaiss, 35L\" \/>\n<meta property=\"og:description\" content=\"Viegls un iztur\u012bgs 35 litru \u016bdensmaiss ar piln\u012bb\u0101 \u016bdensnecaurlaid\u012bgu dizainu, piem\u0113rots akt\u012bvai atp\u016btai.\" \/>\n<meta property=\"og:url\" content=\"https:\/\/gohike.lv\/ru\/produkts\/lifeventure-ultralight-dry-bag-udensmaiss-35l\/\" \/>\n<meta property=\"og:site_name\" content=\"GoHike\" \/>\n<meta property=\"article:publisher\" content=\"https:\/\/www.facebook.com\/gohike.shop\/\" \/>\n<meta property=\"article:modified_time\" content=\"2025-12-30T14:24:24+00:00\" \/>\n<meta property=\"og:image\" content=\"https:\/\/gohike.lv\/wp-content\/uploads\/2025\/02\/dryBagg35L.webp\" \/>\n\t<meta property=\"og:image:width\" content=\"900\" \/>\n\t<meta property=\"og:image:height\" content=\"900\" \/>\n\t<meta property=\"og:image:type\" content=\"image\/webp\" \/>\n<meta name=\"twitter:card\" content=\"summary_large_image\" \/>\n<meta name=\"twitter:title\" content=\"Lifeventure - Ultralight Dry Bag - \u016bdensmaiss, 35L\" \/>\n<meta name=\"twitter:label1\" content=\"\u041f\u0440\u0438\u043c\u0435\u0440\u043d\u043e\u0435 \u0432\u0440\u0435\u043c\u044f \u0434\u043b\u044f \u0447\u0442\u0435\u043d\u0438\u044f\" \/>\n\t<meta name=\"twitter:data1\" content=\"1 \u043c\u0438\u043d\u0443\u0442\u0430\" \/>\n<script type=\"application\/ld+json\" class=\"yoast-schema-graph\">{\"@context\":\"https:\\\/\\\/schema.org\",\"@graph\":[{\"@type\":[\"WebPage\",\"ItemPage\"],\"@id\":\"https:\\\/\\\/gohike.lv\\\/ru\\\/produkts\\\/lifeventure-ultralight-dry-bag-udensmaiss-35l\\\/\",\"url\":\"https:\\\/\\\/gohike.lv\\\/ru\\\/produkts\\\/lifeventure-ultralight-dry-bag-udensmaiss-35l\\\/\",\"name\":\"Lifeventure - Ultralight Dry Bag - \u016bdensmaiss, 35L\",\"isPartOf\":{\"@id\":\"https:\\\/\\\/gohike.lv\\\/ru\\\/#website\"},\"primaryImageOfPage\":{\"@id\":\"https:\\\/\\\/gohike.lv\\\/ru\\\/produkts\\\/lifeventure-ultralight-dry-bag-udensmaiss-35l\\\/#primaryimage\"},\"image\":{\"@id\":\"https:\\\/\\\/gohike.lv\\\/ru\\\/produkts\\\/lifeventure-ultralight-dry-bag-udensmaiss-35l\\\/#primaryimage\"},\"thumbnailUrl\":\"https:\\\/\\\/gohike.lv\\\/wp-content\\\/uploads\\\/2025\\\/02\\\/dryBagg35L.webp\",\"datePublished\":\"2025-03-05T09:29:42+00:00\",\"dateModified\":\"2025-12-30T14:24:24+00:00\",\"description\":\"Viegls un iztur\u012bgs 35 litru \u016bdensmaiss ar piln\u012bb\u0101 \u016bdensnecaurlaid\u012bgu dizainu, piem\u0113rots akt\u012bvai atp\u016btai.\",\"breadcrumb\":{\"@id\":\"https:\\\/\\\/gohike.lv\\\/ru\\\/produkts\\\/lifeventure-ultralight-dry-bag-udensmaiss-35l\\\/#breadcrumb\"},\"inLanguage\":\"ru-RU\",\"potentialAction\":[{\"@type\":\"ReadAction\",\"target\":[\"https:\\\/\\\/gohike.lv\\\/ru\\\/produkts\\\/lifeventure-ultralight-dry-bag-udensmaiss-35l\\\/\"]}]},{\"@type\":\"ImageObject\",\"inLanguage\":\"ru-RU\",\"@id\":\"https:\\\/\\\/gohike.lv\\\/ru\\\/produkts\\\/lifeventure-ultralight-dry-bag-udensmaiss-35l\\\/#primaryimage\",\"url\":\"https:\\\/\\\/gohike.lv\\\/wp-content\\\/uploads\\\/2025\\\/02\\\/dryBagg35L.webp\",\"contentUrl\":\"https:\\\/\\\/gohike.lv\\\/wp-content\\\/uploads\\\/2025\\\/02\\\/dryBagg35L.webp\",\"width\":900,\"height\":900},{\"@type\":\"BreadcrumbList\",\"@id\":\"https:\\\/\\\/gohike.lv\\\/ru\\\/produkts\\\/lifeventure-ultralight-dry-bag-udensmaiss-35l\\\/#breadcrumb\",\"itemListElement\":[{\"@type\":\"ListItem\",\"position\":1,\"name\":\"\u0413\u043b\u0430\u0432\u043d\u0430\u044f\",\"item\":\"https:\\\/\\\/gohike.lv\\\/ru\\\/\"},{\"@type\":\"ListItem\",\"position\":2,\"name\":\"\u041a\u0430\u0442\u0435\u0433\u043e\u0440\u0438\u0438 \u0442\u043e\u0432\u0430\u0440\u043e\u0432\",\"item\":\"https:\\\/\\\/gohike.lv\\\/%d0%ba%d0%b0%d1%82%d0%b5%d0%b3%d0%be%d1%80%d0%b8%d0%b8-%d1%82%d0%be%d0%b2%d0%b0%d1%80%d0%be%d0%b2\\\/\"},{\"@type\":\"ListItem\",\"position\":3,\"name\":\"Lifeventure &#8211; Ultralight Dry Bag &#8211; \u016bdensmaiss, 35L\"}]},{\"@type\":\"WebSite\",\"@id\":\"https:\\\/\\\/gohike.lv\\\/ru\\\/#website\",\"url\":\"https:\\\/\\\/gohike.lv\\\/ru\\\/\",\"name\":\"GoHike\",\"description\":\"\",\"publisher\":{\"@id\":\"https:\\\/\\\/gohike.lv\\\/ru\\\/#organization\"},\"potentialAction\":[{\"@type\":\"SearchAction\",\"target\":{\"@type\":\"EntryPoint\",\"urlTemplate\":\"https:\\\/\\\/gohike.lv\\\/ru\\\/?s={search_term_string}\"},\"query-input\":{\"@type\":\"PropertyValueSpecification\",\"valueRequired\":true,\"valueName\":\"search_term_string\"}}],\"inLanguage\":\"ru-RU\"},{\"@type\":\"Organization\",\"@id\":\"https:\\\/\\\/gohike.lv\\\/ru\\\/#organization\",\"name\":\"GoHike\",\"url\":\"https:\\\/\\\/gohike.lv\\\/ru\\\/\",\"logo\":{\"@type\":\"ImageObject\",\"inLanguage\":\"ru-RU\",\"@id\":\"https:\\\/\\\/gohike.lv\\\/ru\\\/#\\\/schema\\\/logo\\\/image\\\/\",\"url\":\"https:\\\/\\\/gohike.lv\\\/wp-content\\\/uploads\\\/2023\\\/08\\\/Logo_GoHike.webp\",\"contentUrl\":\"https:\\\/\\\/gohike.lv\\\/wp-content\\\/uploads\\\/2023\\\/08\\\/Logo_GoHike.webp\",\"width\":512,\"height\":512,\"caption\":\"GoHike\"},\"image\":{\"@id\":\"https:\\\/\\\/gohike.lv\\\/ru\\\/#\\\/schema\\\/logo\\\/image\\\/\"},\"sameAs\":[\"https:\\\/\\\/www.facebook.com\\\/gohike.shop\\\/\",\"https:\\\/\\\/www.instagram.com\\\/gohike.shop\\\/\"]}]}<\/script>\n<!-- \/ Yoast SEO plugin. -->","yoast_head_json":{"title":"Lifeventure - Ultralight Dry Bag - \u016bdensmaiss, 35L","description":"Viegls un iztur\u012bgs 35 litru \u016bdensmaiss ar piln\u012bb\u0101 \u016bdensnecaurlaid\u012bgu dizainu, piem\u0113rots akt\u012bvai atp\u016btai.","robots":{"index":"index","follow":"follow","max-snippet":"max-snippet:-1","max-image-preview":"max-image-preview:large","max-video-preview":"max-video-preview:-1"},"canonical":"https:\/\/gohike.lv\/ru\/produkts\/lifeventure-ultralight-dry-bag-udensmaiss-35l\/","og_locale":"ru_RU","og_type":"article","og_title":"Lifeventure - Ultralight Dry Bag - \u016bdensmaiss, 35L","og_description":"Viegls un iztur\u012bgs 35 litru \u016bdensmaiss ar piln\u012bb\u0101 \u016bdensnecaurlaid\u012bgu dizainu, piem\u0113rots akt\u012bvai atp\u016btai.","og_url":"https:\/\/gohike.lv\/ru\/produkts\/lifeventure-ultralight-dry-bag-udensmaiss-35l\/","og_site_name":"GoHike","article_publisher":"https:\/\/www.facebook.com\/gohike.shop\/","article_modified_time":"2025-12-30T14:24:24+00:00","og_image":[{"width":900,"height":900,"url":"https:\/\/gohike.lv\/wp-content\/uploads\/2025\/02\/dryBagg35L.webp","type":"image\/webp"}],"twitter_card":"summary_large_image","twitter_title":"Lifeventure - Ultralight Dry Bag - \u016bdensmaiss, 35L","twitter_misc":{"\u041f\u0440\u0438\u043c\u0435\u0440\u043d\u043e\u0435 \u0432\u0440\u0435\u043c\u044f \u0434\u043b\u044f \u0447\u0442\u0435\u043d\u0438\u044f":"1 \u043c\u0438\u043d\u0443\u0442\u0430"},"schema":{"@context":"https:\/\/schema.org","@graph":[{"@type":["WebPage","ItemPage"],"@id":"https:\/\/gohike.lv\/ru\/produkts\/lifeventure-ultralight-dry-bag-udensmaiss-35l\/","url":"https:\/\/gohike.lv\/ru\/produkts\/lifeventure-ultralight-dry-bag-udensmaiss-35l\/","name":"Lifeventure - Ultralight Dry Bag - \u016bdensmaiss, 35L","isPartOf":{"@id":"https:\/\/gohike.lv\/ru\/#website"},"primaryImageOfPage":{"@id":"https:\/\/gohike.lv\/ru\/produkts\/lifeventure-ultralight-dry-bag-udensmaiss-35l\/#primaryimage"},"image":{"@id":"https:\/\/gohike.lv\/ru\/produkts\/lifeventure-ultralight-dry-bag-udensmaiss-35l\/#primaryimage"},"thumbnailUrl":"https:\/\/gohike.lv\/wp-content\/uploads\/2025\/02\/dryBagg35L.webp","datePublished":"2025-03-05T09:29:42+00:00","dateModified":"2025-12-30T14:24:24+00:00","description":"Viegls un iztur\u012bgs 35 litru \u016bdensmaiss ar piln\u012bb\u0101 \u016bdensnecaurlaid\u012bgu dizainu, piem\u0113rots akt\u012bvai atp\u016btai.","breadcrumb":{"@id":"https:\/\/gohike.lv\/ru\/produkts\/lifeventure-ultralight-dry-bag-udensmaiss-35l\/#breadcrumb"},"inLanguage":"ru-RU","potentialAction":[{"@type":"ReadAction","target":["https:\/\/gohike.lv\/ru\/produkts\/lifeventure-ultralight-dry-bag-udensmaiss-35l\/"]}]},{"@type":"ImageObject","inLanguage":"ru-RU","@id":"https:\/\/gohike.lv\/ru\/produkts\/lifeventure-ultralight-dry-bag-udensmaiss-35l\/#primaryimage","url":"https:\/\/gohike.lv\/wp-content\/uploads\/2025\/02\/dryBagg35L.webp","contentUrl":"https:\/\/gohike.lv\/wp-content\/uploads\/2025\/02\/dryBagg35L.webp","width":900,"height":900},{"@type":"BreadcrumbList","@id":"https:\/\/gohike.lv\/ru\/produkts\/lifeventure-ultralight-dry-bag-udensmaiss-35l\/#breadcrumb","itemListElement":[{"@type":"ListItem","position":1,"name":"\u0413\u043b\u0430\u0432\u043d\u0430\u044f","item":"https:\/\/gohike.lv\/ru\/"},{"@type":"ListItem","position":2,"name":"\u041a\u0430\u0442\u0435\u0433\u043e\u0440\u0438\u0438 \u0442\u043e\u0432\u0430\u0440\u043e\u0432","item":"https:\/\/gohike.lv\/%d0%ba%d0%b0%d1%82%d0%b5%d0%b3%d0%be%d1%80%d0%b8%d0%b8-%d1%82%d0%be%d0%b2%d0%b0%d1%80%d0%be%d0%b2\/"},{"@type":"ListItem","position":3,"name":"Lifeventure &#8211; Ultralight Dry Bag &#8211; \u016bdensmaiss, 35L"}]},{"@type":"WebSite","@id":"https:\/\/gohike.lv\/ru\/#website","url":"https:\/\/gohike.lv\/ru\/","name":"GoHike","description":"","publisher":{"@id":"https:\/\/gohike.lv\/ru\/#organization"},"potentialAction":[{"@type":"SearchAction","target":{"@type":"EntryPoint","urlTemplate":"https:\/\/gohike.lv\/ru\/?s={search_term_string}"},"query-input":{"@type":"PropertyValueSpecification","valueRequired":true,"valueName":"search_term_string"}}],"inLanguage":"ru-RU"},{"@type":"Organization","@id":"https:\/\/gohike.lv\/ru\/#organization","name":"GoHike","url":"https:\/\/gohike.lv\/ru\/","logo":{"@type":"ImageObject","inLanguage":"ru-RU","@id":"https:\/\/gohike.lv\/ru\/#\/schema\/logo\/image\/","url":"https:\/\/gohike.lv\/wp-content\/uploads\/2023\/08\/Logo_GoHike.webp","contentUrl":"https:\/\/gohike.lv\/wp-content\/uploads\/2023\/08\/Logo_GoHike.webp","width":512,"height":512,"caption":"GoHike"},"image":{"@id":"https:\/\/gohike.lv\/ru\/#\/schema\/logo\/image\/"},"sameAs":["https:\/\/www.facebook.com\/gohike.shop\/","https:\/\/www.instagram.com\/gohike.shop\/"]}]}},"jetpack_sharing_enabled":true,"_links":{"self":[{"href":"https:\/\/gohike.lv\/ru\/wp-json\/wp\/v2\/product\/66691","targetHints":{"allow":["GET"]}}],"collection":[{"href":"https:\/\/gohike.lv\/ru\/wp-json\/wp\/v2\/product"}],"about":[{"href":"https:\/\/gohike.lv\/ru\/wp-json\/wp\/v2\/types\/product"}],"version-history":[{"count":0,"href":"https:\/\/gohike.lv\/ru\/wp-json\/wp\/v2\/product\/66691\/revisions"}],"wp:featuredmedia":[{"embeddable":true,"href":"https:\/\/gohike.lv\/ru\/wp-json\/wp\/v2\/media\/69231"}],"wp:attachment":[{"href":"https:\/\/gohike.lv\/ru\/wp-json\/wp\/v2\/media?parent=66691"}],"wp:term":[{"taxonomy":"product_brand","embeddable":true,"href":"https:\/\/gohike.lv\/ru\/wp-json\/wp\/v2\/product_brand?post=66691"},{"taxonomy":"product_cat","embeddable":true,"href":"https:\/\/gohike.lv\/ru\/wp-json\/wp\/v2\/product_cat?post=66691"},{"taxonomy":"product_tag","embeddable":true,"href":"https:\/\/gohike.lv\/ru\/wp-json\/wp\/v2\/product_tag?post=66691"}],"curies":[{"name":"wp","href":"https:\/\/api.w.org\/{rel}","templated":true}]}}