{"id":66689,"date":"2025-03-05T12:29:34","date_gmt":"2025-03-05T09:29:34","guid":{"rendered":"https:\/\/gohike.lv\/produkts\/lifeventure-udensizturiga-saliekama-mugursoma-22l\/"},"modified":"2025-12-30T17:24:24","modified_gmt":"2025-12-30T14:24:24","slug":"lifeventure-udensizturiga-saliekama-mugursoma-22l","status":"publish","type":"product","link":"https:\/\/gohike.lv\/ru\/produkts\/lifeventure-udensizturiga-saliekama-mugursoma-22l\/","title":{"rendered":"Lifeventure &#8212; \u016adensiztur\u012bga, saliekama mugursoma &#8212; 22l"},"content":{"rendered":"<p>\u0160\u012b ultraviegl\u0101 \u016bdensiztur\u012bg\u0101 saliekam\u0101 mugursoma sver tikai 150 g un ir izgatavota no iztur\u012bga Cordura ripstop auduma, kas nodro\u0161ina t\u0101s iztur\u012bbu. L\u012bm\u0113t\u0101s \u0161uves padara to \u016bdensnecaurlaid\u012bgu, savuk\u0101rt priek\u0161\u0113j\u0101 auklas kompresija \u013cauj kompakt\u0101 veid\u0101 uztur\u0113t l\u012bdz pat 22 litru tilpumu. Ergonomisk\u0101s plecu siksnas un jostas siksni\u0146a nodro\u0161ina komfortu, savuk\u0101rt atstarojo\u0161\u0101s lentes un velosip\u0113da luktura piestiprin\u0101\u0161anas punkts padara to ide\u0101lu dro\u0161ai izmanto\u0161anai treni\u0146os, brauk\u0161an\u0101 ar velosip\u0113du vai p\u0101rg\u0101jienos. T\u0101 \u0113rti ietilpst sav\u0101 kompaktaj\u0101 uzglab\u0101\u0161anas som\u0101, padarot to par perfektu mugursomu, ko \u0113rti pa\u0146emt l\u012bdzi \u012bsiem izbraucieniem ce\u013cojot.<br \/>\nFunkcijas:<br \/>\n\u2022 Ultraviegls dizains;<br \/>\n\u2022 30D silikoniz\u0113ts Cordura ripstop audums;<br \/>\n\u2022 \u016adensiztur\u012bgs ar l\u012bm\u0113t\u0101m \u0161uv\u0113m;<br \/>\n\u2022 Priek\u0161\u0113j\u0101s kompresijas auklas;<br \/>\n\u2022 22 litru galvenais nodal\u012bjums ar rull\u0113jamu aizdari.<br \/>\n\u2022 Atstarojo\u0161\u0101s lentes un velosip\u0113da luktura piestiprin\u0101\u0161anas punkts;<br \/>\n\u2022 2 dzi\u013cas, elast\u012bgas s\u0101nu kabatas;<br \/>\n\u2022 Aug\u0161\u0113jais rokturis.<br \/>\nTehniskie parametri:<br \/>\n\u2022 Svars: 150 g;<br \/>\n\u2022 Tilpums: 22 litri;<br \/>\n\u2022 Izm\u0113ri (salikts): 12.5 x 7.5 x 4.5 cm;<br \/>\n\u2022 Izm\u0113ri (nesalikts): 50.0 x 28.0 x 13.5 cm.<\/p>\n","protected":false},"excerpt":{"rendered":"<p>Ultraviegla un \u016bdensiztur\u012bga mugursoma ar 22 litru tilpumu, piem\u0113rota ikdienas izmanto\u0161anai, p\u0101rg\u0101jieniem vai brauk\u0161anai ar velosip\u0113du.<\/p>\n","protected":false},"featured_media":66518,"template":"","meta":[],"product_brand":[1308],"product_cat":[1827,1351],"product_tag":[],"class_list":{"0":"post-66689","1":"product","2":"type-product","3":"status-publish","4":"has-post-thumbnail","6":"product_brand-lifeventure-lv","7":"product_cat-mugursomas","8":"product_cat-udensdrosie-iepakojumi","9":"pa_izmerscm-502813-5","10":"pa_produkta-tips-udensdrosas-mugursomas","11":"pa_saliktas-preces-izmerscm-12-57-54-5","12":"pa_tilpums-22l","14":"first","15":"instock","16":"taxable","17":"shipping-taxable","18":"purchasable","19":"product-type-simple"},"raw_content":{"name":"Lifeventure - \u016adensiztur\u012bga, saliekama mugursoma - 22l","description":"\u0160\u012b ultraviegl\u0101 \u016bdensiztur\u012bg\u0101 saliekam\u0101 mugursoma sver tikai 150 g un ir izgatavota no iztur\u012bga Cordura ripstop auduma, kas nodro\u0161ina t\u0101s iztur\u012bbu. L\u012bm\u0113t\u0101s \u0161uves padara to \u016bdensnecaurlaid\u012bgu, savuk\u0101rt priek\u0161\u0113j\u0101 auklas kompresija \u013cauj kompakt\u0101 veid\u0101 uztur\u0113t l\u012bdz pat 22 litru tilpumu. Ergonomisk\u0101s plecu siksnas un jostas siksni\u0146a nodro\u0161ina komfortu, savuk\u0101rt atstarojo\u0161\u0101s lentes un velosip\u0113da luktura piestiprin\u0101\u0161anas punkts padara to ide\u0101lu dro\u0161ai izmanto\u0161anai treni\u0146os, brauk\u0161an\u0101 ar velosip\u0113du vai p\u0101rg\u0101jienos. T\u0101 \u0113rti ietilpst sav\u0101 kompaktaj\u0101 uzglab\u0101\u0161anas som\u0101, padarot to par perfektu mugursomu, ko \u0113rti pa\u0146emt l\u012bdzi \u012bsiem izbraucieniem ce\u013cojot.\nFunkcijas:\n\u2022 Ultraviegls dizains;\n\u2022 30D silikoniz\u0113ts Cordura ripstop audums;\n\u2022 \u016adensiztur\u012bgs ar l\u012bm\u0113t\u0101m \u0161uv\u0113m;\n\u2022 Priek\u0161\u0113j\u0101s kompresijas auklas;\n\u2022 22 litru galvenais nodal\u012bjums ar rull\u0113jamu aizdari.\n\u2022 Atstarojo\u0161\u0101s lentes un velosip\u0113da luktura piestiprin\u0101\u0161anas punkts;\n\u2022 2 dzi\u013cas, elast\u012bgas s\u0101nu kabatas;\n\u2022 Aug\u0161\u0113jais rokturis.\nTehniskie parametri:\n\u2022 Svars: 150 g;\n\u2022 Tilpums: 22 litri;\n\u2022 Izm\u0113ri (salikts): 12.5 x 7.5 x 4.5 cm;\n\u2022 Izm\u0113ri (nesalikts): 50.0 x 28.0 x 13.5 cm.","short_description":"Ultraviegla un \u016bdensiztur\u012bga mugursoma ar 22 litru tilpumu, piem\u0113rota ikdienas izmanto\u0161anai, p\u0101rg\u0101jieniem vai brauk\u0161anai ar velosip\u0113du.","status":"publish","sku":"5031863531351","original":66689},"wpml":{"translation_type":1,"has_translations":true,"original":66689,"duplicates":[],"translations":{"lv":66689,"en":66906,"ru":null}},"supplier_id":null,"supplier_sku":"","barcode":null,"atum_controlled":true,"out_stock_date":null,"out_stock_threshold":null,"inheritable":false,"inbound_stock":0,"stock_on_hold":0,"sold_today":0,"sales_last_days":0,"reserved_stock":0,"customer_returns":0,"warehouse_damage":0,"lost_in_post":0,"other_logs":0,"out_stock_days":0,"lost_sales":0,"has_location":false,"update_date":"2025-12-30T14:30:29","atum_locations":[],"atum_stock_status":"instock","restock_status":false,"low_stock_amount":"","sales_update_date":"2025-11-13T14:07:43","calc_backorders":null,"yoast_head":"<!-- This site is optimized with the Yoast SEO plugin v27.3 - https:\/\/yoast.com\/product\/yoast-seo-wordpress\/ -->\n<title>Lifeventure - \u016adensiztur\u012bga, saliekama mugursoma - 22l<\/title>\n<meta name=\"description\" content=\"Ultraviegla un \u016bdensiztur\u012bga mugursoma ar 22 litru tilpumu, piem\u0113rota ikdienas izmanto\u0161anai, p\u0101rg\u0101jieniem vai brauk\u0161anai ar velosip\u0113du.\" \/>\n<meta name=\"robots\" content=\"index, follow, max-snippet:-1, max-image-preview:large, max-video-preview:-1\" \/>\n<link rel=\"canonical\" href=\"https:\/\/gohike.lv\/ru\/produkts\/lifeventure-udensizturiga-saliekama-mugursoma-22l\/\" \/>\n<meta property=\"og:locale\" content=\"ru_RU\" \/>\n<meta property=\"og:type\" content=\"article\" \/>\n<meta property=\"og:title\" content=\"Lifeventure - \u016adensiztur\u012bga, saliekama mugursoma - 22l\" \/>\n<meta property=\"og:description\" content=\"Ultraviegla un \u016bdensiztur\u012bga mugursoma ar 22 litru tilpumu, piem\u0113rota ikdienas izmanto\u0161anai, p\u0101rg\u0101jieniem vai brauk\u0161anai ar velosip\u0113du.\" \/>\n<meta property=\"og:url\" content=\"https:\/\/gohike.lv\/ru\/produkts\/lifeventure-udensizturiga-saliekama-mugursoma-22l\/\" \/>\n<meta property=\"og:site_name\" content=\"GoHike\" \/>\n<meta property=\"article:publisher\" content=\"https:\/\/www.facebook.com\/gohike.shop\/\" \/>\n<meta property=\"article:modified_time\" content=\"2025-12-30T14:24:24+00:00\" \/>\n<meta property=\"og:image\" content=\"https:\/\/gohike.lv\/wp-content\/uploads\/2025\/02\/WaterproofBag_.webp\" \/>\n\t<meta property=\"og:image:width\" content=\"900\" \/>\n\t<meta property=\"og:image:height\" content=\"900\" \/>\n\t<meta property=\"og:image:type\" content=\"image\/webp\" \/>\n<meta name=\"twitter:card\" content=\"summary_large_image\" \/>\n<meta name=\"twitter:title\" content=\"Lifeventure - \u016adensiztur\u012bga, saliekama mugursoma - 22l\" \/>\n<meta name=\"twitter:label1\" content=\"\u041f\u0440\u0438\u043c\u0435\u0440\u043d\u043e\u0435 \u0432\u0440\u0435\u043c\u044f \u0434\u043b\u044f \u0447\u0442\u0435\u043d\u0438\u044f\" \/>\n\t<meta name=\"twitter:data1\" content=\"2 \u043c\u0438\u043d\u0443\u0442\u0430\" \/>\n<script type=\"application\/ld+json\" class=\"yoast-schema-graph\">{\"@context\":\"https:\\\/\\\/schema.org\",\"@graph\":[{\"@type\":[\"WebPage\",\"ItemPage\"],\"@id\":\"https:\\\/\\\/gohike.lv\\\/ru\\\/produkts\\\/lifeventure-udensizturiga-saliekama-mugursoma-22l\\\/\",\"url\":\"https:\\\/\\\/gohike.lv\\\/ru\\\/produkts\\\/lifeventure-udensizturiga-saliekama-mugursoma-22l\\\/\",\"name\":\"Lifeventure - \u016adensiztur\u012bga, saliekama mugursoma - 22l\",\"isPartOf\":{\"@id\":\"https:\\\/\\\/gohike.lv\\\/ru\\\/#website\"},\"primaryImageOfPage\":{\"@id\":\"https:\\\/\\\/gohike.lv\\\/ru\\\/produkts\\\/lifeventure-udensizturiga-saliekama-mugursoma-22l\\\/#primaryimage\"},\"image\":{\"@id\":\"https:\\\/\\\/gohike.lv\\\/ru\\\/produkts\\\/lifeventure-udensizturiga-saliekama-mugursoma-22l\\\/#primaryimage\"},\"thumbnailUrl\":\"https:\\\/\\\/gohike.lv\\\/wp-content\\\/uploads\\\/2025\\\/02\\\/WaterproofBag_.webp\",\"datePublished\":\"2025-03-05T09:29:34+00:00\",\"dateModified\":\"2025-12-30T14:24:24+00:00\",\"description\":\"Ultraviegla un \u016bdensiztur\u012bga mugursoma ar 22 litru tilpumu, piem\u0113rota ikdienas izmanto\u0161anai, p\u0101rg\u0101jieniem vai brauk\u0161anai ar velosip\u0113du.\",\"breadcrumb\":{\"@id\":\"https:\\\/\\\/gohike.lv\\\/ru\\\/produkts\\\/lifeventure-udensizturiga-saliekama-mugursoma-22l\\\/#breadcrumb\"},\"inLanguage\":\"ru-RU\",\"potentialAction\":[{\"@type\":\"ReadAction\",\"target\":[\"https:\\\/\\\/gohike.lv\\\/ru\\\/produkts\\\/lifeventure-udensizturiga-saliekama-mugursoma-22l\\\/\"]}]},{\"@type\":\"ImageObject\",\"inLanguage\":\"ru-RU\",\"@id\":\"https:\\\/\\\/gohike.lv\\\/ru\\\/produkts\\\/lifeventure-udensizturiga-saliekama-mugursoma-22l\\\/#primaryimage\",\"url\":\"https:\\\/\\\/gohike.lv\\\/wp-content\\\/uploads\\\/2025\\\/02\\\/WaterproofBag_.webp\",\"contentUrl\":\"https:\\\/\\\/gohike.lv\\\/wp-content\\\/uploads\\\/2025\\\/02\\\/WaterproofBag_.webp\",\"width\":900,\"height\":900},{\"@type\":\"BreadcrumbList\",\"@id\":\"https:\\\/\\\/gohike.lv\\\/ru\\\/produkts\\\/lifeventure-udensizturiga-saliekama-mugursoma-22l\\\/#breadcrumb\",\"itemListElement\":[{\"@type\":\"ListItem\",\"position\":1,\"name\":\"\u0413\u043b\u0430\u0432\u043d\u0430\u044f\",\"item\":\"https:\\\/\\\/gohike.lv\\\/ru\\\/\"},{\"@type\":\"ListItem\",\"position\":2,\"name\":\"\u041a\u0430\u0442\u0435\u0433\u043e\u0440\u0438\u0438 \u0442\u043e\u0432\u0430\u0440\u043e\u0432\",\"item\":\"https:\\\/\\\/gohike.lv\\\/%d0%ba%d0%b0%d1%82%d0%b5%d0%b3%d0%be%d1%80%d0%b8%d0%b8-%d1%82%d0%be%d0%b2%d0%b0%d1%80%d0%be%d0%b2\\\/\"},{\"@type\":\"ListItem\",\"position\":3,\"name\":\"Lifeventure &#8211; \u016adensiztur\u012bga, saliekama mugursoma &#8211; 22l\"}]},{\"@type\":\"WebSite\",\"@id\":\"https:\\\/\\\/gohike.lv\\\/ru\\\/#website\",\"url\":\"https:\\\/\\\/gohike.lv\\\/ru\\\/\",\"name\":\"GoHike\",\"description\":\"\",\"publisher\":{\"@id\":\"https:\\\/\\\/gohike.lv\\\/ru\\\/#organization\"},\"potentialAction\":[{\"@type\":\"SearchAction\",\"target\":{\"@type\":\"EntryPoint\",\"urlTemplate\":\"https:\\\/\\\/gohike.lv\\\/ru\\\/?s={search_term_string}\"},\"query-input\":{\"@type\":\"PropertyValueSpecification\",\"valueRequired\":true,\"valueName\":\"search_term_string\"}}],\"inLanguage\":\"ru-RU\"},{\"@type\":\"Organization\",\"@id\":\"https:\\\/\\\/gohike.lv\\\/ru\\\/#organization\",\"name\":\"GoHike\",\"url\":\"https:\\\/\\\/gohike.lv\\\/ru\\\/\",\"logo\":{\"@type\":\"ImageObject\",\"inLanguage\":\"ru-RU\",\"@id\":\"https:\\\/\\\/gohike.lv\\\/ru\\\/#\\\/schema\\\/logo\\\/image\\\/\",\"url\":\"https:\\\/\\\/gohike.lv\\\/wp-content\\\/uploads\\\/2023\\\/08\\\/Logo_GoHike.webp\",\"contentUrl\":\"https:\\\/\\\/gohike.lv\\\/wp-content\\\/uploads\\\/2023\\\/08\\\/Logo_GoHike.webp\",\"width\":512,\"height\":512,\"caption\":\"GoHike\"},\"image\":{\"@id\":\"https:\\\/\\\/gohike.lv\\\/ru\\\/#\\\/schema\\\/logo\\\/image\\\/\"},\"sameAs\":[\"https:\\\/\\\/www.facebook.com\\\/gohike.shop\\\/\",\"https:\\\/\\\/www.instagram.com\\\/gohike.shop\\\/\"]}]}<\/script>\n<!-- \/ Yoast SEO plugin. -->","yoast_head_json":{"title":"Lifeventure - \u016adensiztur\u012bga, saliekama mugursoma - 22l","description":"Ultraviegla un \u016bdensiztur\u012bga mugursoma ar 22 litru tilpumu, piem\u0113rota ikdienas izmanto\u0161anai, p\u0101rg\u0101jieniem vai brauk\u0161anai ar velosip\u0113du.","robots":{"index":"index","follow":"follow","max-snippet":"max-snippet:-1","max-image-preview":"max-image-preview:large","max-video-preview":"max-video-preview:-1"},"canonical":"https:\/\/gohike.lv\/ru\/produkts\/lifeventure-udensizturiga-saliekama-mugursoma-22l\/","og_locale":"ru_RU","og_type":"article","og_title":"Lifeventure - \u016adensiztur\u012bga, saliekama mugursoma - 22l","og_description":"Ultraviegla un \u016bdensiztur\u012bga mugursoma ar 22 litru tilpumu, piem\u0113rota ikdienas izmanto\u0161anai, p\u0101rg\u0101jieniem vai brauk\u0161anai ar velosip\u0113du.","og_url":"https:\/\/gohike.lv\/ru\/produkts\/lifeventure-udensizturiga-saliekama-mugursoma-22l\/","og_site_name":"GoHike","article_publisher":"https:\/\/www.facebook.com\/gohike.shop\/","article_modified_time":"2025-12-30T14:24:24+00:00","og_image":[{"width":900,"height":900,"url":"https:\/\/gohike.lv\/wp-content\/uploads\/2025\/02\/WaterproofBag_.webp","type":"image\/webp"}],"twitter_card":"summary_large_image","twitter_title":"Lifeventure - \u016adensiztur\u012bga, saliekama mugursoma - 22l","twitter_misc":{"\u041f\u0440\u0438\u043c\u0435\u0440\u043d\u043e\u0435 \u0432\u0440\u0435\u043c\u044f \u0434\u043b\u044f \u0447\u0442\u0435\u043d\u0438\u044f":"2 \u043c\u0438\u043d\u0443\u0442\u0430"},"schema":{"@context":"https:\/\/schema.org","@graph":[{"@type":["WebPage","ItemPage"],"@id":"https:\/\/gohike.lv\/ru\/produkts\/lifeventure-udensizturiga-saliekama-mugursoma-22l\/","url":"https:\/\/gohike.lv\/ru\/produkts\/lifeventure-udensizturiga-saliekama-mugursoma-22l\/","name":"Lifeventure - \u016adensiztur\u012bga, saliekama mugursoma - 22l","isPartOf":{"@id":"https:\/\/gohike.lv\/ru\/#website"},"primaryImageOfPage":{"@id":"https:\/\/gohike.lv\/ru\/produkts\/lifeventure-udensizturiga-saliekama-mugursoma-22l\/#primaryimage"},"image":{"@id":"https:\/\/gohike.lv\/ru\/produkts\/lifeventure-udensizturiga-saliekama-mugursoma-22l\/#primaryimage"},"thumbnailUrl":"https:\/\/gohike.lv\/wp-content\/uploads\/2025\/02\/WaterproofBag_.webp","datePublished":"2025-03-05T09:29:34+00:00","dateModified":"2025-12-30T14:24:24+00:00","description":"Ultraviegla un \u016bdensiztur\u012bga mugursoma ar 22 litru tilpumu, piem\u0113rota ikdienas izmanto\u0161anai, p\u0101rg\u0101jieniem vai brauk\u0161anai ar velosip\u0113du.","breadcrumb":{"@id":"https:\/\/gohike.lv\/ru\/produkts\/lifeventure-udensizturiga-saliekama-mugursoma-22l\/#breadcrumb"},"inLanguage":"ru-RU","potentialAction":[{"@type":"ReadAction","target":["https:\/\/gohike.lv\/ru\/produkts\/lifeventure-udensizturiga-saliekama-mugursoma-22l\/"]}]},{"@type":"ImageObject","inLanguage":"ru-RU","@id":"https:\/\/gohike.lv\/ru\/produkts\/lifeventure-udensizturiga-saliekama-mugursoma-22l\/#primaryimage","url":"https:\/\/gohike.lv\/wp-content\/uploads\/2025\/02\/WaterproofBag_.webp","contentUrl":"https:\/\/gohike.lv\/wp-content\/uploads\/2025\/02\/WaterproofBag_.webp","width":900,"height":900},{"@type":"BreadcrumbList","@id":"https:\/\/gohike.lv\/ru\/produkts\/lifeventure-udensizturiga-saliekama-mugursoma-22l\/#breadcrumb","itemListElement":[{"@type":"ListItem","position":1,"name":"\u0413\u043b\u0430\u0432\u043d\u0430\u044f","item":"https:\/\/gohike.lv\/ru\/"},{"@type":"ListItem","position":2,"name":"\u041a\u0430\u0442\u0435\u0433\u043e\u0440\u0438\u0438 \u0442\u043e\u0432\u0430\u0440\u043e\u0432","item":"https:\/\/gohike.lv\/%d0%ba%d0%b0%d1%82%d0%b5%d0%b3%d0%be%d1%80%d0%b8%d0%b8-%d1%82%d0%be%d0%b2%d0%b0%d1%80%d0%be%d0%b2\/"},{"@type":"ListItem","position":3,"name":"Lifeventure &#8211; \u016adensiztur\u012bga, saliekama mugursoma &#8211; 22l"}]},{"@type":"WebSite","@id":"https:\/\/gohike.lv\/ru\/#website","url":"https:\/\/gohike.lv\/ru\/","name":"GoHike","description":"","publisher":{"@id":"https:\/\/gohike.lv\/ru\/#organization"},"potentialAction":[{"@type":"SearchAction","target":{"@type":"EntryPoint","urlTemplate":"https:\/\/gohike.lv\/ru\/?s={search_term_string}"},"query-input":{"@type":"PropertyValueSpecification","valueRequired":true,"valueName":"search_term_string"}}],"inLanguage":"ru-RU"},{"@type":"Organization","@id":"https:\/\/gohike.lv\/ru\/#organization","name":"GoHike","url":"https:\/\/gohike.lv\/ru\/","logo":{"@type":"ImageObject","inLanguage":"ru-RU","@id":"https:\/\/gohike.lv\/ru\/#\/schema\/logo\/image\/","url":"https:\/\/gohike.lv\/wp-content\/uploads\/2023\/08\/Logo_GoHike.webp","contentUrl":"https:\/\/gohike.lv\/wp-content\/uploads\/2023\/08\/Logo_GoHike.webp","width":512,"height":512,"caption":"GoHike"},"image":{"@id":"https:\/\/gohike.lv\/ru\/#\/schema\/logo\/image\/"},"sameAs":["https:\/\/www.facebook.com\/gohike.shop\/","https:\/\/www.instagram.com\/gohike.shop\/"]}]}},"jetpack_sharing_enabled":true,"_links":{"self":[{"href":"https:\/\/gohike.lv\/ru\/wp-json\/wp\/v2\/product\/66689","targetHints":{"allow":["GET"]}}],"collection":[{"href":"https:\/\/gohike.lv\/ru\/wp-json\/wp\/v2\/product"}],"about":[{"href":"https:\/\/gohike.lv\/ru\/wp-json\/wp\/v2\/types\/product"}],"version-history":[{"count":0,"href":"https:\/\/gohike.lv\/ru\/wp-json\/wp\/v2\/product\/66689\/revisions"}],"wp:featuredmedia":[{"embeddable":true,"href":"https:\/\/gohike.lv\/ru\/wp-json\/wp\/v2\/media\/66518"}],"wp:attachment":[{"href":"https:\/\/gohike.lv\/ru\/wp-json\/wp\/v2\/media?parent=66689"}],"wp:term":[{"taxonomy":"product_brand","embeddable":true,"href":"https:\/\/gohike.lv\/ru\/wp-json\/wp\/v2\/product_brand?post=66689"},{"taxonomy":"product_cat","embeddable":true,"href":"https:\/\/gohike.lv\/ru\/wp-json\/wp\/v2\/product_cat?post=66689"},{"taxonomy":"product_tag","embeddable":true,"href":"https:\/\/gohike.lv\/ru\/wp-json\/wp\/v2\/product_tag?post=66689"}],"curies":[{"name":"wp","href":"https:\/\/api.w.org\/{rel}","templated":true}]}}