{"id":66687,"date":"2025-03-05T12:29:34","date_gmt":"2025-03-05T09:29:34","guid":{"rendered":"https:\/\/gohike.lv\/produkts\/lifesystems-mini-ierice-insektu-kodumu-vietu-apstradei\/"},"modified":"2025-12-30T17:24:24","modified_gmt":"2025-12-30T14:24:24","slug":"lifesystems-mini-ierice-insektu-kodumu-vietu-apstradei","status":"publish","type":"product","link":"https:\/\/gohike.lv\/ru\/produkts\/lifesystems-mini-ierice-insektu-kodumu-vietu-apstradei\/","title":{"rendered":"Lifesystems &#8212; Mini ier\u012bce insektu kodumu vietu apstr\u0101dei"},"content":{"rendered":"<p>Mini Bite Relief Click ir kabatas izm\u0113ra ier\u012bce, kas mazina insektu kodumu rad\u012bto diskomfortu un niezi. Ier\u012bces lieto\u0161ana, &#171;klik\u0161\u0137inot&#187; to 5\u201310 reizes ap koduma vietu, t\u0101 pal\u012bdz lokaliz\u0113t indi un kav\u0113 histam\u012bna izdal\u012b\u0161anos, kas izraisa niezi. Ier\u012bce neitraliz\u0113 mosk\u012btu koduma toksicit\u0101ti, neietekm\u0113jot \u0101du, t\u0101d\u0113j\u0101di samazinot iekaisumu un piet\u016bkumu. Puls\u0113jo\u0161u str\u0101vu rada ier\u012bces klik\u0161\u0137is, ko \u0123ener\u0113 dab\u012bgi ieg\u016bts kvarca krist\u0101ls. L\u0101di\u0146u rada pjezokrist\u0101la izple\u0161an\u0101s un sarau\u0161an\u0101s, radot zema sprieguma elektrisko izl\u0101di aptuveni 13 kV. Katra ier\u012bce var iz\u0101rst\u0113t l\u012bdz 5000 kodumiem.<br \/>\nFunkcijas:<br \/>\n\u2022 \u0100tri mazina niezi;<br \/>\n\u2022 Samazina iekaisumu un piet\u016bkumu;<br \/>\n\u2022 Efekt\u012bvs pret liel\u0101ko da\u013cu izplat\u012bto insektu kodumiem un augu dzelo\u0146iem;<br \/>\n\u2022 Dro\u0161a, vienk\u0101r\u0161a un \u0113rta lieto\u0161ana;<br \/>\n\u2022 Nepiecie\u0161amas baterijas, nav der\u012bguma termi\u0146a;<br \/>\n\u2022 Kl\u012bniski p\u0101rbaud\u012bts un \u0101rstu apstiprin\u0101ts;<br \/>\n\u2022 Neizraisa aler\u0123ijas;<br \/>\n\u2022 Kalpo\u0161anas laiks: 5000 kodumi.<br \/>\nTehniskie parametri:<br \/>\n\u2022 Svars: 5 g;<br \/>\n\u2022 Izm\u0113ri: 4.3 x 2.4 x 1.8 cm.<\/p>\n","protected":false},"excerpt":{"rendered":"<p>Kompakta ier\u012bce, kas mazina insektu kodumu niezi un diskomfortu, bez nepiecie\u0161am\u012bbas p\u0113c baterij\u0101m vai \u0137\u012bmisk\u0101m viel\u0101m.<\/p>\n","protected":false},"featured_media":66514,"template":"","meta":[],"product_brand":[1307],"product_cat":[1389],"product_tag":[],"class_list":{"0":"post-66687","1":"product","2":"type-product","3":"status-publish","4":"has-post-thumbnail","6":"product_brand-lifesystems-lv","7":"product_cat-pret-insektiem","8":"pa_izmerscm-4-32-41-8","10":"first","11":"instock","12":"taxable","13":"shipping-taxable","14":"purchasable","15":"product-type-simple"},"raw_content":{"name":"Lifesystems - Mini ier\u012bce insektu kodumu vietu apstr\u0101dei","description":"Mini Bite Relief Click ir kabatas izm\u0113ra ier\u012bce, kas mazina insektu kodumu rad\u012bto diskomfortu un niezi. Ier\u012bces lieto\u0161ana, \"klik\u0161\u0137inot\" to 5\u201310 reizes ap koduma vietu, t\u0101 pal\u012bdz lokaliz\u0113t indi un kav\u0113 histam\u012bna izdal\u012b\u0161anos, kas izraisa niezi. Ier\u012bce neitraliz\u0113 mosk\u012btu koduma toksicit\u0101ti, neietekm\u0113jot \u0101du, t\u0101d\u0113j\u0101di samazinot iekaisumu un piet\u016bkumu. Puls\u0113jo\u0161u str\u0101vu rada ier\u012bces klik\u0161\u0137is, ko \u0123ener\u0113 dab\u012bgi ieg\u016bts kvarca krist\u0101ls. L\u0101di\u0146u rada pjezokrist\u0101la izple\u0161an\u0101s un sarau\u0161an\u0101s, radot zema sprieguma elektrisko izl\u0101di aptuveni 13 kV. Katra ier\u012bce var iz\u0101rst\u0113t l\u012bdz 5000 kodumiem.\nFunkcijas:\n\u2022 \u0100tri mazina niezi;\n\u2022 Samazina iekaisumu un piet\u016bkumu;\n\u2022 Efekt\u012bvs pret liel\u0101ko da\u013cu izplat\u012bto insektu kodumiem un augu dzelo\u0146iem;\n\u2022 Dro\u0161a, vienk\u0101r\u0161a un \u0113rta lieto\u0161ana;\n\u2022 Nepiecie\u0161amas baterijas, nav der\u012bguma termi\u0146a;\n\u2022 Kl\u012bniski p\u0101rbaud\u012bts un \u0101rstu apstiprin\u0101ts;\n\u2022 Neizraisa aler\u0123ijas;\n\u2022 Kalpo\u0161anas laiks: 5000 kodumi.\nTehniskie parametri:\n\u2022 Svars: 5 g;\n\u2022 Izm\u0113ri: 4.3 x 2.4 x 1.8 cm.","short_description":"Kompakta ier\u012bce, kas mazina insektu kodumu niezi un diskomfortu, bez nepiecie\u0161am\u012bbas p\u0113c baterij\u0101m vai \u0137\u012bmisk\u0101m viel\u0101m.","status":"publish","sku":"8022386063037","original":66687},"wpml":{"translation_type":1,"has_translations":true,"original":66687,"duplicates":[],"translations":{"lv":66687,"en":66908,"ru":null}},"supplier_id":null,"supplier_sku":"","barcode":null,"atum_controlled":true,"out_stock_date":null,"out_stock_threshold":null,"inheritable":false,"inbound_stock":0,"stock_on_hold":0,"sold_today":0,"sales_last_days":0,"reserved_stock":0,"customer_returns":0,"warehouse_damage":0,"lost_in_post":0,"other_logs":0,"out_stock_days":0,"lost_sales":0,"has_location":false,"update_date":"2025-12-30T14:30:29","atum_locations":[],"atum_stock_status":"instock","restock_status":false,"low_stock_amount":"","sales_update_date":"2025-11-13T14:07:56","calc_backorders":null,"yoast_head":"<!-- This site is optimized with the Yoast SEO plugin v27.3 - https:\/\/yoast.com\/product\/yoast-seo-wordpress\/ -->\n<title>Lifesystems - Mini ier\u012bce insektu kodumu vietu apstr\u0101dei<\/title>\n<meta name=\"description\" content=\"Kompakta ier\u012bce, kas mazina insektu kodumu niezi un diskomfortu, bez nepiecie\u0161am\u012bbas p\u0113c baterij\u0101m vai \u0137\u012bmisk\u0101m viel\u0101m.\" \/>\n<meta name=\"robots\" content=\"index, follow, max-snippet:-1, max-image-preview:large, max-video-preview:-1\" \/>\n<link rel=\"canonical\" href=\"https:\/\/gohike.lv\/ru\/produkts\/lifesystems-mini-ierice-insektu-kodumu-vietu-apstradei\/\" \/>\n<meta property=\"og:locale\" content=\"ru_RU\" \/>\n<meta property=\"og:type\" content=\"article\" \/>\n<meta property=\"og:title\" content=\"Lifesystems - Mini ier\u012bce insektu kodumu vietu apstr\u0101dei\" \/>\n<meta property=\"og:description\" content=\"Kompakta ier\u012bce, kas mazina insektu kodumu niezi un diskomfortu, bez nepiecie\u0161am\u012bbas p\u0113c baterij\u0101m vai \u0137\u012bmisk\u0101m viel\u0101m.\" \/>\n<meta property=\"og:url\" content=\"https:\/\/gohike.lv\/ru\/produkts\/lifesystems-mini-ierice-insektu-kodumu-vietu-apstradei\/\" \/>\n<meta property=\"og:site_name\" content=\"GoHike\" \/>\n<meta property=\"article:publisher\" content=\"https:\/\/www.facebook.com\/gohike.shop\/\" \/>\n<meta property=\"article:modified_time\" content=\"2025-12-30T14:24:24+00:00\" \/>\n<meta property=\"og:image\" content=\"https:\/\/gohike.lv\/wp-content\/uploads\/2025\/02\/BiteRelief_.webp\" \/>\n\t<meta property=\"og:image:width\" content=\"900\" \/>\n\t<meta property=\"og:image:height\" content=\"900\" \/>\n\t<meta property=\"og:image:type\" content=\"image\/webp\" \/>\n<meta name=\"twitter:card\" content=\"summary_large_image\" \/>\n<meta name=\"twitter:title\" content=\"Lifesystems - Mini ier\u012bce insektu kodumu vietu apstr\u0101dei\" \/>\n<meta name=\"twitter:label1\" content=\"\u041f\u0440\u0438\u043c\u0435\u0440\u043d\u043e\u0435 \u0432\u0440\u0435\u043c\u044f \u0434\u043b\u044f \u0447\u0442\u0435\u043d\u0438\u044f\" \/>\n\t<meta name=\"twitter:data1\" content=\"1 \u043c\u0438\u043d\u0443\u0442\u0430\" \/>\n<script type=\"application\/ld+json\" class=\"yoast-schema-graph\">{\"@context\":\"https:\\\/\\\/schema.org\",\"@graph\":[{\"@type\":[\"WebPage\",\"ItemPage\"],\"@id\":\"https:\\\/\\\/gohike.lv\\\/ru\\\/produkts\\\/lifesystems-mini-ierice-insektu-kodumu-vietu-apstradei\\\/\",\"url\":\"https:\\\/\\\/gohike.lv\\\/ru\\\/produkts\\\/lifesystems-mini-ierice-insektu-kodumu-vietu-apstradei\\\/\",\"name\":\"Lifesystems - Mini ier\u012bce insektu kodumu vietu apstr\u0101dei\",\"isPartOf\":{\"@id\":\"https:\\\/\\\/gohike.lv\\\/ru\\\/#website\"},\"primaryImageOfPage\":{\"@id\":\"https:\\\/\\\/gohike.lv\\\/ru\\\/produkts\\\/lifesystems-mini-ierice-insektu-kodumu-vietu-apstradei\\\/#primaryimage\"},\"image\":{\"@id\":\"https:\\\/\\\/gohike.lv\\\/ru\\\/produkts\\\/lifesystems-mini-ierice-insektu-kodumu-vietu-apstradei\\\/#primaryimage\"},\"thumbnailUrl\":\"https:\\\/\\\/gohike.lv\\\/wp-content\\\/uploads\\\/2025\\\/02\\\/BiteRelief_.webp\",\"datePublished\":\"2025-03-05T09:29:34+00:00\",\"dateModified\":\"2025-12-30T14:24:24+00:00\",\"description\":\"Kompakta ier\u012bce, kas mazina insektu kodumu niezi un diskomfortu, bez nepiecie\u0161am\u012bbas p\u0113c baterij\u0101m vai \u0137\u012bmisk\u0101m viel\u0101m.\",\"breadcrumb\":{\"@id\":\"https:\\\/\\\/gohike.lv\\\/ru\\\/produkts\\\/lifesystems-mini-ierice-insektu-kodumu-vietu-apstradei\\\/#breadcrumb\"},\"inLanguage\":\"ru-RU\",\"potentialAction\":[{\"@type\":\"ReadAction\",\"target\":[\"https:\\\/\\\/gohike.lv\\\/ru\\\/produkts\\\/lifesystems-mini-ierice-insektu-kodumu-vietu-apstradei\\\/\"]}]},{\"@type\":\"ImageObject\",\"inLanguage\":\"ru-RU\",\"@id\":\"https:\\\/\\\/gohike.lv\\\/ru\\\/produkts\\\/lifesystems-mini-ierice-insektu-kodumu-vietu-apstradei\\\/#primaryimage\",\"url\":\"https:\\\/\\\/gohike.lv\\\/wp-content\\\/uploads\\\/2025\\\/02\\\/BiteRelief_.webp\",\"contentUrl\":\"https:\\\/\\\/gohike.lv\\\/wp-content\\\/uploads\\\/2025\\\/02\\\/BiteRelief_.webp\",\"width\":900,\"height\":900},{\"@type\":\"BreadcrumbList\",\"@id\":\"https:\\\/\\\/gohike.lv\\\/ru\\\/produkts\\\/lifesystems-mini-ierice-insektu-kodumu-vietu-apstradei\\\/#breadcrumb\",\"itemListElement\":[{\"@type\":\"ListItem\",\"position\":1,\"name\":\"\u0413\u043b\u0430\u0432\u043d\u0430\u044f\",\"item\":\"https:\\\/\\\/gohike.lv\\\/ru\\\/\"},{\"@type\":\"ListItem\",\"position\":2,\"name\":\"\u041a\u0430\u0442\u0435\u0433\u043e\u0440\u0438\u0438 \u0442\u043e\u0432\u0430\u0440\u043e\u0432\",\"item\":\"https:\\\/\\\/gohike.lv\\\/%d0%ba%d0%b0%d1%82%d0%b5%d0%b3%d0%be%d1%80%d0%b8%d0%b8-%d1%82%d0%be%d0%b2%d0%b0%d1%80%d0%be%d0%b2\\\/\"},{\"@type\":\"ListItem\",\"position\":3,\"name\":\"Lifesystems &#8211; Mini ier\u012bce insektu kodumu vietu apstr\u0101dei\"}]},{\"@type\":\"WebSite\",\"@id\":\"https:\\\/\\\/gohike.lv\\\/ru\\\/#website\",\"url\":\"https:\\\/\\\/gohike.lv\\\/ru\\\/\",\"name\":\"GoHike\",\"description\":\"\",\"publisher\":{\"@id\":\"https:\\\/\\\/gohike.lv\\\/ru\\\/#organization\"},\"potentialAction\":[{\"@type\":\"SearchAction\",\"target\":{\"@type\":\"EntryPoint\",\"urlTemplate\":\"https:\\\/\\\/gohike.lv\\\/ru\\\/?s={search_term_string}\"},\"query-input\":{\"@type\":\"PropertyValueSpecification\",\"valueRequired\":true,\"valueName\":\"search_term_string\"}}],\"inLanguage\":\"ru-RU\"},{\"@type\":\"Organization\",\"@id\":\"https:\\\/\\\/gohike.lv\\\/ru\\\/#organization\",\"name\":\"GoHike\",\"url\":\"https:\\\/\\\/gohike.lv\\\/ru\\\/\",\"logo\":{\"@type\":\"ImageObject\",\"inLanguage\":\"ru-RU\",\"@id\":\"https:\\\/\\\/gohike.lv\\\/ru\\\/#\\\/schema\\\/logo\\\/image\\\/\",\"url\":\"https:\\\/\\\/gohike.lv\\\/wp-content\\\/uploads\\\/2023\\\/08\\\/Logo_GoHike.webp\",\"contentUrl\":\"https:\\\/\\\/gohike.lv\\\/wp-content\\\/uploads\\\/2023\\\/08\\\/Logo_GoHike.webp\",\"width\":512,\"height\":512,\"caption\":\"GoHike\"},\"image\":{\"@id\":\"https:\\\/\\\/gohike.lv\\\/ru\\\/#\\\/schema\\\/logo\\\/image\\\/\"},\"sameAs\":[\"https:\\\/\\\/www.facebook.com\\\/gohike.shop\\\/\",\"https:\\\/\\\/www.instagram.com\\\/gohike.shop\\\/\"]}]}<\/script>\n<!-- \/ Yoast SEO plugin. -->","yoast_head_json":{"title":"Lifesystems - Mini ier\u012bce insektu kodumu vietu apstr\u0101dei","description":"Kompakta ier\u012bce, kas mazina insektu kodumu niezi un diskomfortu, bez nepiecie\u0161am\u012bbas p\u0113c baterij\u0101m vai \u0137\u012bmisk\u0101m viel\u0101m.","robots":{"index":"index","follow":"follow","max-snippet":"max-snippet:-1","max-image-preview":"max-image-preview:large","max-video-preview":"max-video-preview:-1"},"canonical":"https:\/\/gohike.lv\/ru\/produkts\/lifesystems-mini-ierice-insektu-kodumu-vietu-apstradei\/","og_locale":"ru_RU","og_type":"article","og_title":"Lifesystems - Mini ier\u012bce insektu kodumu vietu apstr\u0101dei","og_description":"Kompakta ier\u012bce, kas mazina insektu kodumu niezi un diskomfortu, bez nepiecie\u0161am\u012bbas p\u0113c baterij\u0101m vai \u0137\u012bmisk\u0101m viel\u0101m.","og_url":"https:\/\/gohike.lv\/ru\/produkts\/lifesystems-mini-ierice-insektu-kodumu-vietu-apstradei\/","og_site_name":"GoHike","article_publisher":"https:\/\/www.facebook.com\/gohike.shop\/","article_modified_time":"2025-12-30T14:24:24+00:00","og_image":[{"width":900,"height":900,"url":"https:\/\/gohike.lv\/wp-content\/uploads\/2025\/02\/BiteRelief_.webp","type":"image\/webp"}],"twitter_card":"summary_large_image","twitter_title":"Lifesystems - Mini ier\u012bce insektu kodumu vietu apstr\u0101dei","twitter_misc":{"\u041f\u0440\u0438\u043c\u0435\u0440\u043d\u043e\u0435 \u0432\u0440\u0435\u043c\u044f \u0434\u043b\u044f \u0447\u0442\u0435\u043d\u0438\u044f":"1 \u043c\u0438\u043d\u0443\u0442\u0430"},"schema":{"@context":"https:\/\/schema.org","@graph":[{"@type":["WebPage","ItemPage"],"@id":"https:\/\/gohike.lv\/ru\/produkts\/lifesystems-mini-ierice-insektu-kodumu-vietu-apstradei\/","url":"https:\/\/gohike.lv\/ru\/produkts\/lifesystems-mini-ierice-insektu-kodumu-vietu-apstradei\/","name":"Lifesystems - Mini ier\u012bce insektu kodumu vietu apstr\u0101dei","isPartOf":{"@id":"https:\/\/gohike.lv\/ru\/#website"},"primaryImageOfPage":{"@id":"https:\/\/gohike.lv\/ru\/produkts\/lifesystems-mini-ierice-insektu-kodumu-vietu-apstradei\/#primaryimage"},"image":{"@id":"https:\/\/gohike.lv\/ru\/produkts\/lifesystems-mini-ierice-insektu-kodumu-vietu-apstradei\/#primaryimage"},"thumbnailUrl":"https:\/\/gohike.lv\/wp-content\/uploads\/2025\/02\/BiteRelief_.webp","datePublished":"2025-03-05T09:29:34+00:00","dateModified":"2025-12-30T14:24:24+00:00","description":"Kompakta ier\u012bce, kas mazina insektu kodumu niezi un diskomfortu, bez nepiecie\u0161am\u012bbas p\u0113c baterij\u0101m vai \u0137\u012bmisk\u0101m viel\u0101m.","breadcrumb":{"@id":"https:\/\/gohike.lv\/ru\/produkts\/lifesystems-mini-ierice-insektu-kodumu-vietu-apstradei\/#breadcrumb"},"inLanguage":"ru-RU","potentialAction":[{"@type":"ReadAction","target":["https:\/\/gohike.lv\/ru\/produkts\/lifesystems-mini-ierice-insektu-kodumu-vietu-apstradei\/"]}]},{"@type":"ImageObject","inLanguage":"ru-RU","@id":"https:\/\/gohike.lv\/ru\/produkts\/lifesystems-mini-ierice-insektu-kodumu-vietu-apstradei\/#primaryimage","url":"https:\/\/gohike.lv\/wp-content\/uploads\/2025\/02\/BiteRelief_.webp","contentUrl":"https:\/\/gohike.lv\/wp-content\/uploads\/2025\/02\/BiteRelief_.webp","width":900,"height":900},{"@type":"BreadcrumbList","@id":"https:\/\/gohike.lv\/ru\/produkts\/lifesystems-mini-ierice-insektu-kodumu-vietu-apstradei\/#breadcrumb","itemListElement":[{"@type":"ListItem","position":1,"name":"\u0413\u043b\u0430\u0432\u043d\u0430\u044f","item":"https:\/\/gohike.lv\/ru\/"},{"@type":"ListItem","position":2,"name":"\u041a\u0430\u0442\u0435\u0433\u043e\u0440\u0438\u0438 \u0442\u043e\u0432\u0430\u0440\u043e\u0432","item":"https:\/\/gohike.lv\/%d0%ba%d0%b0%d1%82%d0%b5%d0%b3%d0%be%d1%80%d0%b8%d0%b8-%d1%82%d0%be%d0%b2%d0%b0%d1%80%d0%be%d0%b2\/"},{"@type":"ListItem","position":3,"name":"Lifesystems &#8211; Mini ier\u012bce insektu kodumu vietu apstr\u0101dei"}]},{"@type":"WebSite","@id":"https:\/\/gohike.lv\/ru\/#website","url":"https:\/\/gohike.lv\/ru\/","name":"GoHike","description":"","publisher":{"@id":"https:\/\/gohike.lv\/ru\/#organization"},"potentialAction":[{"@type":"SearchAction","target":{"@type":"EntryPoint","urlTemplate":"https:\/\/gohike.lv\/ru\/?s={search_term_string}"},"query-input":{"@type":"PropertyValueSpecification","valueRequired":true,"valueName":"search_term_string"}}],"inLanguage":"ru-RU"},{"@type":"Organization","@id":"https:\/\/gohike.lv\/ru\/#organization","name":"GoHike","url":"https:\/\/gohike.lv\/ru\/","logo":{"@type":"ImageObject","inLanguage":"ru-RU","@id":"https:\/\/gohike.lv\/ru\/#\/schema\/logo\/image\/","url":"https:\/\/gohike.lv\/wp-content\/uploads\/2023\/08\/Logo_GoHike.webp","contentUrl":"https:\/\/gohike.lv\/wp-content\/uploads\/2023\/08\/Logo_GoHike.webp","width":512,"height":512,"caption":"GoHike"},"image":{"@id":"https:\/\/gohike.lv\/ru\/#\/schema\/logo\/image\/"},"sameAs":["https:\/\/www.facebook.com\/gohike.shop\/","https:\/\/www.instagram.com\/gohike.shop\/"]}]}},"jetpack_sharing_enabled":true,"_links":{"self":[{"href":"https:\/\/gohike.lv\/ru\/wp-json\/wp\/v2\/product\/66687","targetHints":{"allow":["GET"]}}],"collection":[{"href":"https:\/\/gohike.lv\/ru\/wp-json\/wp\/v2\/product"}],"about":[{"href":"https:\/\/gohike.lv\/ru\/wp-json\/wp\/v2\/types\/product"}],"version-history":[{"count":0,"href":"https:\/\/gohike.lv\/ru\/wp-json\/wp\/v2\/product\/66687\/revisions"}],"wp:featuredmedia":[{"embeddable":true,"href":"https:\/\/gohike.lv\/ru\/wp-json\/wp\/v2\/media\/66514"}],"wp:attachment":[{"href":"https:\/\/gohike.lv\/ru\/wp-json\/wp\/v2\/media?parent=66687"}],"wp:term":[{"taxonomy":"product_brand","embeddable":true,"href":"https:\/\/gohike.lv\/ru\/wp-json\/wp\/v2\/product_brand?post=66687"},{"taxonomy":"product_cat","embeddable":true,"href":"https:\/\/gohike.lv\/ru\/wp-json\/wp\/v2\/product_cat?post=66687"},{"taxonomy":"product_tag","embeddable":true,"href":"https:\/\/gohike.lv\/ru\/wp-json\/wp\/v2\/product_tag?post=66687"}],"curies":[{"name":"wp","href":"https:\/\/api.w.org\/{rel}","templated":true}]}}