{"id":66685,"date":"2025-03-05T12:29:26","date_gmt":"2025-03-05T09:29:26","guid":{"rendered":"https:\/\/gohike.lv\/produkts\/lifesystems-dual-palm-uzladejamie-roku-silditaji\/"},"modified":"2026-01-28T19:59:11","modified_gmt":"2026-01-28T16:59:11","slug":"lifesystems-dual-palm-uzladejamie-roku-silditaji","status":"publish","type":"product","link":"https:\/\/gohike.lv\/ru\/produkts\/lifesystems-dual-palm-uzladejamie-roku-silditaji\/","title":{"rendered":"Lifesystems &#8212; Dual-Palm uzl\u0101d\u0113jamie roku sild\u012bt\u0101ji"},"content":{"rendered":"<p>\u0160ie Dual-Palm uzl\u0101d\u0113jamie roku sild\u012bt\u0101ji ir apr\u012bkoti ar dal\u012btu magn\u0113tisko dizainu, kas \u013cauj sild\u012bt abas plaukstas, neatkar\u012bgi no t\u0101, vai t\u0101s atrodas blakus. Ar 3 temperat\u016bras re\u017e\u012bmiem varat viegli regul\u0113t sild\u012bt\u0101jus atbilsto\u0161i v\u0113lm\u0113m un apst\u0101k\u013ciem. USB-C kabelis \u013cauj uzl\u0101d\u0113t mobilo t\u0101lruni no sild\u012bt\u0101jiem, t\u0101d\u0113j\u0101di nodro\u0161inot savienojam\u012bbu pat ce\u013cojot. Sild\u012bt\u0101ji uzsilst 10 sekun\u017eu laik\u0101 un nodro\u0161ina siltumu l\u012bdz 9 stund\u0101m. Sild\u012bt\u0101jus var uzl\u0101d\u0113t, izmantojot t\u012bkla adapteri vai USB.<br \/>\nFunkcijas:<br \/>\n\u2022 Dal\u012bts magn\u0113tiskais dizains;<br \/>\n\u2022 2 x 5000 mAh baterijas jauda;<br \/>\n\u2022 Kompakts dizains un vienk\u0101r\u0161a lieto\u0161ana \u2013 3 temperat\u016bras re\u017e\u012bmi;<br \/>\n\u2022 Nodro\u0161ina siltumu l\u012bdz 6\u20139 stund\u0101m;<br \/>\n\u2022 \u0100tra uzsil\u0161ana (uzsilst 10 sekun\u017eu laik\u0101);<br \/>\n\u2022 Uzl\u0101des LED indikatori;<br \/>\n\u2022 Power bank funkcija;<br \/>\n\u2022 Uzl\u0101d\u0113jams ar USB;<br \/>\n\u2022 USB-C kabelis iek\u013cauts komplekt\u0101;<br \/>\n\u2022 Porta v\u0101ks.<br \/>\nTehniskie parametri:<br \/>\n\u2022 Daudzums: 2 gab.;<br \/>\n\u2022 Svars: 113 g (katrs);<br \/>\n\u2022 Izm\u0113ri: 6.3 x 10.9 x 2.0 cm (katrs);<br \/>\n\u2022 Baterija: 2 x 5000 mAh Li-Ion uzl\u0101d\u0113jam\u0101 baterija;<br \/>\n\u2022 Ievade: USB-Type C 5V 2A (maci\u0146\u0161.);<br \/>\n\u2022 Izvade: USB 5V 2.1A (maci\u0146\u0161.).<br \/>\n<iframe title=\"Lifesystems Dual Palm Rechargeable Hand Warmers\" width=\"1200\" height=\"675\" src=\"https:\/\/www.youtube.com\/embed\/1h7fBr8iG1k?feature=oembed\" frameborder=\"0\" allow=\"accelerometer; autoplay; clipboard-write; encrypted-media; gyroscope; picture-in-picture; web-share\" referrerpolicy=\"strict-origin-when-cross-origin\" allowfullscreen><\/iframe><\/p>\n","protected":false},"excerpt":{"rendered":"<p>Uzl\u0101d\u0113jami roku sild\u012bt\u0101ji ar magn\u0113tisku dizainu, 3 temperat\u016bras re\u017e\u012bmiem un power bank funkciju, kas nodro\u0161ina siltumu l\u012bdz pat 9 stund\u0101m.<\/p>\n","protected":false},"featured_media":66508,"template":"","meta":[],"product_brand":[1307],"product_cat":[1315],"product_tag":[],"class_list":{"0":"post-66685","1":"product","2":"type-product","3":"status-publish","4":"has-post-thumbnail","6":"product_brand-lifesystems-lv","7":"product_cat-silditaji-un-aptiecinas","8":"pa_izmerscm-6-310-92katrs","9":"pa_produkta-tips-roku-silditaji","11":"first","12":"instock","13":"taxable","14":"shipping-taxable","15":"purchasable","16":"product-type-simple"},"raw_content":{"name":"Lifesystems - Dual-Palm uzl\u0101d\u0113jamie roku sild\u012bt\u0101ji","description":"\u0160ie Dual-Palm uzl\u0101d\u0113jamie roku sild\u012bt\u0101ji ir apr\u012bkoti ar dal\u012btu magn\u0113tisko dizainu, kas \u013cauj sild\u012bt abas plaukstas, neatkar\u012bgi no t\u0101, vai t\u0101s atrodas blakus. Ar 3 temperat\u016bras re\u017e\u012bmiem varat viegli regul\u0113t sild\u012bt\u0101jus atbilsto\u0161i v\u0113lm\u0113m un apst\u0101k\u013ciem. USB-C kabelis \u013cauj uzl\u0101d\u0113t mobilo t\u0101lruni no sild\u012bt\u0101jiem, t\u0101d\u0113j\u0101di nodro\u0161inot savienojam\u012bbu pat ce\u013cojot. Sild\u012bt\u0101ji uzsilst 10 sekun\u017eu laik\u0101 un nodro\u0161ina siltumu l\u012bdz 9 stund\u0101m. Sild\u012bt\u0101jus var uzl\u0101d\u0113t, izmantojot t\u012bkla adapteri vai USB.\nFunkcijas:\n\u2022 Dal\u012bts magn\u0113tiskais dizains;\n\u2022 2 x 5000 mAh baterijas jauda;\n\u2022 Kompakts dizains un vienk\u0101r\u0161a lieto\u0161ana \u2013 3 temperat\u016bras re\u017e\u012bmi;\n\u2022 Nodro\u0161ina siltumu l\u012bdz 6\u20139 stund\u0101m;\n\u2022 \u0100tra uzsil\u0161ana (uzsilst 10 sekun\u017eu laik\u0101);\n\u2022 Uzl\u0101des LED indikatori;\n\u2022 Power bank funkcija;\n\u2022 Uzl\u0101d\u0113jams ar USB;\n\u2022 USB-C kabelis iek\u013cauts komplekt\u0101;\n\u2022 Porta v\u0101ks.\nTehniskie parametri:\n\u2022 Daudzums: 2 gab.;\n\u2022 Svars: 113 g (katrs);\n\u2022 Izm\u0113ri: 6.3 x 10.9 x 2.0 cm (katrs);\n\u2022 Baterija: 2 x 5000 mAh Li-Ion uzl\u0101d\u0113jam\u0101 baterija;\n\u2022 Ievade: USB-Type C 5V 2A (maci\u0146\u0161.);\n\u2022 Izvade: USB 5V 2.1A (maci\u0146\u0161.).\nhttps:\/\/youtu.be\/1h7fBr8iG1k?list=TLGGXL6nXI6BPAYxOTAyMjAyNQ","short_description":"Uzl\u0101d\u0113jami roku sild\u012bt\u0101ji ar magn\u0113tisku dizainu, 3 temperat\u016bras re\u017e\u012bmiem un power bank funkciju, kas nodro\u0161ina siltumu l\u012bdz pat 9 stund\u0101m.","status":"publish","sku":"5031863424622","original":66685},"wpml":{"translation_type":1,"has_translations":true,"original":66685,"duplicates":[],"translations":{"lv":66685,"en":66902,"ru":null}},"supplier_id":null,"supplier_sku":"","barcode":null,"atum_controlled":true,"out_stock_date":null,"out_stock_threshold":null,"inheritable":false,"inbound_stock":0,"stock_on_hold":0,"sold_today":0,"sales_last_days":1,"reserved_stock":0,"customer_returns":0,"warehouse_damage":0,"lost_in_post":0,"other_logs":0,"out_stock_days":3,"lost_sales":22,"has_location":false,"update_date":"2026-01-28T16:59:13","atum_locations":[],"atum_stock_status":"instock","restock_status":false,"low_stock_amount":"","sales_update_date":"2026-01-05T16:05:40","calc_backorders":null,"yoast_head":"<!-- This site is optimized with the Yoast SEO plugin v27.3 - https:\/\/yoast.com\/product\/yoast-seo-wordpress\/ -->\n<title>Lifesystems - Dual-Palm uzl\u0101d\u0113jamie roku sild\u012bt\u0101ji<\/title>\n<meta name=\"description\" content=\"Uzl\u0101d\u0113jami roku sild\u012bt\u0101ji ar magn\u0113tisku dizainu, 3 temperat\u016bras re\u017e\u012bmiem un power bank funkciju, kas nodro\u0161ina siltumu l\u012bdz pat 9 stund\u0101m.\" \/>\n<meta name=\"robots\" content=\"index, follow, max-snippet:-1, max-image-preview:large, max-video-preview:-1\" \/>\n<link rel=\"canonical\" href=\"https:\/\/gohike.lv\/ru\/produkts\/lifesystems-dual-palm-uzladejamie-roku-silditaji\/\" \/>\n<meta property=\"og:locale\" content=\"ru_RU\" \/>\n<meta property=\"og:type\" content=\"article\" \/>\n<meta property=\"og:title\" content=\"Lifesystems - Dual-Palm uzl\u0101d\u0113jamie roku sild\u012bt\u0101ji\" \/>\n<meta property=\"og:description\" content=\"Uzl\u0101d\u0113jami roku sild\u012bt\u0101ji ar magn\u0113tisku dizainu, 3 temperat\u016bras re\u017e\u012bmiem un power bank funkciju, kas nodro\u0161ina siltumu l\u012bdz pat 9 stund\u0101m.\" \/>\n<meta property=\"og:url\" content=\"https:\/\/gohike.lv\/ru\/produkts\/lifesystems-dual-palm-uzladejamie-roku-silditaji\/\" \/>\n<meta property=\"og:site_name\" content=\"GoHike\" \/>\n<meta property=\"article:publisher\" content=\"https:\/\/www.facebook.com\/gohike.shop\/\" \/>\n<meta property=\"article:modified_time\" content=\"2026-01-28T16:59:11+00:00\" \/>\n<meta property=\"og:image\" content=\"https:\/\/gohike.lv\/wp-content\/uploads\/2025\/02\/DualPalm_.webp\" \/>\n\t<meta property=\"og:image:width\" content=\"900\" \/>\n\t<meta property=\"og:image:height\" content=\"900\" \/>\n\t<meta property=\"og:image:type\" content=\"image\/webp\" \/>\n<meta name=\"twitter:card\" content=\"summary_large_image\" \/>\n<meta name=\"twitter:title\" content=\"Lifesystems - Dual-Palm uzl\u0101d\u0113jamie roku sild\u012bt\u0101ji\" \/>\n<meta name=\"twitter:label1\" content=\"\u041f\u0440\u0438\u043c\u0435\u0440\u043d\u043e\u0435 \u0432\u0440\u0435\u043c\u044f \u0434\u043b\u044f \u0447\u0442\u0435\u043d\u0438\u044f\" \/>\n\t<meta name=\"twitter:data1\" content=\"2 \u043c\u0438\u043d\u0443\u0442\u0430\" \/>\n<script type=\"application\/ld+json\" class=\"yoast-schema-graph\">{\"@context\":\"https:\\\/\\\/schema.org\",\"@graph\":[{\"@type\":[\"WebPage\",\"ItemPage\"],\"@id\":\"https:\\\/\\\/gohike.lv\\\/ru\\\/produkts\\\/lifesystems-dual-palm-uzladejamie-roku-silditaji\\\/\",\"url\":\"https:\\\/\\\/gohike.lv\\\/ru\\\/produkts\\\/lifesystems-dual-palm-uzladejamie-roku-silditaji\\\/\",\"name\":\"Lifesystems - Dual-Palm uzl\u0101d\u0113jamie roku sild\u012bt\u0101ji\",\"isPartOf\":{\"@id\":\"https:\\\/\\\/gohike.lv\\\/ru\\\/#website\"},\"primaryImageOfPage\":{\"@id\":\"https:\\\/\\\/gohike.lv\\\/ru\\\/produkts\\\/lifesystems-dual-palm-uzladejamie-roku-silditaji\\\/#primaryimage\"},\"image\":{\"@id\":\"https:\\\/\\\/gohike.lv\\\/ru\\\/produkts\\\/lifesystems-dual-palm-uzladejamie-roku-silditaji\\\/#primaryimage\"},\"thumbnailUrl\":\"https:\\\/\\\/gohike.lv\\\/wp-content\\\/uploads\\\/2025\\\/02\\\/DualPalm_.webp\",\"datePublished\":\"2025-03-05T09:29:26+00:00\",\"dateModified\":\"2026-01-28T16:59:11+00:00\",\"description\":\"Uzl\u0101d\u0113jami roku sild\u012bt\u0101ji ar magn\u0113tisku dizainu, 3 temperat\u016bras re\u017e\u012bmiem un power bank funkciju, kas nodro\u0161ina siltumu l\u012bdz pat 9 stund\u0101m.\",\"breadcrumb\":{\"@id\":\"https:\\\/\\\/gohike.lv\\\/ru\\\/produkts\\\/lifesystems-dual-palm-uzladejamie-roku-silditaji\\\/#breadcrumb\"},\"inLanguage\":\"ru-RU\",\"potentialAction\":[{\"@type\":\"ReadAction\",\"target\":[\"https:\\\/\\\/gohike.lv\\\/ru\\\/produkts\\\/lifesystems-dual-palm-uzladejamie-roku-silditaji\\\/\"]}]},{\"@type\":\"ImageObject\",\"inLanguage\":\"ru-RU\",\"@id\":\"https:\\\/\\\/gohike.lv\\\/ru\\\/produkts\\\/lifesystems-dual-palm-uzladejamie-roku-silditaji\\\/#primaryimage\",\"url\":\"https:\\\/\\\/gohike.lv\\\/wp-content\\\/uploads\\\/2025\\\/02\\\/DualPalm_.webp\",\"contentUrl\":\"https:\\\/\\\/gohike.lv\\\/wp-content\\\/uploads\\\/2025\\\/02\\\/DualPalm_.webp\",\"width\":900,\"height\":900},{\"@type\":\"BreadcrumbList\",\"@id\":\"https:\\\/\\\/gohike.lv\\\/ru\\\/produkts\\\/lifesystems-dual-palm-uzladejamie-roku-silditaji\\\/#breadcrumb\",\"itemListElement\":[{\"@type\":\"ListItem\",\"position\":1,\"name\":\"\u0413\u043b\u0430\u0432\u043d\u0430\u044f\",\"item\":\"https:\\\/\\\/gohike.lv\\\/ru\\\/\"},{\"@type\":\"ListItem\",\"position\":2,\"name\":\"\u041a\u0430\u0442\u0435\u0433\u043e\u0440\u0438\u0438 \u0442\u043e\u0432\u0430\u0440\u043e\u0432\",\"item\":\"https:\\\/\\\/gohike.lv\\\/%d0%ba%d0%b0%d1%82%d0%b5%d0%b3%d0%be%d1%80%d0%b8%d0%b8-%d1%82%d0%be%d0%b2%d0%b0%d1%80%d0%be%d0%b2\\\/\"},{\"@type\":\"ListItem\",\"position\":3,\"name\":\"Lifesystems &#8211; Dual-Palm uzl\u0101d\u0113jamie roku sild\u012bt\u0101ji\"}]},{\"@type\":\"WebSite\",\"@id\":\"https:\\\/\\\/gohike.lv\\\/ru\\\/#website\",\"url\":\"https:\\\/\\\/gohike.lv\\\/ru\\\/\",\"name\":\"GoHike\",\"description\":\"\",\"publisher\":{\"@id\":\"https:\\\/\\\/gohike.lv\\\/ru\\\/#organization\"},\"potentialAction\":[{\"@type\":\"SearchAction\",\"target\":{\"@type\":\"EntryPoint\",\"urlTemplate\":\"https:\\\/\\\/gohike.lv\\\/ru\\\/?s={search_term_string}\"},\"query-input\":{\"@type\":\"PropertyValueSpecification\",\"valueRequired\":true,\"valueName\":\"search_term_string\"}}],\"inLanguage\":\"ru-RU\"},{\"@type\":\"Organization\",\"@id\":\"https:\\\/\\\/gohike.lv\\\/ru\\\/#organization\",\"name\":\"GoHike\",\"url\":\"https:\\\/\\\/gohike.lv\\\/ru\\\/\",\"logo\":{\"@type\":\"ImageObject\",\"inLanguage\":\"ru-RU\",\"@id\":\"https:\\\/\\\/gohike.lv\\\/ru\\\/#\\\/schema\\\/logo\\\/image\\\/\",\"url\":\"https:\\\/\\\/gohike.lv\\\/wp-content\\\/uploads\\\/2023\\\/08\\\/Logo_GoHike.webp\",\"contentUrl\":\"https:\\\/\\\/gohike.lv\\\/wp-content\\\/uploads\\\/2023\\\/08\\\/Logo_GoHike.webp\",\"width\":512,\"height\":512,\"caption\":\"GoHike\"},\"image\":{\"@id\":\"https:\\\/\\\/gohike.lv\\\/ru\\\/#\\\/schema\\\/logo\\\/image\\\/\"},\"sameAs\":[\"https:\\\/\\\/www.facebook.com\\\/gohike.shop\\\/\",\"https:\\\/\\\/www.instagram.com\\\/gohike.shop\\\/\"]}]}<\/script>\n<!-- \/ Yoast SEO plugin. -->","yoast_head_json":{"title":"Lifesystems - Dual-Palm uzl\u0101d\u0113jamie roku sild\u012bt\u0101ji","description":"Uzl\u0101d\u0113jami roku sild\u012bt\u0101ji ar magn\u0113tisku dizainu, 3 temperat\u016bras re\u017e\u012bmiem un power bank funkciju, kas nodro\u0161ina siltumu l\u012bdz pat 9 stund\u0101m.","robots":{"index":"index","follow":"follow","max-snippet":"max-snippet:-1","max-image-preview":"max-image-preview:large","max-video-preview":"max-video-preview:-1"},"canonical":"https:\/\/gohike.lv\/ru\/produkts\/lifesystems-dual-palm-uzladejamie-roku-silditaji\/","og_locale":"ru_RU","og_type":"article","og_title":"Lifesystems - Dual-Palm uzl\u0101d\u0113jamie roku sild\u012bt\u0101ji","og_description":"Uzl\u0101d\u0113jami roku sild\u012bt\u0101ji ar magn\u0113tisku dizainu, 3 temperat\u016bras re\u017e\u012bmiem un power bank funkciju, kas nodro\u0161ina siltumu l\u012bdz pat 9 stund\u0101m.","og_url":"https:\/\/gohike.lv\/ru\/produkts\/lifesystems-dual-palm-uzladejamie-roku-silditaji\/","og_site_name":"GoHike","article_publisher":"https:\/\/www.facebook.com\/gohike.shop\/","article_modified_time":"2026-01-28T16:59:11+00:00","og_image":[{"width":900,"height":900,"url":"https:\/\/gohike.lv\/wp-content\/uploads\/2025\/02\/DualPalm_.webp","type":"image\/webp"}],"twitter_card":"summary_large_image","twitter_title":"Lifesystems - Dual-Palm uzl\u0101d\u0113jamie roku sild\u012bt\u0101ji","twitter_misc":{"\u041f\u0440\u0438\u043c\u0435\u0440\u043d\u043e\u0435 \u0432\u0440\u0435\u043c\u044f \u0434\u043b\u044f \u0447\u0442\u0435\u043d\u0438\u044f":"2 \u043c\u0438\u043d\u0443\u0442\u0430"},"schema":{"@context":"https:\/\/schema.org","@graph":[{"@type":["WebPage","ItemPage"],"@id":"https:\/\/gohike.lv\/ru\/produkts\/lifesystems-dual-palm-uzladejamie-roku-silditaji\/","url":"https:\/\/gohike.lv\/ru\/produkts\/lifesystems-dual-palm-uzladejamie-roku-silditaji\/","name":"Lifesystems - Dual-Palm uzl\u0101d\u0113jamie roku sild\u012bt\u0101ji","isPartOf":{"@id":"https:\/\/gohike.lv\/ru\/#website"},"primaryImageOfPage":{"@id":"https:\/\/gohike.lv\/ru\/produkts\/lifesystems-dual-palm-uzladejamie-roku-silditaji\/#primaryimage"},"image":{"@id":"https:\/\/gohike.lv\/ru\/produkts\/lifesystems-dual-palm-uzladejamie-roku-silditaji\/#primaryimage"},"thumbnailUrl":"https:\/\/gohike.lv\/wp-content\/uploads\/2025\/02\/DualPalm_.webp","datePublished":"2025-03-05T09:29:26+00:00","dateModified":"2026-01-28T16:59:11+00:00","description":"Uzl\u0101d\u0113jami roku sild\u012bt\u0101ji ar magn\u0113tisku dizainu, 3 temperat\u016bras re\u017e\u012bmiem un power bank funkciju, kas nodro\u0161ina siltumu l\u012bdz pat 9 stund\u0101m.","breadcrumb":{"@id":"https:\/\/gohike.lv\/ru\/produkts\/lifesystems-dual-palm-uzladejamie-roku-silditaji\/#breadcrumb"},"inLanguage":"ru-RU","potentialAction":[{"@type":"ReadAction","target":["https:\/\/gohike.lv\/ru\/produkts\/lifesystems-dual-palm-uzladejamie-roku-silditaji\/"]}]},{"@type":"ImageObject","inLanguage":"ru-RU","@id":"https:\/\/gohike.lv\/ru\/produkts\/lifesystems-dual-palm-uzladejamie-roku-silditaji\/#primaryimage","url":"https:\/\/gohike.lv\/wp-content\/uploads\/2025\/02\/DualPalm_.webp","contentUrl":"https:\/\/gohike.lv\/wp-content\/uploads\/2025\/02\/DualPalm_.webp","width":900,"height":900},{"@type":"BreadcrumbList","@id":"https:\/\/gohike.lv\/ru\/produkts\/lifesystems-dual-palm-uzladejamie-roku-silditaji\/#breadcrumb","itemListElement":[{"@type":"ListItem","position":1,"name":"\u0413\u043b\u0430\u0432\u043d\u0430\u044f","item":"https:\/\/gohike.lv\/ru\/"},{"@type":"ListItem","position":2,"name":"\u041a\u0430\u0442\u0435\u0433\u043e\u0440\u0438\u0438 \u0442\u043e\u0432\u0430\u0440\u043e\u0432","item":"https:\/\/gohike.lv\/%d0%ba%d0%b0%d1%82%d0%b5%d0%b3%d0%be%d1%80%d0%b8%d0%b8-%d1%82%d0%be%d0%b2%d0%b0%d1%80%d0%be%d0%b2\/"},{"@type":"ListItem","position":3,"name":"Lifesystems &#8211; Dual-Palm uzl\u0101d\u0113jamie roku sild\u012bt\u0101ji"}]},{"@type":"WebSite","@id":"https:\/\/gohike.lv\/ru\/#website","url":"https:\/\/gohike.lv\/ru\/","name":"GoHike","description":"","publisher":{"@id":"https:\/\/gohike.lv\/ru\/#organization"},"potentialAction":[{"@type":"SearchAction","target":{"@type":"EntryPoint","urlTemplate":"https:\/\/gohike.lv\/ru\/?s={search_term_string}"},"query-input":{"@type":"PropertyValueSpecification","valueRequired":true,"valueName":"search_term_string"}}],"inLanguage":"ru-RU"},{"@type":"Organization","@id":"https:\/\/gohike.lv\/ru\/#organization","name":"GoHike","url":"https:\/\/gohike.lv\/ru\/","logo":{"@type":"ImageObject","inLanguage":"ru-RU","@id":"https:\/\/gohike.lv\/ru\/#\/schema\/logo\/image\/","url":"https:\/\/gohike.lv\/wp-content\/uploads\/2023\/08\/Logo_GoHike.webp","contentUrl":"https:\/\/gohike.lv\/wp-content\/uploads\/2023\/08\/Logo_GoHike.webp","width":512,"height":512,"caption":"GoHike"},"image":{"@id":"https:\/\/gohike.lv\/ru\/#\/schema\/logo\/image\/"},"sameAs":["https:\/\/www.facebook.com\/gohike.shop\/","https:\/\/www.instagram.com\/gohike.shop\/"]}]}},"jetpack_sharing_enabled":true,"_links":{"self":[{"href":"https:\/\/gohike.lv\/ru\/wp-json\/wp\/v2\/product\/66685","targetHints":{"allow":["GET"]}}],"collection":[{"href":"https:\/\/gohike.lv\/ru\/wp-json\/wp\/v2\/product"}],"about":[{"href":"https:\/\/gohike.lv\/ru\/wp-json\/wp\/v2\/types\/product"}],"version-history":[{"count":0,"href":"https:\/\/gohike.lv\/ru\/wp-json\/wp\/v2\/product\/66685\/revisions"}],"wp:featuredmedia":[{"embeddable":true,"href":"https:\/\/gohike.lv\/ru\/wp-json\/wp\/v2\/media\/66508"}],"wp:attachment":[{"href":"https:\/\/gohike.lv\/ru\/wp-json\/wp\/v2\/media?parent=66685"}],"wp:term":[{"taxonomy":"product_brand","embeddable":true,"href":"https:\/\/gohike.lv\/ru\/wp-json\/wp\/v2\/product_brand?post=66685"},{"taxonomy":"product_cat","embeddable":true,"href":"https:\/\/gohike.lv\/ru\/wp-json\/wp\/v2\/product_cat?post=66685"},{"taxonomy":"product_tag","embeddable":true,"href":"https:\/\/gohike.lv\/ru\/wp-json\/wp\/v2\/product_tag?post=66685"}],"curies":[{"name":"wp","href":"https:\/\/api.w.org\/{rel}","templated":true}]}}