{"id":66683,"date":"2025-03-05T12:29:26","date_gmt":"2025-03-05T09:29:26","guid":{"rendered":"https:\/\/gohike.lv\/produkts\/lifesystems-intensity-155-led-galvas-lukturis\/"},"modified":"2025-12-30T17:09:52","modified_gmt":"2025-12-30T14:09:52","slug":"lifesystems-intensity-155-led-galvas-lukturis","status":"publish","type":"product","link":"https:\/\/gohike.lv\/ru\/produkts\/lifesystems-intensity-155-led-galvas-lukturis\/","title":{"rendered":"Lifesystems &#8212; Intensity 155 LED galvas lukturis"},"content":{"rendered":"<p>\u0160is daudzpus\u012bgais galvas lukturis nodro\u0161ina l\u012bdz 155 l\u016bmenu spilgtumu un regul\u0113jamu staru le\u0146\u0137. Tas ir triecieniztur\u012bgs un \u016bdensiztur\u012bgs, padarot to ide\u0101lu izmanto\u0161anai ekstrem\u0101los apst\u0101k\u013cos. Darbin\u0101ms ar vienu AA bateriju, tas nodro\u0161ina l\u012bdz 7 stundu baterijas darb\u012bbas laiku augst\u0101kaj\u0101 re\u017e\u012bm\u0101 un ir apr\u012bkots ar 7 da\u017e\u0101diem re\u017e\u012bmiem, tostarp ar sarkano gaismu, kas nodro\u0161ina redzam\u012bbu nakt\u012b.<br \/>\nFunkcijas:<br \/>\n\u2022 155 l\u016bmenu spilgtums;<br \/>\n\u2022 Regul\u0113jams staru le\u0146\u0137is no 17 l\u012bdz 62 metriem;<br \/>\n\u2022 CREE XPG3 S2 balt\u0101 gaismas diode un 5 mm sarkan\u0101s gaismas diodes (x2);<br \/>\n\u2022 7 apgaismojuma re\u017e\u012bmi, tostarp SOS mirgo\u0161ana;<br \/>\n\u2022 IPX6 \u016bdensiztur\u012bgs korpuss;<br \/>\n\u2022 Regul\u0113jama galvas saite;<br \/>\n\u2022 Nepiecie\u0161ama 1 x AA baterija (iek\u013cauta komplekt\u0101);<br \/>\n\u2022 L\u012bdz 35 stundu baterijas darb\u012bbas laiks;<br \/>\n\u2022 Ieteikts DofE komplekt\u0101.<br \/>\nTehniskie parametri:<br \/>\n\u2022 Svars: 72 g;<br \/>\n\u2022 Izm\u0113ri: 6.2 x 3.8 x 2.8 cm.<br \/>\n<iframe title=\"Lifesystems Intensity Head Torches\" width=\"1200\" height=\"675\" src=\"https:\/\/www.youtube.com\/embed\/U6n3mSUgAAo?feature=oembed\" frameborder=\"0\" allow=\"accelerometer; autoplay; clipboard-write; encrypted-media; gyroscope; picture-in-picture; web-share\" referrerpolicy=\"strict-origin-when-cross-origin\" allowfullscreen><\/iframe><\/p>\n","protected":false},"excerpt":{"rendered":"<p>\u016adensiztur\u012bgs galvas lukturis ar 155 l\u016bmenu spilgtumu, 7 re\u017e\u012bmiem un l\u012bdz 35 stundu baterijas darb\u012bbas laiku.<\/p>\n","protected":false},"featured_media":66504,"template":"","meta":[],"product_brand":[1307],"product_cat":[1643],"product_tag":[],"class_list":{"0":"post-66683","1":"product","2":"type-product","3":"status-publish","4":"has-post-thumbnail","6":"product_brand-lifesystems-lv","7":"product_cat-elektronika","8":"pa_izmerscm-6-23-82-8","9":"pa_produkta-tips-galvas-lukturi","11":"first","12":"instock","13":"taxable","14":"shipping-taxable","15":"purchasable","16":"product-type-simple"},"raw_content":{"name":"Lifesystems - Intensity 155 LED galvas lukturis","description":"\u0160is daudzpus\u012bgais galvas lukturis nodro\u0161ina l\u012bdz 155 l\u016bmenu spilgtumu un regul\u0113jamu staru le\u0146\u0137. Tas ir triecieniztur\u012bgs un \u016bdensiztur\u012bgs, padarot to ide\u0101lu izmanto\u0161anai ekstrem\u0101los apst\u0101k\u013cos. Darbin\u0101ms ar vienu AA bateriju, tas nodro\u0161ina l\u012bdz 7 stundu baterijas darb\u012bbas laiku augst\u0101kaj\u0101 re\u017e\u012bm\u0101 un ir apr\u012bkots ar 7 da\u017e\u0101diem re\u017e\u012bmiem, tostarp ar sarkano gaismu, kas nodro\u0161ina redzam\u012bbu nakt\u012b.\nFunkcijas:\n\u2022 155 l\u016bmenu spilgtums;\n\u2022 Regul\u0113jams staru le\u0146\u0137is no 17 l\u012bdz 62 metriem;\n\u2022 CREE XPG3 S2 balt\u0101 gaismas diode un 5 mm sarkan\u0101s gaismas diodes (x2);\n\u2022 7 apgaismojuma re\u017e\u012bmi, tostarp SOS mirgo\u0161ana;\n\u2022 IPX6 \u016bdensiztur\u012bgs korpuss;\n\u2022 Regul\u0113jama galvas saite;\n\u2022 Nepiecie\u0161ama 1 x AA baterija (iek\u013cauta komplekt\u0101);\n\u2022 L\u012bdz 35 stundu baterijas darb\u012bbas laiks;\n\u2022 Ieteikts DofE komplekt\u0101.\nTehniskie parametri:\n\u2022 Svars: 72 g;\n\u2022 Izm\u0113ri: 6.2 x 3.8 x 2.8 cm.\nhttps:\/\/youtu.be\/U6n3mSUgAAo?list=TLGG6P8ct3vxLgcxOTAyMjAyNQ","short_description":"\u016adensiztur\u012bgs galvas lukturis ar 155 l\u016bmenu spilgtumu, 7 re\u017e\u012bmiem un l\u012bdz 35 stundu baterijas darb\u012bbas laiku.","status":"publish","sku":"5031863420150","original":66683},"wpml":{"translation_type":1,"has_translations":true,"original":66683,"duplicates":[],"translations":{"lv":66683,"en":66903,"ru":null}},"supplier_id":null,"supplier_sku":"","barcode":null,"atum_controlled":true,"out_stock_date":null,"out_stock_threshold":null,"inheritable":false,"inbound_stock":0,"stock_on_hold":0,"sold_today":0,"sales_last_days":0,"reserved_stock":0,"customer_returns":0,"warehouse_damage":0,"lost_in_post":0,"other_logs":0,"out_stock_days":0,"lost_sales":0,"has_location":false,"update_date":"2025-12-30T14:13:25","atum_locations":[],"atum_stock_status":"instock","restock_status":false,"low_stock_amount":"","sales_update_date":"2025-11-13T14:07:56","calc_backorders":null,"yoast_head":"<!-- This site is optimized with the Yoast SEO plugin v27.3 - https:\/\/yoast.com\/product\/yoast-seo-wordpress\/ -->\n<title>Lifesystems - Intensity 155 LED galvas lukturis<\/title>\n<meta name=\"description\" content=\"\u016adensiztur\u012bgs galvas lukturis ar 155 l\u016bmenu spilgtumu, 7 re\u017e\u012bmiem un l\u012bdz 35 stundu baterijas darb\u012bbas laiku.\" \/>\n<meta name=\"robots\" content=\"index, follow, max-snippet:-1, max-image-preview:large, max-video-preview:-1\" \/>\n<link rel=\"canonical\" href=\"https:\/\/gohike.lv\/ru\/produkts\/lifesystems-intensity-155-led-galvas-lukturis\/\" \/>\n<meta property=\"og:locale\" content=\"ru_RU\" \/>\n<meta property=\"og:type\" content=\"article\" \/>\n<meta property=\"og:title\" content=\"Lifesystems - Intensity 155 LED galvas lukturis\" \/>\n<meta property=\"og:description\" content=\"\u016adensiztur\u012bgs galvas lukturis ar 155 l\u016bmenu spilgtumu, 7 re\u017e\u012bmiem un l\u012bdz 35 stundu baterijas darb\u012bbas laiku.\" \/>\n<meta property=\"og:url\" content=\"https:\/\/gohike.lv\/ru\/produkts\/lifesystems-intensity-155-led-galvas-lukturis\/\" \/>\n<meta property=\"og:site_name\" content=\"GoHike\" \/>\n<meta property=\"article:publisher\" content=\"https:\/\/www.facebook.com\/gohike.shop\/\" \/>\n<meta property=\"article:modified_time\" content=\"2025-12-30T14:09:52+00:00\" \/>\n<meta property=\"og:image\" content=\"https:\/\/gohike.lv\/wp-content\/uploads\/2025\/02\/155torch_.webp\" \/>\n\t<meta property=\"og:image:width\" content=\"900\" \/>\n\t<meta property=\"og:image:height\" content=\"900\" \/>\n\t<meta property=\"og:image:type\" content=\"image\/webp\" \/>\n<meta name=\"twitter:card\" content=\"summary_large_image\" \/>\n<meta name=\"twitter:title\" content=\"Lifesystems - Intensity 155 LED galvas lukturis\" \/>\n<meta name=\"twitter:label1\" content=\"\u041f\u0440\u0438\u043c\u0435\u0440\u043d\u043e\u0435 \u0432\u0440\u0435\u043c\u044f \u0434\u043b\u044f \u0447\u0442\u0435\u043d\u0438\u044f\" \/>\n\t<meta name=\"twitter:data1\" content=\"1 \u043c\u0438\u043d\u0443\u0442\u0430\" \/>\n<script type=\"application\/ld+json\" class=\"yoast-schema-graph\">{\"@context\":\"https:\\\/\\\/schema.org\",\"@graph\":[{\"@type\":[\"WebPage\",\"ItemPage\"],\"@id\":\"https:\\\/\\\/gohike.lv\\\/ru\\\/produkts\\\/lifesystems-intensity-155-led-galvas-lukturis\\\/\",\"url\":\"https:\\\/\\\/gohike.lv\\\/ru\\\/produkts\\\/lifesystems-intensity-155-led-galvas-lukturis\\\/\",\"name\":\"Lifesystems - Intensity 155 LED galvas lukturis\",\"isPartOf\":{\"@id\":\"https:\\\/\\\/gohike.lv\\\/ru\\\/#website\"},\"primaryImageOfPage\":{\"@id\":\"https:\\\/\\\/gohike.lv\\\/ru\\\/produkts\\\/lifesystems-intensity-155-led-galvas-lukturis\\\/#primaryimage\"},\"image\":{\"@id\":\"https:\\\/\\\/gohike.lv\\\/ru\\\/produkts\\\/lifesystems-intensity-155-led-galvas-lukturis\\\/#primaryimage\"},\"thumbnailUrl\":\"https:\\\/\\\/gohike.lv\\\/wp-content\\\/uploads\\\/2025\\\/02\\\/155torch_.webp\",\"datePublished\":\"2025-03-05T09:29:26+00:00\",\"dateModified\":\"2025-12-30T14:09:52+00:00\",\"description\":\"\u016adensiztur\u012bgs galvas lukturis ar 155 l\u016bmenu spilgtumu, 7 re\u017e\u012bmiem un l\u012bdz 35 stundu baterijas darb\u012bbas laiku.\",\"breadcrumb\":{\"@id\":\"https:\\\/\\\/gohike.lv\\\/ru\\\/produkts\\\/lifesystems-intensity-155-led-galvas-lukturis\\\/#breadcrumb\"},\"inLanguage\":\"ru-RU\",\"potentialAction\":[{\"@type\":\"ReadAction\",\"target\":[\"https:\\\/\\\/gohike.lv\\\/ru\\\/produkts\\\/lifesystems-intensity-155-led-galvas-lukturis\\\/\"]}]},{\"@type\":\"ImageObject\",\"inLanguage\":\"ru-RU\",\"@id\":\"https:\\\/\\\/gohike.lv\\\/ru\\\/produkts\\\/lifesystems-intensity-155-led-galvas-lukturis\\\/#primaryimage\",\"url\":\"https:\\\/\\\/gohike.lv\\\/wp-content\\\/uploads\\\/2025\\\/02\\\/155torch_.webp\",\"contentUrl\":\"https:\\\/\\\/gohike.lv\\\/wp-content\\\/uploads\\\/2025\\\/02\\\/155torch_.webp\",\"width\":900,\"height\":900},{\"@type\":\"BreadcrumbList\",\"@id\":\"https:\\\/\\\/gohike.lv\\\/ru\\\/produkts\\\/lifesystems-intensity-155-led-galvas-lukturis\\\/#breadcrumb\",\"itemListElement\":[{\"@type\":\"ListItem\",\"position\":1,\"name\":\"\u0413\u043b\u0430\u0432\u043d\u0430\u044f\",\"item\":\"https:\\\/\\\/gohike.lv\\\/ru\\\/\"},{\"@type\":\"ListItem\",\"position\":2,\"name\":\"\u041a\u0430\u0442\u0435\u0433\u043e\u0440\u0438\u0438 \u0442\u043e\u0432\u0430\u0440\u043e\u0432\",\"item\":\"https:\\\/\\\/gohike.lv\\\/%d0%ba%d0%b0%d1%82%d0%b5%d0%b3%d0%be%d1%80%d0%b8%d0%b8-%d1%82%d0%be%d0%b2%d0%b0%d1%80%d0%be%d0%b2\\\/\"},{\"@type\":\"ListItem\",\"position\":3,\"name\":\"Lifesystems &#8211; Intensity 155 LED galvas lukturis\"}]},{\"@type\":\"WebSite\",\"@id\":\"https:\\\/\\\/gohike.lv\\\/ru\\\/#website\",\"url\":\"https:\\\/\\\/gohike.lv\\\/ru\\\/\",\"name\":\"GoHike\",\"description\":\"\",\"publisher\":{\"@id\":\"https:\\\/\\\/gohike.lv\\\/ru\\\/#organization\"},\"potentialAction\":[{\"@type\":\"SearchAction\",\"target\":{\"@type\":\"EntryPoint\",\"urlTemplate\":\"https:\\\/\\\/gohike.lv\\\/ru\\\/?s={search_term_string}\"},\"query-input\":{\"@type\":\"PropertyValueSpecification\",\"valueRequired\":true,\"valueName\":\"search_term_string\"}}],\"inLanguage\":\"ru-RU\"},{\"@type\":\"Organization\",\"@id\":\"https:\\\/\\\/gohike.lv\\\/ru\\\/#organization\",\"name\":\"GoHike\",\"url\":\"https:\\\/\\\/gohike.lv\\\/ru\\\/\",\"logo\":{\"@type\":\"ImageObject\",\"inLanguage\":\"ru-RU\",\"@id\":\"https:\\\/\\\/gohike.lv\\\/ru\\\/#\\\/schema\\\/logo\\\/image\\\/\",\"url\":\"https:\\\/\\\/gohike.lv\\\/wp-content\\\/uploads\\\/2023\\\/08\\\/Logo_GoHike.webp\",\"contentUrl\":\"https:\\\/\\\/gohike.lv\\\/wp-content\\\/uploads\\\/2023\\\/08\\\/Logo_GoHike.webp\",\"width\":512,\"height\":512,\"caption\":\"GoHike\"},\"image\":{\"@id\":\"https:\\\/\\\/gohike.lv\\\/ru\\\/#\\\/schema\\\/logo\\\/image\\\/\"},\"sameAs\":[\"https:\\\/\\\/www.facebook.com\\\/gohike.shop\\\/\",\"https:\\\/\\\/www.instagram.com\\\/gohike.shop\\\/\"]}]}<\/script>\n<!-- \/ Yoast SEO plugin. -->","yoast_head_json":{"title":"Lifesystems - Intensity 155 LED galvas lukturis","description":"\u016adensiztur\u012bgs galvas lukturis ar 155 l\u016bmenu spilgtumu, 7 re\u017e\u012bmiem un l\u012bdz 35 stundu baterijas darb\u012bbas laiku.","robots":{"index":"index","follow":"follow","max-snippet":"max-snippet:-1","max-image-preview":"max-image-preview:large","max-video-preview":"max-video-preview:-1"},"canonical":"https:\/\/gohike.lv\/ru\/produkts\/lifesystems-intensity-155-led-galvas-lukturis\/","og_locale":"ru_RU","og_type":"article","og_title":"Lifesystems - Intensity 155 LED galvas lukturis","og_description":"\u016adensiztur\u012bgs galvas lukturis ar 155 l\u016bmenu spilgtumu, 7 re\u017e\u012bmiem un l\u012bdz 35 stundu baterijas darb\u012bbas laiku.","og_url":"https:\/\/gohike.lv\/ru\/produkts\/lifesystems-intensity-155-led-galvas-lukturis\/","og_site_name":"GoHike","article_publisher":"https:\/\/www.facebook.com\/gohike.shop\/","article_modified_time":"2025-12-30T14:09:52+00:00","og_image":[{"width":900,"height":900,"url":"https:\/\/gohike.lv\/wp-content\/uploads\/2025\/02\/155torch_.webp","type":"image\/webp"}],"twitter_card":"summary_large_image","twitter_title":"Lifesystems - Intensity 155 LED galvas lukturis","twitter_misc":{"\u041f\u0440\u0438\u043c\u0435\u0440\u043d\u043e\u0435 \u0432\u0440\u0435\u043c\u044f \u0434\u043b\u044f \u0447\u0442\u0435\u043d\u0438\u044f":"1 \u043c\u0438\u043d\u0443\u0442\u0430"},"schema":{"@context":"https:\/\/schema.org","@graph":[{"@type":["WebPage","ItemPage"],"@id":"https:\/\/gohike.lv\/ru\/produkts\/lifesystems-intensity-155-led-galvas-lukturis\/","url":"https:\/\/gohike.lv\/ru\/produkts\/lifesystems-intensity-155-led-galvas-lukturis\/","name":"Lifesystems - Intensity 155 LED galvas lukturis","isPartOf":{"@id":"https:\/\/gohike.lv\/ru\/#website"},"primaryImageOfPage":{"@id":"https:\/\/gohike.lv\/ru\/produkts\/lifesystems-intensity-155-led-galvas-lukturis\/#primaryimage"},"image":{"@id":"https:\/\/gohike.lv\/ru\/produkts\/lifesystems-intensity-155-led-galvas-lukturis\/#primaryimage"},"thumbnailUrl":"https:\/\/gohike.lv\/wp-content\/uploads\/2025\/02\/155torch_.webp","datePublished":"2025-03-05T09:29:26+00:00","dateModified":"2025-12-30T14:09:52+00:00","description":"\u016adensiztur\u012bgs galvas lukturis ar 155 l\u016bmenu spilgtumu, 7 re\u017e\u012bmiem un l\u012bdz 35 stundu baterijas darb\u012bbas laiku.","breadcrumb":{"@id":"https:\/\/gohike.lv\/ru\/produkts\/lifesystems-intensity-155-led-galvas-lukturis\/#breadcrumb"},"inLanguage":"ru-RU","potentialAction":[{"@type":"ReadAction","target":["https:\/\/gohike.lv\/ru\/produkts\/lifesystems-intensity-155-led-galvas-lukturis\/"]}]},{"@type":"ImageObject","inLanguage":"ru-RU","@id":"https:\/\/gohike.lv\/ru\/produkts\/lifesystems-intensity-155-led-galvas-lukturis\/#primaryimage","url":"https:\/\/gohike.lv\/wp-content\/uploads\/2025\/02\/155torch_.webp","contentUrl":"https:\/\/gohike.lv\/wp-content\/uploads\/2025\/02\/155torch_.webp","width":900,"height":900},{"@type":"BreadcrumbList","@id":"https:\/\/gohike.lv\/ru\/produkts\/lifesystems-intensity-155-led-galvas-lukturis\/#breadcrumb","itemListElement":[{"@type":"ListItem","position":1,"name":"\u0413\u043b\u0430\u0432\u043d\u0430\u044f","item":"https:\/\/gohike.lv\/ru\/"},{"@type":"ListItem","position":2,"name":"\u041a\u0430\u0442\u0435\u0433\u043e\u0440\u0438\u0438 \u0442\u043e\u0432\u0430\u0440\u043e\u0432","item":"https:\/\/gohike.lv\/%d0%ba%d0%b0%d1%82%d0%b5%d0%b3%d0%be%d1%80%d0%b8%d0%b8-%d1%82%d0%be%d0%b2%d0%b0%d1%80%d0%be%d0%b2\/"},{"@type":"ListItem","position":3,"name":"Lifesystems &#8211; Intensity 155 LED galvas lukturis"}]},{"@type":"WebSite","@id":"https:\/\/gohike.lv\/ru\/#website","url":"https:\/\/gohike.lv\/ru\/","name":"GoHike","description":"","publisher":{"@id":"https:\/\/gohike.lv\/ru\/#organization"},"potentialAction":[{"@type":"SearchAction","target":{"@type":"EntryPoint","urlTemplate":"https:\/\/gohike.lv\/ru\/?s={search_term_string}"},"query-input":{"@type":"PropertyValueSpecification","valueRequired":true,"valueName":"search_term_string"}}],"inLanguage":"ru-RU"},{"@type":"Organization","@id":"https:\/\/gohike.lv\/ru\/#organization","name":"GoHike","url":"https:\/\/gohike.lv\/ru\/","logo":{"@type":"ImageObject","inLanguage":"ru-RU","@id":"https:\/\/gohike.lv\/ru\/#\/schema\/logo\/image\/","url":"https:\/\/gohike.lv\/wp-content\/uploads\/2023\/08\/Logo_GoHike.webp","contentUrl":"https:\/\/gohike.lv\/wp-content\/uploads\/2023\/08\/Logo_GoHike.webp","width":512,"height":512,"caption":"GoHike"},"image":{"@id":"https:\/\/gohike.lv\/ru\/#\/schema\/logo\/image\/"},"sameAs":["https:\/\/www.facebook.com\/gohike.shop\/","https:\/\/www.instagram.com\/gohike.shop\/"]}]}},"jetpack_sharing_enabled":true,"_links":{"self":[{"href":"https:\/\/gohike.lv\/ru\/wp-json\/wp\/v2\/product\/66683","targetHints":{"allow":["GET"]}}],"collection":[{"href":"https:\/\/gohike.lv\/ru\/wp-json\/wp\/v2\/product"}],"about":[{"href":"https:\/\/gohike.lv\/ru\/wp-json\/wp\/v2\/types\/product"}],"version-history":[{"count":0,"href":"https:\/\/gohike.lv\/ru\/wp-json\/wp\/v2\/product\/66683\/revisions"}],"wp:featuredmedia":[{"embeddable":true,"href":"https:\/\/gohike.lv\/ru\/wp-json\/wp\/v2\/media\/66504"}],"wp:attachment":[{"href":"https:\/\/gohike.lv\/ru\/wp-json\/wp\/v2\/media?parent=66683"}],"wp:term":[{"taxonomy":"product_brand","embeddable":true,"href":"https:\/\/gohike.lv\/ru\/wp-json\/wp\/v2\/product_brand?post=66683"},{"taxonomy":"product_cat","embeddable":true,"href":"https:\/\/gohike.lv\/ru\/wp-json\/wp\/v2\/product_cat?post=66683"},{"taxonomy":"product_tag","embeddable":true,"href":"https:\/\/gohike.lv\/ru\/wp-json\/wp\/v2\/product_tag?post=66683"}],"curies":[{"name":"wp","href":"https:\/\/api.w.org\/{rel}","templated":true}]}}