{"id":66681,"date":"2025-03-05T12:29:19","date_gmt":"2025-03-05T09:29:19","guid":{"rendered":"https:\/\/gohike.lv\/produkts\/lifesystems-divkarsas-darbibas-uguns-starteris\/"},"modified":"2026-01-01T07:52:00","modified_gmt":"2026-01-01T04:52:00","slug":"lifesystems-divkarsas-darbibas-uguns-starteris","status":"publish","type":"product","link":"https:\/\/gohike.lv\/ru\/produkts\/lifesystems-divkarsas-darbibas-uguns-starteris\/","title":{"rendered":"Lifesystems &#8212; Divk\u0101r\u0161as darb\u012bbas uguns starteris"},"content":{"rendered":"<p>Kompakts uguns iededzin\u0101t\u0101js ar saliekamu dizainu, kas nodro\u0161ina piln\u012bgu uguns iededzin\u0101\u0161anas risin\u0101jumu, it \u012bpa\u0161i, ja dabas kurin\u0101m\u0101 pieejam\u012bba ir ierobe\u017eota. Iek\u013cauts magnija stien\u012btis kurin\u0101m\u0101 ieg\u016b\u0161anai un feroc\u0113rija stien\u012btis dzirkste\u013cu rad\u012b\u0161anai, integr\u0113ts aizdedzin\u0101t\u0101js. Feroc\u0113rija stien\u012btis rada \u0101rk\u0101rt\u012bgi augstas temperat\u016bras dzirksteles (l\u012bdz 2,980 \u00baC), kas \u013cauj viegli aizdedzin\u0101t sausu kurin\u0101mo jebk\u0101dos laika apst\u0101k\u013cos vai augstum\u0101. Magnija stien\u012bti var izmantot, lai rad\u012btu viegli uzliesmojo\u0161as dzirksteles. Ide\u0101li piem\u0113rots sausam kurin\u0101majam, g\u0101zes pl\u012bt\u012bm un citiem m\u0113r\u0137iem.<br \/>\nFunkcijas:<br \/>\n\u2022 Feroc\u0113rija stien\u012btis;<br \/>\n\u2022 Integr\u0113ts ner\u016bs\u0113jo\u0161\u0101 t\u0113rauda aizdedzin\u0101t\u0101js;<br \/>\n\u2022 L\u012bdz 8000 dzirkste\u013cu;<br \/>\n\u2022 Magnija kurin\u0101m\u0101 stien\u012btis;<br \/>\n\u2022 Piem\u0113rots lieto\u0161anai visos laika apst\u0101k\u013cos un augstumos;<br \/>\n\u2022 Rada dzirksteles ar temperat\u016bru l\u012bdz 2,980 \u00baC;<br \/>\n\u2022 Saliekams dizains;<br \/>\n\u2022 Iztur\u012bgs ABS plastmasas korpuss;<br \/>\n\u2022 Piestiprin\u0101\u0161anas cilpa.<br \/>\nTehniskie parametri:<br \/>\n\u2022 Svars: 58 g;<br \/>\n\u2022 Izm\u0113ri: 8,6 x 2,7 x 2,4 cm.<br \/>\n<iframe title=\"Lifesystems Dual-Action Firestarter\" width=\"1200\" height=\"675\" src=\"https:\/\/www.youtube.com\/embed\/nH6OvdebMUw?feature=oembed\" frameborder=\"0\" allow=\"accelerometer; autoplay; clipboard-write; encrypted-media; gyroscope; picture-in-picture; web-share\" referrerpolicy=\"strict-origin-when-cross-origin\" allowfullscreen><\/iframe><\/p>\n","protected":false},"excerpt":{"rendered":"<p>Kompakts uguns iededzin\u0101t\u0101js ar divk\u0101r\u0161u darb\u012bbu, magnija stien\u012bti un feroc\u0113rija stien\u012bti, piem\u0113rots visos laikapst\u0101k\u013cos un augstumos.<\/p>\n","protected":false},"featured_media":66500,"template":"","meta":[],"product_brand":[1307],"product_cat":[951],"product_tag":[],"class_list":{"0":"post-66681","1":"product","2":"type-product","3":"status-publish","4":"has-post-thumbnail","6":"product_brand-lifesystems-lv","7":"product_cat-degli-un-degviela","8":"pa_izmerscm-8-62-72-4","9":"pa_produkta-tips-krami","11":"first","12":"instock","13":"taxable","14":"shipping-taxable","15":"purchasable","16":"product-type-simple"},"raw_content":{"name":"Lifesystems - Divk\u0101r\u0161as darb\u012bbas uguns starteris","description":"Kompakts uguns iededzin\u0101t\u0101js ar saliekamu dizainu, kas nodro\u0161ina piln\u012bgu uguns iededzin\u0101\u0161anas risin\u0101jumu, it \u012bpa\u0161i, ja dabas kurin\u0101m\u0101 pieejam\u012bba ir ierobe\u017eota. Iek\u013cauts magnija stien\u012btis kurin\u0101m\u0101 ieg\u016b\u0161anai un feroc\u0113rija stien\u012btis dzirkste\u013cu rad\u012b\u0161anai, integr\u0113ts aizdedzin\u0101t\u0101js. Feroc\u0113rija stien\u012btis rada \u0101rk\u0101rt\u012bgi augstas temperat\u016bras dzirksteles (l\u012bdz 2,980 \u00baC), kas \u013cauj viegli aizdedzin\u0101t sausu kurin\u0101mo jebk\u0101dos laika apst\u0101k\u013cos vai augstum\u0101. Magnija stien\u012bti var izmantot, lai rad\u012btu viegli uzliesmojo\u0161as dzirksteles. Ide\u0101li piem\u0113rots sausam kurin\u0101majam, g\u0101zes pl\u012bt\u012bm un citiem m\u0113r\u0137iem.\nFunkcijas:\n\u2022 Feroc\u0113rija stien\u012btis;\n\u2022 Integr\u0113ts ner\u016bs\u0113jo\u0161\u0101 t\u0113rauda aizdedzin\u0101t\u0101js;\n\u2022 L\u012bdz 8000 dzirkste\u013cu;\n\u2022 Magnija kurin\u0101m\u0101 stien\u012btis;\n\u2022 Piem\u0113rots lieto\u0161anai visos laika apst\u0101k\u013cos un augstumos;\n\u2022 Rada dzirksteles ar temperat\u016bru l\u012bdz 2,980 \u00baC;\n\u2022 Saliekams dizains;\n\u2022 Iztur\u012bgs ABS plastmasas korpuss;\n\u2022 Piestiprin\u0101\u0161anas cilpa.\nTehniskie parametri:\n\u2022 Svars: 58 g;\n\u2022 Izm\u0113ri: 8,6 x 2,7 x 2,4 cm.\nhttps:\/\/youtu.be\/nH6OvdebMUw?list=TLGGxf0s9_evY-cxOTAyMjAyNQ","short_description":"Kompakts uguns iededzin\u0101t\u0101js ar divk\u0101r\u0161u darb\u012bbu, magnija stien\u012bti un feroc\u0113rija stien\u012bti, piem\u0113rots visos laikapst\u0101k\u013cos un augstumos.","status":"publish","sku":"5031863422147","original":66681},"wpml":{"translation_type":1,"has_translations":true,"original":66681,"duplicates":[],"translations":{"lv":66681,"en":66898,"ru":null}},"supplier_id":null,"supplier_sku":"","barcode":null,"atum_controlled":true,"out_stock_date":null,"out_stock_threshold":null,"inheritable":false,"inbound_stock":0,"stock_on_hold":0,"sold_today":0,"sales_last_days":0,"reserved_stock":0,"customer_returns":0,"warehouse_damage":0,"lost_in_post":0,"other_logs":0,"out_stock_days":0,"lost_sales":0,"has_location":false,"update_date":"2026-01-01T04:52:01","atum_locations":[],"atum_stock_status":"instock","restock_status":false,"low_stock_amount":"","sales_update_date":"2025-11-13T14:07:44","calc_backorders":null,"yoast_head":"<!-- This site is optimized with the Yoast SEO plugin v27.3 - https:\/\/yoast.com\/product\/yoast-seo-wordpress\/ -->\n<title>Lifesystems - Divk\u0101r\u0161as darb\u012bbas uguns starteris<\/title>\n<meta name=\"description\" content=\"Kompakts uguns iededzin\u0101t\u0101js ar divk\u0101r\u0161u darb\u012bbu, magnija stien\u012bti un feroc\u0113rija stien\u012bti, piem\u0113rots visos laikapst\u0101k\u013cos un augstumos.\" \/>\n<meta name=\"robots\" content=\"index, follow, max-snippet:-1, max-image-preview:large, max-video-preview:-1\" \/>\n<link rel=\"canonical\" href=\"https:\/\/gohike.lv\/ru\/produkts\/lifesystems-divkarsas-darbibas-uguns-starteris\/\" \/>\n<meta property=\"og:locale\" content=\"ru_RU\" \/>\n<meta property=\"og:type\" content=\"article\" \/>\n<meta property=\"og:title\" content=\"Lifesystems - Divk\u0101r\u0161as darb\u012bbas uguns starteris\" \/>\n<meta property=\"og:description\" content=\"Kompakts uguns iededzin\u0101t\u0101js ar divk\u0101r\u0161u darb\u012bbu, magnija stien\u012bti un feroc\u0113rija stien\u012bti, piem\u0113rots visos laikapst\u0101k\u013cos un augstumos.\" \/>\n<meta property=\"og:url\" content=\"https:\/\/gohike.lv\/ru\/produkts\/lifesystems-divkarsas-darbibas-uguns-starteris\/\" \/>\n<meta property=\"og:site_name\" content=\"GoHike\" \/>\n<meta property=\"article:publisher\" content=\"https:\/\/www.facebook.com\/gohike.shop\/\" \/>\n<meta property=\"article:modified_time\" content=\"2026-01-01T04:52:00+00:00\" \/>\n<meta property=\"og:image\" content=\"https:\/\/gohike.lv\/wp-content\/uploads\/2025\/02\/DualFireStarter_.webp\" \/>\n\t<meta property=\"og:image:width\" content=\"900\" \/>\n\t<meta property=\"og:image:height\" content=\"900\" \/>\n\t<meta property=\"og:image:type\" content=\"image\/webp\" \/>\n<meta name=\"twitter:card\" content=\"summary_large_image\" \/>\n<meta name=\"twitter:title\" content=\"Lifesystems - Divk\u0101r\u0161as darb\u012bbas uguns starteris\" \/>\n<meta name=\"twitter:label1\" content=\"\u041f\u0440\u0438\u043c\u0435\u0440\u043d\u043e\u0435 \u0432\u0440\u0435\u043c\u044f \u0434\u043b\u044f \u0447\u0442\u0435\u043d\u0438\u044f\" \/>\n\t<meta name=\"twitter:data1\" content=\"1 \u043c\u0438\u043d\u0443\u0442\u0430\" \/>\n<script type=\"application\/ld+json\" class=\"yoast-schema-graph\">{\"@context\":\"https:\\\/\\\/schema.org\",\"@graph\":[{\"@type\":[\"WebPage\",\"ItemPage\"],\"@id\":\"https:\\\/\\\/gohike.lv\\\/ru\\\/produkts\\\/lifesystems-divkarsas-darbibas-uguns-starteris\\\/\",\"url\":\"https:\\\/\\\/gohike.lv\\\/ru\\\/produkts\\\/lifesystems-divkarsas-darbibas-uguns-starteris\\\/\",\"name\":\"Lifesystems - Divk\u0101r\u0161as darb\u012bbas uguns starteris\",\"isPartOf\":{\"@id\":\"https:\\\/\\\/gohike.lv\\\/ru\\\/#website\"},\"primaryImageOfPage\":{\"@id\":\"https:\\\/\\\/gohike.lv\\\/ru\\\/produkts\\\/lifesystems-divkarsas-darbibas-uguns-starteris\\\/#primaryimage\"},\"image\":{\"@id\":\"https:\\\/\\\/gohike.lv\\\/ru\\\/produkts\\\/lifesystems-divkarsas-darbibas-uguns-starteris\\\/#primaryimage\"},\"thumbnailUrl\":\"https:\\\/\\\/gohike.lv\\\/wp-content\\\/uploads\\\/2025\\\/02\\\/DualFireStarter_.webp\",\"datePublished\":\"2025-03-05T09:29:19+00:00\",\"dateModified\":\"2026-01-01T04:52:00+00:00\",\"description\":\"Kompakts uguns iededzin\u0101t\u0101js ar divk\u0101r\u0161u darb\u012bbu, magnija stien\u012bti un feroc\u0113rija stien\u012bti, piem\u0113rots visos laikapst\u0101k\u013cos un augstumos.\",\"breadcrumb\":{\"@id\":\"https:\\\/\\\/gohike.lv\\\/ru\\\/produkts\\\/lifesystems-divkarsas-darbibas-uguns-starteris\\\/#breadcrumb\"},\"inLanguage\":\"ru-RU\",\"potentialAction\":[{\"@type\":\"ReadAction\",\"target\":[\"https:\\\/\\\/gohike.lv\\\/ru\\\/produkts\\\/lifesystems-divkarsas-darbibas-uguns-starteris\\\/\"]}]},{\"@type\":\"ImageObject\",\"inLanguage\":\"ru-RU\",\"@id\":\"https:\\\/\\\/gohike.lv\\\/ru\\\/produkts\\\/lifesystems-divkarsas-darbibas-uguns-starteris\\\/#primaryimage\",\"url\":\"https:\\\/\\\/gohike.lv\\\/wp-content\\\/uploads\\\/2025\\\/02\\\/DualFireStarter_.webp\",\"contentUrl\":\"https:\\\/\\\/gohike.lv\\\/wp-content\\\/uploads\\\/2025\\\/02\\\/DualFireStarter_.webp\",\"width\":900,\"height\":900},{\"@type\":\"BreadcrumbList\",\"@id\":\"https:\\\/\\\/gohike.lv\\\/ru\\\/produkts\\\/lifesystems-divkarsas-darbibas-uguns-starteris\\\/#breadcrumb\",\"itemListElement\":[{\"@type\":\"ListItem\",\"position\":1,\"name\":\"\u0413\u043b\u0430\u0432\u043d\u0430\u044f\",\"item\":\"https:\\\/\\\/gohike.lv\\\/ru\\\/\"},{\"@type\":\"ListItem\",\"position\":2,\"name\":\"\u041a\u0430\u0442\u0435\u0433\u043e\u0440\u0438\u0438 \u0442\u043e\u0432\u0430\u0440\u043e\u0432\",\"item\":\"https:\\\/\\\/gohike.lv\\\/%d0%ba%d0%b0%d1%82%d0%b5%d0%b3%d0%be%d1%80%d0%b8%d0%b8-%d1%82%d0%be%d0%b2%d0%b0%d1%80%d0%be%d0%b2\\\/\"},{\"@type\":\"ListItem\",\"position\":3,\"name\":\"Lifesystems &#8211; Divk\u0101r\u0161as darb\u012bbas uguns starteris\"}]},{\"@type\":\"WebSite\",\"@id\":\"https:\\\/\\\/gohike.lv\\\/ru\\\/#website\",\"url\":\"https:\\\/\\\/gohike.lv\\\/ru\\\/\",\"name\":\"GoHike\",\"description\":\"\",\"publisher\":{\"@id\":\"https:\\\/\\\/gohike.lv\\\/ru\\\/#organization\"},\"potentialAction\":[{\"@type\":\"SearchAction\",\"target\":{\"@type\":\"EntryPoint\",\"urlTemplate\":\"https:\\\/\\\/gohike.lv\\\/ru\\\/?s={search_term_string}\"},\"query-input\":{\"@type\":\"PropertyValueSpecification\",\"valueRequired\":true,\"valueName\":\"search_term_string\"}}],\"inLanguage\":\"ru-RU\"},{\"@type\":\"Organization\",\"@id\":\"https:\\\/\\\/gohike.lv\\\/ru\\\/#organization\",\"name\":\"GoHike\",\"url\":\"https:\\\/\\\/gohike.lv\\\/ru\\\/\",\"logo\":{\"@type\":\"ImageObject\",\"inLanguage\":\"ru-RU\",\"@id\":\"https:\\\/\\\/gohike.lv\\\/ru\\\/#\\\/schema\\\/logo\\\/image\\\/\",\"url\":\"https:\\\/\\\/gohike.lv\\\/wp-content\\\/uploads\\\/2023\\\/08\\\/Logo_GoHike.webp\",\"contentUrl\":\"https:\\\/\\\/gohike.lv\\\/wp-content\\\/uploads\\\/2023\\\/08\\\/Logo_GoHike.webp\",\"width\":512,\"height\":512,\"caption\":\"GoHike\"},\"image\":{\"@id\":\"https:\\\/\\\/gohike.lv\\\/ru\\\/#\\\/schema\\\/logo\\\/image\\\/\"},\"sameAs\":[\"https:\\\/\\\/www.facebook.com\\\/gohike.shop\\\/\",\"https:\\\/\\\/www.instagram.com\\\/gohike.shop\\\/\"]}]}<\/script>\n<!-- \/ Yoast SEO plugin. -->","yoast_head_json":{"title":"Lifesystems - Divk\u0101r\u0161as darb\u012bbas uguns starteris","description":"Kompakts uguns iededzin\u0101t\u0101js ar divk\u0101r\u0161u darb\u012bbu, magnija stien\u012bti un feroc\u0113rija stien\u012bti, piem\u0113rots visos laikapst\u0101k\u013cos un augstumos.","robots":{"index":"index","follow":"follow","max-snippet":"max-snippet:-1","max-image-preview":"max-image-preview:large","max-video-preview":"max-video-preview:-1"},"canonical":"https:\/\/gohike.lv\/ru\/produkts\/lifesystems-divkarsas-darbibas-uguns-starteris\/","og_locale":"ru_RU","og_type":"article","og_title":"Lifesystems - Divk\u0101r\u0161as darb\u012bbas uguns starteris","og_description":"Kompakts uguns iededzin\u0101t\u0101js ar divk\u0101r\u0161u darb\u012bbu, magnija stien\u012bti un feroc\u0113rija stien\u012bti, piem\u0113rots visos laikapst\u0101k\u013cos un augstumos.","og_url":"https:\/\/gohike.lv\/ru\/produkts\/lifesystems-divkarsas-darbibas-uguns-starteris\/","og_site_name":"GoHike","article_publisher":"https:\/\/www.facebook.com\/gohike.shop\/","article_modified_time":"2026-01-01T04:52:00+00:00","og_image":[{"width":900,"height":900,"url":"https:\/\/gohike.lv\/wp-content\/uploads\/2025\/02\/DualFireStarter_.webp","type":"image\/webp"}],"twitter_card":"summary_large_image","twitter_title":"Lifesystems - Divk\u0101r\u0161as darb\u012bbas uguns starteris","twitter_misc":{"\u041f\u0440\u0438\u043c\u0435\u0440\u043d\u043e\u0435 \u0432\u0440\u0435\u043c\u044f \u0434\u043b\u044f \u0447\u0442\u0435\u043d\u0438\u044f":"1 \u043c\u0438\u043d\u0443\u0442\u0430"},"schema":{"@context":"https:\/\/schema.org","@graph":[{"@type":["WebPage","ItemPage"],"@id":"https:\/\/gohike.lv\/ru\/produkts\/lifesystems-divkarsas-darbibas-uguns-starteris\/","url":"https:\/\/gohike.lv\/ru\/produkts\/lifesystems-divkarsas-darbibas-uguns-starteris\/","name":"Lifesystems - Divk\u0101r\u0161as darb\u012bbas uguns starteris","isPartOf":{"@id":"https:\/\/gohike.lv\/ru\/#website"},"primaryImageOfPage":{"@id":"https:\/\/gohike.lv\/ru\/produkts\/lifesystems-divkarsas-darbibas-uguns-starteris\/#primaryimage"},"image":{"@id":"https:\/\/gohike.lv\/ru\/produkts\/lifesystems-divkarsas-darbibas-uguns-starteris\/#primaryimage"},"thumbnailUrl":"https:\/\/gohike.lv\/wp-content\/uploads\/2025\/02\/DualFireStarter_.webp","datePublished":"2025-03-05T09:29:19+00:00","dateModified":"2026-01-01T04:52:00+00:00","description":"Kompakts uguns iededzin\u0101t\u0101js ar divk\u0101r\u0161u darb\u012bbu, magnija stien\u012bti un feroc\u0113rija stien\u012bti, piem\u0113rots visos laikapst\u0101k\u013cos un augstumos.","breadcrumb":{"@id":"https:\/\/gohike.lv\/ru\/produkts\/lifesystems-divkarsas-darbibas-uguns-starteris\/#breadcrumb"},"inLanguage":"ru-RU","potentialAction":[{"@type":"ReadAction","target":["https:\/\/gohike.lv\/ru\/produkts\/lifesystems-divkarsas-darbibas-uguns-starteris\/"]}]},{"@type":"ImageObject","inLanguage":"ru-RU","@id":"https:\/\/gohike.lv\/ru\/produkts\/lifesystems-divkarsas-darbibas-uguns-starteris\/#primaryimage","url":"https:\/\/gohike.lv\/wp-content\/uploads\/2025\/02\/DualFireStarter_.webp","contentUrl":"https:\/\/gohike.lv\/wp-content\/uploads\/2025\/02\/DualFireStarter_.webp","width":900,"height":900},{"@type":"BreadcrumbList","@id":"https:\/\/gohike.lv\/ru\/produkts\/lifesystems-divkarsas-darbibas-uguns-starteris\/#breadcrumb","itemListElement":[{"@type":"ListItem","position":1,"name":"\u0413\u043b\u0430\u0432\u043d\u0430\u044f","item":"https:\/\/gohike.lv\/ru\/"},{"@type":"ListItem","position":2,"name":"\u041a\u0430\u0442\u0435\u0433\u043e\u0440\u0438\u0438 \u0442\u043e\u0432\u0430\u0440\u043e\u0432","item":"https:\/\/gohike.lv\/%d0%ba%d0%b0%d1%82%d0%b5%d0%b3%d0%be%d1%80%d0%b8%d0%b8-%d1%82%d0%be%d0%b2%d0%b0%d1%80%d0%be%d0%b2\/"},{"@type":"ListItem","position":3,"name":"Lifesystems &#8211; Divk\u0101r\u0161as darb\u012bbas uguns starteris"}]},{"@type":"WebSite","@id":"https:\/\/gohike.lv\/ru\/#website","url":"https:\/\/gohike.lv\/ru\/","name":"GoHike","description":"","publisher":{"@id":"https:\/\/gohike.lv\/ru\/#organization"},"potentialAction":[{"@type":"SearchAction","target":{"@type":"EntryPoint","urlTemplate":"https:\/\/gohike.lv\/ru\/?s={search_term_string}"},"query-input":{"@type":"PropertyValueSpecification","valueRequired":true,"valueName":"search_term_string"}}],"inLanguage":"ru-RU"},{"@type":"Organization","@id":"https:\/\/gohike.lv\/ru\/#organization","name":"GoHike","url":"https:\/\/gohike.lv\/ru\/","logo":{"@type":"ImageObject","inLanguage":"ru-RU","@id":"https:\/\/gohike.lv\/ru\/#\/schema\/logo\/image\/","url":"https:\/\/gohike.lv\/wp-content\/uploads\/2023\/08\/Logo_GoHike.webp","contentUrl":"https:\/\/gohike.lv\/wp-content\/uploads\/2023\/08\/Logo_GoHike.webp","width":512,"height":512,"caption":"GoHike"},"image":{"@id":"https:\/\/gohike.lv\/ru\/#\/schema\/logo\/image\/"},"sameAs":["https:\/\/www.facebook.com\/gohike.shop\/","https:\/\/www.instagram.com\/gohike.shop\/"]}]}},"jetpack_sharing_enabled":true,"_links":{"self":[{"href":"https:\/\/gohike.lv\/ru\/wp-json\/wp\/v2\/product\/66681","targetHints":{"allow":["GET"]}}],"collection":[{"href":"https:\/\/gohike.lv\/ru\/wp-json\/wp\/v2\/product"}],"about":[{"href":"https:\/\/gohike.lv\/ru\/wp-json\/wp\/v2\/types\/product"}],"version-history":[{"count":0,"href":"https:\/\/gohike.lv\/ru\/wp-json\/wp\/v2\/product\/66681\/revisions"}],"wp:featuredmedia":[{"embeddable":true,"href":"https:\/\/gohike.lv\/ru\/wp-json\/wp\/v2\/media\/66500"}],"wp:attachment":[{"href":"https:\/\/gohike.lv\/ru\/wp-json\/wp\/v2\/media?parent=66681"}],"wp:term":[{"taxonomy":"product_brand","embeddable":true,"href":"https:\/\/gohike.lv\/ru\/wp-json\/wp\/v2\/product_brand?post=66681"},{"taxonomy":"product_cat","embeddable":true,"href":"https:\/\/gohike.lv\/ru\/wp-json\/wp\/v2\/product_cat?post=66681"},{"taxonomy":"product_tag","embeddable":true,"href":"https:\/\/gohike.lv\/ru\/wp-json\/wp\/v2\/product_tag?post=66681"}],"curies":[{"name":"wp","href":"https:\/\/api.w.org\/{rel}","templated":true}]}}