{"id":66677,"date":"2025-03-05T12:29:13","date_gmt":"2025-03-05T09:29:13","guid":{"rendered":"https:\/\/gohike.lv\/produkts\/lifesystems-drosibas-svilpe\/"},"modified":"2025-12-30T17:24:24","modified_gmt":"2025-12-30T14:24:24","slug":"lifesystems-drosibas-svilpe","status":"publish","type":"product","link":"https:\/\/gohike.lv\/ru\/produkts\/lifesystems-drosibas-svilpe\/","title":{"rendered":"Lifesystems &#8212; Dro\u0161\u012bbas svilpe"},"content":{"rendered":"<p>Dro\u0161\u012bbas svilpe ir ieteikta k\u0101 b\u016btisks priek\u0161mets cilv\u0113kiem, kas dodas atp\u016bt\u0101 pie dabas. Ska\u013ca svilpe uzman\u012bbas piesaist\u012b\u0161anai \u0101ra apst\u0101k\u013cos, kas izstr\u0101d\u0101ta, lai pal\u012bdz\u0113tu \u0101rk\u0101rtas situ\u0101cij\u0101s gan uz sauszemes, gan j\u016br\u0101. Funkcion\u0101lais dizains viegli izvada \u016bdeni, \u013caujot unik\u0101lajai divu to\u0146u ska\u0146ai darboties un b\u016bt dzirdamai visos laika apst\u0101k\u013cos.<br \/>\n\u012apa\u0161\u012bbas:<br \/>\n\u2022 viegls, iztur\u012bgs plastmasas korpuss;<br \/>\n\u2022 no\u0146emama kakla siksni\u0146a;<br \/>\n\u2022 piesprau\u017eams dizains;<br \/>\n\u2022 atbilst EN ISO 12402-08;<br \/>\n\u2022 DofE ieteiktais apr\u012bkojums.<br \/>\nTehniskie dati:<br \/>\nSvars: 13 g;<br \/>\nIzm\u0113ri: 2.1*7.2*1.9 cm.<br \/>\n<iframe title=\"Lifesystems Survival Whistles\" width=\"1200\" height=\"675\" src=\"https:\/\/www.youtube.com\/embed\/eIbAlmA_Eqo?feature=oembed\" frameborder=\"0\" allow=\"accelerometer; autoplay; clipboard-write; encrypted-media; gyroscope; picture-in-picture; web-share\" referrerpolicy=\"strict-origin-when-cross-origin\" allowfullscreen><\/iframe><\/p>\n","protected":false},"excerpt":{"rendered":"<p>Viegla un iztur\u012bga dro\u0161\u012bbas svilpe ar divu to\u0146u ska\u0146u, ide\u0101li piem\u0113rota \u0101ra aktivit\u0101t\u0113m un \u0101rk\u0101rtas situ\u0101cij\u0101m.<\/p>\n","protected":false},"featured_media":66492,"template":"","meta":[],"product_brand":[1307],"product_cat":[4140,1315],"product_tag":[],"class_list":{"0":"post-66677","1":"product","2":"type-product","3":"status-publish","4":"has-post-thumbnail","6":"product_brand-lifesystems-lv","7":"product_cat-noderigas-lietas","8":"product_cat-silditaji-un-aptiecinas","9":"pa_izmerscm-2-17-21-9","11":"first","12":"instock","13":"taxable","14":"shipping-taxable","15":"purchasable","16":"product-type-simple"},"raw_content":{"name":"Lifesystems - Dro\u0161\u012bbas svilpe","description":"Dro\u0161\u012bbas svilpe ir ieteikta k\u0101 b\u016btisks priek\u0161mets cilv\u0113kiem, kas dodas atp\u016bt\u0101 pie dabas. Ska\u013ca svilpe uzman\u012bbas piesaist\u012b\u0161anai \u0101ra apst\u0101k\u013cos, kas izstr\u0101d\u0101ta, lai pal\u012bdz\u0113tu \u0101rk\u0101rtas situ\u0101cij\u0101s gan uz sauszemes, gan j\u016br\u0101. Funkcion\u0101lais dizains viegli izvada \u016bdeni, \u013caujot unik\u0101lajai divu to\u0146u ska\u0146ai darboties un b\u016bt dzirdamai visos laika apst\u0101k\u013cos.\n\u012apa\u0161\u012bbas:\n\u2022 viegls, iztur\u012bgs plastmasas korpuss;\n\u2022 no\u0146emama kakla siksni\u0146a;\n\u2022 piesprau\u017eams dizains;\n\u2022 atbilst EN ISO 12402-08;\n\u2022 DofE ieteiktais apr\u012bkojums.\nTehniskie dati:\nSvars: 13 g;\nIzm\u0113ri: 2.1*7.2*1.9 cm.\nhttps:\/\/youtu.be\/eIbAlmA_Eqo?list=TLGGG9jhVqj6bFoxOTAyMjAyNQ","short_description":"Viegla un iztur\u012bga dro\u0161\u012bbas svilpe ar divu to\u0146u ska\u0146u, ide\u0101li piem\u0113rota \u0101ra aktivit\u0101t\u0113m un \u0101rk\u0101rtas situ\u0101cij\u0101m.","status":"publish","sku":"5031863022507","original":66677},"wpml":{"translation_type":1,"has_translations":true,"original":66677,"duplicates":[],"translations":{"lv":66677,"en":66893,"ru":null}},"supplier_id":null,"supplier_sku":"","barcode":null,"atum_controlled":true,"out_stock_date":null,"out_stock_threshold":null,"inheritable":false,"inbound_stock":0,"stock_on_hold":0,"sold_today":0,"sales_last_days":0,"reserved_stock":0,"customer_returns":0,"warehouse_damage":0,"lost_in_post":0,"other_logs":0,"out_stock_days":0,"lost_sales":0,"has_location":false,"update_date":"2025-12-30T14:30:29","atum_locations":[],"atum_stock_status":"instock","restock_status":false,"low_stock_amount":"","sales_update_date":"2025-11-13T14:08:47","calc_backorders":null,"yoast_head":"<!-- This site is optimized with the Yoast SEO plugin v27.3 - https:\/\/yoast.com\/product\/yoast-seo-wordpress\/ -->\n<title>Lifesystems - Dro\u0161\u012bbas svilpe<\/title>\n<meta name=\"description\" content=\"Viegla un iztur\u012bga dro\u0161\u012bbas svilpe ar divu to\u0146u ska\u0146u, ide\u0101li piem\u0113rota \u0101ra aktivit\u0101t\u0113m un \u0101rk\u0101rtas situ\u0101cij\u0101m.\" \/>\n<meta name=\"robots\" content=\"index, follow, max-snippet:-1, max-image-preview:large, max-video-preview:-1\" \/>\n<link rel=\"canonical\" href=\"https:\/\/gohike.lv\/ru\/produkts\/lifesystems-drosibas-svilpe\/\" \/>\n<meta property=\"og:locale\" content=\"ru_RU\" \/>\n<meta property=\"og:type\" content=\"article\" \/>\n<meta property=\"og:title\" content=\"Lifesystems - Dro\u0161\u012bbas svilpe\" \/>\n<meta property=\"og:description\" content=\"Viegla un iztur\u012bga dro\u0161\u012bbas svilpe ar divu to\u0146u ska\u0146u, ide\u0101li piem\u0113rota \u0101ra aktivit\u0101t\u0113m un \u0101rk\u0101rtas situ\u0101cij\u0101m.\" \/>\n<meta property=\"og:url\" content=\"https:\/\/gohike.lv\/ru\/produkts\/lifesystems-drosibas-svilpe\/\" \/>\n<meta property=\"og:site_name\" content=\"GoHike\" \/>\n<meta property=\"article:publisher\" content=\"https:\/\/www.facebook.com\/gohike.shop\/\" \/>\n<meta property=\"article:modified_time\" content=\"2025-12-30T14:24:24+00:00\" \/>\n<meta property=\"og:image\" content=\"https:\/\/gohike.lv\/wp-content\/uploads\/2025\/02\/Whistle_.webp\" \/>\n\t<meta property=\"og:image:width\" content=\"900\" \/>\n\t<meta property=\"og:image:height\" content=\"900\" \/>\n\t<meta property=\"og:image:type\" content=\"image\/webp\" \/>\n<meta name=\"twitter:card\" content=\"summary_large_image\" \/>\n<meta name=\"twitter:title\" content=\"Lifesystems - Dro\u0161\u012bbas svilpe\" \/>\n<meta name=\"twitter:label1\" content=\"\u041f\u0440\u0438\u043c\u0435\u0440\u043d\u043e\u0435 \u0432\u0440\u0435\u043c\u044f \u0434\u043b\u044f \u0447\u0442\u0435\u043d\u0438\u044f\" \/>\n\t<meta name=\"twitter:data1\" content=\"1 \u043c\u0438\u043d\u0443\u0442\u0430\" \/>\n<script type=\"application\/ld+json\" class=\"yoast-schema-graph\">{\"@context\":\"https:\\\/\\\/schema.org\",\"@graph\":[{\"@type\":[\"WebPage\",\"ItemPage\"],\"@id\":\"https:\\\/\\\/gohike.lv\\\/ru\\\/produkts\\\/lifesystems-drosibas-svilpe\\\/\",\"url\":\"https:\\\/\\\/gohike.lv\\\/ru\\\/produkts\\\/lifesystems-drosibas-svilpe\\\/\",\"name\":\"Lifesystems - Dro\u0161\u012bbas svilpe\",\"isPartOf\":{\"@id\":\"https:\\\/\\\/gohike.lv\\\/ru\\\/#website\"},\"primaryImageOfPage\":{\"@id\":\"https:\\\/\\\/gohike.lv\\\/ru\\\/produkts\\\/lifesystems-drosibas-svilpe\\\/#primaryimage\"},\"image\":{\"@id\":\"https:\\\/\\\/gohike.lv\\\/ru\\\/produkts\\\/lifesystems-drosibas-svilpe\\\/#primaryimage\"},\"thumbnailUrl\":\"https:\\\/\\\/gohike.lv\\\/wp-content\\\/uploads\\\/2025\\\/02\\\/Whistle_.webp\",\"datePublished\":\"2025-03-05T09:29:13+00:00\",\"dateModified\":\"2025-12-30T14:24:24+00:00\",\"description\":\"Viegla un iztur\u012bga dro\u0161\u012bbas svilpe ar divu to\u0146u ska\u0146u, ide\u0101li piem\u0113rota \u0101ra aktivit\u0101t\u0113m un \u0101rk\u0101rtas situ\u0101cij\u0101m.\",\"breadcrumb\":{\"@id\":\"https:\\\/\\\/gohike.lv\\\/ru\\\/produkts\\\/lifesystems-drosibas-svilpe\\\/#breadcrumb\"},\"inLanguage\":\"ru-RU\",\"potentialAction\":[{\"@type\":\"ReadAction\",\"target\":[\"https:\\\/\\\/gohike.lv\\\/ru\\\/produkts\\\/lifesystems-drosibas-svilpe\\\/\"]}]},{\"@type\":\"ImageObject\",\"inLanguage\":\"ru-RU\",\"@id\":\"https:\\\/\\\/gohike.lv\\\/ru\\\/produkts\\\/lifesystems-drosibas-svilpe\\\/#primaryimage\",\"url\":\"https:\\\/\\\/gohike.lv\\\/wp-content\\\/uploads\\\/2025\\\/02\\\/Whistle_.webp\",\"contentUrl\":\"https:\\\/\\\/gohike.lv\\\/wp-content\\\/uploads\\\/2025\\\/02\\\/Whistle_.webp\",\"width\":900,\"height\":900},{\"@type\":\"BreadcrumbList\",\"@id\":\"https:\\\/\\\/gohike.lv\\\/ru\\\/produkts\\\/lifesystems-drosibas-svilpe\\\/#breadcrumb\",\"itemListElement\":[{\"@type\":\"ListItem\",\"position\":1,\"name\":\"\u0413\u043b\u0430\u0432\u043d\u0430\u044f\",\"item\":\"https:\\\/\\\/gohike.lv\\\/ru\\\/\"},{\"@type\":\"ListItem\",\"position\":2,\"name\":\"\u041a\u0430\u0442\u0435\u0433\u043e\u0440\u0438\u0438 \u0442\u043e\u0432\u0430\u0440\u043e\u0432\",\"item\":\"https:\\\/\\\/gohike.lv\\\/%d0%ba%d0%b0%d1%82%d0%b5%d0%b3%d0%be%d1%80%d0%b8%d0%b8-%d1%82%d0%be%d0%b2%d0%b0%d1%80%d0%be%d0%b2\\\/\"},{\"@type\":\"ListItem\",\"position\":3,\"name\":\"Lifesystems &#8211; Dro\u0161\u012bbas svilpe\"}]},{\"@type\":\"WebSite\",\"@id\":\"https:\\\/\\\/gohike.lv\\\/ru\\\/#website\",\"url\":\"https:\\\/\\\/gohike.lv\\\/ru\\\/\",\"name\":\"GoHike\",\"description\":\"\",\"publisher\":{\"@id\":\"https:\\\/\\\/gohike.lv\\\/ru\\\/#organization\"},\"potentialAction\":[{\"@type\":\"SearchAction\",\"target\":{\"@type\":\"EntryPoint\",\"urlTemplate\":\"https:\\\/\\\/gohike.lv\\\/ru\\\/?s={search_term_string}\"},\"query-input\":{\"@type\":\"PropertyValueSpecification\",\"valueRequired\":true,\"valueName\":\"search_term_string\"}}],\"inLanguage\":\"ru-RU\"},{\"@type\":\"Organization\",\"@id\":\"https:\\\/\\\/gohike.lv\\\/ru\\\/#organization\",\"name\":\"GoHike\",\"url\":\"https:\\\/\\\/gohike.lv\\\/ru\\\/\",\"logo\":{\"@type\":\"ImageObject\",\"inLanguage\":\"ru-RU\",\"@id\":\"https:\\\/\\\/gohike.lv\\\/ru\\\/#\\\/schema\\\/logo\\\/image\\\/\",\"url\":\"https:\\\/\\\/gohike.lv\\\/wp-content\\\/uploads\\\/2023\\\/08\\\/Logo_GoHike.webp\",\"contentUrl\":\"https:\\\/\\\/gohike.lv\\\/wp-content\\\/uploads\\\/2023\\\/08\\\/Logo_GoHike.webp\",\"width\":512,\"height\":512,\"caption\":\"GoHike\"},\"image\":{\"@id\":\"https:\\\/\\\/gohike.lv\\\/ru\\\/#\\\/schema\\\/logo\\\/image\\\/\"},\"sameAs\":[\"https:\\\/\\\/www.facebook.com\\\/gohike.shop\\\/\",\"https:\\\/\\\/www.instagram.com\\\/gohike.shop\\\/\"]}]}<\/script>\n<!-- \/ Yoast SEO plugin. -->","yoast_head_json":{"title":"Lifesystems - Dro\u0161\u012bbas svilpe","description":"Viegla un iztur\u012bga dro\u0161\u012bbas svilpe ar divu to\u0146u ska\u0146u, ide\u0101li piem\u0113rota \u0101ra aktivit\u0101t\u0113m un \u0101rk\u0101rtas situ\u0101cij\u0101m.","robots":{"index":"index","follow":"follow","max-snippet":"max-snippet:-1","max-image-preview":"max-image-preview:large","max-video-preview":"max-video-preview:-1"},"canonical":"https:\/\/gohike.lv\/ru\/produkts\/lifesystems-drosibas-svilpe\/","og_locale":"ru_RU","og_type":"article","og_title":"Lifesystems - Dro\u0161\u012bbas svilpe","og_description":"Viegla un iztur\u012bga dro\u0161\u012bbas svilpe ar divu to\u0146u ska\u0146u, ide\u0101li piem\u0113rota \u0101ra aktivit\u0101t\u0113m un \u0101rk\u0101rtas situ\u0101cij\u0101m.","og_url":"https:\/\/gohike.lv\/ru\/produkts\/lifesystems-drosibas-svilpe\/","og_site_name":"GoHike","article_publisher":"https:\/\/www.facebook.com\/gohike.shop\/","article_modified_time":"2025-12-30T14:24:24+00:00","og_image":[{"width":900,"height":900,"url":"https:\/\/gohike.lv\/wp-content\/uploads\/2025\/02\/Whistle_.webp","type":"image\/webp"}],"twitter_card":"summary_large_image","twitter_title":"Lifesystems - Dro\u0161\u012bbas svilpe","twitter_misc":{"\u041f\u0440\u0438\u043c\u0435\u0440\u043d\u043e\u0435 \u0432\u0440\u0435\u043c\u044f \u0434\u043b\u044f \u0447\u0442\u0435\u043d\u0438\u044f":"1 \u043c\u0438\u043d\u0443\u0442\u0430"},"schema":{"@context":"https:\/\/schema.org","@graph":[{"@type":["WebPage","ItemPage"],"@id":"https:\/\/gohike.lv\/ru\/produkts\/lifesystems-drosibas-svilpe\/","url":"https:\/\/gohike.lv\/ru\/produkts\/lifesystems-drosibas-svilpe\/","name":"Lifesystems - Dro\u0161\u012bbas svilpe","isPartOf":{"@id":"https:\/\/gohike.lv\/ru\/#website"},"primaryImageOfPage":{"@id":"https:\/\/gohike.lv\/ru\/produkts\/lifesystems-drosibas-svilpe\/#primaryimage"},"image":{"@id":"https:\/\/gohike.lv\/ru\/produkts\/lifesystems-drosibas-svilpe\/#primaryimage"},"thumbnailUrl":"https:\/\/gohike.lv\/wp-content\/uploads\/2025\/02\/Whistle_.webp","datePublished":"2025-03-05T09:29:13+00:00","dateModified":"2025-12-30T14:24:24+00:00","description":"Viegla un iztur\u012bga dro\u0161\u012bbas svilpe ar divu to\u0146u ska\u0146u, ide\u0101li piem\u0113rota \u0101ra aktivit\u0101t\u0113m un \u0101rk\u0101rtas situ\u0101cij\u0101m.","breadcrumb":{"@id":"https:\/\/gohike.lv\/ru\/produkts\/lifesystems-drosibas-svilpe\/#breadcrumb"},"inLanguage":"ru-RU","potentialAction":[{"@type":"ReadAction","target":["https:\/\/gohike.lv\/ru\/produkts\/lifesystems-drosibas-svilpe\/"]}]},{"@type":"ImageObject","inLanguage":"ru-RU","@id":"https:\/\/gohike.lv\/ru\/produkts\/lifesystems-drosibas-svilpe\/#primaryimage","url":"https:\/\/gohike.lv\/wp-content\/uploads\/2025\/02\/Whistle_.webp","contentUrl":"https:\/\/gohike.lv\/wp-content\/uploads\/2025\/02\/Whistle_.webp","width":900,"height":900},{"@type":"BreadcrumbList","@id":"https:\/\/gohike.lv\/ru\/produkts\/lifesystems-drosibas-svilpe\/#breadcrumb","itemListElement":[{"@type":"ListItem","position":1,"name":"\u0413\u043b\u0430\u0432\u043d\u0430\u044f","item":"https:\/\/gohike.lv\/ru\/"},{"@type":"ListItem","position":2,"name":"\u041a\u0430\u0442\u0435\u0433\u043e\u0440\u0438\u0438 \u0442\u043e\u0432\u0430\u0440\u043e\u0432","item":"https:\/\/gohike.lv\/%d0%ba%d0%b0%d1%82%d0%b5%d0%b3%d0%be%d1%80%d0%b8%d0%b8-%d1%82%d0%be%d0%b2%d0%b0%d1%80%d0%be%d0%b2\/"},{"@type":"ListItem","position":3,"name":"Lifesystems &#8211; Dro\u0161\u012bbas svilpe"}]},{"@type":"WebSite","@id":"https:\/\/gohike.lv\/ru\/#website","url":"https:\/\/gohike.lv\/ru\/","name":"GoHike","description":"","publisher":{"@id":"https:\/\/gohike.lv\/ru\/#organization"},"potentialAction":[{"@type":"SearchAction","target":{"@type":"EntryPoint","urlTemplate":"https:\/\/gohike.lv\/ru\/?s={search_term_string}"},"query-input":{"@type":"PropertyValueSpecification","valueRequired":true,"valueName":"search_term_string"}}],"inLanguage":"ru-RU"},{"@type":"Organization","@id":"https:\/\/gohike.lv\/ru\/#organization","name":"GoHike","url":"https:\/\/gohike.lv\/ru\/","logo":{"@type":"ImageObject","inLanguage":"ru-RU","@id":"https:\/\/gohike.lv\/ru\/#\/schema\/logo\/image\/","url":"https:\/\/gohike.lv\/wp-content\/uploads\/2023\/08\/Logo_GoHike.webp","contentUrl":"https:\/\/gohike.lv\/wp-content\/uploads\/2023\/08\/Logo_GoHike.webp","width":512,"height":512,"caption":"GoHike"},"image":{"@id":"https:\/\/gohike.lv\/ru\/#\/schema\/logo\/image\/"},"sameAs":["https:\/\/www.facebook.com\/gohike.shop\/","https:\/\/www.instagram.com\/gohike.shop\/"]}]}},"jetpack_sharing_enabled":true,"_links":{"self":[{"href":"https:\/\/gohike.lv\/ru\/wp-json\/wp\/v2\/product\/66677","targetHints":{"allow":["GET"]}}],"collection":[{"href":"https:\/\/gohike.lv\/ru\/wp-json\/wp\/v2\/product"}],"about":[{"href":"https:\/\/gohike.lv\/ru\/wp-json\/wp\/v2\/types\/product"}],"version-history":[{"count":0,"href":"https:\/\/gohike.lv\/ru\/wp-json\/wp\/v2\/product\/66677\/revisions"}],"wp:featuredmedia":[{"embeddable":true,"href":"https:\/\/gohike.lv\/ru\/wp-json\/wp\/v2\/media\/66492"}],"wp:attachment":[{"href":"https:\/\/gohike.lv\/ru\/wp-json\/wp\/v2\/media?parent=66677"}],"wp:term":[{"taxonomy":"product_brand","embeddable":true,"href":"https:\/\/gohike.lv\/ru\/wp-json\/wp\/v2\/product_brand?post=66677"},{"taxonomy":"product_cat","embeddable":true,"href":"https:\/\/gohike.lv\/ru\/wp-json\/wp\/v2\/product_cat?post=66677"},{"taxonomy":"product_tag","embeddable":true,"href":"https:\/\/gohike.lv\/ru\/wp-json\/wp\/v2\/product_tag?post=66677"}],"curies":[{"name":"wp","href":"https:\/\/api.w.org\/{rel}","templated":true}]}}