{"id":66675,"date":"2025-03-05T12:29:13","date_gmt":"2025-03-05T09:29:13","guid":{"rendered":"https:\/\/gohike.lv\/produkts\/lifesystems-mini-sterile-pirmas-palidzibas-komplekts\/"},"modified":"2025-12-30T17:24:24","modified_gmt":"2025-12-30T14:24:24","slug":"lifesystems-mini-sterile-pirmas-palidzibas-komplekts","status":"publish","type":"product","link":"https:\/\/gohike.lv\/ru\/produkts\/lifesystems-mini-sterile-pirmas-palidzibas-komplekts\/","title":{"rendered":"Lifesystems &#8212; Mini sterile &#8212; pirm\u0101s pal\u012bdz\u012bbas komplekts"},"content":{"rendered":"<p>Mini sterile komplekts ir nepiecie\u0161ams produkts ce\u013cot\u0101jiem, kas dodas uz viet\u0101m, kur dro\u0161u, higi\u0113nisku medic\u012bnisko apr\u012bkojumu var b\u016bt gr\u016bti ieg\u016bt. Priek\u0161meti parasti nav paredz\u0113ti individu\u0101lai lieto\u0161anai, bet kvalific\u0113tam \u0101rstam vai medm\u0101sai. Viss saturs atbilst pasaules standartiem un ir univers\u0101li atpaz\u012bstams, pateicoties kr\u0101su kod\u0113jumam. Viss saturs ir ra\u017eots atbilsto\u0161i Eiropas kvalit\u0101tes standartiem un ir mar\u0137\u0113ts ar CE z\u012bmi.<br \/>\n\u012apa\u0161\u012bbas:<br \/>\n\u2022 1 x prim\u0101r\u0101s apr\u016bpes instrukcija;<br \/>\n\u2022 1 x sterilo piederumu inform\u0101cijas karte;<br \/>\n\u2022 1 x skalpelis (1 cm asmens);<br \/>\n\u2022 2 x 2 ml \u0161\u013circes;<br \/>\n\u2022 1 x 5 ml \u0161\u013circe;<br \/>\n\u2022 1 x hipodermisk\u0101 adata (19G) 1.1 x 40 mm balta;<br \/>\n\u2022 2 x hipodermisk\u0101 adata (21G) 0.8 x 40 mm za\u013ca;<br \/>\n\u2022 2 x hipodermisk\u0101 adata (23G) 0.6 x 30 mm zila;<br \/>\n\u2022 1 p\u0101ris nitrila cimdu;<br \/>\n\u2022 prepar\u0101ti, vienreizlietojamie l\u012bdzek\u013ci un lentas:<br \/>\n\u2022 2 x higi\u0113nisk\u0101s t\u012br\u012b\u0161anas salvetes.<br \/>\nTehniskie dati:<br \/>\nPriek\u0161metu skaits: 13 gab.<br \/>\nSvars: 90 g;<br \/>\nIzm\u0113ri: 12.5*8*4.5 cm.<br \/>\n<iframe title=\"Lifesystems Travel First Aid Kits\" width=\"1200\" height=\"675\" src=\"https:\/\/www.youtube.com\/embed\/88PcjJnnQSU?feature=oembed\" frameborder=\"0\" allow=\"accelerometer; autoplay; clipboard-write; encrypted-media; gyroscope; picture-in-picture; web-share\" referrerpolicy=\"strict-origin-when-cross-origin\" allowfullscreen><\/iframe><\/p>\n","protected":false},"excerpt":{"rendered":"<p>Kompakts sterilo medic\u012bnisko piederumu komplekts, kas \u012bpa\u0161i noder\u012bgs ce\u013cojumos, kur higi\u0113nisks medic\u012bniskais apr\u012bkojums var b\u016bt gr\u016bti pieejams.<\/p>\n","protected":false},"featured_media":66488,"template":"","meta":[],"product_brand":[1307],"product_cat":[1315],"product_tag":[],"class_list":{"0":"post-66675","1":"product","2":"type-product","3":"status-publish","4":"has-post-thumbnail","6":"product_brand-lifesystems-lv","7":"product_cat-silditaji-un-aptiecinas","8":"pa_izmerscm-12-584-5","9":"pa_produkta-tips-aptiecinas","11":"first","12":"instock","13":"taxable","14":"shipping-taxable","15":"purchasable","16":"product-type-simple"},"raw_content":{"name":"Lifesystems - Mini sterile - pirm\u0101s pal\u012bdz\u012bbas komplekts","description":"Mini sterile komplekts ir nepiecie\u0161ams produkts ce\u013cot\u0101jiem, kas dodas uz viet\u0101m, kur dro\u0161u, higi\u0113nisku medic\u012bnisko apr\u012bkojumu var b\u016bt gr\u016bti ieg\u016bt. Priek\u0161meti parasti nav paredz\u0113ti individu\u0101lai lieto\u0161anai, bet kvalific\u0113tam \u0101rstam vai medm\u0101sai. Viss saturs atbilst pasaules standartiem un ir univers\u0101li atpaz\u012bstams, pateicoties kr\u0101su kod\u0113jumam. Viss saturs ir ra\u017eots atbilsto\u0161i Eiropas kvalit\u0101tes standartiem un ir mar\u0137\u0113ts ar CE z\u012bmi.\n\u012apa\u0161\u012bbas:\n\u2022 1 x prim\u0101r\u0101s apr\u016bpes instrukcija;\n\u2022 1 x sterilo piederumu inform\u0101cijas karte;\n\u2022 1 x skalpelis (1 cm asmens);\n\u2022 2 x 2 ml \u0161\u013circes;\n\u2022 1 x 5 ml \u0161\u013circe;\n\u2022 1 x hipodermisk\u0101 adata (19G) 1.1 x 40 mm balta;\n\u2022 2 x hipodermisk\u0101 adata (21G) 0.8 x 40 mm za\u013ca;\n\u2022 2 x hipodermisk\u0101 adata (23G) 0.6 x 30 mm zila;\n\u2022 1 p\u0101ris nitrila cimdu;\n\u2022 prepar\u0101ti, vienreizlietojamie l\u012bdzek\u013ci un lentas:\n\u2022 2 x higi\u0113nisk\u0101s t\u012br\u012b\u0161anas salvetes.\nTehniskie dati:\nPriek\u0161metu skaits: 13 gab.\nSvars: 90 g;\nIzm\u0113ri: 12.5*8*4.5 cm.\nhttps:\/\/youtu.be\/88PcjJnnQSU?list=TLGGaMvOfogW8QkxOTAyMjAyNQ","short_description":"Kompakts sterilo medic\u012bnisko piederumu komplekts, kas \u012bpa\u0161i noder\u012bgs ce\u013cojumos, kur higi\u0113nisks medic\u012bniskais apr\u012bkojums var b\u016bt gr\u016bti pieejams.","status":"publish","sku":"5031863010153","original":66675},"wpml":{"translation_type":1,"has_translations":true,"original":66675,"duplicates":[],"translations":{"lv":66675,"en":66896,"ru":null}},"supplier_id":null,"supplier_sku":"","barcode":null,"atum_controlled":true,"out_stock_date":null,"out_stock_threshold":null,"inheritable":false,"inbound_stock":0,"stock_on_hold":0,"sold_today":0,"sales_last_days":0,"reserved_stock":0,"customer_returns":0,"warehouse_damage":0,"lost_in_post":0,"other_logs":0,"out_stock_days":0,"lost_sales":0,"has_location":false,"update_date":"2025-12-30T14:30:29","atum_locations":[],"atum_stock_status":"instock","restock_status":false,"low_stock_amount":"","sales_update_date":"2025-11-13T14:07:56","calc_backorders":null,"yoast_head":"<!-- This site is optimized with the Yoast SEO plugin v27.3 - https:\/\/yoast.com\/product\/yoast-seo-wordpress\/ -->\n<title>Lifesystems - Mini sterile - pirm\u0101s pal\u012bdz\u012bbas komplekts<\/title>\n<meta name=\"description\" content=\"Kompakts sterilo medic\u012bnisko piederumu komplekts, kas \u012bpa\u0161i noder\u012bgs ce\u013cojumos, kur higi\u0113nisks medic\u012bniskais apr\u012bkojums var b\u016bt gr\u016bti pieejams.\" \/>\n<meta name=\"robots\" content=\"index, follow, max-snippet:-1, max-image-preview:large, max-video-preview:-1\" \/>\n<link rel=\"canonical\" href=\"https:\/\/gohike.lv\/ru\/produkts\/lifesystems-mini-sterile-pirmas-palidzibas-komplekts\/\" \/>\n<meta property=\"og:locale\" content=\"ru_RU\" \/>\n<meta property=\"og:type\" content=\"article\" \/>\n<meta property=\"og:title\" content=\"Lifesystems - Mini sterile - pirm\u0101s pal\u012bdz\u012bbas komplekts\" \/>\n<meta property=\"og:description\" content=\"Kompakts sterilo medic\u012bnisko piederumu komplekts, kas \u012bpa\u0161i noder\u012bgs ce\u013cojumos, kur higi\u0113nisks medic\u012bniskais apr\u012bkojums var b\u016bt gr\u016bti pieejams.\" \/>\n<meta property=\"og:url\" content=\"https:\/\/gohike.lv\/ru\/produkts\/lifesystems-mini-sterile-pirmas-palidzibas-komplekts\/\" \/>\n<meta property=\"og:site_name\" content=\"GoHike\" \/>\n<meta property=\"article:publisher\" content=\"https:\/\/www.facebook.com\/gohike.shop\/\" \/>\n<meta property=\"article:modified_time\" content=\"2025-12-30T14:24:24+00:00\" \/>\n<meta property=\"og:image\" content=\"https:\/\/gohike.lv\/wp-content\/uploads\/2025\/02\/MiniSterile_.webp\" \/>\n\t<meta property=\"og:image:width\" content=\"900\" \/>\n\t<meta property=\"og:image:height\" content=\"900\" \/>\n\t<meta property=\"og:image:type\" content=\"image\/webp\" \/>\n<meta name=\"twitter:card\" content=\"summary_large_image\" \/>\n<meta name=\"twitter:title\" content=\"Lifesystems - Mini sterile - pirm\u0101s pal\u012bdz\u012bbas komplekts\" \/>\n<meta name=\"twitter:label1\" content=\"\u041f\u0440\u0438\u043c\u0435\u0440\u043d\u043e\u0435 \u0432\u0440\u0435\u043c\u044f \u0434\u043b\u044f \u0447\u0442\u0435\u043d\u0438\u044f\" \/>\n\t<meta name=\"twitter:data1\" content=\"2 \u043c\u0438\u043d\u0443\u0442\u0430\" \/>\n<script type=\"application\/ld+json\" class=\"yoast-schema-graph\">{\"@context\":\"https:\\\/\\\/schema.org\",\"@graph\":[{\"@type\":[\"WebPage\",\"ItemPage\"],\"@id\":\"https:\\\/\\\/gohike.lv\\\/ru\\\/produkts\\\/lifesystems-mini-sterile-pirmas-palidzibas-komplekts\\\/\",\"url\":\"https:\\\/\\\/gohike.lv\\\/ru\\\/produkts\\\/lifesystems-mini-sterile-pirmas-palidzibas-komplekts\\\/\",\"name\":\"Lifesystems - Mini sterile - pirm\u0101s pal\u012bdz\u012bbas komplekts\",\"isPartOf\":{\"@id\":\"https:\\\/\\\/gohike.lv\\\/ru\\\/#website\"},\"primaryImageOfPage\":{\"@id\":\"https:\\\/\\\/gohike.lv\\\/ru\\\/produkts\\\/lifesystems-mini-sterile-pirmas-palidzibas-komplekts\\\/#primaryimage\"},\"image\":{\"@id\":\"https:\\\/\\\/gohike.lv\\\/ru\\\/produkts\\\/lifesystems-mini-sterile-pirmas-palidzibas-komplekts\\\/#primaryimage\"},\"thumbnailUrl\":\"https:\\\/\\\/gohike.lv\\\/wp-content\\\/uploads\\\/2025\\\/02\\\/MiniSterile_.webp\",\"datePublished\":\"2025-03-05T09:29:13+00:00\",\"dateModified\":\"2025-12-30T14:24:24+00:00\",\"description\":\"Kompakts sterilo medic\u012bnisko piederumu komplekts, kas \u012bpa\u0161i noder\u012bgs ce\u013cojumos, kur higi\u0113nisks medic\u012bniskais apr\u012bkojums var b\u016bt gr\u016bti pieejams.\",\"breadcrumb\":{\"@id\":\"https:\\\/\\\/gohike.lv\\\/ru\\\/produkts\\\/lifesystems-mini-sterile-pirmas-palidzibas-komplekts\\\/#breadcrumb\"},\"inLanguage\":\"ru-RU\",\"potentialAction\":[{\"@type\":\"ReadAction\",\"target\":[\"https:\\\/\\\/gohike.lv\\\/ru\\\/produkts\\\/lifesystems-mini-sterile-pirmas-palidzibas-komplekts\\\/\"]}]},{\"@type\":\"ImageObject\",\"inLanguage\":\"ru-RU\",\"@id\":\"https:\\\/\\\/gohike.lv\\\/ru\\\/produkts\\\/lifesystems-mini-sterile-pirmas-palidzibas-komplekts\\\/#primaryimage\",\"url\":\"https:\\\/\\\/gohike.lv\\\/wp-content\\\/uploads\\\/2025\\\/02\\\/MiniSterile_.webp\",\"contentUrl\":\"https:\\\/\\\/gohike.lv\\\/wp-content\\\/uploads\\\/2025\\\/02\\\/MiniSterile_.webp\",\"width\":900,\"height\":900},{\"@type\":\"BreadcrumbList\",\"@id\":\"https:\\\/\\\/gohike.lv\\\/ru\\\/produkts\\\/lifesystems-mini-sterile-pirmas-palidzibas-komplekts\\\/#breadcrumb\",\"itemListElement\":[{\"@type\":\"ListItem\",\"position\":1,\"name\":\"\u0413\u043b\u0430\u0432\u043d\u0430\u044f\",\"item\":\"https:\\\/\\\/gohike.lv\\\/ru\\\/\"},{\"@type\":\"ListItem\",\"position\":2,\"name\":\"\u041a\u0430\u0442\u0435\u0433\u043e\u0440\u0438\u0438 \u0442\u043e\u0432\u0430\u0440\u043e\u0432\",\"item\":\"https:\\\/\\\/gohike.lv\\\/%d0%ba%d0%b0%d1%82%d0%b5%d0%b3%d0%be%d1%80%d0%b8%d0%b8-%d1%82%d0%be%d0%b2%d0%b0%d1%80%d0%be%d0%b2\\\/\"},{\"@type\":\"ListItem\",\"position\":3,\"name\":\"Lifesystems &#8211; Mini sterile &#8211; pirm\u0101s pal\u012bdz\u012bbas komplekts\"}]},{\"@type\":\"WebSite\",\"@id\":\"https:\\\/\\\/gohike.lv\\\/ru\\\/#website\",\"url\":\"https:\\\/\\\/gohike.lv\\\/ru\\\/\",\"name\":\"GoHike\",\"description\":\"\",\"publisher\":{\"@id\":\"https:\\\/\\\/gohike.lv\\\/ru\\\/#organization\"},\"potentialAction\":[{\"@type\":\"SearchAction\",\"target\":{\"@type\":\"EntryPoint\",\"urlTemplate\":\"https:\\\/\\\/gohike.lv\\\/ru\\\/?s={search_term_string}\"},\"query-input\":{\"@type\":\"PropertyValueSpecification\",\"valueRequired\":true,\"valueName\":\"search_term_string\"}}],\"inLanguage\":\"ru-RU\"},{\"@type\":\"Organization\",\"@id\":\"https:\\\/\\\/gohike.lv\\\/ru\\\/#organization\",\"name\":\"GoHike\",\"url\":\"https:\\\/\\\/gohike.lv\\\/ru\\\/\",\"logo\":{\"@type\":\"ImageObject\",\"inLanguage\":\"ru-RU\",\"@id\":\"https:\\\/\\\/gohike.lv\\\/ru\\\/#\\\/schema\\\/logo\\\/image\\\/\",\"url\":\"https:\\\/\\\/gohike.lv\\\/wp-content\\\/uploads\\\/2023\\\/08\\\/Logo_GoHike.webp\",\"contentUrl\":\"https:\\\/\\\/gohike.lv\\\/wp-content\\\/uploads\\\/2023\\\/08\\\/Logo_GoHike.webp\",\"width\":512,\"height\":512,\"caption\":\"GoHike\"},\"image\":{\"@id\":\"https:\\\/\\\/gohike.lv\\\/ru\\\/#\\\/schema\\\/logo\\\/image\\\/\"},\"sameAs\":[\"https:\\\/\\\/www.facebook.com\\\/gohike.shop\\\/\",\"https:\\\/\\\/www.instagram.com\\\/gohike.shop\\\/\"]}]}<\/script>\n<!-- \/ Yoast SEO plugin. -->","yoast_head_json":{"title":"Lifesystems - Mini sterile - pirm\u0101s pal\u012bdz\u012bbas komplekts","description":"Kompakts sterilo medic\u012bnisko piederumu komplekts, kas \u012bpa\u0161i noder\u012bgs ce\u013cojumos, kur higi\u0113nisks medic\u012bniskais apr\u012bkojums var b\u016bt gr\u016bti pieejams.","robots":{"index":"index","follow":"follow","max-snippet":"max-snippet:-1","max-image-preview":"max-image-preview:large","max-video-preview":"max-video-preview:-1"},"canonical":"https:\/\/gohike.lv\/ru\/produkts\/lifesystems-mini-sterile-pirmas-palidzibas-komplekts\/","og_locale":"ru_RU","og_type":"article","og_title":"Lifesystems - Mini sterile - pirm\u0101s pal\u012bdz\u012bbas komplekts","og_description":"Kompakts sterilo medic\u012bnisko piederumu komplekts, kas \u012bpa\u0161i noder\u012bgs ce\u013cojumos, kur higi\u0113nisks medic\u012bniskais apr\u012bkojums var b\u016bt gr\u016bti pieejams.","og_url":"https:\/\/gohike.lv\/ru\/produkts\/lifesystems-mini-sterile-pirmas-palidzibas-komplekts\/","og_site_name":"GoHike","article_publisher":"https:\/\/www.facebook.com\/gohike.shop\/","article_modified_time":"2025-12-30T14:24:24+00:00","og_image":[{"width":900,"height":900,"url":"https:\/\/gohike.lv\/wp-content\/uploads\/2025\/02\/MiniSterile_.webp","type":"image\/webp"}],"twitter_card":"summary_large_image","twitter_title":"Lifesystems - Mini sterile - pirm\u0101s pal\u012bdz\u012bbas komplekts","twitter_misc":{"\u041f\u0440\u0438\u043c\u0435\u0440\u043d\u043e\u0435 \u0432\u0440\u0435\u043c\u044f \u0434\u043b\u044f \u0447\u0442\u0435\u043d\u0438\u044f":"2 \u043c\u0438\u043d\u0443\u0442\u0430"},"schema":{"@context":"https:\/\/schema.org","@graph":[{"@type":["WebPage","ItemPage"],"@id":"https:\/\/gohike.lv\/ru\/produkts\/lifesystems-mini-sterile-pirmas-palidzibas-komplekts\/","url":"https:\/\/gohike.lv\/ru\/produkts\/lifesystems-mini-sterile-pirmas-palidzibas-komplekts\/","name":"Lifesystems - Mini sterile - pirm\u0101s pal\u012bdz\u012bbas komplekts","isPartOf":{"@id":"https:\/\/gohike.lv\/ru\/#website"},"primaryImageOfPage":{"@id":"https:\/\/gohike.lv\/ru\/produkts\/lifesystems-mini-sterile-pirmas-palidzibas-komplekts\/#primaryimage"},"image":{"@id":"https:\/\/gohike.lv\/ru\/produkts\/lifesystems-mini-sterile-pirmas-palidzibas-komplekts\/#primaryimage"},"thumbnailUrl":"https:\/\/gohike.lv\/wp-content\/uploads\/2025\/02\/MiniSterile_.webp","datePublished":"2025-03-05T09:29:13+00:00","dateModified":"2025-12-30T14:24:24+00:00","description":"Kompakts sterilo medic\u012bnisko piederumu komplekts, kas \u012bpa\u0161i noder\u012bgs ce\u013cojumos, kur higi\u0113nisks medic\u012bniskais apr\u012bkojums var b\u016bt gr\u016bti pieejams.","breadcrumb":{"@id":"https:\/\/gohike.lv\/ru\/produkts\/lifesystems-mini-sterile-pirmas-palidzibas-komplekts\/#breadcrumb"},"inLanguage":"ru-RU","potentialAction":[{"@type":"ReadAction","target":["https:\/\/gohike.lv\/ru\/produkts\/lifesystems-mini-sterile-pirmas-palidzibas-komplekts\/"]}]},{"@type":"ImageObject","inLanguage":"ru-RU","@id":"https:\/\/gohike.lv\/ru\/produkts\/lifesystems-mini-sterile-pirmas-palidzibas-komplekts\/#primaryimage","url":"https:\/\/gohike.lv\/wp-content\/uploads\/2025\/02\/MiniSterile_.webp","contentUrl":"https:\/\/gohike.lv\/wp-content\/uploads\/2025\/02\/MiniSterile_.webp","width":900,"height":900},{"@type":"BreadcrumbList","@id":"https:\/\/gohike.lv\/ru\/produkts\/lifesystems-mini-sterile-pirmas-palidzibas-komplekts\/#breadcrumb","itemListElement":[{"@type":"ListItem","position":1,"name":"\u0413\u043b\u0430\u0432\u043d\u0430\u044f","item":"https:\/\/gohike.lv\/ru\/"},{"@type":"ListItem","position":2,"name":"\u041a\u0430\u0442\u0435\u0433\u043e\u0440\u0438\u0438 \u0442\u043e\u0432\u0430\u0440\u043e\u0432","item":"https:\/\/gohike.lv\/%d0%ba%d0%b0%d1%82%d0%b5%d0%b3%d0%be%d1%80%d0%b8%d0%b8-%d1%82%d0%be%d0%b2%d0%b0%d1%80%d0%be%d0%b2\/"},{"@type":"ListItem","position":3,"name":"Lifesystems &#8211; Mini sterile &#8211; pirm\u0101s pal\u012bdz\u012bbas komplekts"}]},{"@type":"WebSite","@id":"https:\/\/gohike.lv\/ru\/#website","url":"https:\/\/gohike.lv\/ru\/","name":"GoHike","description":"","publisher":{"@id":"https:\/\/gohike.lv\/ru\/#organization"},"potentialAction":[{"@type":"SearchAction","target":{"@type":"EntryPoint","urlTemplate":"https:\/\/gohike.lv\/ru\/?s={search_term_string}"},"query-input":{"@type":"PropertyValueSpecification","valueRequired":true,"valueName":"search_term_string"}}],"inLanguage":"ru-RU"},{"@type":"Organization","@id":"https:\/\/gohike.lv\/ru\/#organization","name":"GoHike","url":"https:\/\/gohike.lv\/ru\/","logo":{"@type":"ImageObject","inLanguage":"ru-RU","@id":"https:\/\/gohike.lv\/ru\/#\/schema\/logo\/image\/","url":"https:\/\/gohike.lv\/wp-content\/uploads\/2023\/08\/Logo_GoHike.webp","contentUrl":"https:\/\/gohike.lv\/wp-content\/uploads\/2023\/08\/Logo_GoHike.webp","width":512,"height":512,"caption":"GoHike"},"image":{"@id":"https:\/\/gohike.lv\/ru\/#\/schema\/logo\/image\/"},"sameAs":["https:\/\/www.facebook.com\/gohike.shop\/","https:\/\/www.instagram.com\/gohike.shop\/"]}]}},"jetpack_sharing_enabled":true,"_links":{"self":[{"href":"https:\/\/gohike.lv\/ru\/wp-json\/wp\/v2\/product\/66675","targetHints":{"allow":["GET"]}}],"collection":[{"href":"https:\/\/gohike.lv\/ru\/wp-json\/wp\/v2\/product"}],"about":[{"href":"https:\/\/gohike.lv\/ru\/wp-json\/wp\/v2\/types\/product"}],"version-history":[{"count":0,"href":"https:\/\/gohike.lv\/ru\/wp-json\/wp\/v2\/product\/66675\/revisions"}],"wp:featuredmedia":[{"embeddable":true,"href":"https:\/\/gohike.lv\/ru\/wp-json\/wp\/v2\/media\/66488"}],"wp:attachment":[{"href":"https:\/\/gohike.lv\/ru\/wp-json\/wp\/v2\/media?parent=66675"}],"wp:term":[{"taxonomy":"product_brand","embeddable":true,"href":"https:\/\/gohike.lv\/ru\/wp-json\/wp\/v2\/product_brand?post=66675"},{"taxonomy":"product_cat","embeddable":true,"href":"https:\/\/gohike.lv\/ru\/wp-json\/wp\/v2\/product_cat?post=66675"},{"taxonomy":"product_tag","embeddable":true,"href":"https:\/\/gohike.lv\/ru\/wp-json\/wp\/v2\/product_tag?post=66675"}],"curies":[{"name":"wp","href":"https:\/\/api.w.org\/{rel}","templated":true}]}}