{"id":66671,"date":"2025-03-05T12:29:02","date_gmt":"2025-03-05T09:29:02","guid":{"rendered":"https:\/\/gohike.lv\/produkts\/lifeventure-silikona-saites-6-gab\/"},"modified":"2025-12-30T17:24:24","modified_gmt":"2025-12-30T14:24:24","slug":"lifeventure-silikona-saites-6-gab","status":"publish","type":"product","link":"https:\/\/gohike.lv\/ru\/produkts\/lifeventure-silikona-saites-6-gab\/","title":{"rendered":"Lifeventure &#8212; Silikona saites, 6 gab."},"content":{"rendered":"<p>Vienk\u0101r\u0161as, vieglas un praktiskas, \u0161\u012bs 6 atk\u0101rtoti lietojam\u0101s silikona saites ir ide\u0101ls, univers\u0101ls piederums kempingam, kemperiem un ikdienas lieto\u0161anai.<br \/>\nAr bezgal\u012bg\u0101m pielietojuma iesp\u0113j\u0101m un da\u017e\u0101diem garumiem, t\u0101s ir ide\u0101li piem\u0113rotas da\u017e\u0101du apr\u012bkojuma priek\u0161metu nostiprin\u0101\u0161anai, sak\u0101rto\u0161anai un pakarin\u0101\u0161anai kempinga, kemperu, p\u0101rg\u0101jienu un ce\u013cojumu laik\u0101.<br \/>\n\u012apa\u0161\u012bbas:<br \/>\n\u2022\tatk\u0101rtoti lietojamas ar silikonu p\u0101rkl\u0101tas stieples saites;<br \/>\n\u2022\tide\u0101las nostiprin\u0101\u0161anai, sak\u0101rto\u0161anai un pakarin\u0101\u0161anai;<br \/>\n\u2022\taugsta sa\u0137ere un neskr\u0101p\u0113 vai neatst\u0101j p\u0113das;<br \/>\n\u2022\tkomplekt\u0101 6 gab. (sarkanas, oran\u017eas un dzeltenas).<br \/>\nTehniskie dati:<br \/>\nSvars: 60 g;<br \/>\nIzm\u0113ri: 2 x 45 cm, 2 x 30 cm un 2 x 15 cm.<\/p>\n","protected":false},"excerpt":{"rendered":"<p>Daudzfunkcion\u0101las, atk\u0101rtoti lietojamas, da\u017e\u0101da garuma silikona saites, ide\u0101li piem\u0113rotas kempingam un \u0101ra aktivit\u0101t\u0113m.<\/p>\n","protected":false},"featured_media":66480,"template":"","meta":[],"product_brand":[1308],"product_cat":[4140],"product_tag":[],"class_list":{"0":"post-66671","1":"product","2":"type-product","3":"status-publish","4":"has-post-thumbnail","6":"product_brand-lifeventure-lv","7":"product_cat-noderigas-lietas","8":"pa_produkta-tips-noderigas-lietas","10":"first","11":"instock","12":"taxable","13":"shipping-taxable","14":"purchasable","15":"product-type-simple"},"raw_content":{"name":"Lifeventure - Silikona saites, 6 gab.","description":"Vienk\u0101r\u0161as, vieglas un praktiskas, \u0161\u012bs 6 atk\u0101rtoti lietojam\u0101s silikona saites ir ide\u0101ls, univers\u0101ls piederums kempingam, kemperiem un ikdienas lieto\u0161anai.\nAr bezgal\u012bg\u0101m pielietojuma iesp\u0113j\u0101m un da\u017e\u0101diem garumiem, t\u0101s ir ide\u0101li piem\u0113rotas da\u017e\u0101du apr\u012bkojuma priek\u0161metu nostiprin\u0101\u0161anai, sak\u0101rto\u0161anai un pakarin\u0101\u0161anai kempinga, kemperu, p\u0101rg\u0101jienu un ce\u013cojumu laik\u0101.\n\u012apa\u0161\u012bbas:\n\u2022\tatk\u0101rtoti lietojamas ar silikonu p\u0101rkl\u0101tas stieples saites;\n\u2022\tide\u0101las nostiprin\u0101\u0161anai, sak\u0101rto\u0161anai un pakarin\u0101\u0161anai;\n\u2022\taugsta sa\u0137ere un neskr\u0101p\u0113 vai neatst\u0101j p\u0113das;\n\u2022\tkomplekt\u0101 6 gab. (sarkanas, oran\u017eas un dzeltenas).\nTehniskie dati:\nSvars: 60 g;\nIzm\u0113ri: 2 x 45 cm, 2 x 30 cm un 2 x 15 cm.","short_description":"Daudzfunkcion\u0101las, atk\u0101rtoti lietojamas, da\u017e\u0101da garuma silikona saites, ide\u0101li piem\u0113rotas kempingam un \u0101ra aktivit\u0101t\u0113m.","status":"publish","sku":"5031863681117","original":66671},"wpml":{"translation_type":1,"has_translations":true,"original":66671,"duplicates":[],"translations":{"lv":66671,"en":66901,"ru":null}},"supplier_id":null,"supplier_sku":"","barcode":null,"atum_controlled":true,"out_stock_date":null,"out_stock_threshold":null,"inheritable":false,"inbound_stock":0,"stock_on_hold":0,"sold_today":0,"sales_last_days":0,"reserved_stock":0,"customer_returns":0,"warehouse_damage":0,"lost_in_post":0,"other_logs":0,"out_stock_days":0,"lost_sales":0,"has_location":false,"update_date":"2025-12-30T14:30:29","atum_locations":[],"atum_stock_status":"instock","restock_status":false,"low_stock_amount":"","sales_update_date":"2025-11-13T14:07:50","calc_backorders":null,"yoast_head":"<!-- This site is optimized with the Yoast SEO plugin v27.3 - https:\/\/yoast.com\/product\/yoast-seo-wordpress\/ -->\n<title>Lifeventure - Silikona saites, 6 gab.<\/title>\n<meta name=\"description\" content=\"Daudzfunkcion\u0101las, atk\u0101rtoti lietojamas, da\u017e\u0101da garuma silikona saites, ide\u0101li piem\u0113rotas kempingam un \u0101ra aktivit\u0101t\u0113m.\" \/>\n<meta name=\"robots\" content=\"index, follow, max-snippet:-1, max-image-preview:large, max-video-preview:-1\" \/>\n<link rel=\"canonical\" href=\"https:\/\/gohike.lv\/ru\/produkts\/lifeventure-silikona-saites-6-gab\/\" \/>\n<meta property=\"og:locale\" content=\"ru_RU\" \/>\n<meta property=\"og:type\" content=\"article\" \/>\n<meta property=\"og:title\" content=\"Lifeventure - Silikona saites, 6 gab.\" \/>\n<meta property=\"og:description\" content=\"Daudzfunkcion\u0101las, atk\u0101rtoti lietojamas, da\u017e\u0101da garuma silikona saites, ide\u0101li piem\u0113rotas kempingam un \u0101ra aktivit\u0101t\u0113m.\" \/>\n<meta property=\"og:url\" content=\"https:\/\/gohike.lv\/ru\/produkts\/lifeventure-silikona-saites-6-gab\/\" \/>\n<meta property=\"og:site_name\" content=\"GoHike\" \/>\n<meta property=\"article:publisher\" content=\"https:\/\/www.facebook.com\/gohike.shop\/\" \/>\n<meta property=\"article:modified_time\" content=\"2025-12-30T14:24:24+00:00\" \/>\n<meta property=\"og:image\" content=\"https:\/\/gohike.lv\/wp-content\/uploads\/2025\/02\/SiliconTies_.webp\" \/>\n\t<meta property=\"og:image:width\" content=\"1920\" \/>\n\t<meta property=\"og:image:height\" content=\"1920\" \/>\n\t<meta property=\"og:image:type\" content=\"image\/webp\" \/>\n<meta name=\"twitter:card\" content=\"summary_large_image\" \/>\n<meta name=\"twitter:title\" content=\"Lifeventure - Silikona saites, 6 gab.\" \/>\n<meta name=\"twitter:label1\" content=\"\u041f\u0440\u0438\u043c\u0435\u0440\u043d\u043e\u0435 \u0432\u0440\u0435\u043c\u044f \u0434\u043b\u044f \u0447\u0442\u0435\u043d\u0438\u044f\" \/>\n\t<meta name=\"twitter:data1\" content=\"1 \u043c\u0438\u043d\u0443\u0442\u0430\" \/>\n<script type=\"application\/ld+json\" class=\"yoast-schema-graph\">{\"@context\":\"https:\\\/\\\/schema.org\",\"@graph\":[{\"@type\":[\"WebPage\",\"ItemPage\"],\"@id\":\"https:\\\/\\\/gohike.lv\\\/ru\\\/produkts\\\/lifeventure-silikona-saites-6-gab\\\/\",\"url\":\"https:\\\/\\\/gohike.lv\\\/ru\\\/produkts\\\/lifeventure-silikona-saites-6-gab\\\/\",\"name\":\"Lifeventure - Silikona saites, 6 gab.\",\"isPartOf\":{\"@id\":\"https:\\\/\\\/gohike.lv\\\/ru\\\/#website\"},\"primaryImageOfPage\":{\"@id\":\"https:\\\/\\\/gohike.lv\\\/ru\\\/produkts\\\/lifeventure-silikona-saites-6-gab\\\/#primaryimage\"},\"image\":{\"@id\":\"https:\\\/\\\/gohike.lv\\\/ru\\\/produkts\\\/lifeventure-silikona-saites-6-gab\\\/#primaryimage\"},\"thumbnailUrl\":\"https:\\\/\\\/gohike.lv\\\/wp-content\\\/uploads\\\/2025\\\/02\\\/SiliconTies_.webp\",\"datePublished\":\"2025-03-05T09:29:02+00:00\",\"dateModified\":\"2025-12-30T14:24:24+00:00\",\"description\":\"Daudzfunkcion\u0101las, atk\u0101rtoti lietojamas, da\u017e\u0101da garuma silikona saites, ide\u0101li piem\u0113rotas kempingam un \u0101ra aktivit\u0101t\u0113m.\",\"breadcrumb\":{\"@id\":\"https:\\\/\\\/gohike.lv\\\/ru\\\/produkts\\\/lifeventure-silikona-saites-6-gab\\\/#breadcrumb\"},\"inLanguage\":\"ru-RU\",\"potentialAction\":[{\"@type\":\"ReadAction\",\"target\":[\"https:\\\/\\\/gohike.lv\\\/ru\\\/produkts\\\/lifeventure-silikona-saites-6-gab\\\/\"]}]},{\"@type\":\"ImageObject\",\"inLanguage\":\"ru-RU\",\"@id\":\"https:\\\/\\\/gohike.lv\\\/ru\\\/produkts\\\/lifeventure-silikona-saites-6-gab\\\/#primaryimage\",\"url\":\"https:\\\/\\\/gohike.lv\\\/wp-content\\\/uploads\\\/2025\\\/02\\\/SiliconTies_.webp\",\"contentUrl\":\"https:\\\/\\\/gohike.lv\\\/wp-content\\\/uploads\\\/2025\\\/02\\\/SiliconTies_.webp\",\"width\":1920,\"height\":1920},{\"@type\":\"BreadcrumbList\",\"@id\":\"https:\\\/\\\/gohike.lv\\\/ru\\\/produkts\\\/lifeventure-silikona-saites-6-gab\\\/#breadcrumb\",\"itemListElement\":[{\"@type\":\"ListItem\",\"position\":1,\"name\":\"\u0413\u043b\u0430\u0432\u043d\u0430\u044f\",\"item\":\"https:\\\/\\\/gohike.lv\\\/ru\\\/\"},{\"@type\":\"ListItem\",\"position\":2,\"name\":\"\u041a\u0430\u0442\u0435\u0433\u043e\u0440\u0438\u0438 \u0442\u043e\u0432\u0430\u0440\u043e\u0432\",\"item\":\"https:\\\/\\\/gohike.lv\\\/%d0%ba%d0%b0%d1%82%d0%b5%d0%b3%d0%be%d1%80%d0%b8%d0%b8-%d1%82%d0%be%d0%b2%d0%b0%d1%80%d0%be%d0%b2\\\/\"},{\"@type\":\"ListItem\",\"position\":3,\"name\":\"Lifeventure &#8211; Silikona saites, 6 gab.\"}]},{\"@type\":\"WebSite\",\"@id\":\"https:\\\/\\\/gohike.lv\\\/ru\\\/#website\",\"url\":\"https:\\\/\\\/gohike.lv\\\/ru\\\/\",\"name\":\"GoHike\",\"description\":\"\",\"publisher\":{\"@id\":\"https:\\\/\\\/gohike.lv\\\/ru\\\/#organization\"},\"potentialAction\":[{\"@type\":\"SearchAction\",\"target\":{\"@type\":\"EntryPoint\",\"urlTemplate\":\"https:\\\/\\\/gohike.lv\\\/ru\\\/?s={search_term_string}\"},\"query-input\":{\"@type\":\"PropertyValueSpecification\",\"valueRequired\":true,\"valueName\":\"search_term_string\"}}],\"inLanguage\":\"ru-RU\"},{\"@type\":\"Organization\",\"@id\":\"https:\\\/\\\/gohike.lv\\\/ru\\\/#organization\",\"name\":\"GoHike\",\"url\":\"https:\\\/\\\/gohike.lv\\\/ru\\\/\",\"logo\":{\"@type\":\"ImageObject\",\"inLanguage\":\"ru-RU\",\"@id\":\"https:\\\/\\\/gohike.lv\\\/ru\\\/#\\\/schema\\\/logo\\\/image\\\/\",\"url\":\"https:\\\/\\\/gohike.lv\\\/wp-content\\\/uploads\\\/2023\\\/08\\\/Logo_GoHike.webp\",\"contentUrl\":\"https:\\\/\\\/gohike.lv\\\/wp-content\\\/uploads\\\/2023\\\/08\\\/Logo_GoHike.webp\",\"width\":512,\"height\":512,\"caption\":\"GoHike\"},\"image\":{\"@id\":\"https:\\\/\\\/gohike.lv\\\/ru\\\/#\\\/schema\\\/logo\\\/image\\\/\"},\"sameAs\":[\"https:\\\/\\\/www.facebook.com\\\/gohike.shop\\\/\",\"https:\\\/\\\/www.instagram.com\\\/gohike.shop\\\/\"]}]}<\/script>\n<!-- \/ Yoast SEO plugin. -->","yoast_head_json":{"title":"Lifeventure - Silikona saites, 6 gab.","description":"Daudzfunkcion\u0101las, atk\u0101rtoti lietojamas, da\u017e\u0101da garuma silikona saites, ide\u0101li piem\u0113rotas kempingam un \u0101ra aktivit\u0101t\u0113m.","robots":{"index":"index","follow":"follow","max-snippet":"max-snippet:-1","max-image-preview":"max-image-preview:large","max-video-preview":"max-video-preview:-1"},"canonical":"https:\/\/gohike.lv\/ru\/produkts\/lifeventure-silikona-saites-6-gab\/","og_locale":"ru_RU","og_type":"article","og_title":"Lifeventure - Silikona saites, 6 gab.","og_description":"Daudzfunkcion\u0101las, atk\u0101rtoti lietojamas, da\u017e\u0101da garuma silikona saites, ide\u0101li piem\u0113rotas kempingam un \u0101ra aktivit\u0101t\u0113m.","og_url":"https:\/\/gohike.lv\/ru\/produkts\/lifeventure-silikona-saites-6-gab\/","og_site_name":"GoHike","article_publisher":"https:\/\/www.facebook.com\/gohike.shop\/","article_modified_time":"2025-12-30T14:24:24+00:00","og_image":[{"width":1920,"height":1920,"url":"https:\/\/gohike.lv\/wp-content\/uploads\/2025\/02\/SiliconTies_.webp","type":"image\/webp"}],"twitter_card":"summary_large_image","twitter_title":"Lifeventure - Silikona saites, 6 gab.","twitter_misc":{"\u041f\u0440\u0438\u043c\u0435\u0440\u043d\u043e\u0435 \u0432\u0440\u0435\u043c\u044f \u0434\u043b\u044f \u0447\u0442\u0435\u043d\u0438\u044f":"1 \u043c\u0438\u043d\u0443\u0442\u0430"},"schema":{"@context":"https:\/\/schema.org","@graph":[{"@type":["WebPage","ItemPage"],"@id":"https:\/\/gohike.lv\/ru\/produkts\/lifeventure-silikona-saites-6-gab\/","url":"https:\/\/gohike.lv\/ru\/produkts\/lifeventure-silikona-saites-6-gab\/","name":"Lifeventure - Silikona saites, 6 gab.","isPartOf":{"@id":"https:\/\/gohike.lv\/ru\/#website"},"primaryImageOfPage":{"@id":"https:\/\/gohike.lv\/ru\/produkts\/lifeventure-silikona-saites-6-gab\/#primaryimage"},"image":{"@id":"https:\/\/gohike.lv\/ru\/produkts\/lifeventure-silikona-saites-6-gab\/#primaryimage"},"thumbnailUrl":"https:\/\/gohike.lv\/wp-content\/uploads\/2025\/02\/SiliconTies_.webp","datePublished":"2025-03-05T09:29:02+00:00","dateModified":"2025-12-30T14:24:24+00:00","description":"Daudzfunkcion\u0101las, atk\u0101rtoti lietojamas, da\u017e\u0101da garuma silikona saites, ide\u0101li piem\u0113rotas kempingam un \u0101ra aktivit\u0101t\u0113m.","breadcrumb":{"@id":"https:\/\/gohike.lv\/ru\/produkts\/lifeventure-silikona-saites-6-gab\/#breadcrumb"},"inLanguage":"ru-RU","potentialAction":[{"@type":"ReadAction","target":["https:\/\/gohike.lv\/ru\/produkts\/lifeventure-silikona-saites-6-gab\/"]}]},{"@type":"ImageObject","inLanguage":"ru-RU","@id":"https:\/\/gohike.lv\/ru\/produkts\/lifeventure-silikona-saites-6-gab\/#primaryimage","url":"https:\/\/gohike.lv\/wp-content\/uploads\/2025\/02\/SiliconTies_.webp","contentUrl":"https:\/\/gohike.lv\/wp-content\/uploads\/2025\/02\/SiliconTies_.webp","width":1920,"height":1920},{"@type":"BreadcrumbList","@id":"https:\/\/gohike.lv\/ru\/produkts\/lifeventure-silikona-saites-6-gab\/#breadcrumb","itemListElement":[{"@type":"ListItem","position":1,"name":"\u0413\u043b\u0430\u0432\u043d\u0430\u044f","item":"https:\/\/gohike.lv\/ru\/"},{"@type":"ListItem","position":2,"name":"\u041a\u0430\u0442\u0435\u0433\u043e\u0440\u0438\u0438 \u0442\u043e\u0432\u0430\u0440\u043e\u0432","item":"https:\/\/gohike.lv\/%d0%ba%d0%b0%d1%82%d0%b5%d0%b3%d0%be%d1%80%d0%b8%d0%b8-%d1%82%d0%be%d0%b2%d0%b0%d1%80%d0%be%d0%b2\/"},{"@type":"ListItem","position":3,"name":"Lifeventure &#8211; Silikona saites, 6 gab."}]},{"@type":"WebSite","@id":"https:\/\/gohike.lv\/ru\/#website","url":"https:\/\/gohike.lv\/ru\/","name":"GoHike","description":"","publisher":{"@id":"https:\/\/gohike.lv\/ru\/#organization"},"potentialAction":[{"@type":"SearchAction","target":{"@type":"EntryPoint","urlTemplate":"https:\/\/gohike.lv\/ru\/?s={search_term_string}"},"query-input":{"@type":"PropertyValueSpecification","valueRequired":true,"valueName":"search_term_string"}}],"inLanguage":"ru-RU"},{"@type":"Organization","@id":"https:\/\/gohike.lv\/ru\/#organization","name":"GoHike","url":"https:\/\/gohike.lv\/ru\/","logo":{"@type":"ImageObject","inLanguage":"ru-RU","@id":"https:\/\/gohike.lv\/ru\/#\/schema\/logo\/image\/","url":"https:\/\/gohike.lv\/wp-content\/uploads\/2023\/08\/Logo_GoHike.webp","contentUrl":"https:\/\/gohike.lv\/wp-content\/uploads\/2023\/08\/Logo_GoHike.webp","width":512,"height":512,"caption":"GoHike"},"image":{"@id":"https:\/\/gohike.lv\/ru\/#\/schema\/logo\/image\/"},"sameAs":["https:\/\/www.facebook.com\/gohike.shop\/","https:\/\/www.instagram.com\/gohike.shop\/"]}]}},"jetpack_sharing_enabled":true,"_links":{"self":[{"href":"https:\/\/gohike.lv\/ru\/wp-json\/wp\/v2\/product\/66671","targetHints":{"allow":["GET"]}}],"collection":[{"href":"https:\/\/gohike.lv\/ru\/wp-json\/wp\/v2\/product"}],"about":[{"href":"https:\/\/gohike.lv\/ru\/wp-json\/wp\/v2\/types\/product"}],"version-history":[{"count":0,"href":"https:\/\/gohike.lv\/ru\/wp-json\/wp\/v2\/product\/66671\/revisions"}],"wp:featuredmedia":[{"embeddable":true,"href":"https:\/\/gohike.lv\/ru\/wp-json\/wp\/v2\/media\/66480"}],"wp:attachment":[{"href":"https:\/\/gohike.lv\/ru\/wp-json\/wp\/v2\/media?parent=66671"}],"wp:term":[{"taxonomy":"product_brand","embeddable":true,"href":"https:\/\/gohike.lv\/ru\/wp-json\/wp\/v2\/product_brand?post=66671"},{"taxonomy":"product_cat","embeddable":true,"href":"https:\/\/gohike.lv\/ru\/wp-json\/wp\/v2\/product_cat?post=66671"},{"taxonomy":"product_tag","embeddable":true,"href":"https:\/\/gohike.lv\/ru\/wp-json\/wp\/v2\/product_tag?post=66671"}],"curies":[{"name":"wp","href":"https:\/\/api.w.org\/{rel}","templated":true}]}}