{"id":66667,"date":"2025-03-05T12:28:56","date_gmt":"2025-03-05T09:28:56","guid":{"rendered":"https:\/\/gohike.lv\/produkts\/lifesystems-midge-deet-nesatuross-insektu-atbaidisanas-lidzeklis-100-ml\/"},"modified":"2026-01-02T07:46:21","modified_gmt":"2026-01-02T04:46:21","slug":"lifesystems-midge-deet-nesatuross-insektu-atbaidisanas-lidzeklis-100-ml","status":"publish","type":"product","link":"https:\/\/gohike.lv\/ru\/produkts\/lifesystems-midge-deet-nesatuross-insektu-atbaidisanas-lidzeklis-100-ml\/","title":{"rendered":"Lifesystems &#8212; Midge &#8212; DEET nesaturo\u0161s insektu atbaid\u012b\u0161anas l\u012bdzeklis, 100 ml"},"content":{"rendered":"<p>DEET nesaturo\u0161\u0101 formula satur akt\u012bvo sast\u0101vda\u013cu Saltidin\u00ae, lai nodro\u0161in\u0101tu pastiprin\u0101tu aizsardz\u012bbu pret mosk\u012btiem, odiem un citiem kukai\u0146iem. 20% Saltidin\u00ae balst\u012bt\u0101 formula nodro\u0161ina vid\u0113ji augsta l\u012bme\u0146a aizsardz\u012bbu l\u012bdz 8 stund\u0101m. Tas ir piem\u0113rot\u0101ks jut\u012bgai \u0101dai nek\u0101 DEET b\u0101zes repelenti un ir piem\u0113rots lieto\u0161anai b\u0113rniem, kas vec\u0101ki par 2 gadiem.<br \/>\n\u012apa\u0161\u012bbas:<br \/>\n\u2022 satur 20% Saltidin\u00ae &#8212; vid\u0113ji augsta l\u012bme\u0146a aizsardz\u012bba;<br \/>\n\u2022 DEET nesaturo\u0161a formula nodro\u0161ina l\u012bdz 8 stundu aizsardz\u012bbu;<br \/>\n\u2022 iztur\u012bga alum\u012bnija pudele ar smidzin\u0101t\u0101ja uzgali;<br \/>\n\u2022 repelents j\u0101izlieto 24 m\u0113ne\u0161us no pirm\u0101s atv\u0113r\u0161anas reizes.<br \/>\nTehniskie dati:<br \/>\nSvars: 132 g;<br \/>\nTilpums: 100 ml;<br \/>\nIzm\u0113ri: 4*13.8 cm.<\/p>\n","protected":false},"excerpt":{"rendered":"<p>\u0100dai draudz\u012bgs insektu repelents ar Saltidin\u00ae akt\u012bvo sast\u0101vda\u013cu, kas nodro\u0161ina aizsardz\u012bbu l\u012bdz pat 8h.<\/p>\n","protected":false},"featured_media":66472,"template":"","meta":[],"product_brand":[1307],"product_cat":[1389],"product_tag":[],"class_list":{"0":"post-66667","1":"product","2":"type-product","3":"status-publish","4":"has-post-thumbnail","6":"product_brand-lifesystems-lv","7":"product_cat-pret-insektiem","8":"pa_izmerscm-413-8","9":"pa_produkta-tips-moskitu-repellenti-2","11":"first","12":"instock","13":"taxable","14":"shipping-taxable","15":"purchasable","16":"product-type-simple"},"raw_content":{"name":"Lifesystems - Midge - DEET nesaturo\u0161s insektu atbaid\u012b\u0161anas l\u012bdzeklis, 100 ml","description":"DEET nesaturo\u0161\u0101 formula satur akt\u012bvo sast\u0101vda\u013cu Saltidin\u00ae, lai nodro\u0161in\u0101tu pastiprin\u0101tu aizsardz\u012bbu pret mosk\u012btiem, odiem un citiem kukai\u0146iem. 20% Saltidin\u00ae balst\u012bt\u0101 formula nodro\u0161ina vid\u0113ji augsta l\u012bme\u0146a aizsardz\u012bbu l\u012bdz 8 stund\u0101m. Tas ir piem\u0113rot\u0101ks jut\u012bgai \u0101dai nek\u0101 DEET b\u0101zes repelenti un ir piem\u0113rots lieto\u0161anai b\u0113rniem, kas vec\u0101ki par 2 gadiem.\n\u012apa\u0161\u012bbas:\n\u2022 satur 20% Saltidin\u00ae - vid\u0113ji augsta l\u012bme\u0146a aizsardz\u012bba;\n\u2022 DEET nesaturo\u0161a formula nodro\u0161ina l\u012bdz 8 stundu aizsardz\u012bbu;\n\u2022 iztur\u012bga alum\u012bnija pudele ar smidzin\u0101t\u0101ja uzgali;\n\u2022 repelents j\u0101izlieto 24 m\u0113ne\u0161us no pirm\u0101s atv\u0113r\u0161anas reizes.\nTehniskie dati:\nSvars: 132 g;\nTilpums: 100 ml;\nIzm\u0113ri: 4*13.8 cm.","short_description":"\u0100dai draudz\u012bgs insektu repelents ar Saltidin\u00ae akt\u012bvo sast\u0101vda\u013cu, kas nodro\u0161ina aizsardz\u012bbu l\u012bdz pat 8h.","status":"publish","sku":"5031863344203","original":66667},"wpml":{"translation_type":1,"has_translations":true,"original":66667,"duplicates":[],"translations":{"lv":66667,"en":66897,"ru":null}},"supplier_id":null,"supplier_sku":"","barcode":null,"atum_controlled":true,"out_stock_date":null,"out_stock_threshold":null,"inheritable":false,"inbound_stock":0,"stock_on_hold":0,"sold_today":0,"sales_last_days":0,"reserved_stock":0,"customer_returns":0,"warehouse_damage":0,"lost_in_post":0,"other_logs":0,"out_stock_days":0,"lost_sales":0,"has_location":false,"update_date":"2026-01-02T04:46:22","atum_locations":[],"atum_stock_status":"instock","restock_status":false,"low_stock_amount":"","sales_update_date":"2025-11-13T14:07:56","calc_backorders":null,"yoast_head":"<!-- This site is optimized with the Yoast SEO plugin v27.3 - https:\/\/yoast.com\/product\/yoast-seo-wordpress\/ -->\n<title>Lifesystems - Midge - DEET nesaturo\u0161s insektu atbaid\u012b\u0161anas l\u012bdzeklis, 100 ml<\/title>\n<meta name=\"description\" content=\"\u0100dai draudz\u012bgs insektu repelents ar Saltidin\u00ae akt\u012bvo sast\u0101vda\u013cu, kas nodro\u0161ina aizsardz\u012bbu l\u012bdz pat 8h.\" \/>\n<meta name=\"robots\" content=\"index, follow, max-snippet:-1, max-image-preview:large, max-video-preview:-1\" \/>\n<link rel=\"canonical\" href=\"https:\/\/gohike.lv\/ru\/produkts\/lifesystems-midge-deet-nesatuross-insektu-atbaidisanas-lidzeklis-100-ml\/\" \/>\n<meta property=\"og:locale\" content=\"ru_RU\" \/>\n<meta property=\"og:type\" content=\"article\" \/>\n<meta property=\"og:title\" content=\"Lifesystems - Midge - DEET nesaturo\u0161s insektu atbaid\u012b\u0161anas l\u012bdzeklis, 100 ml\" \/>\n<meta property=\"og:description\" content=\"\u0100dai draudz\u012bgs insektu repelents ar Saltidin\u00ae akt\u012bvo sast\u0101vda\u013cu, kas nodro\u0161ina aizsardz\u012bbu l\u012bdz pat 8h.\" \/>\n<meta property=\"og:url\" content=\"https:\/\/gohike.lv\/ru\/produkts\/lifesystems-midge-deet-nesatuross-insektu-atbaidisanas-lidzeklis-100-ml\/\" \/>\n<meta property=\"og:site_name\" content=\"GoHike\" \/>\n<meta property=\"article:publisher\" content=\"https:\/\/www.facebook.com\/gohike.shop\/\" \/>\n<meta property=\"article:modified_time\" content=\"2026-01-02T04:46:21+00:00\" \/>\n<meta property=\"og:image\" content=\"https:\/\/gohike.lv\/wp-content\/uploads\/2025\/02\/Midge_.webp\" \/>\n\t<meta property=\"og:image:width\" content=\"550\" \/>\n\t<meta property=\"og:image:height\" content=\"550\" \/>\n\t<meta property=\"og:image:type\" content=\"image\/webp\" \/>\n<meta name=\"twitter:card\" content=\"summary_large_image\" \/>\n<meta name=\"twitter:title\" content=\"Lifesystems - Midge - DEET nesaturo\u0161s insektu atbaid\u012b\u0161anas l\u012bdzeklis, 100 ml\" \/>\n<meta name=\"twitter:label1\" content=\"\u041f\u0440\u0438\u043c\u0435\u0440\u043d\u043e\u0435 \u0432\u0440\u0435\u043c\u044f \u0434\u043b\u044f \u0447\u0442\u0435\u043d\u0438\u044f\" \/>\n\t<meta name=\"twitter:data1\" content=\"1 \u043c\u0438\u043d\u0443\u0442\u0430\" \/>\n<script type=\"application\/ld+json\" class=\"yoast-schema-graph\">{\"@context\":\"https:\\\/\\\/schema.org\",\"@graph\":[{\"@type\":[\"WebPage\",\"ItemPage\"],\"@id\":\"https:\\\/\\\/gohike.lv\\\/ru\\\/produkts\\\/lifesystems-midge-deet-nesatuross-insektu-atbaidisanas-lidzeklis-100-ml\\\/\",\"url\":\"https:\\\/\\\/gohike.lv\\\/ru\\\/produkts\\\/lifesystems-midge-deet-nesatuross-insektu-atbaidisanas-lidzeklis-100-ml\\\/\",\"name\":\"Lifesystems - Midge - DEET nesaturo\u0161s insektu atbaid\u012b\u0161anas l\u012bdzeklis, 100 ml\",\"isPartOf\":{\"@id\":\"https:\\\/\\\/gohike.lv\\\/ru\\\/#website\"},\"primaryImageOfPage\":{\"@id\":\"https:\\\/\\\/gohike.lv\\\/ru\\\/produkts\\\/lifesystems-midge-deet-nesatuross-insektu-atbaidisanas-lidzeklis-100-ml\\\/#primaryimage\"},\"image\":{\"@id\":\"https:\\\/\\\/gohike.lv\\\/ru\\\/produkts\\\/lifesystems-midge-deet-nesatuross-insektu-atbaidisanas-lidzeklis-100-ml\\\/#primaryimage\"},\"thumbnailUrl\":\"https:\\\/\\\/gohike.lv\\\/wp-content\\\/uploads\\\/2025\\\/02\\\/Midge_.webp\",\"datePublished\":\"2025-03-05T09:28:56+00:00\",\"dateModified\":\"2026-01-02T04:46:21+00:00\",\"description\":\"\u0100dai draudz\u012bgs insektu repelents ar Saltidin\u00ae akt\u012bvo sast\u0101vda\u013cu, kas nodro\u0161ina aizsardz\u012bbu l\u012bdz pat 8h.\",\"breadcrumb\":{\"@id\":\"https:\\\/\\\/gohike.lv\\\/ru\\\/produkts\\\/lifesystems-midge-deet-nesatuross-insektu-atbaidisanas-lidzeklis-100-ml\\\/#breadcrumb\"},\"inLanguage\":\"ru-RU\",\"potentialAction\":[{\"@type\":\"ReadAction\",\"target\":[\"https:\\\/\\\/gohike.lv\\\/ru\\\/produkts\\\/lifesystems-midge-deet-nesatuross-insektu-atbaidisanas-lidzeklis-100-ml\\\/\"]}]},{\"@type\":\"ImageObject\",\"inLanguage\":\"ru-RU\",\"@id\":\"https:\\\/\\\/gohike.lv\\\/ru\\\/produkts\\\/lifesystems-midge-deet-nesatuross-insektu-atbaidisanas-lidzeklis-100-ml\\\/#primaryimage\",\"url\":\"https:\\\/\\\/gohike.lv\\\/wp-content\\\/uploads\\\/2025\\\/02\\\/Midge_.webp\",\"contentUrl\":\"https:\\\/\\\/gohike.lv\\\/wp-content\\\/uploads\\\/2025\\\/02\\\/Midge_.webp\",\"width\":550,\"height\":550},{\"@type\":\"BreadcrumbList\",\"@id\":\"https:\\\/\\\/gohike.lv\\\/ru\\\/produkts\\\/lifesystems-midge-deet-nesatuross-insektu-atbaidisanas-lidzeklis-100-ml\\\/#breadcrumb\",\"itemListElement\":[{\"@type\":\"ListItem\",\"position\":1,\"name\":\"\u0413\u043b\u0430\u0432\u043d\u0430\u044f\",\"item\":\"https:\\\/\\\/gohike.lv\\\/ru\\\/\"},{\"@type\":\"ListItem\",\"position\":2,\"name\":\"\u041a\u0430\u0442\u0435\u0433\u043e\u0440\u0438\u0438 \u0442\u043e\u0432\u0430\u0440\u043e\u0432\",\"item\":\"https:\\\/\\\/gohike.lv\\\/%d0%ba%d0%b0%d1%82%d0%b5%d0%b3%d0%be%d1%80%d0%b8%d0%b8-%d1%82%d0%be%d0%b2%d0%b0%d1%80%d0%be%d0%b2\\\/\"},{\"@type\":\"ListItem\",\"position\":3,\"name\":\"Lifesystems &#8211; Midge &#8211; DEET nesaturo\u0161s insektu atbaid\u012b\u0161anas l\u012bdzeklis, 100 ml\"}]},{\"@type\":\"WebSite\",\"@id\":\"https:\\\/\\\/gohike.lv\\\/ru\\\/#website\",\"url\":\"https:\\\/\\\/gohike.lv\\\/ru\\\/\",\"name\":\"GoHike\",\"description\":\"\",\"publisher\":{\"@id\":\"https:\\\/\\\/gohike.lv\\\/ru\\\/#organization\"},\"potentialAction\":[{\"@type\":\"SearchAction\",\"target\":{\"@type\":\"EntryPoint\",\"urlTemplate\":\"https:\\\/\\\/gohike.lv\\\/ru\\\/?s={search_term_string}\"},\"query-input\":{\"@type\":\"PropertyValueSpecification\",\"valueRequired\":true,\"valueName\":\"search_term_string\"}}],\"inLanguage\":\"ru-RU\"},{\"@type\":\"Organization\",\"@id\":\"https:\\\/\\\/gohike.lv\\\/ru\\\/#organization\",\"name\":\"GoHike\",\"url\":\"https:\\\/\\\/gohike.lv\\\/ru\\\/\",\"logo\":{\"@type\":\"ImageObject\",\"inLanguage\":\"ru-RU\",\"@id\":\"https:\\\/\\\/gohike.lv\\\/ru\\\/#\\\/schema\\\/logo\\\/image\\\/\",\"url\":\"https:\\\/\\\/gohike.lv\\\/wp-content\\\/uploads\\\/2023\\\/08\\\/Logo_GoHike.webp\",\"contentUrl\":\"https:\\\/\\\/gohike.lv\\\/wp-content\\\/uploads\\\/2023\\\/08\\\/Logo_GoHike.webp\",\"width\":512,\"height\":512,\"caption\":\"GoHike\"},\"image\":{\"@id\":\"https:\\\/\\\/gohike.lv\\\/ru\\\/#\\\/schema\\\/logo\\\/image\\\/\"},\"sameAs\":[\"https:\\\/\\\/www.facebook.com\\\/gohike.shop\\\/\",\"https:\\\/\\\/www.instagram.com\\\/gohike.shop\\\/\"]}]}<\/script>\n<!-- \/ Yoast SEO plugin. -->","yoast_head_json":{"title":"Lifesystems - Midge - DEET nesaturo\u0161s insektu atbaid\u012b\u0161anas l\u012bdzeklis, 100 ml","description":"\u0100dai draudz\u012bgs insektu repelents ar Saltidin\u00ae akt\u012bvo sast\u0101vda\u013cu, kas nodro\u0161ina aizsardz\u012bbu l\u012bdz pat 8h.","robots":{"index":"index","follow":"follow","max-snippet":"max-snippet:-1","max-image-preview":"max-image-preview:large","max-video-preview":"max-video-preview:-1"},"canonical":"https:\/\/gohike.lv\/ru\/produkts\/lifesystems-midge-deet-nesatuross-insektu-atbaidisanas-lidzeklis-100-ml\/","og_locale":"ru_RU","og_type":"article","og_title":"Lifesystems - Midge - DEET nesaturo\u0161s insektu atbaid\u012b\u0161anas l\u012bdzeklis, 100 ml","og_description":"\u0100dai draudz\u012bgs insektu repelents ar Saltidin\u00ae akt\u012bvo sast\u0101vda\u013cu, kas nodro\u0161ina aizsardz\u012bbu l\u012bdz pat 8h.","og_url":"https:\/\/gohike.lv\/ru\/produkts\/lifesystems-midge-deet-nesatuross-insektu-atbaidisanas-lidzeklis-100-ml\/","og_site_name":"GoHike","article_publisher":"https:\/\/www.facebook.com\/gohike.shop\/","article_modified_time":"2026-01-02T04:46:21+00:00","og_image":[{"width":550,"height":550,"url":"https:\/\/gohike.lv\/wp-content\/uploads\/2025\/02\/Midge_.webp","type":"image\/webp"}],"twitter_card":"summary_large_image","twitter_title":"Lifesystems - Midge - DEET nesaturo\u0161s insektu atbaid\u012b\u0161anas l\u012bdzeklis, 100 ml","twitter_misc":{"\u041f\u0440\u0438\u043c\u0435\u0440\u043d\u043e\u0435 \u0432\u0440\u0435\u043c\u044f \u0434\u043b\u044f \u0447\u0442\u0435\u043d\u0438\u044f":"1 \u043c\u0438\u043d\u0443\u0442\u0430"},"schema":{"@context":"https:\/\/schema.org","@graph":[{"@type":["WebPage","ItemPage"],"@id":"https:\/\/gohike.lv\/ru\/produkts\/lifesystems-midge-deet-nesatuross-insektu-atbaidisanas-lidzeklis-100-ml\/","url":"https:\/\/gohike.lv\/ru\/produkts\/lifesystems-midge-deet-nesatuross-insektu-atbaidisanas-lidzeklis-100-ml\/","name":"Lifesystems - Midge - DEET nesaturo\u0161s insektu atbaid\u012b\u0161anas l\u012bdzeklis, 100 ml","isPartOf":{"@id":"https:\/\/gohike.lv\/ru\/#website"},"primaryImageOfPage":{"@id":"https:\/\/gohike.lv\/ru\/produkts\/lifesystems-midge-deet-nesatuross-insektu-atbaidisanas-lidzeklis-100-ml\/#primaryimage"},"image":{"@id":"https:\/\/gohike.lv\/ru\/produkts\/lifesystems-midge-deet-nesatuross-insektu-atbaidisanas-lidzeklis-100-ml\/#primaryimage"},"thumbnailUrl":"https:\/\/gohike.lv\/wp-content\/uploads\/2025\/02\/Midge_.webp","datePublished":"2025-03-05T09:28:56+00:00","dateModified":"2026-01-02T04:46:21+00:00","description":"\u0100dai draudz\u012bgs insektu repelents ar Saltidin\u00ae akt\u012bvo sast\u0101vda\u013cu, kas nodro\u0161ina aizsardz\u012bbu l\u012bdz pat 8h.","breadcrumb":{"@id":"https:\/\/gohike.lv\/ru\/produkts\/lifesystems-midge-deet-nesatuross-insektu-atbaidisanas-lidzeklis-100-ml\/#breadcrumb"},"inLanguage":"ru-RU","potentialAction":[{"@type":"ReadAction","target":["https:\/\/gohike.lv\/ru\/produkts\/lifesystems-midge-deet-nesatuross-insektu-atbaidisanas-lidzeklis-100-ml\/"]}]},{"@type":"ImageObject","inLanguage":"ru-RU","@id":"https:\/\/gohike.lv\/ru\/produkts\/lifesystems-midge-deet-nesatuross-insektu-atbaidisanas-lidzeklis-100-ml\/#primaryimage","url":"https:\/\/gohike.lv\/wp-content\/uploads\/2025\/02\/Midge_.webp","contentUrl":"https:\/\/gohike.lv\/wp-content\/uploads\/2025\/02\/Midge_.webp","width":550,"height":550},{"@type":"BreadcrumbList","@id":"https:\/\/gohike.lv\/ru\/produkts\/lifesystems-midge-deet-nesatuross-insektu-atbaidisanas-lidzeklis-100-ml\/#breadcrumb","itemListElement":[{"@type":"ListItem","position":1,"name":"\u0413\u043b\u0430\u0432\u043d\u0430\u044f","item":"https:\/\/gohike.lv\/ru\/"},{"@type":"ListItem","position":2,"name":"\u041a\u0430\u0442\u0435\u0433\u043e\u0440\u0438\u0438 \u0442\u043e\u0432\u0430\u0440\u043e\u0432","item":"https:\/\/gohike.lv\/%d0%ba%d0%b0%d1%82%d0%b5%d0%b3%d0%be%d1%80%d0%b8%d0%b8-%d1%82%d0%be%d0%b2%d0%b0%d1%80%d0%be%d0%b2\/"},{"@type":"ListItem","position":3,"name":"Lifesystems &#8211; Midge &#8211; DEET nesaturo\u0161s insektu atbaid\u012b\u0161anas l\u012bdzeklis, 100 ml"}]},{"@type":"WebSite","@id":"https:\/\/gohike.lv\/ru\/#website","url":"https:\/\/gohike.lv\/ru\/","name":"GoHike","description":"","publisher":{"@id":"https:\/\/gohike.lv\/ru\/#organization"},"potentialAction":[{"@type":"SearchAction","target":{"@type":"EntryPoint","urlTemplate":"https:\/\/gohike.lv\/ru\/?s={search_term_string}"},"query-input":{"@type":"PropertyValueSpecification","valueRequired":true,"valueName":"search_term_string"}}],"inLanguage":"ru-RU"},{"@type":"Organization","@id":"https:\/\/gohike.lv\/ru\/#organization","name":"GoHike","url":"https:\/\/gohike.lv\/ru\/","logo":{"@type":"ImageObject","inLanguage":"ru-RU","@id":"https:\/\/gohike.lv\/ru\/#\/schema\/logo\/image\/","url":"https:\/\/gohike.lv\/wp-content\/uploads\/2023\/08\/Logo_GoHike.webp","contentUrl":"https:\/\/gohike.lv\/wp-content\/uploads\/2023\/08\/Logo_GoHike.webp","width":512,"height":512,"caption":"GoHike"},"image":{"@id":"https:\/\/gohike.lv\/ru\/#\/schema\/logo\/image\/"},"sameAs":["https:\/\/www.facebook.com\/gohike.shop\/","https:\/\/www.instagram.com\/gohike.shop\/"]}]}},"jetpack_sharing_enabled":true,"_links":{"self":[{"href":"https:\/\/gohike.lv\/ru\/wp-json\/wp\/v2\/product\/66667","targetHints":{"allow":["GET"]}}],"collection":[{"href":"https:\/\/gohike.lv\/ru\/wp-json\/wp\/v2\/product"}],"about":[{"href":"https:\/\/gohike.lv\/ru\/wp-json\/wp\/v2\/types\/product"}],"version-history":[{"count":0,"href":"https:\/\/gohike.lv\/ru\/wp-json\/wp\/v2\/product\/66667\/revisions"}],"wp:featuredmedia":[{"embeddable":true,"href":"https:\/\/gohike.lv\/ru\/wp-json\/wp\/v2\/media\/66472"}],"wp:attachment":[{"href":"https:\/\/gohike.lv\/ru\/wp-json\/wp\/v2\/media?parent=66667"}],"wp:term":[{"taxonomy":"product_brand","embeddable":true,"href":"https:\/\/gohike.lv\/ru\/wp-json\/wp\/v2\/product_brand?post=66667"},{"taxonomy":"product_cat","embeddable":true,"href":"https:\/\/gohike.lv\/ru\/wp-json\/wp\/v2\/product_cat?post=66667"},{"taxonomy":"product_tag","embeddable":true,"href":"https:\/\/gohike.lv\/ru\/wp-json\/wp\/v2\/product_tag?post=66667"}],"curies":[{"name":"wp","href":"https:\/\/api.w.org\/{rel}","templated":true}]}}