{"id":66665,"date":"2025-03-05T12:28:48","date_gmt":"2025-03-05T09:28:48","guid":{"rendered":"https:\/\/gohike.lv\/produkts\/lifesystems-intensity-580-led-galvas-lukturis\/"},"modified":"2025-12-30T17:09:52","modified_gmt":"2025-12-30T14:09:52","slug":"lifesystems-intensity-580-led-galvas-lukturis","status":"publish","type":"product","link":"https:\/\/gohike.lv\/ru\/produkts\/lifesystems-intensity-580-led-galvas-lukturis\/","title":{"rendered":"Lifesystems &#8212; Intensity 580 LED galvas lukturis"},"content":{"rendered":"<p>Lifesystems Intensity 580 LED galvas lukturis ir daudzpus\u012bgs un uzticams apgaismojuma risin\u0101jums \u0101ra aktivit\u0101t\u0113m, nodro\u0161inot l\u012bdz 580 l\u016bmenu spilgtumu ar regul\u0113jamu stara le\u0146\u0137i gan punktveida, gan pl\u016bdapgaismojuma iesp\u0113j\u0101m. Tas ir apr\u012bkots ar uzl\u0101d\u0113jamu Li-Ion akumulatoru \u0113rt\u012bbai, bet ja nepiecie\u0161ams, akumulatora bloku var aizst\u0101t ar 3 x AAA baterij\u0101m k\u0101 rezerves variantu. Ar vair\u0101kiem apgaismojuma re\u017e\u012bmiem, ieskaitot sarkano LED gaismu kartes las\u012b\u0161anai tums\u0101, lietot\u0101ji var \u0101tri piel\u0101got lukturi da\u017e\u0101d\u0101m vid\u0113m, vienlaikus saglab\u0101jot redzam\u012bbu ar\u012b nakt\u012b. T\u0101 IPX6 nov\u0113rt\u0113jums nodro\u0161ina izcilu \u016bdensiztur\u012bbu, padarot to ide\u0101lu ar\u012b lietainos laikapst\u0101k\u013cos.<br \/>\n\u012apa\u0161\u012bbas:<br \/>\n\u2022 l\u012bdz 580 l\u016bmenu spilgtums;<br \/>\n\u2022 regul\u0113jams stara le\u0146\u0137is;<br \/>\n\u2022 CREE balt\u0101s LED diodes un 2 x 5 mm sarkan\u0101s LED diodes;<br \/>\n\u2022 6 apgaismojuma re\u017e\u012bmi;<br \/>\n\u2022 IPX6 \u016bdensiztur\u012bgs korpuss;<br \/>\n\u2022 integr\u0113ts Li-ION 3.7V 1200mAh akumulators;<br \/>\n\u2022 sader\u012bgs ar\u012b ar s\u0101rma baterij\u0101m (3 x AAA LR03);<br \/>\n\u2022 l\u012bdz 8 stundu akumulatora darb\u012bbas laiks.<br \/>\nTehniskie dati:<br \/>\nIzm\u0113ri: 65*45*50 mm;<br \/>\nSvars: 102 g.<\/p>\n","protected":false},"excerpt":{"rendered":"<p>Daudzfunkcion\u0101ls un \u016bdensiztur\u012bgs LED galvas lukturis ar 580 l\u016bmenu spilgtumu un regul\u0113jamu stara le\u0146\u0137i, ide\u0101ls \u0101ra aktivit\u0101t\u0113m jebkuros apst\u0101k\u013cos.<\/p>\n","protected":false},"featured_media":66468,"template":"","meta":[],"product_brand":[1307],"product_cat":[1643],"product_tag":[],"class_list":{"0":"post-66665","1":"product","2":"type-product","3":"status-publish","4":"has-post-thumbnail","6":"product_brand-lifesystems-lv","7":"product_cat-elektronika","8":"pa_izmerscm-6-54-55","9":"pa_produkta-tips-galvas-lukturi","11":"first","12":"instock","13":"taxable","14":"shipping-taxable","15":"purchasable","16":"product-type-simple"},"raw_content":{"name":"Lifesystems - Intensity 580 LED galvas lukturis","description":"Lifesystems Intensity 580 LED galvas lukturis ir daudzpus\u012bgs un uzticams apgaismojuma risin\u0101jums \u0101ra aktivit\u0101t\u0113m, nodro\u0161inot l\u012bdz 580 l\u016bmenu spilgtumu ar regul\u0113jamu stara le\u0146\u0137i gan punktveida, gan pl\u016bdapgaismojuma iesp\u0113j\u0101m. Tas ir apr\u012bkots ar uzl\u0101d\u0113jamu Li-Ion akumulatoru \u0113rt\u012bbai, bet ja nepiecie\u0161ams, akumulatora bloku var aizst\u0101t ar 3 x AAA baterij\u0101m k\u0101 rezerves variantu. Ar vair\u0101kiem apgaismojuma re\u017e\u012bmiem, ieskaitot sarkano LED gaismu kartes las\u012b\u0161anai tums\u0101, lietot\u0101ji var \u0101tri piel\u0101got lukturi da\u017e\u0101d\u0101m vid\u0113m, vienlaikus saglab\u0101jot redzam\u012bbu ar\u012b nakt\u012b. T\u0101 IPX6 nov\u0113rt\u0113jums nodro\u0161ina izcilu \u016bdensiztur\u012bbu, padarot to ide\u0101lu ar\u012b lietainos laikapst\u0101k\u013cos.\n\u012apa\u0161\u012bbas:\n\u2022 l\u012bdz 580 l\u016bmenu spilgtums;\n\u2022 regul\u0113jams stara le\u0146\u0137is;\n\u2022 CREE balt\u0101s LED diodes un 2 x 5 mm sarkan\u0101s LED diodes;\n\u2022 6 apgaismojuma re\u017e\u012bmi;\n\u2022 IPX6 \u016bdensiztur\u012bgs korpuss;\n\u2022 integr\u0113ts Li-ION 3.7V 1200mAh akumulators;\n\u2022 sader\u012bgs ar\u012b ar s\u0101rma baterij\u0101m (3 x AAA LR03);\n\u2022 l\u012bdz 8 stundu akumulatora darb\u012bbas laiks.\nTehniskie dati:\nIzm\u0113ri: 65*45*50 mm;\nSvars: 102 g.","short_description":"Daudzfunkcion\u0101ls un \u016bdensiztur\u012bgs LED galvas lukturis ar 580 l\u016bmenu spilgtumu un regul\u0113jamu stara le\u0146\u0137i, ide\u0101ls \u0101ra aktivit\u0101t\u0113m jebkuros apst\u0101k\u013cos.","status":"publish","sku":"5031863420778","original":66665},"wpml":{"translation_type":1,"has_translations":true,"original":66665,"duplicates":[],"translations":{"lv":66665,"en":66888,"ru":null}},"supplier_id":null,"supplier_sku":"","barcode":null,"atum_controlled":true,"out_stock_date":null,"out_stock_threshold":null,"inheritable":false,"inbound_stock":0,"stock_on_hold":0,"sold_today":0,"sales_last_days":0,"reserved_stock":0,"customer_returns":0,"warehouse_damage":0,"lost_in_post":0,"other_logs":0,"out_stock_days":0,"lost_sales":0,"has_location":false,"update_date":"2025-12-30T14:13:25","atum_locations":[],"atum_stock_status":"instock","restock_status":false,"low_stock_amount":"","sales_update_date":"2025-11-13T14:08:20","calc_backorders":null,"yoast_head":"<!-- This site is optimized with the Yoast SEO plugin v27.3 - https:\/\/yoast.com\/product\/yoast-seo-wordpress\/ -->\n<title>Lifesystems - Intensity 580 LED galvas lukturis<\/title>\n<meta name=\"description\" content=\"Daudzfunkcion\u0101ls un \u016bdensiztur\u012bgs LED galvas lukturis ar 580 l\u016bmenu spilgtumu un regul\u0113jamu stara le\u0146\u0137i, ide\u0101ls \u0101ra aktivit\u0101t\u0113m jebkuros apst\u0101k\u013cos.\" \/>\n<meta name=\"robots\" content=\"index, follow, max-snippet:-1, max-image-preview:large, max-video-preview:-1\" \/>\n<link rel=\"canonical\" href=\"https:\/\/gohike.lv\/ru\/produkts\/lifesystems-intensity-580-led-galvas-lukturis\/\" \/>\n<meta property=\"og:locale\" content=\"ru_RU\" \/>\n<meta property=\"og:type\" content=\"article\" \/>\n<meta property=\"og:title\" content=\"Lifesystems - Intensity 580 LED galvas lukturis\" \/>\n<meta property=\"og:description\" content=\"Daudzfunkcion\u0101ls un \u016bdensiztur\u012bgs LED galvas lukturis ar 580 l\u016bmenu spilgtumu un regul\u0113jamu stara le\u0146\u0137i, ide\u0101ls \u0101ra aktivit\u0101t\u0113m jebkuros apst\u0101k\u013cos.\" \/>\n<meta property=\"og:url\" content=\"https:\/\/gohike.lv\/ru\/produkts\/lifesystems-intensity-580-led-galvas-lukturis\/\" \/>\n<meta property=\"og:site_name\" content=\"GoHike\" \/>\n<meta property=\"article:publisher\" content=\"https:\/\/www.facebook.com\/gohike.shop\/\" \/>\n<meta property=\"article:modified_time\" content=\"2025-12-30T14:09:52+00:00\" \/>\n<meta property=\"og:image\" content=\"https:\/\/gohike.lv\/wp-content\/uploads\/2025\/02\/500torch_.webp\" \/>\n\t<meta property=\"og:image:width\" content=\"900\" \/>\n\t<meta property=\"og:image:height\" content=\"900\" \/>\n\t<meta property=\"og:image:type\" content=\"image\/webp\" \/>\n<meta name=\"twitter:card\" content=\"summary_large_image\" \/>\n<meta name=\"twitter:title\" content=\"Lifesystems - Intensity 580 LED galvas lukturis\" \/>\n<meta name=\"twitter:label1\" content=\"\u041f\u0440\u0438\u043c\u0435\u0440\u043d\u043e\u0435 \u0432\u0440\u0435\u043c\u044f \u0434\u043b\u044f \u0447\u0442\u0435\u043d\u0438\u044f\" \/>\n\t<meta name=\"twitter:data1\" content=\"2 \u043c\u0438\u043d\u0443\u0442\u0430\" \/>\n<script type=\"application\/ld+json\" class=\"yoast-schema-graph\">{\"@context\":\"https:\\\/\\\/schema.org\",\"@graph\":[{\"@type\":[\"WebPage\",\"ItemPage\"],\"@id\":\"https:\\\/\\\/gohike.lv\\\/ru\\\/produkts\\\/lifesystems-intensity-580-led-galvas-lukturis\\\/\",\"url\":\"https:\\\/\\\/gohike.lv\\\/ru\\\/produkts\\\/lifesystems-intensity-580-led-galvas-lukturis\\\/\",\"name\":\"Lifesystems - Intensity 580 LED galvas lukturis\",\"isPartOf\":{\"@id\":\"https:\\\/\\\/gohike.lv\\\/ru\\\/#website\"},\"primaryImageOfPage\":{\"@id\":\"https:\\\/\\\/gohike.lv\\\/ru\\\/produkts\\\/lifesystems-intensity-580-led-galvas-lukturis\\\/#primaryimage\"},\"image\":{\"@id\":\"https:\\\/\\\/gohike.lv\\\/ru\\\/produkts\\\/lifesystems-intensity-580-led-galvas-lukturis\\\/#primaryimage\"},\"thumbnailUrl\":\"https:\\\/\\\/gohike.lv\\\/wp-content\\\/uploads\\\/2025\\\/02\\\/500torch_.webp\",\"datePublished\":\"2025-03-05T09:28:48+00:00\",\"dateModified\":\"2025-12-30T14:09:52+00:00\",\"description\":\"Daudzfunkcion\u0101ls un \u016bdensiztur\u012bgs LED galvas lukturis ar 580 l\u016bmenu spilgtumu un regul\u0113jamu stara le\u0146\u0137i, ide\u0101ls \u0101ra aktivit\u0101t\u0113m jebkuros apst\u0101k\u013cos.\",\"breadcrumb\":{\"@id\":\"https:\\\/\\\/gohike.lv\\\/ru\\\/produkts\\\/lifesystems-intensity-580-led-galvas-lukturis\\\/#breadcrumb\"},\"inLanguage\":\"ru-RU\",\"potentialAction\":[{\"@type\":\"ReadAction\",\"target\":[\"https:\\\/\\\/gohike.lv\\\/ru\\\/produkts\\\/lifesystems-intensity-580-led-galvas-lukturis\\\/\"]}]},{\"@type\":\"ImageObject\",\"inLanguage\":\"ru-RU\",\"@id\":\"https:\\\/\\\/gohike.lv\\\/ru\\\/produkts\\\/lifesystems-intensity-580-led-galvas-lukturis\\\/#primaryimage\",\"url\":\"https:\\\/\\\/gohike.lv\\\/wp-content\\\/uploads\\\/2025\\\/02\\\/500torch_.webp\",\"contentUrl\":\"https:\\\/\\\/gohike.lv\\\/wp-content\\\/uploads\\\/2025\\\/02\\\/500torch_.webp\",\"width\":900,\"height\":900},{\"@type\":\"BreadcrumbList\",\"@id\":\"https:\\\/\\\/gohike.lv\\\/ru\\\/produkts\\\/lifesystems-intensity-580-led-galvas-lukturis\\\/#breadcrumb\",\"itemListElement\":[{\"@type\":\"ListItem\",\"position\":1,\"name\":\"\u0413\u043b\u0430\u0432\u043d\u0430\u044f\",\"item\":\"https:\\\/\\\/gohike.lv\\\/ru\\\/\"},{\"@type\":\"ListItem\",\"position\":2,\"name\":\"\u041a\u0430\u0442\u0435\u0433\u043e\u0440\u0438\u0438 \u0442\u043e\u0432\u0430\u0440\u043e\u0432\",\"item\":\"https:\\\/\\\/gohike.lv\\\/%d0%ba%d0%b0%d1%82%d0%b5%d0%b3%d0%be%d1%80%d0%b8%d0%b8-%d1%82%d0%be%d0%b2%d0%b0%d1%80%d0%be%d0%b2\\\/\"},{\"@type\":\"ListItem\",\"position\":3,\"name\":\"Lifesystems &#8211; Intensity 580 LED galvas lukturis\"}]},{\"@type\":\"WebSite\",\"@id\":\"https:\\\/\\\/gohike.lv\\\/ru\\\/#website\",\"url\":\"https:\\\/\\\/gohike.lv\\\/ru\\\/\",\"name\":\"GoHike\",\"description\":\"\",\"publisher\":{\"@id\":\"https:\\\/\\\/gohike.lv\\\/ru\\\/#organization\"},\"potentialAction\":[{\"@type\":\"SearchAction\",\"target\":{\"@type\":\"EntryPoint\",\"urlTemplate\":\"https:\\\/\\\/gohike.lv\\\/ru\\\/?s={search_term_string}\"},\"query-input\":{\"@type\":\"PropertyValueSpecification\",\"valueRequired\":true,\"valueName\":\"search_term_string\"}}],\"inLanguage\":\"ru-RU\"},{\"@type\":\"Organization\",\"@id\":\"https:\\\/\\\/gohike.lv\\\/ru\\\/#organization\",\"name\":\"GoHike\",\"url\":\"https:\\\/\\\/gohike.lv\\\/ru\\\/\",\"logo\":{\"@type\":\"ImageObject\",\"inLanguage\":\"ru-RU\",\"@id\":\"https:\\\/\\\/gohike.lv\\\/ru\\\/#\\\/schema\\\/logo\\\/image\\\/\",\"url\":\"https:\\\/\\\/gohike.lv\\\/wp-content\\\/uploads\\\/2023\\\/08\\\/Logo_GoHike.webp\",\"contentUrl\":\"https:\\\/\\\/gohike.lv\\\/wp-content\\\/uploads\\\/2023\\\/08\\\/Logo_GoHike.webp\",\"width\":512,\"height\":512,\"caption\":\"GoHike\"},\"image\":{\"@id\":\"https:\\\/\\\/gohike.lv\\\/ru\\\/#\\\/schema\\\/logo\\\/image\\\/\"},\"sameAs\":[\"https:\\\/\\\/www.facebook.com\\\/gohike.shop\\\/\",\"https:\\\/\\\/www.instagram.com\\\/gohike.shop\\\/\"]}]}<\/script>\n<!-- \/ Yoast SEO plugin. -->","yoast_head_json":{"title":"Lifesystems - Intensity 580 LED galvas lukturis","description":"Daudzfunkcion\u0101ls un \u016bdensiztur\u012bgs LED galvas lukturis ar 580 l\u016bmenu spilgtumu un regul\u0113jamu stara le\u0146\u0137i, ide\u0101ls \u0101ra aktivit\u0101t\u0113m jebkuros apst\u0101k\u013cos.","robots":{"index":"index","follow":"follow","max-snippet":"max-snippet:-1","max-image-preview":"max-image-preview:large","max-video-preview":"max-video-preview:-1"},"canonical":"https:\/\/gohike.lv\/ru\/produkts\/lifesystems-intensity-580-led-galvas-lukturis\/","og_locale":"ru_RU","og_type":"article","og_title":"Lifesystems - Intensity 580 LED galvas lukturis","og_description":"Daudzfunkcion\u0101ls un \u016bdensiztur\u012bgs LED galvas lukturis ar 580 l\u016bmenu spilgtumu un regul\u0113jamu stara le\u0146\u0137i, ide\u0101ls \u0101ra aktivit\u0101t\u0113m jebkuros apst\u0101k\u013cos.","og_url":"https:\/\/gohike.lv\/ru\/produkts\/lifesystems-intensity-580-led-galvas-lukturis\/","og_site_name":"GoHike","article_publisher":"https:\/\/www.facebook.com\/gohike.shop\/","article_modified_time":"2025-12-30T14:09:52+00:00","og_image":[{"width":900,"height":900,"url":"https:\/\/gohike.lv\/wp-content\/uploads\/2025\/02\/500torch_.webp","type":"image\/webp"}],"twitter_card":"summary_large_image","twitter_title":"Lifesystems - Intensity 580 LED galvas lukturis","twitter_misc":{"\u041f\u0440\u0438\u043c\u0435\u0440\u043d\u043e\u0435 \u0432\u0440\u0435\u043c\u044f \u0434\u043b\u044f \u0447\u0442\u0435\u043d\u0438\u044f":"2 \u043c\u0438\u043d\u0443\u0442\u0430"},"schema":{"@context":"https:\/\/schema.org","@graph":[{"@type":["WebPage","ItemPage"],"@id":"https:\/\/gohike.lv\/ru\/produkts\/lifesystems-intensity-580-led-galvas-lukturis\/","url":"https:\/\/gohike.lv\/ru\/produkts\/lifesystems-intensity-580-led-galvas-lukturis\/","name":"Lifesystems - Intensity 580 LED galvas lukturis","isPartOf":{"@id":"https:\/\/gohike.lv\/ru\/#website"},"primaryImageOfPage":{"@id":"https:\/\/gohike.lv\/ru\/produkts\/lifesystems-intensity-580-led-galvas-lukturis\/#primaryimage"},"image":{"@id":"https:\/\/gohike.lv\/ru\/produkts\/lifesystems-intensity-580-led-galvas-lukturis\/#primaryimage"},"thumbnailUrl":"https:\/\/gohike.lv\/wp-content\/uploads\/2025\/02\/500torch_.webp","datePublished":"2025-03-05T09:28:48+00:00","dateModified":"2025-12-30T14:09:52+00:00","description":"Daudzfunkcion\u0101ls un \u016bdensiztur\u012bgs LED galvas lukturis ar 580 l\u016bmenu spilgtumu un regul\u0113jamu stara le\u0146\u0137i, ide\u0101ls \u0101ra aktivit\u0101t\u0113m jebkuros apst\u0101k\u013cos.","breadcrumb":{"@id":"https:\/\/gohike.lv\/ru\/produkts\/lifesystems-intensity-580-led-galvas-lukturis\/#breadcrumb"},"inLanguage":"ru-RU","potentialAction":[{"@type":"ReadAction","target":["https:\/\/gohike.lv\/ru\/produkts\/lifesystems-intensity-580-led-galvas-lukturis\/"]}]},{"@type":"ImageObject","inLanguage":"ru-RU","@id":"https:\/\/gohike.lv\/ru\/produkts\/lifesystems-intensity-580-led-galvas-lukturis\/#primaryimage","url":"https:\/\/gohike.lv\/wp-content\/uploads\/2025\/02\/500torch_.webp","contentUrl":"https:\/\/gohike.lv\/wp-content\/uploads\/2025\/02\/500torch_.webp","width":900,"height":900},{"@type":"BreadcrumbList","@id":"https:\/\/gohike.lv\/ru\/produkts\/lifesystems-intensity-580-led-galvas-lukturis\/#breadcrumb","itemListElement":[{"@type":"ListItem","position":1,"name":"\u0413\u043b\u0430\u0432\u043d\u0430\u044f","item":"https:\/\/gohike.lv\/ru\/"},{"@type":"ListItem","position":2,"name":"\u041a\u0430\u0442\u0435\u0433\u043e\u0440\u0438\u0438 \u0442\u043e\u0432\u0430\u0440\u043e\u0432","item":"https:\/\/gohike.lv\/%d0%ba%d0%b0%d1%82%d0%b5%d0%b3%d0%be%d1%80%d0%b8%d0%b8-%d1%82%d0%be%d0%b2%d0%b0%d1%80%d0%be%d0%b2\/"},{"@type":"ListItem","position":3,"name":"Lifesystems &#8211; Intensity 580 LED galvas lukturis"}]},{"@type":"WebSite","@id":"https:\/\/gohike.lv\/ru\/#website","url":"https:\/\/gohike.lv\/ru\/","name":"GoHike","description":"","publisher":{"@id":"https:\/\/gohike.lv\/ru\/#organization"},"potentialAction":[{"@type":"SearchAction","target":{"@type":"EntryPoint","urlTemplate":"https:\/\/gohike.lv\/ru\/?s={search_term_string}"},"query-input":{"@type":"PropertyValueSpecification","valueRequired":true,"valueName":"search_term_string"}}],"inLanguage":"ru-RU"},{"@type":"Organization","@id":"https:\/\/gohike.lv\/ru\/#organization","name":"GoHike","url":"https:\/\/gohike.lv\/ru\/","logo":{"@type":"ImageObject","inLanguage":"ru-RU","@id":"https:\/\/gohike.lv\/ru\/#\/schema\/logo\/image\/","url":"https:\/\/gohike.lv\/wp-content\/uploads\/2023\/08\/Logo_GoHike.webp","contentUrl":"https:\/\/gohike.lv\/wp-content\/uploads\/2023\/08\/Logo_GoHike.webp","width":512,"height":512,"caption":"GoHike"},"image":{"@id":"https:\/\/gohike.lv\/ru\/#\/schema\/logo\/image\/"},"sameAs":["https:\/\/www.facebook.com\/gohike.shop\/","https:\/\/www.instagram.com\/gohike.shop\/"]}]}},"jetpack_sharing_enabled":true,"_links":{"self":[{"href":"https:\/\/gohike.lv\/ru\/wp-json\/wp\/v2\/product\/66665","targetHints":{"allow":["GET"]}}],"collection":[{"href":"https:\/\/gohike.lv\/ru\/wp-json\/wp\/v2\/product"}],"about":[{"href":"https:\/\/gohike.lv\/ru\/wp-json\/wp\/v2\/types\/product"}],"version-history":[{"count":0,"href":"https:\/\/gohike.lv\/ru\/wp-json\/wp\/v2\/product\/66665\/revisions"}],"wp:featuredmedia":[{"embeddable":true,"href":"https:\/\/gohike.lv\/ru\/wp-json\/wp\/v2\/media\/66468"}],"wp:attachment":[{"href":"https:\/\/gohike.lv\/ru\/wp-json\/wp\/v2\/media?parent=66665"}],"wp:term":[{"taxonomy":"product_brand","embeddable":true,"href":"https:\/\/gohike.lv\/ru\/wp-json\/wp\/v2\/product_brand?post=66665"},{"taxonomy":"product_cat","embeddable":true,"href":"https:\/\/gohike.lv\/ru\/wp-json\/wp\/v2\/product_cat?post=66665"},{"taxonomy":"product_tag","embeddable":true,"href":"https:\/\/gohike.lv\/ru\/wp-json\/wp\/v2\/product_tag?post=66665"}],"curies":[{"name":"wp","href":"https:\/\/api.w.org\/{rel}","templated":true}]}}