{"id":66663,"date":"2025-03-05T12:28:48","date_gmt":"2025-03-05T09:28:48","guid":{"rendered":"https:\/\/gohike.lv\/produkts\/lifesystems-intensity-300-led-galvas-lukturis\/"},"modified":"2026-04-03T22:11:04","modified_gmt":"2026-04-03T19:11:04","slug":"lifesystems-intensity-300-led-galvas-lukturis","status":"publish","type":"product","link":"https:\/\/gohike.lv\/ru\/produkts\/lifesystems-intensity-300-led-galvas-lukturis\/","title":{"rendered":"Lifesystems &#8212; Intensity 300 LED galvas lukturis"},"content":{"rendered":"<p>Intensity 300 LED galvas lukturis ir izstr\u0101d\u0101ts izcilai veiktsp\u0113jai un lietot\u0101ja \u0113rt\u012bb\u0101m. Pied\u0101v\u0101jot l\u012bdz 300 l\u016bmenu spilgtumu ar regul\u0113jamu stara le\u0146\u0137i un 6 apgaismojuma re\u017e\u012bmiem, \u0161is galvas lukturis ir ide\u0101li piem\u0113rots pla\u0161am aktivit\u0101\u0161u kl\u0101stam. Tam ir litija jonu uzl\u0101d\u0113jamais akumulators, kas nodro\u0161ina l\u012bdz 2 stundu darb\u012bbu augst\u0101kaj\u0101 iestat\u012bjum\u0101, un tas ir apr\u012bkots gan ar CREE baltaj\u0101m LED diod\u0113m, gan sarkanaj\u0101m LED diod\u0113m nakts apst\u0101k\u013ciem. Vieglais un triecieniztur\u012bgais dizains nodro\u0161ina iztur\u012bbu, un tas ir IPX6 nov\u0113rt\u0113ts, nodro\u0161inot veiksp\u0113ju pat mitros apst\u0101k\u013cos.<br \/>\n\u012apa\u0161\u012bbas:<br \/>\n\u2022 l\u012bdz 300 l\u016bmenu spilgtums;<br \/>\n\u2022 10-65 metru regul\u0113jams stars;<br \/>\n\u2022 CREE balt\u0101s LED diodes un 5 mm sarkan\u0101s LED diodes;<br \/>\n\u2022 6 apgaismojuma re\u017e\u012bmi, ieskaitot SOS mirgo\u0161anu;<br \/>\n\u2022 IPX6 \u016bdensiztur\u012bgs korpuss;<br \/>\n\u2022 atstarojo\u0161a galvas siksna uzlabotai nakts redzam\u012bbai;<br \/>\n\u2022 uzl\u0101d\u0113jams litija jonu akumulators (iek\u013cauts);<br \/>\n\u2022 l\u012bdz 38 stundu akumulatora darb\u012bbas laiks;<br \/>\n\u2022 USB uzl\u0101des kabelis iek\u013cauts;<br \/>\n\u2022 DofE ieteiktais apr\u012bkojums.<br \/>\nTehniskie dati:<br \/>\nSvars: 95 g;<br \/>\nIzm\u0113ri: 56*42*38 mm.<\/p>\n","protected":false},"excerpt":{"rendered":"<p>Augstas veiktsp\u0113jas uzl\u0101d\u0113jams LED galvas lukturis ar 300 l\u016bmenu spilgtumu un 6 apgaismojuma re\u017e\u012bmiem, piem\u0113rots da\u017e\u0101d\u0101m aktivit\u0101t\u0113m.<\/p>\n","protected":false},"featured_media":66464,"template":"","meta":[],"product_brand":[1307],"product_cat":[1643],"product_tag":[],"class_list":{"0":"post-66663","1":"product","2":"type-product","3":"status-publish","4":"has-post-thumbnail","6":"product_brand-lifesystems-lv","7":"product_cat-elektronika","8":"pa_izmerscm-5-64-23-8","9":"pa_produkta-tips-galvas-lukturi","11":"first","12":"instock","13":"taxable","14":"shipping-taxable","15":"purchasable","16":"product-type-simple"},"raw_content":{"name":"Lifesystems - Intensity 300 LED galvas lukturis","description":"Intensity 300 LED galvas lukturis ir izstr\u0101d\u0101ts izcilai veiktsp\u0113jai un lietot\u0101ja \u0113rt\u012bb\u0101m. Pied\u0101v\u0101jot l\u012bdz 300 l\u016bmenu spilgtumu ar regul\u0113jamu stara le\u0146\u0137i un 6 apgaismojuma re\u017e\u012bmiem, \u0161is galvas lukturis ir ide\u0101li piem\u0113rots pla\u0161am aktivit\u0101\u0161u kl\u0101stam. Tam ir litija jonu uzl\u0101d\u0113jamais akumulators, kas nodro\u0161ina l\u012bdz 2 stundu darb\u012bbu augst\u0101kaj\u0101 iestat\u012bjum\u0101, un tas ir apr\u012bkots gan ar CREE baltaj\u0101m LED diod\u0113m, gan sarkanaj\u0101m LED diod\u0113m nakts apst\u0101k\u013ciem. Vieglais un triecieniztur\u012bgais dizains nodro\u0161ina iztur\u012bbu, un tas ir IPX6 nov\u0113rt\u0113ts, nodro\u0161inot veiksp\u0113ju pat mitros apst\u0101k\u013cos.\n\u012apa\u0161\u012bbas:\n\u2022 l\u012bdz 300 l\u016bmenu spilgtums;\n\u2022 10-65 metru regul\u0113jams stars;\n\u2022 CREE balt\u0101s LED diodes un 5 mm sarkan\u0101s LED diodes;\n\u2022 6 apgaismojuma re\u017e\u012bmi, ieskaitot SOS mirgo\u0161anu;\n\u2022 IPX6 \u016bdensiztur\u012bgs korpuss;\n\u2022 atstarojo\u0161a galvas siksna uzlabotai nakts redzam\u012bbai;\n\u2022 uzl\u0101d\u0113jams litija jonu akumulators (iek\u013cauts);\n\u2022 l\u012bdz 38 stundu akumulatora darb\u012bbas laiks;\n\u2022 USB uzl\u0101des kabelis iek\u013cauts;\n\u2022 DofE ieteiktais apr\u012bkojums.\nTehniskie dati:\nSvars: 95 g;\nIzm\u0113ri: 56*42*38 mm.","short_description":"Augstas veiktsp\u0113jas uzl\u0101d\u0113jams LED galvas lukturis ar 300 l\u016bmenu spilgtumu un 6 apgaismojuma re\u017e\u012bmiem, piem\u0113rots da\u017e\u0101d\u0101m aktivit\u0101t\u0113m.","status":"publish","sku":"5031863420761","original":66663},"wpml":{"translation_type":1,"has_translations":true,"original":66663,"duplicates":[],"translations":{"lv":66663,"en":66894,"ru":null}},"supplier_id":null,"supplier_sku":"","barcode":null,"atum_controlled":true,"out_stock_date":null,"out_stock_threshold":null,"inheritable":false,"inbound_stock":0,"stock_on_hold":1,"sold_today":1,"sales_last_days":1,"reserved_stock":0,"customer_returns":0,"warehouse_damage":0,"lost_in_post":0,"other_logs":0,"out_stock_days":0,"lost_sales":0,"has_location":false,"update_date":"2026-04-03T19:11:11","atum_locations":[],"atum_stock_status":"instock","restock_status":false,"low_stock_amount":"","sales_update_date":"2026-04-03T10:00:28","calc_backorders":null,"yoast_head":"<!-- This site is optimized with the Yoast SEO plugin v27.3 - https:\/\/yoast.com\/product\/yoast-seo-wordpress\/ -->\n<title>Lifesystems - Intensity 300 LED galvas lukturis<\/title>\n<meta name=\"description\" content=\"Augstas veiktsp\u0113jas uzl\u0101d\u0113jams LED galvas lukturis ar 300 l\u016bmenu spilgtumu un 6 apgaismojuma re\u017e\u012bmiem, piem\u0113rots da\u017e\u0101d\u0101m aktivit\u0101t\u0113m.\" \/>\n<meta name=\"robots\" content=\"index, follow, max-snippet:-1, max-image-preview:large, max-video-preview:-1\" \/>\n<link rel=\"canonical\" href=\"https:\/\/gohike.lv\/ru\/produkts\/lifesystems-intensity-300-led-galvas-lukturis\/\" \/>\n<meta property=\"og:locale\" content=\"ru_RU\" \/>\n<meta property=\"og:type\" content=\"article\" \/>\n<meta property=\"og:title\" content=\"Lifesystems - Intensity 300 LED galvas lukturis\" \/>\n<meta property=\"og:description\" content=\"Augstas veiktsp\u0113jas uzl\u0101d\u0113jams LED galvas lukturis ar 300 l\u016bmenu spilgtumu un 6 apgaismojuma re\u017e\u012bmiem, piem\u0113rots da\u017e\u0101d\u0101m aktivit\u0101t\u0113m.\" \/>\n<meta property=\"og:url\" content=\"https:\/\/gohike.lv\/ru\/produkts\/lifesystems-intensity-300-led-galvas-lukturis\/\" \/>\n<meta property=\"og:site_name\" content=\"GoHike\" \/>\n<meta property=\"article:publisher\" content=\"https:\/\/www.facebook.com\/gohike.shop\/\" \/>\n<meta property=\"article:modified_time\" content=\"2026-04-03T19:11:04+00:00\" \/>\n<meta property=\"og:image\" content=\"https:\/\/gohike.lv\/wp-content\/uploads\/2025\/02\/300torch_.webp\" \/>\n\t<meta property=\"og:image:width\" content=\"550\" \/>\n\t<meta property=\"og:image:height\" content=\"550\" \/>\n\t<meta property=\"og:image:type\" content=\"image\/webp\" \/>\n<meta name=\"twitter:card\" content=\"summary_large_image\" \/>\n<meta name=\"twitter:title\" content=\"Lifesystems - Intensity 300 LED galvas lukturis\" \/>\n<meta name=\"twitter:label1\" content=\"\u041f\u0440\u0438\u043c\u0435\u0440\u043d\u043e\u0435 \u0432\u0440\u0435\u043c\u044f \u0434\u043b\u044f \u0447\u0442\u0435\u043d\u0438\u044f\" \/>\n\t<meta name=\"twitter:data1\" content=\"2 \u043c\u0438\u043d\u0443\u0442\u0430\" \/>\n<script type=\"application\/ld+json\" class=\"yoast-schema-graph\">{\"@context\":\"https:\\\/\\\/schema.org\",\"@graph\":[{\"@type\":[\"WebPage\",\"ItemPage\"],\"@id\":\"https:\\\/\\\/gohike.lv\\\/ru\\\/produkts\\\/lifesystems-intensity-300-led-galvas-lukturis\\\/\",\"url\":\"https:\\\/\\\/gohike.lv\\\/ru\\\/produkts\\\/lifesystems-intensity-300-led-galvas-lukturis\\\/\",\"name\":\"Lifesystems - Intensity 300 LED galvas lukturis\",\"isPartOf\":{\"@id\":\"https:\\\/\\\/gohike.lv\\\/ru\\\/#website\"},\"primaryImageOfPage\":{\"@id\":\"https:\\\/\\\/gohike.lv\\\/ru\\\/produkts\\\/lifesystems-intensity-300-led-galvas-lukturis\\\/#primaryimage\"},\"image\":{\"@id\":\"https:\\\/\\\/gohike.lv\\\/ru\\\/produkts\\\/lifesystems-intensity-300-led-galvas-lukturis\\\/#primaryimage\"},\"thumbnailUrl\":\"https:\\\/\\\/gohike.lv\\\/wp-content\\\/uploads\\\/2025\\\/02\\\/300torch_.webp\",\"datePublished\":\"2025-03-05T09:28:48+00:00\",\"dateModified\":\"2026-04-03T19:11:04+00:00\",\"description\":\"Augstas veiktsp\u0113jas uzl\u0101d\u0113jams LED galvas lukturis ar 300 l\u016bmenu spilgtumu un 6 apgaismojuma re\u017e\u012bmiem, piem\u0113rots da\u017e\u0101d\u0101m aktivit\u0101t\u0113m.\",\"breadcrumb\":{\"@id\":\"https:\\\/\\\/gohike.lv\\\/ru\\\/produkts\\\/lifesystems-intensity-300-led-galvas-lukturis\\\/#breadcrumb\"},\"inLanguage\":\"ru-RU\",\"potentialAction\":[{\"@type\":\"ReadAction\",\"target\":[\"https:\\\/\\\/gohike.lv\\\/ru\\\/produkts\\\/lifesystems-intensity-300-led-galvas-lukturis\\\/\"]}]},{\"@type\":\"ImageObject\",\"inLanguage\":\"ru-RU\",\"@id\":\"https:\\\/\\\/gohike.lv\\\/ru\\\/produkts\\\/lifesystems-intensity-300-led-galvas-lukturis\\\/#primaryimage\",\"url\":\"https:\\\/\\\/gohike.lv\\\/wp-content\\\/uploads\\\/2025\\\/02\\\/300torch_.webp\",\"contentUrl\":\"https:\\\/\\\/gohike.lv\\\/wp-content\\\/uploads\\\/2025\\\/02\\\/300torch_.webp\",\"width\":550,\"height\":550},{\"@type\":\"BreadcrumbList\",\"@id\":\"https:\\\/\\\/gohike.lv\\\/ru\\\/produkts\\\/lifesystems-intensity-300-led-galvas-lukturis\\\/#breadcrumb\",\"itemListElement\":[{\"@type\":\"ListItem\",\"position\":1,\"name\":\"\u0413\u043b\u0430\u0432\u043d\u0430\u044f\",\"item\":\"https:\\\/\\\/gohike.lv\\\/ru\\\/\"},{\"@type\":\"ListItem\",\"position\":2,\"name\":\"\u041a\u0430\u0442\u0435\u0433\u043e\u0440\u0438\u0438 \u0442\u043e\u0432\u0430\u0440\u043e\u0432\",\"item\":\"https:\\\/\\\/gohike.lv\\\/%d0%ba%d0%b0%d1%82%d0%b5%d0%b3%d0%be%d1%80%d0%b8%d0%b8-%d1%82%d0%be%d0%b2%d0%b0%d1%80%d0%be%d0%b2\\\/\"},{\"@type\":\"ListItem\",\"position\":3,\"name\":\"Lifesystems &#8211; Intensity 300 LED galvas lukturis\"}]},{\"@type\":\"WebSite\",\"@id\":\"https:\\\/\\\/gohike.lv\\\/ru\\\/#website\",\"url\":\"https:\\\/\\\/gohike.lv\\\/ru\\\/\",\"name\":\"GoHike\",\"description\":\"\",\"publisher\":{\"@id\":\"https:\\\/\\\/gohike.lv\\\/ru\\\/#organization\"},\"potentialAction\":[{\"@type\":\"SearchAction\",\"target\":{\"@type\":\"EntryPoint\",\"urlTemplate\":\"https:\\\/\\\/gohike.lv\\\/ru\\\/?s={search_term_string}\"},\"query-input\":{\"@type\":\"PropertyValueSpecification\",\"valueRequired\":true,\"valueName\":\"search_term_string\"}}],\"inLanguage\":\"ru-RU\"},{\"@type\":\"Organization\",\"@id\":\"https:\\\/\\\/gohike.lv\\\/ru\\\/#organization\",\"name\":\"GoHike\",\"url\":\"https:\\\/\\\/gohike.lv\\\/ru\\\/\",\"logo\":{\"@type\":\"ImageObject\",\"inLanguage\":\"ru-RU\",\"@id\":\"https:\\\/\\\/gohike.lv\\\/ru\\\/#\\\/schema\\\/logo\\\/image\\\/\",\"url\":\"https:\\\/\\\/gohike.lv\\\/wp-content\\\/uploads\\\/2023\\\/08\\\/Logo_GoHike.webp\",\"contentUrl\":\"https:\\\/\\\/gohike.lv\\\/wp-content\\\/uploads\\\/2023\\\/08\\\/Logo_GoHike.webp\",\"width\":512,\"height\":512,\"caption\":\"GoHike\"},\"image\":{\"@id\":\"https:\\\/\\\/gohike.lv\\\/ru\\\/#\\\/schema\\\/logo\\\/image\\\/\"},\"sameAs\":[\"https:\\\/\\\/www.facebook.com\\\/gohike.shop\\\/\",\"https:\\\/\\\/www.instagram.com\\\/gohike.shop\\\/\"]}]}<\/script>\n<!-- \/ Yoast SEO plugin. -->","yoast_head_json":{"title":"Lifesystems - Intensity 300 LED galvas lukturis","description":"Augstas veiktsp\u0113jas uzl\u0101d\u0113jams LED galvas lukturis ar 300 l\u016bmenu spilgtumu un 6 apgaismojuma re\u017e\u012bmiem, piem\u0113rots da\u017e\u0101d\u0101m aktivit\u0101t\u0113m.","robots":{"index":"index","follow":"follow","max-snippet":"max-snippet:-1","max-image-preview":"max-image-preview:large","max-video-preview":"max-video-preview:-1"},"canonical":"https:\/\/gohike.lv\/ru\/produkts\/lifesystems-intensity-300-led-galvas-lukturis\/","og_locale":"ru_RU","og_type":"article","og_title":"Lifesystems - Intensity 300 LED galvas lukturis","og_description":"Augstas veiktsp\u0113jas uzl\u0101d\u0113jams LED galvas lukturis ar 300 l\u016bmenu spilgtumu un 6 apgaismojuma re\u017e\u012bmiem, piem\u0113rots da\u017e\u0101d\u0101m aktivit\u0101t\u0113m.","og_url":"https:\/\/gohike.lv\/ru\/produkts\/lifesystems-intensity-300-led-galvas-lukturis\/","og_site_name":"GoHike","article_publisher":"https:\/\/www.facebook.com\/gohike.shop\/","article_modified_time":"2026-04-03T19:11:04+00:00","og_image":[{"width":550,"height":550,"url":"https:\/\/gohike.lv\/wp-content\/uploads\/2025\/02\/300torch_.webp","type":"image\/webp"}],"twitter_card":"summary_large_image","twitter_title":"Lifesystems - Intensity 300 LED galvas lukturis","twitter_misc":{"\u041f\u0440\u0438\u043c\u0435\u0440\u043d\u043e\u0435 \u0432\u0440\u0435\u043c\u044f \u0434\u043b\u044f \u0447\u0442\u0435\u043d\u0438\u044f":"2 \u043c\u0438\u043d\u0443\u0442\u0430"},"schema":{"@context":"https:\/\/schema.org","@graph":[{"@type":["WebPage","ItemPage"],"@id":"https:\/\/gohike.lv\/ru\/produkts\/lifesystems-intensity-300-led-galvas-lukturis\/","url":"https:\/\/gohike.lv\/ru\/produkts\/lifesystems-intensity-300-led-galvas-lukturis\/","name":"Lifesystems - Intensity 300 LED galvas lukturis","isPartOf":{"@id":"https:\/\/gohike.lv\/ru\/#website"},"primaryImageOfPage":{"@id":"https:\/\/gohike.lv\/ru\/produkts\/lifesystems-intensity-300-led-galvas-lukturis\/#primaryimage"},"image":{"@id":"https:\/\/gohike.lv\/ru\/produkts\/lifesystems-intensity-300-led-galvas-lukturis\/#primaryimage"},"thumbnailUrl":"https:\/\/gohike.lv\/wp-content\/uploads\/2025\/02\/300torch_.webp","datePublished":"2025-03-05T09:28:48+00:00","dateModified":"2026-04-03T19:11:04+00:00","description":"Augstas veiktsp\u0113jas uzl\u0101d\u0113jams LED galvas lukturis ar 300 l\u016bmenu spilgtumu un 6 apgaismojuma re\u017e\u012bmiem, piem\u0113rots da\u017e\u0101d\u0101m aktivit\u0101t\u0113m.","breadcrumb":{"@id":"https:\/\/gohike.lv\/ru\/produkts\/lifesystems-intensity-300-led-galvas-lukturis\/#breadcrumb"},"inLanguage":"ru-RU","potentialAction":[{"@type":"ReadAction","target":["https:\/\/gohike.lv\/ru\/produkts\/lifesystems-intensity-300-led-galvas-lukturis\/"]}]},{"@type":"ImageObject","inLanguage":"ru-RU","@id":"https:\/\/gohike.lv\/ru\/produkts\/lifesystems-intensity-300-led-galvas-lukturis\/#primaryimage","url":"https:\/\/gohike.lv\/wp-content\/uploads\/2025\/02\/300torch_.webp","contentUrl":"https:\/\/gohike.lv\/wp-content\/uploads\/2025\/02\/300torch_.webp","width":550,"height":550},{"@type":"BreadcrumbList","@id":"https:\/\/gohike.lv\/ru\/produkts\/lifesystems-intensity-300-led-galvas-lukturis\/#breadcrumb","itemListElement":[{"@type":"ListItem","position":1,"name":"\u0413\u043b\u0430\u0432\u043d\u0430\u044f","item":"https:\/\/gohike.lv\/ru\/"},{"@type":"ListItem","position":2,"name":"\u041a\u0430\u0442\u0435\u0433\u043e\u0440\u0438\u0438 \u0442\u043e\u0432\u0430\u0440\u043e\u0432","item":"https:\/\/gohike.lv\/%d0%ba%d0%b0%d1%82%d0%b5%d0%b3%d0%be%d1%80%d0%b8%d0%b8-%d1%82%d0%be%d0%b2%d0%b0%d1%80%d0%be%d0%b2\/"},{"@type":"ListItem","position":3,"name":"Lifesystems &#8211; Intensity 300 LED galvas lukturis"}]},{"@type":"WebSite","@id":"https:\/\/gohike.lv\/ru\/#website","url":"https:\/\/gohike.lv\/ru\/","name":"GoHike","description":"","publisher":{"@id":"https:\/\/gohike.lv\/ru\/#organization"},"potentialAction":[{"@type":"SearchAction","target":{"@type":"EntryPoint","urlTemplate":"https:\/\/gohike.lv\/ru\/?s={search_term_string}"},"query-input":{"@type":"PropertyValueSpecification","valueRequired":true,"valueName":"search_term_string"}}],"inLanguage":"ru-RU"},{"@type":"Organization","@id":"https:\/\/gohike.lv\/ru\/#organization","name":"GoHike","url":"https:\/\/gohike.lv\/ru\/","logo":{"@type":"ImageObject","inLanguage":"ru-RU","@id":"https:\/\/gohike.lv\/ru\/#\/schema\/logo\/image\/","url":"https:\/\/gohike.lv\/wp-content\/uploads\/2023\/08\/Logo_GoHike.webp","contentUrl":"https:\/\/gohike.lv\/wp-content\/uploads\/2023\/08\/Logo_GoHike.webp","width":512,"height":512,"caption":"GoHike"},"image":{"@id":"https:\/\/gohike.lv\/ru\/#\/schema\/logo\/image\/"},"sameAs":["https:\/\/www.facebook.com\/gohike.shop\/","https:\/\/www.instagram.com\/gohike.shop\/"]}]}},"jetpack_sharing_enabled":true,"_links":{"self":[{"href":"https:\/\/gohike.lv\/ru\/wp-json\/wp\/v2\/product\/66663","targetHints":{"allow":["GET"]}}],"collection":[{"href":"https:\/\/gohike.lv\/ru\/wp-json\/wp\/v2\/product"}],"about":[{"href":"https:\/\/gohike.lv\/ru\/wp-json\/wp\/v2\/types\/product"}],"version-history":[{"count":0,"href":"https:\/\/gohike.lv\/ru\/wp-json\/wp\/v2\/product\/66663\/revisions"}],"wp:featuredmedia":[{"embeddable":true,"href":"https:\/\/gohike.lv\/ru\/wp-json\/wp\/v2\/media\/66464"}],"wp:attachment":[{"href":"https:\/\/gohike.lv\/ru\/wp-json\/wp\/v2\/media?parent=66663"}],"wp:term":[{"taxonomy":"product_brand","embeddable":true,"href":"https:\/\/gohike.lv\/ru\/wp-json\/wp\/v2\/product_brand?post=66663"},{"taxonomy":"product_cat","embeddable":true,"href":"https:\/\/gohike.lv\/ru\/wp-json\/wp\/v2\/product_cat?post=66663"},{"taxonomy":"product_tag","embeddable":true,"href":"https:\/\/gohike.lv\/ru\/wp-json\/wp\/v2\/product_tag?post=66663"}],"curies":[{"name":"wp","href":"https:\/\/api.w.org\/{rel}","templated":true}]}}