{"id":66661,"date":"2025-03-05T12:28:42","date_gmt":"2025-03-05T09:28:42","guid":{"rendered":"https:\/\/gohike.lv\/produkts\/lifesystems-kompass\/"},"modified":"2025-12-30T17:24:25","modified_gmt":"2025-12-30T14:24:25","slug":"lifesystems-kompass","status":"publish","type":"product","link":"https:\/\/gohike.lv\/ru\/produkts\/lifesystems-kompass\/","title":{"rendered":"Lifesystems &#8212; Kompass"},"content":{"rendered":"<p>Kompassam ir 1:25K un 1:50k m\u0113rogs, k\u0101 ar\u012b palielin\u0101mais stikls prec\u012bzam darbam ar kart\u0113m. T\u0101 caursp\u012bd\u012bg\u0101 plastmasas konstrukcija ar\u012b atvieglo t\u0101 lieto\u0161anu ar kart\u0113m. Luminisc\u0113jo\u0161ie mar\u0137ieri un vienm\u0113r\u012bgi rot\u0113jo\u0161\u0101 apmale padara iesp\u0113jamu to izmantot nakts navig\u0101cijai.<br \/>\n\u012apa\u0161\u012bbas:<br \/>\n\u2022\tiztur\u012bgs, prec\u012bzs un viegli nolas\u0101ms;<br \/>\n\u2022\tcaursp\u012bd\u012bga pamatne ar lielu palielin\u0101mo stiklu;<br \/>\n\u2022\tm\u0113rogi \u2013 cm, 1:25 000, 1:50 000;<br \/>\n\u2022\tno\u0146emama, m\u012bksta siksni\u0146a;<br \/>\n\u2022\tluminisc\u0113jo\u0161i mar\u0137ieri nakts navig\u0101cijai;<br \/>\n\u2022\tdeklin\u0101cijas skala kapsulas iek\u0161pus\u0113;<br \/>\n\u2022\torient\u0113\u0161an\u0101s ap\u013ca un tr\u012bsst\u016bra mar\u0137ieri.<br \/>\nTehniskie dati:<br \/>\nSvars: 37 g;<br \/>\nIzm\u0113ri: 115*55*3 mm.<\/p>\n","protected":false},"excerpt":{"rendered":"<p>Kompakts un uzticams kompass ar luminisc\u0113jo\u0161iem mar\u0137ieriem un palielin\u0101mo stiklu, ide\u0101li piem\u0113rots orient\u0113\u0161an\u0101s sportam un p\u0101rg\u0101jieniem.<\/p>\n","protected":false},"featured_media":66460,"template":"","meta":[],"product_brand":[1307],"product_cat":[4140],"product_tag":[],"class_list":{"0":"post-66661","1":"product","2":"type-product","3":"status-publish","4":"has-post-thumbnail","6":"product_brand-lifesystems-lv","7":"product_cat-noderigas-lietas","8":"pa_izmerscm-11-55-50-3","9":"pa_produkta-tips-noderigas-lietas","11":"first","12":"instock","13":"taxable","14":"shipping-taxable","15":"purchasable","16":"product-type-simple"},"raw_content":{"name":"Lifesystems - Kompass","description":"Kompassam ir 1:25K un 1:50k m\u0113rogs, k\u0101 ar\u012b palielin\u0101mais stikls prec\u012bzam darbam ar kart\u0113m. T\u0101 caursp\u012bd\u012bg\u0101 plastmasas konstrukcija ar\u012b atvieglo t\u0101 lieto\u0161anu ar kart\u0113m. Luminisc\u0113jo\u0161ie mar\u0137ieri un vienm\u0113r\u012bgi rot\u0113jo\u0161\u0101 apmale padara iesp\u0113jamu to izmantot nakts navig\u0101cijai.\n\u012apa\u0161\u012bbas:\n\u2022\tiztur\u012bgs, prec\u012bzs un viegli nolas\u0101ms;\n\u2022\tcaursp\u012bd\u012bga pamatne ar lielu palielin\u0101mo stiklu;\n\u2022\tm\u0113rogi \u2013 cm, 1:25 000, 1:50 000;\n\u2022\tno\u0146emama, m\u012bksta siksni\u0146a;\n\u2022\tluminisc\u0113jo\u0161i mar\u0137ieri nakts navig\u0101cijai;\n\u2022\tdeklin\u0101cijas skala kapsulas iek\u0161pus\u0113;\n\u2022\torient\u0113\u0161an\u0101s ap\u013ca un tr\u012bsst\u016bra mar\u0137ieri.\nTehniskie dati:\nSvars: 37 g;\nIzm\u0113ri: 115*55*3 mm.","short_description":"Kompakts un uzticams kompass ar luminisc\u0113jo\u0161iem mar\u0137ieriem un palielin\u0101mo stiklu, ide\u0101li piem\u0113rots orient\u0113\u0161an\u0101s sportam un p\u0101rg\u0101jieniem.","status":"publish","sku":"5031863426312","original":66661},"wpml":{"translation_type":1,"has_translations":true,"original":66661,"duplicates":[],"translations":{"lv":66661,"en":66881,"ru":null}},"supplier_id":null,"supplier_sku":"","barcode":null,"atum_controlled":true,"out_stock_date":null,"out_stock_threshold":null,"inheritable":false,"inbound_stock":0,"stock_on_hold":0,"sold_today":0,"sales_last_days":0,"reserved_stock":0,"customer_returns":0,"warehouse_damage":0,"lost_in_post":0,"other_logs":0,"out_stock_days":0,"lost_sales":0,"has_location":false,"update_date":"2025-12-30T14:30:29","atum_locations":[],"atum_stock_status":"instock","restock_status":false,"low_stock_amount":"","sales_update_date":"2025-11-13T14:08:25","calc_backorders":null,"yoast_head":"<!-- This site is optimized with the Yoast SEO plugin v27.3 - https:\/\/yoast.com\/product\/yoast-seo-wordpress\/ -->\n<title>Lifesystems - Kompass<\/title>\n<meta name=\"description\" content=\"Kompakts un uzticams kompass ar luminisc\u0113jo\u0161iem mar\u0137ieriem un palielin\u0101mo stiklu, ide\u0101li piem\u0113rots orient\u0113\u0161an\u0101s sportam un p\u0101rg\u0101jieniem.\" \/>\n<meta name=\"robots\" content=\"index, follow, max-snippet:-1, max-image-preview:large, max-video-preview:-1\" \/>\n<link rel=\"canonical\" href=\"https:\/\/gohike.lv\/ru\/produkts\/lifesystems-kompass\/\" \/>\n<meta property=\"og:locale\" content=\"ru_RU\" \/>\n<meta property=\"og:type\" content=\"article\" \/>\n<meta property=\"og:title\" content=\"Lifesystems - Kompass\" \/>\n<meta property=\"og:description\" content=\"Kompakts un uzticams kompass ar luminisc\u0113jo\u0161iem mar\u0137ieriem un palielin\u0101mo stiklu, ide\u0101li piem\u0113rots orient\u0113\u0161an\u0101s sportam un p\u0101rg\u0101jieniem.\" \/>\n<meta property=\"og:url\" content=\"https:\/\/gohike.lv\/ru\/produkts\/lifesystems-kompass\/\" \/>\n<meta property=\"og:site_name\" content=\"GoHike\" \/>\n<meta property=\"article:publisher\" content=\"https:\/\/www.facebook.com\/gohike.shop\/\" \/>\n<meta property=\"article:modified_time\" content=\"2025-12-30T14:24:25+00:00\" \/>\n<meta property=\"og:image\" content=\"https:\/\/gohike.lv\/wp-content\/uploads\/2025\/02\/Compass_.webp\" \/>\n\t<meta property=\"og:image:width\" content=\"900\" \/>\n\t<meta property=\"og:image:height\" content=\"900\" \/>\n\t<meta property=\"og:image:type\" content=\"image\/webp\" \/>\n<meta name=\"twitter:card\" content=\"summary_large_image\" \/>\n<meta name=\"twitter:title\" content=\"Lifesystems - Kompass\" \/>\n<meta name=\"twitter:label1\" content=\"\u041f\u0440\u0438\u043c\u0435\u0440\u043d\u043e\u0435 \u0432\u0440\u0435\u043c\u044f \u0434\u043b\u044f \u0447\u0442\u0435\u043d\u0438\u044f\" \/>\n\t<meta name=\"twitter:data1\" content=\"1 \u043c\u0438\u043d\u0443\u0442\u0430\" \/>\n<script type=\"application\/ld+json\" class=\"yoast-schema-graph\">{\"@context\":\"https:\\\/\\\/schema.org\",\"@graph\":[{\"@type\":[\"WebPage\",\"ItemPage\"],\"@id\":\"https:\\\/\\\/gohike.lv\\\/ru\\\/produkts\\\/lifesystems-kompass\\\/\",\"url\":\"https:\\\/\\\/gohike.lv\\\/ru\\\/produkts\\\/lifesystems-kompass\\\/\",\"name\":\"Lifesystems - Kompass\",\"isPartOf\":{\"@id\":\"https:\\\/\\\/gohike.lv\\\/ru\\\/#website\"},\"primaryImageOfPage\":{\"@id\":\"https:\\\/\\\/gohike.lv\\\/ru\\\/produkts\\\/lifesystems-kompass\\\/#primaryimage\"},\"image\":{\"@id\":\"https:\\\/\\\/gohike.lv\\\/ru\\\/produkts\\\/lifesystems-kompass\\\/#primaryimage\"},\"thumbnailUrl\":\"https:\\\/\\\/gohike.lv\\\/wp-content\\\/uploads\\\/2025\\\/02\\\/Compass_.webp\",\"datePublished\":\"2025-03-05T09:28:42+00:00\",\"dateModified\":\"2025-12-30T14:24:25+00:00\",\"description\":\"Kompakts un uzticams kompass ar luminisc\u0113jo\u0161iem mar\u0137ieriem un palielin\u0101mo stiklu, ide\u0101li piem\u0113rots orient\u0113\u0161an\u0101s sportam un p\u0101rg\u0101jieniem.\",\"breadcrumb\":{\"@id\":\"https:\\\/\\\/gohike.lv\\\/ru\\\/produkts\\\/lifesystems-kompass\\\/#breadcrumb\"},\"inLanguage\":\"ru-RU\",\"potentialAction\":[{\"@type\":\"ReadAction\",\"target\":[\"https:\\\/\\\/gohike.lv\\\/ru\\\/produkts\\\/lifesystems-kompass\\\/\"]}]},{\"@type\":\"ImageObject\",\"inLanguage\":\"ru-RU\",\"@id\":\"https:\\\/\\\/gohike.lv\\\/ru\\\/produkts\\\/lifesystems-kompass\\\/#primaryimage\",\"url\":\"https:\\\/\\\/gohike.lv\\\/wp-content\\\/uploads\\\/2025\\\/02\\\/Compass_.webp\",\"contentUrl\":\"https:\\\/\\\/gohike.lv\\\/wp-content\\\/uploads\\\/2025\\\/02\\\/Compass_.webp\",\"width\":900,\"height\":900},{\"@type\":\"BreadcrumbList\",\"@id\":\"https:\\\/\\\/gohike.lv\\\/ru\\\/produkts\\\/lifesystems-kompass\\\/#breadcrumb\",\"itemListElement\":[{\"@type\":\"ListItem\",\"position\":1,\"name\":\"\u0413\u043b\u0430\u0432\u043d\u0430\u044f\",\"item\":\"https:\\\/\\\/gohike.lv\\\/ru\\\/\"},{\"@type\":\"ListItem\",\"position\":2,\"name\":\"\u041a\u0430\u0442\u0435\u0433\u043e\u0440\u0438\u0438 \u0442\u043e\u0432\u0430\u0440\u043e\u0432\",\"item\":\"https:\\\/\\\/gohike.lv\\\/%d0%ba%d0%b0%d1%82%d0%b5%d0%b3%d0%be%d1%80%d0%b8%d0%b8-%d1%82%d0%be%d0%b2%d0%b0%d1%80%d0%be%d0%b2\\\/\"},{\"@type\":\"ListItem\",\"position\":3,\"name\":\"Lifesystems &#8211; Kompass\"}]},{\"@type\":\"WebSite\",\"@id\":\"https:\\\/\\\/gohike.lv\\\/ru\\\/#website\",\"url\":\"https:\\\/\\\/gohike.lv\\\/ru\\\/\",\"name\":\"GoHike\",\"description\":\"\",\"publisher\":{\"@id\":\"https:\\\/\\\/gohike.lv\\\/ru\\\/#organization\"},\"potentialAction\":[{\"@type\":\"SearchAction\",\"target\":{\"@type\":\"EntryPoint\",\"urlTemplate\":\"https:\\\/\\\/gohike.lv\\\/ru\\\/?s={search_term_string}\"},\"query-input\":{\"@type\":\"PropertyValueSpecification\",\"valueRequired\":true,\"valueName\":\"search_term_string\"}}],\"inLanguage\":\"ru-RU\"},{\"@type\":\"Organization\",\"@id\":\"https:\\\/\\\/gohike.lv\\\/ru\\\/#organization\",\"name\":\"GoHike\",\"url\":\"https:\\\/\\\/gohike.lv\\\/ru\\\/\",\"logo\":{\"@type\":\"ImageObject\",\"inLanguage\":\"ru-RU\",\"@id\":\"https:\\\/\\\/gohike.lv\\\/ru\\\/#\\\/schema\\\/logo\\\/image\\\/\",\"url\":\"https:\\\/\\\/gohike.lv\\\/wp-content\\\/uploads\\\/2023\\\/08\\\/Logo_GoHike.webp\",\"contentUrl\":\"https:\\\/\\\/gohike.lv\\\/wp-content\\\/uploads\\\/2023\\\/08\\\/Logo_GoHike.webp\",\"width\":512,\"height\":512,\"caption\":\"GoHike\"},\"image\":{\"@id\":\"https:\\\/\\\/gohike.lv\\\/ru\\\/#\\\/schema\\\/logo\\\/image\\\/\"},\"sameAs\":[\"https:\\\/\\\/www.facebook.com\\\/gohike.shop\\\/\",\"https:\\\/\\\/www.instagram.com\\\/gohike.shop\\\/\"]}]}<\/script>\n<!-- \/ Yoast SEO plugin. -->","yoast_head_json":{"title":"Lifesystems - Kompass","description":"Kompakts un uzticams kompass ar luminisc\u0113jo\u0161iem mar\u0137ieriem un palielin\u0101mo stiklu, ide\u0101li piem\u0113rots orient\u0113\u0161an\u0101s sportam un p\u0101rg\u0101jieniem.","robots":{"index":"index","follow":"follow","max-snippet":"max-snippet:-1","max-image-preview":"max-image-preview:large","max-video-preview":"max-video-preview:-1"},"canonical":"https:\/\/gohike.lv\/ru\/produkts\/lifesystems-kompass\/","og_locale":"ru_RU","og_type":"article","og_title":"Lifesystems - Kompass","og_description":"Kompakts un uzticams kompass ar luminisc\u0113jo\u0161iem mar\u0137ieriem un palielin\u0101mo stiklu, ide\u0101li piem\u0113rots orient\u0113\u0161an\u0101s sportam un p\u0101rg\u0101jieniem.","og_url":"https:\/\/gohike.lv\/ru\/produkts\/lifesystems-kompass\/","og_site_name":"GoHike","article_publisher":"https:\/\/www.facebook.com\/gohike.shop\/","article_modified_time":"2025-12-30T14:24:25+00:00","og_image":[{"width":900,"height":900,"url":"https:\/\/gohike.lv\/wp-content\/uploads\/2025\/02\/Compass_.webp","type":"image\/webp"}],"twitter_card":"summary_large_image","twitter_title":"Lifesystems - Kompass","twitter_misc":{"\u041f\u0440\u0438\u043c\u0435\u0440\u043d\u043e\u0435 \u0432\u0440\u0435\u043c\u044f \u0434\u043b\u044f \u0447\u0442\u0435\u043d\u0438\u044f":"1 \u043c\u0438\u043d\u0443\u0442\u0430"},"schema":{"@context":"https:\/\/schema.org","@graph":[{"@type":["WebPage","ItemPage"],"@id":"https:\/\/gohike.lv\/ru\/produkts\/lifesystems-kompass\/","url":"https:\/\/gohike.lv\/ru\/produkts\/lifesystems-kompass\/","name":"Lifesystems - Kompass","isPartOf":{"@id":"https:\/\/gohike.lv\/ru\/#website"},"primaryImageOfPage":{"@id":"https:\/\/gohike.lv\/ru\/produkts\/lifesystems-kompass\/#primaryimage"},"image":{"@id":"https:\/\/gohike.lv\/ru\/produkts\/lifesystems-kompass\/#primaryimage"},"thumbnailUrl":"https:\/\/gohike.lv\/wp-content\/uploads\/2025\/02\/Compass_.webp","datePublished":"2025-03-05T09:28:42+00:00","dateModified":"2025-12-30T14:24:25+00:00","description":"Kompakts un uzticams kompass ar luminisc\u0113jo\u0161iem mar\u0137ieriem un palielin\u0101mo stiklu, ide\u0101li piem\u0113rots orient\u0113\u0161an\u0101s sportam un p\u0101rg\u0101jieniem.","breadcrumb":{"@id":"https:\/\/gohike.lv\/ru\/produkts\/lifesystems-kompass\/#breadcrumb"},"inLanguage":"ru-RU","potentialAction":[{"@type":"ReadAction","target":["https:\/\/gohike.lv\/ru\/produkts\/lifesystems-kompass\/"]}]},{"@type":"ImageObject","inLanguage":"ru-RU","@id":"https:\/\/gohike.lv\/ru\/produkts\/lifesystems-kompass\/#primaryimage","url":"https:\/\/gohike.lv\/wp-content\/uploads\/2025\/02\/Compass_.webp","contentUrl":"https:\/\/gohike.lv\/wp-content\/uploads\/2025\/02\/Compass_.webp","width":900,"height":900},{"@type":"BreadcrumbList","@id":"https:\/\/gohike.lv\/ru\/produkts\/lifesystems-kompass\/#breadcrumb","itemListElement":[{"@type":"ListItem","position":1,"name":"\u0413\u043b\u0430\u0432\u043d\u0430\u044f","item":"https:\/\/gohike.lv\/ru\/"},{"@type":"ListItem","position":2,"name":"\u041a\u0430\u0442\u0435\u0433\u043e\u0440\u0438\u0438 \u0442\u043e\u0432\u0430\u0440\u043e\u0432","item":"https:\/\/gohike.lv\/%d0%ba%d0%b0%d1%82%d0%b5%d0%b3%d0%be%d1%80%d0%b8%d0%b8-%d1%82%d0%be%d0%b2%d0%b0%d1%80%d0%be%d0%b2\/"},{"@type":"ListItem","position":3,"name":"Lifesystems &#8211; Kompass"}]},{"@type":"WebSite","@id":"https:\/\/gohike.lv\/ru\/#website","url":"https:\/\/gohike.lv\/ru\/","name":"GoHike","description":"","publisher":{"@id":"https:\/\/gohike.lv\/ru\/#organization"},"potentialAction":[{"@type":"SearchAction","target":{"@type":"EntryPoint","urlTemplate":"https:\/\/gohike.lv\/ru\/?s={search_term_string}"},"query-input":{"@type":"PropertyValueSpecification","valueRequired":true,"valueName":"search_term_string"}}],"inLanguage":"ru-RU"},{"@type":"Organization","@id":"https:\/\/gohike.lv\/ru\/#organization","name":"GoHike","url":"https:\/\/gohike.lv\/ru\/","logo":{"@type":"ImageObject","inLanguage":"ru-RU","@id":"https:\/\/gohike.lv\/ru\/#\/schema\/logo\/image\/","url":"https:\/\/gohike.lv\/wp-content\/uploads\/2023\/08\/Logo_GoHike.webp","contentUrl":"https:\/\/gohike.lv\/wp-content\/uploads\/2023\/08\/Logo_GoHike.webp","width":512,"height":512,"caption":"GoHike"},"image":{"@id":"https:\/\/gohike.lv\/ru\/#\/schema\/logo\/image\/"},"sameAs":["https:\/\/www.facebook.com\/gohike.shop\/","https:\/\/www.instagram.com\/gohike.shop\/"]}]}},"jetpack_sharing_enabled":true,"_links":{"self":[{"href":"https:\/\/gohike.lv\/ru\/wp-json\/wp\/v2\/product\/66661","targetHints":{"allow":["GET"]}}],"collection":[{"href":"https:\/\/gohike.lv\/ru\/wp-json\/wp\/v2\/product"}],"about":[{"href":"https:\/\/gohike.lv\/ru\/wp-json\/wp\/v2\/types\/product"}],"version-history":[{"count":0,"href":"https:\/\/gohike.lv\/ru\/wp-json\/wp\/v2\/product\/66661\/revisions"}],"wp:featuredmedia":[{"embeddable":true,"href":"https:\/\/gohike.lv\/ru\/wp-json\/wp\/v2\/media\/66460"}],"wp:attachment":[{"href":"https:\/\/gohike.lv\/ru\/wp-json\/wp\/v2\/media?parent=66661"}],"wp:term":[{"taxonomy":"product_brand","embeddable":true,"href":"https:\/\/gohike.lv\/ru\/wp-json\/wp\/v2\/product_brand?post=66661"},{"taxonomy":"product_cat","embeddable":true,"href":"https:\/\/gohike.lv\/ru\/wp-json\/wp\/v2\/product_cat?post=66661"},{"taxonomy":"product_tag","embeddable":true,"href":"https:\/\/gohike.lv\/ru\/wp-json\/wp\/v2\/product_tag?post=66661"}],"curies":[{"name":"wp","href":"https:\/\/api.w.org\/{rel}","templated":true}]}}