{"id":66659,"date":"2025-03-05T12:28:42","date_gmt":"2025-03-05T09:28:42","guid":{"rendered":"https:\/\/gohike.lv\/produkts\/lifesystems-plaksteri-tulznam\/"},"modified":"2026-03-13T20:21:13","modified_gmt":"2026-03-13T17:21:13","slug":"lifesystems-plaksteri-tulznam","status":"publish","type":"product","link":"https:\/\/gohike.lv\/ru\/produkts\/lifesystems-plaksteri-tulznam\/","title":{"rendered":"Lifesystems &#8212; Pl\u0101ksteri tulzn\u0101m"},"content":{"rendered":"<p>Pl\u0101ksteri tulzn\u0101m ir vienk\u0101r\u0161a, dro\u0161a un uzticama p\u016bsl\u012b\u0161u \u0101rst\u0113\u0161anas metode. Ja j\u016btat, ka veidojas p\u016bslis, vai saprotat, ka jau ir par v\u0113lu, uzkl\u0101jiet \u0161os viegli lietojamos pl\u0101ksterus, sekojot 1,2,3 sist\u0113mai, kas atz\u012bm\u0113ta uz katra pl\u0101kstera. Tie darbojas, lai nov\u0113rstu un aizsarg\u0101tu p\u016bsl\u012b\u0161a vietu no p\u0101rd\u016bruma, izmantojot jaun\u0101ko hidrokolo\u012bda tehnolo\u0123iju, lai akt\u012bvi veicin\u0101tu \u0137erme\u0146a dabisko dz\u012b\u0161anas procesu.<br \/>\n\u012apa\u0161\u012bbas:<br \/>\n\u2022\tiepakojum\u0101 6 gabali;<br \/>\n\u2022\tnesatur lateksu;<br \/>\n\u2022\thidrokolo\u012bda tehnolo\u0123ija;<br \/>\n\u2022\tsterili.<br \/>\nTehniskie dati:<br \/>\nSvars: 15 g;<br \/>\nPl\u0101kstera izm\u0113ri: 75*45 mm.<\/p>\n","protected":false},"excerpt":{"rendered":"<p>Sterili pl\u0101ksteri tulzn\u0101m ar hidrokolo\u012bdu tehnolo\u0123iju, kas veicina dabisku \u0101das dz\u012b\u0161anas procesu.<\/p>\n","protected":false},"featured_media":76197,"template":"","meta":[],"product_brand":[1307],"product_cat":[1315],"product_tag":[],"class_list":{"0":"post-66659","1":"product","2":"type-product","3":"status-publish","4":"has-post-thumbnail","6":"product_brand-lifesystems-lv","7":"product_cat-silditaji-un-aptiecinas","8":"pa_izmerscm-7-54-5","9":"pa_produkta-tips-aptiecinas","11":"first","12":"instock","13":"taxable","14":"shipping-taxable","15":"purchasable","16":"product-type-simple"},"raw_content":{"name":"Lifesystems - Pl\u0101ksteri tulzn\u0101m","description":"Pl\u0101ksteri tulzn\u0101m ir vienk\u0101r\u0161a, dro\u0161a un uzticama p\u016bsl\u012b\u0161u \u0101rst\u0113\u0161anas metode. Ja j\u016btat, ka veidojas p\u016bslis, vai saprotat, ka jau ir par v\u0113lu, uzkl\u0101jiet \u0161os viegli lietojamos pl\u0101ksterus, sekojot 1,2,3 sist\u0113mai, kas atz\u012bm\u0113ta uz katra pl\u0101kstera. Tie darbojas, lai nov\u0113rstu un aizsarg\u0101tu p\u016bsl\u012b\u0161a vietu no p\u0101rd\u016bruma, izmantojot jaun\u0101ko hidrokolo\u012bda tehnolo\u0123iju, lai akt\u012bvi veicin\u0101tu \u0137erme\u0146a dabisko dz\u012b\u0161anas procesu.\n\u012apa\u0161\u012bbas:\n\u2022\tiepakojum\u0101 6 gabali;\n\u2022\tnesatur lateksu;\n\u2022\thidrokolo\u012bda tehnolo\u0123ija;\n\u2022\tsterili.\nTehniskie dati:\nSvars: 15 g;\nPl\u0101kstera izm\u0113ri: 75*45 mm.","short_description":"Sterili pl\u0101ksteri tulzn\u0101m ar hidrokolo\u012bdu tehnolo\u0123iju, kas veicina dabisku \u0101das dz\u012b\u0161anas procesu.","status":"publish","sku":"5031863203746","original":66659},"wpml":{"translation_type":1,"has_translations":true,"original":66659,"duplicates":[],"translations":{"lv":66659,"en":66884,"ru":null}},"supplier_id":null,"supplier_sku":"","barcode":null,"atum_controlled":true,"out_stock_date":null,"out_stock_threshold":null,"inheritable":false,"inbound_stock":0,"stock_on_hold":0,"sold_today":0,"sales_last_days":0,"reserved_stock":0,"customer_returns":0,"warehouse_damage":0,"lost_in_post":0,"other_logs":0,"out_stock_days":0,"lost_sales":0,"has_location":false,"update_date":"2026-03-13T17:21:15","atum_locations":[],"atum_stock_status":"instock","restock_status":false,"low_stock_amount":"","sales_update_date":"2025-11-13T14:08:58","calc_backorders":null,"yoast_head":"<!-- This site is optimized with the Yoast SEO plugin v27.3 - https:\/\/yoast.com\/product\/yoast-seo-wordpress\/ -->\n<title>Lifesystems - Pl\u0101ksteri tulzn\u0101m<\/title>\n<meta name=\"description\" content=\"Sterili pl\u0101ksteri tulzn\u0101m ar hidrokolo\u012bdu tehnolo\u0123iju, kas veicina dabisku \u0101das dz\u012b\u0161anas procesu.\" \/>\n<meta name=\"robots\" content=\"index, follow, max-snippet:-1, max-image-preview:large, max-video-preview:-1\" \/>\n<link rel=\"canonical\" href=\"https:\/\/gohike.lv\/ru\/produkts\/lifesystems-plaksteri-tulznam\/\" \/>\n<meta property=\"og:locale\" content=\"ru_RU\" \/>\n<meta property=\"og:type\" content=\"article\" \/>\n<meta property=\"og:title\" content=\"Lifesystems - Pl\u0101ksteri tulzn\u0101m\" \/>\n<meta property=\"og:description\" content=\"Sterili pl\u0101ksteri tulzn\u0101m ar hidrokolo\u012bdu tehnolo\u0123iju, kas veicina dabisku \u0101das dz\u012b\u0161anas procesu.\" \/>\n<meta property=\"og:url\" content=\"https:\/\/gohike.lv\/ru\/produkts\/lifesystems-plaksteri-tulznam\/\" \/>\n<meta property=\"og:site_name\" content=\"GoHike\" \/>\n<meta property=\"article:publisher\" content=\"https:\/\/www.facebook.com\/gohike.shop\/\" \/>\n<meta property=\"article:modified_time\" content=\"2026-03-13T17:21:13+00:00\" \/>\n<meta property=\"og:image\" content=\"https:\/\/gohike.lv\/wp-content\/uploads\/2025\/03\/BlistersPack2.jpg\" \/>\n\t<meta property=\"og:image:width\" content=\"1200\" \/>\n\t<meta property=\"og:image:height\" content=\"1200\" \/>\n\t<meta property=\"og:image:type\" content=\"image\/jpeg\" \/>\n<meta name=\"twitter:card\" content=\"summary_large_image\" \/>\n<meta name=\"twitter:title\" content=\"Lifesystems - Pl\u0101ksteri tulzn\u0101m\" \/>\n<meta name=\"twitter:label1\" content=\"\u041f\u0440\u0438\u043c\u0435\u0440\u043d\u043e\u0435 \u0432\u0440\u0435\u043c\u044f \u0434\u043b\u044f \u0447\u0442\u0435\u043d\u0438\u044f\" \/>\n\t<meta name=\"twitter:data1\" content=\"1 \u043c\u0438\u043d\u0443\u0442\u0430\" \/>\n<script type=\"application\/ld+json\" class=\"yoast-schema-graph\">{\"@context\":\"https:\\\/\\\/schema.org\",\"@graph\":[{\"@type\":[\"WebPage\",\"ItemPage\"],\"@id\":\"https:\\\/\\\/gohike.lv\\\/ru\\\/produkts\\\/lifesystems-plaksteri-tulznam\\\/\",\"url\":\"https:\\\/\\\/gohike.lv\\\/ru\\\/produkts\\\/lifesystems-plaksteri-tulznam\\\/\",\"name\":\"Lifesystems - Pl\u0101ksteri tulzn\u0101m\",\"isPartOf\":{\"@id\":\"https:\\\/\\\/gohike.lv\\\/ru\\\/#website\"},\"primaryImageOfPage\":{\"@id\":\"https:\\\/\\\/gohike.lv\\\/ru\\\/produkts\\\/lifesystems-plaksteri-tulznam\\\/#primaryimage\"},\"image\":{\"@id\":\"https:\\\/\\\/gohike.lv\\\/ru\\\/produkts\\\/lifesystems-plaksteri-tulznam\\\/#primaryimage\"},\"thumbnailUrl\":\"https:\\\/\\\/gohike.lv\\\/wp-content\\\/uploads\\\/2025\\\/03\\\/BlistersPack2.jpg\",\"datePublished\":\"2025-03-05T09:28:42+00:00\",\"dateModified\":\"2026-03-13T17:21:13+00:00\",\"description\":\"Sterili pl\u0101ksteri tulzn\u0101m ar hidrokolo\u012bdu tehnolo\u0123iju, kas veicina dabisku \u0101das dz\u012b\u0161anas procesu.\",\"breadcrumb\":{\"@id\":\"https:\\\/\\\/gohike.lv\\\/ru\\\/produkts\\\/lifesystems-plaksteri-tulznam\\\/#breadcrumb\"},\"inLanguage\":\"ru-RU\",\"potentialAction\":[{\"@type\":\"ReadAction\",\"target\":[\"https:\\\/\\\/gohike.lv\\\/ru\\\/produkts\\\/lifesystems-plaksteri-tulznam\\\/\"]}]},{\"@type\":\"ImageObject\",\"inLanguage\":\"ru-RU\",\"@id\":\"https:\\\/\\\/gohike.lv\\\/ru\\\/produkts\\\/lifesystems-plaksteri-tulznam\\\/#primaryimage\",\"url\":\"https:\\\/\\\/gohike.lv\\\/wp-content\\\/uploads\\\/2025\\\/03\\\/BlistersPack2.jpg\",\"contentUrl\":\"https:\\\/\\\/gohike.lv\\\/wp-content\\\/uploads\\\/2025\\\/03\\\/BlistersPack2.jpg\",\"width\":1200,\"height\":1200},{\"@type\":\"BreadcrumbList\",\"@id\":\"https:\\\/\\\/gohike.lv\\\/ru\\\/produkts\\\/lifesystems-plaksteri-tulznam\\\/#breadcrumb\",\"itemListElement\":[{\"@type\":\"ListItem\",\"position\":1,\"name\":\"\u0413\u043b\u0430\u0432\u043d\u0430\u044f\",\"item\":\"https:\\\/\\\/gohike.lv\\\/ru\\\/\"},{\"@type\":\"ListItem\",\"position\":2,\"name\":\"\u041a\u0430\u0442\u0435\u0433\u043e\u0440\u0438\u0438 \u0442\u043e\u0432\u0430\u0440\u043e\u0432\",\"item\":\"https:\\\/\\\/gohike.lv\\\/%d0%ba%d0%b0%d1%82%d0%b5%d0%b3%d0%be%d1%80%d0%b8%d0%b8-%d1%82%d0%be%d0%b2%d0%b0%d1%80%d0%be%d0%b2\\\/\"},{\"@type\":\"ListItem\",\"position\":3,\"name\":\"Lifesystems &#8211; Pl\u0101ksteri tulzn\u0101m\"}]},{\"@type\":\"WebSite\",\"@id\":\"https:\\\/\\\/gohike.lv\\\/ru\\\/#website\",\"url\":\"https:\\\/\\\/gohike.lv\\\/ru\\\/\",\"name\":\"GoHike\",\"description\":\"\",\"publisher\":{\"@id\":\"https:\\\/\\\/gohike.lv\\\/ru\\\/#organization\"},\"potentialAction\":[{\"@type\":\"SearchAction\",\"target\":{\"@type\":\"EntryPoint\",\"urlTemplate\":\"https:\\\/\\\/gohike.lv\\\/ru\\\/?s={search_term_string}\"},\"query-input\":{\"@type\":\"PropertyValueSpecification\",\"valueRequired\":true,\"valueName\":\"search_term_string\"}}],\"inLanguage\":\"ru-RU\"},{\"@type\":\"Organization\",\"@id\":\"https:\\\/\\\/gohike.lv\\\/ru\\\/#organization\",\"name\":\"GoHike\",\"url\":\"https:\\\/\\\/gohike.lv\\\/ru\\\/\",\"logo\":{\"@type\":\"ImageObject\",\"inLanguage\":\"ru-RU\",\"@id\":\"https:\\\/\\\/gohike.lv\\\/ru\\\/#\\\/schema\\\/logo\\\/image\\\/\",\"url\":\"https:\\\/\\\/gohike.lv\\\/wp-content\\\/uploads\\\/2023\\\/08\\\/Logo_GoHike.webp\",\"contentUrl\":\"https:\\\/\\\/gohike.lv\\\/wp-content\\\/uploads\\\/2023\\\/08\\\/Logo_GoHike.webp\",\"width\":512,\"height\":512,\"caption\":\"GoHike\"},\"image\":{\"@id\":\"https:\\\/\\\/gohike.lv\\\/ru\\\/#\\\/schema\\\/logo\\\/image\\\/\"},\"sameAs\":[\"https:\\\/\\\/www.facebook.com\\\/gohike.shop\\\/\",\"https:\\\/\\\/www.instagram.com\\\/gohike.shop\\\/\"]}]}<\/script>\n<!-- \/ Yoast SEO plugin. -->","yoast_head_json":{"title":"Lifesystems - Pl\u0101ksteri tulzn\u0101m","description":"Sterili pl\u0101ksteri tulzn\u0101m ar hidrokolo\u012bdu tehnolo\u0123iju, kas veicina dabisku \u0101das dz\u012b\u0161anas procesu.","robots":{"index":"index","follow":"follow","max-snippet":"max-snippet:-1","max-image-preview":"max-image-preview:large","max-video-preview":"max-video-preview:-1"},"canonical":"https:\/\/gohike.lv\/ru\/produkts\/lifesystems-plaksteri-tulznam\/","og_locale":"ru_RU","og_type":"article","og_title":"Lifesystems - Pl\u0101ksteri tulzn\u0101m","og_description":"Sterili pl\u0101ksteri tulzn\u0101m ar hidrokolo\u012bdu tehnolo\u0123iju, kas veicina dabisku \u0101das dz\u012b\u0161anas procesu.","og_url":"https:\/\/gohike.lv\/ru\/produkts\/lifesystems-plaksteri-tulznam\/","og_site_name":"GoHike","article_publisher":"https:\/\/www.facebook.com\/gohike.shop\/","article_modified_time":"2026-03-13T17:21:13+00:00","og_image":[{"width":1200,"height":1200,"url":"https:\/\/gohike.lv\/wp-content\/uploads\/2025\/03\/BlistersPack2.jpg","type":"image\/jpeg"}],"twitter_card":"summary_large_image","twitter_title":"Lifesystems - Pl\u0101ksteri tulzn\u0101m","twitter_misc":{"\u041f\u0440\u0438\u043c\u0435\u0440\u043d\u043e\u0435 \u0432\u0440\u0435\u043c\u044f \u0434\u043b\u044f \u0447\u0442\u0435\u043d\u0438\u044f":"1 \u043c\u0438\u043d\u0443\u0442\u0430"},"schema":{"@context":"https:\/\/schema.org","@graph":[{"@type":["WebPage","ItemPage"],"@id":"https:\/\/gohike.lv\/ru\/produkts\/lifesystems-plaksteri-tulznam\/","url":"https:\/\/gohike.lv\/ru\/produkts\/lifesystems-plaksteri-tulznam\/","name":"Lifesystems - Pl\u0101ksteri tulzn\u0101m","isPartOf":{"@id":"https:\/\/gohike.lv\/ru\/#website"},"primaryImageOfPage":{"@id":"https:\/\/gohike.lv\/ru\/produkts\/lifesystems-plaksteri-tulznam\/#primaryimage"},"image":{"@id":"https:\/\/gohike.lv\/ru\/produkts\/lifesystems-plaksteri-tulznam\/#primaryimage"},"thumbnailUrl":"https:\/\/gohike.lv\/wp-content\/uploads\/2025\/03\/BlistersPack2.jpg","datePublished":"2025-03-05T09:28:42+00:00","dateModified":"2026-03-13T17:21:13+00:00","description":"Sterili pl\u0101ksteri tulzn\u0101m ar hidrokolo\u012bdu tehnolo\u0123iju, kas veicina dabisku \u0101das dz\u012b\u0161anas procesu.","breadcrumb":{"@id":"https:\/\/gohike.lv\/ru\/produkts\/lifesystems-plaksteri-tulznam\/#breadcrumb"},"inLanguage":"ru-RU","potentialAction":[{"@type":"ReadAction","target":["https:\/\/gohike.lv\/ru\/produkts\/lifesystems-plaksteri-tulznam\/"]}]},{"@type":"ImageObject","inLanguage":"ru-RU","@id":"https:\/\/gohike.lv\/ru\/produkts\/lifesystems-plaksteri-tulznam\/#primaryimage","url":"https:\/\/gohike.lv\/wp-content\/uploads\/2025\/03\/BlistersPack2.jpg","contentUrl":"https:\/\/gohike.lv\/wp-content\/uploads\/2025\/03\/BlistersPack2.jpg","width":1200,"height":1200},{"@type":"BreadcrumbList","@id":"https:\/\/gohike.lv\/ru\/produkts\/lifesystems-plaksteri-tulznam\/#breadcrumb","itemListElement":[{"@type":"ListItem","position":1,"name":"\u0413\u043b\u0430\u0432\u043d\u0430\u044f","item":"https:\/\/gohike.lv\/ru\/"},{"@type":"ListItem","position":2,"name":"\u041a\u0430\u0442\u0435\u0433\u043e\u0440\u0438\u0438 \u0442\u043e\u0432\u0430\u0440\u043e\u0432","item":"https:\/\/gohike.lv\/%d0%ba%d0%b0%d1%82%d0%b5%d0%b3%d0%be%d1%80%d0%b8%d0%b8-%d1%82%d0%be%d0%b2%d0%b0%d1%80%d0%be%d0%b2\/"},{"@type":"ListItem","position":3,"name":"Lifesystems &#8211; Pl\u0101ksteri tulzn\u0101m"}]},{"@type":"WebSite","@id":"https:\/\/gohike.lv\/ru\/#website","url":"https:\/\/gohike.lv\/ru\/","name":"GoHike","description":"","publisher":{"@id":"https:\/\/gohike.lv\/ru\/#organization"},"potentialAction":[{"@type":"SearchAction","target":{"@type":"EntryPoint","urlTemplate":"https:\/\/gohike.lv\/ru\/?s={search_term_string}"},"query-input":{"@type":"PropertyValueSpecification","valueRequired":true,"valueName":"search_term_string"}}],"inLanguage":"ru-RU"},{"@type":"Organization","@id":"https:\/\/gohike.lv\/ru\/#organization","name":"GoHike","url":"https:\/\/gohike.lv\/ru\/","logo":{"@type":"ImageObject","inLanguage":"ru-RU","@id":"https:\/\/gohike.lv\/ru\/#\/schema\/logo\/image\/","url":"https:\/\/gohike.lv\/wp-content\/uploads\/2023\/08\/Logo_GoHike.webp","contentUrl":"https:\/\/gohike.lv\/wp-content\/uploads\/2023\/08\/Logo_GoHike.webp","width":512,"height":512,"caption":"GoHike"},"image":{"@id":"https:\/\/gohike.lv\/ru\/#\/schema\/logo\/image\/"},"sameAs":["https:\/\/www.facebook.com\/gohike.shop\/","https:\/\/www.instagram.com\/gohike.shop\/"]}]}},"jetpack_sharing_enabled":true,"_links":{"self":[{"href":"https:\/\/gohike.lv\/ru\/wp-json\/wp\/v2\/product\/66659","targetHints":{"allow":["GET"]}}],"collection":[{"href":"https:\/\/gohike.lv\/ru\/wp-json\/wp\/v2\/product"}],"about":[{"href":"https:\/\/gohike.lv\/ru\/wp-json\/wp\/v2\/types\/product"}],"version-history":[{"count":1,"href":"https:\/\/gohike.lv\/ru\/wp-json\/wp\/v2\/product\/66659\/revisions"}],"predecessor-version":[{"id":118981,"href":"https:\/\/gohike.lv\/ru\/wp-json\/wp\/v2\/product\/66659\/revisions\/118981"}],"wp:featuredmedia":[{"embeddable":true,"href":"https:\/\/gohike.lv\/ru\/wp-json\/wp\/v2\/media\/76197"}],"wp:attachment":[{"href":"https:\/\/gohike.lv\/ru\/wp-json\/wp\/v2\/media?parent=66659"}],"wp:term":[{"taxonomy":"product_brand","embeddable":true,"href":"https:\/\/gohike.lv\/ru\/wp-json\/wp\/v2\/product_brand?post=66659"},{"taxonomy":"product_cat","embeddable":true,"href":"https:\/\/gohike.lv\/ru\/wp-json\/wp\/v2\/product_cat?post=66659"},{"taxonomy":"product_tag","embeddable":true,"href":"https:\/\/gohike.lv\/ru\/wp-json\/wp\/v2\/product_tag?post=66659"}],"curies":[{"name":"wp","href":"https:\/\/api.w.org\/{rel}","templated":true}]}}