{"id":66418,"date":"2025-02-24T10:56:34","date_gmt":"2025-02-24T07:56:34","guid":{"rendered":"https:\/\/gohike.lv\/produkts\/lifeventure-printed-udensmaiss\/"},"modified":"2025-12-30T17:25:01","modified_gmt":"2025-12-30T14:25:01","slug":"lifeventure-printed-udensmaiss","status":"publish","type":"product","link":"https:\/\/gohike.lv\/ru\/produkts\/lifeventure-printed-udensmaiss\/","title":{"rendered":"Lifeventure &#8212; Printed &#8212; \u016bdensmaiss 10L-25L"},"content":{"rendered":"<p>Ide\u0101li piem\u0113roti jebkuram ce\u013cojumam, kur\u0101 past\u0101v risks samirkt. Izgatavoti no viegla 50D PU p\u0101rkl\u0101ta auduma ar piln\u012bb\u0101 aizl\u012bm\u0113t\u0101m v\u012bl\u0113m, nodro\u0161inot, ka visas lietas mais\u0101 paliks piln\u012bgi sausas. To pievilc\u012bg\u0101s un spilgtaj\u0101s apdrukas nepaliks nepaman\u012btas un  pal\u012bdz\u0113s Jums viegli atpaz\u012bt savas lietas.<br \/>\nLieto\u0161ana:<br \/>\nsarull\u0113jiet aug\u0161pusi 3 reizes un aizveriet, izmantojot spr\u0101dzi, lai nov\u0113rstu \u016bdens iek\u013c\u016b\u0161anu.<br \/>\n\u012apa\u0161\u012bbas:<br \/>\n\u2022 50D poliestera audums;<br \/>\n\u2022 PU p\u0101rkl\u0101jums ar piln\u012bb\u0101 aizl\u012bm\u0113t\u0101m v\u012bl\u0113m;<br \/>\n\u2022 sarull\u0113jama aug\u0161puse ar klik\u0161\u0137a spr\u0101dzi.<br \/>\nSvars (10L): 53 g;<br \/>\nIzm\u0113ri (10L): 450 x 220 x 173mm.<br \/>\nSvars (25L): 91 g;<br \/>\nIzm\u0113ri (25L): 580 x 310 x 224mm.<\/p>\n","protected":false},"excerpt":{"rendered":"<p>\u016adensiztur\u012bgi maisi ar kr\u0101sain\u0101m un pievilc\u012bg\u0101m apdruk\u0101m, kas pasarg\u0101 j\u016bsu apr\u012bkojumu no mitruma.<\/p>\n","protected":false},"featured_media":66447,"template":"","meta":[],"product_brand":[1308],"product_cat":[1351],"product_tag":[],"class_list":{"0":"post-66418","1":"product","2":"type-product","3":"status-publish","4":"has-post-thumbnail","6":"product_brand-lifeventure-lv","7":"product_cat-udensdrosie-iepakojumi","8":"pa_izmerscm-452217-3","9":"pa_izmerscm-583122-4","10":"pa_produkta-tips-udensdrosie-maisi","11":"pa_tilpums-10l","12":"pa_tilpums-25l","14":"first","15":"instock","16":"purchasable","17":"product-type-variable","18":"has-default-attributes"},"raw_content":{"name":"Lifeventure - Printed - \u016bdensmaiss 10L-25L","description":"Ide\u0101li piem\u0113roti jebkuram ce\u013cojumam, kur\u0101 past\u0101v risks samirkt. Izgatavoti no viegla 50D PU p\u0101rkl\u0101ta auduma ar piln\u012bb\u0101 aizl\u012bm\u0113t\u0101m v\u012bl\u0113m, nodro\u0161inot, ka visas lietas mais\u0101 paliks piln\u012bgi sausas. To pievilc\u012bg\u0101s un spilgtaj\u0101s apdrukas nepaliks nepaman\u012btas un  pal\u012bdz\u0113s Jums viegli atpaz\u012bt savas lietas.\nLieto\u0161ana:\nsarull\u0113jiet aug\u0161pusi 3 reizes un aizveriet, izmantojot spr\u0101dzi, lai nov\u0113rstu \u016bdens iek\u013c\u016b\u0161anu.\n\u012apa\u0161\u012bbas:\n\u2022 50D poliestera audums;\n\u2022 PU p\u0101rkl\u0101jums ar piln\u012bb\u0101 aizl\u012bm\u0113t\u0101m v\u012bl\u0113m;\n\u2022 sarull\u0113jama aug\u0161puse ar klik\u0161\u0137a spr\u0101dzi.\nSvars (10L): 53 g;\nIzm\u0113ri (10L): 450 x 220 x 173mm.\nSvars (25L): 91 g;\nIzm\u0113ri (25L): 580 x 310 x 224mm.","short_description":"\u016adensiztur\u012bgi maisi ar kr\u0101sain\u0101m un pievilc\u012bg\u0101m apdruk\u0101m, kas pasarg\u0101 j\u016bsu apr\u012bkojumu no mitruma.","status":"publish","sku":"lfv9999465","original":66418},"wpml":{"translation_type":1,"has_translations":true,"original":66418,"duplicates":[],"translations":{"lv":66418,"en":66877,"ru":null}},"supplier_id":null,"supplier_sku":"","barcode":null,"atum_controlled":true,"out_stock_date":null,"out_stock_threshold":null,"inheritable":true,"inbound_stock":0,"stock_on_hold":0,"sold_today":0,"sales_last_days":0,"reserved_stock":0,"customer_returns":0,"warehouse_damage":0,"lost_in_post":0,"other_logs":0,"out_stock_days":0,"lost_sales":0,"has_location":false,"update_date":"2025-12-30T14:30:29","atum_locations":[],"atum_stock_status":"instock","restock_status":false,"low_stock_amount":"","sales_update_date":"2025-11-13T14:07:31","calc_backorders":null,"yoast_head":"<!-- This site is optimized with the Yoast SEO plugin v27.3 - https:\/\/yoast.com\/product\/yoast-seo-wordpress\/ -->\n<title>Lifeventure - Printed - \u016bdensmaiss<\/title>\n<meta name=\"description\" content=\"\u016adensiztur\u012bgi maisi ar kr\u0101sain\u0101m un pievilc\u012bg\u0101m apdruk\u0101m, kas pasarg\u0101 j\u016bsu apr\u012bkojumu no mitruma.\" \/>\n<meta name=\"robots\" content=\"index, follow, max-snippet:-1, max-image-preview:large, max-video-preview:-1\" \/>\n<link rel=\"canonical\" href=\"https:\/\/gohike.lv\/ru\/produkts\/lifeventure-printed-udensmaiss\/\" \/>\n<meta property=\"og:locale\" content=\"ru_RU\" \/>\n<meta property=\"og:type\" content=\"article\" \/>\n<meta property=\"og:title\" content=\"Lifeventure - Printed - \u016bdensmaiss\" \/>\n<meta property=\"og:description\" content=\"\u016adensiztur\u012bgi maisi ar kr\u0101sain\u0101m un pievilc\u012bg\u0101m apdruk\u0101m, kas pasarg\u0101 j\u016bsu apr\u012bkojumu no mitruma.\" \/>\n<meta property=\"og:url\" content=\"https:\/\/gohike.lv\/ru\/produkts\/lifeventure-printed-udensmaiss\/\" \/>\n<meta property=\"og:site_name\" content=\"GoHike\" \/>\n<meta property=\"article:publisher\" content=\"https:\/\/www.facebook.com\/gohike.shop\/\" \/>\n<meta property=\"article:modified_time\" content=\"2025-12-30T14:25:01+00:00\" \/>\n<meta property=\"og:image\" content=\"https:\/\/gohike.lv\/wp-content\/uploads\/2025\/02\/Printed10_.webp\" \/>\n\t<meta property=\"og:image:width\" content=\"900\" \/>\n\t<meta property=\"og:image:height\" content=\"900\" \/>\n\t<meta property=\"og:image:type\" content=\"image\/webp\" \/>\n<meta name=\"twitter:card\" content=\"summary_large_image\" \/>\n<meta name=\"twitter:title\" content=\"Lifeventure - Printed - \u016bdensmaiss\" \/>\n<meta name=\"twitter:label1\" content=\"\u041f\u0440\u0438\u043c\u0435\u0440\u043d\u043e\u0435 \u0432\u0440\u0435\u043c\u044f \u0434\u043b\u044f \u0447\u0442\u0435\u043d\u0438\u044f\" \/>\n\t<meta name=\"twitter:data1\" content=\"1 \u043c\u0438\u043d\u0443\u0442\u0430\" \/>\n<script type=\"application\/ld+json\" class=\"yoast-schema-graph\">{\"@context\":\"https:\\\/\\\/schema.org\",\"@graph\":[{\"@type\":[\"WebPage\",\"ItemPage\"],\"@id\":\"https:\\\/\\\/gohike.lv\\\/ru\\\/produkts\\\/lifeventure-printed-udensmaiss\\\/\",\"url\":\"https:\\\/\\\/gohike.lv\\\/ru\\\/produkts\\\/lifeventure-printed-udensmaiss\\\/\",\"name\":\"Lifeventure - Printed - \u016bdensmaiss\",\"isPartOf\":{\"@id\":\"https:\\\/\\\/gohike.lv\\\/ru\\\/#website\"},\"primaryImageOfPage\":{\"@id\":\"https:\\\/\\\/gohike.lv\\\/ru\\\/produkts\\\/lifeventure-printed-udensmaiss\\\/#primaryimage\"},\"image\":{\"@id\":\"https:\\\/\\\/gohike.lv\\\/ru\\\/produkts\\\/lifeventure-printed-udensmaiss\\\/#primaryimage\"},\"thumbnailUrl\":\"https:\\\/\\\/gohike.lv\\\/wp-content\\\/uploads\\\/2025\\\/02\\\/Printed10_.webp\",\"datePublished\":\"2025-02-24T07:56:34+00:00\",\"dateModified\":\"2025-12-30T14:25:01+00:00\",\"description\":\"\u016adensiztur\u012bgi maisi ar kr\u0101sain\u0101m un pievilc\u012bg\u0101m apdruk\u0101m, kas pasarg\u0101 j\u016bsu apr\u012bkojumu no mitruma.\",\"breadcrumb\":{\"@id\":\"https:\\\/\\\/gohike.lv\\\/ru\\\/produkts\\\/lifeventure-printed-udensmaiss\\\/#breadcrumb\"},\"inLanguage\":\"ru-RU\",\"potentialAction\":[{\"@type\":\"ReadAction\",\"target\":[\"https:\\\/\\\/gohike.lv\\\/ru\\\/produkts\\\/lifeventure-printed-udensmaiss\\\/\"]}]},{\"@type\":\"ImageObject\",\"inLanguage\":\"ru-RU\",\"@id\":\"https:\\\/\\\/gohike.lv\\\/ru\\\/produkts\\\/lifeventure-printed-udensmaiss\\\/#primaryimage\",\"url\":\"https:\\\/\\\/gohike.lv\\\/wp-content\\\/uploads\\\/2025\\\/02\\\/Printed10_.webp\",\"contentUrl\":\"https:\\\/\\\/gohike.lv\\\/wp-content\\\/uploads\\\/2025\\\/02\\\/Printed10_.webp\",\"width\":900,\"height\":900},{\"@type\":\"BreadcrumbList\",\"@id\":\"https:\\\/\\\/gohike.lv\\\/ru\\\/produkts\\\/lifeventure-printed-udensmaiss\\\/#breadcrumb\",\"itemListElement\":[{\"@type\":\"ListItem\",\"position\":1,\"name\":\"\u0413\u043b\u0430\u0432\u043d\u0430\u044f\",\"item\":\"https:\\\/\\\/gohike.lv\\\/ru\\\/\"},{\"@type\":\"ListItem\",\"position\":2,\"name\":\"\u041a\u0430\u0442\u0435\u0433\u043e\u0440\u0438\u0438 \u0442\u043e\u0432\u0430\u0440\u043e\u0432\",\"item\":\"https:\\\/\\\/gohike.lv\\\/%d0%ba%d0%b0%d1%82%d0%b5%d0%b3%d0%be%d1%80%d0%b8%d0%b8-%d1%82%d0%be%d0%b2%d0%b0%d1%80%d0%be%d0%b2\\\/\"},{\"@type\":\"ListItem\",\"position\":3,\"name\":\"Lifeventure &#8211; Printed &#8211; \u016bdensmaiss 10L-25L\"}]},{\"@type\":\"WebSite\",\"@id\":\"https:\\\/\\\/gohike.lv\\\/ru\\\/#website\",\"url\":\"https:\\\/\\\/gohike.lv\\\/ru\\\/\",\"name\":\"GoHike\",\"description\":\"\",\"publisher\":{\"@id\":\"https:\\\/\\\/gohike.lv\\\/ru\\\/#organization\"},\"potentialAction\":[{\"@type\":\"SearchAction\",\"target\":{\"@type\":\"EntryPoint\",\"urlTemplate\":\"https:\\\/\\\/gohike.lv\\\/ru\\\/?s={search_term_string}\"},\"query-input\":{\"@type\":\"PropertyValueSpecification\",\"valueRequired\":true,\"valueName\":\"search_term_string\"}}],\"inLanguage\":\"ru-RU\"},{\"@type\":\"Organization\",\"@id\":\"https:\\\/\\\/gohike.lv\\\/ru\\\/#organization\",\"name\":\"GoHike\",\"url\":\"https:\\\/\\\/gohike.lv\\\/ru\\\/\",\"logo\":{\"@type\":\"ImageObject\",\"inLanguage\":\"ru-RU\",\"@id\":\"https:\\\/\\\/gohike.lv\\\/ru\\\/#\\\/schema\\\/logo\\\/image\\\/\",\"url\":\"https:\\\/\\\/gohike.lv\\\/wp-content\\\/uploads\\\/2023\\\/08\\\/Logo_GoHike.webp\",\"contentUrl\":\"https:\\\/\\\/gohike.lv\\\/wp-content\\\/uploads\\\/2023\\\/08\\\/Logo_GoHike.webp\",\"width\":512,\"height\":512,\"caption\":\"GoHike\"},\"image\":{\"@id\":\"https:\\\/\\\/gohike.lv\\\/ru\\\/#\\\/schema\\\/logo\\\/image\\\/\"},\"sameAs\":[\"https:\\\/\\\/www.facebook.com\\\/gohike.shop\\\/\",\"https:\\\/\\\/www.instagram.com\\\/gohike.shop\\\/\"]}]}<\/script>\n<!-- \/ Yoast SEO plugin. -->","yoast_head_json":{"title":"Lifeventure - Printed - \u016bdensmaiss","description":"\u016adensiztur\u012bgi maisi ar kr\u0101sain\u0101m un pievilc\u012bg\u0101m apdruk\u0101m, kas pasarg\u0101 j\u016bsu apr\u012bkojumu no mitruma.","robots":{"index":"index","follow":"follow","max-snippet":"max-snippet:-1","max-image-preview":"max-image-preview:large","max-video-preview":"max-video-preview:-1"},"canonical":"https:\/\/gohike.lv\/ru\/produkts\/lifeventure-printed-udensmaiss\/","og_locale":"ru_RU","og_type":"article","og_title":"Lifeventure - Printed - \u016bdensmaiss","og_description":"\u016adensiztur\u012bgi maisi ar kr\u0101sain\u0101m un pievilc\u012bg\u0101m apdruk\u0101m, kas pasarg\u0101 j\u016bsu apr\u012bkojumu no mitruma.","og_url":"https:\/\/gohike.lv\/ru\/produkts\/lifeventure-printed-udensmaiss\/","og_site_name":"GoHike","article_publisher":"https:\/\/www.facebook.com\/gohike.shop\/","article_modified_time":"2025-12-30T14:25:01+00:00","og_image":[{"width":900,"height":900,"url":"https:\/\/gohike.lv\/wp-content\/uploads\/2025\/02\/Printed10_.webp","type":"image\/webp"}],"twitter_card":"summary_large_image","twitter_title":"Lifeventure - Printed - \u016bdensmaiss","twitter_misc":{"\u041f\u0440\u0438\u043c\u0435\u0440\u043d\u043e\u0435 \u0432\u0440\u0435\u043c\u044f \u0434\u043b\u044f \u0447\u0442\u0435\u043d\u0438\u044f":"1 \u043c\u0438\u043d\u0443\u0442\u0430"},"schema":{"@context":"https:\/\/schema.org","@graph":[{"@type":["WebPage","ItemPage"],"@id":"https:\/\/gohike.lv\/ru\/produkts\/lifeventure-printed-udensmaiss\/","url":"https:\/\/gohike.lv\/ru\/produkts\/lifeventure-printed-udensmaiss\/","name":"Lifeventure - Printed - \u016bdensmaiss","isPartOf":{"@id":"https:\/\/gohike.lv\/ru\/#website"},"primaryImageOfPage":{"@id":"https:\/\/gohike.lv\/ru\/produkts\/lifeventure-printed-udensmaiss\/#primaryimage"},"image":{"@id":"https:\/\/gohike.lv\/ru\/produkts\/lifeventure-printed-udensmaiss\/#primaryimage"},"thumbnailUrl":"https:\/\/gohike.lv\/wp-content\/uploads\/2025\/02\/Printed10_.webp","datePublished":"2025-02-24T07:56:34+00:00","dateModified":"2025-12-30T14:25:01+00:00","description":"\u016adensiztur\u012bgi maisi ar kr\u0101sain\u0101m un pievilc\u012bg\u0101m apdruk\u0101m, kas pasarg\u0101 j\u016bsu apr\u012bkojumu no mitruma.","breadcrumb":{"@id":"https:\/\/gohike.lv\/ru\/produkts\/lifeventure-printed-udensmaiss\/#breadcrumb"},"inLanguage":"ru-RU","potentialAction":[{"@type":"ReadAction","target":["https:\/\/gohike.lv\/ru\/produkts\/lifeventure-printed-udensmaiss\/"]}]},{"@type":"ImageObject","inLanguage":"ru-RU","@id":"https:\/\/gohike.lv\/ru\/produkts\/lifeventure-printed-udensmaiss\/#primaryimage","url":"https:\/\/gohike.lv\/wp-content\/uploads\/2025\/02\/Printed10_.webp","contentUrl":"https:\/\/gohike.lv\/wp-content\/uploads\/2025\/02\/Printed10_.webp","width":900,"height":900},{"@type":"BreadcrumbList","@id":"https:\/\/gohike.lv\/ru\/produkts\/lifeventure-printed-udensmaiss\/#breadcrumb","itemListElement":[{"@type":"ListItem","position":1,"name":"\u0413\u043b\u0430\u0432\u043d\u0430\u044f","item":"https:\/\/gohike.lv\/ru\/"},{"@type":"ListItem","position":2,"name":"\u041a\u0430\u0442\u0435\u0433\u043e\u0440\u0438\u0438 \u0442\u043e\u0432\u0430\u0440\u043e\u0432","item":"https:\/\/gohike.lv\/%d0%ba%d0%b0%d1%82%d0%b5%d0%b3%d0%be%d1%80%d0%b8%d0%b8-%d1%82%d0%be%d0%b2%d0%b0%d1%80%d0%be%d0%b2\/"},{"@type":"ListItem","position":3,"name":"Lifeventure &#8211; Printed &#8211; \u016bdensmaiss 10L-25L"}]},{"@type":"WebSite","@id":"https:\/\/gohike.lv\/ru\/#website","url":"https:\/\/gohike.lv\/ru\/","name":"GoHike","description":"","publisher":{"@id":"https:\/\/gohike.lv\/ru\/#organization"},"potentialAction":[{"@type":"SearchAction","target":{"@type":"EntryPoint","urlTemplate":"https:\/\/gohike.lv\/ru\/?s={search_term_string}"},"query-input":{"@type":"PropertyValueSpecification","valueRequired":true,"valueName":"search_term_string"}}],"inLanguage":"ru-RU"},{"@type":"Organization","@id":"https:\/\/gohike.lv\/ru\/#organization","name":"GoHike","url":"https:\/\/gohike.lv\/ru\/","logo":{"@type":"ImageObject","inLanguage":"ru-RU","@id":"https:\/\/gohike.lv\/ru\/#\/schema\/logo\/image\/","url":"https:\/\/gohike.lv\/wp-content\/uploads\/2023\/08\/Logo_GoHike.webp","contentUrl":"https:\/\/gohike.lv\/wp-content\/uploads\/2023\/08\/Logo_GoHike.webp","width":512,"height":512,"caption":"GoHike"},"image":{"@id":"https:\/\/gohike.lv\/ru\/#\/schema\/logo\/image\/"},"sameAs":["https:\/\/www.facebook.com\/gohike.shop\/","https:\/\/www.instagram.com\/gohike.shop\/"]}]}},"jetpack_sharing_enabled":true,"_links":{"self":[{"href":"https:\/\/gohike.lv\/ru\/wp-json\/wp\/v2\/product\/66418","targetHints":{"allow":["GET"]}}],"collection":[{"href":"https:\/\/gohike.lv\/ru\/wp-json\/wp\/v2\/product"}],"about":[{"href":"https:\/\/gohike.lv\/ru\/wp-json\/wp\/v2\/types\/product"}],"version-history":[{"count":0,"href":"https:\/\/gohike.lv\/ru\/wp-json\/wp\/v2\/product\/66418\/revisions"}],"wp:featuredmedia":[{"embeddable":true,"href":"https:\/\/gohike.lv\/ru\/wp-json\/wp\/v2\/media\/66447"}],"wp:attachment":[{"href":"https:\/\/gohike.lv\/ru\/wp-json\/wp\/v2\/media?parent=66418"}],"wp:term":[{"taxonomy":"product_brand","embeddable":true,"href":"https:\/\/gohike.lv\/ru\/wp-json\/wp\/v2\/product_brand?post=66418"},{"taxonomy":"product_cat","embeddable":true,"href":"https:\/\/gohike.lv\/ru\/wp-json\/wp\/v2\/product_cat?post=66418"},{"taxonomy":"product_tag","embeddable":true,"href":"https:\/\/gohike.lv\/ru\/wp-json\/wp\/v2\/product_tag?post=66418"}],"curies":[{"name":"wp","href":"https:\/\/api.w.org\/{rel}","templated":true}]}}