{"id":66408,"date":"2025-02-24T10:55:57","date_gmt":"2025-02-24T07:55:57","guid":{"rendered":"https:\/\/gohike.lv\/produkts\/lifeventure-storm-udensmaiss\/"},"modified":"2026-01-02T07:52:21","modified_gmt":"2026-01-02T04:52:21","slug":"lifeventure-storm-udensmaiss","status":"publish","type":"product","link":"https:\/\/gohike.lv\/ru\/produkts\/lifeventure-storm-udensmaiss\/","title":{"rendered":"Lifeventure &#8212; Storm \u016bdensmaiss 25L-35L"},"content":{"rendered":"<p>Izgatavoti no augstas iztur\u012bbas ripstop neilona auduma, \u0161ie 420 denier Storm Dry Bags ir \u012bpa\u0161i iztur\u012bgi, nodilumiztur\u012bgi un izstr\u0101d\u0101ti, lai aizsarg\u0101tu apr\u012bkojumu jebkura piedz\u012bvojuma laik\u0101. Ar TPU p\u0101rkl\u0101jumu un piln\u012bb\u0101 aizl\u012bm\u0113t\u0101m v\u012bl\u0113m \u0161ie maisi nodro\u0161in\u0101s, ka p\u0101rg\u0101jiena apr\u012bkojums paliks sauss. Lai tos lietotu, vienk\u0101r\u0161i sarull\u0113jiet aug\u0161pusi 3 reizes un aizveriet, izmantojot Cross spr\u0101dzi, lai nov\u0113rstu \u016bdens iek\u013c\u016b\u0161anu.<br \/>\n\u012apa\u0161\u012bbas:<br \/>\n\u2022 \u012bpa\u0161i iztur\u012bgs 420D ripstop audums;<br \/>\n\u2022 PU p\u0101rkl\u0101jums ar aizl\u012bm\u0113t\u0101m v\u012bl\u0113m;<br \/>\n\u2022 sarull\u0113jama aug\u0161puse ar vieglu spr\u0101dzi;<br \/>\n\u2022 eliptiska forma;<br \/>\n\u2022 15,000 mm hidrostatisk\u0101 spiediena \u016bdensiztur\u012bba.<br \/>\nSvars (25L): 200 g;<br \/>\nIzm\u0113ri (25L): 56.5*42*21.5 cm.<br \/>\nSvars (35L): 250 g;<br \/>\nIzm\u0113ri (35L): 65*48*25 cm.<\/p>\n","protected":false},"excerpt":{"rendered":"<p>Augstas iztur\u012bbas ripstop neilona auduma \u016bdensiztur\u012bgi maisi, kas ir ide\u0101li piem\u0113roti, lai pasarg\u0101tu apr\u012bkojumu no mitruma.<\/p>\n","protected":false},"featured_media":66435,"template":"","meta":[],"product_brand":[1308],"product_cat":[1351],"product_tag":[],"class_list":{"0":"post-66408","1":"product","2":"type-product","3":"status-publish","4":"has-post-thumbnail","6":"product_brand-lifeventure-lv","7":"product_cat-udensdrosie-iepakojumi","8":"pa_izmerscm-56-54221-5","9":"pa_izmerscm-10465","10":"pa_produkta-tips-udensdrosie-maisi","11":"pa_spalva-melns","12":"pa_spalva-sarkans","13":"pa_spalva-zils","14":"pa_tilpums-25l","15":"pa_tilpums-35l","17":"first","18":"instock","19":"purchasable","20":"product-type-variable","21":"has-default-attributes"},"raw_content":{"name":"Lifeventure - Storm \u016bdensmaiss 25L-35L","description":"Izgatavoti no augstas iztur\u012bbas ripstop neilona auduma, \u0161ie 420 denier Storm Dry Bags ir \u012bpa\u0161i iztur\u012bgi, nodilumiztur\u012bgi un izstr\u0101d\u0101ti, lai aizsarg\u0101tu apr\u012bkojumu jebkura piedz\u012bvojuma laik\u0101. Ar TPU p\u0101rkl\u0101jumu un piln\u012bb\u0101 aizl\u012bm\u0113t\u0101m v\u012bl\u0113m \u0161ie maisi nodro\u0161in\u0101s, ka p\u0101rg\u0101jiena apr\u012bkojums paliks sauss. Lai tos lietotu, vienk\u0101r\u0161i sarull\u0113jiet aug\u0161pusi 3 reizes un aizveriet, izmantojot Cross spr\u0101dzi, lai nov\u0113rstu \u016bdens iek\u013c\u016b\u0161anu.\n\u012apa\u0161\u012bbas:\n\u2022 \u012bpa\u0161i iztur\u012bgs 420D ripstop audums;\n\u2022 PU p\u0101rkl\u0101jums ar aizl\u012bm\u0113t\u0101m v\u012bl\u0113m;\n\u2022 sarull\u0113jama aug\u0161puse ar vieglu spr\u0101dzi;\n\u2022 eliptiska forma;\n\u2022 15,000 mm hidrostatisk\u0101 spiediena \u016bdensiztur\u012bba.\nSvars (25L): 200 g;\nIzm\u0113ri (25L): 56.5*42*21.5 cm.\nSvars (35L): 250 g;\nIzm\u0113ri (35L): 65*48*25 cm.","short_description":"Augstas iztur\u012bbas ripstop neilona auduma \u016bdensiztur\u012bgi maisi, kas ir ide\u0101li piem\u0113roti, lai pasarg\u0101tu apr\u012bkojumu no mitruma.","status":"publish","sku":"lfv999946","original":66408},"wpml":{"translation_type":1,"has_translations":true,"original":66408,"duplicates":[],"translations":{"lv":66408,"en":66887,"ru":null}},"supplier_id":null,"supplier_sku":"","barcode":null,"atum_controlled":true,"out_stock_date":null,"out_stock_threshold":null,"inheritable":true,"inbound_stock":0,"stock_on_hold":0,"sold_today":0,"sales_last_days":0,"reserved_stock":0,"customer_returns":0,"warehouse_damage":0,"lost_in_post":0,"other_logs":0,"out_stock_days":0,"lost_sales":0,"has_location":false,"update_date":"2025-12-30T14:30:29","atum_locations":[],"atum_stock_status":"instock","restock_status":false,"low_stock_amount":"","sales_update_date":"2025-11-13T14:07:31","calc_backorders":null,"yoast_head":"<!-- This site is optimized with the Yoast SEO plugin v27.3 - https:\/\/yoast.com\/product\/yoast-seo-wordpress\/ -->\n<title>Lifeventure - Storm \u016bdensmaiss<\/title>\n<meta name=\"description\" content=\"Augstas iztur\u012bbas ripstop neilona auduma \u016bdensiztur\u012bgi maisi, kas ir ide\u0101li piem\u0113roti, lai pasarg\u0101tu apr\u012bkojumu no mitruma.\" \/>\n<meta name=\"robots\" content=\"index, follow, max-snippet:-1, max-image-preview:large, max-video-preview:-1\" \/>\n<link rel=\"canonical\" href=\"https:\/\/gohike.lv\/ru\/produkts\/lifeventure-storm-udensmaiss\/\" \/>\n<meta property=\"og:locale\" content=\"ru_RU\" \/>\n<meta property=\"og:type\" content=\"article\" \/>\n<meta property=\"og:title\" content=\"Lifeventure - Storm \u016bdensmaiss\" \/>\n<meta property=\"og:description\" content=\"Augstas iztur\u012bbas ripstop neilona auduma \u016bdensiztur\u012bgi maisi, kas ir ide\u0101li piem\u0113roti, lai pasarg\u0101tu apr\u012bkojumu no mitruma.\" \/>\n<meta property=\"og:url\" content=\"https:\/\/gohike.lv\/ru\/produkts\/lifeventure-storm-udensmaiss\/\" \/>\n<meta property=\"og:site_name\" content=\"GoHike\" \/>\n<meta property=\"article:publisher\" content=\"https:\/\/www.facebook.com\/gohike.shop\/\" \/>\n<meta property=\"article:modified_time\" content=\"2026-01-02T04:52:21+00:00\" \/>\n<meta property=\"og:image\" content=\"https:\/\/gohike.lv\/wp-content\/uploads\/2025\/02\/StormDrybag_.webp\" \/>\n\t<meta property=\"og:image:width\" content=\"900\" \/>\n\t<meta property=\"og:image:height\" content=\"900\" \/>\n\t<meta property=\"og:image:type\" content=\"image\/webp\" \/>\n<meta name=\"twitter:card\" content=\"summary_large_image\" \/>\n<meta name=\"twitter:title\" content=\"Lifeventure - Storm \u016bdensmaiss\" \/>\n<meta name=\"twitter:label1\" content=\"\u041f\u0440\u0438\u043c\u0435\u0440\u043d\u043e\u0435 \u0432\u0440\u0435\u043c\u044f \u0434\u043b\u044f \u0447\u0442\u0435\u043d\u0438\u044f\" \/>\n\t<meta name=\"twitter:data1\" content=\"1 \u043c\u0438\u043d\u0443\u0442\u0430\" \/>\n<script type=\"application\/ld+json\" class=\"yoast-schema-graph\">{\"@context\":\"https:\\\/\\\/schema.org\",\"@graph\":[{\"@type\":[\"WebPage\",\"ItemPage\"],\"@id\":\"https:\\\/\\\/gohike.lv\\\/ru\\\/produkts\\\/lifeventure-storm-udensmaiss\\\/\",\"url\":\"https:\\\/\\\/gohike.lv\\\/ru\\\/produkts\\\/lifeventure-storm-udensmaiss\\\/\",\"name\":\"Lifeventure - Storm \u016bdensmaiss\",\"isPartOf\":{\"@id\":\"https:\\\/\\\/gohike.lv\\\/ru\\\/#website\"},\"primaryImageOfPage\":{\"@id\":\"https:\\\/\\\/gohike.lv\\\/ru\\\/produkts\\\/lifeventure-storm-udensmaiss\\\/#primaryimage\"},\"image\":{\"@id\":\"https:\\\/\\\/gohike.lv\\\/ru\\\/produkts\\\/lifeventure-storm-udensmaiss\\\/#primaryimage\"},\"thumbnailUrl\":\"https:\\\/\\\/gohike.lv\\\/wp-content\\\/uploads\\\/2025\\\/02\\\/StormDrybag_.webp\",\"datePublished\":\"2025-02-24T07:55:57+00:00\",\"dateModified\":\"2026-01-02T04:52:21+00:00\",\"description\":\"Augstas iztur\u012bbas ripstop neilona auduma \u016bdensiztur\u012bgi maisi, kas ir ide\u0101li piem\u0113roti, lai pasarg\u0101tu apr\u012bkojumu no mitruma.\",\"breadcrumb\":{\"@id\":\"https:\\\/\\\/gohike.lv\\\/ru\\\/produkts\\\/lifeventure-storm-udensmaiss\\\/#breadcrumb\"},\"inLanguage\":\"ru-RU\",\"potentialAction\":[{\"@type\":\"ReadAction\",\"target\":[\"https:\\\/\\\/gohike.lv\\\/ru\\\/produkts\\\/lifeventure-storm-udensmaiss\\\/\"]}]},{\"@type\":\"ImageObject\",\"inLanguage\":\"ru-RU\",\"@id\":\"https:\\\/\\\/gohike.lv\\\/ru\\\/produkts\\\/lifeventure-storm-udensmaiss\\\/#primaryimage\",\"url\":\"https:\\\/\\\/gohike.lv\\\/wp-content\\\/uploads\\\/2025\\\/02\\\/StormDrybag_.webp\",\"contentUrl\":\"https:\\\/\\\/gohike.lv\\\/wp-content\\\/uploads\\\/2025\\\/02\\\/StormDrybag_.webp\",\"width\":900,\"height\":900},{\"@type\":\"BreadcrumbList\",\"@id\":\"https:\\\/\\\/gohike.lv\\\/ru\\\/produkts\\\/lifeventure-storm-udensmaiss\\\/#breadcrumb\",\"itemListElement\":[{\"@type\":\"ListItem\",\"position\":1,\"name\":\"\u0413\u043b\u0430\u0432\u043d\u0430\u044f\",\"item\":\"https:\\\/\\\/gohike.lv\\\/ru\\\/\"},{\"@type\":\"ListItem\",\"position\":2,\"name\":\"\u041a\u0430\u0442\u0435\u0433\u043e\u0440\u0438\u0438 \u0442\u043e\u0432\u0430\u0440\u043e\u0432\",\"item\":\"https:\\\/\\\/gohike.lv\\\/%d0%ba%d0%b0%d1%82%d0%b5%d0%b3%d0%be%d1%80%d0%b8%d0%b8-%d1%82%d0%be%d0%b2%d0%b0%d1%80%d0%be%d0%b2\\\/\"},{\"@type\":\"ListItem\",\"position\":3,\"name\":\"Lifeventure &#8211; Storm \u016bdensmaiss 25L-35L\"}]},{\"@type\":\"WebSite\",\"@id\":\"https:\\\/\\\/gohike.lv\\\/ru\\\/#website\",\"url\":\"https:\\\/\\\/gohike.lv\\\/ru\\\/\",\"name\":\"GoHike\",\"description\":\"\",\"publisher\":{\"@id\":\"https:\\\/\\\/gohike.lv\\\/ru\\\/#organization\"},\"potentialAction\":[{\"@type\":\"SearchAction\",\"target\":{\"@type\":\"EntryPoint\",\"urlTemplate\":\"https:\\\/\\\/gohike.lv\\\/ru\\\/?s={search_term_string}\"},\"query-input\":{\"@type\":\"PropertyValueSpecification\",\"valueRequired\":true,\"valueName\":\"search_term_string\"}}],\"inLanguage\":\"ru-RU\"},{\"@type\":\"Organization\",\"@id\":\"https:\\\/\\\/gohike.lv\\\/ru\\\/#organization\",\"name\":\"GoHike\",\"url\":\"https:\\\/\\\/gohike.lv\\\/ru\\\/\",\"logo\":{\"@type\":\"ImageObject\",\"inLanguage\":\"ru-RU\",\"@id\":\"https:\\\/\\\/gohike.lv\\\/ru\\\/#\\\/schema\\\/logo\\\/image\\\/\",\"url\":\"https:\\\/\\\/gohike.lv\\\/wp-content\\\/uploads\\\/2023\\\/08\\\/Logo_GoHike.webp\",\"contentUrl\":\"https:\\\/\\\/gohike.lv\\\/wp-content\\\/uploads\\\/2023\\\/08\\\/Logo_GoHike.webp\",\"width\":512,\"height\":512,\"caption\":\"GoHike\"},\"image\":{\"@id\":\"https:\\\/\\\/gohike.lv\\\/ru\\\/#\\\/schema\\\/logo\\\/image\\\/\"},\"sameAs\":[\"https:\\\/\\\/www.facebook.com\\\/gohike.shop\\\/\",\"https:\\\/\\\/www.instagram.com\\\/gohike.shop\\\/\"]}]}<\/script>\n<!-- \/ Yoast SEO plugin. -->","yoast_head_json":{"title":"Lifeventure - Storm \u016bdensmaiss","description":"Augstas iztur\u012bbas ripstop neilona auduma \u016bdensiztur\u012bgi maisi, kas ir ide\u0101li piem\u0113roti, lai pasarg\u0101tu apr\u012bkojumu no mitruma.","robots":{"index":"index","follow":"follow","max-snippet":"max-snippet:-1","max-image-preview":"max-image-preview:large","max-video-preview":"max-video-preview:-1"},"canonical":"https:\/\/gohike.lv\/ru\/produkts\/lifeventure-storm-udensmaiss\/","og_locale":"ru_RU","og_type":"article","og_title":"Lifeventure - Storm \u016bdensmaiss","og_description":"Augstas iztur\u012bbas ripstop neilona auduma \u016bdensiztur\u012bgi maisi, kas ir ide\u0101li piem\u0113roti, lai pasarg\u0101tu apr\u012bkojumu no mitruma.","og_url":"https:\/\/gohike.lv\/ru\/produkts\/lifeventure-storm-udensmaiss\/","og_site_name":"GoHike","article_publisher":"https:\/\/www.facebook.com\/gohike.shop\/","article_modified_time":"2026-01-02T04:52:21+00:00","og_image":[{"width":900,"height":900,"url":"https:\/\/gohike.lv\/wp-content\/uploads\/2025\/02\/StormDrybag_.webp","type":"image\/webp"}],"twitter_card":"summary_large_image","twitter_title":"Lifeventure - Storm \u016bdensmaiss","twitter_misc":{"\u041f\u0440\u0438\u043c\u0435\u0440\u043d\u043e\u0435 \u0432\u0440\u0435\u043c\u044f \u0434\u043b\u044f \u0447\u0442\u0435\u043d\u0438\u044f":"1 \u043c\u0438\u043d\u0443\u0442\u0430"},"schema":{"@context":"https:\/\/schema.org","@graph":[{"@type":["WebPage","ItemPage"],"@id":"https:\/\/gohike.lv\/ru\/produkts\/lifeventure-storm-udensmaiss\/","url":"https:\/\/gohike.lv\/ru\/produkts\/lifeventure-storm-udensmaiss\/","name":"Lifeventure - Storm \u016bdensmaiss","isPartOf":{"@id":"https:\/\/gohike.lv\/ru\/#website"},"primaryImageOfPage":{"@id":"https:\/\/gohike.lv\/ru\/produkts\/lifeventure-storm-udensmaiss\/#primaryimage"},"image":{"@id":"https:\/\/gohike.lv\/ru\/produkts\/lifeventure-storm-udensmaiss\/#primaryimage"},"thumbnailUrl":"https:\/\/gohike.lv\/wp-content\/uploads\/2025\/02\/StormDrybag_.webp","datePublished":"2025-02-24T07:55:57+00:00","dateModified":"2026-01-02T04:52:21+00:00","description":"Augstas iztur\u012bbas ripstop neilona auduma \u016bdensiztur\u012bgi maisi, kas ir ide\u0101li piem\u0113roti, lai pasarg\u0101tu apr\u012bkojumu no mitruma.","breadcrumb":{"@id":"https:\/\/gohike.lv\/ru\/produkts\/lifeventure-storm-udensmaiss\/#breadcrumb"},"inLanguage":"ru-RU","potentialAction":[{"@type":"ReadAction","target":["https:\/\/gohike.lv\/ru\/produkts\/lifeventure-storm-udensmaiss\/"]}]},{"@type":"ImageObject","inLanguage":"ru-RU","@id":"https:\/\/gohike.lv\/ru\/produkts\/lifeventure-storm-udensmaiss\/#primaryimage","url":"https:\/\/gohike.lv\/wp-content\/uploads\/2025\/02\/StormDrybag_.webp","contentUrl":"https:\/\/gohike.lv\/wp-content\/uploads\/2025\/02\/StormDrybag_.webp","width":900,"height":900},{"@type":"BreadcrumbList","@id":"https:\/\/gohike.lv\/ru\/produkts\/lifeventure-storm-udensmaiss\/#breadcrumb","itemListElement":[{"@type":"ListItem","position":1,"name":"\u0413\u043b\u0430\u0432\u043d\u0430\u044f","item":"https:\/\/gohike.lv\/ru\/"},{"@type":"ListItem","position":2,"name":"\u041a\u0430\u0442\u0435\u0433\u043e\u0440\u0438\u0438 \u0442\u043e\u0432\u0430\u0440\u043e\u0432","item":"https:\/\/gohike.lv\/%d0%ba%d0%b0%d1%82%d0%b5%d0%b3%d0%be%d1%80%d0%b8%d0%b8-%d1%82%d0%be%d0%b2%d0%b0%d1%80%d0%be%d0%b2\/"},{"@type":"ListItem","position":3,"name":"Lifeventure &#8211; Storm \u016bdensmaiss 25L-35L"}]},{"@type":"WebSite","@id":"https:\/\/gohike.lv\/ru\/#website","url":"https:\/\/gohike.lv\/ru\/","name":"GoHike","description":"","publisher":{"@id":"https:\/\/gohike.lv\/ru\/#organization"},"potentialAction":[{"@type":"SearchAction","target":{"@type":"EntryPoint","urlTemplate":"https:\/\/gohike.lv\/ru\/?s={search_term_string}"},"query-input":{"@type":"PropertyValueSpecification","valueRequired":true,"valueName":"search_term_string"}}],"inLanguage":"ru-RU"},{"@type":"Organization","@id":"https:\/\/gohike.lv\/ru\/#organization","name":"GoHike","url":"https:\/\/gohike.lv\/ru\/","logo":{"@type":"ImageObject","inLanguage":"ru-RU","@id":"https:\/\/gohike.lv\/ru\/#\/schema\/logo\/image\/","url":"https:\/\/gohike.lv\/wp-content\/uploads\/2023\/08\/Logo_GoHike.webp","contentUrl":"https:\/\/gohike.lv\/wp-content\/uploads\/2023\/08\/Logo_GoHike.webp","width":512,"height":512,"caption":"GoHike"},"image":{"@id":"https:\/\/gohike.lv\/ru\/#\/schema\/logo\/image\/"},"sameAs":["https:\/\/www.facebook.com\/gohike.shop\/","https:\/\/www.instagram.com\/gohike.shop\/"]}]}},"jetpack_sharing_enabled":true,"_links":{"self":[{"href":"https:\/\/gohike.lv\/ru\/wp-json\/wp\/v2\/product\/66408","targetHints":{"allow":["GET"]}}],"collection":[{"href":"https:\/\/gohike.lv\/ru\/wp-json\/wp\/v2\/product"}],"about":[{"href":"https:\/\/gohike.lv\/ru\/wp-json\/wp\/v2\/types\/product"}],"version-history":[{"count":0,"href":"https:\/\/gohike.lv\/ru\/wp-json\/wp\/v2\/product\/66408\/revisions"}],"wp:featuredmedia":[{"embeddable":true,"href":"https:\/\/gohike.lv\/ru\/wp-json\/wp\/v2\/media\/66435"}],"wp:attachment":[{"href":"https:\/\/gohike.lv\/ru\/wp-json\/wp\/v2\/media?parent=66408"}],"wp:term":[{"taxonomy":"product_brand","embeddable":true,"href":"https:\/\/gohike.lv\/ru\/wp-json\/wp\/v2\/product_brand?post=66408"},{"taxonomy":"product_cat","embeddable":true,"href":"https:\/\/gohike.lv\/ru\/wp-json\/wp\/v2\/product_cat?post=66408"},{"taxonomy":"product_tag","embeddable":true,"href":"https:\/\/gohike.lv\/ru\/wp-json\/wp\/v2\/product_tag?post=66408"}],"curies":[{"name":"wp","href":"https:\/\/api.w.org\/{rel}","templated":true}]}}