{"id":66401,"date":"2025-02-24T10:55:49","date_gmt":"2025-02-24T07:55:49","guid":{"rendered":"https:\/\/gohike.lv\/produkts\/lifesystems-gaismas-markieri-2\/"},"modified":"2026-01-16T20:02:56","modified_gmt":"2026-01-16T17:02:56","slug":"lifesystems-gaismas-markieri","status":"publish","type":"product","link":"https:\/\/gohike.lv\/ru\/produkts\/lifesystems-gaismas-markieri\/","title":{"rendered":"Lifesystems &#8212; Gaismas mar\u0137ieri"},"content":{"rendered":"<p>Pievienojiet jebkuram priek\u0161metam, ko v\u0113laties viegli atrast tums\u0101. \u0160ie mar\u0137ieri satur foto-luminisc\u0113jo\u0161us krist\u0101lus, kas absorb\u0113 gaismu un sp\u012btums\u0101. Lai aktiviz\u0113tu krist\u0101lus mar\u0137ier\u012b, novietojiet to saules gaism\u0101 vai zem m\u0101ksl\u012bga apgaismojuma avota 5 min\u016btes.<br \/>\n\u012apa\u0161\u012bbas:<br \/>\n\u2022 foto-luminisc\u0113jo\u0161a tehnolo\u0123ija;<br \/>\n\u2022 komplekt\u0101 iek\u013cauts gredzens piestiprin\u0101\u0161anai;<br \/>\n\u2022 viens 5 min\u016b\u0161u uzl\u0101d\u0113\u0161anas laiks izstaro gaismu l\u012bdz 12 stund\u0101m;<br \/>\n\u2022 lieto\u0161anas ilgums l\u012bdz 10 gadiem;<br \/>\n\u2022 DofE ieteiktais apr\u012bkojums.<br \/>\nKomplekt\u0101: 1 gab;<br \/>\nSvars: 6 g;<br \/>\nIzm\u0113ri: 1.4*6*5 cm.<br \/>\n<iframe title=\"Lifesystems Intensity Glow Markers\" width=\"1200\" height=\"675\" src=\"https:\/\/www.youtube.com\/embed\/fSjD9SKICEI?feature=oembed\" frameborder=\"0\" allow=\"accelerometer; autoplay; clipboard-write; encrypted-media; gyroscope; picture-in-picture; web-share\" referrerpolicy=\"strict-origin-when-cross-origin\" allowfullscreen><\/iframe><\/p>\n","protected":false},"excerpt":{"rendered":"<p>Piestiprin\u0101ms mar\u0137ieris ar gaismu absorb\u0113jo\u0161iem krist\u0101liem, kas atvieglo priek\u0161metu atra\u0161anu tums\u0101.<\/p>\n","protected":false},"featured_media":66363,"template":"","meta":[],"product_brand":[1307],"product_cat":[4140],"product_tag":[],"class_list":{"0":"post-66401","1":"product","2":"type-product","3":"status-publish","4":"has-post-thumbnail","6":"product_brand-lifesystems-lv","7":"product_cat-noderigas-lietas","8":"pa_produkta-tips-noderigas-lietas","9":"pa_spalva-oranzs","10":"pa_spalva-zals","11":"pa_spalva-zils","13":"first","14":"instock","15":"purchasable","16":"product-type-variable","17":"has-default-attributes"},"raw_content":{"name":"Lifesystems - Gaismas mar\u0137ieri","description":"Pievienojiet jebkuram priek\u0161metam, ko v\u0113laties viegli atrast tums\u0101. \u0160ie mar\u0137ieri satur foto-luminisc\u0113jo\u0161us krist\u0101lus, kas absorb\u0113 gaismu un sp\u012btums\u0101. Lai aktiviz\u0113tu krist\u0101lus mar\u0137ier\u012b, novietojiet to saules gaism\u0101 vai zem m\u0101ksl\u012bga apgaismojuma avota 5 min\u016btes.\n\u012apa\u0161\u012bbas:\n\u2022 foto-luminisc\u0113jo\u0161a tehnolo\u0123ija;\n\u2022 komplekt\u0101 iek\u013cauts gredzens piestiprin\u0101\u0161anai;\n\u2022 viens 5 min\u016b\u0161u uzl\u0101d\u0113\u0161anas laiks izstaro gaismu l\u012bdz 12 stund\u0101m;\n\u2022 lieto\u0161anas ilgums l\u012bdz 10 gadiem;\n\u2022 DofE ieteiktais apr\u012bkojums.\nKomplekt\u0101: 1 gab;\nSvars: 6 g;\nIzm\u0113ri: 1.4*6*5 cm.\nhttps:\/\/youtu.be\/fSjD9SKICEI?list=TLGGRv01rEAtOkkxODAyMjAyNQ","short_description":"Piestiprin\u0101ms mar\u0137ieris ar gaismu absorb\u0113jo\u0161iem krist\u0101liem, kas atvieglo priek\u0161metu atra\u0161anu tums\u0101.","status":"publish","sku":"lfs4546","original":66401},"wpml":{"translation_type":1,"has_translations":true,"original":66401,"duplicates":[],"translations":{"lv":66401,"en":66882,"ru":null}},"supplier_id":null,"supplier_sku":"","barcode":null,"atum_controlled":true,"out_stock_date":null,"out_stock_threshold":null,"inheritable":true,"inbound_stock":0,"stock_on_hold":0,"sold_today":0,"sales_last_days":0,"reserved_stock":0,"customer_returns":0,"warehouse_damage":0,"lost_in_post":0,"other_logs":0,"out_stock_days":0,"lost_sales":0,"has_location":false,"update_date":"2025-12-30T14:30:29","atum_locations":[],"atum_stock_status":"instock","restock_status":false,"low_stock_amount":"","sales_update_date":"2025-11-13T14:07:40","calc_backorders":null,"yoast_head":"<!-- This site is optimized with the Yoast SEO plugin v27.3 - https:\/\/yoast.com\/product\/yoast-seo-wordpress\/ -->\n<title>Lifesystems - Gaismas mar\u0137ieri<\/title>\n<meta name=\"description\" content=\"Piestiprin\u0101ms mar\u0137ieris ar gaismu absorb\u0113jo\u0161iem krist\u0101liem, kas atvieglo priek\u0161metu atra\u0161anu tums\u0101.\" \/>\n<meta name=\"robots\" content=\"index, follow, max-snippet:-1, max-image-preview:large, max-video-preview:-1\" \/>\n<link rel=\"canonical\" href=\"https:\/\/gohike.lv\/ru\/produkts\/lifesystems-gaismas-markieri\/\" \/>\n<meta property=\"og:locale\" content=\"ru_RU\" \/>\n<meta property=\"og:type\" content=\"article\" \/>\n<meta property=\"og:title\" content=\"Lifesystems - Gaismas mar\u0137ieri\" \/>\n<meta property=\"og:description\" content=\"Piestiprin\u0101ms mar\u0137ieris ar gaismu absorb\u0113jo\u0161iem krist\u0101liem, kas atvieglo priek\u0161metu atra\u0161anu tums\u0101.\" \/>\n<meta property=\"og:url\" content=\"https:\/\/gohike.lv\/ru\/produkts\/lifesystems-gaismas-markieri\/\" \/>\n<meta property=\"og:site_name\" content=\"GoHike\" \/>\n<meta property=\"article:publisher\" content=\"https:\/\/www.facebook.com\/gohike.shop\/\" \/>\n<meta property=\"article:modified_time\" content=\"2026-01-16T17:02:56+00:00\" \/>\n<meta property=\"og:image\" content=\"https:\/\/gohike.lv\/wp-content\/uploads\/2025\/02\/GlowMarker_.webp\" \/>\n\t<meta property=\"og:image:width\" content=\"375\" \/>\n\t<meta property=\"og:image:height\" content=\"375\" \/>\n\t<meta property=\"og:image:type\" content=\"image\/webp\" \/>\n<meta name=\"twitter:card\" content=\"summary_large_image\" \/>\n<meta name=\"twitter:title\" content=\"Lifesystems - Gaismas mar\u0137ieri\" \/>\n<meta name=\"twitter:label1\" content=\"\u041f\u0440\u0438\u043c\u0435\u0440\u043d\u043e\u0435 \u0432\u0440\u0435\u043c\u044f \u0434\u043b\u044f \u0447\u0442\u0435\u043d\u0438\u044f\" \/>\n\t<meta name=\"twitter:data1\" content=\"1 \u043c\u0438\u043d\u0443\u0442\u0430\" \/>\n<script type=\"application\/ld+json\" class=\"yoast-schema-graph\">{\"@context\":\"https:\\\/\\\/schema.org\",\"@graph\":[{\"@type\":[\"WebPage\",\"ItemPage\"],\"@id\":\"https:\\\/\\\/gohike.lv\\\/ru\\\/produkts\\\/lifesystems-gaismas-markieri\\\/\",\"url\":\"https:\\\/\\\/gohike.lv\\\/ru\\\/produkts\\\/lifesystems-gaismas-markieri\\\/\",\"name\":\"Lifesystems - Gaismas mar\u0137ieri\",\"isPartOf\":{\"@id\":\"https:\\\/\\\/gohike.lv\\\/ru\\\/#website\"},\"primaryImageOfPage\":{\"@id\":\"https:\\\/\\\/gohike.lv\\\/ru\\\/produkts\\\/lifesystems-gaismas-markieri\\\/#primaryimage\"},\"image\":{\"@id\":\"https:\\\/\\\/gohike.lv\\\/ru\\\/produkts\\\/lifesystems-gaismas-markieri\\\/#primaryimage\"},\"thumbnailUrl\":\"https:\\\/\\\/gohike.lv\\\/wp-content\\\/uploads\\\/2025\\\/02\\\/GlowMarker_.webp\",\"datePublished\":\"2025-02-24T07:55:49+00:00\",\"dateModified\":\"2026-01-16T17:02:56+00:00\",\"description\":\"Piestiprin\u0101ms mar\u0137ieris ar gaismu absorb\u0113jo\u0161iem krist\u0101liem, kas atvieglo priek\u0161metu atra\u0161anu tums\u0101.\",\"breadcrumb\":{\"@id\":\"https:\\\/\\\/gohike.lv\\\/ru\\\/produkts\\\/lifesystems-gaismas-markieri\\\/#breadcrumb\"},\"inLanguage\":\"ru-RU\",\"potentialAction\":[{\"@type\":\"ReadAction\",\"target\":[\"https:\\\/\\\/gohike.lv\\\/ru\\\/produkts\\\/lifesystems-gaismas-markieri\\\/\"]}]},{\"@type\":\"ImageObject\",\"inLanguage\":\"ru-RU\",\"@id\":\"https:\\\/\\\/gohike.lv\\\/ru\\\/produkts\\\/lifesystems-gaismas-markieri\\\/#primaryimage\",\"url\":\"https:\\\/\\\/gohike.lv\\\/wp-content\\\/uploads\\\/2025\\\/02\\\/GlowMarker_.webp\",\"contentUrl\":\"https:\\\/\\\/gohike.lv\\\/wp-content\\\/uploads\\\/2025\\\/02\\\/GlowMarker_.webp\",\"width\":375,\"height\":375,\"caption\":\"Lifesystems - Gaismas mar\u0137ieri\"},{\"@type\":\"BreadcrumbList\",\"@id\":\"https:\\\/\\\/gohike.lv\\\/ru\\\/produkts\\\/lifesystems-gaismas-markieri\\\/#breadcrumb\",\"itemListElement\":[{\"@type\":\"ListItem\",\"position\":1,\"name\":\"\u0413\u043b\u0430\u0432\u043d\u0430\u044f\",\"item\":\"https:\\\/\\\/gohike.lv\\\/ru\\\/\"},{\"@type\":\"ListItem\",\"position\":2,\"name\":\"\u041a\u0430\u0442\u0435\u0433\u043e\u0440\u0438\u0438 \u0442\u043e\u0432\u0430\u0440\u043e\u0432\",\"item\":\"https:\\\/\\\/gohike.lv\\\/%d0%ba%d0%b0%d1%82%d0%b5%d0%b3%d0%be%d1%80%d0%b8%d0%b8-%d1%82%d0%be%d0%b2%d0%b0%d1%80%d0%be%d0%b2\\\/\"},{\"@type\":\"ListItem\",\"position\":3,\"name\":\"Lifesystems &#8211; Gaismas mar\u0137ieri\"}]},{\"@type\":\"WebSite\",\"@id\":\"https:\\\/\\\/gohike.lv\\\/ru\\\/#website\",\"url\":\"https:\\\/\\\/gohike.lv\\\/ru\\\/\",\"name\":\"GoHike\",\"description\":\"\",\"publisher\":{\"@id\":\"https:\\\/\\\/gohike.lv\\\/ru\\\/#organization\"},\"potentialAction\":[{\"@type\":\"SearchAction\",\"target\":{\"@type\":\"EntryPoint\",\"urlTemplate\":\"https:\\\/\\\/gohike.lv\\\/ru\\\/?s={search_term_string}\"},\"query-input\":{\"@type\":\"PropertyValueSpecification\",\"valueRequired\":true,\"valueName\":\"search_term_string\"}}],\"inLanguage\":\"ru-RU\"},{\"@type\":\"Organization\",\"@id\":\"https:\\\/\\\/gohike.lv\\\/ru\\\/#organization\",\"name\":\"GoHike\",\"url\":\"https:\\\/\\\/gohike.lv\\\/ru\\\/\",\"logo\":{\"@type\":\"ImageObject\",\"inLanguage\":\"ru-RU\",\"@id\":\"https:\\\/\\\/gohike.lv\\\/ru\\\/#\\\/schema\\\/logo\\\/image\\\/\",\"url\":\"https:\\\/\\\/gohike.lv\\\/wp-content\\\/uploads\\\/2023\\\/08\\\/Logo_GoHike.webp\",\"contentUrl\":\"https:\\\/\\\/gohike.lv\\\/wp-content\\\/uploads\\\/2023\\\/08\\\/Logo_GoHike.webp\",\"width\":512,\"height\":512,\"caption\":\"GoHike\"},\"image\":{\"@id\":\"https:\\\/\\\/gohike.lv\\\/ru\\\/#\\\/schema\\\/logo\\\/image\\\/\"},\"sameAs\":[\"https:\\\/\\\/www.facebook.com\\\/gohike.shop\\\/\",\"https:\\\/\\\/www.instagram.com\\\/gohike.shop\\\/\"]}]}<\/script>\n<!-- \/ Yoast SEO plugin. -->","yoast_head_json":{"title":"Lifesystems - Gaismas mar\u0137ieri","description":"Piestiprin\u0101ms mar\u0137ieris ar gaismu absorb\u0113jo\u0161iem krist\u0101liem, kas atvieglo priek\u0161metu atra\u0161anu tums\u0101.","robots":{"index":"index","follow":"follow","max-snippet":"max-snippet:-1","max-image-preview":"max-image-preview:large","max-video-preview":"max-video-preview:-1"},"canonical":"https:\/\/gohike.lv\/ru\/produkts\/lifesystems-gaismas-markieri\/","og_locale":"ru_RU","og_type":"article","og_title":"Lifesystems - Gaismas mar\u0137ieri","og_description":"Piestiprin\u0101ms mar\u0137ieris ar gaismu absorb\u0113jo\u0161iem krist\u0101liem, kas atvieglo priek\u0161metu atra\u0161anu tums\u0101.","og_url":"https:\/\/gohike.lv\/ru\/produkts\/lifesystems-gaismas-markieri\/","og_site_name":"GoHike","article_publisher":"https:\/\/www.facebook.com\/gohike.shop\/","article_modified_time":"2026-01-16T17:02:56+00:00","og_image":[{"width":375,"height":375,"url":"https:\/\/gohike.lv\/wp-content\/uploads\/2025\/02\/GlowMarker_.webp","type":"image\/webp"}],"twitter_card":"summary_large_image","twitter_title":"Lifesystems - Gaismas mar\u0137ieri","twitter_misc":{"\u041f\u0440\u0438\u043c\u0435\u0440\u043d\u043e\u0435 \u0432\u0440\u0435\u043c\u044f \u0434\u043b\u044f \u0447\u0442\u0435\u043d\u0438\u044f":"1 \u043c\u0438\u043d\u0443\u0442\u0430"},"schema":{"@context":"https:\/\/schema.org","@graph":[{"@type":["WebPage","ItemPage"],"@id":"https:\/\/gohike.lv\/ru\/produkts\/lifesystems-gaismas-markieri\/","url":"https:\/\/gohike.lv\/ru\/produkts\/lifesystems-gaismas-markieri\/","name":"Lifesystems - Gaismas mar\u0137ieri","isPartOf":{"@id":"https:\/\/gohike.lv\/ru\/#website"},"primaryImageOfPage":{"@id":"https:\/\/gohike.lv\/ru\/produkts\/lifesystems-gaismas-markieri\/#primaryimage"},"image":{"@id":"https:\/\/gohike.lv\/ru\/produkts\/lifesystems-gaismas-markieri\/#primaryimage"},"thumbnailUrl":"https:\/\/gohike.lv\/wp-content\/uploads\/2025\/02\/GlowMarker_.webp","datePublished":"2025-02-24T07:55:49+00:00","dateModified":"2026-01-16T17:02:56+00:00","description":"Piestiprin\u0101ms mar\u0137ieris ar gaismu absorb\u0113jo\u0161iem krist\u0101liem, kas atvieglo priek\u0161metu atra\u0161anu tums\u0101.","breadcrumb":{"@id":"https:\/\/gohike.lv\/ru\/produkts\/lifesystems-gaismas-markieri\/#breadcrumb"},"inLanguage":"ru-RU","potentialAction":[{"@type":"ReadAction","target":["https:\/\/gohike.lv\/ru\/produkts\/lifesystems-gaismas-markieri\/"]}]},{"@type":"ImageObject","inLanguage":"ru-RU","@id":"https:\/\/gohike.lv\/ru\/produkts\/lifesystems-gaismas-markieri\/#primaryimage","url":"https:\/\/gohike.lv\/wp-content\/uploads\/2025\/02\/GlowMarker_.webp","contentUrl":"https:\/\/gohike.lv\/wp-content\/uploads\/2025\/02\/GlowMarker_.webp","width":375,"height":375,"caption":"Lifesystems - Gaismas mar\u0137ieri"},{"@type":"BreadcrumbList","@id":"https:\/\/gohike.lv\/ru\/produkts\/lifesystems-gaismas-markieri\/#breadcrumb","itemListElement":[{"@type":"ListItem","position":1,"name":"\u0413\u043b\u0430\u0432\u043d\u0430\u044f","item":"https:\/\/gohike.lv\/ru\/"},{"@type":"ListItem","position":2,"name":"\u041a\u0430\u0442\u0435\u0433\u043e\u0440\u0438\u0438 \u0442\u043e\u0432\u0430\u0440\u043e\u0432","item":"https:\/\/gohike.lv\/%d0%ba%d0%b0%d1%82%d0%b5%d0%b3%d0%be%d1%80%d0%b8%d0%b8-%d1%82%d0%be%d0%b2%d0%b0%d1%80%d0%be%d0%b2\/"},{"@type":"ListItem","position":3,"name":"Lifesystems &#8211; Gaismas mar\u0137ieri"}]},{"@type":"WebSite","@id":"https:\/\/gohike.lv\/ru\/#website","url":"https:\/\/gohike.lv\/ru\/","name":"GoHike","description":"","publisher":{"@id":"https:\/\/gohike.lv\/ru\/#organization"},"potentialAction":[{"@type":"SearchAction","target":{"@type":"EntryPoint","urlTemplate":"https:\/\/gohike.lv\/ru\/?s={search_term_string}"},"query-input":{"@type":"PropertyValueSpecification","valueRequired":true,"valueName":"search_term_string"}}],"inLanguage":"ru-RU"},{"@type":"Organization","@id":"https:\/\/gohike.lv\/ru\/#organization","name":"GoHike","url":"https:\/\/gohike.lv\/ru\/","logo":{"@type":"ImageObject","inLanguage":"ru-RU","@id":"https:\/\/gohike.lv\/ru\/#\/schema\/logo\/image\/","url":"https:\/\/gohike.lv\/wp-content\/uploads\/2023\/08\/Logo_GoHike.webp","contentUrl":"https:\/\/gohike.lv\/wp-content\/uploads\/2023\/08\/Logo_GoHike.webp","width":512,"height":512,"caption":"GoHike"},"image":{"@id":"https:\/\/gohike.lv\/ru\/#\/schema\/logo\/image\/"},"sameAs":["https:\/\/www.facebook.com\/gohike.shop\/","https:\/\/www.instagram.com\/gohike.shop\/"]}]}},"jetpack_sharing_enabled":true,"_links":{"self":[{"href":"https:\/\/gohike.lv\/ru\/wp-json\/wp\/v2\/product\/66401","targetHints":{"allow":["GET"]}}],"collection":[{"href":"https:\/\/gohike.lv\/ru\/wp-json\/wp\/v2\/product"}],"about":[{"href":"https:\/\/gohike.lv\/ru\/wp-json\/wp\/v2\/types\/product"}],"version-history":[{"count":0,"href":"https:\/\/gohike.lv\/ru\/wp-json\/wp\/v2\/product\/66401\/revisions"}],"wp:featuredmedia":[{"embeddable":true,"href":"https:\/\/gohike.lv\/ru\/wp-json\/wp\/v2\/media\/66363"}],"wp:attachment":[{"href":"https:\/\/gohike.lv\/ru\/wp-json\/wp\/v2\/media?parent=66401"}],"wp:term":[{"taxonomy":"product_brand","embeddable":true,"href":"https:\/\/gohike.lv\/ru\/wp-json\/wp\/v2\/product_brand?post=66401"},{"taxonomy":"product_cat","embeddable":true,"href":"https:\/\/gohike.lv\/ru\/wp-json\/wp\/v2\/product_cat?post=66401"},{"taxonomy":"product_tag","embeddable":true,"href":"https:\/\/gohike.lv\/ru\/wp-json\/wp\/v2\/product_tag?post=66401"}],"curies":[{"name":"wp","href":"https:\/\/api.w.org\/{rel}","templated":true}]}}