{"id":66182,"date":"2025-02-13T16:10:02","date_gmt":"2025-02-13T13:10:02","guid":{"rendered":"https:\/\/gohike.lv\/?post_type=product&#038;p=66182"},"modified":"2025-12-30T17:24:25","modified_gmt":"2025-12-30T14:24:25","slug":"3fulgear-qingkong3","status":"publish","type":"product","link":"https:\/\/gohike.lv\/ru\/produkts\/3fulgear-qingkong3\/","title":{"rendered":"3F UL GEAR &#8212; Qingkong 3 telts"},"content":{"rendered":"<p>Pamatfunkcijas:<br \/>\nQingkong 3 teltis ir pla\u0161a, sal\u012bdzino\u0161i viegla un viegli uzst\u0101d\u0101ma, piem\u0113rota vair\u0101kiem cilv\u0113kiem;<br \/>\nBr\u012bvi st\u0101vo\u0161ai telts uzst\u0101d\u012b\u0161anai nepiecie\u0161ami tikai divi zemes stiprin\u0101jumi;<br \/>\nPla\u0161a telpa, kas paredz\u0113ta l\u012bdz trim person\u0101m;<br \/>\nDivas ieejas nodro\u0161ina \u0113rtu piek\u013cuvi un papildu uzglab\u0101\u0161anas vietu;<br \/>\nIek\u0161\u0113jo telpu var nomain\u012bt pret pilnas sezonas iek\u0161\u0113jo telpu.<br \/>\nTehniskie parametri:<br \/>\n\u016adensiztur\u012bba: 5000 mm;<br \/>\nKonstrukcija: 2 sl\u0101\u0146u sienas;<br \/>\n\u0160uves: visas \u0161uves ir izol\u0113tas ar lenti;<br \/>\nStiprin\u0101juma punkti: 10 stiprin\u0101jumu, 6 virves stiprin\u0101juma punkti;<br \/>\nAuduma svars: 40 g\/m\u00b2;<br \/>\nR\u0101v\u0113jiztur\u012bba: 12\u201315 N;<br \/>\nP\u0101rkl\u0101jums: silikons \u0101rpus\u0113 \/ PU iek\u0161pus\u0113;<br \/>\nMateri\u0101li:<br \/>\n\u0100r\u0113jais materi\u0101ls: 15D silikons\/PU Ripstop Nylon;<br \/>\nIek\u0161\u0113jais materi\u0101ls: 15D Nylon (4 sezonu), 20D Nylon Mesh (3 sezonu).<br \/>\nSvars:<br \/>\n\u0100r\u0113j\u0101 da\u013ca: 676 g;<br \/>\nIek\u0161\u0113j\u0101 da\u013ca: 750 g (3 sezonu), 800 g (4 sezonu);<br \/>\nKop\u0113jais svars: 1920 g (bez remonta komplekta un stiprin\u0101jumiem).<br \/>\nIzm\u0113ri:<br \/>\nIzv\u0113rst\u0101 veid\u0101: 210 cm (garums) * 170 cm (platums) * 125 cm (augstums);<br \/>\nSalikt\u0101 veid\u0101: 55 cm * 17 cm.<br \/>\nIetilp\u012bba:<br \/>\n3 cilv\u0113ki.<\/p>\n","protected":false},"excerpt":{"rendered":"<p>Qingkong 3 telts ir viegli uzst\u0101d\u0101ma, ar diviem ieej\u0101m, pla\u0161u un vieglu dizainu. T\u0101 ir ide\u0101la izv\u0113le \u0123imenes piedz\u012bvojumiem dab\u0101.<\/p>\n","protected":false},"featured_media":66289,"template":"","meta":[],"product_brand":[209],"product_cat":[1817],"product_tag":[],"class_list":{"0":"post-66182","1":"product","2":"type-product","3":"status-publish","4":"has-post-thumbnail","6":"product_brand-3f-ul-gear-lv","7":"product_cat-teltis-un-tenti","8":"pa_ieksejie-materiali-20d-neilona-siets","9":"pa_izmeriscm-10454","10":"pa_kapacitate-3-cilveki","11":"pa_produkta-tips-pargajienu-teltis","12":"pa_saliktas-preces-izmerscm-10455","13":"pa_telts-materials-15d-silikons-pu-ripstop-neilons","14":"pa_telts-materials-pu5000mm","15":"pa_uv-parklajums-silicone-outside-pu-inside","17":"first","18":"instock","19":"taxable","20":"shipping-taxable","21":"purchasable","22":"product-type-simple"},"raw_content":{"name":"3F UL GEAR - Qingkong 3 telts","description":"Pamatfunkcijas:\nQingkong 3 teltis ir pla\u0161a, sal\u012bdzino\u0161i viegla un viegli uzst\u0101d\u0101ma, piem\u0113rota vair\u0101kiem cilv\u0113kiem;\nBr\u012bvi st\u0101vo\u0161ai telts uzst\u0101d\u012b\u0161anai nepiecie\u0161ami tikai divi zemes stiprin\u0101jumi;\nPla\u0161a telpa, kas paredz\u0113ta l\u012bdz trim person\u0101m;\nDivas ieejas nodro\u0161ina \u0113rtu piek\u013cuvi un papildu uzglab\u0101\u0161anas vietu;\nIek\u0161\u0113jo telpu var nomain\u012bt pret pilnas sezonas iek\u0161\u0113jo telpu.\nTehniskie parametri:\n\u016adensiztur\u012bba: 5000 mm;\nKonstrukcija: 2 sl\u0101\u0146u sienas;\n\u0160uves: visas \u0161uves ir izol\u0113tas ar lenti;\nStiprin\u0101juma punkti: 10 stiprin\u0101jumu, 6 virves stiprin\u0101juma punkti;\nAuduma svars: 40 g\/m\u00b2;\nR\u0101v\u0113jiztur\u012bba: 12\u201315 N;\nP\u0101rkl\u0101jums: silikons \u0101rpus\u0113 \/ PU iek\u0161pus\u0113;\nMateri\u0101li:\n\u0100r\u0113jais materi\u0101ls: 15D silikons\/PU Ripstop Nylon;\nIek\u0161\u0113jais materi\u0101ls: 15D Nylon (4 sezonu), 20D Nylon Mesh (3 sezonu).\nSvars:\n\u0100r\u0113j\u0101 da\u013ca: 676 g;\nIek\u0161\u0113j\u0101 da\u013ca: 750 g (3 sezonu), 800 g (4 sezonu);\nKop\u0113jais svars: 1920 g (bez remonta komplekta un stiprin\u0101jumiem).\nIzm\u0113ri:\nIzv\u0113rst\u0101 veid\u0101: 210 cm (garums) * 170 cm (platums) * 125 cm (augstums);\nSalikt\u0101 veid\u0101: 55 cm * 17 cm.\nIetilp\u012bba:\n3 cilv\u0113ki.","short_description":"Qingkong 3 telts ir viegli uzst\u0101d\u0101ma, ar diviem ieej\u0101m, pla\u0161u un vieglu dizainu. T\u0101 ir ide\u0101la izv\u0113le \u0123imenes piedz\u012bvojumiem dab\u0101.","status":"publish","sku":"F57B-D07699","original":66182},"wpml":{"translation_type":1,"has_translations":true,"original":66182,"duplicates":[],"translations":{"lv":66182,"en":66863,"ru":null}},"supplier_id":null,"supplier_sku":"","barcode":null,"atum_controlled":true,"out_stock_date":null,"out_stock_threshold":null,"inheritable":false,"inbound_stock":0,"stock_on_hold":0,"sold_today":0,"sales_last_days":0,"reserved_stock":0,"customer_returns":0,"warehouse_damage":0,"lost_in_post":0,"other_logs":0,"out_stock_days":0,"lost_sales":0,"has_location":false,"update_date":"2025-12-30T14:30:29","atum_locations":[],"atum_stock_status":"instock","restock_status":false,"low_stock_amount":"","sales_update_date":"2025-11-13T14:09:05","calc_backorders":null,"yoast_head":"<!-- This site is optimized with the Yoast SEO plugin v27.3 - https:\/\/yoast.com\/product\/yoast-seo-wordpress\/ -->\n<title>3F UL GEAR - Qingkong 3 telts<\/title>\n<meta name=\"description\" content=\"Qingkong 3 telts ir viegli uzst\u0101d\u0101ma, ar diviem ieej\u0101m, pla\u0161u un vieglu dizainu. T\u0101 ir ide\u0101la izv\u0113le \u0123imenes piedz\u012bvojumiem dab\u0101.\" \/>\n<meta name=\"robots\" content=\"index, follow, max-snippet:-1, max-image-preview:large, max-video-preview:-1\" \/>\n<link rel=\"canonical\" href=\"https:\/\/gohike.lv\/ru\/produkts\/3fulgear-qingkong3\/\" \/>\n<meta property=\"og:locale\" content=\"ru_RU\" \/>\n<meta property=\"og:type\" content=\"article\" \/>\n<meta property=\"og:title\" content=\"3F UL GEAR - P\u0101rg\u0101jienu teltis - Taiji 2 (3 sezonas)\" \/>\n<meta property=\"og:description\" content=\"Qingkong 3 telts ir viegli uzst\u0101d\u0101ma, ar diviem ieej\u0101m, pla\u0161u un vieglu dizainu. T\u0101 ir ide\u0101la izv\u0113le \u0123imenes piedz\u012bvojumiem dab\u0101.\" \/>\n<meta property=\"og:url\" content=\"https:\/\/gohike.lv\/ru\/produkts\/3fulgear-qingkong3\/\" \/>\n<meta property=\"og:site_name\" content=\"GoHike\" \/>\n<meta property=\"article:publisher\" content=\"https:\/\/www.facebook.com\/gohike.shop\/\" \/>\n<meta property=\"article:modified_time\" content=\"2025-12-30T14:24:25+00:00\" \/>\n<meta property=\"og:image\" content=\"https:\/\/gohike.lv\/wp-content\/uploads\/2025\/02\/khaki-1.jpg\" \/>\n\t<meta property=\"og:image:width\" content=\"800\" \/>\n\t<meta property=\"og:image:height\" content=\"800\" \/>\n\t<meta property=\"og:image:type\" content=\"image\/jpeg\" \/>\n<meta name=\"twitter:card\" content=\"summary_large_image\" \/>\n<meta name=\"twitter:title\" content=\"3F UL GEAR - P\u0101rg\u0101jienu teltis - Taiji 2 (3 sezonas)\" \/>\n<meta name=\"twitter:label1\" content=\"\u041f\u0440\u0438\u043c\u0435\u0440\u043d\u043e\u0435 \u0432\u0440\u0435\u043c\u044f \u0434\u043b\u044f \u0447\u0442\u0435\u043d\u0438\u044f\" \/>\n\t<meta name=\"twitter:data1\" content=\"2 \u043c\u0438\u043d\u0443\u0442\u0430\" \/>\n<script type=\"application\/ld+json\" class=\"yoast-schema-graph\">{\"@context\":\"https:\\\/\\\/schema.org\",\"@graph\":[{\"@type\":[\"WebPage\",\"ItemPage\"],\"@id\":\"https:\\\/\\\/gohike.lv\\\/ru\\\/produkts\\\/3fulgear-qingkong3\\\/\",\"url\":\"https:\\\/\\\/gohike.lv\\\/ru\\\/produkts\\\/3fulgear-qingkong3\\\/\",\"name\":\"3F UL GEAR - Qingkong 3 telts\",\"isPartOf\":{\"@id\":\"https:\\\/\\\/gohike.lv\\\/ru\\\/#website\"},\"primaryImageOfPage\":{\"@id\":\"https:\\\/\\\/gohike.lv\\\/ru\\\/produkts\\\/3fulgear-qingkong3\\\/#primaryimage\"},\"image\":{\"@id\":\"https:\\\/\\\/gohike.lv\\\/ru\\\/produkts\\\/3fulgear-qingkong3\\\/#primaryimage\"},\"thumbnailUrl\":\"https:\\\/\\\/gohike.lv\\\/wp-content\\\/uploads\\\/2025\\\/02\\\/khaki-1.jpg\",\"datePublished\":\"2025-02-13T13:10:02+00:00\",\"dateModified\":\"2025-12-30T14:24:25+00:00\",\"description\":\"Qingkong 3 telts ir viegli uzst\u0101d\u0101ma, ar diviem ieej\u0101m, pla\u0161u un vieglu dizainu. T\u0101 ir ide\u0101la izv\u0113le \u0123imenes piedz\u012bvojumiem dab\u0101.\",\"breadcrumb\":{\"@id\":\"https:\\\/\\\/gohike.lv\\\/ru\\\/produkts\\\/3fulgear-qingkong3\\\/#breadcrumb\"},\"inLanguage\":\"ru-RU\",\"potentialAction\":[{\"@type\":\"ReadAction\",\"target\":[\"https:\\\/\\\/gohike.lv\\\/ru\\\/produkts\\\/3fulgear-qingkong3\\\/\"]}]},{\"@type\":\"ImageObject\",\"inLanguage\":\"ru-RU\",\"@id\":\"https:\\\/\\\/gohike.lv\\\/ru\\\/produkts\\\/3fulgear-qingkong3\\\/#primaryimage\",\"url\":\"https:\\\/\\\/gohike.lv\\\/wp-content\\\/uploads\\\/2025\\\/02\\\/khaki-1.jpg\",\"contentUrl\":\"https:\\\/\\\/gohike.lv\\\/wp-content\\\/uploads\\\/2025\\\/02\\\/khaki-1.jpg\",\"width\":800,\"height\":800},{\"@type\":\"BreadcrumbList\",\"@id\":\"https:\\\/\\\/gohike.lv\\\/ru\\\/produkts\\\/3fulgear-qingkong3\\\/#breadcrumb\",\"itemListElement\":[{\"@type\":\"ListItem\",\"position\":1,\"name\":\"\u0413\u043b\u0430\u0432\u043d\u0430\u044f\",\"item\":\"https:\\\/\\\/gohike.lv\\\/ru\\\/\"},{\"@type\":\"ListItem\",\"position\":2,\"name\":\"\u041a\u0430\u0442\u0435\u0433\u043e\u0440\u0438\u0438 \u0442\u043e\u0432\u0430\u0440\u043e\u0432\",\"item\":\"https:\\\/\\\/gohike.lv\\\/%d0%ba%d0%b0%d1%82%d0%b5%d0%b3%d0%be%d1%80%d0%b8%d0%b8-%d1%82%d0%be%d0%b2%d0%b0%d1%80%d0%be%d0%b2\\\/\"},{\"@type\":\"ListItem\",\"position\":3,\"name\":\"3F UL GEAR &#8211; Qingkong 3 telts\"}]},{\"@type\":\"WebSite\",\"@id\":\"https:\\\/\\\/gohike.lv\\\/ru\\\/#website\",\"url\":\"https:\\\/\\\/gohike.lv\\\/ru\\\/\",\"name\":\"GoHike\",\"description\":\"\",\"publisher\":{\"@id\":\"https:\\\/\\\/gohike.lv\\\/ru\\\/#organization\"},\"potentialAction\":[{\"@type\":\"SearchAction\",\"target\":{\"@type\":\"EntryPoint\",\"urlTemplate\":\"https:\\\/\\\/gohike.lv\\\/ru\\\/?s={search_term_string}\"},\"query-input\":{\"@type\":\"PropertyValueSpecification\",\"valueRequired\":true,\"valueName\":\"search_term_string\"}}],\"inLanguage\":\"ru-RU\"},{\"@type\":\"Organization\",\"@id\":\"https:\\\/\\\/gohike.lv\\\/ru\\\/#organization\",\"name\":\"GoHike\",\"url\":\"https:\\\/\\\/gohike.lv\\\/ru\\\/\",\"logo\":{\"@type\":\"ImageObject\",\"inLanguage\":\"ru-RU\",\"@id\":\"https:\\\/\\\/gohike.lv\\\/ru\\\/#\\\/schema\\\/logo\\\/image\\\/\",\"url\":\"https:\\\/\\\/gohike.lv\\\/wp-content\\\/uploads\\\/2023\\\/08\\\/Logo_GoHike.webp\",\"contentUrl\":\"https:\\\/\\\/gohike.lv\\\/wp-content\\\/uploads\\\/2023\\\/08\\\/Logo_GoHike.webp\",\"width\":512,\"height\":512,\"caption\":\"GoHike\"},\"image\":{\"@id\":\"https:\\\/\\\/gohike.lv\\\/ru\\\/#\\\/schema\\\/logo\\\/image\\\/\"},\"sameAs\":[\"https:\\\/\\\/www.facebook.com\\\/gohike.shop\\\/\",\"https:\\\/\\\/www.instagram.com\\\/gohike.shop\\\/\"]}]}<\/script>\n<!-- \/ Yoast SEO plugin. -->","yoast_head_json":{"title":"3F UL GEAR - Qingkong 3 telts","description":"Qingkong 3 telts ir viegli uzst\u0101d\u0101ma, ar diviem ieej\u0101m, pla\u0161u un vieglu dizainu. T\u0101 ir ide\u0101la izv\u0113le \u0123imenes piedz\u012bvojumiem dab\u0101.","robots":{"index":"index","follow":"follow","max-snippet":"max-snippet:-1","max-image-preview":"max-image-preview:large","max-video-preview":"max-video-preview:-1"},"canonical":"https:\/\/gohike.lv\/ru\/produkts\/3fulgear-qingkong3\/","og_locale":"ru_RU","og_type":"article","og_title":"3F UL GEAR - P\u0101rg\u0101jienu teltis - Taiji 2 (3 sezonas)","og_description":"Qingkong 3 telts ir viegli uzst\u0101d\u0101ma, ar diviem ieej\u0101m, pla\u0161u un vieglu dizainu. T\u0101 ir ide\u0101la izv\u0113le \u0123imenes piedz\u012bvojumiem dab\u0101.","og_url":"https:\/\/gohike.lv\/ru\/produkts\/3fulgear-qingkong3\/","og_site_name":"GoHike","article_publisher":"https:\/\/www.facebook.com\/gohike.shop\/","article_modified_time":"2025-12-30T14:24:25+00:00","og_image":[{"width":800,"height":800,"url":"https:\/\/gohike.lv\/wp-content\/uploads\/2025\/02\/khaki-1.jpg","type":"image\/jpeg"}],"twitter_card":"summary_large_image","twitter_title":"3F UL GEAR - P\u0101rg\u0101jienu teltis - Taiji 2 (3 sezonas)","twitter_misc":{"\u041f\u0440\u0438\u043c\u0435\u0440\u043d\u043e\u0435 \u0432\u0440\u0435\u043c\u044f \u0434\u043b\u044f \u0447\u0442\u0435\u043d\u0438\u044f":"2 \u043c\u0438\u043d\u0443\u0442\u0430"},"schema":{"@context":"https:\/\/schema.org","@graph":[{"@type":["WebPage","ItemPage"],"@id":"https:\/\/gohike.lv\/ru\/produkts\/3fulgear-qingkong3\/","url":"https:\/\/gohike.lv\/ru\/produkts\/3fulgear-qingkong3\/","name":"3F UL GEAR - Qingkong 3 telts","isPartOf":{"@id":"https:\/\/gohike.lv\/ru\/#website"},"primaryImageOfPage":{"@id":"https:\/\/gohike.lv\/ru\/produkts\/3fulgear-qingkong3\/#primaryimage"},"image":{"@id":"https:\/\/gohike.lv\/ru\/produkts\/3fulgear-qingkong3\/#primaryimage"},"thumbnailUrl":"https:\/\/gohike.lv\/wp-content\/uploads\/2025\/02\/khaki-1.jpg","datePublished":"2025-02-13T13:10:02+00:00","dateModified":"2025-12-30T14:24:25+00:00","description":"Qingkong 3 telts ir viegli uzst\u0101d\u0101ma, ar diviem ieej\u0101m, pla\u0161u un vieglu dizainu. T\u0101 ir ide\u0101la izv\u0113le \u0123imenes piedz\u012bvojumiem dab\u0101.","breadcrumb":{"@id":"https:\/\/gohike.lv\/ru\/produkts\/3fulgear-qingkong3\/#breadcrumb"},"inLanguage":"ru-RU","potentialAction":[{"@type":"ReadAction","target":["https:\/\/gohike.lv\/ru\/produkts\/3fulgear-qingkong3\/"]}]},{"@type":"ImageObject","inLanguage":"ru-RU","@id":"https:\/\/gohike.lv\/ru\/produkts\/3fulgear-qingkong3\/#primaryimage","url":"https:\/\/gohike.lv\/wp-content\/uploads\/2025\/02\/khaki-1.jpg","contentUrl":"https:\/\/gohike.lv\/wp-content\/uploads\/2025\/02\/khaki-1.jpg","width":800,"height":800},{"@type":"BreadcrumbList","@id":"https:\/\/gohike.lv\/ru\/produkts\/3fulgear-qingkong3\/#breadcrumb","itemListElement":[{"@type":"ListItem","position":1,"name":"\u0413\u043b\u0430\u0432\u043d\u0430\u044f","item":"https:\/\/gohike.lv\/ru\/"},{"@type":"ListItem","position":2,"name":"\u041a\u0430\u0442\u0435\u0433\u043e\u0440\u0438\u0438 \u0442\u043e\u0432\u0430\u0440\u043e\u0432","item":"https:\/\/gohike.lv\/%d0%ba%d0%b0%d1%82%d0%b5%d0%b3%d0%be%d1%80%d0%b8%d0%b8-%d1%82%d0%be%d0%b2%d0%b0%d1%80%d0%be%d0%b2\/"},{"@type":"ListItem","position":3,"name":"3F UL GEAR &#8211; Qingkong 3 telts"}]},{"@type":"WebSite","@id":"https:\/\/gohike.lv\/ru\/#website","url":"https:\/\/gohike.lv\/ru\/","name":"GoHike","description":"","publisher":{"@id":"https:\/\/gohike.lv\/ru\/#organization"},"potentialAction":[{"@type":"SearchAction","target":{"@type":"EntryPoint","urlTemplate":"https:\/\/gohike.lv\/ru\/?s={search_term_string}"},"query-input":{"@type":"PropertyValueSpecification","valueRequired":true,"valueName":"search_term_string"}}],"inLanguage":"ru-RU"},{"@type":"Organization","@id":"https:\/\/gohike.lv\/ru\/#organization","name":"GoHike","url":"https:\/\/gohike.lv\/ru\/","logo":{"@type":"ImageObject","inLanguage":"ru-RU","@id":"https:\/\/gohike.lv\/ru\/#\/schema\/logo\/image\/","url":"https:\/\/gohike.lv\/wp-content\/uploads\/2023\/08\/Logo_GoHike.webp","contentUrl":"https:\/\/gohike.lv\/wp-content\/uploads\/2023\/08\/Logo_GoHike.webp","width":512,"height":512,"caption":"GoHike"},"image":{"@id":"https:\/\/gohike.lv\/ru\/#\/schema\/logo\/image\/"},"sameAs":["https:\/\/www.facebook.com\/gohike.shop\/","https:\/\/www.instagram.com\/gohike.shop\/"]}]}},"jetpack_sharing_enabled":true,"_links":{"self":[{"href":"https:\/\/gohike.lv\/ru\/wp-json\/wp\/v2\/product\/66182","targetHints":{"allow":["GET"]}}],"collection":[{"href":"https:\/\/gohike.lv\/ru\/wp-json\/wp\/v2\/product"}],"about":[{"href":"https:\/\/gohike.lv\/ru\/wp-json\/wp\/v2\/types\/product"}],"version-history":[{"count":1,"href":"https:\/\/gohike.lv\/ru\/wp-json\/wp\/v2\/product\/66182\/revisions"}],"predecessor-version":[{"id":118763,"href":"https:\/\/gohike.lv\/ru\/wp-json\/wp\/v2\/product\/66182\/revisions\/118763"}],"wp:featuredmedia":[{"embeddable":true,"href":"https:\/\/gohike.lv\/ru\/wp-json\/wp\/v2\/media\/66289"}],"wp:attachment":[{"href":"https:\/\/gohike.lv\/ru\/wp-json\/wp\/v2\/media?parent=66182"}],"wp:term":[{"taxonomy":"product_brand","embeddable":true,"href":"https:\/\/gohike.lv\/ru\/wp-json\/wp\/v2\/product_brand?post=66182"},{"taxonomy":"product_cat","embeddable":true,"href":"https:\/\/gohike.lv\/ru\/wp-json\/wp\/v2\/product_cat?post=66182"},{"taxonomy":"product_tag","embeddable":true,"href":"https:\/\/gohike.lv\/ru\/wp-json\/wp\/v2\/product_tag?post=66182"}],"curies":[{"name":"wp","href":"https:\/\/api.w.org\/{rel}","templated":true}]}}