{"id":66155,"date":"2025-02-11T17:26:49","date_gmt":"2025-02-11T14:26:49","guid":{"rendered":"https:\/\/gohike.lv\/?post_type=product&#038;p=66155"},"modified":"2026-01-01T07:50:59","modified_gmt":"2026-01-01T04:50:59","slug":"flextail-izsargapvalks-tiny-pump-2x","status":"publish","type":"product","link":"https:\/\/gohike.lv\/ru\/produkts\/flextail-izsargapvalks-tiny-pump-2x\/","title":{"rendered":"FLEXTAIL &#8212; Aizsargapvalks priek\u0161 TINY PUMP 2X"},"content":{"rendered":"<p>Materi\u0101ls un svars:<br \/>\nAizsargapvalks izgatavots no augstas kvalit\u0101tes silikona, sver tikai 17 gramus. Tas ir iztur\u012bgs un viegls, nodro\u0161inot ier\u012bces aizsardz\u012bbu.<br \/>\nKr\u0101sas:<br \/>\nPieejams tr\u012bs kr\u0101s\u0101s: tum\u0161i za\u013c\u0161, melns un oran\u017es.<br \/>\nSader\u012bba:<br \/>\nPiem\u0113rots tikai TINY PUMP 2X.<br \/>\nPiez\u012bmes par gaismas blo\u0137\u0113\u0161anu:<br \/>\nAizsargapvalks gaismas pus\u0113 var nedaudz blo\u0137\u0113t gaismas malu, ta\u010du tas neietekm\u0113 apgaismojuma lieto\u0161anu.<\/p>\n","protected":false},"excerpt":{"rendered":"<p>Aizsargapvalks priek\u0161 TINY PUMP 2X. Izgatavots no augstas kvalit\u0101tes silikona, sver tikai 17 gramus.<\/p>\n","protected":false},"featured_media":66159,"template":"","meta":[],"product_brand":[15369],"product_cat":[1643,13984],"product_tag":[],"class_list":{"0":"post-66155","1":"product","2":"type-product","3":"status-publish","4":"has-post-thumbnail","6":"product_brand-flextail-ru","7":"product_cat-elektronika","8":"product_cat-13984","9":"pa_produkta-tips-elektriskie-pumpi","10":"pa_spalva-melns","11":"pa_spalva-oranzs","12":"pa_spalva-tumsi-zals","14":"first","15":"instock","16":"taxable","17":"shipping-taxable","18":"purchasable","19":"product-type-variable","20":"has-default-attributes"},"raw_content":{"name":"FLEXTAIL - Aizsargapvalks priek\u0161 TINY PUMP 2X","description":"Materi\u0101ls un svars:\nAizsargapvalks izgatavots no augstas kvalit\u0101tes silikona, sver tikai 17 gramus. Tas ir iztur\u012bgs un viegls, nodro\u0161inot ier\u012bces aizsardz\u012bbu.\nKr\u0101sas:\nPieejams tr\u012bs kr\u0101s\u0101s: tum\u0161i za\u013c\u0161, melns un oran\u017es.\nSader\u012bba:\nPiem\u0113rots tikai TINY PUMP 2X.\nPiez\u012bmes par gaismas blo\u0137\u0113\u0161anu:\nAizsargapvalks gaismas pus\u0113 var nedaudz blo\u0137\u0113t gaismas malu, ta\u010du tas neietekm\u0113 apgaismojuma lieto\u0161anu.","short_description":"Aizsargapvalks priek\u0161 TINY PUMP 2X. Izgatavots no augstas kvalit\u0101tes silikona, sver tikai 17 gramus.","status":"publish","sku":"D33B-B4413A","original":66155},"wpml":{"translation_type":1,"has_translations":true,"original":66155,"duplicates":[],"translations":{"lv":66155,"en":66858,"ru":null}},"supplier_id":null,"supplier_sku":"","barcode":null,"atum_controlled":true,"out_stock_date":null,"out_stock_threshold":null,"inheritable":true,"inbound_stock":0,"stock_on_hold":0,"sold_today":0,"sales_last_days":0,"reserved_stock":0,"customer_returns":0,"warehouse_damage":0,"lost_in_post":0,"other_logs":0,"out_stock_days":0,"lost_sales":0,"has_location":false,"update_date":"2025-12-30T14:30:29","atum_locations":[],"atum_stock_status":"instock","restock_status":false,"low_stock_amount":"","sales_update_date":"2025-11-13T14:07:26","calc_backorders":null,"yoast_head":"<!-- This site is optimized with the Yoast SEO plugin v27.3 - https:\/\/yoast.com\/product\/yoast-seo-wordpress\/ -->\n<title>FLEXTAIL - Aizsargapvalks priek\u0161 TINY PUMP 2X<\/title>\n<meta name=\"description\" content=\"Aizsargapvalks priek\u0161 TINY PUMP 2X. Izgatavots no augstas kvalit\u0101tes silikona, sver tikai 17 gramus.\" \/>\n<meta name=\"robots\" content=\"index, follow, max-snippet:-1, max-image-preview:large, max-video-preview:-1\" \/>\n<link rel=\"canonical\" href=\"https:\/\/gohike.lv\/ru\/produkts\/flextail-izsargapvalks-tiny-pump-2x\/\" \/>\n<meta property=\"og:locale\" content=\"ru_RU\" \/>\n<meta property=\"og:type\" content=\"article\" \/>\n<meta property=\"og:title\" content=\"Elektrisk\u0101 s\u016bk\u0146a uzglab\u0101\u0161anas kaste - Uzglab\u0101\u0161anas kaste TINY PUMP 2X\" \/>\n<meta property=\"og:description\" content=\"Aizsargapvalks priek\u0161 TINY PUMP 2X. Izgatavots no augstas kvalit\u0101tes silikona, sver tikai 17 gramus.\" \/>\n<meta property=\"og:url\" content=\"https:\/\/gohike.lv\/ru\/produkts\/flextail-izsargapvalks-tiny-pump-2x\/\" \/>\n<meta property=\"og:site_name\" content=\"GoHike\" \/>\n<meta property=\"article:publisher\" content=\"https:\/\/www.facebook.com\/gohike.shop\/\" \/>\n<meta property=\"article:modified_time\" content=\"2026-01-01T04:50:59+00:00\" \/>\n<meta property=\"og:image\" content=\"https:\/\/gohike.lv\/wp-content\/uploads\/2025\/02\/TinyPump2protectiveCover.webp\" \/>\n\t<meta property=\"og:image:width\" content=\"1000\" \/>\n\t<meta property=\"og:image:height\" content=\"1000\" \/>\n\t<meta property=\"og:image:type\" content=\"image\/webp\" \/>\n<meta name=\"twitter:card\" content=\"summary_large_image\" \/>\n<meta name=\"twitter:title\" content=\"Elektrisk\u0101 s\u016bk\u0146a uzglab\u0101\u0161anas kaste - Uzglab\u0101\u0161anas kaste TINY PUMP 2X\" \/>\n<meta name=\"twitter:label1\" content=\"\u041f\u0440\u0438\u043c\u0435\u0440\u043d\u043e\u0435 \u0432\u0440\u0435\u043c\u044f \u0434\u043b\u044f \u0447\u0442\u0435\u043d\u0438\u044f\" \/>\n\t<meta name=\"twitter:data1\" content=\"1 \u043c\u0438\u043d\u0443\u0442\u0430\" \/>\n<script type=\"application\/ld+json\" class=\"yoast-schema-graph\">{\"@context\":\"https:\\\/\\\/schema.org\",\"@graph\":[{\"@type\":[\"WebPage\",\"ItemPage\"],\"@id\":\"https:\\\/\\\/gohike.lv\\\/ru\\\/produkts\\\/flextail-izsargapvalks-tiny-pump-2x\\\/\",\"url\":\"https:\\\/\\\/gohike.lv\\\/ru\\\/produkts\\\/flextail-izsargapvalks-tiny-pump-2x\\\/\",\"name\":\"FLEXTAIL - Aizsargapvalks priek\u0161 TINY PUMP 2X\",\"isPartOf\":{\"@id\":\"https:\\\/\\\/gohike.lv\\\/ru\\\/#website\"},\"primaryImageOfPage\":{\"@id\":\"https:\\\/\\\/gohike.lv\\\/ru\\\/produkts\\\/flextail-izsargapvalks-tiny-pump-2x\\\/#primaryimage\"},\"image\":{\"@id\":\"https:\\\/\\\/gohike.lv\\\/ru\\\/produkts\\\/flextail-izsargapvalks-tiny-pump-2x\\\/#primaryimage\"},\"thumbnailUrl\":\"https:\\\/\\\/gohike.lv\\\/wp-content\\\/uploads\\\/2025\\\/02\\\/TinyPump2protectiveCover.webp\",\"datePublished\":\"2025-02-11T14:26:49+00:00\",\"dateModified\":\"2026-01-01T04:50:59+00:00\",\"description\":\"Aizsargapvalks priek\u0161 TINY PUMP 2X. Izgatavots no augstas kvalit\u0101tes silikona, sver tikai 17 gramus.\",\"breadcrumb\":{\"@id\":\"https:\\\/\\\/gohike.lv\\\/ru\\\/produkts\\\/flextail-izsargapvalks-tiny-pump-2x\\\/#breadcrumb\"},\"inLanguage\":\"ru-RU\",\"potentialAction\":[{\"@type\":\"ReadAction\",\"target\":[\"https:\\\/\\\/gohike.lv\\\/ru\\\/produkts\\\/flextail-izsargapvalks-tiny-pump-2x\\\/\"]}]},{\"@type\":\"ImageObject\",\"inLanguage\":\"ru-RU\",\"@id\":\"https:\\\/\\\/gohike.lv\\\/ru\\\/produkts\\\/flextail-izsargapvalks-tiny-pump-2x\\\/#primaryimage\",\"url\":\"https:\\\/\\\/gohike.lv\\\/wp-content\\\/uploads\\\/2025\\\/02\\\/TinyPump2protectiveCover.webp\",\"contentUrl\":\"https:\\\/\\\/gohike.lv\\\/wp-content\\\/uploads\\\/2025\\\/02\\\/TinyPump2protectiveCover.webp\",\"width\":1000,\"height\":1000},{\"@type\":\"BreadcrumbList\",\"@id\":\"https:\\\/\\\/gohike.lv\\\/ru\\\/produkts\\\/flextail-izsargapvalks-tiny-pump-2x\\\/#breadcrumb\",\"itemListElement\":[{\"@type\":\"ListItem\",\"position\":1,\"name\":\"\u0413\u043b\u0430\u0432\u043d\u0430\u044f\",\"item\":\"https:\\\/\\\/gohike.lv\\\/ru\\\/\"},{\"@type\":\"ListItem\",\"position\":2,\"name\":\"\u041a\u0430\u0442\u0435\u0433\u043e\u0440\u0438\u0438 \u0442\u043e\u0432\u0430\u0440\u043e\u0432\",\"item\":\"https:\\\/\\\/gohike.lv\\\/%d0%ba%d0%b0%d1%82%d0%b5%d0%b3%d0%be%d1%80%d0%b8%d0%b8-%d1%82%d0%be%d0%b2%d0%b0%d1%80%d0%be%d0%b2\\\/\"},{\"@type\":\"ListItem\",\"position\":3,\"name\":\"FLEXTAIL &#8211; Aizsargapvalks priek\u0161 TINY PUMP 2X\"}]},{\"@type\":\"WebSite\",\"@id\":\"https:\\\/\\\/gohike.lv\\\/ru\\\/#website\",\"url\":\"https:\\\/\\\/gohike.lv\\\/ru\\\/\",\"name\":\"GoHike\",\"description\":\"\",\"publisher\":{\"@id\":\"https:\\\/\\\/gohike.lv\\\/ru\\\/#organization\"},\"potentialAction\":[{\"@type\":\"SearchAction\",\"target\":{\"@type\":\"EntryPoint\",\"urlTemplate\":\"https:\\\/\\\/gohike.lv\\\/ru\\\/?s={search_term_string}\"},\"query-input\":{\"@type\":\"PropertyValueSpecification\",\"valueRequired\":true,\"valueName\":\"search_term_string\"}}],\"inLanguage\":\"ru-RU\"},{\"@type\":\"Organization\",\"@id\":\"https:\\\/\\\/gohike.lv\\\/ru\\\/#organization\",\"name\":\"GoHike\",\"url\":\"https:\\\/\\\/gohike.lv\\\/ru\\\/\",\"logo\":{\"@type\":\"ImageObject\",\"inLanguage\":\"ru-RU\",\"@id\":\"https:\\\/\\\/gohike.lv\\\/ru\\\/#\\\/schema\\\/logo\\\/image\\\/\",\"url\":\"https:\\\/\\\/gohike.lv\\\/wp-content\\\/uploads\\\/2023\\\/08\\\/Logo_GoHike.webp\",\"contentUrl\":\"https:\\\/\\\/gohike.lv\\\/wp-content\\\/uploads\\\/2023\\\/08\\\/Logo_GoHike.webp\",\"width\":512,\"height\":512,\"caption\":\"GoHike\"},\"image\":{\"@id\":\"https:\\\/\\\/gohike.lv\\\/ru\\\/#\\\/schema\\\/logo\\\/image\\\/\"},\"sameAs\":[\"https:\\\/\\\/www.facebook.com\\\/gohike.shop\\\/\",\"https:\\\/\\\/www.instagram.com\\\/gohike.shop\\\/\"]}]}<\/script>\n<!-- \/ Yoast SEO plugin. -->","yoast_head_json":{"title":"FLEXTAIL - Aizsargapvalks priek\u0161 TINY PUMP 2X","description":"Aizsargapvalks priek\u0161 TINY PUMP 2X. Izgatavots no augstas kvalit\u0101tes silikona, sver tikai 17 gramus.","robots":{"index":"index","follow":"follow","max-snippet":"max-snippet:-1","max-image-preview":"max-image-preview:large","max-video-preview":"max-video-preview:-1"},"canonical":"https:\/\/gohike.lv\/ru\/produkts\/flextail-izsargapvalks-tiny-pump-2x\/","og_locale":"ru_RU","og_type":"article","og_title":"Elektrisk\u0101 s\u016bk\u0146a uzglab\u0101\u0161anas kaste - Uzglab\u0101\u0161anas kaste TINY PUMP 2X","og_description":"Aizsargapvalks priek\u0161 TINY PUMP 2X. Izgatavots no augstas kvalit\u0101tes silikona, sver tikai 17 gramus.","og_url":"https:\/\/gohike.lv\/ru\/produkts\/flextail-izsargapvalks-tiny-pump-2x\/","og_site_name":"GoHike","article_publisher":"https:\/\/www.facebook.com\/gohike.shop\/","article_modified_time":"2026-01-01T04:50:59+00:00","og_image":[{"width":1000,"height":1000,"url":"https:\/\/gohike.lv\/wp-content\/uploads\/2025\/02\/TinyPump2protectiveCover.webp","type":"image\/webp"}],"twitter_card":"summary_large_image","twitter_title":"Elektrisk\u0101 s\u016bk\u0146a uzglab\u0101\u0161anas kaste - Uzglab\u0101\u0161anas kaste TINY PUMP 2X","twitter_misc":{"\u041f\u0440\u0438\u043c\u0435\u0440\u043d\u043e\u0435 \u0432\u0440\u0435\u043c\u044f \u0434\u043b\u044f \u0447\u0442\u0435\u043d\u0438\u044f":"1 \u043c\u0438\u043d\u0443\u0442\u0430"},"schema":{"@context":"https:\/\/schema.org","@graph":[{"@type":["WebPage","ItemPage"],"@id":"https:\/\/gohike.lv\/ru\/produkts\/flextail-izsargapvalks-tiny-pump-2x\/","url":"https:\/\/gohike.lv\/ru\/produkts\/flextail-izsargapvalks-tiny-pump-2x\/","name":"FLEXTAIL - Aizsargapvalks priek\u0161 TINY PUMP 2X","isPartOf":{"@id":"https:\/\/gohike.lv\/ru\/#website"},"primaryImageOfPage":{"@id":"https:\/\/gohike.lv\/ru\/produkts\/flextail-izsargapvalks-tiny-pump-2x\/#primaryimage"},"image":{"@id":"https:\/\/gohike.lv\/ru\/produkts\/flextail-izsargapvalks-tiny-pump-2x\/#primaryimage"},"thumbnailUrl":"https:\/\/gohike.lv\/wp-content\/uploads\/2025\/02\/TinyPump2protectiveCover.webp","datePublished":"2025-02-11T14:26:49+00:00","dateModified":"2026-01-01T04:50:59+00:00","description":"Aizsargapvalks priek\u0161 TINY PUMP 2X. Izgatavots no augstas kvalit\u0101tes silikona, sver tikai 17 gramus.","breadcrumb":{"@id":"https:\/\/gohike.lv\/ru\/produkts\/flextail-izsargapvalks-tiny-pump-2x\/#breadcrumb"},"inLanguage":"ru-RU","potentialAction":[{"@type":"ReadAction","target":["https:\/\/gohike.lv\/ru\/produkts\/flextail-izsargapvalks-tiny-pump-2x\/"]}]},{"@type":"ImageObject","inLanguage":"ru-RU","@id":"https:\/\/gohike.lv\/ru\/produkts\/flextail-izsargapvalks-tiny-pump-2x\/#primaryimage","url":"https:\/\/gohike.lv\/wp-content\/uploads\/2025\/02\/TinyPump2protectiveCover.webp","contentUrl":"https:\/\/gohike.lv\/wp-content\/uploads\/2025\/02\/TinyPump2protectiveCover.webp","width":1000,"height":1000},{"@type":"BreadcrumbList","@id":"https:\/\/gohike.lv\/ru\/produkts\/flextail-izsargapvalks-tiny-pump-2x\/#breadcrumb","itemListElement":[{"@type":"ListItem","position":1,"name":"\u0413\u043b\u0430\u0432\u043d\u0430\u044f","item":"https:\/\/gohike.lv\/ru\/"},{"@type":"ListItem","position":2,"name":"\u041a\u0430\u0442\u0435\u0433\u043e\u0440\u0438\u0438 \u0442\u043e\u0432\u0430\u0440\u043e\u0432","item":"https:\/\/gohike.lv\/%d0%ba%d0%b0%d1%82%d0%b5%d0%b3%d0%be%d1%80%d0%b8%d0%b8-%d1%82%d0%be%d0%b2%d0%b0%d1%80%d0%be%d0%b2\/"},{"@type":"ListItem","position":3,"name":"FLEXTAIL &#8211; Aizsargapvalks priek\u0161 TINY PUMP 2X"}]},{"@type":"WebSite","@id":"https:\/\/gohike.lv\/ru\/#website","url":"https:\/\/gohike.lv\/ru\/","name":"GoHike","description":"","publisher":{"@id":"https:\/\/gohike.lv\/ru\/#organization"},"potentialAction":[{"@type":"SearchAction","target":{"@type":"EntryPoint","urlTemplate":"https:\/\/gohike.lv\/ru\/?s={search_term_string}"},"query-input":{"@type":"PropertyValueSpecification","valueRequired":true,"valueName":"search_term_string"}}],"inLanguage":"ru-RU"},{"@type":"Organization","@id":"https:\/\/gohike.lv\/ru\/#organization","name":"GoHike","url":"https:\/\/gohike.lv\/ru\/","logo":{"@type":"ImageObject","inLanguage":"ru-RU","@id":"https:\/\/gohike.lv\/ru\/#\/schema\/logo\/image\/","url":"https:\/\/gohike.lv\/wp-content\/uploads\/2023\/08\/Logo_GoHike.webp","contentUrl":"https:\/\/gohike.lv\/wp-content\/uploads\/2023\/08\/Logo_GoHike.webp","width":512,"height":512,"caption":"GoHike"},"image":{"@id":"https:\/\/gohike.lv\/ru\/#\/schema\/logo\/image\/"},"sameAs":["https:\/\/www.facebook.com\/gohike.shop\/","https:\/\/www.instagram.com\/gohike.shop\/"]}]}},"jetpack_sharing_enabled":true,"_links":{"self":[{"href":"https:\/\/gohike.lv\/ru\/wp-json\/wp\/v2\/product\/66155","targetHints":{"allow":["GET"]}}],"collection":[{"href":"https:\/\/gohike.lv\/ru\/wp-json\/wp\/v2\/product"}],"about":[{"href":"https:\/\/gohike.lv\/ru\/wp-json\/wp\/v2\/types\/product"}],"version-history":[{"count":0,"href":"https:\/\/gohike.lv\/ru\/wp-json\/wp\/v2\/product\/66155\/revisions"}],"wp:featuredmedia":[{"embeddable":true,"href":"https:\/\/gohike.lv\/ru\/wp-json\/wp\/v2\/media\/66159"}],"wp:attachment":[{"href":"https:\/\/gohike.lv\/ru\/wp-json\/wp\/v2\/media?parent=66155"}],"wp:term":[{"taxonomy":"product_brand","embeddable":true,"href":"https:\/\/gohike.lv\/ru\/wp-json\/wp\/v2\/product_brand?post=66155"},{"taxonomy":"product_cat","embeddable":true,"href":"https:\/\/gohike.lv\/ru\/wp-json\/wp\/v2\/product_cat?post=66155"},{"taxonomy":"product_tag","embeddable":true,"href":"https:\/\/gohike.lv\/ru\/wp-json\/wp\/v2\/product_tag?post=66155"}],"curies":[{"name":"wp","href":"https:\/\/api.w.org\/{rel}","templated":true}]}}