{"id":66123,"date":"2025-02-11T15:23:03","date_gmt":"2025-02-11T12:23:03","guid":{"rendered":"https:\/\/gohike.lv\/?post_type=product&#038;p=66123"},"modified":"2025-12-30T17:24:25","modified_gmt":"2025-12-30T14:24:25","slug":"flextail-zero-pillow","status":"publish","type":"product","link":"https:\/\/gohike.lv\/ru\/produkts\/flextail-zero-pillow\/","title":{"rendered":"Flextail- Zero PIllow spilvens"},"content":{"rendered":"<p>Ergonomisks dizains &#8212; izstr\u0101d\u0101ts, lai piln\u012bb\u0101 atbalst\u012btu kaklu, nodro\u0161inot maigu atbalstu. Piln\u012bb\u0101 atbilst kakla skrieme\u013cu l\u012bkumam, nodro\u0161inot, ka galva un kakls atrodas pareiz\u0101 poz\u012bcij\u0101. Spilvens ir stabils un galva no t\u0101 nesl\u012bd.<br \/>\n\u0112rti p\u0101rn\u0113s\u0101jams un uzglab\u0101jams, maza izm\u0113ra un viegls. Ietver somu, kur\u0101 var saloc\u012bt spilvenu.<br \/>\nNo\u0146emams, m\u012bksts un mazg\u0101jams apvalks.<\/p>\n","protected":false},"excerpt":{"rendered":"<p>ZERO PILLOW \u2014 B formas uzp\u016b\u0161ams kempinga spilvens. Ergonomisks dizains, kas piln\u012bb\u0101 atbalsta kaklu, nodro\u0161inot komfortu. Kompakts, viegls un \u0113rti p\u0101rn\u0113s\u0101jams.<\/p>\n","protected":false},"featured_media":66124,"template":"","meta":[],"product_brand":[1653],"product_cat":[1510],"product_tag":[],"class_list":{"0":"post-66123","1":"product","2":"type-product","3":"status-publish","4":"has-post-thumbnail","6":"product_brand-flextail-lv","7":"product_cat-paklajini-un-spilveni","8":"pa_izmeriscm-10450","9":"pa_produkta-tips-spilveni","10":"pa_saliktas-preces-izmerscm-10451","12":"first","13":"outofstock","14":"taxable","15":"shipping-taxable","16":"purchasable","17":"product-type-simple"},"raw_content":{"name":"Flextail- Zero PIllow spilvens","description":"Ergonomisks dizains - izstr\u0101d\u0101ts, lai piln\u012bb\u0101 atbalst\u012btu kaklu, nodro\u0161inot maigu atbalstu. Piln\u012bb\u0101 atbilst kakla skrieme\u013cu l\u012bkumam, nodro\u0161inot, ka galva un kakls atrodas pareiz\u0101 poz\u012bcij\u0101. Spilvens ir stabils un galva no t\u0101 nesl\u012bd.\n\u0112rti p\u0101rn\u0113s\u0101jams un uzglab\u0101jams, maza izm\u0113ra un viegls. Ietver somu, kur\u0101 var saloc\u012bt spilvenu.\nNo\u0146emams, m\u012bksts un mazg\u0101jams apvalks.","short_description":"ZERO PILLOW \u2014 B formas uzp\u016b\u0161ams kempinga spilvens. Ergonomisks dizains, kas piln\u012bb\u0101 atbalsta kaklu, nodro\u0161inot komfortu. Kompakts, viegls un \u0113rti p\u0101rn\u0113s\u0101jams.","status":"publish","sku":"CPILLOW-GY-i","original":66123},"wpml":{"translation_type":1,"has_translations":true,"original":66123,"duplicates":[],"translations":{"lv":66123,"en":66851,"ru":null}},"supplier_id":null,"supplier_sku":"","barcode":null,"atum_controlled":true,"out_stock_date":"2025-07-03 19:08:24","out_stock_threshold":null,"inheritable":false,"inbound_stock":0,"stock_on_hold":0,"sold_today":0,"sales_last_days":0,"reserved_stock":0,"customer_returns":0,"warehouse_damage":0,"lost_in_post":0,"other_logs":0,"out_stock_days":132,"lost_sales":0,"has_location":false,"update_date":"2025-12-30T14:30:29","atum_locations":[],"atum_stock_status":"outofstock","restock_status":false,"low_stock_amount":"","sales_update_date":"2025-11-13T14:09:00","calc_backorders":null,"yoast_head":"<!-- This site is optimized with the Yoast SEO plugin v27.3 - https:\/\/yoast.com\/product\/yoast-seo-wordpress\/ -->\n<title>Flextail- Zero PIllow spilvens<\/title>\n<meta name=\"description\" content=\"ZERO PILLOW \u2014 B formas uzp\u016b\u0161ams kempinga spilvens. Ergonomisks dizains, kas piln\u012bb\u0101 atbalsta kaklu, nodro\u0161inot komfortu. Kompakts, viegls un \u0113rti p\u0101rn\u0113s\u0101jams.\" \/>\n<meta name=\"robots\" content=\"index, follow, max-snippet:-1, max-image-preview:large, max-video-preview:-1\" \/>\n<link rel=\"canonical\" href=\"https:\/\/gohike.lv\/ru\/produkts\/flextail-zero-pillow\/\" \/>\n<meta property=\"og:locale\" content=\"ru_RU\" \/>\n<meta property=\"og:type\" content=\"article\" \/>\n<meta property=\"og:title\" content=\"Highlander - Nap Pak kempinga gaisa spilvens\" \/>\n<meta property=\"og:description\" content=\"ZERO PILLOW \u2014 B formas uzp\u016b\u0161ams kempinga spilvens. Ergonomisks dizains, kas piln\u012bb\u0101 atbalsta kaklu, nodro\u0161inot komfortu. Kompakts, viegls un \u0113rti p\u0101rn\u0113s\u0101jams.\" \/>\n<meta property=\"og:url\" content=\"https:\/\/gohike.lv\/ru\/produkts\/flextail-zero-pillow\/\" \/>\n<meta property=\"og:site_name\" content=\"GoHike\" \/>\n<meta property=\"article:publisher\" content=\"https:\/\/www.facebook.com\/gohike.shop\/\" \/>\n<meta property=\"article:modified_time\" content=\"2025-12-30T14:24:25+00:00\" \/>\n<meta property=\"og:image\" content=\"https:\/\/gohike.lv\/wp-content\/uploads\/2025\/02\/ZeroPillow.webp\" \/>\n\t<meta property=\"og:image:width\" content=\"1200\" \/>\n\t<meta property=\"og:image:height\" content=\"1200\" \/>\n\t<meta property=\"og:image:type\" content=\"image\/webp\" \/>\n<meta name=\"twitter:card\" content=\"summary_large_image\" \/>\n<meta name=\"twitter:title\" content=\"Highlander - Nap Pak kempinga gaisa spilvens\" \/>\n<meta name=\"twitter:label1\" content=\"\u041f\u0440\u0438\u043c\u0435\u0440\u043d\u043e\u0435 \u0432\u0440\u0435\u043c\u044f \u0434\u043b\u044f \u0447\u0442\u0435\u043d\u0438\u044f\" \/>\n\t<meta name=\"twitter:data1\" content=\"1 \u043c\u0438\u043d\u0443\u0442\u0430\" \/>\n<script type=\"application\/ld+json\" class=\"yoast-schema-graph\">{\"@context\":\"https:\\\/\\\/schema.org\",\"@graph\":[{\"@type\":[\"WebPage\",\"ItemPage\"],\"@id\":\"https:\\\/\\\/gohike.lv\\\/ru\\\/produkts\\\/flextail-zero-pillow\\\/\",\"url\":\"https:\\\/\\\/gohike.lv\\\/ru\\\/produkts\\\/flextail-zero-pillow\\\/\",\"name\":\"Flextail- Zero PIllow spilvens\",\"isPartOf\":{\"@id\":\"https:\\\/\\\/gohike.lv\\\/ru\\\/#website\"},\"primaryImageOfPage\":{\"@id\":\"https:\\\/\\\/gohike.lv\\\/ru\\\/produkts\\\/flextail-zero-pillow\\\/#primaryimage\"},\"image\":{\"@id\":\"https:\\\/\\\/gohike.lv\\\/ru\\\/produkts\\\/flextail-zero-pillow\\\/#primaryimage\"},\"thumbnailUrl\":\"https:\\\/\\\/gohike.lv\\\/wp-content\\\/uploads\\\/2025\\\/02\\\/ZeroPillow.webp\",\"datePublished\":\"2025-02-11T12:23:03+00:00\",\"dateModified\":\"2025-12-30T14:24:25+00:00\",\"description\":\"ZERO PILLOW \u2014 B formas uzp\u016b\u0161ams kempinga spilvens. Ergonomisks dizains, kas piln\u012bb\u0101 atbalsta kaklu, nodro\u0161inot komfortu. Kompakts, viegls un \u0113rti p\u0101rn\u0113s\u0101jams.\",\"breadcrumb\":{\"@id\":\"https:\\\/\\\/gohike.lv\\\/ru\\\/produkts\\\/flextail-zero-pillow\\\/#breadcrumb\"},\"inLanguage\":\"ru-RU\",\"potentialAction\":[{\"@type\":\"ReadAction\",\"target\":[\"https:\\\/\\\/gohike.lv\\\/ru\\\/produkts\\\/flextail-zero-pillow\\\/\"]}]},{\"@type\":\"ImageObject\",\"inLanguage\":\"ru-RU\",\"@id\":\"https:\\\/\\\/gohike.lv\\\/ru\\\/produkts\\\/flextail-zero-pillow\\\/#primaryimage\",\"url\":\"https:\\\/\\\/gohike.lv\\\/wp-content\\\/uploads\\\/2025\\\/02\\\/ZeroPillow.webp\",\"contentUrl\":\"https:\\\/\\\/gohike.lv\\\/wp-content\\\/uploads\\\/2025\\\/02\\\/ZeroPillow.webp\",\"width\":1200,\"height\":1200},{\"@type\":\"BreadcrumbList\",\"@id\":\"https:\\\/\\\/gohike.lv\\\/ru\\\/produkts\\\/flextail-zero-pillow\\\/#breadcrumb\",\"itemListElement\":[{\"@type\":\"ListItem\",\"position\":1,\"name\":\"\u0413\u043b\u0430\u0432\u043d\u0430\u044f\",\"item\":\"https:\\\/\\\/gohike.lv\\\/ru\\\/\"},{\"@type\":\"ListItem\",\"position\":2,\"name\":\"\u041a\u0430\u0442\u0435\u0433\u043e\u0440\u0438\u0438 \u0442\u043e\u0432\u0430\u0440\u043e\u0432\",\"item\":\"https:\\\/\\\/gohike.lv\\\/%d0%ba%d0%b0%d1%82%d0%b5%d0%b3%d0%be%d1%80%d0%b8%d0%b8-%d1%82%d0%be%d0%b2%d0%b0%d1%80%d0%be%d0%b2\\\/\"},{\"@type\":\"ListItem\",\"position\":3,\"name\":\"Flextail- Zero PIllow spilvens\"}]},{\"@type\":\"WebSite\",\"@id\":\"https:\\\/\\\/gohike.lv\\\/ru\\\/#website\",\"url\":\"https:\\\/\\\/gohike.lv\\\/ru\\\/\",\"name\":\"GoHike\",\"description\":\"\",\"publisher\":{\"@id\":\"https:\\\/\\\/gohike.lv\\\/ru\\\/#organization\"},\"potentialAction\":[{\"@type\":\"SearchAction\",\"target\":{\"@type\":\"EntryPoint\",\"urlTemplate\":\"https:\\\/\\\/gohike.lv\\\/ru\\\/?s={search_term_string}\"},\"query-input\":{\"@type\":\"PropertyValueSpecification\",\"valueRequired\":true,\"valueName\":\"search_term_string\"}}],\"inLanguage\":\"ru-RU\"},{\"@type\":\"Organization\",\"@id\":\"https:\\\/\\\/gohike.lv\\\/ru\\\/#organization\",\"name\":\"GoHike\",\"url\":\"https:\\\/\\\/gohike.lv\\\/ru\\\/\",\"logo\":{\"@type\":\"ImageObject\",\"inLanguage\":\"ru-RU\",\"@id\":\"https:\\\/\\\/gohike.lv\\\/ru\\\/#\\\/schema\\\/logo\\\/image\\\/\",\"url\":\"https:\\\/\\\/gohike.lv\\\/wp-content\\\/uploads\\\/2023\\\/08\\\/Logo_GoHike.webp\",\"contentUrl\":\"https:\\\/\\\/gohike.lv\\\/wp-content\\\/uploads\\\/2023\\\/08\\\/Logo_GoHike.webp\",\"width\":512,\"height\":512,\"caption\":\"GoHike\"},\"image\":{\"@id\":\"https:\\\/\\\/gohike.lv\\\/ru\\\/#\\\/schema\\\/logo\\\/image\\\/\"},\"sameAs\":[\"https:\\\/\\\/www.facebook.com\\\/gohike.shop\\\/\",\"https:\\\/\\\/www.instagram.com\\\/gohike.shop\\\/\"]}]}<\/script>\n<!-- \/ Yoast SEO plugin. -->","yoast_head_json":{"title":"Flextail- Zero PIllow spilvens","description":"ZERO PILLOW \u2014 B formas uzp\u016b\u0161ams kempinga spilvens. Ergonomisks dizains, kas piln\u012bb\u0101 atbalsta kaklu, nodro\u0161inot komfortu. Kompakts, viegls un \u0113rti p\u0101rn\u0113s\u0101jams.","robots":{"index":"index","follow":"follow","max-snippet":"max-snippet:-1","max-image-preview":"max-image-preview:large","max-video-preview":"max-video-preview:-1"},"canonical":"https:\/\/gohike.lv\/ru\/produkts\/flextail-zero-pillow\/","og_locale":"ru_RU","og_type":"article","og_title":"Highlander - Nap Pak kempinga gaisa spilvens","og_description":"ZERO PILLOW \u2014 B formas uzp\u016b\u0161ams kempinga spilvens. Ergonomisks dizains, kas piln\u012bb\u0101 atbalsta kaklu, nodro\u0161inot komfortu. Kompakts, viegls un \u0113rti p\u0101rn\u0113s\u0101jams.","og_url":"https:\/\/gohike.lv\/ru\/produkts\/flextail-zero-pillow\/","og_site_name":"GoHike","article_publisher":"https:\/\/www.facebook.com\/gohike.shop\/","article_modified_time":"2025-12-30T14:24:25+00:00","og_image":[{"width":1200,"height":1200,"url":"https:\/\/gohike.lv\/wp-content\/uploads\/2025\/02\/ZeroPillow.webp","type":"image\/webp"}],"twitter_card":"summary_large_image","twitter_title":"Highlander - Nap Pak kempinga gaisa spilvens","twitter_misc":{"\u041f\u0440\u0438\u043c\u0435\u0440\u043d\u043e\u0435 \u0432\u0440\u0435\u043c\u044f \u0434\u043b\u044f \u0447\u0442\u0435\u043d\u0438\u044f":"1 \u043c\u0438\u043d\u0443\u0442\u0430"},"schema":{"@context":"https:\/\/schema.org","@graph":[{"@type":["WebPage","ItemPage"],"@id":"https:\/\/gohike.lv\/ru\/produkts\/flextail-zero-pillow\/","url":"https:\/\/gohike.lv\/ru\/produkts\/flextail-zero-pillow\/","name":"Flextail- Zero PIllow spilvens","isPartOf":{"@id":"https:\/\/gohike.lv\/ru\/#website"},"primaryImageOfPage":{"@id":"https:\/\/gohike.lv\/ru\/produkts\/flextail-zero-pillow\/#primaryimage"},"image":{"@id":"https:\/\/gohike.lv\/ru\/produkts\/flextail-zero-pillow\/#primaryimage"},"thumbnailUrl":"https:\/\/gohike.lv\/wp-content\/uploads\/2025\/02\/ZeroPillow.webp","datePublished":"2025-02-11T12:23:03+00:00","dateModified":"2025-12-30T14:24:25+00:00","description":"ZERO PILLOW \u2014 B formas uzp\u016b\u0161ams kempinga spilvens. Ergonomisks dizains, kas piln\u012bb\u0101 atbalsta kaklu, nodro\u0161inot komfortu. Kompakts, viegls un \u0113rti p\u0101rn\u0113s\u0101jams.","breadcrumb":{"@id":"https:\/\/gohike.lv\/ru\/produkts\/flextail-zero-pillow\/#breadcrumb"},"inLanguage":"ru-RU","potentialAction":[{"@type":"ReadAction","target":["https:\/\/gohike.lv\/ru\/produkts\/flextail-zero-pillow\/"]}]},{"@type":"ImageObject","inLanguage":"ru-RU","@id":"https:\/\/gohike.lv\/ru\/produkts\/flextail-zero-pillow\/#primaryimage","url":"https:\/\/gohike.lv\/wp-content\/uploads\/2025\/02\/ZeroPillow.webp","contentUrl":"https:\/\/gohike.lv\/wp-content\/uploads\/2025\/02\/ZeroPillow.webp","width":1200,"height":1200},{"@type":"BreadcrumbList","@id":"https:\/\/gohike.lv\/ru\/produkts\/flextail-zero-pillow\/#breadcrumb","itemListElement":[{"@type":"ListItem","position":1,"name":"\u0413\u043b\u0430\u0432\u043d\u0430\u044f","item":"https:\/\/gohike.lv\/ru\/"},{"@type":"ListItem","position":2,"name":"\u041a\u0430\u0442\u0435\u0433\u043e\u0440\u0438\u0438 \u0442\u043e\u0432\u0430\u0440\u043e\u0432","item":"https:\/\/gohike.lv\/%d0%ba%d0%b0%d1%82%d0%b5%d0%b3%d0%be%d1%80%d0%b8%d0%b8-%d1%82%d0%be%d0%b2%d0%b0%d1%80%d0%be%d0%b2\/"},{"@type":"ListItem","position":3,"name":"Flextail- Zero PIllow spilvens"}]},{"@type":"WebSite","@id":"https:\/\/gohike.lv\/ru\/#website","url":"https:\/\/gohike.lv\/ru\/","name":"GoHike","description":"","publisher":{"@id":"https:\/\/gohike.lv\/ru\/#organization"},"potentialAction":[{"@type":"SearchAction","target":{"@type":"EntryPoint","urlTemplate":"https:\/\/gohike.lv\/ru\/?s={search_term_string}"},"query-input":{"@type":"PropertyValueSpecification","valueRequired":true,"valueName":"search_term_string"}}],"inLanguage":"ru-RU"},{"@type":"Organization","@id":"https:\/\/gohike.lv\/ru\/#organization","name":"GoHike","url":"https:\/\/gohike.lv\/ru\/","logo":{"@type":"ImageObject","inLanguage":"ru-RU","@id":"https:\/\/gohike.lv\/ru\/#\/schema\/logo\/image\/","url":"https:\/\/gohike.lv\/wp-content\/uploads\/2023\/08\/Logo_GoHike.webp","contentUrl":"https:\/\/gohike.lv\/wp-content\/uploads\/2023\/08\/Logo_GoHike.webp","width":512,"height":512,"caption":"GoHike"},"image":{"@id":"https:\/\/gohike.lv\/ru\/#\/schema\/logo\/image\/"},"sameAs":["https:\/\/www.facebook.com\/gohike.shop\/","https:\/\/www.instagram.com\/gohike.shop\/"]}]}},"jetpack_sharing_enabled":true,"_links":{"self":[{"href":"https:\/\/gohike.lv\/ru\/wp-json\/wp\/v2\/product\/66123","targetHints":{"allow":["GET"]}}],"collection":[{"href":"https:\/\/gohike.lv\/ru\/wp-json\/wp\/v2\/product"}],"about":[{"href":"https:\/\/gohike.lv\/ru\/wp-json\/wp\/v2\/types\/product"}],"version-history":[{"count":1,"href":"https:\/\/gohike.lv\/ru\/wp-json\/wp\/v2\/product\/66123\/revisions"}],"predecessor-version":[{"id":118910,"href":"https:\/\/gohike.lv\/ru\/wp-json\/wp\/v2\/product\/66123\/revisions\/118910"}],"wp:featuredmedia":[{"embeddable":true,"href":"https:\/\/gohike.lv\/ru\/wp-json\/wp\/v2\/media\/66124"}],"wp:attachment":[{"href":"https:\/\/gohike.lv\/ru\/wp-json\/wp\/v2\/media?parent=66123"}],"wp:term":[{"taxonomy":"product_brand","embeddable":true,"href":"https:\/\/gohike.lv\/ru\/wp-json\/wp\/v2\/product_brand?post=66123"},{"taxonomy":"product_cat","embeddable":true,"href":"https:\/\/gohike.lv\/ru\/wp-json\/wp\/v2\/product_cat?post=66123"},{"taxonomy":"product_tag","embeddable":true,"href":"https:\/\/gohike.lv\/ru\/wp-json\/wp\/v2\/product_tag?post=66123"}],"curies":[{"name":"wp","href":"https:\/\/api.w.org\/{rel}","templated":true}]}}