{"id":66088,"date":"2025-02-10T18:10:00","date_gmt":"2025-02-10T15:10:00","guid":{"rendered":"https:\/\/gohike.lv\/?post_type=product&#038;p=66088"},"modified":"2026-01-01T07:48:07","modified_gmt":"2026-01-01T04:48:07","slug":"flextail-max-pump-3","status":"publish","type":"product","link":"https:\/\/gohike.lv\/ru\/produkts\/flextail-max-pump-3\/","title":{"rendered":"FLEXTAIL &#8212; MAX PUMP 3 pumpis"},"content":{"rendered":"<p>MAX PUMP 3 apvieno jaud\u012bgu veiktsp\u0113ju ar vieglu p\u0101rnesam\u012bbu, sverot tikai 122 gramus. Ar ieb\u016bv\u0113tu LED gaismu, tas kalpo gan k\u0101 s\u016bknis, gan k\u0101 gaismas avots, padarot to ide\u0101lu \u0101ra aktivit\u0101t\u0113m un ce\u013cojumiem. Piem\u0113rots kempingam, p\u0101rg\u0101jieniem, zvejai un cit\u0101m aktivit\u0101t\u0113m.<br \/>\nMAX PUMP 3 nodro\u0161ina 5 kPa spiedienu un augstu gaisa pl\u016bsmas \u0101trumu \u2014 500 l\/min. Vienalga, vai uzp\u016b\u0161at kempinga matraci, peldri\u0146\u0137i vai uzp\u016b\u0161amo rota\u013clietu, \u0161is s\u016bknis \u0101tri un efekt\u012bvi tiks gal\u0101 ar uzdevumu. Atvadieties no manu\u0101l\u0101s uzp\u016b\u0161anas \u2014 MAX PUMP 3 uzp\u016b\u0161 pat liel\u0101kus priek\u0161metus tikai da\u017eu min\u016b\u0161u laik\u0101, ietaupot laiku un p\u016bles.<br \/>\nMAX PUMP 3 ir unik\u0101ls gaismas dizains ar piln\u012bb\u0101 caursp\u012bd\u012bgu aba\u017e\u016bru, kas \u0101ra piedz\u012bvojumiem pievieno m\u016bsdien\u012bgas tehnolo\u0123ijas piesk\u0101rienu. 2\/3 apgaismot\u0101s zonas dizains nodro\u0161ina pla\u0161\u0101ku apgaismojumu. 3 spilgtuma re\u017e\u012bmi ar baterijas darb\u012bbas laiku l\u012bdz 11 stund\u0101m.<br \/>\nMAX PUMP 3 pied\u0101v\u0101 vair\u0101kas lieto\u0161anas iesp\u0113jas &#8212; to var viegli piestiprin\u0101t pie stat\u012bva stabilai stacion\u0101rai lieto\u0161anai vai pakarin\u0101t, lai nodro\u0161in\u0101tu \u0113rtu lieto\u0161anu bez rok\u0101m.<\/p>\n","protected":false},"excerpt":{"rendered":"<p>MAX PUMP 3 \u2014 jaud\u012bgs 2-in-1 p\u0101rne\u0161ams gaisa s\u016bknis ar uzl\u0101di. Sver tikai 122 gramus, nodro\u0161ina 5 kPa spiedienu un 500 l\/min gaisa pl\u016bsmu. Ide\u0101ls kempingam, p\u0101rg\u0101jieniem, zvejai un cit\u0101m \u0101ra aktivit\u0101t\u0113m.<\/p>\n","protected":false},"featured_media":66094,"template":"","meta":[],"product_brand":[1653],"product_cat":[1643,1510],"product_tag":[],"class_list":{"0":"post-66088","1":"product","2":"type-product","3":"status-publish","4":"has-post-thumbnail","6":"product_brand-flextail-lv","7":"product_cat-elektronika","8":"product_cat-paklajini-un-spilveni","9":"pa_darbibas-laiks-max-60min","10":"pa_gaisa-plusma-500-l-min","11":"pa_gaisa-spiediens-5kpa","12":"pa_izmeriscm-8-44-84-8","13":"pa_produkta-tips-elektriskie-pumpi","14":"pa_spalva-balts","15":"pa_spalva-melns","16":"pa_spalva-oranzs","18":"first","19":"outofstock","20":"taxable","21":"shipping-taxable","22":"purchasable","23":"product-type-variable","24":"has-default-attributes"},"raw_content":{"name":"FLEXTAIL - MAX PUMP 3 pumpis","description":"MAX PUMP 3 apvieno jaud\u012bgu veiktsp\u0113ju ar vieglu p\u0101rnesam\u012bbu, sverot tikai 122 gramus. Ar ieb\u016bv\u0113tu LED gaismu, tas kalpo gan k\u0101 s\u016bknis, gan k\u0101 gaismas avots, padarot to ide\u0101lu \u0101ra aktivit\u0101t\u0113m un ce\u013cojumiem. Piem\u0113rots kempingam, p\u0101rg\u0101jieniem, zvejai un cit\u0101m aktivit\u0101t\u0113m.\nMAX PUMP 3 nodro\u0161ina 5 kPa spiedienu un augstu gaisa pl\u016bsmas \u0101trumu \u2014 500 l\/min. Vienalga, vai uzp\u016b\u0161at kempinga matraci, peldri\u0146\u0137i vai uzp\u016b\u0161amo rota\u013clietu, \u0161is s\u016bknis \u0101tri un efekt\u012bvi tiks gal\u0101 ar uzdevumu. Atvadieties no manu\u0101l\u0101s uzp\u016b\u0161anas \u2014 MAX PUMP 3 uzp\u016b\u0161 pat liel\u0101kus priek\u0161metus tikai da\u017eu min\u016b\u0161u laik\u0101, ietaupot laiku un p\u016bles.\nMAX PUMP 3 ir unik\u0101ls gaismas dizains ar piln\u012bb\u0101 caursp\u012bd\u012bgu aba\u017e\u016bru, kas \u0101ra piedz\u012bvojumiem pievieno m\u016bsdien\u012bgas tehnolo\u0123ijas piesk\u0101rienu. 2\/3 apgaismot\u0101s zonas dizains nodro\u0161ina pla\u0161\u0101ku apgaismojumu. 3 spilgtuma re\u017e\u012bmi ar baterijas darb\u012bbas laiku l\u012bdz 11 stund\u0101m.\nMAX PUMP 3 pied\u0101v\u0101 vair\u0101kas lieto\u0161anas iesp\u0113jas - to var viegli piestiprin\u0101t pie stat\u012bva stabilai stacion\u0101rai lieto\u0161anai vai pakarin\u0101t, lai nodro\u0161in\u0101tu \u0113rtu lieto\u0161anu bez rok\u0101m.","short_description":"MAX PUMP 3 \u2014 jaud\u012bgs 2-in-1 p\u0101rne\u0161ams gaisa s\u016bknis ar uzl\u0101di. Sver tikai 122 gramus, nodro\u0161ina 5 kPa spiedienu un 500 l\/min gaisa pl\u016bsmu. Ide\u0101ls kempingam, p\u0101rg\u0101jieniem, zvejai un cit\u0101m \u0101ra aktivit\u0101t\u0113m.","status":"publish","sku":"D6BA-9E3F27","original":66088},"wpml":{"translation_type":1,"has_translations":true,"original":66088,"duplicates":[],"translations":{"lv":66088,"en":66869,"ru":null}},"supplier_id":null,"supplier_sku":"","barcode":null,"atum_controlled":true,"out_stock_date":null,"out_stock_threshold":null,"inheritable":true,"inbound_stock":0,"stock_on_hold":0,"sold_today":0,"sales_last_days":0,"reserved_stock":0,"customer_returns":0,"warehouse_damage":0,"lost_in_post":0,"other_logs":0,"out_stock_days":0,"lost_sales":0,"has_location":false,"update_date":"2025-12-30T14:30:29","atum_locations":[],"atum_stock_status":"outofstock","restock_status":false,"low_stock_amount":"","sales_update_date":"2025-11-13T14:07:26","calc_backorders":null,"yoast_head":"<!-- This site is optimized with the Yoast SEO plugin v27.3 - https:\/\/yoast.com\/product\/yoast-seo-wordpress\/ -->\n<title>FLEXTAIL - MAX PUMP 3 pumpis<\/title>\n<meta name=\"description\" content=\"MAX PUMP 3 \u2014 jaud\u012bgs 2-in-1 p\u0101rne\u0161ams gaisa s\u016bknis ar uzl\u0101di. Sver tikai 122 gramus, nodro\u0161ina 5 kPa spiedienu un 500 l\/min gaisa pl\u016bsmu. Ide\u0101ls kempingam, p\u0101rg\u0101jieniem, zvejai un cit\u0101m \u0101ra aktivit\u0101t\u0113m.\" \/>\n<meta name=\"robots\" content=\"index, follow, max-snippet:-1, max-image-preview:large, max-video-preview:-1\" \/>\n<link rel=\"canonical\" href=\"https:\/\/gohike.lv\/ru\/produkts\/flextail-max-pump-3\/\" \/>\n<meta property=\"og:locale\" content=\"ru_RU\" \/>\n<meta property=\"og:type\" content=\"article\" \/>\n<meta property=\"og:title\" content=\"Elektriskais pumpis - Tiny pump 2X\" \/>\n<meta property=\"og:description\" content=\"MAX PUMP 3 \u2014 jaud\u012bgs 2-in-1 p\u0101rne\u0161ams gaisa s\u016bknis ar uzl\u0101di. Sver tikai 122 gramus, nodro\u0161ina 5 kPa spiedienu un 500 l\/min gaisa pl\u016bsmu. Ide\u0101ls kempingam, p\u0101rg\u0101jieniem, zvejai un cit\u0101m \u0101ra aktivit\u0101t\u0113m.\" \/>\n<meta property=\"og:url\" content=\"https:\/\/gohike.lv\/ru\/produkts\/flextail-max-pump-3\/\" \/>\n<meta property=\"og:site_name\" content=\"GoHike\" \/>\n<meta property=\"article:publisher\" content=\"https:\/\/www.facebook.com\/gohike.shop\/\" \/>\n<meta property=\"article:modified_time\" content=\"2026-01-01T04:48:07+00:00\" \/>\n<meta property=\"og:image\" content=\"https:\/\/gohike.lv\/wp-content\/uploads\/2025\/02\/MaxPump3pro.webp\" \/>\n\t<meta property=\"og:image:width\" content=\"1000\" \/>\n\t<meta property=\"og:image:height\" content=\"1000\" \/>\n\t<meta property=\"og:image:type\" content=\"image\/webp\" \/>\n<meta name=\"twitter:card\" content=\"summary_large_image\" \/>\n<meta name=\"twitter:title\" content=\"Elektriskais pumpis - Tiny pump 2X\" \/>\n<meta name=\"twitter:label1\" content=\"\u041f\u0440\u0438\u043c\u0435\u0440\u043d\u043e\u0435 \u0432\u0440\u0435\u043c\u044f \u0434\u043b\u044f \u0447\u0442\u0435\u043d\u0438\u044f\" \/>\n\t<meta name=\"twitter:data1\" content=\"2 \u043c\u0438\u043d\u0443\u0442\u0430\" \/>\n<script type=\"application\/ld+json\" class=\"yoast-schema-graph\">{\"@context\":\"https:\\\/\\\/schema.org\",\"@graph\":[{\"@type\":[\"WebPage\",\"ItemPage\"],\"@id\":\"https:\\\/\\\/gohike.lv\\\/ru\\\/produkts\\\/flextail-max-pump-3\\\/\",\"url\":\"https:\\\/\\\/gohike.lv\\\/ru\\\/produkts\\\/flextail-max-pump-3\\\/\",\"name\":\"FLEXTAIL - MAX PUMP 3 pumpis\",\"isPartOf\":{\"@id\":\"https:\\\/\\\/gohike.lv\\\/ru\\\/#website\"},\"primaryImageOfPage\":{\"@id\":\"https:\\\/\\\/gohike.lv\\\/ru\\\/produkts\\\/flextail-max-pump-3\\\/#primaryimage\"},\"image\":{\"@id\":\"https:\\\/\\\/gohike.lv\\\/ru\\\/produkts\\\/flextail-max-pump-3\\\/#primaryimage\"},\"thumbnailUrl\":\"https:\\\/\\\/gohike.lv\\\/wp-content\\\/uploads\\\/2025\\\/02\\\/MaxPump3pro.webp\",\"datePublished\":\"2025-02-10T15:10:00+00:00\",\"dateModified\":\"2026-01-01T04:48:07+00:00\",\"description\":\"MAX PUMP 3 \u2014 jaud\u012bgs 2-in-1 p\u0101rne\u0161ams gaisa s\u016bknis ar uzl\u0101di. Sver tikai 122 gramus, nodro\u0161ina 5 kPa spiedienu un 500 l\\\/min gaisa pl\u016bsmu. Ide\u0101ls kempingam, p\u0101rg\u0101jieniem, zvejai un cit\u0101m \u0101ra aktivit\u0101t\u0113m.\",\"breadcrumb\":{\"@id\":\"https:\\\/\\\/gohike.lv\\\/ru\\\/produkts\\\/flextail-max-pump-3\\\/#breadcrumb\"},\"inLanguage\":\"ru-RU\",\"potentialAction\":[{\"@type\":\"ReadAction\",\"target\":[\"https:\\\/\\\/gohike.lv\\\/ru\\\/produkts\\\/flextail-max-pump-3\\\/\"]}]},{\"@type\":\"ImageObject\",\"inLanguage\":\"ru-RU\",\"@id\":\"https:\\\/\\\/gohike.lv\\\/ru\\\/produkts\\\/flextail-max-pump-3\\\/#primaryimage\",\"url\":\"https:\\\/\\\/gohike.lv\\\/wp-content\\\/uploads\\\/2025\\\/02\\\/MaxPump3pro.webp\",\"contentUrl\":\"https:\\\/\\\/gohike.lv\\\/wp-content\\\/uploads\\\/2025\\\/02\\\/MaxPump3pro.webp\",\"width\":1000,\"height\":1000},{\"@type\":\"BreadcrumbList\",\"@id\":\"https:\\\/\\\/gohike.lv\\\/ru\\\/produkts\\\/flextail-max-pump-3\\\/#breadcrumb\",\"itemListElement\":[{\"@type\":\"ListItem\",\"position\":1,\"name\":\"\u0413\u043b\u0430\u0432\u043d\u0430\u044f\",\"item\":\"https:\\\/\\\/gohike.lv\\\/ru\\\/\"},{\"@type\":\"ListItem\",\"position\":2,\"name\":\"\u041a\u0430\u0442\u0435\u0433\u043e\u0440\u0438\u0438 \u0442\u043e\u0432\u0430\u0440\u043e\u0432\",\"item\":\"https:\\\/\\\/gohike.lv\\\/%d0%ba%d0%b0%d1%82%d0%b5%d0%b3%d0%be%d1%80%d0%b8%d0%b8-%d1%82%d0%be%d0%b2%d0%b0%d1%80%d0%be%d0%b2\\\/\"},{\"@type\":\"ListItem\",\"position\":3,\"name\":\"FLEXTAIL &#8211; MAX PUMP 3 pumpis\"}]},{\"@type\":\"WebSite\",\"@id\":\"https:\\\/\\\/gohike.lv\\\/ru\\\/#website\",\"url\":\"https:\\\/\\\/gohike.lv\\\/ru\\\/\",\"name\":\"GoHike\",\"description\":\"\",\"publisher\":{\"@id\":\"https:\\\/\\\/gohike.lv\\\/ru\\\/#organization\"},\"potentialAction\":[{\"@type\":\"SearchAction\",\"target\":{\"@type\":\"EntryPoint\",\"urlTemplate\":\"https:\\\/\\\/gohike.lv\\\/ru\\\/?s={search_term_string}\"},\"query-input\":{\"@type\":\"PropertyValueSpecification\",\"valueRequired\":true,\"valueName\":\"search_term_string\"}}],\"inLanguage\":\"ru-RU\"},{\"@type\":\"Organization\",\"@id\":\"https:\\\/\\\/gohike.lv\\\/ru\\\/#organization\",\"name\":\"GoHike\",\"url\":\"https:\\\/\\\/gohike.lv\\\/ru\\\/\",\"logo\":{\"@type\":\"ImageObject\",\"inLanguage\":\"ru-RU\",\"@id\":\"https:\\\/\\\/gohike.lv\\\/ru\\\/#\\\/schema\\\/logo\\\/image\\\/\",\"url\":\"https:\\\/\\\/gohike.lv\\\/wp-content\\\/uploads\\\/2023\\\/08\\\/Logo_GoHike.webp\",\"contentUrl\":\"https:\\\/\\\/gohike.lv\\\/wp-content\\\/uploads\\\/2023\\\/08\\\/Logo_GoHike.webp\",\"width\":512,\"height\":512,\"caption\":\"GoHike\"},\"image\":{\"@id\":\"https:\\\/\\\/gohike.lv\\\/ru\\\/#\\\/schema\\\/logo\\\/image\\\/\"},\"sameAs\":[\"https:\\\/\\\/www.facebook.com\\\/gohike.shop\\\/\",\"https:\\\/\\\/www.instagram.com\\\/gohike.shop\\\/\"]}]}<\/script>\n<!-- \/ Yoast SEO plugin. -->","yoast_head_json":{"title":"FLEXTAIL - MAX PUMP 3 pumpis","description":"MAX PUMP 3 \u2014 jaud\u012bgs 2-in-1 p\u0101rne\u0161ams gaisa s\u016bknis ar uzl\u0101di. Sver tikai 122 gramus, nodro\u0161ina 5 kPa spiedienu un 500 l\/min gaisa pl\u016bsmu. Ide\u0101ls kempingam, p\u0101rg\u0101jieniem, zvejai un cit\u0101m \u0101ra aktivit\u0101t\u0113m.","robots":{"index":"index","follow":"follow","max-snippet":"max-snippet:-1","max-image-preview":"max-image-preview:large","max-video-preview":"max-video-preview:-1"},"canonical":"https:\/\/gohike.lv\/ru\/produkts\/flextail-max-pump-3\/","og_locale":"ru_RU","og_type":"article","og_title":"Elektriskais pumpis - Tiny pump 2X","og_description":"MAX PUMP 3 \u2014 jaud\u012bgs 2-in-1 p\u0101rne\u0161ams gaisa s\u016bknis ar uzl\u0101di. Sver tikai 122 gramus, nodro\u0161ina 5 kPa spiedienu un 500 l\/min gaisa pl\u016bsmu. Ide\u0101ls kempingam, p\u0101rg\u0101jieniem, zvejai un cit\u0101m \u0101ra aktivit\u0101t\u0113m.","og_url":"https:\/\/gohike.lv\/ru\/produkts\/flextail-max-pump-3\/","og_site_name":"GoHike","article_publisher":"https:\/\/www.facebook.com\/gohike.shop\/","article_modified_time":"2026-01-01T04:48:07+00:00","og_image":[{"width":1000,"height":1000,"url":"https:\/\/gohike.lv\/wp-content\/uploads\/2025\/02\/MaxPump3pro.webp","type":"image\/webp"}],"twitter_card":"summary_large_image","twitter_title":"Elektriskais pumpis - Tiny pump 2X","twitter_misc":{"\u041f\u0440\u0438\u043c\u0435\u0440\u043d\u043e\u0435 \u0432\u0440\u0435\u043c\u044f \u0434\u043b\u044f \u0447\u0442\u0435\u043d\u0438\u044f":"2 \u043c\u0438\u043d\u0443\u0442\u0430"},"schema":{"@context":"https:\/\/schema.org","@graph":[{"@type":["WebPage","ItemPage"],"@id":"https:\/\/gohike.lv\/ru\/produkts\/flextail-max-pump-3\/","url":"https:\/\/gohike.lv\/ru\/produkts\/flextail-max-pump-3\/","name":"FLEXTAIL - MAX PUMP 3 pumpis","isPartOf":{"@id":"https:\/\/gohike.lv\/ru\/#website"},"primaryImageOfPage":{"@id":"https:\/\/gohike.lv\/ru\/produkts\/flextail-max-pump-3\/#primaryimage"},"image":{"@id":"https:\/\/gohike.lv\/ru\/produkts\/flextail-max-pump-3\/#primaryimage"},"thumbnailUrl":"https:\/\/gohike.lv\/wp-content\/uploads\/2025\/02\/MaxPump3pro.webp","datePublished":"2025-02-10T15:10:00+00:00","dateModified":"2026-01-01T04:48:07+00:00","description":"MAX PUMP 3 \u2014 jaud\u012bgs 2-in-1 p\u0101rne\u0161ams gaisa s\u016bknis ar uzl\u0101di. Sver tikai 122 gramus, nodro\u0161ina 5 kPa spiedienu un 500 l\/min gaisa pl\u016bsmu. Ide\u0101ls kempingam, p\u0101rg\u0101jieniem, zvejai un cit\u0101m \u0101ra aktivit\u0101t\u0113m.","breadcrumb":{"@id":"https:\/\/gohike.lv\/ru\/produkts\/flextail-max-pump-3\/#breadcrumb"},"inLanguage":"ru-RU","potentialAction":[{"@type":"ReadAction","target":["https:\/\/gohike.lv\/ru\/produkts\/flextail-max-pump-3\/"]}]},{"@type":"ImageObject","inLanguage":"ru-RU","@id":"https:\/\/gohike.lv\/ru\/produkts\/flextail-max-pump-3\/#primaryimage","url":"https:\/\/gohike.lv\/wp-content\/uploads\/2025\/02\/MaxPump3pro.webp","contentUrl":"https:\/\/gohike.lv\/wp-content\/uploads\/2025\/02\/MaxPump3pro.webp","width":1000,"height":1000},{"@type":"BreadcrumbList","@id":"https:\/\/gohike.lv\/ru\/produkts\/flextail-max-pump-3\/#breadcrumb","itemListElement":[{"@type":"ListItem","position":1,"name":"\u0413\u043b\u0430\u0432\u043d\u0430\u044f","item":"https:\/\/gohike.lv\/ru\/"},{"@type":"ListItem","position":2,"name":"\u041a\u0430\u0442\u0435\u0433\u043e\u0440\u0438\u0438 \u0442\u043e\u0432\u0430\u0440\u043e\u0432","item":"https:\/\/gohike.lv\/%d0%ba%d0%b0%d1%82%d0%b5%d0%b3%d0%be%d1%80%d0%b8%d0%b8-%d1%82%d0%be%d0%b2%d0%b0%d1%80%d0%be%d0%b2\/"},{"@type":"ListItem","position":3,"name":"FLEXTAIL &#8211; MAX PUMP 3 pumpis"}]},{"@type":"WebSite","@id":"https:\/\/gohike.lv\/ru\/#website","url":"https:\/\/gohike.lv\/ru\/","name":"GoHike","description":"","publisher":{"@id":"https:\/\/gohike.lv\/ru\/#organization"},"potentialAction":[{"@type":"SearchAction","target":{"@type":"EntryPoint","urlTemplate":"https:\/\/gohike.lv\/ru\/?s={search_term_string}"},"query-input":{"@type":"PropertyValueSpecification","valueRequired":true,"valueName":"search_term_string"}}],"inLanguage":"ru-RU"},{"@type":"Organization","@id":"https:\/\/gohike.lv\/ru\/#organization","name":"GoHike","url":"https:\/\/gohike.lv\/ru\/","logo":{"@type":"ImageObject","inLanguage":"ru-RU","@id":"https:\/\/gohike.lv\/ru\/#\/schema\/logo\/image\/","url":"https:\/\/gohike.lv\/wp-content\/uploads\/2023\/08\/Logo_GoHike.webp","contentUrl":"https:\/\/gohike.lv\/wp-content\/uploads\/2023\/08\/Logo_GoHike.webp","width":512,"height":512,"caption":"GoHike"},"image":{"@id":"https:\/\/gohike.lv\/ru\/#\/schema\/logo\/image\/"},"sameAs":["https:\/\/www.facebook.com\/gohike.shop\/","https:\/\/www.instagram.com\/gohike.shop\/"]}]}},"jetpack_sharing_enabled":true,"_links":{"self":[{"href":"https:\/\/gohike.lv\/ru\/wp-json\/wp\/v2\/product\/66088","targetHints":{"allow":["GET"]}}],"collection":[{"href":"https:\/\/gohike.lv\/ru\/wp-json\/wp\/v2\/product"}],"about":[{"href":"https:\/\/gohike.lv\/ru\/wp-json\/wp\/v2\/types\/product"}],"version-history":[{"count":0,"href":"https:\/\/gohike.lv\/ru\/wp-json\/wp\/v2\/product\/66088\/revisions"}],"wp:featuredmedia":[{"embeddable":true,"href":"https:\/\/gohike.lv\/ru\/wp-json\/wp\/v2\/media\/66094"}],"wp:attachment":[{"href":"https:\/\/gohike.lv\/ru\/wp-json\/wp\/v2\/media?parent=66088"}],"wp:term":[{"taxonomy":"product_brand","embeddable":true,"href":"https:\/\/gohike.lv\/ru\/wp-json\/wp\/v2\/product_brand?post=66088"},{"taxonomy":"product_cat","embeddable":true,"href":"https:\/\/gohike.lv\/ru\/wp-json\/wp\/v2\/product_cat?post=66088"},{"taxonomy":"product_tag","embeddable":true,"href":"https:\/\/gohike.lv\/ru\/wp-json\/wp\/v2\/product_tag?post=66088"}],"curies":[{"name":"wp","href":"https:\/\/api.w.org\/{rel}","templated":true}]}}