{"id":66046,"date":"2025-02-10T16:48:20","date_gmt":"2025-02-10T13:48:20","guid":{"rendered":"https:\/\/gohike.lv\/?post_type=product&#038;p=66046"},"modified":"2026-03-11T20:49:58","modified_gmt":"2026-03-11T17:49:58","slug":"flextail-tiny-pump-x","status":"publish","type":"product","link":"https:\/\/gohike.lv\/ru\/produkts\/flextail-tiny-pump-x\/","title":{"rendered":"FLEXTAIL &#8212; Tiny pump X pumpis"},"content":{"rendered":"<p>Jaud\u012bgs un daudzfunkcion\u0101ls pumpis, ko var piestiprin\u0101t pie mugursomas vai ievietot kabat\u0101. B\u016bs izcils pal\u012bgs kemping\u0101, p\u0101rg\u0101jienos, pludmal\u0113, k\u0101 ar\u012b m\u0101j\u0101s.<br \/>\nApr\u012bkots ar jaun\u0101ko AIR VORTECH\u2122 tehnolo\u0123iju, tas sp\u0113j sasniegt l\u012bdz 4 kPa gaisa spiedienu un 180 l\/min gaisa pl\u016bsmu.<br \/>\nAr vienu uzl\u0101di var uzp\u016bst 12 peldri\u0146\u0137us, 10\u201315 kempinga matra\u010dus, 1\u20132 biezus gaisa spilvenus.<br \/>\nTo var izmantot ar\u012b vakuuma maisiem, lai uzglab\u0101tu rezerves segu vai sezonas ap\u0123\u0113rbu.<br \/>\n3 re\u017e\u012bmu kempinga lukturis ar tr\u012bs spilgtuma re\u017e\u012bmiem (200 l\u016bmeni \/ 100 l\u016bmeni \/ 20 l\u016bmeni) nodro\u0161ina v\u0113lamo apgaismojumu jebkur\u0101 viet\u0101, un apgaismojums var darboties l\u012bdz 22 stund\u0101m.<br \/>\nUzl\u0101d\u0113jama 800 mAh litija baterija. Ar vienu uzl\u0101di pumpis var darboties l\u012bdz 20 min\u016bt\u0113m. Type-C l\u0101d\u0113\u0161anas ports atbalsta 4 uzl\u0101des veidus: no power bank, kl\u0113pjdatora, automa\u0161\u012bnas l\u0101d\u0113t\u0101ja vai t\u012bkla adaptera.<br \/>\nRaksturlielumi:<br \/>\nSvars: 47 gr.;<br \/>\nIzm\u0113rs: 4 cm x 4,4 cm x 5,3 cm.<\/p>\n","protected":false},"excerpt":{"rendered":"<p>TINY PUMP X 2024 3-in-1 ir kompakts, bet jaud\u012bgs un daudzfunkcion\u0101ls pumpis.<\/p>\n","protected":false},"featured_media":66057,"template":"","meta":[],"product_brand":[1653],"product_cat":[1643,1510],"product_tag":[],"class_list":{"0":"post-66046","1":"product","2":"type-product","3":"status-publish","4":"has-post-thumbnail","6":"product_brand-flextail-lv","7":"product_cat-elektronika","8":"product_cat-paklajini-un-spilveni","9":"pa_darbibas-laiks-max-20mins","10":"pa_gaisa-plusma-180l-min","11":"pa_gaisa-spiediens-4kpa","12":"pa_izmeriscm-44-45-3","13":"pa_produkta-tips-elektriskie-pumpi","14":"pa_spalva-balts","15":"pa_spalva-melns","16":"pa_spalva-oranzs","18":"first","19":"instock","20":"taxable","21":"shipping-taxable","22":"purchasable","23":"product-type-variable","24":"has-default-attributes"},"raw_content":{"name":"FLEXTAIL - Tiny pump X pumpis","description":"Jaud\u012bgs un daudzfunkcion\u0101ls pumpis, ko var piestiprin\u0101t pie mugursomas vai ievietot kabat\u0101. B\u016bs izcils pal\u012bgs kemping\u0101, p\u0101rg\u0101jienos, pludmal\u0113, k\u0101 ar\u012b m\u0101j\u0101s.\nApr\u012bkots ar jaun\u0101ko AIR VORTECH\u2122 tehnolo\u0123iju, tas sp\u0113j sasniegt l\u012bdz 4 kPa gaisa spiedienu un 180 l\/min gaisa pl\u016bsmu.\nAr vienu uzl\u0101di var uzp\u016bst 12 peldri\u0146\u0137us, 10\u201315 kempinga matra\u010dus, 1\u20132 biezus gaisa spilvenus.\nTo var izmantot ar\u012b vakuuma maisiem, lai uzglab\u0101tu rezerves segu vai sezonas ap\u0123\u0113rbu.\n3 re\u017e\u012bmu kempinga lukturis ar tr\u012bs spilgtuma re\u017e\u012bmiem (200 l\u016bmeni \/ 100 l\u016bmeni \/ 20 l\u016bmeni) nodro\u0161ina v\u0113lamo apgaismojumu jebkur\u0101 viet\u0101, un apgaismojums var darboties l\u012bdz 22 stund\u0101m.\nUzl\u0101d\u0113jama 800 mAh litija baterija. Ar vienu uzl\u0101di pumpis var darboties l\u012bdz 20 min\u016bt\u0113m. Type-C l\u0101d\u0113\u0161anas ports atbalsta 4 uzl\u0101des veidus: no power bank, kl\u0113pjdatora, automa\u0161\u012bnas l\u0101d\u0113t\u0101ja vai t\u012bkla adaptera.\nRaksturlielumi:\nSvars: 47 gr.;\nIzm\u0113rs: 4 cm x 4,4 cm x 5,3 cm.","short_description":"TINY PUMP X 2024 3-in-1 ir kompakts, bet jaud\u012bgs un daudzfunkcion\u0101ls pumpis.","status":"publish","sku":"8ECB-B33620","original":66046},"wpml":{"translation_type":1,"has_translations":true,"original":66046,"duplicates":[],"translations":{"lv":66046,"en":66864,"ru":null}},"supplier_id":null,"supplier_sku":"","barcode":null,"atum_controlled":true,"out_stock_date":null,"out_stock_threshold":null,"inheritable":true,"inbound_stock":0,"stock_on_hold":0,"sold_today":0,"sales_last_days":1,"reserved_stock":0,"customer_returns":0,"warehouse_damage":0,"lost_in_post":0,"other_logs":0,"out_stock_days":0,"lost_sales":0,"has_location":false,"update_date":"2025-12-30T14:30:29","atum_locations":[],"atum_stock_status":"instock","restock_status":false,"low_stock_amount":"","sales_update_date":"2025-11-13T14:08:33","calc_backorders":null,"yoast_head":"<!-- This site is optimized with the Yoast SEO plugin v27.3 - https:\/\/yoast.com\/product\/yoast-seo-wordpress\/ -->\n<title>FLEXTAIL - Tiny pump X pumpis<\/title>\n<meta name=\"description\" content=\"TINY PUMP X 2024 3-in-1 ir kompakts, bet jaud\u012bgs un daudzfunkcion\u0101ls pumpis.\" \/>\n<meta name=\"robots\" content=\"index, follow, max-snippet:-1, max-image-preview:large, max-video-preview:-1\" \/>\n<link rel=\"canonical\" href=\"https:\/\/gohike.lv\/ru\/produkts\/flextail-tiny-pump-x\/\" \/>\n<meta property=\"og:locale\" content=\"ru_RU\" \/>\n<meta property=\"og:type\" content=\"article\" \/>\n<meta property=\"og:title\" content=\"Elektriskais pumpis - Tiny pump 2X\" \/>\n<meta property=\"og:description\" content=\"TINY PUMP X 2024 3-in-1 ir kompakts, bet jaud\u012bgs un daudzfunkcion\u0101ls pumpis.\" \/>\n<meta property=\"og:url\" content=\"https:\/\/gohike.lv\/ru\/produkts\/flextail-tiny-pump-x\/\" \/>\n<meta property=\"og:site_name\" content=\"GoHike\" \/>\n<meta property=\"article:publisher\" content=\"https:\/\/www.facebook.com\/gohike.shop\/\" \/>\n<meta property=\"article:modified_time\" content=\"2026-03-11T17:49:58+00:00\" \/>\n<meta property=\"og:image\" content=\"https:\/\/gohike.lv\/wp-content\/uploads\/2025\/02\/TinyPumpX.webp\" \/>\n\t<meta property=\"og:image:width\" content=\"1000\" \/>\n\t<meta property=\"og:image:height\" content=\"1000\" \/>\n\t<meta property=\"og:image:type\" content=\"image\/webp\" \/>\n<meta name=\"twitter:card\" content=\"summary_large_image\" \/>\n<meta name=\"twitter:title\" content=\"Elektriskais pumpis - Tiny pump 2X\" \/>\n<meta name=\"twitter:label1\" content=\"\u041f\u0440\u0438\u043c\u0435\u0440\u043d\u043e\u0435 \u0432\u0440\u0435\u043c\u044f \u0434\u043b\u044f \u0447\u0442\u0435\u043d\u0438\u044f\" \/>\n\t<meta name=\"twitter:data1\" content=\"1 \u043c\u0438\u043d\u0443\u0442\u0430\" \/>\n<script type=\"application\/ld+json\" class=\"yoast-schema-graph\">{\"@context\":\"https:\\\/\\\/schema.org\",\"@graph\":[{\"@type\":[\"WebPage\",\"ItemPage\"],\"@id\":\"https:\\\/\\\/gohike.lv\\\/ru\\\/produkts\\\/flextail-tiny-pump-x\\\/\",\"url\":\"https:\\\/\\\/gohike.lv\\\/ru\\\/produkts\\\/flextail-tiny-pump-x\\\/\",\"name\":\"FLEXTAIL - Tiny pump X pumpis\",\"isPartOf\":{\"@id\":\"https:\\\/\\\/gohike.lv\\\/ru\\\/#website\"},\"primaryImageOfPage\":{\"@id\":\"https:\\\/\\\/gohike.lv\\\/ru\\\/produkts\\\/flextail-tiny-pump-x\\\/#primaryimage\"},\"image\":{\"@id\":\"https:\\\/\\\/gohike.lv\\\/ru\\\/produkts\\\/flextail-tiny-pump-x\\\/#primaryimage\"},\"thumbnailUrl\":\"https:\\\/\\\/gohike.lv\\\/wp-content\\\/uploads\\\/2025\\\/02\\\/TinyPumpX.webp\",\"datePublished\":\"2025-02-10T13:48:20+00:00\",\"dateModified\":\"2026-03-11T17:49:58+00:00\",\"description\":\"TINY PUMP X 2024 3-in-1 ir kompakts, bet jaud\u012bgs un daudzfunkcion\u0101ls pumpis.\",\"breadcrumb\":{\"@id\":\"https:\\\/\\\/gohike.lv\\\/ru\\\/produkts\\\/flextail-tiny-pump-x\\\/#breadcrumb\"},\"inLanguage\":\"ru-RU\",\"potentialAction\":[{\"@type\":\"ReadAction\",\"target\":[\"https:\\\/\\\/gohike.lv\\\/ru\\\/produkts\\\/flextail-tiny-pump-x\\\/\"]}]},{\"@type\":\"ImageObject\",\"inLanguage\":\"ru-RU\",\"@id\":\"https:\\\/\\\/gohike.lv\\\/ru\\\/produkts\\\/flextail-tiny-pump-x\\\/#primaryimage\",\"url\":\"https:\\\/\\\/gohike.lv\\\/wp-content\\\/uploads\\\/2025\\\/02\\\/TinyPumpX.webp\",\"contentUrl\":\"https:\\\/\\\/gohike.lv\\\/wp-content\\\/uploads\\\/2025\\\/02\\\/TinyPumpX.webp\",\"width\":1000,\"height\":1000},{\"@type\":\"BreadcrumbList\",\"@id\":\"https:\\\/\\\/gohike.lv\\\/ru\\\/produkts\\\/flextail-tiny-pump-x\\\/#breadcrumb\",\"itemListElement\":[{\"@type\":\"ListItem\",\"position\":1,\"name\":\"\u0413\u043b\u0430\u0432\u043d\u0430\u044f\",\"item\":\"https:\\\/\\\/gohike.lv\\\/ru\\\/\"},{\"@type\":\"ListItem\",\"position\":2,\"name\":\"\u041a\u0430\u0442\u0435\u0433\u043e\u0440\u0438\u0438 \u0442\u043e\u0432\u0430\u0440\u043e\u0432\",\"item\":\"https:\\\/\\\/gohike.lv\\\/%d0%ba%d0%b0%d1%82%d0%b5%d0%b3%d0%be%d1%80%d0%b8%d0%b8-%d1%82%d0%be%d0%b2%d0%b0%d1%80%d0%be%d0%b2\\\/\"},{\"@type\":\"ListItem\",\"position\":3,\"name\":\"FLEXTAIL &#8211; Tiny pump X pumpis\"}]},{\"@type\":\"WebSite\",\"@id\":\"https:\\\/\\\/gohike.lv\\\/ru\\\/#website\",\"url\":\"https:\\\/\\\/gohike.lv\\\/ru\\\/\",\"name\":\"GoHike\",\"description\":\"\",\"publisher\":{\"@id\":\"https:\\\/\\\/gohike.lv\\\/ru\\\/#organization\"},\"potentialAction\":[{\"@type\":\"SearchAction\",\"target\":{\"@type\":\"EntryPoint\",\"urlTemplate\":\"https:\\\/\\\/gohike.lv\\\/ru\\\/?s={search_term_string}\"},\"query-input\":{\"@type\":\"PropertyValueSpecification\",\"valueRequired\":true,\"valueName\":\"search_term_string\"}}],\"inLanguage\":\"ru-RU\"},{\"@type\":\"Organization\",\"@id\":\"https:\\\/\\\/gohike.lv\\\/ru\\\/#organization\",\"name\":\"GoHike\",\"url\":\"https:\\\/\\\/gohike.lv\\\/ru\\\/\",\"logo\":{\"@type\":\"ImageObject\",\"inLanguage\":\"ru-RU\",\"@id\":\"https:\\\/\\\/gohike.lv\\\/ru\\\/#\\\/schema\\\/logo\\\/image\\\/\",\"url\":\"https:\\\/\\\/gohike.lv\\\/wp-content\\\/uploads\\\/2023\\\/08\\\/Logo_GoHike.webp\",\"contentUrl\":\"https:\\\/\\\/gohike.lv\\\/wp-content\\\/uploads\\\/2023\\\/08\\\/Logo_GoHike.webp\",\"width\":512,\"height\":512,\"caption\":\"GoHike\"},\"image\":{\"@id\":\"https:\\\/\\\/gohike.lv\\\/ru\\\/#\\\/schema\\\/logo\\\/image\\\/\"},\"sameAs\":[\"https:\\\/\\\/www.facebook.com\\\/gohike.shop\\\/\",\"https:\\\/\\\/www.instagram.com\\\/gohike.shop\\\/\"]}]}<\/script>\n<!-- \/ Yoast SEO plugin. -->","yoast_head_json":{"title":"FLEXTAIL - Tiny pump X pumpis","description":"TINY PUMP X 2024 3-in-1 ir kompakts, bet jaud\u012bgs un daudzfunkcion\u0101ls pumpis.","robots":{"index":"index","follow":"follow","max-snippet":"max-snippet:-1","max-image-preview":"max-image-preview:large","max-video-preview":"max-video-preview:-1"},"canonical":"https:\/\/gohike.lv\/ru\/produkts\/flextail-tiny-pump-x\/","og_locale":"ru_RU","og_type":"article","og_title":"Elektriskais pumpis - Tiny pump 2X","og_description":"TINY PUMP X 2024 3-in-1 ir kompakts, bet jaud\u012bgs un daudzfunkcion\u0101ls pumpis.","og_url":"https:\/\/gohike.lv\/ru\/produkts\/flextail-tiny-pump-x\/","og_site_name":"GoHike","article_publisher":"https:\/\/www.facebook.com\/gohike.shop\/","article_modified_time":"2026-03-11T17:49:58+00:00","og_image":[{"width":1000,"height":1000,"url":"https:\/\/gohike.lv\/wp-content\/uploads\/2025\/02\/TinyPumpX.webp","type":"image\/webp"}],"twitter_card":"summary_large_image","twitter_title":"Elektriskais pumpis - Tiny pump 2X","twitter_misc":{"\u041f\u0440\u0438\u043c\u0435\u0440\u043d\u043e\u0435 \u0432\u0440\u0435\u043c\u044f \u0434\u043b\u044f \u0447\u0442\u0435\u043d\u0438\u044f":"1 \u043c\u0438\u043d\u0443\u0442\u0430"},"schema":{"@context":"https:\/\/schema.org","@graph":[{"@type":["WebPage","ItemPage"],"@id":"https:\/\/gohike.lv\/ru\/produkts\/flextail-tiny-pump-x\/","url":"https:\/\/gohike.lv\/ru\/produkts\/flextail-tiny-pump-x\/","name":"FLEXTAIL - Tiny pump X pumpis","isPartOf":{"@id":"https:\/\/gohike.lv\/ru\/#website"},"primaryImageOfPage":{"@id":"https:\/\/gohike.lv\/ru\/produkts\/flextail-tiny-pump-x\/#primaryimage"},"image":{"@id":"https:\/\/gohike.lv\/ru\/produkts\/flextail-tiny-pump-x\/#primaryimage"},"thumbnailUrl":"https:\/\/gohike.lv\/wp-content\/uploads\/2025\/02\/TinyPumpX.webp","datePublished":"2025-02-10T13:48:20+00:00","dateModified":"2026-03-11T17:49:58+00:00","description":"TINY PUMP X 2024 3-in-1 ir kompakts, bet jaud\u012bgs un daudzfunkcion\u0101ls pumpis.","breadcrumb":{"@id":"https:\/\/gohike.lv\/ru\/produkts\/flextail-tiny-pump-x\/#breadcrumb"},"inLanguage":"ru-RU","potentialAction":[{"@type":"ReadAction","target":["https:\/\/gohike.lv\/ru\/produkts\/flextail-tiny-pump-x\/"]}]},{"@type":"ImageObject","inLanguage":"ru-RU","@id":"https:\/\/gohike.lv\/ru\/produkts\/flextail-tiny-pump-x\/#primaryimage","url":"https:\/\/gohike.lv\/wp-content\/uploads\/2025\/02\/TinyPumpX.webp","contentUrl":"https:\/\/gohike.lv\/wp-content\/uploads\/2025\/02\/TinyPumpX.webp","width":1000,"height":1000},{"@type":"BreadcrumbList","@id":"https:\/\/gohike.lv\/ru\/produkts\/flextail-tiny-pump-x\/#breadcrumb","itemListElement":[{"@type":"ListItem","position":1,"name":"\u0413\u043b\u0430\u0432\u043d\u0430\u044f","item":"https:\/\/gohike.lv\/ru\/"},{"@type":"ListItem","position":2,"name":"\u041a\u0430\u0442\u0435\u0433\u043e\u0440\u0438\u0438 \u0442\u043e\u0432\u0430\u0440\u043e\u0432","item":"https:\/\/gohike.lv\/%d0%ba%d0%b0%d1%82%d0%b5%d0%b3%d0%be%d1%80%d0%b8%d0%b8-%d1%82%d0%be%d0%b2%d0%b0%d1%80%d0%be%d0%b2\/"},{"@type":"ListItem","position":3,"name":"FLEXTAIL &#8211; Tiny pump X pumpis"}]},{"@type":"WebSite","@id":"https:\/\/gohike.lv\/ru\/#website","url":"https:\/\/gohike.lv\/ru\/","name":"GoHike","description":"","publisher":{"@id":"https:\/\/gohike.lv\/ru\/#organization"},"potentialAction":[{"@type":"SearchAction","target":{"@type":"EntryPoint","urlTemplate":"https:\/\/gohike.lv\/ru\/?s={search_term_string}"},"query-input":{"@type":"PropertyValueSpecification","valueRequired":true,"valueName":"search_term_string"}}],"inLanguage":"ru-RU"},{"@type":"Organization","@id":"https:\/\/gohike.lv\/ru\/#organization","name":"GoHike","url":"https:\/\/gohike.lv\/ru\/","logo":{"@type":"ImageObject","inLanguage":"ru-RU","@id":"https:\/\/gohike.lv\/ru\/#\/schema\/logo\/image\/","url":"https:\/\/gohike.lv\/wp-content\/uploads\/2023\/08\/Logo_GoHike.webp","contentUrl":"https:\/\/gohike.lv\/wp-content\/uploads\/2023\/08\/Logo_GoHike.webp","width":512,"height":512,"caption":"GoHike"},"image":{"@id":"https:\/\/gohike.lv\/ru\/#\/schema\/logo\/image\/"},"sameAs":["https:\/\/www.facebook.com\/gohike.shop\/","https:\/\/www.instagram.com\/gohike.shop\/"]}]}},"jetpack_sharing_enabled":true,"_links":{"self":[{"href":"https:\/\/gohike.lv\/ru\/wp-json\/wp\/v2\/product\/66046","targetHints":{"allow":["GET"]}}],"collection":[{"href":"https:\/\/gohike.lv\/ru\/wp-json\/wp\/v2\/product"}],"about":[{"href":"https:\/\/gohike.lv\/ru\/wp-json\/wp\/v2\/types\/product"}],"version-history":[{"count":0,"href":"https:\/\/gohike.lv\/ru\/wp-json\/wp\/v2\/product\/66046\/revisions"}],"wp:featuredmedia":[{"embeddable":true,"href":"https:\/\/gohike.lv\/ru\/wp-json\/wp\/v2\/media\/66057"}],"wp:attachment":[{"href":"https:\/\/gohike.lv\/ru\/wp-json\/wp\/v2\/media?parent=66046"}],"wp:term":[{"taxonomy":"product_brand","embeddable":true,"href":"https:\/\/gohike.lv\/ru\/wp-json\/wp\/v2\/product_brand?post=66046"},{"taxonomy":"product_cat","embeddable":true,"href":"https:\/\/gohike.lv\/ru\/wp-json\/wp\/v2\/product_cat?post=66046"},{"taxonomy":"product_tag","embeddable":true,"href":"https:\/\/gohike.lv\/ru\/wp-json\/wp\/v2\/product_tag?post=66046"}],"curies":[{"name":"wp","href":"https:\/\/api.w.org\/{rel}","templated":true}]}}