{"id":65914,"date":"2025-01-23T14:22:19","date_gmt":"2025-01-23T11:22:19","guid":{"rendered":"https:\/\/gohike.lv\/?post_type=product&#038;p=65914"},"modified":"2026-03-19T17:52:16","modified_gmt":"2026-03-19T14:52:16","slug":"bolero-energijas-dzeriens-mango","status":"publish","type":"product","link":"https:\/\/gohike.lv\/ru\/produkts\/bolero-energijas-dzeriens-mango\/","title":{"rendered":"Bolero &#8212; Ener\u0123ijas dz\u0113riens: Mango gar\u0161a, 7g"},"content":{"rendered":"<p>Produkta \u012bpa\u0161\u012bbas:<br \/>\n\u2022 satur BCAA aminosk\u0101bes (7%): L-leic\u012bns, L-izoleic\u012bns, L-val\u012bns;<br \/>\n\u2022 bag\u0101tin\u0101ts ar L-argin\u012bnu (0,36%) un guar\u0101nas s\u0113klu ekstraktu;<br \/>\n\u2022 satur B grupas vitam\u012bnus (niac\u012bns, pantot\u0113nsk\u0101be, B6, B12);<br \/>\n\u2022 pievienoti saldin\u0101t\u0101ji: acesulf\u0101ms K, sukraloze, st\u0113vijas glikoz\u012bdi;<br \/>\n\u2022 augsts kofe\u012bna saturs (32 mg\/100 ml);<br \/>\n\u2022 katra paci\u0146a (7 g) paredz\u0113ta 250 ml \u016bdens.<br \/>\nLieto\u0161ana:<br \/>\nIz\u0161\u0137\u012bdiniet paci\u0146as saturu 250 ml \u016bdens, r\u016bp\u012bgi samaisiet un baudiet.<br \/>\nSvar\u012bgi!<br \/>\nNav piem\u0113rots b\u0113rniem, gr\u016btniec\u0113m, sieviet\u0113m, kas baro ar kr\u016bti, vai cilv\u0113kiem ar paaugstin\u0101tu jut\u012bbu pret kofe\u012bnu. Lietot atbild\u012bgi!<br \/>\nSast\u0101vda\u013cas:<br \/>\n\u2022 sk\u0101bes: citronsk\u0101be;<br \/>\n\u2022 n\u0101trija hidrog\u0113nkarbon\u0101ts, n\u0101trija citr\u0101ts;<br \/>\n\u2022 BCAA (7%): L-leic\u012bns, L-izoleic\u012bns, L-val\u012bns;<br \/>\n\u2022 guar\u0101nas s\u0113klu ekstrakts;<br \/>\n\u2022 saldin\u0101t\u0101ji: acesulf\u0101ms K, sukraloze, st\u0113vijas glikoz\u012bdi;<br \/>\n\u2022 kofe\u012bns (0,9%);<br \/>\n\u2022 L-argin\u012bns (0,36%);<br \/>\n\u2022 niac\u012bns, D-pantoten\u0101ts (kalcijs), piridoks\u012bna hidrohlor\u012bds, ci\u0101nkobalam\u012bns;<br \/>\n\u2022 aromatiz\u0113t\u0101ji;<br \/>\n\u2022 pretsalipes viela: kalcija fosf\u0101ts;<br \/>\n\u2022 kr\u0101svielas: karot\u012bni, beta-apo-8&#8242;-karotin\u0101ls (C 30);<br \/>\n\u2022 inul\u012bna \u0161\u0137iedrvielas.<br \/>\nUzturv\u0113rt\u012bba uz 100 ml:<br \/>\n\u2022 ener\u0123\u0113tisk\u0101 v\u0113rt\u012bba: 24 kJ \/ 6 kcal;<br \/>\n\u2022 tauki: 0 g, tostarp pies\u0101tin\u0101t\u0101s tauksk\u0101bes: 0 g;<br \/>\n\u2022 og\u013chidr\u0101ti: 0 g, tostarp cukuri: 0 g;<br \/>\n\u2022 olbaltumvielas:<\/p>\n","protected":false},"excerpt":{"rendered":"<p>Izbaudiet atsvaidzino\u0161o mango gar\u0161u ar ener\u0123ijas dz\u0113rienu, kas bag\u0101tin\u0101ts ar kofe\u012bnu, BCAA aminosk\u0101b\u0113m un B grupas vitam\u012bniem. Izcelsmes valsts: Bulg\u0101rija<\/p>\n","protected":false},"featured_media":65915,"template":"","meta":[],"product_brand":[9444],"product_cat":[896],"product_tag":[],"class_list":{"0":"post-65914","1":"product","2":"type-product","3":"status-publish","4":"has-post-thumbnail","6":"product_brand-bolero","7":"product_cat-turistu-partika-un-dzerieni","8":"pa_produkta-tips-uzkodas-un-dzerieni","10":"first","11":"instock","12":"taxable","13":"shipping-taxable","14":"purchasable","15":"product-type-simple"},"raw_content":{"name":"Bolero - Ener\u0123ijas dz\u0113riens: Mango gar\u0161a, 7g","description":"Produkta \u012bpa\u0161\u012bbas:\r\n\u2022 satur BCAA aminosk\u0101bes (7%): L-leic\u012bns, L-izoleic\u012bns, L-val\u012bns;\r\n\u2022 bag\u0101tin\u0101ts ar L-argin\u012bnu (0,36%) un guar\u0101nas s\u0113klu ekstraktu;\r\n\u2022 satur B grupas vitam\u012bnus (niac\u012bns, pantot\u0113nsk\u0101be, B6, B12);\r\n\u2022 pievienoti saldin\u0101t\u0101ji: acesulf\u0101ms K, sukraloze, st\u0113vijas glikoz\u012bdi;\r\n\u2022 augsts kofe\u012bna saturs (32 mg\/100 ml);\r\n\u2022 katra paci\u0146a (7 g) paredz\u0113ta 250 ml \u016bdens.\r\nLieto\u0161ana:\r\nIz\u0161\u0137\u012bdiniet paci\u0146as saturu 250 ml \u016bdens, r\u016bp\u012bgi samaisiet un baudiet.\r\nSvar\u012bgi!\r\nNav piem\u0113rots b\u0113rniem, gr\u016btniec\u0113m, sieviet\u0113m, kas baro ar kr\u016bti, vai cilv\u0113kiem ar paaugstin\u0101tu jut\u012bbu pret kofe\u012bnu. Lietot atbild\u012bgi!\r\nSast\u0101vda\u013cas:\r\n\u2022 sk\u0101bes: citronsk\u0101be;\r\n\u2022 n\u0101trija hidrog\u0113nkarbon\u0101ts, n\u0101trija citr\u0101ts;\r\n\u2022 BCAA (7%): L-leic\u012bns, L-izoleic\u012bns, L-val\u012bns;\r\n\u2022 guar\u0101nas s\u0113klu ekstrakts;\r\n\u2022 saldin\u0101t\u0101ji: acesulf\u0101ms K, sukraloze, st\u0113vijas glikoz\u012bdi;\r\n\u2022 kofe\u012bns (0,9%);\r\n\u2022 L-argin\u012bns (0,36%);\r\n\u2022 niac\u012bns, D-pantoten\u0101ts (kalcijs), piridoks\u012bna hidrohlor\u012bds, ci\u0101nkobalam\u012bns;\r\n\u2022 aromatiz\u0113t\u0101ji;\r\n\u2022 pretsalipes viela: kalcija fosf\u0101ts;\r\n\u2022 kr\u0101svielas: karot\u012bni, beta-apo-8'-karotin\u0101ls (C 30);\r\n\u2022 inul\u012bna \u0161\u0137iedrvielas.\r\nUzturv\u0113rt\u012bba uz 100 ml:\r\n\u2022 ener\u0123\u0113tisk\u0101 v\u0113rt\u012bba: 24 kJ \/ 6 kcal;\r\n\u2022 tauki: 0 g, tostarp pies\u0101tin\u0101t\u0101s tauksk\u0101bes: 0 g;\r\n\u2022 og\u013chidr\u0101ti: 0 g, tostarp cukuri: 0 g;\r\n\u2022 olbaltumvielas:","short_description":"Izbaudiet atsvaidzino\u0161o mango gar\u0161u ar ener\u0123ijas dz\u0113rienu, kas bag\u0101tin\u0101ts ar kofe\u012bnu, BCAA aminosk\u0101b\u0113m un B grupas vitam\u012bniem. Izcelsmes valsts: Bulg\u0101rija","status":"publish","sku":"3800048205200","original":65914},"wpml":{"translation_type":1,"has_translations":true,"original":65914,"duplicates":[],"translations":{"lv":65914,"en":66845,"ru":null}},"supplier_id":null,"supplier_sku":"","barcode":null,"atum_controlled":true,"out_stock_date":null,"out_stock_threshold":null,"inheritable":false,"inbound_stock":0,"stock_on_hold":0,"sold_today":0,"sales_last_days":0,"reserved_stock":0,"customer_returns":0,"warehouse_damage":0,"lost_in_post":0,"other_logs":0,"out_stock_days":0,"lost_sales":0,"has_location":false,"update_date":"2026-03-19T14:52:19","atum_locations":[],"atum_stock_status":"instock","restock_status":false,"low_stock_amount":"","sales_update_date":"2025-11-13T14:09:09","calc_backorders":null,"yoast_head":"<!-- This site is optimized with the Yoast SEO plugin v27.3 - https:\/\/yoast.com\/product\/yoast-seo-wordpress\/ -->\n<title>Bolero - Ener\u0123ijas dz\u0113riens: Mango gar\u0161a, 7g<\/title>\n<meta name=\"description\" content=\"Izbaudiet atsvaidzino\u0161o mango gar\u0161u ar ener\u0123ijas dz\u0113rienu, kas bag\u0101tin\u0101ts ar kofe\u012bnu, BCAA aminosk\u0101b\u0113m un B grupas vitam\u012bniem.\" \/>\n<meta name=\"robots\" content=\"index, follow, max-snippet:-1, max-image-preview:large, max-video-preview:-1\" \/>\n<link rel=\"canonical\" href=\"https:\/\/gohike.lv\/ru\/produkts\/bolero-energijas-dzeriens-mango\/\" \/>\n<meta property=\"og:locale\" content=\"ru_RU\" \/>\n<meta property=\"og:type\" content=\"article\" \/>\n<meta property=\"og:title\" content=\"T\u016bristu p\u0101rtika Uzkodas un dz\u0113rieni Bolero Ener\u0123ijas dz\u0113riens, 10g\" \/>\n<meta property=\"og:description\" content=\"Izbaudiet atsvaidzino\u0161o mango gar\u0161u ar ener\u0123ijas dz\u0113rienu, kas bag\u0101tin\u0101ts ar kofe\u012bnu, BCAA aminosk\u0101b\u0113m un B grupas vitam\u012bniem.\" \/>\n<meta property=\"og:url\" content=\"https:\/\/gohike.lv\/ru\/produkts\/bolero-energijas-dzeriens-mango\/\" \/>\n<meta property=\"og:site_name\" content=\"GoHike\" \/>\n<meta property=\"article:publisher\" content=\"https:\/\/www.facebook.com\/gohike.shop\/\" \/>\n<meta property=\"article:modified_time\" content=\"2026-03-19T14:52:16+00:00\" \/>\n<meta property=\"og:image\" content=\"https:\/\/gohike.lv\/wp-content\/uploads\/2025\/01\/Energy-Mango.webp\" \/>\n\t<meta property=\"og:image:width\" content=\"700\" \/>\n\t<meta property=\"og:image:height\" content=\"700\" \/>\n\t<meta property=\"og:image:type\" content=\"image\/webp\" \/>\n<meta name=\"twitter:card\" content=\"summary_large_image\" \/>\n<meta name=\"twitter:title\" content=\"T\u016bristu p\u0101rtika Uzkodas un dz\u0113rieni Bolero Ener\u0123ijas dz\u0113riens, 10g\" \/>\n<meta name=\"twitter:label1\" content=\"\u041f\u0440\u0438\u043c\u0435\u0440\u043d\u043e\u0435 \u0432\u0440\u0435\u043c\u044f \u0434\u043b\u044f \u0447\u0442\u0435\u043d\u0438\u044f\" \/>\n\t<meta name=\"twitter:data1\" content=\"2 \u043c\u0438\u043d\u0443\u0442\u0430\" \/>\n<script type=\"application\/ld+json\" class=\"yoast-schema-graph\">{\"@context\":\"https:\\\/\\\/schema.org\",\"@graph\":[{\"@type\":[\"WebPage\",\"ItemPage\"],\"@id\":\"https:\\\/\\\/gohike.lv\\\/ru\\\/produkts\\\/bolero-energijas-dzeriens-mango\\\/\",\"url\":\"https:\\\/\\\/gohike.lv\\\/ru\\\/produkts\\\/bolero-energijas-dzeriens-mango\\\/\",\"name\":\"Bolero - Ener\u0123ijas dz\u0113riens: Mango gar\u0161a, 7g\",\"isPartOf\":{\"@id\":\"https:\\\/\\\/gohike.lv\\\/ru\\\/#website\"},\"primaryImageOfPage\":{\"@id\":\"https:\\\/\\\/gohike.lv\\\/ru\\\/produkts\\\/bolero-energijas-dzeriens-mango\\\/#primaryimage\"},\"image\":{\"@id\":\"https:\\\/\\\/gohike.lv\\\/ru\\\/produkts\\\/bolero-energijas-dzeriens-mango\\\/#primaryimage\"},\"thumbnailUrl\":\"https:\\\/\\\/gohike.lv\\\/wp-content\\\/uploads\\\/2025\\\/01\\\/Energy-Mango.webp\",\"datePublished\":\"2025-01-23T11:22:19+00:00\",\"dateModified\":\"2026-03-19T14:52:16+00:00\",\"description\":\"Izbaudiet atsvaidzino\u0161o mango gar\u0161u ar ener\u0123ijas dz\u0113rienu, kas bag\u0101tin\u0101ts ar kofe\u012bnu, BCAA aminosk\u0101b\u0113m un B grupas vitam\u012bniem.\",\"breadcrumb\":{\"@id\":\"https:\\\/\\\/gohike.lv\\\/ru\\\/produkts\\\/bolero-energijas-dzeriens-mango\\\/#breadcrumb\"},\"inLanguage\":\"ru-RU\",\"potentialAction\":[{\"@type\":\"ReadAction\",\"target\":[\"https:\\\/\\\/gohike.lv\\\/ru\\\/produkts\\\/bolero-energijas-dzeriens-mango\\\/\"]}]},{\"@type\":\"ImageObject\",\"inLanguage\":\"ru-RU\",\"@id\":\"https:\\\/\\\/gohike.lv\\\/ru\\\/produkts\\\/bolero-energijas-dzeriens-mango\\\/#primaryimage\",\"url\":\"https:\\\/\\\/gohike.lv\\\/wp-content\\\/uploads\\\/2025\\\/01\\\/Energy-Mango.webp\",\"contentUrl\":\"https:\\\/\\\/gohike.lv\\\/wp-content\\\/uploads\\\/2025\\\/01\\\/Energy-Mango.webp\",\"width\":700,\"height\":700},{\"@type\":\"BreadcrumbList\",\"@id\":\"https:\\\/\\\/gohike.lv\\\/ru\\\/produkts\\\/bolero-energijas-dzeriens-mango\\\/#breadcrumb\",\"itemListElement\":[{\"@type\":\"ListItem\",\"position\":1,\"name\":\"\u0413\u043b\u0430\u0432\u043d\u0430\u044f\",\"item\":\"https:\\\/\\\/gohike.lv\\\/ru\\\/\"},{\"@type\":\"ListItem\",\"position\":2,\"name\":\"\u041a\u0430\u0442\u0435\u0433\u043e\u0440\u0438\u0438 \u0442\u043e\u0432\u0430\u0440\u043e\u0432\",\"item\":\"https:\\\/\\\/gohike.lv\\\/%d0%ba%d0%b0%d1%82%d0%b5%d0%b3%d0%be%d1%80%d0%b8%d0%b8-%d1%82%d0%be%d0%b2%d0%b0%d1%80%d0%be%d0%b2\\\/\"},{\"@type\":\"ListItem\",\"position\":3,\"name\":\"Bolero &#8211; Ener\u0123ijas dz\u0113riens: Mango gar\u0161a, 7g\"}]},{\"@type\":\"WebSite\",\"@id\":\"https:\\\/\\\/gohike.lv\\\/ru\\\/#website\",\"url\":\"https:\\\/\\\/gohike.lv\\\/ru\\\/\",\"name\":\"GoHike\",\"description\":\"\",\"publisher\":{\"@id\":\"https:\\\/\\\/gohike.lv\\\/ru\\\/#organization\"},\"potentialAction\":[{\"@type\":\"SearchAction\",\"target\":{\"@type\":\"EntryPoint\",\"urlTemplate\":\"https:\\\/\\\/gohike.lv\\\/ru\\\/?s={search_term_string}\"},\"query-input\":{\"@type\":\"PropertyValueSpecification\",\"valueRequired\":true,\"valueName\":\"search_term_string\"}}],\"inLanguage\":\"ru-RU\"},{\"@type\":\"Organization\",\"@id\":\"https:\\\/\\\/gohike.lv\\\/ru\\\/#organization\",\"name\":\"GoHike\",\"url\":\"https:\\\/\\\/gohike.lv\\\/ru\\\/\",\"logo\":{\"@type\":\"ImageObject\",\"inLanguage\":\"ru-RU\",\"@id\":\"https:\\\/\\\/gohike.lv\\\/ru\\\/#\\\/schema\\\/logo\\\/image\\\/\",\"url\":\"https:\\\/\\\/gohike.lv\\\/wp-content\\\/uploads\\\/2023\\\/08\\\/Logo_GoHike.webp\",\"contentUrl\":\"https:\\\/\\\/gohike.lv\\\/wp-content\\\/uploads\\\/2023\\\/08\\\/Logo_GoHike.webp\",\"width\":512,\"height\":512,\"caption\":\"GoHike\"},\"image\":{\"@id\":\"https:\\\/\\\/gohike.lv\\\/ru\\\/#\\\/schema\\\/logo\\\/image\\\/\"},\"sameAs\":[\"https:\\\/\\\/www.facebook.com\\\/gohike.shop\\\/\",\"https:\\\/\\\/www.instagram.com\\\/gohike.shop\\\/\"]}]}<\/script>\n<!-- \/ Yoast SEO plugin. -->","yoast_head_json":{"title":"Bolero - Ener\u0123ijas dz\u0113riens: Mango gar\u0161a, 7g","description":"Izbaudiet atsvaidzino\u0161o mango gar\u0161u ar ener\u0123ijas dz\u0113rienu, kas bag\u0101tin\u0101ts ar kofe\u012bnu, BCAA aminosk\u0101b\u0113m un B grupas vitam\u012bniem.","robots":{"index":"index","follow":"follow","max-snippet":"max-snippet:-1","max-image-preview":"max-image-preview:large","max-video-preview":"max-video-preview:-1"},"canonical":"https:\/\/gohike.lv\/ru\/produkts\/bolero-energijas-dzeriens-mango\/","og_locale":"ru_RU","og_type":"article","og_title":"T\u016bristu p\u0101rtika Uzkodas un dz\u0113rieni Bolero Ener\u0123ijas dz\u0113riens, 10g","og_description":"Izbaudiet atsvaidzino\u0161o mango gar\u0161u ar ener\u0123ijas dz\u0113rienu, kas bag\u0101tin\u0101ts ar kofe\u012bnu, BCAA aminosk\u0101b\u0113m un B grupas vitam\u012bniem.","og_url":"https:\/\/gohike.lv\/ru\/produkts\/bolero-energijas-dzeriens-mango\/","og_site_name":"GoHike","article_publisher":"https:\/\/www.facebook.com\/gohike.shop\/","article_modified_time":"2026-03-19T14:52:16+00:00","og_image":[{"width":700,"height":700,"url":"https:\/\/gohike.lv\/wp-content\/uploads\/2025\/01\/Energy-Mango.webp","type":"image\/webp"}],"twitter_card":"summary_large_image","twitter_title":"T\u016bristu p\u0101rtika Uzkodas un dz\u0113rieni Bolero Ener\u0123ijas dz\u0113riens, 10g","twitter_misc":{"\u041f\u0440\u0438\u043c\u0435\u0440\u043d\u043e\u0435 \u0432\u0440\u0435\u043c\u044f \u0434\u043b\u044f \u0447\u0442\u0435\u043d\u0438\u044f":"2 \u043c\u0438\u043d\u0443\u0442\u0430"},"schema":{"@context":"https:\/\/schema.org","@graph":[{"@type":["WebPage","ItemPage"],"@id":"https:\/\/gohike.lv\/ru\/produkts\/bolero-energijas-dzeriens-mango\/","url":"https:\/\/gohike.lv\/ru\/produkts\/bolero-energijas-dzeriens-mango\/","name":"Bolero - Ener\u0123ijas dz\u0113riens: Mango gar\u0161a, 7g","isPartOf":{"@id":"https:\/\/gohike.lv\/ru\/#website"},"primaryImageOfPage":{"@id":"https:\/\/gohike.lv\/ru\/produkts\/bolero-energijas-dzeriens-mango\/#primaryimage"},"image":{"@id":"https:\/\/gohike.lv\/ru\/produkts\/bolero-energijas-dzeriens-mango\/#primaryimage"},"thumbnailUrl":"https:\/\/gohike.lv\/wp-content\/uploads\/2025\/01\/Energy-Mango.webp","datePublished":"2025-01-23T11:22:19+00:00","dateModified":"2026-03-19T14:52:16+00:00","description":"Izbaudiet atsvaidzino\u0161o mango gar\u0161u ar ener\u0123ijas dz\u0113rienu, kas bag\u0101tin\u0101ts ar kofe\u012bnu, BCAA aminosk\u0101b\u0113m un B grupas vitam\u012bniem.","breadcrumb":{"@id":"https:\/\/gohike.lv\/ru\/produkts\/bolero-energijas-dzeriens-mango\/#breadcrumb"},"inLanguage":"ru-RU","potentialAction":[{"@type":"ReadAction","target":["https:\/\/gohike.lv\/ru\/produkts\/bolero-energijas-dzeriens-mango\/"]}]},{"@type":"ImageObject","inLanguage":"ru-RU","@id":"https:\/\/gohike.lv\/ru\/produkts\/bolero-energijas-dzeriens-mango\/#primaryimage","url":"https:\/\/gohike.lv\/wp-content\/uploads\/2025\/01\/Energy-Mango.webp","contentUrl":"https:\/\/gohike.lv\/wp-content\/uploads\/2025\/01\/Energy-Mango.webp","width":700,"height":700},{"@type":"BreadcrumbList","@id":"https:\/\/gohike.lv\/ru\/produkts\/bolero-energijas-dzeriens-mango\/#breadcrumb","itemListElement":[{"@type":"ListItem","position":1,"name":"\u0413\u043b\u0430\u0432\u043d\u0430\u044f","item":"https:\/\/gohike.lv\/ru\/"},{"@type":"ListItem","position":2,"name":"\u041a\u0430\u0442\u0435\u0433\u043e\u0440\u0438\u0438 \u0442\u043e\u0432\u0430\u0440\u043e\u0432","item":"https:\/\/gohike.lv\/%d0%ba%d0%b0%d1%82%d0%b5%d0%b3%d0%be%d1%80%d0%b8%d0%b8-%d1%82%d0%be%d0%b2%d0%b0%d1%80%d0%be%d0%b2\/"},{"@type":"ListItem","position":3,"name":"Bolero &#8211; Ener\u0123ijas dz\u0113riens: Mango gar\u0161a, 7g"}]},{"@type":"WebSite","@id":"https:\/\/gohike.lv\/ru\/#website","url":"https:\/\/gohike.lv\/ru\/","name":"GoHike","description":"","publisher":{"@id":"https:\/\/gohike.lv\/ru\/#organization"},"potentialAction":[{"@type":"SearchAction","target":{"@type":"EntryPoint","urlTemplate":"https:\/\/gohike.lv\/ru\/?s={search_term_string}"},"query-input":{"@type":"PropertyValueSpecification","valueRequired":true,"valueName":"search_term_string"}}],"inLanguage":"ru-RU"},{"@type":"Organization","@id":"https:\/\/gohike.lv\/ru\/#organization","name":"GoHike","url":"https:\/\/gohike.lv\/ru\/","logo":{"@type":"ImageObject","inLanguage":"ru-RU","@id":"https:\/\/gohike.lv\/ru\/#\/schema\/logo\/image\/","url":"https:\/\/gohike.lv\/wp-content\/uploads\/2023\/08\/Logo_GoHike.webp","contentUrl":"https:\/\/gohike.lv\/wp-content\/uploads\/2023\/08\/Logo_GoHike.webp","width":512,"height":512,"caption":"GoHike"},"image":{"@id":"https:\/\/gohike.lv\/ru\/#\/schema\/logo\/image\/"},"sameAs":["https:\/\/www.facebook.com\/gohike.shop\/","https:\/\/www.instagram.com\/gohike.shop\/"]}]}},"jetpack_sharing_enabled":true,"_links":{"self":[{"href":"https:\/\/gohike.lv\/ru\/wp-json\/wp\/v2\/product\/65914","targetHints":{"allow":["GET"]}}],"collection":[{"href":"https:\/\/gohike.lv\/ru\/wp-json\/wp\/v2\/product"}],"about":[{"href":"https:\/\/gohike.lv\/ru\/wp-json\/wp\/v2\/types\/product"}],"version-history":[{"count":2,"href":"https:\/\/gohike.lv\/ru\/wp-json\/wp\/v2\/product\/65914\/revisions"}],"predecessor-version":[{"id":119558,"href":"https:\/\/gohike.lv\/ru\/wp-json\/wp\/v2\/product\/65914\/revisions\/119558"}],"wp:featuredmedia":[{"embeddable":true,"href":"https:\/\/gohike.lv\/ru\/wp-json\/wp\/v2\/media\/65915"}],"wp:attachment":[{"href":"https:\/\/gohike.lv\/ru\/wp-json\/wp\/v2\/media?parent=65914"}],"wp:term":[{"taxonomy":"product_brand","embeddable":true,"href":"https:\/\/gohike.lv\/ru\/wp-json\/wp\/v2\/product_brand?post=65914"},{"taxonomy":"product_cat","embeddable":true,"href":"https:\/\/gohike.lv\/ru\/wp-json\/wp\/v2\/product_cat?post=65914"},{"taxonomy":"product_tag","embeddable":true,"href":"https:\/\/gohike.lv\/ru\/wp-json\/wp\/v2\/product_tag?post=65914"}],"curies":[{"name":"wp","href":"https:\/\/api.w.org\/{rel}","templated":true}]}}